{"id":7407,"date":"2024-02-26T17:27:08","date_gmt":"2024-02-26T17:27:08","guid":{"rendered":"https:\/\/osaka.ma\/?post_type=product&#038;p=7407"},"modified":"2025-03-28T15:12:33","modified_gmt":"2025-03-28T15:12:33","slug":"amd-ryzen-9-7950x3d-4-2-ghz-5-7-ghz-tray","status":"publish","type":"product","link":"https:\/\/osaka.ma\/de\/product\/amd-ryzen-9-7950x3d-4-2-ghz-5-7-ghz-tray\/","title":{"rendered":"AMD Ryzen 9 7950X3D (4.2 GHz \/ 5.7 GHz) Tray"},"content":{"rendered":"<div class=\"logo\"><img decoding=\"async\" src=\"https:\/\/media.ldlc.com\/v3\/marque\/bo\/00\/01\/69\/31\/V30001693127_2.gif\" alt=\"AMD\" \/><\/div>\n<div id=\"description\" class=\"description\">\n<div class=\"details-pdt-desc\">\n<h2 class=\"h2-master\">Le Jeu et bien plus encore<\/h2>\n<section>L&#8217;<strong>AMD Ryzen 9 7950X3D\u00a0<\/strong>est le processeur gaming par excellence. Ce\u00a0<strong>CPU Zen 4\u00a0<\/strong>ne propose rien de moins que\u00a0<strong>16 C\u0153urs physiques et 32 c\u0153urs logiques<\/strong>, des<strong>\u00a0fr\u00e9quences de 4.2 GHz \u00e0 5.7 GHz\u00a0<\/strong>et\u00a0<strong>144 Mo de V-Cache<\/strong>\u00a0pour vous permettre d&#8217;atteindre des sommets de performances dans les jeux ! Ce processeur pour gamers bas\u00e9 sur l&#8217;architecture r\u00e9volutionnaire\u00a0<strong>AMD Zen 4\u00a0<\/strong>est capable de tout faire : jeux de derni\u00e8re g\u00e9n\u00e9ration, streaming simultan\u00e9 et multit\u00e2che intensif.<\/section>\n<section>\n<div class=\"desc-image\"><img decoding=\"async\" src=\"https:\/\/media.ldlc.com\/bo\/images\/fiches\/processeur\/amd\/amd_ryzen_5000_002.jpg\" alt=\"\" \/><\/div>\n<div class=\"desc-text\">\n<h2>AMD 3D V-CACHE 144 MO<\/h2>\n<p>Jouez aux jeux les plus exigeants gr\u00e2ce au\u00a0boost de performance ph\u00e9nom\u00e9nal apport\u00e9 par les processeurs AMD Ryzen S\u00e9rie 7000X3D dot\u00e9s de la technologie AMD 3D V-Cache. Avec ce processeur pour passionn\u00e9, vous pouvez profiter de performances extr\u00eames pour le gaming, la cr\u00e9ation, le streaming ou toute autre charge de travail de votre choix. En outre, profitez des avantages de la technologie AMD 3D V-Cache de nouvelle g\u00e9n\u00e9ration pour une faible latence et encore plus de performances de jeu.<\/p>\n<\/div>\n<\/section>\n<section>\n<div class=\"desc-text\">\n<h2>16 C\u0152URS NATIFS\u00a0ET 32 COEURS LOGIQUES<\/h2>\n<p>Le\u00a0<strong>processeur pour PC de bureau AMD Ryzen 9 7950X3D \u00a0<\/strong>propose\u00a0<strong>16 coeurs natifs<\/strong>\u00a0et\u00a0<strong>32 coeurs logiques<\/strong>\u00a0pour un traitement multit\u00e2che agr\u00e9ablement fluide. Gr\u00e2ce \u00e0 sa\u00a0<strong>fr\u00e9quence native \u00e9lev\u00e9e<\/strong>\u00a0et \u00e0 son mode\u00a0<strong><em>Turbo Core<\/em><\/strong>\u00a0ajustant la puissance en fonction des besoins, le\u00a0<strong>CPU AMD Ryzen Zen 4 de nouvelle g\u00e9n\u00e9ration<\/strong>\u00a0d\u00e9livre des performances exceptionnelles dans tous les domaines : Jeux vid\u00e9o, multit\u00e2che intensif, \u00e9dition vid\u00e9o, mod\u00e9lisation 3D et bien plus encore.<\/p>\n<\/div>\n<div class=\"desc-image\"><img decoding=\"async\" src=\"https:\/\/media.ldlc.com\/bo\/images\/fiches\/Processeur\/AMD\/amd_ryzen7000_x3d_001.jpg\" alt=\"\" \/><\/div>\n<\/section>\n<section>\n<div class=\"desc-image\"><img decoding=\"async\" src=\"https:\/\/media.ldlc.com\/bo\/images\/fiches\/processeur\/amd\/vermeer\/amd_ryzen_master.jpg\" alt=\"\" \/><\/div>\n<div class=\"desc-text\">\n<h2>PRENEZ LE CONTR\u00d4LE<\/h2>\n<p>Ryzen Master est l&#8217;outil qu&#8217;il vous faut pour g\u00e9rer efficacement les performances de votre processeur. C&#8217;est l&#8217;utilitaire d&#8217;overclocking simple et puissant destin\u00e9 aux processeurs AMD Ryzen.\u00a0Chaque processeur AMD Ryzen\u00a0est d\u00e9brid\u00e9 au niveau du multiplicateur en usine afin que vous puissiez personnaliser les performances \u00e0 votre go\u00fbt. AMD fournit l\u2019utilitaire AMD Ryzen\u00a0Master pour acc\u00e9der \u00e0 ce puissant avantage.\u00a0La nouvelle vue de base vous offre la possibilit\u00e9 d\u2019overclocker automatiquement votre CPU, de contr\u00f4ler manuellement la quantit\u00e9 d\u2019overclocking que vous souhaitez appliquer, tout en vous offrant une visibilit\u00e9 sur les param\u00e8tres syst\u00e8me importants comme la temp\u00e9rature, la vitesse et les tensions du CPU.<\/p>\n<\/div>\n<\/section>\n<\/div>\n<\/div>\n","protected":false},"excerpt":{"rendered":"<h2>16 C\u0152URS NATIFS\u00a0ET 32 COEURS LOGIQUES<\/h2>\n<p>Le\u00a0<strong>processeur pour PC de bureau AMD Ryzen 9 7950X3D \u00a0<\/strong>propose\u00a0<strong>16 coeurs natifs<\/strong>\u00a0et\u00a0<strong>32 coeurs logiques<\/strong>\u00a0pour un traitement multit\u00e2che agr\u00e9ablement fluide. Gr\u00e2ce \u00e0 sa\u00a0<strong>fr\u00e9quence native \u00e9lev\u00e9e<\/strong>\u00a0et \u00e0 son mode\u00a0<strong><em>Turbo Core<\/em><\/strong>\u00a0ajustant la puissance en fonction des besoins, le\u00a0<strong>CPU AMD Ryzen Zen 4 de nouvelle g\u00e9n\u00e9ration<\/strong>\u00a0d\u00e9livre des performances exceptionnelles dans tous les domaines : Jeux vid\u00e9o, multit\u00e2che intensif, \u00e9dition vid\u00e9o, mod\u00e9lisation 3D et bien plus encore.<\/p>\n","protected":false},"featured_media":1007408,"template":"","meta":{"_acf_changed":false},"pwb-brand":[],"product_brand":[70],"product_cat":[69,17,66],"product_tag":[],"pcb_component_type":[],"class_list":{"0":"post-7407","1":"product","2":"type-product","3":"status-publish","4":"has-post-thumbnail","6":"product_brand-amd","7":"product_cat-amd","8":"product_cat-composants-gaming","9":"product_cat-processeurs","10":"pa_socket-am5","12":"first","13":"outofstock","14":"shipping-taxable","15":"product-type-simple"},"translation":{"provider":"WPGlobus","version":"3.0.2","language":"de","enabled_languages":["en","es","de","fr","ru"],"languages":{"en":{"title":true,"content":true,"excerpt":true},"es":{"title":false,"content":false,"excerpt":false},"de":{"title":false,"content":false,"excerpt":false},"fr":{"title":false,"content":false,"excerpt":false},"ru":{"title":false,"content":false,"excerpt":false}}},"acf":[],"yoast_head":"<!-- This site is optimized with the Yoast SEO plugin v27.2 - https:\/\/yoast.com\/product\/yoast-seo-wordpress\/ -->\n<title>AMD Ryzen 9 7950X3D (4.2 GHz \/ 5.7 GHz) Tray - Osaka<\/title>\n<meta name=\"robots\" content=\"index, follow, max-snippet:-1, max-image-preview:large, max-video-preview:-1\" \/>\n<link rel=\"canonical\" href=\"https:\/\/osaka.ma\/product\/amd-ryzen-9-7950x3d-4-2-ghz-5-7-ghz-tray\/\" \/>\n<meta property=\"og:locale\" content=\"de_DE\" \/>\n<meta property=\"og:type\" content=\"article\" \/>\n<meta property=\"og:title\" content=\"AMD Ryzen 9 7950X3D (4.2 GHz \/ 5.7 GHz) Tray - Osaka\" \/>\n<meta property=\"og:url\" content=\"https:\/\/osaka.ma\/product\/amd-ryzen-9-7950x3d-4-2-ghz-5-7-ghz-tray\/\" \/>\n<meta property=\"og:site_name\" content=\"Osaka\" \/>\n<meta property=\"article:modified_time\" content=\"2025-03-28T15:12:33+00:00\" \/>\n<meta property=\"og:image\" content=\"https:\/\/osaka.ma\/wp-content\/uploads\/2024\/02\/AMD-Ryzen-9-7950X3D-4.2-GHz-5.7-GHz.jpg\" \/>\n\t<meta property=\"og:image:width\" content=\"1600\" \/>\n\t<meta property=\"og:image:height\" content=\"1600\" \/>\n\t<meta property=\"og:image:type\" content=\"image\/jpeg\" \/>\n<meta name=\"twitter:card\" content=\"summary_large_image\" \/>\n<meta name=\"twitter:label1\" content=\"Est. reading time\" \/>\n\t<meta name=\"twitter:data1\" content=\"3 minutes\" \/>\n<script type=\"application\/ld+json\" class=\"yoast-schema-graph\">{\"@context\":\"https:\/\/schema.org\",\"@graph\":[{\"@type\":\"WebPage\",\"@id\":\"https:\/\/osaka.ma\/product\/amd-ryzen-9-7950x3d-4-2-ghz-5-7-ghz-tray\/\",\"url\":\"https:\/\/osaka.ma\/product\/amd-ryzen-9-7950x3d-4-2-ghz-5-7-ghz-tray\/\",\"name\":\"AMD Ryzen 9 7950X3D (4.2 GHz \/ 5.7 GHz) Tray - Osaka\",\"isPartOf\":{\"@id\":\"https:\/\/osaka.ma\/#website\"},\"primaryImageOfPage\":{\"@id\":\"https:\/\/osaka.ma\/product\/amd-ryzen-9-7950x3d-4-2-ghz-5-7-ghz-tray\/#primaryimage\"},\"image\":{\"@id\":\"https:\/\/osaka.ma\/product\/amd-ryzen-9-7950x3d-4-2-ghz-5-7-ghz-tray\/#primaryimage\"},\"thumbnailUrl\":\"https:\/\/osaka.ma\/wp-content\/uploads\/2024\/02\/AMD-Ryzen-9-7950X3D-4.2-GHz-5.7-GHz.jpg\",\"datePublished\":\"2024-02-26T17:27:08+00:00\",\"dateModified\":\"2025-03-28T15:12:33+00:00\",\"breadcrumb\":{\"@id\":\"https:\/\/osaka.ma\/product\/amd-ryzen-9-7950x3d-4-2-ghz-5-7-ghz-tray\/#breadcrumb\"},\"inLanguage\":\"de-DE\",\"potentialAction\":[{\"@type\":\"ReadAction\",\"target\":[\"https:\/\/osaka.ma\/product\/amd-ryzen-9-7950x3d-4-2-ghz-5-7-ghz-tray\/\"]}]},{\"@type\":\"ImageObject\",\"inLanguage\":\"de-DE\",\"@id\":\"https:\/\/osaka.ma\/product\/amd-ryzen-9-7950x3d-4-2-ghz-5-7-ghz-tray\/#primaryimage\",\"url\":\"https:\/\/osaka.ma\/wp-content\/uploads\/2024\/02\/AMD-Ryzen-9-7950X3D-4.2-GHz-5.7-GHz.jpg\",\"contentUrl\":\"https:\/\/osaka.ma\/wp-content\/uploads\/2024\/02\/AMD-Ryzen-9-7950X3D-4.2-GHz-5.7-GHz.jpg\",\"width\":1600,\"height\":1600},{\"@type\":\"BreadcrumbList\",\"@id\":\"https:\/\/osaka.ma\/product\/amd-ryzen-9-7950x3d-4-2-ghz-5-7-ghz-tray\/#breadcrumb\",\"itemListElement\":[{\"@type\":\"ListItem\",\"position\":1,\"name\":\"Home\",\"item\":\"https:\/\/osaka.ma\/\"},{\"@type\":\"ListItem\",\"position\":2,\"name\":\"Shop\",\"item\":\"https:\/\/osaka.ma\/shop-2\/\"},{\"@type\":\"ListItem\",\"position\":3,\"name\":\"AMD Ryzen 9 7950X3D (4.2 GHz \/ 5.7 GHz) Tray\"}]},{\"@type\":\"WebSite\",\"@id\":\"https:\/\/osaka.ma\/#website\",\"url\":\"https:\/\/osaka.ma\/\",\"name\":\"Osaka\",\"description\":\"\",\"publisher\":{\"@id\":\"https:\/\/osaka.ma\/#organization\"},\"potentialAction\":[{\"@type\":\"SearchAction\",\"target\":{\"@type\":\"EntryPoint\",\"urlTemplate\":\"https:\/\/osaka.ma\/?s={search_term_string}\"},\"query-input\":{\"@type\":\"PropertyValueSpecification\",\"valueRequired\":true,\"valueName\":\"search_term_string\"}}],\"inLanguage\":\"de-DE\"},{\"@type\":\"Organization\",\"@id\":\"https:\/\/osaka.ma\/#organization\",\"name\":\"Osaka\",\"url\":\"https:\/\/osaka.ma\/\",\"logo\":{\"@type\":\"ImageObject\",\"inLanguage\":\"de-DE\",\"@id\":\"https:\/\/osaka.ma\/#\/schema\/logo\/image\/\",\"url\":\"https:\/\/osaka.ma\/wp-content\/uploads\/2026\/01\/model-slogan-logo-2Plan-de-travail-1dksl-plus-finnn.png\",\"contentUrl\":\"https:\/\/osaka.ma\/wp-content\/uploads\/2026\/01\/model-slogan-logo-2Plan-de-travail-1dksl-plus-finnn.png\",\"width\":842,\"height\":226,\"caption\":\"Osaka\"},\"image\":{\"@id\":\"https:\/\/osaka.ma\/#\/schema\/logo\/image\/\"}}]}<\/script>\n<!-- \/ Yoast SEO plugin. -->","yoast_head_json":{"title":"AMD Ryzen 9 7950X3D (4.2 GHz \/ 5.7 GHz) Tray - Osaka","robots":{"index":"index","follow":"follow","max-snippet":"max-snippet:-1","max-image-preview":"max-image-preview:large","max-video-preview":"max-video-preview:-1"},"canonical":"https:\/\/osaka.ma\/product\/amd-ryzen-9-7950x3d-4-2-ghz-5-7-ghz-tray\/","og_locale":"de_DE","og_type":"article","og_title":"AMD Ryzen 9 7950X3D (4.2 GHz \/ 5.7 GHz) Tray - Osaka","og_url":"https:\/\/osaka.ma\/product\/amd-ryzen-9-7950x3d-4-2-ghz-5-7-ghz-tray\/","og_site_name":"Osaka","article_modified_time":"2025-03-28T15:12:33+00:00","og_image":[{"width":1600,"height":1600,"url":"https:\/\/osaka.ma\/wp-content\/uploads\/2024\/02\/AMD-Ryzen-9-7950X3D-4.2-GHz-5.7-GHz.jpg","type":"image\/jpeg"}],"twitter_card":"summary_large_image","twitter_misc":{"Est. reading time":"3 minutes"},"schema":{"@context":"https:\/\/schema.org","@graph":[{"@type":"WebPage","@id":"https:\/\/osaka.ma\/product\/amd-ryzen-9-7950x3d-4-2-ghz-5-7-ghz-tray\/","url":"https:\/\/osaka.ma\/product\/amd-ryzen-9-7950x3d-4-2-ghz-5-7-ghz-tray\/","name":"AMD Ryzen 9 7950X3D (4.2 GHz \/ 5.7 GHz) Tray - Osaka","isPartOf":{"@id":"https:\/\/osaka.ma\/#website"},"primaryImageOfPage":{"@id":"https:\/\/osaka.ma\/product\/amd-ryzen-9-7950x3d-4-2-ghz-5-7-ghz-tray\/#primaryimage"},"image":{"@id":"https:\/\/osaka.ma\/product\/amd-ryzen-9-7950x3d-4-2-ghz-5-7-ghz-tray\/#primaryimage"},"thumbnailUrl":"https:\/\/osaka.ma\/wp-content\/uploads\/2024\/02\/AMD-Ryzen-9-7950X3D-4.2-GHz-5.7-GHz.jpg","datePublished":"2024-02-26T17:27:08+00:00","dateModified":"2025-03-28T15:12:33+00:00","breadcrumb":{"@id":"https:\/\/osaka.ma\/product\/amd-ryzen-9-7950x3d-4-2-ghz-5-7-ghz-tray\/#breadcrumb"},"inLanguage":"de-DE","potentialAction":[{"@type":"ReadAction","target":["https:\/\/osaka.ma\/product\/amd-ryzen-9-7950x3d-4-2-ghz-5-7-ghz-tray\/"]}]},{"@type":"ImageObject","inLanguage":"de-DE","@id":"https:\/\/osaka.ma\/product\/amd-ryzen-9-7950x3d-4-2-ghz-5-7-ghz-tray\/#primaryimage","url":"https:\/\/osaka.ma\/wp-content\/uploads\/2024\/02\/AMD-Ryzen-9-7950X3D-4.2-GHz-5.7-GHz.jpg","contentUrl":"https:\/\/osaka.ma\/wp-content\/uploads\/2024\/02\/AMD-Ryzen-9-7950X3D-4.2-GHz-5.7-GHz.jpg","width":1600,"height":1600},{"@type":"BreadcrumbList","@id":"https:\/\/osaka.ma\/product\/amd-ryzen-9-7950x3d-4-2-ghz-5-7-ghz-tray\/#breadcrumb","itemListElement":[{"@type":"ListItem","position":1,"name":"Home","item":"https:\/\/osaka.ma\/"},{"@type":"ListItem","position":2,"name":"Shop","item":"https:\/\/osaka.ma\/shop-2\/"},{"@type":"ListItem","position":3,"name":"AMD Ryzen 9 7950X3D (4.2 GHz \/ 5.7 GHz) Tray"}]},{"@type":"WebSite","@id":"https:\/\/osaka.ma\/#website","url":"https:\/\/osaka.ma\/","name":"Osaka","description":"","publisher":{"@id":"https:\/\/osaka.ma\/#organization"},"potentialAction":[{"@type":"SearchAction","target":{"@type":"EntryPoint","urlTemplate":"https:\/\/osaka.ma\/?s={search_term_string}"},"query-input":{"@type":"PropertyValueSpecification","valueRequired":true,"valueName":"search_term_string"}}],"inLanguage":"de-DE"},{"@type":"Organization","@id":"https:\/\/osaka.ma\/#organization","name":"Osaka","url":"https:\/\/osaka.ma\/","logo":{"@type":"ImageObject","inLanguage":"de-DE","@id":"https:\/\/osaka.ma\/#\/schema\/logo\/image\/","url":"https:\/\/osaka.ma\/wp-content\/uploads\/2026\/01\/model-slogan-logo-2Plan-de-travail-1dksl-plus-finnn.png","contentUrl":"https:\/\/osaka.ma\/wp-content\/uploads\/2026\/01\/model-slogan-logo-2Plan-de-travail-1dksl-plus-finnn.png","width":842,"height":226,"caption":"Osaka"},"image":{"@id":"https:\/\/osaka.ma\/#\/schema\/logo\/image\/"}}]}},"jetpack_sharing_enabled":true,"brands":[],"_links":{"self":[{"href":"https:\/\/osaka.ma\/de\/wp-json\/wp\/v2\/product\/7407","targetHints":{"allow":["GET"]}}],"collection":[{"href":"https:\/\/osaka.ma\/de\/wp-json\/wp\/v2\/product"}],"about":[{"href":"https:\/\/osaka.ma\/de\/wp-json\/wp\/v2\/types\/product"}],"version-history":[{"count":0,"href":"https:\/\/osaka.ma\/de\/wp-json\/wp\/v2\/product\/7407\/revisions"}],"wp:featuredmedia":[{"embeddable":true,"href":"https:\/\/osaka.ma\/de\/wp-json\/wp\/v2\/media\/1007408"}],"wp:attachment":[{"href":"https:\/\/osaka.ma\/de\/wp-json\/wp\/v2\/media?parent=7407"}],"wp:term":[{"taxonomy":"pwb-brand","embeddable":true,"href":"https:\/\/osaka.ma\/de\/wp-json\/wp\/v2\/pwb-brand?post=7407"},{"taxonomy":"product_brand","embeddable":true,"href":"https:\/\/osaka.ma\/de\/wp-json\/wp\/v2\/product_brand?post=7407"},{"taxonomy":"product_cat","embeddable":true,"href":"https:\/\/osaka.ma\/de\/wp-json\/wp\/v2\/product_cat?post=7407"},{"taxonomy":"product_tag","embeddable":true,"href":"https:\/\/osaka.ma\/de\/wp-json\/wp\/v2\/product_tag?post=7407"},{"taxonomy":"pcb_component_type","embeddable":true,"href":"https:\/\/osaka.ma\/de\/wp-json\/wp\/v2\/pcb_component_type?post=7407"}],"curies":[{"name":"wp","href":"https:\/\/api.w.org\/{rel}","templated":true}]}}