{"id":7607,"date":"2024-03-12T14:29:52","date_gmt":"2024-03-12T14:29:52","guid":{"rendered":"https:\/\/osaka.ma\/?post_type=product&#038;p=7607"},"modified":"2026-01-15T13:33:30","modified_gmt":"2026-01-15T12:33:30","slug":"intel-core-i9-10900k-3-7-ghz-5-3-ghz","status":"publish","type":"product","link":"https:\/\/osaka.ma\/de\/product\/intel-core-i9-10900k-3-7-ghz-5-3-ghz\/","title":{"rendered":"Intel Core i9-10900K (3.7 GHz \/ 5.3 GHz)"},"content":{"rendered":"<div class=\"logo\"><img decoding=\"async\" src=\"https:\/\/media.ldlc.com\/v3\/marque\/bo\/00\/05\/72\/22\/V30005722262_2.jpg\" alt=\"Intel\" \/><\/div>\n<div id=\"description\" class=\"description\">\n<div class=\"details-pdt-desc\">\n<h2 class=\"h2-master\">Processeur Intel Core 10\u00e8me g\u00e9n\u00e9ration Comet Lake-S<\/h2>\n<section>La\u00a0<strong>10\u00e8me g\u00e9n\u00e9ration de processeur Intel Core Comet Lake-S\u00a0<\/strong>propose plus de c\u0153urs et l&#8217;Hyper Threading depuis le Core i3 jusqu&#8217;au Core i9. Avec des fr\u00e9quences de fonctionnement revues \u00e0 la hausse tout en conservant des TDP identiques aux g\u00e9n\u00e9rations pr\u00e9c\u00e9dentes, les performances et la fluidit\u00e9 sont plus que jamais au rendez-vous avec cette 10\u00e8me g\u00e9n\u00e9ration de processeur Intel Core. Le\u00a0<strong>processeur Intel Core i9-10900K<\/strong>\u00a0d\u00f4t\u00e9 de\u00a0<strong>10 Cores<\/strong>\u00a0(20 Threads), de\u00a0<strong>20 Mo de cache<\/strong>\u00a0et de\u00a0<strong>fr\u00e9quences Turbo pouvant atteindre 5.3 GHz<\/strong>\u00a0sans overclocking se destine aux gamers exigeants et aux utilisateurs qui ont besoin d&#8217;une grande puissance de calcul au quotidien.Performances de haute vol\u00e9e dans les Jeux, r\u00e9alit\u00e9 virtuelle sans ralentissement, multit\u00e2che intensif, les processeurs Intel Core de 10\u00e8me g\u00e9n\u00e9ration sont ultra polyvalents et \u00e0 l&#8217;aise dans toutes les situations.<\/section>\n<section>\n<div class=\"desc-image\"><img decoding=\"async\" src=\"https:\/\/media.ldlc.com\/bo\/images\/fiches\/processeur\/intel\/comet_lake_s\/800_1.jpg\" alt=\"\" \/><\/div>\n<div class=\"desc-text\">\n<h2>INTEL CORE I9-10900K : 10 CORES, 3.7 GHZ \u00c0 5.3 GHZ<\/h2>\n<p>Le\u00a0<strong>processeur Intel Core i9-10900K<\/strong>\u00a0propose des performances \u00e9blouissantes avec sa fr\u00e9quence de base \u00e0 3.7 GHz et\u00a0<strong>jusqu&#8217; \u00e0 5.3 GHz en mode Turbo<\/strong>, ses\u00a0<strong>10 Coeurs et 20 threads<\/strong>\u00a0et ses\u00a0<strong>20 Mo de cache<\/strong>. Son\u00a0<strong>TDP de 125W<\/strong>\u00a0lui permet d&#8217;offrir des fr\u00e9quences de fonctionnement \u00e9lev\u00e9es tout en gardant une consommation \u00e9lectrique maitris\u00e9e.<\/p>\n<\/div>\n<\/section>\n<section>\n<div class=\"desc-text\">\n<h2>TAILL\u00c9 POUR LES JEUX ET BIEN PLUS<\/h2>\n<p>Avec le\u00a0<strong>processeur pour PC de bureau<\/strong>\u00a0Intel Core i9-10900K propose de tr\u00e8s hautes performances pour s&#8217;affranchir rapidement et sans ralentissement des t\u00e2ches les plus lourdes et de b\u00e9n\u00e9ficier d&#8217;un multit\u00e2che intensif fluide. Il est aussi id\u00e9al pour jouer aux derniers jeux vid\u00e9o notamment les Triple-A, regarder des films en tr\u00e8s haute r\u00e9solution, cr\u00e9er et retoucher du contenu num\u00e9rique et encore bien d&#8217;autres possibilit\u00e9s. Le processeur Intel Core i9 10\u00e8me g\u00e9n\u00e9ration est dot\u00e9 des technologies\u00a0<em><strong>Intel Turbo Boost Max 3.0 et\u00a0<\/strong><\/em><em><b>Thermal Velocity Boost<\/b>\u00a0<\/em>qui permettent un surplus de puissance lorsque votre utilisation le demande.<\/p>\n<\/div>\n<div class=\"desc-image\"><img decoding=\"async\" src=\"https:\/\/media.ldlc.com\/bo\/images\/fiches\/processeur\/intel\/comet_lake_s\/800_2.jpg\" alt=\"\" \/><\/div>\n<\/section>\n<section>\n<div class=\"desc-image\"><img decoding=\"async\" src=\"https:\/\/media.ldlc.com\/bo\/images\/fiches\/processeur\/intel\/comet_lake_s\/800_3.jpg\" alt=\"\" \/><\/div>\n<div class=\"desc-text\">\n<h2>UNE MONT\u00c9E EN FR\u00c9QUENCE PERSONNALISABLE<\/h2>\n<p>Les mod\u00e8les de processeurs\u00a0<strong>Intel Comet Lake-S de s\u00e9rie &#8220;K&#8221;<\/strong>\u00a0b\u00e9n\u00e9ficient d&#8217;un surcaden\u00e7age simple et facile \u00e0 mettre en \u0153uvre gr\u00e2ce \u00e0 un coefficient multiplicateur d\u00e9bloqu\u00e9. Cette caract\u00e9ristique rend votre mat\u00e9riel adapt\u00e9 \u00e0 l&#8217;overclocking. Vous atteignez facilement les performances maximales de vos composants pour s&#8217;adapter aux applications les plus exigeantes et les jeux vid\u00e9o les plus gourma,ds.<\/p>\n<\/div>\n<\/section>\n<\/div>\n<\/div>\n","protected":false},"excerpt":{"rendered":"<p>Les processeurs Intel Core 10e g\u00e9n\u00e9ration Comet Lake-S offrent une performance accrue avec jusqu&#8217;\u00e0 10 c\u0153urs, Hyper-Threading du Core i3 au Core i9, des fr\u00e9quences \u00e9lev\u00e9es tout en maintenant un TDP constant. Le Intel Core i9-10900K, avec 10 c\u0153urs, 20 threads et des fr\u00e9quences Turbo jusqu&#8217;\u00e0 5.3 GHz, r\u00e9pond aux besoins des joueurs exigeants et des utilisateurs n\u00e9cessitant une puissance de calcul \u00e9lev\u00e9e. Ces processeurs excellent dans les jeux, la r\u00e9alit\u00e9 virtuelle et le multit\u00e2che. Le i9-10900K, avec des technologies comme Turbo Boost Max 3.0 et Thermal Velocity Boost, assure une polyvalence impressionnante pour le jeu et la cr\u00e9ation de contenu. Les processeurs de la s\u00e9rie &#8220;K&#8221; supportent l&#8217;overclocking facile, offrant des performances maximales pour les applications exigeantes.<\/p>\n","protected":false},"featured_media":1007608,"template":"","meta":{"_acf_changed":false},"pwb-brand":[],"product_brand":[],"product_cat":[17,67,66],"product_tag":[],"pcb_component_type":[],"class_list":{"0":"post-7607","1":"product","2":"type-product","3":"status-publish","4":"has-post-thumbnail","6":"product_cat-composants-gaming","7":"product_cat-intel-processeurs","8":"product_cat-processeurs","10":"first","11":"outofstock","12":"shipping-taxable","13":"product-type-simple"},"translation":{"provider":"WPGlobus","version":"3.0.2","language":"de","enabled_languages":["en","es","de","fr","ru"],"languages":{"en":{"title":true,"content":true,"excerpt":true},"es":{"title":false,"content":false,"excerpt":false},"de":{"title":false,"content":false,"excerpt":false},"fr":{"title":false,"content":false,"excerpt":false},"ru":{"title":false,"content":false,"excerpt":false}}},"acf":[],"yoast_head":"<!-- This site is optimized with the Yoast SEO plugin v27.2 - https:\/\/yoast.com\/product\/yoast-seo-wordpress\/ -->\n<title>Intel Core i9-10900K (3.7 GHz \/ 5.3 GHz) - Osaka<\/title>\n<meta name=\"robots\" content=\"index, follow, max-snippet:-1, max-image-preview:large, max-video-preview:-1\" \/>\n<link rel=\"canonical\" href=\"https:\/\/osaka.ma\/product\/intel-core-i9-10900k-3-7-ghz-5-3-ghz\/\" \/>\n<meta property=\"og:locale\" content=\"de_DE\" \/>\n<meta property=\"og:type\" content=\"article\" \/>\n<meta property=\"og:title\" content=\"Intel Core i9-10900K (3.7 GHz \/ 5.3 GHz) - Osaka\" \/>\n<meta property=\"og:url\" content=\"https:\/\/osaka.ma\/product\/intel-core-i9-10900k-3-7-ghz-5-3-ghz\/\" \/>\n<meta property=\"og:site_name\" content=\"Osaka\" \/>\n<meta property=\"article:modified_time\" content=\"2026-01-15T12:33:30+00:00\" \/>\n<meta property=\"og:image\" content=\"https:\/\/osaka.ma\/wp-content\/uploads\/2024\/03\/I9_10900K_BOX.jpg\" \/>\n\t<meta property=\"og:image:width\" content=\"1600\" \/>\n\t<meta property=\"og:image:height\" content=\"1600\" \/>\n\t<meta property=\"og:image:type\" content=\"image\/jpeg\" \/>\n<meta name=\"twitter:card\" content=\"summary_large_image\" \/>\n<meta name=\"twitter:label1\" content=\"Est. reading time\" \/>\n\t<meta name=\"twitter:data1\" content=\"4 minutes\" \/>\n<script type=\"application\/ld+json\" class=\"yoast-schema-graph\">{\"@context\":\"https:\/\/schema.org\",\"@graph\":[{\"@type\":\"WebPage\",\"@id\":\"https:\/\/osaka.ma\/product\/intel-core-i9-10900k-3-7-ghz-5-3-ghz\/\",\"url\":\"https:\/\/osaka.ma\/product\/intel-core-i9-10900k-3-7-ghz-5-3-ghz\/\",\"name\":\"Intel Core i9-10900K (3.7 GHz \/ 5.3 GHz) - Osaka\",\"isPartOf\":{\"@id\":\"https:\/\/osaka.ma\/#website\"},\"primaryImageOfPage\":{\"@id\":\"https:\/\/osaka.ma\/product\/intel-core-i9-10900k-3-7-ghz-5-3-ghz\/#primaryimage\"},\"image\":{\"@id\":\"https:\/\/osaka.ma\/product\/intel-core-i9-10900k-3-7-ghz-5-3-ghz\/#primaryimage\"},\"thumbnailUrl\":\"https:\/\/osaka.ma\/wp-content\/uploads\/2024\/03\/I9_10900K_BOX.jpg\",\"datePublished\":\"2024-03-12T14:29:52+00:00\",\"dateModified\":\"2026-01-15T12:33:30+00:00\",\"breadcrumb\":{\"@id\":\"https:\/\/osaka.ma\/product\/intel-core-i9-10900k-3-7-ghz-5-3-ghz\/#breadcrumb\"},\"inLanguage\":\"de-DE\",\"potentialAction\":[{\"@type\":\"ReadAction\",\"target\":[\"https:\/\/osaka.ma\/product\/intel-core-i9-10900k-3-7-ghz-5-3-ghz\/\"]}]},{\"@type\":\"ImageObject\",\"inLanguage\":\"de-DE\",\"@id\":\"https:\/\/osaka.ma\/product\/intel-core-i9-10900k-3-7-ghz-5-3-ghz\/#primaryimage\",\"url\":\"https:\/\/osaka.ma\/wp-content\/uploads\/2024\/03\/I9_10900K_BOX.jpg\",\"contentUrl\":\"https:\/\/osaka.ma\/wp-content\/uploads\/2024\/03\/I9_10900K_BOX.jpg\",\"width\":1600,\"height\":1600},{\"@type\":\"BreadcrumbList\",\"@id\":\"https:\/\/osaka.ma\/product\/intel-core-i9-10900k-3-7-ghz-5-3-ghz\/#breadcrumb\",\"itemListElement\":[{\"@type\":\"ListItem\",\"position\":1,\"name\":\"Home\",\"item\":\"https:\/\/osaka.ma\/\"},{\"@type\":\"ListItem\",\"position\":2,\"name\":\"Shop\",\"item\":\"https:\/\/osaka.ma\/shop-2\/\"},{\"@type\":\"ListItem\",\"position\":3,\"name\":\"Intel Core i9-10900K (3.7 GHz \/ 5.3 GHz)\"}]},{\"@type\":\"WebSite\",\"@id\":\"https:\/\/osaka.ma\/#website\",\"url\":\"https:\/\/osaka.ma\/\",\"name\":\"Osaka\",\"description\":\"\",\"publisher\":{\"@id\":\"https:\/\/osaka.ma\/#organization\"},\"potentialAction\":[{\"@type\":\"SearchAction\",\"target\":{\"@type\":\"EntryPoint\",\"urlTemplate\":\"https:\/\/osaka.ma\/?s={search_term_string}\"},\"query-input\":{\"@type\":\"PropertyValueSpecification\",\"valueRequired\":true,\"valueName\":\"search_term_string\"}}],\"inLanguage\":\"de-DE\"},{\"@type\":\"Organization\",\"@id\":\"https:\/\/osaka.ma\/#organization\",\"name\":\"Osaka\",\"url\":\"https:\/\/osaka.ma\/\",\"logo\":{\"@type\":\"ImageObject\",\"inLanguage\":\"de-DE\",\"@id\":\"https:\/\/osaka.ma\/#\/schema\/logo\/image\/\",\"url\":\"https:\/\/osaka.ma\/wp-content\/uploads\/2026\/01\/model-slogan-logo-2Plan-de-travail-1dksl-plus-finnn.png\",\"contentUrl\":\"https:\/\/osaka.ma\/wp-content\/uploads\/2026\/01\/model-slogan-logo-2Plan-de-travail-1dksl-plus-finnn.png\",\"width\":842,\"height\":226,\"caption\":\"Osaka\"},\"image\":{\"@id\":\"https:\/\/osaka.ma\/#\/schema\/logo\/image\/\"}}]}<\/script>\n<!-- \/ Yoast SEO plugin. -->","yoast_head_json":{"title":"Intel Core i9-10900K (3.7 GHz \/ 5.3 GHz) - Osaka","robots":{"index":"index","follow":"follow","max-snippet":"max-snippet:-1","max-image-preview":"max-image-preview:large","max-video-preview":"max-video-preview:-1"},"canonical":"https:\/\/osaka.ma\/product\/intel-core-i9-10900k-3-7-ghz-5-3-ghz\/","og_locale":"de_DE","og_type":"article","og_title":"Intel Core i9-10900K (3.7 GHz \/ 5.3 GHz) - Osaka","og_url":"https:\/\/osaka.ma\/product\/intel-core-i9-10900k-3-7-ghz-5-3-ghz\/","og_site_name":"Osaka","article_modified_time":"2026-01-15T12:33:30+00:00","og_image":[{"width":1600,"height":1600,"url":"https:\/\/osaka.ma\/wp-content\/uploads\/2024\/03\/I9_10900K_BOX.jpg","type":"image\/jpeg"}],"twitter_card":"summary_large_image","twitter_misc":{"Est. reading time":"4 minutes"},"schema":{"@context":"https:\/\/schema.org","@graph":[{"@type":"WebPage","@id":"https:\/\/osaka.ma\/product\/intel-core-i9-10900k-3-7-ghz-5-3-ghz\/","url":"https:\/\/osaka.ma\/product\/intel-core-i9-10900k-3-7-ghz-5-3-ghz\/","name":"Intel Core i9-10900K (3.7 GHz \/ 5.3 GHz) - Osaka","isPartOf":{"@id":"https:\/\/osaka.ma\/#website"},"primaryImageOfPage":{"@id":"https:\/\/osaka.ma\/product\/intel-core-i9-10900k-3-7-ghz-5-3-ghz\/#primaryimage"},"image":{"@id":"https:\/\/osaka.ma\/product\/intel-core-i9-10900k-3-7-ghz-5-3-ghz\/#primaryimage"},"thumbnailUrl":"https:\/\/osaka.ma\/wp-content\/uploads\/2024\/03\/I9_10900K_BOX.jpg","datePublished":"2024-03-12T14:29:52+00:00","dateModified":"2026-01-15T12:33:30+00:00","breadcrumb":{"@id":"https:\/\/osaka.ma\/product\/intel-core-i9-10900k-3-7-ghz-5-3-ghz\/#breadcrumb"},"inLanguage":"de-DE","potentialAction":[{"@type":"ReadAction","target":["https:\/\/osaka.ma\/product\/intel-core-i9-10900k-3-7-ghz-5-3-ghz\/"]}]},{"@type":"ImageObject","inLanguage":"de-DE","@id":"https:\/\/osaka.ma\/product\/intel-core-i9-10900k-3-7-ghz-5-3-ghz\/#primaryimage","url":"https:\/\/osaka.ma\/wp-content\/uploads\/2024\/03\/I9_10900K_BOX.jpg","contentUrl":"https:\/\/osaka.ma\/wp-content\/uploads\/2024\/03\/I9_10900K_BOX.jpg","width":1600,"height":1600},{"@type":"BreadcrumbList","@id":"https:\/\/osaka.ma\/product\/intel-core-i9-10900k-3-7-ghz-5-3-ghz\/#breadcrumb","itemListElement":[{"@type":"ListItem","position":1,"name":"Home","item":"https:\/\/osaka.ma\/"},{"@type":"ListItem","position":2,"name":"Shop","item":"https:\/\/osaka.ma\/shop-2\/"},{"@type":"ListItem","position":3,"name":"Intel Core i9-10900K (3.7 GHz \/ 5.3 GHz)"}]},{"@type":"WebSite","@id":"https:\/\/osaka.ma\/#website","url":"https:\/\/osaka.ma\/","name":"Osaka","description":"","publisher":{"@id":"https:\/\/osaka.ma\/#organization"},"potentialAction":[{"@type":"SearchAction","target":{"@type":"EntryPoint","urlTemplate":"https:\/\/osaka.ma\/?s={search_term_string}"},"query-input":{"@type":"PropertyValueSpecification","valueRequired":true,"valueName":"search_term_string"}}],"inLanguage":"de-DE"},{"@type":"Organization","@id":"https:\/\/osaka.ma\/#organization","name":"Osaka","url":"https:\/\/osaka.ma\/","logo":{"@type":"ImageObject","inLanguage":"de-DE","@id":"https:\/\/osaka.ma\/#\/schema\/logo\/image\/","url":"https:\/\/osaka.ma\/wp-content\/uploads\/2026\/01\/model-slogan-logo-2Plan-de-travail-1dksl-plus-finnn.png","contentUrl":"https:\/\/osaka.ma\/wp-content\/uploads\/2026\/01\/model-slogan-logo-2Plan-de-travail-1dksl-plus-finnn.png","width":842,"height":226,"caption":"Osaka"},"image":{"@id":"https:\/\/osaka.ma\/#\/schema\/logo\/image\/"}}]}},"jetpack_sharing_enabled":true,"brands":[],"_links":{"self":[{"href":"https:\/\/osaka.ma\/de\/wp-json\/wp\/v2\/product\/7607","targetHints":{"allow":["GET"]}}],"collection":[{"href":"https:\/\/osaka.ma\/de\/wp-json\/wp\/v2\/product"}],"about":[{"href":"https:\/\/osaka.ma\/de\/wp-json\/wp\/v2\/types\/product"}],"version-history":[{"count":0,"href":"https:\/\/osaka.ma\/de\/wp-json\/wp\/v2\/product\/7607\/revisions"}],"wp:featuredmedia":[{"embeddable":true,"href":"https:\/\/osaka.ma\/de\/wp-json\/wp\/v2\/media\/1007608"}],"wp:attachment":[{"href":"https:\/\/osaka.ma\/de\/wp-json\/wp\/v2\/media?parent=7607"}],"wp:term":[{"taxonomy":"pwb-brand","embeddable":true,"href":"https:\/\/osaka.ma\/de\/wp-json\/wp\/v2\/pwb-brand?post=7607"},{"taxonomy":"product_brand","embeddable":true,"href":"https:\/\/osaka.ma\/de\/wp-json\/wp\/v2\/product_brand?post=7607"},{"taxonomy":"product_cat","embeddable":true,"href":"https:\/\/osaka.ma\/de\/wp-json\/wp\/v2\/product_cat?post=7607"},{"taxonomy":"product_tag","embeddable":true,"href":"https:\/\/osaka.ma\/de\/wp-json\/wp\/v2\/product_tag?post=7607"},{"taxonomy":"pcb_component_type","embeddable":true,"href":"https:\/\/osaka.ma\/de\/wp-json\/wp\/v2\/pcb_component_type?post=7607"}],"curies":[{"name":"wp","href":"https:\/\/api.w.org\/{rel}","templated":true}]}}