{"id":7644,"date":"2024-03-13T12:33:02","date_gmt":"2024-03-13T12:33:02","guid":{"rendered":"https:\/\/osaka.ma\/?post_type=product&#038;p=7644"},"modified":"2024-12-18T15:35:49","modified_gmt":"2024-12-18T15:35:49","slug":"hp-victus-16-dd0055ns-white","status":"publish","type":"product","link":"https:\/\/osaka.ma\/de\/product\/hp-victus-16-dd0055ns-white\/","title":{"rendered":"HP VICTUS 16 I7-11800H\/16GB\/1TB\/RTX3050TI\/16.1&#8243;144Hz"},"content":{"rendered":"<p>CPU: INTEL\u00ae CORE I7-11800H (24M Cache, up to 4.60 GHz)<\/p>\n<p>\ud835\udc12\ud835\udc13\ud835\udc0e\ud835\udc11\ud835\udc00\ud835\udc06\ud835\udc04 : 1TB SSD NVME<\/p>\n<p>\ud835\udc11\ud835\udc00\ud835\udc0c : 16GB RAM DDR4 3200MHZ<\/p>\n<p>\ud835\udc06\ud835\udc0f\ud835\udc14 : NVIDIA GeForce RTX 3050Ti 4 Go<\/p>\n<p>\ud835\udc12\ud835\udc02\ud835\udc11\ud835\udc04\ud835\udc04\ud835\udc0d \ud835\udc12\ud835\udc08\ud835\udc19\ud835\udc04 : 16\u2033 FHD 144Hz IPS<\/p>\n<p>\ud835\udc02\ud835\udc0e\ud835\udc0d\ud835\udc03\ud835\udc08\ud835\udc13\ud835\udc08\ud835\udc0e\ud835\udc0d : NEW WITHOUT BOX<\/p>\n","protected":false},"excerpt":{"rendered":"<p>Le PC portable Gamer HP Victus 15 combine avantageusement, mobilit\u00e9 et performances de jeu pour un prix abordable. Avec un CPU INTEL\u00ae CORE I7-11800H et un GPU NVIDIA GeForce RTX s\u00e9rie 3000, il vous permettra de profiter de performances fluides et rapides avec un tr\u00e9s bon niveau de qualit\u00e9 graphique.<\/p>\n","protected":false},"featured_media":1007645,"template":"","meta":{"_acf_changed":false},"pwb-brand":[],"product_brand":[],"product_cat":[122,121],"product_tag":[],"pcb_component_type":[],"class_list":{"0":"post-7644","1":"product","2":"type-product","3":"status-publish","4":"has-post-thumbnail","6":"product_cat-gaming","7":"product_cat-pc-portable","9":"first","10":"outofstock","11":"shipping-taxable","12":"product-type-simple"},"translation":{"provider":"WPGlobus","version":"3.0.2","language":"de","enabled_languages":["en","es","de","fr","ru"],"languages":{"en":{"title":true,"content":true,"excerpt":true},"es":{"title":false,"content":false,"excerpt":false},"de":{"title":false,"content":false,"excerpt":false},"fr":{"title":false,"content":false,"excerpt":false},"ru":{"title":false,"content":false,"excerpt":false}}},"acf":[],"yoast_head":"<!-- This site is optimized with the Yoast SEO plugin v27.2 - https:\/\/yoast.com\/product\/yoast-seo-wordpress\/ -->\n<title>HP VICTUS 16 I7-11800H\/16GB\/1TB\/RTX3050TI\/16.1&quot;144Hz - Osaka<\/title>\n<meta name=\"robots\" content=\"index, follow, max-snippet:-1, max-image-preview:large, max-video-preview:-1\" \/>\n<link rel=\"canonical\" href=\"https:\/\/osaka.ma\/fr\/product\/hp-victus-16-dd0055ns-white\/\" \/>\n<meta property=\"og:locale\" content=\"de_DE\" \/>\n<meta property=\"og:type\" content=\"article\" \/>\n<meta property=\"og:title\" content=\"HP VICTUS 16 I7-11800H\/16GB\/1TB\/RTX3050TI\/16.1&quot;144Hz - Osaka\" \/>\n<meta property=\"og:url\" content=\"https:\/\/osaka.ma\/fr\/product\/hp-victus-16-dd0055ns-white\/\" \/>\n<meta property=\"og:site_name\" content=\"Osaka\" \/>\n<meta property=\"article:modified_time\" content=\"2024-12-18T15:35:49+00:00\" \/>\n<meta property=\"og:image\" content=\"https:\/\/osaka.ma\/wp-content\/uploads\/2024\/03\/6.png\" \/>\n\t<meta property=\"og:image:width\" content=\"1600\" \/>\n\t<meta property=\"og:image:height\" content=\"1600\" \/>\n\t<meta property=\"og:image:type\" content=\"image\/png\" \/>\n<meta name=\"twitter:card\" content=\"summary_large_image\" \/>\n<script type=\"application\/ld+json\" class=\"yoast-schema-graph\">{\"@context\":\"https:\/\/schema.org\",\"@graph\":[{\"@type\":\"WebPage\",\"@id\":\"https:\/\/osaka.ma\/fr\/product\/hp-victus-16-dd0055ns-white\/\",\"url\":\"https:\/\/osaka.ma\/fr\/product\/hp-victus-16-dd0055ns-white\/\",\"name\":\"HP VICTUS 16 I7-11800H\/16GB\/1TB\/RTX3050TI\/16.1\\\"144Hz - Osaka\",\"isPartOf\":{\"@id\":\"https:\/\/osaka.ma\/#website\"},\"primaryImageOfPage\":{\"@id\":\"https:\/\/osaka.ma\/fr\/product\/hp-victus-16-dd0055ns-white\/#primaryimage\"},\"image\":{\"@id\":\"https:\/\/osaka.ma\/fr\/product\/hp-victus-16-dd0055ns-white\/#primaryimage\"},\"thumbnailUrl\":\"https:\/\/osaka.ma\/wp-content\/uploads\/2024\/03\/6.png\",\"datePublished\":\"2024-03-13T12:33:02+00:00\",\"dateModified\":\"2024-12-18T15:35:49+00:00\",\"breadcrumb\":{\"@id\":\"https:\/\/osaka.ma\/fr\/product\/hp-victus-16-dd0055ns-white\/#breadcrumb\"},\"inLanguage\":\"de-DE\",\"potentialAction\":[{\"@type\":\"ReadAction\",\"target\":[\"https:\/\/osaka.ma\/fr\/product\/hp-victus-16-dd0055ns-white\/\"]}]},{\"@type\":\"ImageObject\",\"inLanguage\":\"de-DE\",\"@id\":\"https:\/\/osaka.ma\/fr\/product\/hp-victus-16-dd0055ns-white\/#primaryimage\",\"url\":\"https:\/\/osaka.ma\/wp-content\/uploads\/2024\/03\/6.png\",\"contentUrl\":\"https:\/\/osaka.ma\/wp-content\/uploads\/2024\/03\/6.png\",\"width\":1600,\"height\":1600},{\"@type\":\"BreadcrumbList\",\"@id\":\"https:\/\/osaka.ma\/fr\/product\/hp-victus-16-dd0055ns-white\/#breadcrumb\",\"itemListElement\":[{\"@type\":\"ListItem\",\"position\":1,\"name\":\"Home\",\"item\":\"https:\/\/osaka.ma\/\"},{\"@type\":\"ListItem\",\"position\":2,\"name\":\"Shop\",\"item\":\"https:\/\/osaka.ma\/shop-2\/\"},{\"@type\":\"ListItem\",\"position\":3,\"name\":\"HP VICTUS 16 I7-11800H\/16GB\/1TB\/RTX3050TI\/16.1&#8243;144Hz\"}]},{\"@type\":\"WebSite\",\"@id\":\"https:\/\/osaka.ma\/#website\",\"url\":\"https:\/\/osaka.ma\/\",\"name\":\"Osaka\",\"description\":\"\",\"publisher\":{\"@id\":\"https:\/\/osaka.ma\/#organization\"},\"potentialAction\":[{\"@type\":\"SearchAction\",\"target\":{\"@type\":\"EntryPoint\",\"urlTemplate\":\"https:\/\/osaka.ma\/?s={search_term_string}\"},\"query-input\":{\"@type\":\"PropertyValueSpecification\",\"valueRequired\":true,\"valueName\":\"search_term_string\"}}],\"inLanguage\":\"de-DE\"},{\"@type\":\"Organization\",\"@id\":\"https:\/\/osaka.ma\/#organization\",\"name\":\"Osaka\",\"url\":\"https:\/\/osaka.ma\/\",\"logo\":{\"@type\":\"ImageObject\",\"inLanguage\":\"de-DE\",\"@id\":\"https:\/\/osaka.ma\/#\/schema\/logo\/image\/\",\"url\":\"https:\/\/osaka.ma\/wp-content\/uploads\/2026\/01\/model-slogan-logo-2Plan-de-travail-1dksl-plus-finnn.png\",\"contentUrl\":\"https:\/\/osaka.ma\/wp-content\/uploads\/2026\/01\/model-slogan-logo-2Plan-de-travail-1dksl-plus-finnn.png\",\"width\":842,\"height\":226,\"caption\":\"Osaka\"},\"image\":{\"@id\":\"https:\/\/osaka.ma\/#\/schema\/logo\/image\/\"}}]}<\/script>\n<!-- \/ Yoast SEO plugin. -->","yoast_head_json":{"title":"HP VICTUS 16 I7-11800H\/16GB\/1TB\/RTX3050TI\/16.1\"144Hz - Osaka","robots":{"index":"index","follow":"follow","max-snippet":"max-snippet:-1","max-image-preview":"max-image-preview:large","max-video-preview":"max-video-preview:-1"},"canonical":"https:\/\/osaka.ma\/fr\/product\/hp-victus-16-dd0055ns-white\/","og_locale":"de_DE","og_type":"article","og_title":"HP VICTUS 16 I7-11800H\/16GB\/1TB\/RTX3050TI\/16.1\"144Hz - Osaka","og_url":"https:\/\/osaka.ma\/fr\/product\/hp-victus-16-dd0055ns-white\/","og_site_name":"Osaka","article_modified_time":"2024-12-18T15:35:49+00:00","og_image":[{"width":1600,"height":1600,"url":"https:\/\/osaka.ma\/wp-content\/uploads\/2024\/03\/6.png","type":"image\/png"}],"twitter_card":"summary_large_image","schema":{"@context":"https:\/\/schema.org","@graph":[{"@type":"WebPage","@id":"https:\/\/osaka.ma\/fr\/product\/hp-victus-16-dd0055ns-white\/","url":"https:\/\/osaka.ma\/fr\/product\/hp-victus-16-dd0055ns-white\/","name":"HP VICTUS 16 I7-11800H\/16GB\/1TB\/RTX3050TI\/16.1\"144Hz - Osaka","isPartOf":{"@id":"https:\/\/osaka.ma\/#website"},"primaryImageOfPage":{"@id":"https:\/\/osaka.ma\/fr\/product\/hp-victus-16-dd0055ns-white\/#primaryimage"},"image":{"@id":"https:\/\/osaka.ma\/fr\/product\/hp-victus-16-dd0055ns-white\/#primaryimage"},"thumbnailUrl":"https:\/\/osaka.ma\/wp-content\/uploads\/2024\/03\/6.png","datePublished":"2024-03-13T12:33:02+00:00","dateModified":"2024-12-18T15:35:49+00:00","breadcrumb":{"@id":"https:\/\/osaka.ma\/fr\/product\/hp-victus-16-dd0055ns-white\/#breadcrumb"},"inLanguage":"de-DE","potentialAction":[{"@type":"ReadAction","target":["https:\/\/osaka.ma\/fr\/product\/hp-victus-16-dd0055ns-white\/"]}]},{"@type":"ImageObject","inLanguage":"de-DE","@id":"https:\/\/osaka.ma\/fr\/product\/hp-victus-16-dd0055ns-white\/#primaryimage","url":"https:\/\/osaka.ma\/wp-content\/uploads\/2024\/03\/6.png","contentUrl":"https:\/\/osaka.ma\/wp-content\/uploads\/2024\/03\/6.png","width":1600,"height":1600},{"@type":"BreadcrumbList","@id":"https:\/\/osaka.ma\/fr\/product\/hp-victus-16-dd0055ns-white\/#breadcrumb","itemListElement":[{"@type":"ListItem","position":1,"name":"Home","item":"https:\/\/osaka.ma\/"},{"@type":"ListItem","position":2,"name":"Shop","item":"https:\/\/osaka.ma\/shop-2\/"},{"@type":"ListItem","position":3,"name":"HP VICTUS 16 I7-11800H\/16GB\/1TB\/RTX3050TI\/16.1&#8243;144Hz"}]},{"@type":"WebSite","@id":"https:\/\/osaka.ma\/#website","url":"https:\/\/osaka.ma\/","name":"Osaka","description":"","publisher":{"@id":"https:\/\/osaka.ma\/#organization"},"potentialAction":[{"@type":"SearchAction","target":{"@type":"EntryPoint","urlTemplate":"https:\/\/osaka.ma\/?s={search_term_string}"},"query-input":{"@type":"PropertyValueSpecification","valueRequired":true,"valueName":"search_term_string"}}],"inLanguage":"de-DE"},{"@type":"Organization","@id":"https:\/\/osaka.ma\/#organization","name":"Osaka","url":"https:\/\/osaka.ma\/","logo":{"@type":"ImageObject","inLanguage":"de-DE","@id":"https:\/\/osaka.ma\/#\/schema\/logo\/image\/","url":"https:\/\/osaka.ma\/wp-content\/uploads\/2026\/01\/model-slogan-logo-2Plan-de-travail-1dksl-plus-finnn.png","contentUrl":"https:\/\/osaka.ma\/wp-content\/uploads\/2026\/01\/model-slogan-logo-2Plan-de-travail-1dksl-plus-finnn.png","width":842,"height":226,"caption":"Osaka"},"image":{"@id":"https:\/\/osaka.ma\/#\/schema\/logo\/image\/"}}]}},"jetpack_sharing_enabled":true,"brands":[],"_links":{"self":[{"href":"https:\/\/osaka.ma\/de\/wp-json\/wp\/v2\/product\/7644","targetHints":{"allow":["GET"]}}],"collection":[{"href":"https:\/\/osaka.ma\/de\/wp-json\/wp\/v2\/product"}],"about":[{"href":"https:\/\/osaka.ma\/de\/wp-json\/wp\/v2\/types\/product"}],"version-history":[{"count":0,"href":"https:\/\/osaka.ma\/de\/wp-json\/wp\/v2\/product\/7644\/revisions"}],"wp:featuredmedia":[{"embeddable":true,"href":"https:\/\/osaka.ma\/de\/wp-json\/wp\/v2\/media\/1007645"}],"wp:attachment":[{"href":"https:\/\/osaka.ma\/de\/wp-json\/wp\/v2\/media?parent=7644"}],"wp:term":[{"taxonomy":"pwb-brand","embeddable":true,"href":"https:\/\/osaka.ma\/de\/wp-json\/wp\/v2\/pwb-brand?post=7644"},{"taxonomy":"product_brand","embeddable":true,"href":"https:\/\/osaka.ma\/de\/wp-json\/wp\/v2\/product_brand?post=7644"},{"taxonomy":"product_cat","embeddable":true,"href":"https:\/\/osaka.ma\/de\/wp-json\/wp\/v2\/product_cat?post=7644"},{"taxonomy":"product_tag","embeddable":true,"href":"https:\/\/osaka.ma\/de\/wp-json\/wp\/v2\/product_tag?post=7644"},{"taxonomy":"pcb_component_type","embeddable":true,"href":"https:\/\/osaka.ma\/de\/wp-json\/wp\/v2\/pcb_component_type?post=7644"}],"curies":[{"name":"wp","href":"https:\/\/api.w.org\/{rel}","templated":true}]}}