{"id":7652,"date":"2024-03-13T13:49:54","date_gmt":"2024-03-13T13:49:54","guid":{"rendered":"https:\/\/osaka.ma\/?post_type=product&#038;p=7652"},"modified":"2024-12-18T15:35:49","modified_gmt":"2024-12-18T15:35:49","slug":"pc-gamer-amd-ryzen-5-5600-rx7600","status":"publish","type":"product","link":"https:\/\/osaka.ma\/de\/product\/pc-gamer-amd-ryzen-5-5600-rx7600\/","title":{"rendered":"PC Gamer AMD RYZEN\u2122 5 5600\/16GB\/500GB\/RX7600"},"content":{"rendered":"<p>\ud835\udc02\ud835\udc0f\ud835\udc14 : AMD RYZEN\u2122 5 5600 (3.5 GHz \/ 4.4 GHz)<\/p>\n<p>\ud835\udc0c\ud835\udc0e\ud835\udc01\ud835\udc0e : ASUS PRIME B450 PLUS<\/p>\n<p>\ud835\udc11\ud835\udc00\ud835\udc0c : 16GB(8&#215;2) CORSAIR RGB 3600MHZ<\/p>\n<p>\ud835\udc12\ud835\udc12\ud835\udc03 : 500GB PNY CS900 SATA 2.5<\/p>\n<p>\ud835\udc06\ud835\udc0f\ud835\udc14 : GIGABYTE OC TRIO RX 7600 8GB<\/p>\n<p>\ud835\udc0f\ud835\udc12\ud835\udc14 : AEROCOOL LUX 550W 80+BRONZE<\/p>\n<p>\ud835\udc02\ud835\udc0f\ud835\udc14 \ud835\ude3e\ud835\ude4a\ud835\ude4a\ud835\ude47\ud835\ude40\ud835\ude4d : AEROCOOL CORE PLUS ARGB<\/p>\n<p>\ud835\udc02\ud835\udc00\ud835\udc12\ud835\udc04 : AEROCOOL PRIME<\/p>\n","protected":false},"excerpt":{"rendered":"<p>PC Gamer Osaka vous offre une configuration RYZEN avec des composants forts avec un bon prix, ce PC Gamer compos\u00e9 d\u2019un processeur RYZEN\u2122 5 5600 ainsi que d\u2019une carte graphique GIGABYTE OC TRIO RX 7600 8GB Il int\u00e8gre \u00e9galement un SSD 512GB pour un syst\u00e8me toujours plus rapide et 16 (8\u00d72) Go de RAM. Voila les atouts de ce PC puissant taill\u00e9 pour travailler dans les meilleures conditions.<\/p>\n","protected":false},"featured_media":1008106,"template":"","meta":{"_acf_changed":false},"pwb-brand":[],"product_brand":[],"product_cat":[54,53],"product_tag":[],"pcb_component_type":[],"class_list":{"0":"post-7652","1":"product","2":"type-product","3":"status-publish","4":"has-post-thumbnail","6":"product_cat-amd-ryzen","7":"product_cat-pc-gamer","9":"first","10":"outofstock","11":"shipping-taxable","12":"product-type-simple"},"translation":{"provider":"WPGlobus","version":"3.0.2","language":"de","enabled_languages":["en","es","de","fr","ru"],"languages":{"en":{"title":true,"content":true,"excerpt":true},"es":{"title":false,"content":false,"excerpt":false},"de":{"title":false,"content":false,"excerpt":false},"fr":{"title":false,"content":false,"excerpt":false},"ru":{"title":false,"content":false,"excerpt":false}}},"acf":[],"yoast_head":"<!-- This site is optimized with the Yoast SEO plugin v27.2 - https:\/\/yoast.com\/product\/yoast-seo-wordpress\/ -->\n<title>PC Gamer AMD RYZEN\u2122 5 5600\/16GB\/500GB\/RX7600 - Osaka<\/title>\n<meta name=\"robots\" content=\"index, follow, max-snippet:-1, max-image-preview:large, max-video-preview:-1\" \/>\n<link rel=\"canonical\" href=\"https:\/\/osaka.ma\/product\/pc-gamer-amd-ryzen-5-5600-rx7600\/\" \/>\n<meta property=\"og:locale\" content=\"de_DE\" \/>\n<meta property=\"og:type\" content=\"article\" \/>\n<meta property=\"og:title\" content=\"PC Gamer AMD RYZEN\u2122 5 5600\/16GB\/500GB\/RX7600 - Osaka\" \/>\n<meta property=\"og:url\" content=\"https:\/\/osaka.ma\/product\/pc-gamer-amd-ryzen-5-5600-rx7600\/\" \/>\n<meta property=\"og:site_name\" content=\"Osaka\" \/>\n<meta property=\"article:modified_time\" content=\"2024-12-18T15:35:49+00:00\" \/>\n<meta property=\"og:image\" content=\"https:\/\/osaka.ma\/wp-content\/uploads\/2024\/03\/AMD-RYZEN-7-7700X-RTX-4060-OSAKA-PC-GAMER-SETUP-GAME.jpg\" \/>\n\t<meta property=\"og:image:width\" content=\"1158\" \/>\n\t<meta property=\"og:image:height\" content=\"1280\" \/>\n\t<meta property=\"og:image:type\" content=\"image\/jpeg\" \/>\n<meta name=\"twitter:card\" content=\"summary_large_image\" \/>\n<meta name=\"twitter:label1\" content=\"Est. reading time\" \/>\n\t<meta name=\"twitter:data1\" content=\"1 minute\" \/>\n<script type=\"application\/ld+json\" class=\"yoast-schema-graph\">{\"@context\":\"https:\/\/schema.org\",\"@graph\":[{\"@type\":\"WebPage\",\"@id\":\"https:\/\/osaka.ma\/product\/pc-gamer-amd-ryzen-5-5600-rx7600\/\",\"url\":\"https:\/\/osaka.ma\/product\/pc-gamer-amd-ryzen-5-5600-rx7600\/\",\"name\":\"PC Gamer AMD RYZEN\u2122 5 5600\/16GB\/500GB\/RX7600 - Osaka\",\"isPartOf\":{\"@id\":\"https:\/\/osaka.ma\/#website\"},\"primaryImageOfPage\":{\"@id\":\"https:\/\/osaka.ma\/product\/pc-gamer-amd-ryzen-5-5600-rx7600\/#primaryimage\"},\"image\":{\"@id\":\"https:\/\/osaka.ma\/product\/pc-gamer-amd-ryzen-5-5600-rx7600\/#primaryimage\"},\"thumbnailUrl\":\"https:\/\/osaka.ma\/wp-content\/uploads\/2024\/03\/AMD-RYZEN-7-7700X-RTX-4060-OSAKA-PC-GAMER-SETUP-GAME.jpg\",\"datePublished\":\"2024-03-13T13:49:54+00:00\",\"dateModified\":\"2024-12-18T15:35:49+00:00\",\"breadcrumb\":{\"@id\":\"https:\/\/osaka.ma\/product\/pc-gamer-amd-ryzen-5-5600-rx7600\/#breadcrumb\"},\"inLanguage\":\"de-DE\",\"potentialAction\":[{\"@type\":\"ReadAction\",\"target\":[\"https:\/\/osaka.ma\/product\/pc-gamer-amd-ryzen-5-5600-rx7600\/\"]}]},{\"@type\":\"ImageObject\",\"inLanguage\":\"de-DE\",\"@id\":\"https:\/\/osaka.ma\/product\/pc-gamer-amd-ryzen-5-5600-rx7600\/#primaryimage\",\"url\":\"https:\/\/osaka.ma\/wp-content\/uploads\/2024\/03\/AMD-RYZEN-7-7700X-RTX-4060-OSAKA-PC-GAMER-SETUP-GAME.jpg\",\"contentUrl\":\"https:\/\/osaka.ma\/wp-content\/uploads\/2024\/03\/AMD-RYZEN-7-7700X-RTX-4060-OSAKA-PC-GAMER-SETUP-GAME.jpg\",\"width\":1158,\"height\":1280},{\"@type\":\"BreadcrumbList\",\"@id\":\"https:\/\/osaka.ma\/product\/pc-gamer-amd-ryzen-5-5600-rx7600\/#breadcrumb\",\"itemListElement\":[{\"@type\":\"ListItem\",\"position\":1,\"name\":\"Home\",\"item\":\"https:\/\/osaka.ma\/\"},{\"@type\":\"ListItem\",\"position\":2,\"name\":\"Shop\",\"item\":\"https:\/\/osaka.ma\/shop-2\/\"},{\"@type\":\"ListItem\",\"position\":3,\"name\":\"PC Gamer AMD RYZEN\u2122 5 5600\/16GB\/500GB\/RX7600\"}]},{\"@type\":\"WebSite\",\"@id\":\"https:\/\/osaka.ma\/#website\",\"url\":\"https:\/\/osaka.ma\/\",\"name\":\"Osaka\",\"description\":\"\",\"publisher\":{\"@id\":\"https:\/\/osaka.ma\/#organization\"},\"potentialAction\":[{\"@type\":\"SearchAction\",\"target\":{\"@type\":\"EntryPoint\",\"urlTemplate\":\"https:\/\/osaka.ma\/?s={search_term_string}\"},\"query-input\":{\"@type\":\"PropertyValueSpecification\",\"valueRequired\":true,\"valueName\":\"search_term_string\"}}],\"inLanguage\":\"de-DE\"},{\"@type\":\"Organization\",\"@id\":\"https:\/\/osaka.ma\/#organization\",\"name\":\"Osaka\",\"url\":\"https:\/\/osaka.ma\/\",\"logo\":{\"@type\":\"ImageObject\",\"inLanguage\":\"de-DE\",\"@id\":\"https:\/\/osaka.ma\/#\/schema\/logo\/image\/\",\"url\":\"https:\/\/osaka.ma\/wp-content\/uploads\/2026\/01\/model-slogan-logo-2Plan-de-travail-1dksl-plus-finnn.png\",\"contentUrl\":\"https:\/\/osaka.ma\/wp-content\/uploads\/2026\/01\/model-slogan-logo-2Plan-de-travail-1dksl-plus-finnn.png\",\"width\":842,\"height\":226,\"caption\":\"Osaka\"},\"image\":{\"@id\":\"https:\/\/osaka.ma\/#\/schema\/logo\/image\/\"}}]}<\/script>\n<!-- \/ Yoast SEO plugin. -->","yoast_head_json":{"title":"PC Gamer AMD RYZEN\u2122 5 5600\/16GB\/500GB\/RX7600 - Osaka","robots":{"index":"index","follow":"follow","max-snippet":"max-snippet:-1","max-image-preview":"max-image-preview:large","max-video-preview":"max-video-preview:-1"},"canonical":"https:\/\/osaka.ma\/product\/pc-gamer-amd-ryzen-5-5600-rx7600\/","og_locale":"de_DE","og_type":"article","og_title":"PC Gamer AMD RYZEN\u2122 5 5600\/16GB\/500GB\/RX7600 - Osaka","og_url":"https:\/\/osaka.ma\/product\/pc-gamer-amd-ryzen-5-5600-rx7600\/","og_site_name":"Osaka","article_modified_time":"2024-12-18T15:35:49+00:00","og_image":[{"width":1158,"height":1280,"url":"https:\/\/osaka.ma\/wp-content\/uploads\/2024\/03\/AMD-RYZEN-7-7700X-RTX-4060-OSAKA-PC-GAMER-SETUP-GAME.jpg","type":"image\/jpeg"}],"twitter_card":"summary_large_image","twitter_misc":{"Est. reading time":"1 minute"},"schema":{"@context":"https:\/\/schema.org","@graph":[{"@type":"WebPage","@id":"https:\/\/osaka.ma\/product\/pc-gamer-amd-ryzen-5-5600-rx7600\/","url":"https:\/\/osaka.ma\/product\/pc-gamer-amd-ryzen-5-5600-rx7600\/","name":"PC Gamer AMD RYZEN\u2122 5 5600\/16GB\/500GB\/RX7600 - Osaka","isPartOf":{"@id":"https:\/\/osaka.ma\/#website"},"primaryImageOfPage":{"@id":"https:\/\/osaka.ma\/product\/pc-gamer-amd-ryzen-5-5600-rx7600\/#primaryimage"},"image":{"@id":"https:\/\/osaka.ma\/product\/pc-gamer-amd-ryzen-5-5600-rx7600\/#primaryimage"},"thumbnailUrl":"https:\/\/osaka.ma\/wp-content\/uploads\/2024\/03\/AMD-RYZEN-7-7700X-RTX-4060-OSAKA-PC-GAMER-SETUP-GAME.jpg","datePublished":"2024-03-13T13:49:54+00:00","dateModified":"2024-12-18T15:35:49+00:00","breadcrumb":{"@id":"https:\/\/osaka.ma\/product\/pc-gamer-amd-ryzen-5-5600-rx7600\/#breadcrumb"},"inLanguage":"de-DE","potentialAction":[{"@type":"ReadAction","target":["https:\/\/osaka.ma\/product\/pc-gamer-amd-ryzen-5-5600-rx7600\/"]}]},{"@type":"ImageObject","inLanguage":"de-DE","@id":"https:\/\/osaka.ma\/product\/pc-gamer-amd-ryzen-5-5600-rx7600\/#primaryimage","url":"https:\/\/osaka.ma\/wp-content\/uploads\/2024\/03\/AMD-RYZEN-7-7700X-RTX-4060-OSAKA-PC-GAMER-SETUP-GAME.jpg","contentUrl":"https:\/\/osaka.ma\/wp-content\/uploads\/2024\/03\/AMD-RYZEN-7-7700X-RTX-4060-OSAKA-PC-GAMER-SETUP-GAME.jpg","width":1158,"height":1280},{"@type":"BreadcrumbList","@id":"https:\/\/osaka.ma\/product\/pc-gamer-amd-ryzen-5-5600-rx7600\/#breadcrumb","itemListElement":[{"@type":"ListItem","position":1,"name":"Home","item":"https:\/\/osaka.ma\/"},{"@type":"ListItem","position":2,"name":"Shop","item":"https:\/\/osaka.ma\/shop-2\/"},{"@type":"ListItem","position":3,"name":"PC Gamer AMD RYZEN\u2122 5 5600\/16GB\/500GB\/RX7600"}]},{"@type":"WebSite","@id":"https:\/\/osaka.ma\/#website","url":"https:\/\/osaka.ma\/","name":"Osaka","description":"","publisher":{"@id":"https:\/\/osaka.ma\/#organization"},"potentialAction":[{"@type":"SearchAction","target":{"@type":"EntryPoint","urlTemplate":"https:\/\/osaka.ma\/?s={search_term_string}"},"query-input":{"@type":"PropertyValueSpecification","valueRequired":true,"valueName":"search_term_string"}}],"inLanguage":"de-DE"},{"@type":"Organization","@id":"https:\/\/osaka.ma\/#organization","name":"Osaka","url":"https:\/\/osaka.ma\/","logo":{"@type":"ImageObject","inLanguage":"de-DE","@id":"https:\/\/osaka.ma\/#\/schema\/logo\/image\/","url":"https:\/\/osaka.ma\/wp-content\/uploads\/2026\/01\/model-slogan-logo-2Plan-de-travail-1dksl-plus-finnn.png","contentUrl":"https:\/\/osaka.ma\/wp-content\/uploads\/2026\/01\/model-slogan-logo-2Plan-de-travail-1dksl-plus-finnn.png","width":842,"height":226,"caption":"Osaka"},"image":{"@id":"https:\/\/osaka.ma\/#\/schema\/logo\/image\/"}}]}},"jetpack_sharing_enabled":true,"brands":[],"_links":{"self":[{"href":"https:\/\/osaka.ma\/de\/wp-json\/wp\/v2\/product\/7652","targetHints":{"allow":["GET"]}}],"collection":[{"href":"https:\/\/osaka.ma\/de\/wp-json\/wp\/v2\/product"}],"about":[{"href":"https:\/\/osaka.ma\/de\/wp-json\/wp\/v2\/types\/product"}],"version-history":[{"count":0,"href":"https:\/\/osaka.ma\/de\/wp-json\/wp\/v2\/product\/7652\/revisions"}],"wp:featuredmedia":[{"embeddable":true,"href":"https:\/\/osaka.ma\/de\/wp-json\/wp\/v2\/media\/1008106"}],"wp:attachment":[{"href":"https:\/\/osaka.ma\/de\/wp-json\/wp\/v2\/media?parent=7652"}],"wp:term":[{"taxonomy":"pwb-brand","embeddable":true,"href":"https:\/\/osaka.ma\/de\/wp-json\/wp\/v2\/pwb-brand?post=7652"},{"taxonomy":"product_brand","embeddable":true,"href":"https:\/\/osaka.ma\/de\/wp-json\/wp\/v2\/product_brand?post=7652"},{"taxonomy":"product_cat","embeddable":true,"href":"https:\/\/osaka.ma\/de\/wp-json\/wp\/v2\/product_cat?post=7652"},{"taxonomy":"product_tag","embeddable":true,"href":"https:\/\/osaka.ma\/de\/wp-json\/wp\/v2\/product_tag?post=7652"},{"taxonomy":"pcb_component_type","embeddable":true,"href":"https:\/\/osaka.ma\/de\/wp-json\/wp\/v2\/pcb_component_type?post=7652"}],"curies":[{"name":"wp","href":"https:\/\/api.w.org\/{rel}","templated":true}]}}