{"id":7672,"date":"2024-03-13T16:00:01","date_gmt":"2024-03-13T16:00:01","guid":{"rendered":"https:\/\/osaka.ma\/?post_type=product&#038;p=7672"},"modified":"2024-12-18T15:35:49","modified_gmt":"2024-12-18T15:35:49","slug":"pc-gamer-i7-12700k-16gb-1tb-rtx-4060","status":"publish","type":"product","link":"https:\/\/osaka.ma\/de\/product\/pc-gamer-i7-12700k-16gb-1tb-rtx-4060\/","title":{"rendered":"PC Gamer i7-12700KF\/16GB\/1TB\/RTX 4060"},"content":{"rendered":"<p><img decoding=\"async\" class=\" wp-image-6550 aligncenter\" src=\"https:\/\/osaka.ma\/wp-content\/uploads\/2023\/10\/OSA-1.png\" alt=\"\" width=\"294\" height=\"113\" \/><\/p>\n<p><i><img decoding=\"async\" class=\"\" src=\"https:\/\/media.ldlc.com\/bo\/images\/fiches\/kit_upgrade\/case_80.png\" alt=\"\" width=\"48\" height=\"48\" \/>PC Gamer Osaka vous offre une configuration INTEL avec des composants \u00e9quilibr\u00e9e avec un bon prix, ce PC Gamer compos\u00e9 d\u2019un processeur INTEL\u00ae CORE\u2122i7-12700K \u00a0ainsi que d\u2019une carte graphique MSI VENTUS XS RTX 4060 8GB Il int\u00e8gre \u00e9galement un SSD 1TB pour un syst\u00e8me toujours plus rapide et 16 Go de RAM. Voila les atouts de ce PC puissant taill\u00e9 pour travailler dans les meilleures conditions.<\/i><\/p>\n<ul>\n<li>Processeur <a href=\"https:\/\/osaka.ma\/produit\/intel-core-i7-12700kf-3-6-ghz-5-0-ghz-tray\/\"><strong>INTEL\u00aeCORE\u2122i7-12700KF (3.6 GHz \/ 5.0 GHz)<\/strong><\/a><\/li>\n<li>Carte m\u00e8re <strong>MSI B660M-E DDR4<\/strong><\/li>\n<li>Ram <strong><a href=\"https:\/\/osaka.ma\/produit\/16gb-corsair-lpx-8x2-3200mhz\/\">16GB CORSAIR LPX (16&#215;2) 3200MHZ<\/a><\/strong><\/li>\n<li>Carte graphique <a href=\"https:\/\/osaka.ma\/produit\/msi-ventus-xs-rtx-4060-8gb\/\"><strong>MSI VENTUS XS RTX 4060 8GB<\/strong><\/a><\/li>\n<li>Bo\u00eetier<a href=\"https:\/\/osaka.ma\/produit\/aerocool-ore-saturn-frgb\/\"><strong> AEROCOOL ORE SATURN FRGB<\/strong><\/a><\/li>\n<li>SSD <strong>1TB PNY CS900 SATA 2.5 3D NAND<\/strong><\/li>\n<li>Ventirad <a href=\"https:\/\/osaka.ma\/produit\/mars-gaming-mcpu66-triple-argb-120mm\/\"><strong>MARS GAMING MCPU 66<\/strong><\/a><\/li>\n<li>Alimentation <a href=\"https:\/\/osaka.ma\/produit\/aerocool-lux-rgb-750w-80-bronze\/\"><strong>AEROCOOL LUX 650W RGB 80PLUS<\/strong> <strong>BRONZE<\/strong><\/a><\/li>\n<li><strong>Win11 \/ Bien assembl\u00e9<\/strong><\/li>\n<\/ul>\n<div><\/div>\n<div class=\"desc-image\"><img fetchpriority=\"high\" decoding=\"async\" class=\"\" src=\"https:\/\/media.ldlc.com\/bo\/images\/fiches\/Processeur\/Intel\/intel_core_14th_003.jpg\" alt=\"\" width=\"764\" height=\"432\" \/><\/div>\n<div class=\"desc-text\">\n<h2>NVIDIA RTX 4060 : LA MEILLEURE FA\u00c7ON DE JOUER<\/h2>\n<p>Gr\u00e2ce au\u00a0<strong>DLSS 3<\/strong>, au\u00a0<strong>ray tracing \u00e0 haute vitesse<\/strong>\u00a0et aux\u00a0<strong>performances acc\u00e9l\u00e9r\u00e9es par IA<\/strong>, la\u00a0<strong>carte graphique NVIDIA GeForce RTX 4060\u00a0<\/strong>vous permet d\u2019obtenir une qualit\u00e9 graphique exceptionnelle pour jouer dans les meilleures conditions. Immersion totale garantie gr\u00e2ce \u00e0 des graphismes ultra-r\u00e9alistes. Sans oublier bien s\u00fbr la possibilit\u00e9 de cr\u00e9er des contenus r\u00e9volutionnaires rapidement et en toute simplicit\u00e9.<\/p>\n<\/div>\n<div class=\"desc-image\"><img decoding=\"async\" src=\"https:\/\/media.ldlc.com\/bo\/images\/fiches\/Carte_graphique\/NVIDIA\/nvidia_ada_lovelace_003.jpg\" alt=\"\" \/><\/div>\n<div><\/div>\n<div><\/div>\n<div><\/div>\n<div>\n<p>L\u2019Aerocool Ore est une tour midi haute performance avec un design \u00e9l\u00e9gant du panneau avant en maille pour une meilleure ventilation. Equip\u00e9 du ventilateur Saturn 12 FRGB avec \u00e9clairage LED RVB statique pour un effet d\u2019\u00e9clairage statique.Le panneau lat\u00e9ral en verre tremp\u00e9 pr\u00e9sente l\u2019int\u00e9rieur de la plate-forme. La conception du support de ventilateur VGA sur le ch\u00e2ssis de l\u2019alimentation prend en charge jusqu\u2019\u00e0 2 ventilateurs de 120 mm pour un excellent refroidissement de la carte graphique.<\/p>\n<p><img decoding=\"async\" src=\"https:\/\/nextlevelpc.ma\/wp-content\/uploads\/2023\/12\/Ore-Tempered-Glass-Infographic700x700px-01-1.jpg\" alt=\"Aerocool Ore Saturn\" \/><\/p>\n<\/div>\n<p>&nbsp;<\/p>\n","protected":false},"excerpt":{"rendered":"<p>PC Gamer Osaka vous offre une configuration INTEL\u00ae avec des composants forts avec un bon prix, ce PC Gamer compos\u00e9 d\u2019un processeur INTEL\u00aeCORE\u2122i7-12700K \u00a0ainsi que d\u2019une carte graphique MSI GAMING X RTX 4060 8GB Il int\u00e8gre \u00e9galement un SSD 1TB pour un syst\u00e8me toujours plus rapide et 16 Go de RAM. Voila les atouts de ce PC puissant taill\u00e9 pour travailler dans les meilleures conditions.<\/p>\n<ul>\n<li>Processeur INTEL\u00aeCORE\u2122i7-12700K Processeur 12-Core (8 Performance-Cores + 4 Efficient-Cores) 20-Threads Socket 1700 Cache L3 25 Mo<\/li>\n<li>Carte m\u00e8re MSI B660M-E DDR4<\/li>\n<li>Ram 16GB CORSAIR LPX (16&#215;2) 3200MHZ<\/li>\n<li>Carte graphique MSI GAMING X RTX 4060 8GB<\/li>\n<li>Bo\u00eetier AEROCOOL ORE SATURN FRGB<\/li>\n<li>SSD 1TB PNY CS900 SATA 2.5 3D NAND<\/li>\n<li>Ventirad MARS GAMING MCPU 66<\/li>\n<li>Alimentation AEROCOOL LUX 650W RGB 80PLUS BRONZE<\/li>\n<li><strong>Win11 \/ Bien assembl\u00e9<\/strong><\/li>\n<\/ul>\n","protected":false},"featured_media":1007673,"template":"","meta":{"_acf_changed":false},"pwb-brand":[],"product_brand":[],"product_cat":[57,53],"product_tag":[],"pcb_component_type":[],"class_list":{"0":"post-7672","1":"product","2":"type-product","3":"status-publish","4":"has-post-thumbnail","6":"product_cat-intel","7":"product_cat-pc-gamer","9":"first","10":"outofstock","11":"shipping-taxable","12":"product-type-simple"},"translation":{"provider":"WPGlobus","version":"3.0.2","language":"de","enabled_languages":["en","es","de","fr","ru"],"languages":{"en":{"title":true,"content":true,"excerpt":true},"es":{"title":false,"content":false,"excerpt":false},"de":{"title":false,"content":false,"excerpt":false},"fr":{"title":false,"content":false,"excerpt":false},"ru":{"title":false,"content":false,"excerpt":false}}},"acf":[],"yoast_head":"<!-- This site is optimized with the Yoast SEO plugin v27.2 - https:\/\/yoast.com\/product\/yoast-seo-wordpress\/ -->\n<title>PC Gamer i7-12700KF\/16GB\/1TB\/RTX 4060 - Osaka<\/title>\n<meta name=\"robots\" content=\"index, follow, max-snippet:-1, max-image-preview:large, max-video-preview:-1\" \/>\n<link rel=\"canonical\" href=\"https:\/\/osaka.ma\/product\/pc-gamer-i7-12700k-16gb-1tb-rtx-4060\/\" \/>\n<meta property=\"og:locale\" content=\"de_DE\" \/>\n<meta property=\"og:type\" content=\"article\" \/>\n<meta property=\"og:title\" content=\"PC Gamer i7-12700KF\/16GB\/1TB\/RTX 4060 - Osaka\" \/>\n<meta property=\"og:url\" content=\"https:\/\/osaka.ma\/product\/pc-gamer-i7-12700k-16gb-1tb-rtx-4060\/\" \/>\n<meta property=\"og:site_name\" content=\"Osaka\" \/>\n<meta property=\"article:modified_time\" content=\"2024-12-18T15:35:49+00:00\" \/>\n<meta property=\"og:image\" content=\"https:\/\/osaka.ma\/wp-content\/uploads\/2024\/03\/12.png\" \/>\n\t<meta property=\"og:image:width\" content=\"1600\" \/>\n\t<meta property=\"og:image:height\" content=\"1600\" \/>\n\t<meta property=\"og:image:type\" content=\"image\/png\" \/>\n<meta name=\"twitter:card\" content=\"summary_large_image\" \/>\n<meta name=\"twitter:label1\" content=\"Est. reading time\" \/>\n\t<meta name=\"twitter:data1\" content=\"3 minutes\" \/>\n<script type=\"application\/ld+json\" class=\"yoast-schema-graph\">{\"@context\":\"https:\/\/schema.org\",\"@graph\":[{\"@type\":\"WebPage\",\"@id\":\"https:\/\/osaka.ma\/product\/pc-gamer-i7-12700k-16gb-1tb-rtx-4060\/\",\"url\":\"https:\/\/osaka.ma\/product\/pc-gamer-i7-12700k-16gb-1tb-rtx-4060\/\",\"name\":\"PC Gamer i7-12700KF\/16GB\/1TB\/RTX 4060 - Osaka\",\"isPartOf\":{\"@id\":\"https:\/\/osaka.ma\/#website\"},\"primaryImageOfPage\":{\"@id\":\"https:\/\/osaka.ma\/product\/pc-gamer-i7-12700k-16gb-1tb-rtx-4060\/#primaryimage\"},\"image\":{\"@id\":\"https:\/\/osaka.ma\/product\/pc-gamer-i7-12700k-16gb-1tb-rtx-4060\/#primaryimage\"},\"thumbnailUrl\":\"https:\/\/osaka.ma\/wp-content\/uploads\/2024\/03\/12.png\",\"datePublished\":\"2024-03-13T16:00:01+00:00\",\"dateModified\":\"2024-12-18T15:35:49+00:00\",\"breadcrumb\":{\"@id\":\"https:\/\/osaka.ma\/product\/pc-gamer-i7-12700k-16gb-1tb-rtx-4060\/#breadcrumb\"},\"inLanguage\":\"de-DE\",\"potentialAction\":[{\"@type\":\"ReadAction\",\"target\":[\"https:\/\/osaka.ma\/product\/pc-gamer-i7-12700k-16gb-1tb-rtx-4060\/\"]}]},{\"@type\":\"ImageObject\",\"inLanguage\":\"de-DE\",\"@id\":\"https:\/\/osaka.ma\/product\/pc-gamer-i7-12700k-16gb-1tb-rtx-4060\/#primaryimage\",\"url\":\"https:\/\/osaka.ma\/wp-content\/uploads\/2024\/03\/12.png\",\"contentUrl\":\"https:\/\/osaka.ma\/wp-content\/uploads\/2024\/03\/12.png\",\"width\":1600,\"height\":1600},{\"@type\":\"BreadcrumbList\",\"@id\":\"https:\/\/osaka.ma\/product\/pc-gamer-i7-12700k-16gb-1tb-rtx-4060\/#breadcrumb\",\"itemListElement\":[{\"@type\":\"ListItem\",\"position\":1,\"name\":\"Home\",\"item\":\"https:\/\/osaka.ma\/\"},{\"@type\":\"ListItem\",\"position\":2,\"name\":\"Shop\",\"item\":\"https:\/\/osaka.ma\/shop-2\/\"},{\"@type\":\"ListItem\",\"position\":3,\"name\":\"PC Gamer i7-12700KF\/16GB\/1TB\/RTX 4060\"}]},{\"@type\":\"WebSite\",\"@id\":\"https:\/\/osaka.ma\/#website\",\"url\":\"https:\/\/osaka.ma\/\",\"name\":\"Osaka\",\"description\":\"\",\"publisher\":{\"@id\":\"https:\/\/osaka.ma\/#organization\"},\"potentialAction\":[{\"@type\":\"SearchAction\",\"target\":{\"@type\":\"EntryPoint\",\"urlTemplate\":\"https:\/\/osaka.ma\/?s={search_term_string}\"},\"query-input\":{\"@type\":\"PropertyValueSpecification\",\"valueRequired\":true,\"valueName\":\"search_term_string\"}}],\"inLanguage\":\"de-DE\"},{\"@type\":\"Organization\",\"@id\":\"https:\/\/osaka.ma\/#organization\",\"name\":\"Osaka\",\"url\":\"https:\/\/osaka.ma\/\",\"logo\":{\"@type\":\"ImageObject\",\"inLanguage\":\"de-DE\",\"@id\":\"https:\/\/osaka.ma\/#\/schema\/logo\/image\/\",\"url\":\"https:\/\/osaka.ma\/wp-content\/uploads\/2026\/01\/model-slogan-logo-2Plan-de-travail-1dksl-plus-finnn.png\",\"contentUrl\":\"https:\/\/osaka.ma\/wp-content\/uploads\/2026\/01\/model-slogan-logo-2Plan-de-travail-1dksl-plus-finnn.png\",\"width\":842,\"height\":226,\"caption\":\"Osaka\"},\"image\":{\"@id\":\"https:\/\/osaka.ma\/#\/schema\/logo\/image\/\"}}]}<\/script>\n<!-- \/ Yoast SEO plugin. -->","yoast_head_json":{"title":"PC Gamer i7-12700KF\/16GB\/1TB\/RTX 4060 - Osaka","robots":{"index":"index","follow":"follow","max-snippet":"max-snippet:-1","max-image-preview":"max-image-preview:large","max-video-preview":"max-video-preview:-1"},"canonical":"https:\/\/osaka.ma\/product\/pc-gamer-i7-12700k-16gb-1tb-rtx-4060\/","og_locale":"de_DE","og_type":"article","og_title":"PC Gamer i7-12700KF\/16GB\/1TB\/RTX 4060 - Osaka","og_url":"https:\/\/osaka.ma\/product\/pc-gamer-i7-12700k-16gb-1tb-rtx-4060\/","og_site_name":"Osaka","article_modified_time":"2024-12-18T15:35:49+00:00","og_image":[{"width":1600,"height":1600,"url":"https:\/\/osaka.ma\/wp-content\/uploads\/2024\/03\/12.png","type":"image\/png"}],"twitter_card":"summary_large_image","twitter_misc":{"Est. reading time":"3 minutes"},"schema":{"@context":"https:\/\/schema.org","@graph":[{"@type":"WebPage","@id":"https:\/\/osaka.ma\/product\/pc-gamer-i7-12700k-16gb-1tb-rtx-4060\/","url":"https:\/\/osaka.ma\/product\/pc-gamer-i7-12700k-16gb-1tb-rtx-4060\/","name":"PC Gamer i7-12700KF\/16GB\/1TB\/RTX 4060 - Osaka","isPartOf":{"@id":"https:\/\/osaka.ma\/#website"},"primaryImageOfPage":{"@id":"https:\/\/osaka.ma\/product\/pc-gamer-i7-12700k-16gb-1tb-rtx-4060\/#primaryimage"},"image":{"@id":"https:\/\/osaka.ma\/product\/pc-gamer-i7-12700k-16gb-1tb-rtx-4060\/#primaryimage"},"thumbnailUrl":"https:\/\/osaka.ma\/wp-content\/uploads\/2024\/03\/12.png","datePublished":"2024-03-13T16:00:01+00:00","dateModified":"2024-12-18T15:35:49+00:00","breadcrumb":{"@id":"https:\/\/osaka.ma\/product\/pc-gamer-i7-12700k-16gb-1tb-rtx-4060\/#breadcrumb"},"inLanguage":"de-DE","potentialAction":[{"@type":"ReadAction","target":["https:\/\/osaka.ma\/product\/pc-gamer-i7-12700k-16gb-1tb-rtx-4060\/"]}]},{"@type":"ImageObject","inLanguage":"de-DE","@id":"https:\/\/osaka.ma\/product\/pc-gamer-i7-12700k-16gb-1tb-rtx-4060\/#primaryimage","url":"https:\/\/osaka.ma\/wp-content\/uploads\/2024\/03\/12.png","contentUrl":"https:\/\/osaka.ma\/wp-content\/uploads\/2024\/03\/12.png","width":1600,"height":1600},{"@type":"BreadcrumbList","@id":"https:\/\/osaka.ma\/product\/pc-gamer-i7-12700k-16gb-1tb-rtx-4060\/#breadcrumb","itemListElement":[{"@type":"ListItem","position":1,"name":"Home","item":"https:\/\/osaka.ma\/"},{"@type":"ListItem","position":2,"name":"Shop","item":"https:\/\/osaka.ma\/shop-2\/"},{"@type":"ListItem","position":3,"name":"PC Gamer i7-12700KF\/16GB\/1TB\/RTX 4060"}]},{"@type":"WebSite","@id":"https:\/\/osaka.ma\/#website","url":"https:\/\/osaka.ma\/","name":"Osaka","description":"","publisher":{"@id":"https:\/\/osaka.ma\/#organization"},"potentialAction":[{"@type":"SearchAction","target":{"@type":"EntryPoint","urlTemplate":"https:\/\/osaka.ma\/?s={search_term_string}"},"query-input":{"@type":"PropertyValueSpecification","valueRequired":true,"valueName":"search_term_string"}}],"inLanguage":"de-DE"},{"@type":"Organization","@id":"https:\/\/osaka.ma\/#organization","name":"Osaka","url":"https:\/\/osaka.ma\/","logo":{"@type":"ImageObject","inLanguage":"de-DE","@id":"https:\/\/osaka.ma\/#\/schema\/logo\/image\/","url":"https:\/\/osaka.ma\/wp-content\/uploads\/2026\/01\/model-slogan-logo-2Plan-de-travail-1dksl-plus-finnn.png","contentUrl":"https:\/\/osaka.ma\/wp-content\/uploads\/2026\/01\/model-slogan-logo-2Plan-de-travail-1dksl-plus-finnn.png","width":842,"height":226,"caption":"Osaka"},"image":{"@id":"https:\/\/osaka.ma\/#\/schema\/logo\/image\/"}}]}},"jetpack_sharing_enabled":true,"brands":[],"_links":{"self":[{"href":"https:\/\/osaka.ma\/de\/wp-json\/wp\/v2\/product\/7672","targetHints":{"allow":["GET"]}}],"collection":[{"href":"https:\/\/osaka.ma\/de\/wp-json\/wp\/v2\/product"}],"about":[{"href":"https:\/\/osaka.ma\/de\/wp-json\/wp\/v2\/types\/product"}],"version-history":[{"count":0,"href":"https:\/\/osaka.ma\/de\/wp-json\/wp\/v2\/product\/7672\/revisions"}],"wp:featuredmedia":[{"embeddable":true,"href":"https:\/\/osaka.ma\/de\/wp-json\/wp\/v2\/media\/1007673"}],"wp:attachment":[{"href":"https:\/\/osaka.ma\/de\/wp-json\/wp\/v2\/media?parent=7672"}],"wp:term":[{"taxonomy":"pwb-brand","embeddable":true,"href":"https:\/\/osaka.ma\/de\/wp-json\/wp\/v2\/pwb-brand?post=7672"},{"taxonomy":"product_brand","embeddable":true,"href":"https:\/\/osaka.ma\/de\/wp-json\/wp\/v2\/product_brand?post=7672"},{"taxonomy":"product_cat","embeddable":true,"href":"https:\/\/osaka.ma\/de\/wp-json\/wp\/v2\/product_cat?post=7672"},{"taxonomy":"product_tag","embeddable":true,"href":"https:\/\/osaka.ma\/de\/wp-json\/wp\/v2\/product_tag?post=7672"},{"taxonomy":"pcb_component_type","embeddable":true,"href":"https:\/\/osaka.ma\/de\/wp-json\/wp\/v2\/pcb_component_type?post=7672"}],"curies":[{"name":"wp","href":"https:\/\/api.w.org\/{rel}","templated":true}]}}