{"id":7724,"date":"2024-03-14T14:40:18","date_gmt":"2024-03-14T14:40:18","guid":{"rendered":"https:\/\/osaka.ma\/?post_type=product&#038;p=7724"},"modified":"2024-12-18T15:35:50","modified_gmt":"2024-12-18T15:35:50","slug":"pc-gamer-ryzen-5-5600g-16gb-256gb-rx-vega-7","status":"publish","type":"product","link":"https:\/\/osaka.ma\/de\/product\/pc-gamer-ryzen-5-5600g-16gb-256gb-rx-vega-7\/","title":{"rendered":"PC Gamer RYZEN\u2122 5 5600G\/16GB\/256GB\/RX VEGA 7"},"content":{"rendered":"<p><img decoding=\"async\" class=\" wp-image-6550 aligncenter\" src=\"https:\/\/osaka.ma\/wp-content\/uploads\/2023\/10\/OSA-1.png\" alt=\"\" width=\"294\" height=\"113\" \/><\/p>\n<p><i><img decoding=\"async\" class=\"\" src=\"https:\/\/media.ldlc.com\/bo\/images\/fiches\/kit_upgrade\/case_80.png\" alt=\"\" width=\"48\" height=\"48\" \/>PC Gamer Osaka vous offre une configuration INTEL avec des composants \u00e9quilibr\u00e9e avec un bon prix, ce PC Gamer compos\u00e9 d\u2019un processeur <strong>RYZEN 5 5600G\u00a0 (3.4 GHz \/ 4.6 GHz)<\/strong> ainsi que d\u2019une carte graphique RX VEGA 7 Il int\u00e8gre \u00e9galement un SSD 512GB pour un syst\u00e8me toujours plus rapide et 16 Go de RAM. Voila les atouts de ce PC puissant taill\u00e9 pour travailler dans les meilleures conditions.<\/i><\/p>\n<ul>\n<li>Processeur<strong><a href=\"https:\/\/osaka.ma\/produit\/intel-core-i9-10900k-3-7-ghz-5-3-ghz\/\"> RYZEN 5 5600G\u00a0 (3.4 GHz \/ 4.6 GHz)<\/a><\/strong><\/li>\n<li>Carte m\u00e8re\u00a0<strong><a href=\"https:\/\/osaka.ma\/produit\/asus-prime-z490m-plus\/\">MSI A520M-A PRO<\/a><\/strong><\/li>\n<li>Ram 16GB(8\u00d72) XPG DDR4 3200MHZ<\/li>\n<li>Carte graphique <strong>RX VEGA 7 INTEGRE<\/strong><\/li>\n<li>Bo\u00eetier<strong> BOITIER RGB 4 FAN<\/strong><\/li>\n<li>SSD <strong>256GB M.2<\/strong><\/li>\n<li>Alimentation <strong>TACENS RADIX ECO 400W<\/strong><\/li>\n<li><strong>Win11 \/ Bien assembl\u00e9<\/strong><\/li>\n<\/ul>\n<p>&nbsp;<\/p>\n<p>&nbsp;<\/p>\n","protected":false},"excerpt":{"rendered":"<p><i>PC Gamer Osaka vous offre une configuration INTEL avec des composants \u00e9quilibr\u00e9e avec un bon prix, ce PC Gamer compos\u00e9 d\u2019un processeur <strong>RYZEN 5 5600G\u00a0 (3.4 GHz \/ 4.6 GHz)<\/strong> ainsi que d\u2019une carte graphique RX VEGA 7 Il int\u00e8gre \u00e9galement un SSD 512GB pour un syst\u00e8me toujours plus rapide et 16 Go de RAM. Voila les atouts de ce PC puissant taill\u00e9 pour travailler dans les meilleures conditions.<\/i><\/p>\n<ul>\n<li>Processeur<strong> RYZEN 5 5600G\u00a0 (3.4 GHz \/ 4.6 GHz)<\/strong><\/li>\n<li>Carte m\u00e8re\u00a0<strong>MSI A520M-A PRO<\/strong><\/li>\n<li>Ram <strong>16GB(8\u00d72) XPG DDR4 3200MHZ<\/strong><\/li>\n<li>Carte graphique <strong>RX VEGA 7 INTEGRE<\/strong><\/li>\n<li>Bo\u00eetier<strong> BOITIER RGB 4 FAN<\/strong><\/li>\n<li>SSD <strong>256GB M.2<\/strong><\/li>\n<li>Alimentation <strong>TACENS RADIX ECO 400W<\/strong><\/li>\n<li><strong>Win11 \/ Bien assembl\u00e9<\/strong><\/li>\n<\/ul>\n","protected":false},"featured_media":1007722,"template":"","meta":{"_acf_changed":false},"pwb-brand":[],"product_brand":[],"product_cat":[54,53],"product_tag":[],"pcb_component_type":[],"class_list":{"0":"post-7724","1":"product","2":"type-product","3":"status-publish","4":"has-post-thumbnail","6":"product_cat-amd-ryzen","7":"product_cat-pc-gamer","9":"first","10":"outofstock","11":"shipping-taxable","12":"product-type-simple"},"translation":{"provider":"WPGlobus","version":"3.0.2","language":"de","enabled_languages":["en","es","de","fr","ru"],"languages":{"en":{"title":true,"content":true,"excerpt":true},"es":{"title":false,"content":false,"excerpt":false},"de":{"title":false,"content":false,"excerpt":false},"fr":{"title":false,"content":false,"excerpt":false},"ru":{"title":false,"content":false,"excerpt":false}}},"acf":[],"yoast_head":"<!-- This site is optimized with the Yoast SEO plugin v27.2 - https:\/\/yoast.com\/product\/yoast-seo-wordpress\/ -->\n<title>PC Gamer RYZEN\u2122 5 5600G\/16GB\/256GB\/RX VEGA 7 - Osaka<\/title>\n<meta name=\"robots\" content=\"index, follow, max-snippet:-1, max-image-preview:large, max-video-preview:-1\" \/>\n<link rel=\"canonical\" href=\"https:\/\/osaka.ma\/es\/product\/pc-gamer-ryzen-5-5600g-16gb-256gb-rx-vega-7\/\" \/>\n<meta property=\"og:locale\" content=\"de_DE\" \/>\n<meta property=\"og:type\" content=\"article\" \/>\n<meta property=\"og:title\" content=\"PC Gamer RYZEN\u2122 5 5600G\/16GB\/256GB\/RX VEGA 7 - Osaka\" \/>\n<meta property=\"og:url\" content=\"https:\/\/osaka.ma\/es\/product\/pc-gamer-ryzen-5-5600g-16gb-256gb-rx-vega-7\/\" \/>\n<meta property=\"og:site_name\" content=\"Osaka\" \/>\n<meta property=\"article:modified_time\" content=\"2024-12-18T15:35:50+00:00\" \/>\n<meta property=\"og:image\" content=\"https:\/\/osaka.ma\/wp-content\/uploads\/2024\/03\/17.png\" \/>\n\t<meta property=\"og:image:width\" content=\"1600\" \/>\n\t<meta property=\"og:image:height\" content=\"1600\" \/>\n\t<meta property=\"og:image:type\" content=\"image\/png\" \/>\n<meta name=\"twitter:card\" content=\"summary_large_image\" \/>\n<meta name=\"twitter:label1\" content=\"Est. reading time\" \/>\n\t<meta name=\"twitter:data1\" content=\"2 minutes\" \/>\n<script type=\"application\/ld+json\" class=\"yoast-schema-graph\">{\"@context\":\"https:\/\/schema.org\",\"@graph\":[{\"@type\":\"WebPage\",\"@id\":\"https:\/\/osaka.ma\/es\/product\/pc-gamer-ryzen-5-5600g-16gb-256gb-rx-vega-7\/\",\"url\":\"https:\/\/osaka.ma\/es\/product\/pc-gamer-ryzen-5-5600g-16gb-256gb-rx-vega-7\/\",\"name\":\"PC Gamer RYZEN\u2122 5 5600G\/16GB\/256GB\/RX VEGA 7 - Osaka\",\"isPartOf\":{\"@id\":\"https:\/\/osaka.ma\/#website\"},\"primaryImageOfPage\":{\"@id\":\"https:\/\/osaka.ma\/es\/product\/pc-gamer-ryzen-5-5600g-16gb-256gb-rx-vega-7\/#primaryimage\"},\"image\":{\"@id\":\"https:\/\/osaka.ma\/es\/product\/pc-gamer-ryzen-5-5600g-16gb-256gb-rx-vega-7\/#primaryimage\"},\"thumbnailUrl\":\"https:\/\/osaka.ma\/wp-content\/uploads\/2024\/03\/17.png\",\"datePublished\":\"2024-03-14T14:40:18+00:00\",\"dateModified\":\"2024-12-18T15:35:50+00:00\",\"breadcrumb\":{\"@id\":\"https:\/\/osaka.ma\/es\/product\/pc-gamer-ryzen-5-5600g-16gb-256gb-rx-vega-7\/#breadcrumb\"},\"inLanguage\":\"de-DE\",\"potentialAction\":[{\"@type\":\"ReadAction\",\"target\":[\"https:\/\/osaka.ma\/es\/product\/pc-gamer-ryzen-5-5600g-16gb-256gb-rx-vega-7\/\"]}]},{\"@type\":\"ImageObject\",\"inLanguage\":\"de-DE\",\"@id\":\"https:\/\/osaka.ma\/es\/product\/pc-gamer-ryzen-5-5600g-16gb-256gb-rx-vega-7\/#primaryimage\",\"url\":\"https:\/\/osaka.ma\/wp-content\/uploads\/2024\/03\/17.png\",\"contentUrl\":\"https:\/\/osaka.ma\/wp-content\/uploads\/2024\/03\/17.png\",\"width\":1600,\"height\":1600},{\"@type\":\"BreadcrumbList\",\"@id\":\"https:\/\/osaka.ma\/es\/product\/pc-gamer-ryzen-5-5600g-16gb-256gb-rx-vega-7\/#breadcrumb\",\"itemListElement\":[{\"@type\":\"ListItem\",\"position\":1,\"name\":\"Home\",\"item\":\"https:\/\/osaka.ma\/\"},{\"@type\":\"ListItem\",\"position\":2,\"name\":\"Shop\",\"item\":\"https:\/\/osaka.ma\/shop-2\/\"},{\"@type\":\"ListItem\",\"position\":3,\"name\":\"PC Gamer RYZEN\u2122 5 5600G\/16GB\/256GB\/RX VEGA 7\"}]},{\"@type\":\"WebSite\",\"@id\":\"https:\/\/osaka.ma\/#website\",\"url\":\"https:\/\/osaka.ma\/\",\"name\":\"Osaka\",\"description\":\"\",\"publisher\":{\"@id\":\"https:\/\/osaka.ma\/#organization\"},\"potentialAction\":[{\"@type\":\"SearchAction\",\"target\":{\"@type\":\"EntryPoint\",\"urlTemplate\":\"https:\/\/osaka.ma\/?s={search_term_string}\"},\"query-input\":{\"@type\":\"PropertyValueSpecification\",\"valueRequired\":true,\"valueName\":\"search_term_string\"}}],\"inLanguage\":\"de-DE\"},{\"@type\":\"Organization\",\"@id\":\"https:\/\/osaka.ma\/#organization\",\"name\":\"Osaka\",\"url\":\"https:\/\/osaka.ma\/\",\"logo\":{\"@type\":\"ImageObject\",\"inLanguage\":\"de-DE\",\"@id\":\"https:\/\/osaka.ma\/#\/schema\/logo\/image\/\",\"url\":\"https:\/\/osaka.ma\/wp-content\/uploads\/2026\/01\/model-slogan-logo-2Plan-de-travail-1dksl-plus-finnn.png\",\"contentUrl\":\"https:\/\/osaka.ma\/wp-content\/uploads\/2026\/01\/model-slogan-logo-2Plan-de-travail-1dksl-plus-finnn.png\",\"width\":842,\"height\":226,\"caption\":\"Osaka\"},\"image\":{\"@id\":\"https:\/\/osaka.ma\/#\/schema\/logo\/image\/\"}}]}<\/script>\n<!-- \/ Yoast SEO plugin. -->","yoast_head_json":{"title":"PC Gamer RYZEN\u2122 5 5600G\/16GB\/256GB\/RX VEGA 7 - Osaka","robots":{"index":"index","follow":"follow","max-snippet":"max-snippet:-1","max-image-preview":"max-image-preview:large","max-video-preview":"max-video-preview:-1"},"canonical":"https:\/\/osaka.ma\/es\/product\/pc-gamer-ryzen-5-5600g-16gb-256gb-rx-vega-7\/","og_locale":"de_DE","og_type":"article","og_title":"PC Gamer RYZEN\u2122 5 5600G\/16GB\/256GB\/RX VEGA 7 - Osaka","og_url":"https:\/\/osaka.ma\/es\/product\/pc-gamer-ryzen-5-5600g-16gb-256gb-rx-vega-7\/","og_site_name":"Osaka","article_modified_time":"2024-12-18T15:35:50+00:00","og_image":[{"width":1600,"height":1600,"url":"https:\/\/osaka.ma\/wp-content\/uploads\/2024\/03\/17.png","type":"image\/png"}],"twitter_card":"summary_large_image","twitter_misc":{"Est. reading time":"2 minutes"},"schema":{"@context":"https:\/\/schema.org","@graph":[{"@type":"WebPage","@id":"https:\/\/osaka.ma\/es\/product\/pc-gamer-ryzen-5-5600g-16gb-256gb-rx-vega-7\/","url":"https:\/\/osaka.ma\/es\/product\/pc-gamer-ryzen-5-5600g-16gb-256gb-rx-vega-7\/","name":"PC Gamer RYZEN\u2122 5 5600G\/16GB\/256GB\/RX VEGA 7 - Osaka","isPartOf":{"@id":"https:\/\/osaka.ma\/#website"},"primaryImageOfPage":{"@id":"https:\/\/osaka.ma\/es\/product\/pc-gamer-ryzen-5-5600g-16gb-256gb-rx-vega-7\/#primaryimage"},"image":{"@id":"https:\/\/osaka.ma\/es\/product\/pc-gamer-ryzen-5-5600g-16gb-256gb-rx-vega-7\/#primaryimage"},"thumbnailUrl":"https:\/\/osaka.ma\/wp-content\/uploads\/2024\/03\/17.png","datePublished":"2024-03-14T14:40:18+00:00","dateModified":"2024-12-18T15:35:50+00:00","breadcrumb":{"@id":"https:\/\/osaka.ma\/es\/product\/pc-gamer-ryzen-5-5600g-16gb-256gb-rx-vega-7\/#breadcrumb"},"inLanguage":"de-DE","potentialAction":[{"@type":"ReadAction","target":["https:\/\/osaka.ma\/es\/product\/pc-gamer-ryzen-5-5600g-16gb-256gb-rx-vega-7\/"]}]},{"@type":"ImageObject","inLanguage":"de-DE","@id":"https:\/\/osaka.ma\/es\/product\/pc-gamer-ryzen-5-5600g-16gb-256gb-rx-vega-7\/#primaryimage","url":"https:\/\/osaka.ma\/wp-content\/uploads\/2024\/03\/17.png","contentUrl":"https:\/\/osaka.ma\/wp-content\/uploads\/2024\/03\/17.png","width":1600,"height":1600},{"@type":"BreadcrumbList","@id":"https:\/\/osaka.ma\/es\/product\/pc-gamer-ryzen-5-5600g-16gb-256gb-rx-vega-7\/#breadcrumb","itemListElement":[{"@type":"ListItem","position":1,"name":"Home","item":"https:\/\/osaka.ma\/"},{"@type":"ListItem","position":2,"name":"Shop","item":"https:\/\/osaka.ma\/shop-2\/"},{"@type":"ListItem","position":3,"name":"PC Gamer RYZEN\u2122 5 5600G\/16GB\/256GB\/RX VEGA 7"}]},{"@type":"WebSite","@id":"https:\/\/osaka.ma\/#website","url":"https:\/\/osaka.ma\/","name":"Osaka","description":"","publisher":{"@id":"https:\/\/osaka.ma\/#organization"},"potentialAction":[{"@type":"SearchAction","target":{"@type":"EntryPoint","urlTemplate":"https:\/\/osaka.ma\/?s={search_term_string}"},"query-input":{"@type":"PropertyValueSpecification","valueRequired":true,"valueName":"search_term_string"}}],"inLanguage":"de-DE"},{"@type":"Organization","@id":"https:\/\/osaka.ma\/#organization","name":"Osaka","url":"https:\/\/osaka.ma\/","logo":{"@type":"ImageObject","inLanguage":"de-DE","@id":"https:\/\/osaka.ma\/#\/schema\/logo\/image\/","url":"https:\/\/osaka.ma\/wp-content\/uploads\/2026\/01\/model-slogan-logo-2Plan-de-travail-1dksl-plus-finnn.png","contentUrl":"https:\/\/osaka.ma\/wp-content\/uploads\/2026\/01\/model-slogan-logo-2Plan-de-travail-1dksl-plus-finnn.png","width":842,"height":226,"caption":"Osaka"},"image":{"@id":"https:\/\/osaka.ma\/#\/schema\/logo\/image\/"}}]}},"jetpack_sharing_enabled":true,"brands":[],"_links":{"self":[{"href":"https:\/\/osaka.ma\/de\/wp-json\/wp\/v2\/product\/7724","targetHints":{"allow":["GET"]}}],"collection":[{"href":"https:\/\/osaka.ma\/de\/wp-json\/wp\/v2\/product"}],"about":[{"href":"https:\/\/osaka.ma\/de\/wp-json\/wp\/v2\/types\/product"}],"version-history":[{"count":0,"href":"https:\/\/osaka.ma\/de\/wp-json\/wp\/v2\/product\/7724\/revisions"}],"wp:featuredmedia":[{"embeddable":true,"href":"https:\/\/osaka.ma\/de\/wp-json\/wp\/v2\/media\/1007722"}],"wp:attachment":[{"href":"https:\/\/osaka.ma\/de\/wp-json\/wp\/v2\/media?parent=7724"}],"wp:term":[{"taxonomy":"pwb-brand","embeddable":true,"href":"https:\/\/osaka.ma\/de\/wp-json\/wp\/v2\/pwb-brand?post=7724"},{"taxonomy":"product_brand","embeddable":true,"href":"https:\/\/osaka.ma\/de\/wp-json\/wp\/v2\/product_brand?post=7724"},{"taxonomy":"product_cat","embeddable":true,"href":"https:\/\/osaka.ma\/de\/wp-json\/wp\/v2\/product_cat?post=7724"},{"taxonomy":"product_tag","embeddable":true,"href":"https:\/\/osaka.ma\/de\/wp-json\/wp\/v2\/product_tag?post=7724"},{"taxonomy":"pcb_component_type","embeddable":true,"href":"https:\/\/osaka.ma\/de\/wp-json\/wp\/v2\/pcb_component_type?post=7724"}],"curies":[{"name":"wp","href":"https:\/\/api.w.org\/{rel}","templated":true}]}}