{"id":7828,"date":"2024-03-21T12:51:37","date_gmt":"2024-03-21T12:51:37","guid":{"rendered":"https:\/\/osaka.ma\/?post_type=product&#038;p=7828"},"modified":"2024-12-18T15:35:51","modified_gmt":"2024-12-18T15:35:51","slug":"pc-gamer-i5-12400f-16gb-512gb-rtx4060","status":"publish","type":"product","link":"https:\/\/osaka.ma\/de\/product\/pc-gamer-i5-12400f-16gb-512gb-rtx4060\/","title":{"rendered":"PC Gamer I5-12400F\/16GB\/512GB\/RTX4060"},"content":{"rendered":"<div id=\"description\" class=\"description\">\n<div><img decoding=\"async\" class=\" wp-image-6550 aligncenter\" src=\"https:\/\/osaka.ma\/wp-content\/uploads\/2023\/10\/OSA-1.png\" alt=\"\" width=\"294\" height=\"113\" \/><\/div>\n<\/div>\n<div><\/div>\n<div><\/div>\n<div id=\"description\" class=\"description\">\n<div><i><img decoding=\"async\" class=\"\" src=\"https:\/\/media.ldlc.com\/bo\/images\/fiches\/kit_upgrade\/case_80.png\" alt=\"\" width=\"48\" height=\"48\" \/><\/i><i>PC Gaming abordable, le\u00a0<strong>PC de bureau Osaka <\/strong><strong>Katana Gen 12<\/strong> sera un alli\u00e9 de choix pour jouer aux jeux les plus r\u00e9cents sans pour autant vider votre compte en banque. Particuli\u00e8rement efficace, cet ordinateur d\u00e9di\u00e9 aux jeux vid\u00e9o vous permettra d\u2019aller \u00e0 l\u2019essentiel. Il est \u00e9quip\u00e9 d&#8217;un <strong>processeur Intel 6-Core de 12\u00e8me g\u00e9n\u00e9ration (Intel Alder Lake-S)<\/strong>, d&#8217;une\u00a0<strong>carte m\u00e8re avec chipset Intel H610<\/strong>, de\u00a0<strong>16 Go de RAM DDR4<\/strong>\u00a0et d&#8217;une\u00a0<strong>carte graphique NVIDIA GeForce RTX 4060 8 Go<\/strong>. Il dispose \u00e9galement d&#8217;un disque\u00a0<strong>SSD de 500 Go<\/strong>\u00a0pour un syst\u00e8me ultra r\u00e9actif.<\/i><\/div>\n<div>\n<p>&nbsp;<\/p>\n<ul>\n<li>Processeur <strong><a href=\"https:\/\/osaka.ma\/produit\/intel-core-i5-12400f-2-5-ghz-4-4-ghz\/\" target=\"_blank\" rel=\"noopener\">Intel Core i5-12400F (2.5 GHz \/ 4.4 GHz)<\/a><\/strong><\/li>\n<li>Carte m\u00e8re <a href=\"https:\/\/osaka.ma\/produit\/msi-pro-h610m-g-ddr4\/\"><strong>MSI H610M-B DDR4<\/strong><\/a><\/li>\n<li>Ram <strong><a href=\"https:\/\/osaka.ma\/produit\/16gb-corsair-lpx-8x2-3200mhz\/\">16 Go de m\u00e9moire vive de type DDR4 3200 MHz <\/a><\/strong><\/li>\n<li>Carte graphique <strong>MSI VENTUS XS RTX 4060 8GB<\/strong><\/li>\n<li>Bo\u00eetier Moyen Tour<a href=\"https:\/\/osaka.ma\/produit\/aerocool-streak\/\"><strong> Aercool Streak RGB<\/strong><\/a><\/li>\n<li>SSD <strong>512GB NVME MSI M371<\/strong><\/li>\n<li>Ventirad AEROCOOL CORE PLUS ARGB<\/li>\n<li>Alimentation <a href=\"https:\/\/osaka.ma\/produit\/aerocool-vx-plus-550w\/\"><strong>Aerocool VX PLUS 550W<\/strong><\/a><\/li>\n<li><strong>Win11 \/ Bien assembl\u00e9<\/strong><\/li>\n<\/ul>\n<\/div>\n<div class=\"details-pdt-desc\">\n<h2 class=\"h2-master\">Arsenal Gamer pour Gaming Non-Stop !<\/h2>\n<section>Que vous soyez joueur d\u00e9butant ou aguerri, Le <i><strong>Osaka <\/strong><strong>Katana Gen 12<\/strong><\/i>\u00a0avec sa carte graphique\u00a0<strong>NVIDIA GeForce RTX 4060 8 Go\u00a0<\/strong>et son\u00a0<strong>SSD de 512 Go <\/strong>conviendra \u00e0 vos besoins et exigences pour ne faire aucun compromis sur la puissance et la r\u00e9activit\u00e9. Configuration \u00e9quilibr\u00e9e et abordable, elle vous permettra d&#8217;aller \u00e0 l&#8217;essentiel : JOUER et GAGNER. Faites confiance au PC <i><strong>Osaka <\/strong><strong>Katana<\/strong><\/i>, The Best Seller.<\/section>\n<section>\n<div class=\"desc-image\"><img decoding=\"async\" src=\"https:\/\/media.ldlc.com\/bo\/images\/fiches\/processeur\/intel\/alder-lake\/intel_alder-lake_core-i5_003.jpg\" alt=\"\" \/><\/div>\n<div class=\"desc-text\">\n<h2>INTEL CORE I5-12400F 6-CORE \/ 12-THREADS<\/h2>\n<ul>\n<li>Processeur\u00a0<strong>6 Cores<\/strong>\u00a0\/ 12 Threads<\/li>\n<li><strong>6 Performance-Cores<\/strong>\u00a0(2.5 GHz &#8211; 4.4 GHz)<\/li>\n<li>Cache\u00a0<strong>L3 18 Mo<\/strong>\u00a0+ Cache L2 7.5 Mo<\/li>\n<li>IGP : Aucun<\/li>\n<li>Contr\u00f4leur m\u00e9moire : DDR4 \/\u00a0<strong>DDR5<\/strong><\/li>\n<li>Compatible\u00a0<strong>PCI-E 5.0<\/strong><\/li>\n<li>TDP\u00a0: 65W<\/li>\n<li>TDP max. (Turbo Power) : 117W<\/li>\n<\/ul>\n<\/div>\n<\/section>\n<section>\n<div class=\"desc-text\">\n<h2>NVIDIA RTX 4060 : LA MEILLEURE FA\u00c7ON DE JOUER<\/h2>\n<p>Gr\u00e2ce au\u00a0<strong>DLSS 3<\/strong>, au\u00a0<strong>ray tracing \u00e0 haute vitesse<\/strong>\u00a0et aux\u00a0<strong>performances acc\u00e9l\u00e9r\u00e9es par IA<\/strong>, la\u00a0<strong>carte graphique NVIDIA GeForce RTX 4060\u00a0<\/strong>vous permet d&#8217;obtenir une qualit\u00e9 graphique exceptionnelle pour jouer dans les meilleures conditions. Immersion totale garantie gr\u00e2ce \u00e0 des graphismes ultra-r\u00e9alistes. Sans oublier bien s\u00fbr la possibilit\u00e9 de cr\u00e9er des contenus r\u00e9volutionnaires rapidement et en toute simplicit\u00e9.<\/p>\n<\/div>\n<div class=\"desc-image\"><img decoding=\"async\" src=\"https:\/\/media.ldlc.com\/bo\/images\/fiches\/Carte_graphique\/NVIDIA\/nvidia_ada_lovelace_003.jpg\" alt=\"\" \/><\/div>\n<\/section>\n<\/div>\n<\/div>\n","protected":false},"excerpt":{"rendered":"<div><i>PC Gaming abordable, le\u00a0<strong>PC de bureau Osaka<\/strong><strong>\u00a0Gen 12<\/strong> sera un alli\u00e9 de choix pour jouer aux jeux les plus r\u00e9cents sans pour autant vider votre compte en banque. Particuli\u00e8rement efficace, cet ordinateur d\u00e9di\u00e9 aux jeux vid\u00e9o vous permettra d\u2019aller \u00e0 l\u2019essentiel. Il est \u00e9quip\u00e9 d&#8217;un <strong>processeur Intel 6-Core de 12\u00e8me g\u00e9n\u00e9ration (Intel Alder Lake-S)<\/strong>, d&#8217;une\u00a0<strong>carte m\u00e8re avec chipset Intel H610<\/strong>, de\u00a0<strong>16 Go de RAM DDR4<\/strong>\u00a0et d&#8217;une\u00a0<strong>carte graphique NVIDIA GeForce RTX 4060 8 Go<\/strong>. Il dispose \u00e9galement d&#8217;un disque\u00a0<strong>SSD de 512 Go<\/strong>\u00a0pour un syst\u00e8me ultra r\u00e9actif.<\/i><\/div>\n<div>\n<p>&nbsp;<\/p>\n<ul>\n<li>Processeur <strong>Intel Core i5-12400F (2.5 GHz \/ 4.4 GHz)<\/strong><\/li>\n<li>Carte m\u00e8re <strong>MSI H610M-B DDR4<\/strong><\/li>\n<li>Ram <strong>16 Go de m\u00e9moire vive de type DDR4 3200 MHz <\/strong><\/li>\n<li>Carte graphique <strong>MSI VENTUS XS RTX 4060 8GB<\/strong><\/li>\n<li>Bo\u00eetier Moyen Tour<strong> Aercool Streak RGB<\/strong><\/li>\n<li>SSD <strong>512GB NVME MSI M371<\/strong><\/li>\n<li>Ventirad<strong> AEROCOOL CORE PLUS ARGB<\/strong><\/li>\n<li>Alimentation <strong>Aerocool VX PLUS 550W<\/strong><\/li>\n<li><strong>Win11 \/ Bien assembl\u00e9<\/strong><\/li>\n<\/ul>\n<\/div>\n","protected":false},"featured_media":1008117,"template":"","meta":{"_acf_changed":false},"pwb-brand":[],"product_brand":[],"product_cat":[57,53],"product_tag":[],"pcb_component_type":[],"class_list":{"0":"post-7828","1":"product","2":"type-product","3":"status-publish","4":"has-post-thumbnail","6":"product_cat-intel","7":"product_cat-pc-gamer","9":"first","10":"outofstock","11":"shipping-taxable","12":"product-type-simple"},"translation":{"provider":"WPGlobus","version":"3.0.2","language":"de","enabled_languages":["en","es","de","fr","ru"],"languages":{"en":{"title":true,"content":true,"excerpt":true},"es":{"title":false,"content":false,"excerpt":false},"de":{"title":false,"content":false,"excerpt":false},"fr":{"title":false,"content":false,"excerpt":false},"ru":{"title":false,"content":false,"excerpt":false}}},"acf":[],"yoast_head":"<!-- This site is optimized with the Yoast SEO plugin v27.2 - https:\/\/yoast.com\/product\/yoast-seo-wordpress\/ -->\n<title>PC Gamer I5-12400F\/16GB\/512GB\/RTX4060 - Osaka<\/title>\n<meta name=\"robots\" content=\"index, follow, max-snippet:-1, max-image-preview:large, max-video-preview:-1\" \/>\n<link rel=\"canonical\" href=\"https:\/\/osaka.ma\/product\/pc-gamer-i5-12400f-16gb-512gb-rtx4060\/\" \/>\n<meta property=\"og:locale\" content=\"de_DE\" \/>\n<meta property=\"og:type\" content=\"article\" \/>\n<meta property=\"og:title\" content=\"PC Gamer I5-12400F\/16GB\/512GB\/RTX4060 - Osaka\" \/>\n<meta property=\"og:url\" content=\"https:\/\/osaka.ma\/product\/pc-gamer-i5-12400f-16gb-512gb-rtx4060\/\" \/>\n<meta property=\"og:site_name\" content=\"Osaka\" \/>\n<meta property=\"article:modified_time\" content=\"2024-12-18T15:35:51+00:00\" \/>\n<meta property=\"og:image\" content=\"https:\/\/osaka.ma\/wp-content\/uploads\/2024\/02\/BOITIER-GAMER-RGB-4FAN-AVEC-CONTROLLER-PC-MAROC-SETUP-GAMING-1024x1024.png\" \/>\n\t<meta property=\"og:image:width\" content=\"1024\" \/>\n\t<meta property=\"og:image:height\" content=\"1024\" \/>\n\t<meta property=\"og:image:type\" content=\"image\/png\" \/>\n<meta name=\"twitter:card\" content=\"summary_large_image\" \/>\n<meta name=\"twitter:label1\" content=\"Est. reading time\" \/>\n\t<meta name=\"twitter:data1\" content=\"3 minutes\" \/>\n<script type=\"application\/ld+json\" class=\"yoast-schema-graph\">{\"@context\":\"https:\/\/schema.org\",\"@graph\":[{\"@type\":\"WebPage\",\"@id\":\"https:\/\/osaka.ma\/product\/pc-gamer-i5-12400f-16gb-512gb-rtx4060\/\",\"url\":\"https:\/\/osaka.ma\/product\/pc-gamer-i5-12400f-16gb-512gb-rtx4060\/\",\"name\":\"PC Gamer I5-12400F\/16GB\/512GB\/RTX4060 - Osaka\",\"isPartOf\":{\"@id\":\"https:\/\/osaka.ma\/#website\"},\"primaryImageOfPage\":{\"@id\":\"https:\/\/osaka.ma\/product\/pc-gamer-i5-12400f-16gb-512gb-rtx4060\/#primaryimage\"},\"image\":{\"@id\":\"https:\/\/osaka.ma\/product\/pc-gamer-i5-12400f-16gb-512gb-rtx4060\/#primaryimage\"},\"thumbnailUrl\":\"https:\/\/osaka.ma\/wp-content\/uploads\/2024\/02\/BOITIER-GAMER-RGB-4FAN-AVEC-CONTROLLER-PC-MAROC-SETUP-GAMING.png\",\"datePublished\":\"2024-03-21T12:51:37+00:00\",\"dateModified\":\"2024-12-18T15:35:51+00:00\",\"breadcrumb\":{\"@id\":\"https:\/\/osaka.ma\/product\/pc-gamer-i5-12400f-16gb-512gb-rtx4060\/#breadcrumb\"},\"inLanguage\":\"de-DE\",\"potentialAction\":[{\"@type\":\"ReadAction\",\"target\":[\"https:\/\/osaka.ma\/product\/pc-gamer-i5-12400f-16gb-512gb-rtx4060\/\"]}]},{\"@type\":\"ImageObject\",\"inLanguage\":\"de-DE\",\"@id\":\"https:\/\/osaka.ma\/product\/pc-gamer-i5-12400f-16gb-512gb-rtx4060\/#primaryimage\",\"url\":\"https:\/\/osaka.ma\/wp-content\/uploads\/2024\/02\/BOITIER-GAMER-RGB-4FAN-AVEC-CONTROLLER-PC-MAROC-SETUP-GAMING.png\",\"contentUrl\":\"https:\/\/osaka.ma\/wp-content\/uploads\/2024\/02\/BOITIER-GAMER-RGB-4FAN-AVEC-CONTROLLER-PC-MAROC-SETUP-GAMING.png\",\"width\":2160,\"height\":2160},{\"@type\":\"BreadcrumbList\",\"@id\":\"https:\/\/osaka.ma\/product\/pc-gamer-i5-12400f-16gb-512gb-rtx4060\/#breadcrumb\",\"itemListElement\":[{\"@type\":\"ListItem\",\"position\":1,\"name\":\"Home\",\"item\":\"https:\/\/osaka.ma\/\"},{\"@type\":\"ListItem\",\"position\":2,\"name\":\"Shop\",\"item\":\"https:\/\/osaka.ma\/shop-2\/\"},{\"@type\":\"ListItem\",\"position\":3,\"name\":\"PC Gamer I5-12400F\/16GB\/512GB\/RTX4060\"}]},{\"@type\":\"WebSite\",\"@id\":\"https:\/\/osaka.ma\/#website\",\"url\":\"https:\/\/osaka.ma\/\",\"name\":\"Osaka\",\"description\":\"\",\"publisher\":{\"@id\":\"https:\/\/osaka.ma\/#organization\"},\"potentialAction\":[{\"@type\":\"SearchAction\",\"target\":{\"@type\":\"EntryPoint\",\"urlTemplate\":\"https:\/\/osaka.ma\/?s={search_term_string}\"},\"query-input\":{\"@type\":\"PropertyValueSpecification\",\"valueRequired\":true,\"valueName\":\"search_term_string\"}}],\"inLanguage\":\"de-DE\"},{\"@type\":\"Organization\",\"@id\":\"https:\/\/osaka.ma\/#organization\",\"name\":\"Osaka\",\"url\":\"https:\/\/osaka.ma\/\",\"logo\":{\"@type\":\"ImageObject\",\"inLanguage\":\"de-DE\",\"@id\":\"https:\/\/osaka.ma\/#\/schema\/logo\/image\/\",\"url\":\"https:\/\/osaka.ma\/wp-content\/uploads\/2026\/01\/model-slogan-logo-2Plan-de-travail-1dksl-plus-finnn.png\",\"contentUrl\":\"https:\/\/osaka.ma\/wp-content\/uploads\/2026\/01\/model-slogan-logo-2Plan-de-travail-1dksl-plus-finnn.png\",\"width\":842,\"height\":226,\"caption\":\"Osaka\"},\"image\":{\"@id\":\"https:\/\/osaka.ma\/#\/schema\/logo\/image\/\"}}]}<\/script>\n<!-- \/ Yoast SEO plugin. -->","yoast_head_json":{"title":"PC Gamer I5-12400F\/16GB\/512GB\/RTX4060 - Osaka","robots":{"index":"index","follow":"follow","max-snippet":"max-snippet:-1","max-image-preview":"max-image-preview:large","max-video-preview":"max-video-preview:-1"},"canonical":"https:\/\/osaka.ma\/product\/pc-gamer-i5-12400f-16gb-512gb-rtx4060\/","og_locale":"de_DE","og_type":"article","og_title":"PC Gamer I5-12400F\/16GB\/512GB\/RTX4060 - Osaka","og_url":"https:\/\/osaka.ma\/product\/pc-gamer-i5-12400f-16gb-512gb-rtx4060\/","og_site_name":"Osaka","article_modified_time":"2024-12-18T15:35:51+00:00","og_image":[{"width":1024,"height":1024,"url":"https:\/\/osaka.ma\/wp-content\/uploads\/2024\/02\/BOITIER-GAMER-RGB-4FAN-AVEC-CONTROLLER-PC-MAROC-SETUP-GAMING-1024x1024.png","type":"image\/png"}],"twitter_card":"summary_large_image","twitter_misc":{"Est. reading time":"3 minutes"},"schema":{"@context":"https:\/\/schema.org","@graph":[{"@type":"WebPage","@id":"https:\/\/osaka.ma\/product\/pc-gamer-i5-12400f-16gb-512gb-rtx4060\/","url":"https:\/\/osaka.ma\/product\/pc-gamer-i5-12400f-16gb-512gb-rtx4060\/","name":"PC Gamer I5-12400F\/16GB\/512GB\/RTX4060 - Osaka","isPartOf":{"@id":"https:\/\/osaka.ma\/#website"},"primaryImageOfPage":{"@id":"https:\/\/osaka.ma\/product\/pc-gamer-i5-12400f-16gb-512gb-rtx4060\/#primaryimage"},"image":{"@id":"https:\/\/osaka.ma\/product\/pc-gamer-i5-12400f-16gb-512gb-rtx4060\/#primaryimage"},"thumbnailUrl":"https:\/\/osaka.ma\/wp-content\/uploads\/2024\/02\/BOITIER-GAMER-RGB-4FAN-AVEC-CONTROLLER-PC-MAROC-SETUP-GAMING.png","datePublished":"2024-03-21T12:51:37+00:00","dateModified":"2024-12-18T15:35:51+00:00","breadcrumb":{"@id":"https:\/\/osaka.ma\/product\/pc-gamer-i5-12400f-16gb-512gb-rtx4060\/#breadcrumb"},"inLanguage":"de-DE","potentialAction":[{"@type":"ReadAction","target":["https:\/\/osaka.ma\/product\/pc-gamer-i5-12400f-16gb-512gb-rtx4060\/"]}]},{"@type":"ImageObject","inLanguage":"de-DE","@id":"https:\/\/osaka.ma\/product\/pc-gamer-i5-12400f-16gb-512gb-rtx4060\/#primaryimage","url":"https:\/\/osaka.ma\/wp-content\/uploads\/2024\/02\/BOITIER-GAMER-RGB-4FAN-AVEC-CONTROLLER-PC-MAROC-SETUP-GAMING.png","contentUrl":"https:\/\/osaka.ma\/wp-content\/uploads\/2024\/02\/BOITIER-GAMER-RGB-4FAN-AVEC-CONTROLLER-PC-MAROC-SETUP-GAMING.png","width":2160,"height":2160},{"@type":"BreadcrumbList","@id":"https:\/\/osaka.ma\/product\/pc-gamer-i5-12400f-16gb-512gb-rtx4060\/#breadcrumb","itemListElement":[{"@type":"ListItem","position":1,"name":"Home","item":"https:\/\/osaka.ma\/"},{"@type":"ListItem","position":2,"name":"Shop","item":"https:\/\/osaka.ma\/shop-2\/"},{"@type":"ListItem","position":3,"name":"PC Gamer I5-12400F\/16GB\/512GB\/RTX4060"}]},{"@type":"WebSite","@id":"https:\/\/osaka.ma\/#website","url":"https:\/\/osaka.ma\/","name":"Osaka","description":"","publisher":{"@id":"https:\/\/osaka.ma\/#organization"},"potentialAction":[{"@type":"SearchAction","target":{"@type":"EntryPoint","urlTemplate":"https:\/\/osaka.ma\/?s={search_term_string}"},"query-input":{"@type":"PropertyValueSpecification","valueRequired":true,"valueName":"search_term_string"}}],"inLanguage":"de-DE"},{"@type":"Organization","@id":"https:\/\/osaka.ma\/#organization","name":"Osaka","url":"https:\/\/osaka.ma\/","logo":{"@type":"ImageObject","inLanguage":"de-DE","@id":"https:\/\/osaka.ma\/#\/schema\/logo\/image\/","url":"https:\/\/osaka.ma\/wp-content\/uploads\/2026\/01\/model-slogan-logo-2Plan-de-travail-1dksl-plus-finnn.png","contentUrl":"https:\/\/osaka.ma\/wp-content\/uploads\/2026\/01\/model-slogan-logo-2Plan-de-travail-1dksl-plus-finnn.png","width":842,"height":226,"caption":"Osaka"},"image":{"@id":"https:\/\/osaka.ma\/#\/schema\/logo\/image\/"}}]}},"jetpack_sharing_enabled":true,"brands":[],"_links":{"self":[{"href":"https:\/\/osaka.ma\/de\/wp-json\/wp\/v2\/product\/7828","targetHints":{"allow":["GET"]}}],"collection":[{"href":"https:\/\/osaka.ma\/de\/wp-json\/wp\/v2\/product"}],"about":[{"href":"https:\/\/osaka.ma\/de\/wp-json\/wp\/v2\/types\/product"}],"version-history":[{"count":0,"href":"https:\/\/osaka.ma\/de\/wp-json\/wp\/v2\/product\/7828\/revisions"}],"wp:featuredmedia":[{"embeddable":true,"href":"https:\/\/osaka.ma\/de\/wp-json\/wp\/v2\/media\/1008117"}],"wp:attachment":[{"href":"https:\/\/osaka.ma\/de\/wp-json\/wp\/v2\/media?parent=7828"}],"wp:term":[{"taxonomy":"pwb-brand","embeddable":true,"href":"https:\/\/osaka.ma\/de\/wp-json\/wp\/v2\/pwb-brand?post=7828"},{"taxonomy":"product_brand","embeddable":true,"href":"https:\/\/osaka.ma\/de\/wp-json\/wp\/v2\/product_brand?post=7828"},{"taxonomy":"product_cat","embeddable":true,"href":"https:\/\/osaka.ma\/de\/wp-json\/wp\/v2\/product_cat?post=7828"},{"taxonomy":"product_tag","embeddable":true,"href":"https:\/\/osaka.ma\/de\/wp-json\/wp\/v2\/product_tag?post=7828"},{"taxonomy":"pcb_component_type","embeddable":true,"href":"https:\/\/osaka.ma\/de\/wp-json\/wp\/v2\/pcb_component_type?post=7828"}],"curies":[{"name":"wp","href":"https:\/\/api.w.org\/{rel}","templated":true}]}}