{"id":8065,"date":"2024-03-27T18:25:26","date_gmt":"2024-03-27T18:25:26","guid":{"rendered":"https:\/\/osaka.ma\/?post_type=product&#038;p=8065"},"modified":"2025-12-21T13:03:08","modified_gmt":"2025-12-21T12:03:08","slug":"pate-thermique-arctic-mx-4-8g","status":"publish","type":"product","link":"https:\/\/osaka.ma\/de\/product\/pate-thermique-arctic-mx-4-8g\/","title":{"rendered":"Pate thermique ARCTIC MX-4 8g"},"content":{"rendered":"<div class=\"product-detail-description-block bg-secondary \">\n<div class=\"container py-5 \">\n<div class=\"cms\">\n<div class=\"row align-items-center\">\n<div class=\"col-12 col-md-6\"><a href=\"https:\/\/www.arctic.de\/media\/7d\/82\/ec\/1686298898\/MX-4_viscosity_EN.jpg\" data-fslightbox=\"\" target=\"_blank\" rel=\"noopener\"><img fetchpriority=\"high\" decoding=\"async\" class=\"w-100\" title=\"MX-4_viscosity_EN\" src=\"https:\/\/www.arctic.de\/media\/7d\/82\/ec\/1686298898\/MX-4_viscosity_EN.jpg\" alt=\"MX-4_viscosity_EN\" width=\"1085\" height=\"638\" \/><\/a><\/div>\n<div class=\"col-12 col-md-6\">\n<div class=\"additionalcontent-text py-5\">\n<h3>Optimal Consistency for Every Application<\/h3>\n<p>Depending on personal preference and area of application, a thinner or thicker thermal compound may be preferred. Excellent non-drying and non-bleeding properties ensure constant long-term performance. With ARCTIC thermal pastes you will find the optimal viscosity for your application.<\/p>\n<\/div>\n<\/div>\n<\/div>\n<\/div>\n<\/div>\n<\/div>\n<div class=\"product-detail-description-block bg-secondary \">\n<div class=\"container \">\n<div class=\"cms\">\n<div class=\"row align-items-center\">\n<div class=\"col-12 col-md-6\"><a href=\"https:\/\/www.arctic.de\/media\/4d\/70\/f5\/1667313901\/MX-4_cooler-mx-cpu.jpg\" data-fslightbox=\"\" target=\"_blank\" rel=\"noopener\"><img decoding=\"async\" class=\"w-100\" title=\"MX-4_cooler-mx-cpu\" src=\"https:\/\/www.arctic.de\/media\/4d\/70\/f5\/1667313901\/MX-4_cooler-mx-cpu.jpg\" alt=\"MX-4_cooler-mx-cpu\" \/><\/a><\/div>\n<div class=\"col-12 col-md-6\">\n<div class=\"additionalcontent-text py-5\">\n<h3>Highest Thermal Conductivity<\/h3>\n<p>The surfaces of processor chips and cooler floors are covered with microscopic dents; ARCTIC\u2018s MX-4 thermal paste is composed of microparticles which fill these cavities. This leads to extremely high thermal conductivity, guaranteeing that heat is dissipated quickly and efficiently from the CPU or GPU. With its outstanding performance, the MX-4 is not only an excellent choice for overclockers and enthusiasts, but also for other applications that require thermal transmission.\u00a0 MX-4 proves without a doubt that great performance does not necessarily require a high price.<\/p>\n<\/div>\n<\/div>\n<\/div>\n<\/div>\n<\/div>\n<\/div>\n<div class=\"product-detail-description-block bg-secondary \">\n<div class=\"container py-5 \">\n<div class=\"cms\">\n<div class=\"row align-items-center\">\n<div class=\"col-12 col-md-6\"><a href=\"https:\/\/www.arctic.de\/media\/50\/82\/1b\/1667313901\/MX-4_easy-application.jpg\" data-fslightbox=\"\" target=\"_blank\" rel=\"noopener\"><img decoding=\"async\" class=\"w-100\" title=\"MX-4_easy-application\" src=\"https:\/\/www.arctic.de\/media\/50\/82\/1b\/1667313901\/MX-4_easy-application.jpg\" alt=\"MX-4_easy-application\" \/><\/a><\/div>\n<div class=\"col-12 col-md-6\">\n<div class=\"additionalcontent-text py-5\">\n<h3>Easy Application<\/h3>\n<div>Thanks to its consistency, MX-4 is easy to apply, even for beginners. The video below demonstrates the application technique to avoid air pockets between processors and coolers.<\/div>\n<div><\/div>\n<div><\/div>\n<\/div>\n<\/div>\n<\/div>\n<\/div>\n<\/div>\n<\/div>\n<div class=\"product-detail-description-block bg-secondary \">\n<div class=\"container \">\n<div class=\"cms\">\n<div class=\"row align-items-center\">\n<div class=\"col-12 col-md-6\"><a href=\"https:\/\/www.arctic.de\/media\/2d\/65\/e8\/1667313901\/MX-4_secure-usage.jpg\" data-fslightbox=\"\" target=\"_blank\" rel=\"noopener\"><img decoding=\"async\" class=\"w-100\" title=\"MX-4_secure-usage\" src=\"https:\/\/www.arctic.de\/media\/2d\/65\/e8\/1667313901\/MX-4_secure-usage.jpg\" alt=\"MX-4_secure-usage\" \/><\/a><\/div>\n<div class=\"col-12 col-md-6\">\n<div class=\"additionalcontent-text py-5\">\n<h3>Secure Usage<\/h3>\n<p>In contrast to pastes based on metal oxides or liquid metal, ARCTIC\u2019s MX-4 is metal-free and not electrically conductive.<\/p>\n<\/div>\n<\/div>\n<\/div>\n<\/div>\n<\/div>\n<\/div>\n<div class=\"product-detail-description-block bg-secondary \">\n<div class=\"container py-5 \">\n<div class=\"cms\">\n<div class=\"row align-items-center\">\n<div class=\"col-12 col-md-6\"><a href=\"https:\/\/www.arctic.de\/media\/61\/8b\/b4\/1667313901\/MX-4_available-sizes.jpg\" data-fslightbox=\"\" target=\"_blank\" rel=\"noopener\"><img decoding=\"async\" class=\"w-100\" title=\"MX-4_available-sizes\" src=\"https:\/\/www.arctic.de\/media\/61\/8b\/b4\/1667313901\/MX-4_available-sizes.jpg\" alt=\"MX-4_available-sizes\" \/><\/a><\/div>\n<div class=\"col-12 col-md-6\">\n<div class=\"additionalcontent-text py-5\">\n<h3>Available in Various Sizes<\/h3>\n<p>ARCTIC MX-4 is available in sizes ranging from 2 to 45 grams. Resealable packaging prevents the paste from drying out.<\/p>\n<\/div>\n<\/div>\n<\/div>\n<\/div>\n<\/div>\n<\/div>\n<div class=\"product-detail-description-block bg-secondary \">\n<div class=\"container \">\n<div class=\"cms\">\n<div class=\"row align-items-center\">\n<div class=\"col-12 col-md-6\"><a href=\"https:\/\/www.arctic.de\/media\/d8\/a0\/e4\/1667313901\/MX-4_proven-quality.jpg\" data-fslightbox=\"\" target=\"_blank\" rel=\"noopener\"><img decoding=\"async\" class=\"w-100\" title=\"MX-4_proven-quality\" src=\"https:\/\/www.arctic.de\/media\/d8\/a0\/e4\/1667313901\/MX-4_proven-quality.jpg\" alt=\"MX-4_proven-quality\" \/><\/a><\/div>\n<div class=\"col-12 col-md-6\">\n<div class=\"additionalcontent-text py-5\">\n<h3>Proven Quality<\/h3>\n<p>While the packaging of our thermal paste has changed several times over the years, the composition of the formula has remained the same. Our MX pastes have long stood for high performance and quality, and with our new, recyclable packaging, we aim to reduce CO<sub>2<\/sub>\u00a0emissions and thus make a contribution to the environment.<\/p>\n<\/div>\n<\/div>\n<\/div>\n<\/div>\n<\/div>\n<\/div>\n<div class=\"product-detail-description-block bg-secondary \">\n<div class=\"container py-5 \">\n<div class=\"cms\">\n<div class=\"row align-items-center\">\n<div class=\"col-12 col-md-6\"><a href=\"https:\/\/www.arctic.de\/media\/2d\/1e\/82\/1685532353\/MX-4_authenticity.jpg\" data-fslightbox=\"\" target=\"_blank\" rel=\"noopener\"><img decoding=\"async\" class=\"w-100\" title=\"MX-4 Authenticity\" src=\"https:\/\/www.arctic.de\/media\/2d\/1e\/82\/1685532353\/MX-4_authenticity.jpg\" alt=\"MX-4 Authenticity\" \/><\/a><\/div>\n<div class=\"col-12 col-md-6\">\n<div class=\"additionalcontent-text py-5\">\n<h3>Often Copied, but Never Equaled<\/h3>\n<p>ARCTIC&#8217;s thermal pastes have always been one of the most popular products on the TIM market. To be able to ensure that a paste has been produced and filled under ARCTIC regulations and thus meets our high quality standards, we have the\u00a0ARCTIC Authenticity Check.\u00a0This means that every product can be reliably verified so that our customers are always on the safe side.<\/p>\n<\/div>\n<\/div>\n<\/div>\n<\/div>\n<\/div>\n<\/div>\n","protected":false},"excerpt":{"rendered":"<h2>MX-4\u00a0 : Encore plus efficace<\/h2>\n<div>La p\u00e2te thermique\u00a0<strong>Arctic MX-4\u00a0<\/strong>\u00a0permet une dissipation thermique am\u00e9lior\u00e9e de votre processeur et offre la stabilit\u00e9 de votre configuration pour en tirer le meilleur. La MX-4 dispose d\u2019un rapport performances\/prix avantageux, elle est un choix judicieux pour les overclockeurs en qu\u00eate de la p\u00e2te thermique ultime et les personnes cherchant une efficacit\u00e9 longue dur\u00e9e.<\/div>\n<h2>Caract\u00e9ristiques principales :<\/h2>\n<ul>\n<li>Facile \u00e0 appliquer<\/li>\n<li>Efficacit\u00e9 : 8 ans<\/li>\n<li>Conductivit\u00e9 thermique : 8.5 W\/(mK)<\/li>\n<li>Ne conduit pas l\u2019\u00e9lectricit\u00e9<\/li>\n<li>Seringue de 8\u00a0grammes<\/li>\n<\/ul>\n","protected":false},"featured_media":1008066,"template":"","meta":{"_acf_changed":false},"pwb-brand":[],"product_brand":[127],"product_cat":[17,82],"product_tag":[],"pcb_component_type":[],"class_list":{"0":"post-8065","1":"product","2":"type-product","3":"status-publish","4":"has-post-thumbnail","6":"product_brand-arctic","7":"product_cat-composants-gaming","8":"product_cat-refroidissement","10":"first","11":"instock","12":"sale","13":"shipping-taxable","14":"purchasable","15":"product-type-simple"},"translation":{"provider":"WPGlobus","version":"3.0.2","language":"de","enabled_languages":["en","es","de","fr","ru"],"languages":{"en":{"title":true,"content":true,"excerpt":true},"es":{"title":false,"content":false,"excerpt":false},"de":{"title":false,"content":false,"excerpt":false},"fr":{"title":false,"content":false,"excerpt":false},"ru":{"title":false,"content":false,"excerpt":false}}},"acf":[],"yoast_head":"<!-- This site is optimized with the Yoast SEO plugin v27.2 - https:\/\/yoast.com\/product\/yoast-seo-wordpress\/ -->\n<title>Pate thermique ARCTIC MX-4 8g - Osaka<\/title>\n<meta name=\"robots\" content=\"index, follow, max-snippet:-1, max-image-preview:large, max-video-preview:-1\" \/>\n<link rel=\"canonical\" href=\"https:\/\/osaka.ma\/product\/pate-thermique-arctic-mx-4-8g\/\" \/>\n<meta property=\"og:locale\" content=\"de_DE\" \/>\n<meta property=\"og:type\" content=\"article\" \/>\n<meta property=\"og:title\" content=\"Pate thermique ARCTIC MX-4 8g - Osaka\" \/>\n<meta property=\"og:url\" content=\"https:\/\/osaka.ma\/product\/pate-thermique-arctic-mx-4-8g\/\" \/>\n<meta property=\"og:site_name\" content=\"Osaka\" \/>\n<meta property=\"article:modified_time\" content=\"2025-12-21T12:03:08+00:00\" \/>\n<meta property=\"og:image\" content=\"https:\/\/osaka.ma\/wp-content\/uploads\/2024\/03\/Arctic-MX-4-8G.jpg\" \/>\n\t<meta property=\"og:image:width\" content=\"500\" \/>\n\t<meta property=\"og:image:height\" content=\"500\" \/>\n\t<meta property=\"og:image:type\" content=\"image\/jpeg\" \/>\n<meta name=\"twitter:card\" content=\"summary_large_image\" \/>\n<meta name=\"twitter:label1\" content=\"Est. reading time\" \/>\n\t<meta name=\"twitter:data1\" content=\"4 minutes\" \/>\n<script type=\"application\/ld+json\" class=\"yoast-schema-graph\">{\"@context\":\"https:\/\/schema.org\",\"@graph\":[{\"@type\":\"WebPage\",\"@id\":\"https:\/\/osaka.ma\/product\/pate-thermique-arctic-mx-4-8g\/\",\"url\":\"https:\/\/osaka.ma\/product\/pate-thermique-arctic-mx-4-8g\/\",\"name\":\"Pate thermique ARCTIC MX-4 8g - Osaka\",\"isPartOf\":{\"@id\":\"https:\/\/osaka.ma\/#website\"},\"primaryImageOfPage\":{\"@id\":\"https:\/\/osaka.ma\/product\/pate-thermique-arctic-mx-4-8g\/#primaryimage\"},\"image\":{\"@id\":\"https:\/\/osaka.ma\/product\/pate-thermique-arctic-mx-4-8g\/#primaryimage\"},\"thumbnailUrl\":\"https:\/\/osaka.ma\/wp-content\/uploads\/2024\/03\/Arctic-MX-4-8G.jpg\",\"datePublished\":\"2024-03-27T18:25:26+00:00\",\"dateModified\":\"2025-12-21T12:03:08+00:00\",\"breadcrumb\":{\"@id\":\"https:\/\/osaka.ma\/product\/pate-thermique-arctic-mx-4-8g\/#breadcrumb\"},\"inLanguage\":\"de-DE\",\"potentialAction\":[{\"@type\":\"ReadAction\",\"target\":[\"https:\/\/osaka.ma\/product\/pate-thermique-arctic-mx-4-8g\/\"]}]},{\"@type\":\"ImageObject\",\"inLanguage\":\"de-DE\",\"@id\":\"https:\/\/osaka.ma\/product\/pate-thermique-arctic-mx-4-8g\/#primaryimage\",\"url\":\"https:\/\/osaka.ma\/wp-content\/uploads\/2024\/03\/Arctic-MX-4-8G.jpg\",\"contentUrl\":\"https:\/\/osaka.ma\/wp-content\/uploads\/2024\/03\/Arctic-MX-4-8G.jpg\",\"width\":500,\"height\":500},{\"@type\":\"BreadcrumbList\",\"@id\":\"https:\/\/osaka.ma\/product\/pate-thermique-arctic-mx-4-8g\/#breadcrumb\",\"itemListElement\":[{\"@type\":\"ListItem\",\"position\":1,\"name\":\"Home\",\"item\":\"https:\/\/osaka.ma\/\"},{\"@type\":\"ListItem\",\"position\":2,\"name\":\"Shop\",\"item\":\"https:\/\/osaka.ma\/shop-2\/\"},{\"@type\":\"ListItem\",\"position\":3,\"name\":\"Pate thermique ARCTIC MX-4 8g\"}]},{\"@type\":\"WebSite\",\"@id\":\"https:\/\/osaka.ma\/#website\",\"url\":\"https:\/\/osaka.ma\/\",\"name\":\"Osaka\",\"description\":\"\",\"publisher\":{\"@id\":\"https:\/\/osaka.ma\/#organization\"},\"potentialAction\":[{\"@type\":\"SearchAction\",\"target\":{\"@type\":\"EntryPoint\",\"urlTemplate\":\"https:\/\/osaka.ma\/?s={search_term_string}\"},\"query-input\":{\"@type\":\"PropertyValueSpecification\",\"valueRequired\":true,\"valueName\":\"search_term_string\"}}],\"inLanguage\":\"de-DE\"},{\"@type\":\"Organization\",\"@id\":\"https:\/\/osaka.ma\/#organization\",\"name\":\"Osaka\",\"url\":\"https:\/\/osaka.ma\/\",\"logo\":{\"@type\":\"ImageObject\",\"inLanguage\":\"de-DE\",\"@id\":\"https:\/\/osaka.ma\/#\/schema\/logo\/image\/\",\"url\":\"https:\/\/osaka.ma\/wp-content\/uploads\/2026\/01\/model-slogan-logo-2Plan-de-travail-1dksl-plus-finnn.png\",\"contentUrl\":\"https:\/\/osaka.ma\/wp-content\/uploads\/2026\/01\/model-slogan-logo-2Plan-de-travail-1dksl-plus-finnn.png\",\"width\":842,\"height\":226,\"caption\":\"Osaka\"},\"image\":{\"@id\":\"https:\/\/osaka.ma\/#\/schema\/logo\/image\/\"}}]}<\/script>\n<!-- \/ Yoast SEO plugin. -->","yoast_head_json":{"title":"Pate thermique ARCTIC MX-4 8g - Osaka","robots":{"index":"index","follow":"follow","max-snippet":"max-snippet:-1","max-image-preview":"max-image-preview:large","max-video-preview":"max-video-preview:-1"},"canonical":"https:\/\/osaka.ma\/product\/pate-thermique-arctic-mx-4-8g\/","og_locale":"de_DE","og_type":"article","og_title":"Pate thermique ARCTIC MX-4 8g - Osaka","og_url":"https:\/\/osaka.ma\/product\/pate-thermique-arctic-mx-4-8g\/","og_site_name":"Osaka","article_modified_time":"2025-12-21T12:03:08+00:00","og_image":[{"width":500,"height":500,"url":"https:\/\/osaka.ma\/wp-content\/uploads\/2024\/03\/Arctic-MX-4-8G.jpg","type":"image\/jpeg"}],"twitter_card":"summary_large_image","twitter_misc":{"Est. reading time":"4 minutes"},"schema":{"@context":"https:\/\/schema.org","@graph":[{"@type":"WebPage","@id":"https:\/\/osaka.ma\/product\/pate-thermique-arctic-mx-4-8g\/","url":"https:\/\/osaka.ma\/product\/pate-thermique-arctic-mx-4-8g\/","name":"Pate thermique ARCTIC MX-4 8g - Osaka","isPartOf":{"@id":"https:\/\/osaka.ma\/#website"},"primaryImageOfPage":{"@id":"https:\/\/osaka.ma\/product\/pate-thermique-arctic-mx-4-8g\/#primaryimage"},"image":{"@id":"https:\/\/osaka.ma\/product\/pate-thermique-arctic-mx-4-8g\/#primaryimage"},"thumbnailUrl":"https:\/\/osaka.ma\/wp-content\/uploads\/2024\/03\/Arctic-MX-4-8G.jpg","datePublished":"2024-03-27T18:25:26+00:00","dateModified":"2025-12-21T12:03:08+00:00","breadcrumb":{"@id":"https:\/\/osaka.ma\/product\/pate-thermique-arctic-mx-4-8g\/#breadcrumb"},"inLanguage":"de-DE","potentialAction":[{"@type":"ReadAction","target":["https:\/\/osaka.ma\/product\/pate-thermique-arctic-mx-4-8g\/"]}]},{"@type":"ImageObject","inLanguage":"de-DE","@id":"https:\/\/osaka.ma\/product\/pate-thermique-arctic-mx-4-8g\/#primaryimage","url":"https:\/\/osaka.ma\/wp-content\/uploads\/2024\/03\/Arctic-MX-4-8G.jpg","contentUrl":"https:\/\/osaka.ma\/wp-content\/uploads\/2024\/03\/Arctic-MX-4-8G.jpg","width":500,"height":500},{"@type":"BreadcrumbList","@id":"https:\/\/osaka.ma\/product\/pate-thermique-arctic-mx-4-8g\/#breadcrumb","itemListElement":[{"@type":"ListItem","position":1,"name":"Home","item":"https:\/\/osaka.ma\/"},{"@type":"ListItem","position":2,"name":"Shop","item":"https:\/\/osaka.ma\/shop-2\/"},{"@type":"ListItem","position":3,"name":"Pate thermique ARCTIC MX-4 8g"}]},{"@type":"WebSite","@id":"https:\/\/osaka.ma\/#website","url":"https:\/\/osaka.ma\/","name":"Osaka","description":"","publisher":{"@id":"https:\/\/osaka.ma\/#organization"},"potentialAction":[{"@type":"SearchAction","target":{"@type":"EntryPoint","urlTemplate":"https:\/\/osaka.ma\/?s={search_term_string}"},"query-input":{"@type":"PropertyValueSpecification","valueRequired":true,"valueName":"search_term_string"}}],"inLanguage":"de-DE"},{"@type":"Organization","@id":"https:\/\/osaka.ma\/#organization","name":"Osaka","url":"https:\/\/osaka.ma\/","logo":{"@type":"ImageObject","inLanguage":"de-DE","@id":"https:\/\/osaka.ma\/#\/schema\/logo\/image\/","url":"https:\/\/osaka.ma\/wp-content\/uploads\/2026\/01\/model-slogan-logo-2Plan-de-travail-1dksl-plus-finnn.png","contentUrl":"https:\/\/osaka.ma\/wp-content\/uploads\/2026\/01\/model-slogan-logo-2Plan-de-travail-1dksl-plus-finnn.png","width":842,"height":226,"caption":"Osaka"},"image":{"@id":"https:\/\/osaka.ma\/#\/schema\/logo\/image\/"}}]}},"jetpack_sharing_enabled":true,"brands":[],"_links":{"self":[{"href":"https:\/\/osaka.ma\/de\/wp-json\/wp\/v2\/product\/8065","targetHints":{"allow":["GET"]}}],"collection":[{"href":"https:\/\/osaka.ma\/de\/wp-json\/wp\/v2\/product"}],"about":[{"href":"https:\/\/osaka.ma\/de\/wp-json\/wp\/v2\/types\/product"}],"version-history":[{"count":0,"href":"https:\/\/osaka.ma\/de\/wp-json\/wp\/v2\/product\/8065\/revisions"}],"wp:featuredmedia":[{"embeddable":true,"href":"https:\/\/osaka.ma\/de\/wp-json\/wp\/v2\/media\/1008066"}],"wp:attachment":[{"href":"https:\/\/osaka.ma\/de\/wp-json\/wp\/v2\/media?parent=8065"}],"wp:term":[{"taxonomy":"pwb-brand","embeddable":true,"href":"https:\/\/osaka.ma\/de\/wp-json\/wp\/v2\/pwb-brand?post=8065"},{"taxonomy":"product_brand","embeddable":true,"href":"https:\/\/osaka.ma\/de\/wp-json\/wp\/v2\/product_brand?post=8065"},{"taxonomy":"product_cat","embeddable":true,"href":"https:\/\/osaka.ma\/de\/wp-json\/wp\/v2\/product_cat?post=8065"},{"taxonomy":"product_tag","embeddable":true,"href":"https:\/\/osaka.ma\/de\/wp-json\/wp\/v2\/product_tag?post=8065"},{"taxonomy":"pcb_component_type","embeddable":true,"href":"https:\/\/osaka.ma\/de\/wp-json\/wp\/v2\/pcb_component_type?post=8065"}],"curies":[{"name":"wp","href":"https:\/\/api.w.org\/{rel}","templated":true}]}}