{"id":8530,"date":"2024-04-22T17:38:35","date_gmt":"2024-04-22T17:38:35","guid":{"rendered":"https:\/\/osaka.ma\/?post_type=product&#038;p=8530"},"modified":"2026-01-16T17:23:13","modified_gmt":"2026-01-16T16:23:13","slug":"setup-gamer-osaka-gaming-the-optix-ryzen-7-5700x-rtx4060-msi-optix-g2412-cooler-master-devastator-3-rgb-2in1","status":"publish","type":"product","link":"https:\/\/osaka.ma\/de\/product\/setup-gamer-osaka-gaming-the-optix-ryzen-7-5700x-rtx4060-msi-optix-g2412-cooler-master-devastator-3-rgb-2in1\/","title":{"rendered":"SETUP Gamer OSAKA GAMING THE OPTIX Ryzen 7 5700X RTX4060 + MSI Optix G2412 + Cooler Master Devastator 3 RGB 2in1"},"content":{"rendered":"<p><img decoding=\"async\" class=\" wp-image-6550 aligncenter\" src=\"https:\/\/osaka.ma\/wp-content\/uploads\/2023\/10\/OSA-1.png\" alt=\"\" width=\"294\" height=\"113\" \/><\/p>\n<p><i><img decoding=\"async\" class=\"\" src=\"https:\/\/media.ldlc.com\/bo\/images\/fiches\/kit_upgrade\/case_80.png\" alt=\"\" width=\"48\" height=\"48\" \/><\/i>PC Gamer Osaka vous offre une configuration AMD RYZEN\u2122 avec des composants \u00e9quilibr\u00e9e avec un bon prix, ce PC Gamer compos\u00e9 d\u2019un processeur AMD RYZEN\u2122 7 5700X ainsi que d\u2019une carte graphiqueNVIDIA GEFORCE RTX 4060 8GB\u00a0 MSI VENTUS XS Il int\u00e8gre \u00e9galement un SSD 500GB pour un syst\u00e8me toujours plus rapide et 16 (8\u00d72) Go de RAM. Voila les atouts de ce PC puissant taill\u00e9 pour travailler dans les meilleures conditions.<\/p>\n<ul>\n<li>Processeur\u00a0<a href=\"https:\/\/osaka.ma\/produit\/amd-ryzen-7-5700x-3-4-ghz-4-6-ghz\/\"><strong>RYZEN 7 5700X TRAY (3.4 GHz \/ 4.6 GHz)<\/strong><\/a><\/li>\n<li>Carte m\u00e8re<a href=\"https:\/\/osaka.ma\/produit\/asus-prime-b450-plus\/\"><strong>\u00a0ASUS PRIME B450M PLUS<\/strong><\/a><\/li>\n<li>Ram\u00a0<a href=\"https:\/\/osaka.ma\/produit\/32gb-8x4-corsair-rs-rgb-3600mhz\/\"><strong>16GB(8\u00d72) CORSAIR LPX 3200MHZ<\/strong><\/a><\/li>\n<li>Carte graphique<strong>\u00a0<a href=\"https:\/\/osaka.ma\/produit\/msi-gaming-x-rtx-4060-8gb\/\">MSI VENTUS XS RTX 4060 8GB<\/a><\/strong><\/li>\n<li>Bo\u00eetier<a href=\"https:\/\/osaka.ma\/produit\/aerocool-ore-saturn-frgb\/\"><strong>\u00a0BOITIER RGB 4FAN + CONTROLLER<\/strong><\/a><\/li>\n<li>SSD\u00a0<a href=\"https:\/\/osaka.ma\/produit\/500gb-pny-cs900-2-5-ssd\/\"><strong>500GB PNY CS900 SATA 2.5 NAND<\/strong><\/a><\/li>\n<li>Ventirad\u00a0<a href=\"https:\/\/osaka.ma\/produit\/mars-gaming-mcpuargb\/\"><strong>MARS GAMING MCPU120\u00a0<\/strong><\/a><\/li>\n<li>Alimentation\u00a0<strong>AEROCOOL LUX RGB 550W +80 BRONZE\u00a0<\/strong><\/li>\n<li><strong>Win11 \/ Bien assembl\u00e9<\/strong><\/li>\n<\/ul>\n<p>&nbsp;<\/p>\n<h2 class=\"h2-master\">Un processeur d\u2019\u00e9lite pour le Jeu Vid\u00e9o<\/h2>\n<section>Le\u00a0<strong>processeur AMD Ryzen 7 5700X\u00a0<\/strong>est optimis\u00e9 pour le jeu vid\u00e9o :\u00a0<strong>8 Cores<\/strong>,\u00a0<strong>16\u00a0Threads<\/strong>\u00a0et\u00a0<strong>GameCache 36\u00a0Mo<\/strong>. Sans parler des fr\u00e9quences natives et boost qui atteignent des sommets pour vous permettre de profiter de vos jeux pr\u00e9f\u00e9r\u00e9s dans les meilleures conditions. Associez lui une carte graphique hautes performances et vous pourrez jouer \u00e0 tous les jeux de mani\u00e8re fluide.<\/section>\n<section>\n<div class=\"desc-image\"><img decoding=\"async\" src=\"https:\/\/media.ldlc.com\/bo\/images\/fiches\/processeur\/amd\/vermeer\/amd_ryzen_0001.jpg\" alt=\"\" \/><\/div>\n<div class=\"desc-text\">\n<h2>8\u00a0C\u0152URS NATIFS\u00a0ET 16\u00a0COEURS LOGIQUES<\/h2>\n<p>Le\u00a0<strong>processeur pour PC de bureau\u00a0AMD Ryzen 7 5700X\u00a0<\/strong>propose\u00a0<strong>8 coeurs natifs<\/strong>\u00a0et\u00a0<strong>16 coeurs logiques<\/strong>\u00a0pour un traitement multit\u00e2che agr\u00e9ablement fluide. Gr\u00e2ce \u00e0 sa\u00a0<strong>fr\u00e9quence native \u00e9lev\u00e9e<\/strong>\u00a0et \u00e0 son mode\u00a0<strong><em>Turbo Core<\/em><\/strong>\u00a0ajustant la puissance en fonction des besoins, le\u00a0<strong>CPU AMD Ryzen de nouvelle g\u00e9n\u00e9ration<\/strong>\u00a0d\u00e9livre des performances exceptionnelles dans tous les domaines : Jeux vid\u00e9o, multit\u00e2che intensif, \u00e9dition vid\u00e9o, mod\u00e9lisation 3D et bien plus encore. Le\u00a0<strong>cache L3 de 32\u00a0Mo<\/strong>\u00a0permet en outre le traitement ultrarapide d\u2019un grand nombre d\u2019instructions gr\u00e2ce \u00e0 des latences r\u00e9duites.<\/p>\n<\/div>\n<\/section>\n<div class=\"desc-text\">\n<h2>NVIDIA RTX 4060 : LA MEILLEURE FA\u00c7ON DE JOUER<\/h2>\n<p>Gr\u00e2ce au\u00a0<strong>DLSS 3<\/strong>, au\u00a0<strong>ray tracing \u00e0 haute vitesse<\/strong>\u00a0et aux\u00a0<strong>performances acc\u00e9l\u00e9r\u00e9es par IA<\/strong>, la\u00a0<strong>carte graphique NVIDIA GeForce RTX 4060\u00a0<\/strong>vous permet d\u2019obtenir une qualit\u00e9 graphique exceptionnelle pour jouer dans les meilleures conditions. Immersion totale garantie gr\u00e2ce \u00e0 des graphismes ultra-r\u00e9alistes. Sans oublier bien s\u00fbr la possibilit\u00e9 de cr\u00e9er des contenus r\u00e9volutionnaires rapidement et en toute simplicit\u00e9.<\/p>\n<\/div>\n<div class=\"desc-image\"><img decoding=\"async\" src=\"https:\/\/media.ldlc.com\/bo\/images\/fiches\/Carte_graphique\/NVIDIA\/nvidia_ada_lovelace_003.jpg\" alt=\"\" \/><\/div>\n<div>\n<div class=\"logo\"><a href=\"https:\/\/www.ldlc.com\/msi\/bint000000992\/\" rel=\"nofollow noopener\" target=\"_blank\"><img decoding=\"async\" src=\"https:\/\/media.ldlc.com\/v3\/marque\/bo\/00\/05\/99\/39\/V30005993997.gif\" alt=\"MSI\" \/><\/a><\/div>\n<div id=\"description\" class=\"description\">\n<div class=\"details-pdt-desc\">\n<h2 class=\"h2-master\">Le succ\u00e8s devient r\u00e9el avec MSI<\/h2>\n<section>Avec l&#8217;<strong>\u00e9cran MSI Optix G2412<\/strong>, vous avez toutes les armes pour mener \u00e0 bien vos objectifs gr\u00e2ce \u00e0 son \u00e9cran IPS de 23.8 pouces, sa fr\u00e9quence d&#8217;image maximale de 170 Hz et son support de la technologie AMD FreeSync Premium ! Ce moniteur MSI d\u00e9di\u00e9 au jeu vous fera profiter d&#8217;un affichage fluide avec des couleurs riches et nuanc\u00e9es.<\/section>\n<section>\n<div class=\"desc-image\"><img decoding=\"async\" src=\"https:\/\/media.ldlc.com\/bo\/images\/fiches\/moniteur%20LED\/MSI\/G2412\/801.jpg\" alt=\"\" \/><\/div>\n<div class=\"desc-text\">\n<h2>DES CONDITIONS DE JEU OPTIMALES<\/h2>\n<p>Sur une diagonale de 23.8 pouces, le moniteur MSI Optix G2412 offre une grande richesse visuelle pour accompagner vos exploits. La\u00a0<strong>dalle IPS<\/strong>\u00a0assure des couleurs fid\u00e8les. De son c\u00f4t\u00e9, la\u00a0<strong>r\u00e9solution Full HD<\/strong>\u00a0(1920 x 1080) se montrera confortable \u00e0 chaque utilisation.<\/p>\n<p>Le\u00a0mode\u00a0<strong>Night Vision<\/strong>\u00a0est pr\u00e9sent pour optimiser les zones obscures en augmentant l&#8217;\u00e9clairage dans les endroits concern\u00e9s. Ne vous laissez plus surprendre par vos ennemis ! Enfin, s\u00e9lectionnez les modes de jeu avec pr\u00e9-r\u00e9glages optimis\u00e9s (FPS, course, RTS, RPG).<\/p>\n<\/div>\n<\/section>\n<section>\n<div class=\"desc-text\">\n<h2>AFFICHAGE FLUIDE<\/h2>\n<p>Performant, l&#8217;\u00e9cran MSI Optix G2412 vous dirigera rapidement vers la victoire avec son\u00a0<strong>temps de r\u00e9ponse ultra-rapide de 1 ms (MPRT)<\/strong>\u00a0et son taux de rafra\u00eechissement maximal de\u00a0<strong>170 Hz<\/strong>.\u00a0<strong>Compatible FreeSync Premium,<\/strong>\u00a0il vous assurera des parties fluides sans d\u00e9chirement de l&#8217;image. Ce moniteur offre \u00e9galement un affichage fluide sur console, avec une fr\u00e9quence maximale de 120 Hz.<\/p>\n<\/div>\n<div class=\"desc-image\"><img decoding=\"async\" src=\"https:\/\/media.ldlc.com\/bo\/images\/fiches\/moniteur%20LED\/MSI\/G2412\/802.jpg\" alt=\"\" \/><\/div>\n<div><\/div>\n<div><\/div>\n<\/section>\n<\/div>\n<\/div>\n<\/div>\n<div>\n<table border=\"0\" width=\"100%\" cellspacing=\"1\" cellpadding=\"1\">\n<tbody>\n<tr>\n<td>\n<h2>UN CLAVIER GAMING POUR GAGNER<\/h2>\n<div>Dans le pack Devastator III, vous trouverez tout d&#8217;abord la pr\u00e9sence d&#8217;un clavier membrane avec ses touches grav\u00e9es au laser. Il dispose d&#8217;un r\u00e9tro\u00e9clairage\u00a0<strong>RGB 7 couleurs et deux effets personnalisables<\/strong>\u00a0selon vos envies. Les\u00a0<strong>touches multim\u00e9dia<\/strong>\u00a0vous permettront de prendre le contr\u00f4le lors du visionnage de vos vid\u00e9os.\u00a0De plus, son design moderne est combin\u00e9 \u00e0 une surface douce et r\u00e9sistante pour vous offrir un clavier performant et agr\u00e9able \u00e0 utiliser.<\/div>\n<\/td>\n<td width=\"450\"><img decoding=\"async\" src=\"https:\/\/media.ldlc.com\/bo\/images\/fiches\/clavier%20et%20souris\/cooler%20master\/devastator_iii\/400_1.jpg\" alt=\"\" \/><\/td>\n<\/tr>\n<\/tbody>\n<\/table>\n<div><\/div>\n<table border=\"0\" width=\"100%\" cellspacing=\"1\" cellpadding=\"1\">\n<tbody>\n<tr>\n<td width=\"450\"><img decoding=\"async\" src=\"https:\/\/media.ldlc.com\/bo\/images\/fiches\/clavier%20et%20souris\/cooler%20master\/devastator_iii\/400_2.jpg\" alt=\"\" \/><\/td>\n<td>\n<h2>SOURIS AMBIDEXTRE OPTIQUE<\/h2>\n<div>En plus du clavier, vous pourrez utiliser cette\u00a0<strong>souris optique ambidextre<\/strong>. Un mod\u00e8le universel qui embarque une r\u00e9solution ajustable \u00e0 la vol\u00e9e de\u00a0<strong>800 \u00e0 2800 DPI et\u00a0<\/strong>des grips lat\u00e9raux en\u00a0<strong>caoutchouc<\/strong>\u00a0pour une excellente prise en main. Fini les mauvaises manipulations pendant les assauts. Tout comme le clavier, vous pourrez choisir parmi\u00a0<strong>7 couleurs et deux effets lumineux<\/strong>\u00a0pour encore plus de personnalisation.<\/div>\n<\/td>\n<\/tr>\n<\/tbody>\n<\/table>\n<\/div>\n<div><\/div>\n","protected":false},"excerpt":{"rendered":"<p>PC Gamer Osaka vous offre une configuration AMD RYZEN\u2122 avec des composants \u00e9quilibr\u00e9e avec un bon prix, ce PC Gamer compos\u00e9 d\u2019un processeur AMD RYZEN\u2122 7 5700X ainsi que d\u2019une carte graphiqueNVIDIA GEFORCE RTX 4060 8GB\u00a0 MSI VENTUS XS Il int\u00e8gre \u00e9galement un SSD 500GB pour un syst\u00e8me toujours plus rapide et 16 (8\u00d72) Go de RAM. Voila les atouts de ce PC puissant taill\u00e9 pour travailler dans les meilleures conditions.<\/p>\n<ul>\n<li>Processeur\u00a0<strong>RYZEN 7 5700X TRAY (3.4 GHz \/ 4.6 GHz)<\/strong><\/li>\n<li>Carte m\u00e8re<strong>\u00a0ASUS PRIME B450M PLUS<\/strong><\/li>\n<li>Ram\u00a0<strong>16GB(8\u00d72) CORSAIR LPX 3200MHZ<\/strong><\/li>\n<li>Carte graphique<strong>\u00a0MSI VENTUS XS RTX 4060 8GB<\/strong><\/li>\n<li>Bo\u00eetier<strong>\u00a0BOITIER RGB 4FAN + CONTROLLER<\/strong><\/li>\n<li>SSD\u00a0<strong>500GB PNY CS900 SATA 2.5 NAND<\/strong><\/li>\n<li>Ventirad\u00a0<strong>MARS GAMING MCPU120\u00a0<\/strong><\/li>\n<li>Alimentation\u00a0<strong>AEROCOOL LUX 550W +80 BRONZE<\/strong><\/li>\n<li><strong>Win11 \/ Bien assembl\u00e9<\/strong><\/li>\n<li>ECRAN<\/li>\n<\/ul>\n","protected":false},"featured_media":1008537,"template":"","meta":{"_acf_changed":false},"pwb-brand":[],"product_brand":[],"product_cat":[137,138],"product_tag":[],"pcb_component_type":[],"class_list":{"0":"post-8530","1":"product","2":"type-product","3":"status-publish","4":"has-post-thumbnail","6":"product_cat-setup-gamer","7":"product_cat-setup-gamer-amd","9":"first","10":"outofstock","11":"shipping-taxable","12":"product-type-simple"},"translation":{"provider":"WPGlobus","version":"3.0.2","language":"de","enabled_languages":["en","es","de","fr","ru"],"languages":{"en":{"title":true,"content":true,"excerpt":true},"es":{"title":false,"content":false,"excerpt":false},"de":{"title":false,"content":false,"excerpt":false},"fr":{"title":false,"content":false,"excerpt":false},"ru":{"title":false,"content":false,"excerpt":false}}},"acf":[],"yoast_head":"<!-- This site is optimized with the Yoast SEO plugin v27.2 - https:\/\/yoast.com\/product\/yoast-seo-wordpress\/ -->\n<title>SETUP Gamer OSAKA GAMING THE OPTIX Ryzen 7 5700X RTX4060 + MSI Optix G2412 + Cooler Master Devastator 3 RGB 2in1 - Osaka<\/title>\n<meta name=\"robots\" content=\"index, follow, max-snippet:-1, max-image-preview:large, max-video-preview:-1\" \/>\n<link rel=\"canonical\" href=\"https:\/\/osaka.ma\/fr\/product\/setup-gamer-osaka-gaming-the-optix-ryzen-7-5700x-rtx4060-msi-optix-g2412-cooler-master-devastator-3-rgb-2in1\/\" \/>\n<meta property=\"og:locale\" content=\"de_DE\" \/>\n<meta property=\"og:type\" content=\"article\" \/>\n<meta property=\"og:title\" content=\"SETUP Gamer OSAKA GAMING THE OPTIX Ryzen 7 5700X RTX4060 + MSI Optix G2412 + Cooler Master Devastator 3 RGB 2in1 - Osaka\" \/>\n<meta property=\"og:url\" content=\"https:\/\/osaka.ma\/fr\/product\/setup-gamer-osaka-gaming-the-optix-ryzen-7-5700x-rtx4060-msi-optix-g2412-cooler-master-devastator-3-rgb-2in1\/\" \/>\n<meta property=\"og:site_name\" content=\"Osaka\" \/>\n<meta property=\"article:modified_time\" content=\"2026-01-16T16:23:13+00:00\" \/>\n<meta property=\"og:image\" content=\"https:\/\/osaka.ma\/wp-content\/uploads\/2024\/04\/FULL-SETUP-1.png\" \/>\n\t<meta property=\"og:image:width\" content=\"1080\" \/>\n\t<meta property=\"og:image:height\" content=\"1080\" \/>\n\t<meta property=\"og:image:type\" content=\"image\/png\" \/>\n<meta name=\"twitter:card\" content=\"summary_large_image\" \/>\n<meta name=\"twitter:label1\" content=\"Est. reading time\" \/>\n\t<meta name=\"twitter:data1\" content=\"7 minutes\" \/>\n<script type=\"application\/ld+json\" class=\"yoast-schema-graph\">{\"@context\":\"https:\/\/schema.org\",\"@graph\":[{\"@type\":\"WebPage\",\"@id\":\"https:\/\/osaka.ma\/fr\/product\/setup-gamer-osaka-gaming-the-optix-ryzen-7-5700x-rtx4060-msi-optix-g2412-cooler-master-devastator-3-rgb-2in1\/\",\"url\":\"https:\/\/osaka.ma\/fr\/product\/setup-gamer-osaka-gaming-the-optix-ryzen-7-5700x-rtx4060-msi-optix-g2412-cooler-master-devastator-3-rgb-2in1\/\",\"name\":\"SETUP Gamer OSAKA GAMING THE OPTIX Ryzen 7 5700X RTX4060 + MSI Optix G2412 + Cooler Master Devastator 3 RGB 2in1 - Osaka\",\"isPartOf\":{\"@id\":\"https:\/\/osaka.ma\/#website\"},\"primaryImageOfPage\":{\"@id\":\"https:\/\/osaka.ma\/fr\/product\/setup-gamer-osaka-gaming-the-optix-ryzen-7-5700x-rtx4060-msi-optix-g2412-cooler-master-devastator-3-rgb-2in1\/#primaryimage\"},\"image\":{\"@id\":\"https:\/\/osaka.ma\/fr\/product\/setup-gamer-osaka-gaming-the-optix-ryzen-7-5700x-rtx4060-msi-optix-g2412-cooler-master-devastator-3-rgb-2in1\/#primaryimage\"},\"thumbnailUrl\":\"https:\/\/osaka.ma\/wp-content\/uploads\/2024\/04\/FULL-SETUP-1.png\",\"datePublished\":\"2024-04-22T17:38:35+00:00\",\"dateModified\":\"2026-01-16T16:23:13+00:00\",\"breadcrumb\":{\"@id\":\"https:\/\/osaka.ma\/fr\/product\/setup-gamer-osaka-gaming-the-optix-ryzen-7-5700x-rtx4060-msi-optix-g2412-cooler-master-devastator-3-rgb-2in1\/#breadcrumb\"},\"inLanguage\":\"de-DE\",\"potentialAction\":[{\"@type\":\"ReadAction\",\"target\":[\"https:\/\/osaka.ma\/fr\/product\/setup-gamer-osaka-gaming-the-optix-ryzen-7-5700x-rtx4060-msi-optix-g2412-cooler-master-devastator-3-rgb-2in1\/\"]}]},{\"@type\":\"ImageObject\",\"inLanguage\":\"de-DE\",\"@id\":\"https:\/\/osaka.ma\/fr\/product\/setup-gamer-osaka-gaming-the-optix-ryzen-7-5700x-rtx4060-msi-optix-g2412-cooler-master-devastator-3-rgb-2in1\/#primaryimage\",\"url\":\"https:\/\/osaka.ma\/wp-content\/uploads\/2024\/04\/FULL-SETUP-1.png\",\"contentUrl\":\"https:\/\/osaka.ma\/wp-content\/uploads\/2024\/04\/FULL-SETUP-1.png\",\"width\":1080,\"height\":1080},{\"@type\":\"BreadcrumbList\",\"@id\":\"https:\/\/osaka.ma\/fr\/product\/setup-gamer-osaka-gaming-the-optix-ryzen-7-5700x-rtx4060-msi-optix-g2412-cooler-master-devastator-3-rgb-2in1\/#breadcrumb\",\"itemListElement\":[{\"@type\":\"ListItem\",\"position\":1,\"name\":\"Home\",\"item\":\"https:\/\/osaka.ma\/\"},{\"@type\":\"ListItem\",\"position\":2,\"name\":\"Shop\",\"item\":\"https:\/\/osaka.ma\/shop-2\/\"},{\"@type\":\"ListItem\",\"position\":3,\"name\":\"SETUP Gamer OSAKA GAMING THE OPTIX Ryzen 7 5700X RTX4060 + MSI Optix G2412 + Cooler Master Devastator 3 RGB 2in1\"}]},{\"@type\":\"WebSite\",\"@id\":\"https:\/\/osaka.ma\/#website\",\"url\":\"https:\/\/osaka.ma\/\",\"name\":\"Osaka\",\"description\":\"\",\"publisher\":{\"@id\":\"https:\/\/osaka.ma\/#organization\"},\"potentialAction\":[{\"@type\":\"SearchAction\",\"target\":{\"@type\":\"EntryPoint\",\"urlTemplate\":\"https:\/\/osaka.ma\/?s={search_term_string}\"},\"query-input\":{\"@type\":\"PropertyValueSpecification\",\"valueRequired\":true,\"valueName\":\"search_term_string\"}}],\"inLanguage\":\"de-DE\"},{\"@type\":\"Organization\",\"@id\":\"https:\/\/osaka.ma\/#organization\",\"name\":\"Osaka\",\"url\":\"https:\/\/osaka.ma\/\",\"logo\":{\"@type\":\"ImageObject\",\"inLanguage\":\"de-DE\",\"@id\":\"https:\/\/osaka.ma\/#\/schema\/logo\/image\/\",\"url\":\"https:\/\/osaka.ma\/wp-content\/uploads\/2026\/01\/model-slogan-logo-2Plan-de-travail-1dksl-plus-finnn.png\",\"contentUrl\":\"https:\/\/osaka.ma\/wp-content\/uploads\/2026\/01\/model-slogan-logo-2Plan-de-travail-1dksl-plus-finnn.png\",\"width\":842,\"height\":226,\"caption\":\"Osaka\"},\"image\":{\"@id\":\"https:\/\/osaka.ma\/#\/schema\/logo\/image\/\"}}]}<\/script>\n<!-- \/ Yoast SEO plugin. -->","yoast_head_json":{"title":"SETUP Gamer OSAKA GAMING THE OPTIX Ryzen 7 5700X RTX4060 + MSI Optix G2412 + Cooler Master Devastator 3 RGB 2in1 - Osaka","robots":{"index":"index","follow":"follow","max-snippet":"max-snippet:-1","max-image-preview":"max-image-preview:large","max-video-preview":"max-video-preview:-1"},"canonical":"https:\/\/osaka.ma\/fr\/product\/setup-gamer-osaka-gaming-the-optix-ryzen-7-5700x-rtx4060-msi-optix-g2412-cooler-master-devastator-3-rgb-2in1\/","og_locale":"de_DE","og_type":"article","og_title":"SETUP Gamer OSAKA GAMING THE OPTIX Ryzen 7 5700X RTX4060 + MSI Optix G2412 + Cooler Master Devastator 3 RGB 2in1 - Osaka","og_url":"https:\/\/osaka.ma\/fr\/product\/setup-gamer-osaka-gaming-the-optix-ryzen-7-5700x-rtx4060-msi-optix-g2412-cooler-master-devastator-3-rgb-2in1\/","og_site_name":"Osaka","article_modified_time":"2026-01-16T16:23:13+00:00","og_image":[{"width":1080,"height":1080,"url":"https:\/\/osaka.ma\/wp-content\/uploads\/2024\/04\/FULL-SETUP-1.png","type":"image\/png"}],"twitter_card":"summary_large_image","twitter_misc":{"Est. reading time":"7 minutes"},"schema":{"@context":"https:\/\/schema.org","@graph":[{"@type":"WebPage","@id":"https:\/\/osaka.ma\/fr\/product\/setup-gamer-osaka-gaming-the-optix-ryzen-7-5700x-rtx4060-msi-optix-g2412-cooler-master-devastator-3-rgb-2in1\/","url":"https:\/\/osaka.ma\/fr\/product\/setup-gamer-osaka-gaming-the-optix-ryzen-7-5700x-rtx4060-msi-optix-g2412-cooler-master-devastator-3-rgb-2in1\/","name":"SETUP Gamer OSAKA GAMING THE OPTIX Ryzen 7 5700X RTX4060 + MSI Optix G2412 + Cooler Master Devastator 3 RGB 2in1 - Osaka","isPartOf":{"@id":"https:\/\/osaka.ma\/#website"},"primaryImageOfPage":{"@id":"https:\/\/osaka.ma\/fr\/product\/setup-gamer-osaka-gaming-the-optix-ryzen-7-5700x-rtx4060-msi-optix-g2412-cooler-master-devastator-3-rgb-2in1\/#primaryimage"},"image":{"@id":"https:\/\/osaka.ma\/fr\/product\/setup-gamer-osaka-gaming-the-optix-ryzen-7-5700x-rtx4060-msi-optix-g2412-cooler-master-devastator-3-rgb-2in1\/#primaryimage"},"thumbnailUrl":"https:\/\/osaka.ma\/wp-content\/uploads\/2024\/04\/FULL-SETUP-1.png","datePublished":"2024-04-22T17:38:35+00:00","dateModified":"2026-01-16T16:23:13+00:00","breadcrumb":{"@id":"https:\/\/osaka.ma\/fr\/product\/setup-gamer-osaka-gaming-the-optix-ryzen-7-5700x-rtx4060-msi-optix-g2412-cooler-master-devastator-3-rgb-2in1\/#breadcrumb"},"inLanguage":"de-DE","potentialAction":[{"@type":"ReadAction","target":["https:\/\/osaka.ma\/fr\/product\/setup-gamer-osaka-gaming-the-optix-ryzen-7-5700x-rtx4060-msi-optix-g2412-cooler-master-devastator-3-rgb-2in1\/"]}]},{"@type":"ImageObject","inLanguage":"de-DE","@id":"https:\/\/osaka.ma\/fr\/product\/setup-gamer-osaka-gaming-the-optix-ryzen-7-5700x-rtx4060-msi-optix-g2412-cooler-master-devastator-3-rgb-2in1\/#primaryimage","url":"https:\/\/osaka.ma\/wp-content\/uploads\/2024\/04\/FULL-SETUP-1.png","contentUrl":"https:\/\/osaka.ma\/wp-content\/uploads\/2024\/04\/FULL-SETUP-1.png","width":1080,"height":1080},{"@type":"BreadcrumbList","@id":"https:\/\/osaka.ma\/fr\/product\/setup-gamer-osaka-gaming-the-optix-ryzen-7-5700x-rtx4060-msi-optix-g2412-cooler-master-devastator-3-rgb-2in1\/#breadcrumb","itemListElement":[{"@type":"ListItem","position":1,"name":"Home","item":"https:\/\/osaka.ma\/"},{"@type":"ListItem","position":2,"name":"Shop","item":"https:\/\/osaka.ma\/shop-2\/"},{"@type":"ListItem","position":3,"name":"SETUP Gamer OSAKA GAMING THE OPTIX Ryzen 7 5700X RTX4060 + MSI Optix G2412 + Cooler Master Devastator 3 RGB 2in1"}]},{"@type":"WebSite","@id":"https:\/\/osaka.ma\/#website","url":"https:\/\/osaka.ma\/","name":"Osaka","description":"","publisher":{"@id":"https:\/\/osaka.ma\/#organization"},"potentialAction":[{"@type":"SearchAction","target":{"@type":"EntryPoint","urlTemplate":"https:\/\/osaka.ma\/?s={search_term_string}"},"query-input":{"@type":"PropertyValueSpecification","valueRequired":true,"valueName":"search_term_string"}}],"inLanguage":"de-DE"},{"@type":"Organization","@id":"https:\/\/osaka.ma\/#organization","name":"Osaka","url":"https:\/\/osaka.ma\/","logo":{"@type":"ImageObject","inLanguage":"de-DE","@id":"https:\/\/osaka.ma\/#\/schema\/logo\/image\/","url":"https:\/\/osaka.ma\/wp-content\/uploads\/2026\/01\/model-slogan-logo-2Plan-de-travail-1dksl-plus-finnn.png","contentUrl":"https:\/\/osaka.ma\/wp-content\/uploads\/2026\/01\/model-slogan-logo-2Plan-de-travail-1dksl-plus-finnn.png","width":842,"height":226,"caption":"Osaka"},"image":{"@id":"https:\/\/osaka.ma\/#\/schema\/logo\/image\/"}}]}},"jetpack_sharing_enabled":true,"brands":[],"_links":{"self":[{"href":"https:\/\/osaka.ma\/de\/wp-json\/wp\/v2\/product\/8530","targetHints":{"allow":["GET"]}}],"collection":[{"href":"https:\/\/osaka.ma\/de\/wp-json\/wp\/v2\/product"}],"about":[{"href":"https:\/\/osaka.ma\/de\/wp-json\/wp\/v2\/types\/product"}],"version-history":[{"count":0,"href":"https:\/\/osaka.ma\/de\/wp-json\/wp\/v2\/product\/8530\/revisions"}],"wp:featuredmedia":[{"embeddable":true,"href":"https:\/\/osaka.ma\/de\/wp-json\/wp\/v2\/media\/1008537"}],"wp:attachment":[{"href":"https:\/\/osaka.ma\/de\/wp-json\/wp\/v2\/media?parent=8530"}],"wp:term":[{"taxonomy":"pwb-brand","embeddable":true,"href":"https:\/\/osaka.ma\/de\/wp-json\/wp\/v2\/pwb-brand?post=8530"},{"taxonomy":"product_brand","embeddable":true,"href":"https:\/\/osaka.ma\/de\/wp-json\/wp\/v2\/product_brand?post=8530"},{"taxonomy":"product_cat","embeddable":true,"href":"https:\/\/osaka.ma\/de\/wp-json\/wp\/v2\/product_cat?post=8530"},{"taxonomy":"product_tag","embeddable":true,"href":"https:\/\/osaka.ma\/de\/wp-json\/wp\/v2\/product_tag?post=8530"},{"taxonomy":"pcb_component_type","embeddable":true,"href":"https:\/\/osaka.ma\/de\/wp-json\/wp\/v2\/pcb_component_type?post=8530"}],"curies":[{"name":"wp","href":"https:\/\/api.w.org\/{rel}","templated":true}]}}