{"id":8605,"date":"2024-04-27T12:31:10","date_gmt":"2024-04-27T12:31:10","guid":{"rendered":"https:\/\/osaka.ma\/?post_type=product&#038;p=8605"},"modified":"2025-11-27T13:39:47","modified_gmt":"2025-11-27T12:39:47","slug":"logitech-g502-hero","status":"publish","type":"product","link":"https:\/\/osaka.ma\/de\/product\/logitech-g502-hero\/","title":{"rendered":"LOGITECH G502 HERO RGB"},"content":{"rendered":"<p>Con\u00e7ue pour vous offrir des niveaux de personnalisation in\u00e9gal\u00e9s, la Logitech G502 Hero\u00a0fera de vous une machine redoutable et redout\u00e9e. En effet, elle est \u00e9quip\u00e9e d&#8217;un capteur optique de 25600 dpi pour une pr\u00e9cision et une r\u00e9activit\u00e9 optimale.<\/p>\n<div class=\"logo\"><img decoding=\"async\" src=\"https:\/\/media.ldlc.com\/v3\/marque\/bo\/00\/05\/88\/13\/V30005881352_2.jpg\" alt=\"Logitech G\" \/><\/div>\n<div id=\"description\" class=\"description\">\n<div class=\"details-pdt-desc\">\n<h2 class=\"h2-master\">Le h\u00e9ro, c&#8217;est vous !<\/h2>\n<section>Con\u00e7ue pour vous offrir des niveaux de personnalisation in\u00e9gal\u00e9s, la\u00a0<strong>Logitech G502 Hero\u00a0<\/strong>fera de vous une machine redoutable et redout\u00e9e. En effet, elle est \u00e9quip\u00e9e d&#8217;un capteur optique de 25600 dpi pour une pr\u00e9cision et une r\u00e9activit\u00e9 optimale. Avec la possibilit\u00e9 d&#8217;optimiser le poids de la souris, cette derni\u00e8re ne fera qu&#8217;un avec votre bras. La G502 dispose \u00e9galement de 11 boutons programmables et d&#8217;enregistrer jusqu&#8217;\u00e0 5 profils diff\u00e9rents directement sur la souris pour emporter vos param\u00e8tres partout avec vous.Elle b\u00e9n\u00e9ficie \u00e9galement d&#8217;un \u00e9clairage RGB programmable afin d&#8217;aller toujours plus loin dans la personnalisation.<\/section>\n<section>\n<div class=\"desc-image\"><img decoding=\"async\" src=\"https:\/\/media.ldlc.com\/bo\/images\/fiches\/souris\/logitech\/g502_hero\/g502hero_800_1.jpg\" alt=\"\" \/><\/div>\n<div class=\"desc-text\">\n<h2>UN CAPTEUR HERO 25K<\/h2>\n<p>Obtenez une pr\u00e9cision de suivi maximale gr\u00e2ce au nouveau\u00a0<strong>capteur optique HERO<\/strong>\u00a0de Logitech, encore plus r\u00e9actif. Fort du traitement de d\u00e9bit d&#8217;images le plus rapide \u00e0 ce jour, HERO d\u00e9passe les\u00a0<strong>400 IPS<\/strong>, offre une sensibilit\u00e9 allant de\u00a0<strong>100 \u00e0 25 600 dpi<\/strong>\u00a0et ne g\u00e9n\u00e8re ni lissage, ni filtrage, ni acc\u00e9l\u00e9ration. De plus, il atteint\u00a0<strong>une pr\u00e9cision exceptionnelle<\/strong>\u00a0et une r\u00e9activit\u00e9 toujours constante.<\/p>\n<p>Disposant de\u00a0<strong>11 boutons programmables<\/strong>, la Logitech G502 Hero vous laissera libre de programmer vos commandes et macros favorites. Construire, s&#8217;accroupir, foncer dans la m\u00eal\u00e9e, soigner\u2026 gardez vos coups les plus puissants \u00e0 port\u00e9e de main.<\/p>\n<\/div>\n<\/section>\n<section>\n<div class=\"desc-text\">\n<h2>UN CONTR\u00d4LE OPTIMAL DU POIDS<\/h2>\n<p>La Logitech G502 Hero dispose de\u00a0<strong>cinq poids de 3.6g<\/strong>\u00a0afin de la personnaliser \u00e0 votre convenance. Utilisez-les selon le poids que vous souhaitez ajouter ou enlever dans chaque position. Cette souris peut s&#8217;adapter exactement \u00e0 votre convenance.<\/p>\n<p>Testez l&#8217;alignement et l&#8217;\u00e9quilibre pour trouver la configuration id\u00e9ale pour optimiser vos performances gaming.<\/p>\n<\/div>\n<div class=\"desc-image\"><img decoding=\"async\" src=\"https:\/\/media.ldlc.com\/bo\/images\/fiches\/souris\/logitech\/g502_hero\/g502hero_800_2.jpg\" alt=\"\" \/><\/div>\n<\/section>\n<section>\n<div class=\"desc-image\"><img decoding=\"async\" src=\"https:\/\/media.ldlc.com\/bo\/images\/fiches\/souris\/logitech\/g502_hero\/g502hero_800_3.jpg\" alt=\"\" \/><\/div>\n<div class=\"desc-text\">\n<h2>\u00c9CLAIRAGE RGB LIGHTSYNC<\/h2>\n<p>L&#8217;\u00e9clairage RGB personnalisable vous permet de faire votre choix parmi\u00a0<strong>16,8 millions de couleurs<\/strong>\u00a0afin de choisir la couleur d&#8217;\u00e9clairage et la luminosit\u00e9 qui s&#8217;adaptent \u00e0 votre style personnel, \u00e0 votre syst\u00e8me et \u00e0 votre environnement, ou param\u00e9trez la mise en veille de votre \u00e9clairage lorsque vous n&#8217;utilisez pas votre syst\u00e8me.<\/p>\n<p>De plus, l&#8217;assistant pour jeux vid\u00e9o de Logitech<strong>\u00a0<\/strong>vous permet aussi de synchroniser les motifs et effets lumineux avec d&#8217;autres dispositifs Logitech G pour que vos dispositifs puissent afficher le m\u00eame \u00e9clairage et faire vivre votre configuration de jeu avec des cercles de lumi\u00e8re ou des motifs d&#8217;\u00e9clairage par pulsation.<\/p>\n<\/div>\n<\/section>\n<section class=\"list\">\n<h2>CARACT\u00c9RISTIQUES PRINCIPALES :<\/h2>\n<ul>\n<li><strong>Un capteur optique HERO 25 600 dpi<\/strong><\/li>\n<li>R\u00e9solution de\u00a0<strong>100 \u00e0 25 600 dpi<\/strong><\/li>\n<li>Sans lissage\/acc\u00e9l\u00e9ration\/filtrage<\/li>\n<li>Acc\u00e9l\u00e9ration max :\u00a0<strong>40 G<\/strong><\/li>\n<li>Vitesse max :\u00a0<strong>400 ips<\/strong><\/li>\n<li><strong>11 boutons programmables<\/strong>\u00a0avec changement de sensibilit\u00e9 \u00e0 la vol\u00e9e<\/li>\n<li><strong>R\u00e9tro-\u00e9clairage RGB programmable<\/strong>\u00a0(16.8 millions de couleurs)<\/li>\n<li>Poids ajustable : 5 poids de 3.6 g<\/li>\n<li>Conception des touches am\u00e9lior\u00e9e pour des clics plus confortables et plus performants<\/li>\n<li>R\u00e9sistance des patins : 250 kilom\u00e8tres<\/li>\n<li>Jusqu&#8217;\u00e0 5 profils int\u00e9gr\u00e9s<\/li>\n<li><strong>C\u00e2ble standard en caoutchouc<\/strong><\/li>\n<li>Compatible Windows et Mac<\/li>\n<\/ul>\n<\/section>\n<\/div>\n<\/div>\n","protected":false},"excerpt":{"rendered":"<h2>CARACT\u00c9RISTIQUES PRINCIPALES :<\/h2>\n<p>&nbsp;<\/p>\n<ul>\n<li><strong>Un capteur optique HERO 25 600 dpi<\/strong><\/li>\n<li>R\u00e9solution de\u00a0<strong>100 \u00e0 25 600 dpi<\/strong><\/li>\n<li>Sans lissage\/acc\u00e9l\u00e9ration\/filtrage<\/li>\n<li>Acc\u00e9l\u00e9ration max :\u00a0<strong>40 G<\/strong><\/li>\n<li>Vitesse max :\u00a0<strong>400 ips<\/strong><\/li>\n<li><strong>11 boutons programmables<\/strong>\u00a0avec changement de sensibilit\u00e9 \u00e0 la vol\u00e9e<\/li>\n<li><strong>R\u00e9tro-\u00e9clairage RGB programmable<\/strong>\u00a0(16.8 millions de couleurs)<\/li>\n<li>Poids ajustable : 5 poids de 3.6 g<\/li>\n<li>Conception des touches am\u00e9lior\u00e9e pour des clics plus confortables et plus performants<\/li>\n<li>R\u00e9sistance des patins : 250 kilom\u00e8tres<\/li>\n<li>Jusqu&#8217;\u00e0 5 profils int\u00e9gr\u00e9s<\/li>\n<li><strong>C\u00e2ble standard en caoutchouc<\/strong><\/li>\n<\/ul>\n","protected":false},"featured_media":1008609,"template":"","meta":{"_acf_changed":false},"pwb-brand":[],"product_brand":[],"product_cat":[31,32],"product_tag":[],"pcb_component_type":[],"class_list":{"0":"post-8605","1":"product","2":"type-product","3":"status-publish","4":"has-post-thumbnail","6":"product_cat-accessoires","7":"product_cat-souris","9":"first","10":"outofstock","11":"shipping-taxable","12":"product-type-simple"},"translation":{"provider":"WPGlobus","version":"3.0.2","language":"de","enabled_languages":["en","es","de","fr","ru"],"languages":{"en":{"title":true,"content":true,"excerpt":true},"es":{"title":false,"content":false,"excerpt":false},"de":{"title":false,"content":false,"excerpt":false},"fr":{"title":false,"content":false,"excerpt":false},"ru":{"title":false,"content":false,"excerpt":false}}},"acf":[],"yoast_head":"<!-- This site is optimized with the Yoast SEO plugin v27.2 - https:\/\/yoast.com\/product\/yoast-seo-wordpress\/ -->\n<title>LOGITECH G502 HERO RGB - Osaka<\/title>\n<meta name=\"robots\" content=\"index, follow, max-snippet:-1, max-image-preview:large, max-video-preview:-1\" \/>\n<link rel=\"canonical\" href=\"https:\/\/osaka.ma\/de\/product\/logitech-g502-hero\/\" \/>\n<meta property=\"og:locale\" content=\"de_DE\" \/>\n<meta property=\"og:type\" content=\"article\" \/>\n<meta property=\"og:title\" content=\"LOGITECH G502 HERO RGB - Osaka\" \/>\n<meta property=\"og:url\" content=\"https:\/\/osaka.ma\/de\/product\/logitech-g502-hero\/\" \/>\n<meta property=\"og:site_name\" content=\"Osaka\" \/>\n<meta property=\"article:modified_time\" content=\"2025-11-27T12:39:47+00:00\" \/>\n<meta property=\"og:image\" content=\"https:\/\/osaka.ma\/wp-content\/uploads\/2024\/04\/logitechg502-1.jpg\" \/>\n\t<meta property=\"og:image:width\" content=\"1600\" \/>\n\t<meta property=\"og:image:height\" content=\"1600\" \/>\n\t<meta property=\"og:image:type\" content=\"image\/jpeg\" \/>\n<meta name=\"twitter:card\" content=\"summary_large_image\" \/>\n<meta name=\"twitter:label1\" content=\"Est. reading time\" \/>\n\t<meta name=\"twitter:data1\" content=\"5 minutes\" \/>\n<script type=\"application\/ld+json\" class=\"yoast-schema-graph\">{\"@context\":\"https:\/\/schema.org\",\"@graph\":[{\"@type\":\"WebPage\",\"@id\":\"https:\/\/osaka.ma\/de\/product\/logitech-g502-hero\/\",\"url\":\"https:\/\/osaka.ma\/de\/product\/logitech-g502-hero\/\",\"name\":\"LOGITECH G502 HERO RGB - Osaka\",\"isPartOf\":{\"@id\":\"https:\/\/osaka.ma\/#website\"},\"primaryImageOfPage\":{\"@id\":\"https:\/\/osaka.ma\/de\/product\/logitech-g502-hero\/#primaryimage\"},\"image\":{\"@id\":\"https:\/\/osaka.ma\/de\/product\/logitech-g502-hero\/#primaryimage\"},\"thumbnailUrl\":\"https:\/\/osaka.ma\/wp-content\/uploads\/2024\/04\/logitechg502-1.jpg\",\"datePublished\":\"2024-04-27T12:31:10+00:00\",\"dateModified\":\"2025-11-27T12:39:47+00:00\",\"breadcrumb\":{\"@id\":\"https:\/\/osaka.ma\/de\/product\/logitech-g502-hero\/#breadcrumb\"},\"inLanguage\":\"de-DE\",\"potentialAction\":[{\"@type\":\"ReadAction\",\"target\":[\"https:\/\/osaka.ma\/de\/product\/logitech-g502-hero\/\"]}]},{\"@type\":\"ImageObject\",\"inLanguage\":\"de-DE\",\"@id\":\"https:\/\/osaka.ma\/de\/product\/logitech-g502-hero\/#primaryimage\",\"url\":\"https:\/\/osaka.ma\/wp-content\/uploads\/2024\/04\/logitechg502-1.jpg\",\"contentUrl\":\"https:\/\/osaka.ma\/wp-content\/uploads\/2024\/04\/logitechg502-1.jpg\",\"width\":1600,\"height\":1600},{\"@type\":\"BreadcrumbList\",\"@id\":\"https:\/\/osaka.ma\/de\/product\/logitech-g502-hero\/#breadcrumb\",\"itemListElement\":[{\"@type\":\"ListItem\",\"position\":1,\"name\":\"Home\",\"item\":\"https:\/\/osaka.ma\/\"},{\"@type\":\"ListItem\",\"position\":2,\"name\":\"Shop\",\"item\":\"https:\/\/osaka.ma\/shop-2\/\"},{\"@type\":\"ListItem\",\"position\":3,\"name\":\"LOGITECH G502 HERO RGB\"}]},{\"@type\":\"WebSite\",\"@id\":\"https:\/\/osaka.ma\/#website\",\"url\":\"https:\/\/osaka.ma\/\",\"name\":\"Osaka\",\"description\":\"\",\"publisher\":{\"@id\":\"https:\/\/osaka.ma\/#organization\"},\"potentialAction\":[{\"@type\":\"SearchAction\",\"target\":{\"@type\":\"EntryPoint\",\"urlTemplate\":\"https:\/\/osaka.ma\/?s={search_term_string}\"},\"query-input\":{\"@type\":\"PropertyValueSpecification\",\"valueRequired\":true,\"valueName\":\"search_term_string\"}}],\"inLanguage\":\"de-DE\"},{\"@type\":\"Organization\",\"@id\":\"https:\/\/osaka.ma\/#organization\",\"name\":\"Osaka\",\"url\":\"https:\/\/osaka.ma\/\",\"logo\":{\"@type\":\"ImageObject\",\"inLanguage\":\"de-DE\",\"@id\":\"https:\/\/osaka.ma\/#\/schema\/logo\/image\/\",\"url\":\"https:\/\/osaka.ma\/wp-content\/uploads\/2026\/01\/model-slogan-logo-2Plan-de-travail-1dksl-plus-finnn.png\",\"contentUrl\":\"https:\/\/osaka.ma\/wp-content\/uploads\/2026\/01\/model-slogan-logo-2Plan-de-travail-1dksl-plus-finnn.png\",\"width\":842,\"height\":226,\"caption\":\"Osaka\"},\"image\":{\"@id\":\"https:\/\/osaka.ma\/#\/schema\/logo\/image\/\"}}]}<\/script>\n<!-- \/ Yoast SEO plugin. -->","yoast_head_json":{"title":"LOGITECH G502 HERO RGB - Osaka","robots":{"index":"index","follow":"follow","max-snippet":"max-snippet:-1","max-image-preview":"max-image-preview:large","max-video-preview":"max-video-preview:-1"},"canonical":"https:\/\/osaka.ma\/de\/product\/logitech-g502-hero\/","og_locale":"de_DE","og_type":"article","og_title":"LOGITECH G502 HERO RGB - Osaka","og_url":"https:\/\/osaka.ma\/de\/product\/logitech-g502-hero\/","og_site_name":"Osaka","article_modified_time":"2025-11-27T12:39:47+00:00","og_image":[{"width":1600,"height":1600,"url":"https:\/\/osaka.ma\/wp-content\/uploads\/2024\/04\/logitechg502-1.jpg","type":"image\/jpeg"}],"twitter_card":"summary_large_image","twitter_misc":{"Est. reading time":"5 minutes"},"schema":{"@context":"https:\/\/schema.org","@graph":[{"@type":"WebPage","@id":"https:\/\/osaka.ma\/de\/product\/logitech-g502-hero\/","url":"https:\/\/osaka.ma\/de\/product\/logitech-g502-hero\/","name":"LOGITECH G502 HERO RGB - Osaka","isPartOf":{"@id":"https:\/\/osaka.ma\/#website"},"primaryImageOfPage":{"@id":"https:\/\/osaka.ma\/de\/product\/logitech-g502-hero\/#primaryimage"},"image":{"@id":"https:\/\/osaka.ma\/de\/product\/logitech-g502-hero\/#primaryimage"},"thumbnailUrl":"https:\/\/osaka.ma\/wp-content\/uploads\/2024\/04\/logitechg502-1.jpg","datePublished":"2024-04-27T12:31:10+00:00","dateModified":"2025-11-27T12:39:47+00:00","breadcrumb":{"@id":"https:\/\/osaka.ma\/de\/product\/logitech-g502-hero\/#breadcrumb"},"inLanguage":"de-DE","potentialAction":[{"@type":"ReadAction","target":["https:\/\/osaka.ma\/de\/product\/logitech-g502-hero\/"]}]},{"@type":"ImageObject","inLanguage":"de-DE","@id":"https:\/\/osaka.ma\/de\/product\/logitech-g502-hero\/#primaryimage","url":"https:\/\/osaka.ma\/wp-content\/uploads\/2024\/04\/logitechg502-1.jpg","contentUrl":"https:\/\/osaka.ma\/wp-content\/uploads\/2024\/04\/logitechg502-1.jpg","width":1600,"height":1600},{"@type":"BreadcrumbList","@id":"https:\/\/osaka.ma\/de\/product\/logitech-g502-hero\/#breadcrumb","itemListElement":[{"@type":"ListItem","position":1,"name":"Home","item":"https:\/\/osaka.ma\/"},{"@type":"ListItem","position":2,"name":"Shop","item":"https:\/\/osaka.ma\/shop-2\/"},{"@type":"ListItem","position":3,"name":"LOGITECH G502 HERO RGB"}]},{"@type":"WebSite","@id":"https:\/\/osaka.ma\/#website","url":"https:\/\/osaka.ma\/","name":"Osaka","description":"","publisher":{"@id":"https:\/\/osaka.ma\/#organization"},"potentialAction":[{"@type":"SearchAction","target":{"@type":"EntryPoint","urlTemplate":"https:\/\/osaka.ma\/?s={search_term_string}"},"query-input":{"@type":"PropertyValueSpecification","valueRequired":true,"valueName":"search_term_string"}}],"inLanguage":"de-DE"},{"@type":"Organization","@id":"https:\/\/osaka.ma\/#organization","name":"Osaka","url":"https:\/\/osaka.ma\/","logo":{"@type":"ImageObject","inLanguage":"de-DE","@id":"https:\/\/osaka.ma\/#\/schema\/logo\/image\/","url":"https:\/\/osaka.ma\/wp-content\/uploads\/2026\/01\/model-slogan-logo-2Plan-de-travail-1dksl-plus-finnn.png","contentUrl":"https:\/\/osaka.ma\/wp-content\/uploads\/2026\/01\/model-slogan-logo-2Plan-de-travail-1dksl-plus-finnn.png","width":842,"height":226,"caption":"Osaka"},"image":{"@id":"https:\/\/osaka.ma\/#\/schema\/logo\/image\/"}}]}},"jetpack_sharing_enabled":true,"brands":[],"_links":{"self":[{"href":"https:\/\/osaka.ma\/de\/wp-json\/wp\/v2\/product\/8605","targetHints":{"allow":["GET"]}}],"collection":[{"href":"https:\/\/osaka.ma\/de\/wp-json\/wp\/v2\/product"}],"about":[{"href":"https:\/\/osaka.ma\/de\/wp-json\/wp\/v2\/types\/product"}],"version-history":[{"count":0,"href":"https:\/\/osaka.ma\/de\/wp-json\/wp\/v2\/product\/8605\/revisions"}],"wp:featuredmedia":[{"embeddable":true,"href":"https:\/\/osaka.ma\/de\/wp-json\/wp\/v2\/media\/1008609"}],"wp:attachment":[{"href":"https:\/\/osaka.ma\/de\/wp-json\/wp\/v2\/media?parent=8605"}],"wp:term":[{"taxonomy":"pwb-brand","embeddable":true,"href":"https:\/\/osaka.ma\/de\/wp-json\/wp\/v2\/pwb-brand?post=8605"},{"taxonomy":"product_brand","embeddable":true,"href":"https:\/\/osaka.ma\/de\/wp-json\/wp\/v2\/product_brand?post=8605"},{"taxonomy":"product_cat","embeddable":true,"href":"https:\/\/osaka.ma\/de\/wp-json\/wp\/v2\/product_cat?post=8605"},{"taxonomy":"product_tag","embeddable":true,"href":"https:\/\/osaka.ma\/de\/wp-json\/wp\/v2\/product_tag?post=8605"},{"taxonomy":"pcb_component_type","embeddable":true,"href":"https:\/\/osaka.ma\/de\/wp-json\/wp\/v2\/pcb_component_type?post=8605"}],"curies":[{"name":"wp","href":"https:\/\/api.w.org\/{rel}","templated":true}]}}