{"id":8767,"date":"2024-05-09T11:49:05","date_gmt":"2024-05-09T11:49:05","guid":{"rendered":"https:\/\/osaka.ma\/?post_type=product&#038;p=8767"},"modified":"2025-04-10T17:58:53","modified_gmt":"2025-04-10T17:58:53","slug":"samsung-ssd-980-pro-m-2-pcie-nvme-1-to","status":"publish","type":"product","link":"https:\/\/osaka.ma\/de\/product\/samsung-ssd-980-pro-m-2-pcie-nvme-1-to\/","title":{"rendered":"Samsung SSD 980 PRO M.2 PCIe NVMe 1 To"},"content":{"rendered":"<div class=\"logo\"><a href=\"https:\/\/www.ldlc.com\/samsung\/bint000001080\/\" rel=\"nofollow noopener\" target=\"_blank\"><img decoding=\"async\" src=\"https:\/\/media.ldlc.com\/v3\/marque\/bo\/00\/06\/07\/33\/V30006073318.jpg\" alt=\"Samsung\" \/><\/a><\/div>\n<div id=\"description\" class=\"description\">\n<div class=\"details-pdt-desc\">\n<h2 class=\"h2-master\">SSD 980 PRO : SSD PCIe 4.0 tr\u00e8s hautes performances<\/h2>\n<section>Le disque\u00a0<strong>SSD 980 PRO 1 To<\/strong>\u00a0de Samsung permet de m\u00e9tamorphoser les performances et la r\u00e9activit\u00e9 de votre machine. B\u00e9n\u00e9ficiant de vitesses stratosph\u00e9riques et d&#8217;une endurance tr\u00e8s \u00e9lev\u00e9e, le Samsung 980 PRO au format M.2 2280 s&#8217;appuie sur l&#8217;interface PCI-E 4.0 x4 ainsi que sur la technologie NVMe 1.3c. Il est par ailleurs muni d&#8217;une m\u00e9moire\u00a0<span class=\"product-specs__highlights-desc\">Samsung V-NAND 3-bit MLC<\/span>, d&#8217;un contr\u00f4leur Samsung Elpis et de 1 Go de m\u00e9moire cache LPDDR4.Le\u00a0<strong>Samsung 980 PRO M.2 PCIe 4.0 4x NVMe 1.3c<\/strong>\u00a0est pens\u00e9 avant tout pour les hardcore gamers et les technophiles les plus exigeants, le 980 PRO offre \u00e0 la fois une bande passante et un d\u00e9bit haute performance pour les lourdes requ\u00eates dans le gaming, l&#8217;infographie, l&#8217;analyse de donn\u00e9es, et plus encore. Le chargement des jeux est ultra-rapide pour que vous puissiez jouer plus, et attendre moins.<\/p>\n<\/section>\n<section>\n<div class=\"desc-image\"><img decoding=\"async\" src=\"https:\/\/media.ldlc.com\/bo\/images\/fiches\/disque_dur_ssd\/samsung\/980_pro\/800_1.jpg\" alt=\"\" \/><\/div>\n<div class=\"desc-text\">\n<h2>ACC\u00c9DER \u00c0 DES PERFORMANCES HORS NORMES<\/h2>\n<p>Faites entrer votre \u00e9quipement dans une nouvelle \u00e8re gr\u00e2ce \u00e0 la puissance du SSD Samsung 980 PRO NVMe PCIe 4.0. Le 980 PRO permet d&#8217;exploiter au maximum l&#8217;interface PCIe 4.0 en doublant le taux de transfert de donn\u00e9es du PCIe 3.0, tout en restant r\u00e9tro compatible avec cette derni\u00e8re.<\/p>\n<p>Le 980 PRO a \u00e9t\u00e9 optimis\u00e9 pour la vitesse gr\u00e2ce \u00e0 son contr\u00f4leur Samsung Elpis, sp\u00e9cialement con\u00e7u pour le PCIe 4.0. Vous pourrez ainsi atteindre des vitesses de lecture de 7000 Mo\/s (suivant les mod\u00e8les)<\/p>\n<\/div>\n<\/section>\n<section>\n<div class=\"desc-text\">\n<h2>CONTR\u00d4LE THERMIQUE PR\u00c9CIS<\/h2>\n<p>Les SSD d\u00e9livrant de tr\u00e8s hautes performances n\u00e9cessitent un contr\u00f4le thermique extr\u00eamement pointu. Afin de lui assurer les performances les plus stables, le 980 PRO est dot\u00e9 d&#8217;un contr\u00f4leur prot\u00e9g\u00e9 par du nickel pour lui permettre de conserver une temp\u00e9rature stable, et d&#8217;un dissipateur de chaleur qui prot\u00e9gera la puce NAND de toutes variations de temp\u00e9ratures.<\/p>\n<p>Samsung a \u00e9quip\u00e9 le 980 PRO d&#8217;un algorithme de pointe afin que le SSD puisse lui-m\u00eame g\u00e9rer ses pics de temp\u00e9rature et donc assurer des performances stables. Pour minimiser les variations de vitesse \u00e0 long terme, la technologie Samsung Dynamic Thermal Guard maintient la temp\u00e9rature du 980 PRO \u00e0 un niveau optimal.<\/p>\n<\/div>\n<div class=\"desc-image\"><img decoding=\"async\" src=\"https:\/\/media.ldlc.com\/bo\/images\/fiches\/disque_dur_ssd\/samsung\/980_pro\/800_2.jpg\" alt=\"\" \/><\/div>\n<\/section>\n<section>\n<div class=\"desc-image\"><img decoding=\"async\" src=\"https:\/\/media.ldlc.com\/bo\/images\/fiches\/disque_dur_ssd\/samsung\/980_pro\/800_3.jpg\" alt=\"\" \/><\/div>\n<div class=\"desc-text\">\n<h2>SAMSUNG MAGICIAN<\/h2>\n<p>Acc\u00e9der \u00e0 la vraie puissance du 980 PRO gr\u00e2ce au logiciel Samsung Magician et ses outils intuitifs: surveiller l&#8217;\u00e9tat du disque, optimiser ses performances, prot\u00e9ger vos donn\u00e9es importantes, et recever toutes les mises \u00e0 jour pour toujours b\u00e9n\u00e9ficier des meilleures performances possibles avec votre SSD.<\/p>\n<\/div>\n<\/section>\n<\/div>\n<\/div>\n","protected":false},"excerpt":{"rendered":"<p>Le disque SSD 980 PRO 1 To de Samsung permet de m\u00e9tamorphoser les performances et la r\u00e9activit\u00e9 de votre machine. B\u00e9n\u00e9ficiant de vitesses stratosph\u00e9riques et d&#8217;une endurance tr\u00e8s \u00e9lev\u00e9e, le Samsung 980 PRO s&#8217;appuie sur l&#8217;interface PCI-E 4.0 x4 ainsi que sur la technologie NVMe 1.3c.<\/p>\n","protected":false},"featured_media":1008770,"template":"","meta":{"_acf_changed":false},"pwb-brand":[],"product_brand":[],"product_cat":[17,22],"product_tag":[],"pcb_component_type":[],"class_list":{"0":"post-8767","1":"product","2":"type-product","3":"status-publish","4":"has-post-thumbnail","6":"product_cat-composants-gaming","7":"product_cat-disque-dur-ssd","9":"first","10":"outofstock","11":"shipping-taxable","12":"product-type-simple"},"translation":{"provider":"WPGlobus","version":"3.0.2","language":"de","enabled_languages":["en","es","de","fr","ru"],"languages":{"en":{"title":true,"content":true,"excerpt":true},"es":{"title":false,"content":false,"excerpt":false},"de":{"title":false,"content":false,"excerpt":false},"fr":{"title":false,"content":false,"excerpt":false},"ru":{"title":false,"content":false,"excerpt":false}}},"acf":[],"yoast_head":"<!-- This site is optimized with the Yoast SEO plugin v27.2 - https:\/\/yoast.com\/product\/yoast-seo-wordpress\/ -->\n<title>Samsung SSD 980 PRO M.2 PCIe NVMe 1 To - Osaka<\/title>\n<meta name=\"robots\" content=\"index, follow, max-snippet:-1, max-image-preview:large, max-video-preview:-1\" \/>\n<link rel=\"canonical\" href=\"https:\/\/osaka.ma\/product\/samsung-ssd-980-pro-m-2-pcie-nvme-1-to\/\" \/>\n<meta property=\"og:locale\" content=\"de_DE\" \/>\n<meta property=\"og:type\" content=\"article\" \/>\n<meta property=\"og:title\" content=\"Samsung SSD 980 PRO M.2 PCIe NVMe 1 To - Osaka\" \/>\n<meta property=\"og:url\" content=\"https:\/\/osaka.ma\/product\/samsung-ssd-980-pro-m-2-pcie-nvme-1-to\/\" \/>\n<meta property=\"og:site_name\" content=\"Osaka\" \/>\n<meta property=\"article:modified_time\" content=\"2025-04-10T17:58:53+00:00\" \/>\n<meta property=\"og:image\" content=\"https:\/\/osaka.ma\/wp-content\/uploads\/2024\/05\/980pro1tb-1.jpg\" \/>\n\t<meta property=\"og:image:width\" content=\"1600\" \/>\n\t<meta property=\"og:image:height\" content=\"1600\" \/>\n\t<meta property=\"og:image:type\" content=\"image\/jpeg\" \/>\n<meta name=\"twitter:card\" content=\"summary_large_image\" \/>\n<meta name=\"twitter:label1\" content=\"Est. reading time\" \/>\n\t<meta name=\"twitter:data1\" content=\"3 minutes\" \/>\n<script type=\"application\/ld+json\" class=\"yoast-schema-graph\">{\"@context\":\"https:\/\/schema.org\",\"@graph\":[{\"@type\":\"WebPage\",\"@id\":\"https:\/\/osaka.ma\/product\/samsung-ssd-980-pro-m-2-pcie-nvme-1-to\/\",\"url\":\"https:\/\/osaka.ma\/product\/samsung-ssd-980-pro-m-2-pcie-nvme-1-to\/\",\"name\":\"Samsung SSD 980 PRO M.2 PCIe NVMe 1 To - Osaka\",\"isPartOf\":{\"@id\":\"https:\/\/osaka.ma\/#website\"},\"primaryImageOfPage\":{\"@id\":\"https:\/\/osaka.ma\/product\/samsung-ssd-980-pro-m-2-pcie-nvme-1-to\/#primaryimage\"},\"image\":{\"@id\":\"https:\/\/osaka.ma\/product\/samsung-ssd-980-pro-m-2-pcie-nvme-1-to\/#primaryimage\"},\"thumbnailUrl\":\"https:\/\/osaka.ma\/wp-content\/uploads\/2024\/05\/980pro1tb-1.jpg\",\"datePublished\":\"2024-05-09T11:49:05+00:00\",\"dateModified\":\"2025-04-10T17:58:53+00:00\",\"breadcrumb\":{\"@id\":\"https:\/\/osaka.ma\/product\/samsung-ssd-980-pro-m-2-pcie-nvme-1-to\/#breadcrumb\"},\"inLanguage\":\"de-DE\",\"potentialAction\":[{\"@type\":\"ReadAction\",\"target\":[\"https:\/\/osaka.ma\/product\/samsung-ssd-980-pro-m-2-pcie-nvme-1-to\/\"]}]},{\"@type\":\"ImageObject\",\"inLanguage\":\"de-DE\",\"@id\":\"https:\/\/osaka.ma\/product\/samsung-ssd-980-pro-m-2-pcie-nvme-1-to\/#primaryimage\",\"url\":\"https:\/\/osaka.ma\/wp-content\/uploads\/2024\/05\/980pro1tb-1.jpg\",\"contentUrl\":\"https:\/\/osaka.ma\/wp-content\/uploads\/2024\/05\/980pro1tb-1.jpg\",\"width\":1600,\"height\":1600},{\"@type\":\"BreadcrumbList\",\"@id\":\"https:\/\/osaka.ma\/product\/samsung-ssd-980-pro-m-2-pcie-nvme-1-to\/#breadcrumb\",\"itemListElement\":[{\"@type\":\"ListItem\",\"position\":1,\"name\":\"Home\",\"item\":\"https:\/\/osaka.ma\/\"},{\"@type\":\"ListItem\",\"position\":2,\"name\":\"Shop\",\"item\":\"https:\/\/osaka.ma\/shop-2\/\"},{\"@type\":\"ListItem\",\"position\":3,\"name\":\"Samsung SSD 980 PRO M.2 PCIe NVMe 1 To\"}]},{\"@type\":\"WebSite\",\"@id\":\"https:\/\/osaka.ma\/#website\",\"url\":\"https:\/\/osaka.ma\/\",\"name\":\"Osaka\",\"description\":\"\",\"publisher\":{\"@id\":\"https:\/\/osaka.ma\/#organization\"},\"potentialAction\":[{\"@type\":\"SearchAction\",\"target\":{\"@type\":\"EntryPoint\",\"urlTemplate\":\"https:\/\/osaka.ma\/?s={search_term_string}\"},\"query-input\":{\"@type\":\"PropertyValueSpecification\",\"valueRequired\":true,\"valueName\":\"search_term_string\"}}],\"inLanguage\":\"de-DE\"},{\"@type\":\"Organization\",\"@id\":\"https:\/\/osaka.ma\/#organization\",\"name\":\"Osaka\",\"url\":\"https:\/\/osaka.ma\/\",\"logo\":{\"@type\":\"ImageObject\",\"inLanguage\":\"de-DE\",\"@id\":\"https:\/\/osaka.ma\/#\/schema\/logo\/image\/\",\"url\":\"https:\/\/osaka.ma\/wp-content\/uploads\/2026\/01\/model-slogan-logo-2Plan-de-travail-1dksl-plus-finnn.png\",\"contentUrl\":\"https:\/\/osaka.ma\/wp-content\/uploads\/2026\/01\/model-slogan-logo-2Plan-de-travail-1dksl-plus-finnn.png\",\"width\":842,\"height\":226,\"caption\":\"Osaka\"},\"image\":{\"@id\":\"https:\/\/osaka.ma\/#\/schema\/logo\/image\/\"}}]}<\/script>\n<!-- \/ Yoast SEO plugin. -->","yoast_head_json":{"title":"Samsung SSD 980 PRO M.2 PCIe NVMe 1 To - Osaka","robots":{"index":"index","follow":"follow","max-snippet":"max-snippet:-1","max-image-preview":"max-image-preview:large","max-video-preview":"max-video-preview:-1"},"canonical":"https:\/\/osaka.ma\/product\/samsung-ssd-980-pro-m-2-pcie-nvme-1-to\/","og_locale":"de_DE","og_type":"article","og_title":"Samsung SSD 980 PRO M.2 PCIe NVMe 1 To - Osaka","og_url":"https:\/\/osaka.ma\/product\/samsung-ssd-980-pro-m-2-pcie-nvme-1-to\/","og_site_name":"Osaka","article_modified_time":"2025-04-10T17:58:53+00:00","og_image":[{"width":1600,"height":1600,"url":"https:\/\/osaka.ma\/wp-content\/uploads\/2024\/05\/980pro1tb-1.jpg","type":"image\/jpeg"}],"twitter_card":"summary_large_image","twitter_misc":{"Est. reading time":"3 minutes"},"schema":{"@context":"https:\/\/schema.org","@graph":[{"@type":"WebPage","@id":"https:\/\/osaka.ma\/product\/samsung-ssd-980-pro-m-2-pcie-nvme-1-to\/","url":"https:\/\/osaka.ma\/product\/samsung-ssd-980-pro-m-2-pcie-nvme-1-to\/","name":"Samsung SSD 980 PRO M.2 PCIe NVMe 1 To - Osaka","isPartOf":{"@id":"https:\/\/osaka.ma\/#website"},"primaryImageOfPage":{"@id":"https:\/\/osaka.ma\/product\/samsung-ssd-980-pro-m-2-pcie-nvme-1-to\/#primaryimage"},"image":{"@id":"https:\/\/osaka.ma\/product\/samsung-ssd-980-pro-m-2-pcie-nvme-1-to\/#primaryimage"},"thumbnailUrl":"https:\/\/osaka.ma\/wp-content\/uploads\/2024\/05\/980pro1tb-1.jpg","datePublished":"2024-05-09T11:49:05+00:00","dateModified":"2025-04-10T17:58:53+00:00","breadcrumb":{"@id":"https:\/\/osaka.ma\/product\/samsung-ssd-980-pro-m-2-pcie-nvme-1-to\/#breadcrumb"},"inLanguage":"de-DE","potentialAction":[{"@type":"ReadAction","target":["https:\/\/osaka.ma\/product\/samsung-ssd-980-pro-m-2-pcie-nvme-1-to\/"]}]},{"@type":"ImageObject","inLanguage":"de-DE","@id":"https:\/\/osaka.ma\/product\/samsung-ssd-980-pro-m-2-pcie-nvme-1-to\/#primaryimage","url":"https:\/\/osaka.ma\/wp-content\/uploads\/2024\/05\/980pro1tb-1.jpg","contentUrl":"https:\/\/osaka.ma\/wp-content\/uploads\/2024\/05\/980pro1tb-1.jpg","width":1600,"height":1600},{"@type":"BreadcrumbList","@id":"https:\/\/osaka.ma\/product\/samsung-ssd-980-pro-m-2-pcie-nvme-1-to\/#breadcrumb","itemListElement":[{"@type":"ListItem","position":1,"name":"Home","item":"https:\/\/osaka.ma\/"},{"@type":"ListItem","position":2,"name":"Shop","item":"https:\/\/osaka.ma\/shop-2\/"},{"@type":"ListItem","position":3,"name":"Samsung SSD 980 PRO M.2 PCIe NVMe 1 To"}]},{"@type":"WebSite","@id":"https:\/\/osaka.ma\/#website","url":"https:\/\/osaka.ma\/","name":"Osaka","description":"","publisher":{"@id":"https:\/\/osaka.ma\/#organization"},"potentialAction":[{"@type":"SearchAction","target":{"@type":"EntryPoint","urlTemplate":"https:\/\/osaka.ma\/?s={search_term_string}"},"query-input":{"@type":"PropertyValueSpecification","valueRequired":true,"valueName":"search_term_string"}}],"inLanguage":"de-DE"},{"@type":"Organization","@id":"https:\/\/osaka.ma\/#organization","name":"Osaka","url":"https:\/\/osaka.ma\/","logo":{"@type":"ImageObject","inLanguage":"de-DE","@id":"https:\/\/osaka.ma\/#\/schema\/logo\/image\/","url":"https:\/\/osaka.ma\/wp-content\/uploads\/2026\/01\/model-slogan-logo-2Plan-de-travail-1dksl-plus-finnn.png","contentUrl":"https:\/\/osaka.ma\/wp-content\/uploads\/2026\/01\/model-slogan-logo-2Plan-de-travail-1dksl-plus-finnn.png","width":842,"height":226,"caption":"Osaka"},"image":{"@id":"https:\/\/osaka.ma\/#\/schema\/logo\/image\/"}}]}},"jetpack_sharing_enabled":true,"brands":[],"_links":{"self":[{"href":"https:\/\/osaka.ma\/de\/wp-json\/wp\/v2\/product\/8767","targetHints":{"allow":["GET"]}}],"collection":[{"href":"https:\/\/osaka.ma\/de\/wp-json\/wp\/v2\/product"}],"about":[{"href":"https:\/\/osaka.ma\/de\/wp-json\/wp\/v2\/types\/product"}],"version-history":[{"count":0,"href":"https:\/\/osaka.ma\/de\/wp-json\/wp\/v2\/product\/8767\/revisions"}],"wp:featuredmedia":[{"embeddable":true,"href":"https:\/\/osaka.ma\/de\/wp-json\/wp\/v2\/media\/1008770"}],"wp:attachment":[{"href":"https:\/\/osaka.ma\/de\/wp-json\/wp\/v2\/media?parent=8767"}],"wp:term":[{"taxonomy":"pwb-brand","embeddable":true,"href":"https:\/\/osaka.ma\/de\/wp-json\/wp\/v2\/pwb-brand?post=8767"},{"taxonomy":"product_brand","embeddable":true,"href":"https:\/\/osaka.ma\/de\/wp-json\/wp\/v2\/product_brand?post=8767"},{"taxonomy":"product_cat","embeddable":true,"href":"https:\/\/osaka.ma\/de\/wp-json\/wp\/v2\/product_cat?post=8767"},{"taxonomy":"product_tag","embeddable":true,"href":"https:\/\/osaka.ma\/de\/wp-json\/wp\/v2\/product_tag?post=8767"},{"taxonomy":"pcb_component_type","embeddable":true,"href":"https:\/\/osaka.ma\/de\/wp-json\/wp\/v2\/pcb_component_type?post=8767"}],"curies":[{"name":"wp","href":"https:\/\/api.w.org\/{rel}","templated":true}]}}