{"id":8775,"date":"2024-05-09T12:32:32","date_gmt":"2024-05-09T12:32:32","guid":{"rendered":"https:\/\/osaka.ma\/?post_type=product&#038;p=8775"},"modified":"2025-04-10T17:56:05","modified_gmt":"2025-04-10T17:56:05","slug":"samsung-ssd-870-evo-1-to","status":"publish","type":"product","link":"https:\/\/osaka.ma\/de\/product\/samsung-ssd-870-evo-1-to\/","title":{"rendered":"Samsung SSD 870 EVO 1 To"},"content":{"rendered":"<div class=\"logo\"><img decoding=\"async\" src=\"https:\/\/media.ldlc.com\/v3\/marque\/bo\/00\/06\/07\/33\/V30006073318.jpg\" alt=\"Samsung\" \/><\/div>\n<div id=\"description\" class=\"description\">\n<div class=\"details-pdt-desc\">\n<h2 class=\"h2-master\">SSD 870 EVO : Toujours plus rapide<\/h2>\n<section>Polyvalent et performant, le\u00a0<strong>disque SSD Samsung 870 EVO<\/strong>\u00a0accompagnera tous vos besoins. L&#8217;association de la m\u00e9moire V-NAND 3D TLC Samsung et du contr\u00f4leur Samsung MKX vous apportera\u00a0une efficacit\u00e9 optimale pour votre \u00e9quipement. Retrouvez des vitesses \u00e9lev\u00e9es jusqu&#8217;\u00e0 560 Mo\/s en lecture et 530 Mo\/s en \u00e9criture ainsi qu&#8217;une belle endurance pouvant atteindre 2400 To.<\/section>\n<section>\n<div class=\"desc-image\"><img decoding=\"async\" src=\"https:\/\/media.ldlc.com\/bo\/images\/fiches\/disque_dur_ssd\/samsung\/870_evo\/ssd_mlc.jpg\" alt=\"\" \/><\/div>\n<div class=\"desc-text\">\n<h2>EFFICACIT\u00c9 REDOUTABLE<\/h2>\n<p>Le 870 EVO offre des\u00a0performances \u00e9lev\u00e9es pour r\u00e9pondre \u00e0 l&#8217;ensemble de vos besoins. Retrouvez ainsi des\u00a0<strong>vitesses de lecture jusqu&#8217;\u00e0 560 Mo\/s\u00a0et d&#8217;\u00e9criture\u00a0 jusqu&#8217;\u00e0 530 Mo\/s<\/strong>. Compatible avec la plupart des \u00e9quipements, ce mod\u00e8le d\u00e9voilera rapidement tout son potentiel. Il int\u00e8gre le\u00a0<strong>contr\u00f4leur Samsung MKX<\/strong>, une\u00a0<strong>m\u00e9moire V-NAND 3-bit MLC (TLC)<\/strong>\u00a0ainsi qu&#8217;un chiffrement AES 256. Durable, le SSD 870 EVO assure jusqu&#8217;\u00e0 2400 TBW.<\/p>\n<\/div>\n<\/section>\n<section>\n<div class=\"desc-text\">\n<h2>UNE R\u00c9F\u00c9RENCE MONDIALE<\/h2>\n<p>Le tout dernier mod\u00e8le de la s\u00e9rie de SSD la plus vendue au monde est enfin arriv\u00e9. Le 870 EVO b\u00e9n\u00e9ficie de la technologie de pointe renomm\u00e9e de Samsung, tout en affichant des performances am\u00e9lior\u00e9es, une fiabilit\u00e9 hors pair et une compatibilit\u00e9 large pour correspondre aux besoins de tous, du cr\u00e9ateur de contenu aux professionnels de l&#8217;informatique ainsi qu&#8217;aux utilisateurs de tous les jours.<\/p>\n<\/div>\n<div class=\"desc-image\"><img decoding=\"async\" src=\"https:\/\/media.ldlc.com\/bo\/images\/fiches\/disque_dur_ssd\/samsung\/870_evo\/samsung_ssd_870_evo_001.jpg\" alt=\"\" \/><\/div>\n<\/section>\n<section>\n<div class=\"desc-image\"><img decoding=\"async\" src=\"https:\/\/media.ldlc.com\/bo\/images\/fiches\/disque_dur_ssd\/samsung\/870_evo\/samsung_ssd_870_evo_002.jpg\" alt=\"\" \/><\/div>\n<div class=\"desc-text\">\n<h2>ACC\u00c9DEZ \u00c0 L&#8217;EXCELLENCE<\/h2>\n<p>Atteignez les limites de l&#8217;interface SATA avec le 870 EVO et ses vitesses s\u00e9quentielles de 560\/530 Mo\/s. N&#8217;importe quel utilisateur peut ainsi avoir acc\u00e8s \u00e0 un SSD avec des performances de type professionnel. La technologie Intelligent TurboWrite acc\u00e9l\u00e8re les vitesses d&#8217;\u00e9criture et maintient les performances long terme gr\u00e2ce \u00e0 une m\u00e9moire tampon plus importante.<\/p>\n<\/div>\n<\/section>\n<section>\n<div class=\"desc-text\">\n<h2>FIABILIT\u00c9 DE POINTE<\/h2>\n<p>Le 870 EVO est garanti jusqu&#8217;\u00e0 2400 To \u00e9crits ou pendant 5 ans d&#8217;utilisation, ce qui lui permet d&#8217;atteindre les standards de fiabilit\u00e9 dans l&#8217;industrie de pointe. Il sera aussi efficace pour des t\u00e2ches du quotidien que du traitement vid\u00e9o 4K\/8K et est \u00e9quip\u00e9 de la derni\u00e8re g\u00e9n\u00e9ration de V-NAND &amp; du contr\u00f4leur MKX pour assurer une exp\u00e9rience la plus stable possible.<\/p>\n<\/div>\n<div class=\"desc-image\"><img decoding=\"async\" src=\"https:\/\/media.ldlc.com\/bo\/images\/fiches\/disque_dur_ssd\/samsung\/870_evo\/samsung_ssd_870_evo_004.jpg\" alt=\"\" \/><\/div>\n<\/section>\n<section>\n<div class=\"desc-image\"><img decoding=\"async\" src=\"https:\/\/media.ldlc.com\/bo\/images\/fiches\/disque_dur_ssd\/samsung\/870_evo\/samsung_ssd_870_evo_003.jpg\" alt=\"\" \/><\/div>\n<div class=\"desc-text\">\n<h2>HAUTE COMPATIBILIT\u00c9<\/h2>\n<p>Le 870 EVO a pass\u00e9 haut la main les tests de compatibilit\u00e9 avec la plupart des syst\u00e8mes d&#8217;exploitation et applications tels que les chipsets, cartes m\u00e8res, NAS et les appareils d&#8217;enregistrement vid\u00e9o. En tant que dernier arriv\u00e9 dans la gamme EVO, le 870 EVO sera \u00e0 la hauteur de n&#8217;importe quels syst\u00e8mes ou t\u00e2ches.<\/p>\n<\/div>\n<\/section>\n<\/div>\n<\/div>\n","protected":false},"excerpt":{"rendered":"<p>Polyvalent et performant, le disque SSD Samsung 870 EVO accompagnera tous vos besoins. L&#8217;association de la m\u00e9moire V-NAND 3D TLC Samsung et du contr\u00f4leur Samsung MKX vous apportera une efficacit\u00e9 optimale pour votre \u00e9quipement.<\/p>\n","protected":false},"featured_media":1008777,"template":"","meta":{"_acf_changed":false},"pwb-brand":[],"product_brand":[],"product_cat":[17,22],"product_tag":[],"pcb_component_type":[],"class_list":{"0":"post-8775","1":"product","2":"type-product","3":"status-publish","4":"has-post-thumbnail","6":"product_cat-composants-gaming","7":"product_cat-disque-dur-ssd","9":"first","10":"outofstock","11":"shipping-taxable","12":"product-type-simple"},"translation":{"provider":"WPGlobus","version":"3.0.2","language":"de","enabled_languages":["en","es","de","fr","ru"],"languages":{"en":{"title":true,"content":true,"excerpt":true},"es":{"title":false,"content":false,"excerpt":false},"de":{"title":false,"content":false,"excerpt":false},"fr":{"title":false,"content":false,"excerpt":false},"ru":{"title":false,"content":false,"excerpt":false}}},"acf":[],"yoast_head":"<!-- This site is optimized with the Yoast SEO plugin v27.2 - https:\/\/yoast.com\/product\/yoast-seo-wordpress\/ -->\n<title>Samsung SSD 870 EVO 1 To - Osaka<\/title>\n<meta name=\"robots\" content=\"index, follow, max-snippet:-1, max-image-preview:large, max-video-preview:-1\" \/>\n<link rel=\"canonical\" href=\"https:\/\/osaka.ma\/product\/samsung-ssd-870-evo-1-to\/\" \/>\n<meta property=\"og:locale\" content=\"de_DE\" \/>\n<meta property=\"og:type\" content=\"article\" \/>\n<meta property=\"og:title\" content=\"Samsung SSD 870 EVO 1 To - Osaka\" \/>\n<meta property=\"og:url\" content=\"https:\/\/osaka.ma\/product\/samsung-ssd-870-evo-1-to\/\" \/>\n<meta property=\"og:site_name\" content=\"Osaka\" \/>\n<meta property=\"article:modified_time\" content=\"2025-04-10T17:56:05+00:00\" \/>\n<meta property=\"og:image\" content=\"https:\/\/osaka.ma\/wp-content\/uploads\/2024\/05\/870evo-2.jpg\" \/>\n\t<meta property=\"og:image:width\" content=\"1600\" \/>\n\t<meta property=\"og:image:height\" content=\"1600\" \/>\n\t<meta property=\"og:image:type\" content=\"image\/jpeg\" \/>\n<meta name=\"twitter:card\" content=\"summary_large_image\" \/>\n<meta name=\"twitter:label1\" content=\"Est. reading time\" \/>\n\t<meta name=\"twitter:data1\" content=\"4 minutes\" \/>\n<script type=\"application\/ld+json\" class=\"yoast-schema-graph\">{\"@context\":\"https:\/\/schema.org\",\"@graph\":[{\"@type\":\"WebPage\",\"@id\":\"https:\/\/osaka.ma\/product\/samsung-ssd-870-evo-1-to\/\",\"url\":\"https:\/\/osaka.ma\/product\/samsung-ssd-870-evo-1-to\/\",\"name\":\"Samsung SSD 870 EVO 1 To - Osaka\",\"isPartOf\":{\"@id\":\"https:\/\/osaka.ma\/#website\"},\"primaryImageOfPage\":{\"@id\":\"https:\/\/osaka.ma\/product\/samsung-ssd-870-evo-1-to\/#primaryimage\"},\"image\":{\"@id\":\"https:\/\/osaka.ma\/product\/samsung-ssd-870-evo-1-to\/#primaryimage\"},\"thumbnailUrl\":\"https:\/\/osaka.ma\/wp-content\/uploads\/2024\/05\/870evo-2.jpg\",\"datePublished\":\"2024-05-09T12:32:32+00:00\",\"dateModified\":\"2025-04-10T17:56:05+00:00\",\"breadcrumb\":{\"@id\":\"https:\/\/osaka.ma\/product\/samsung-ssd-870-evo-1-to\/#breadcrumb\"},\"inLanguage\":\"de-DE\",\"potentialAction\":[{\"@type\":\"ReadAction\",\"target\":[\"https:\/\/osaka.ma\/product\/samsung-ssd-870-evo-1-to\/\"]}]},{\"@type\":\"ImageObject\",\"inLanguage\":\"de-DE\",\"@id\":\"https:\/\/osaka.ma\/product\/samsung-ssd-870-evo-1-to\/#primaryimage\",\"url\":\"https:\/\/osaka.ma\/wp-content\/uploads\/2024\/05\/870evo-2.jpg\",\"contentUrl\":\"https:\/\/osaka.ma\/wp-content\/uploads\/2024\/05\/870evo-2.jpg\",\"width\":1600,\"height\":1600},{\"@type\":\"BreadcrumbList\",\"@id\":\"https:\/\/osaka.ma\/product\/samsung-ssd-870-evo-1-to\/#breadcrumb\",\"itemListElement\":[{\"@type\":\"ListItem\",\"position\":1,\"name\":\"Home\",\"item\":\"https:\/\/osaka.ma\/\"},{\"@type\":\"ListItem\",\"position\":2,\"name\":\"Shop\",\"item\":\"https:\/\/osaka.ma\/shop-2\/\"},{\"@type\":\"ListItem\",\"position\":3,\"name\":\"Samsung SSD 870 EVO 1 To\"}]},{\"@type\":\"WebSite\",\"@id\":\"https:\/\/osaka.ma\/#website\",\"url\":\"https:\/\/osaka.ma\/\",\"name\":\"Osaka\",\"description\":\"\",\"publisher\":{\"@id\":\"https:\/\/osaka.ma\/#organization\"},\"potentialAction\":[{\"@type\":\"SearchAction\",\"target\":{\"@type\":\"EntryPoint\",\"urlTemplate\":\"https:\/\/osaka.ma\/?s={search_term_string}\"},\"query-input\":{\"@type\":\"PropertyValueSpecification\",\"valueRequired\":true,\"valueName\":\"search_term_string\"}}],\"inLanguage\":\"de-DE\"},{\"@type\":\"Organization\",\"@id\":\"https:\/\/osaka.ma\/#organization\",\"name\":\"Osaka\",\"url\":\"https:\/\/osaka.ma\/\",\"logo\":{\"@type\":\"ImageObject\",\"inLanguage\":\"de-DE\",\"@id\":\"https:\/\/osaka.ma\/#\/schema\/logo\/image\/\",\"url\":\"https:\/\/osaka.ma\/wp-content\/uploads\/2026\/01\/model-slogan-logo-2Plan-de-travail-1dksl-plus-finnn.png\",\"contentUrl\":\"https:\/\/osaka.ma\/wp-content\/uploads\/2026\/01\/model-slogan-logo-2Plan-de-travail-1dksl-plus-finnn.png\",\"width\":842,\"height\":226,\"caption\":\"Osaka\"},\"image\":{\"@id\":\"https:\/\/osaka.ma\/#\/schema\/logo\/image\/\"}}]}<\/script>\n<!-- \/ Yoast SEO plugin. -->","yoast_head_json":{"title":"Samsung SSD 870 EVO 1 To - Osaka","robots":{"index":"index","follow":"follow","max-snippet":"max-snippet:-1","max-image-preview":"max-image-preview:large","max-video-preview":"max-video-preview:-1"},"canonical":"https:\/\/osaka.ma\/product\/samsung-ssd-870-evo-1-to\/","og_locale":"de_DE","og_type":"article","og_title":"Samsung SSD 870 EVO 1 To - Osaka","og_url":"https:\/\/osaka.ma\/product\/samsung-ssd-870-evo-1-to\/","og_site_name":"Osaka","article_modified_time":"2025-04-10T17:56:05+00:00","og_image":[{"width":1600,"height":1600,"url":"https:\/\/osaka.ma\/wp-content\/uploads\/2024\/05\/870evo-2.jpg","type":"image\/jpeg"}],"twitter_card":"summary_large_image","twitter_misc":{"Est. reading time":"4 minutes"},"schema":{"@context":"https:\/\/schema.org","@graph":[{"@type":"WebPage","@id":"https:\/\/osaka.ma\/product\/samsung-ssd-870-evo-1-to\/","url":"https:\/\/osaka.ma\/product\/samsung-ssd-870-evo-1-to\/","name":"Samsung SSD 870 EVO 1 To - Osaka","isPartOf":{"@id":"https:\/\/osaka.ma\/#website"},"primaryImageOfPage":{"@id":"https:\/\/osaka.ma\/product\/samsung-ssd-870-evo-1-to\/#primaryimage"},"image":{"@id":"https:\/\/osaka.ma\/product\/samsung-ssd-870-evo-1-to\/#primaryimage"},"thumbnailUrl":"https:\/\/osaka.ma\/wp-content\/uploads\/2024\/05\/870evo-2.jpg","datePublished":"2024-05-09T12:32:32+00:00","dateModified":"2025-04-10T17:56:05+00:00","breadcrumb":{"@id":"https:\/\/osaka.ma\/product\/samsung-ssd-870-evo-1-to\/#breadcrumb"},"inLanguage":"de-DE","potentialAction":[{"@type":"ReadAction","target":["https:\/\/osaka.ma\/product\/samsung-ssd-870-evo-1-to\/"]}]},{"@type":"ImageObject","inLanguage":"de-DE","@id":"https:\/\/osaka.ma\/product\/samsung-ssd-870-evo-1-to\/#primaryimage","url":"https:\/\/osaka.ma\/wp-content\/uploads\/2024\/05\/870evo-2.jpg","contentUrl":"https:\/\/osaka.ma\/wp-content\/uploads\/2024\/05\/870evo-2.jpg","width":1600,"height":1600},{"@type":"BreadcrumbList","@id":"https:\/\/osaka.ma\/product\/samsung-ssd-870-evo-1-to\/#breadcrumb","itemListElement":[{"@type":"ListItem","position":1,"name":"Home","item":"https:\/\/osaka.ma\/"},{"@type":"ListItem","position":2,"name":"Shop","item":"https:\/\/osaka.ma\/shop-2\/"},{"@type":"ListItem","position":3,"name":"Samsung SSD 870 EVO 1 To"}]},{"@type":"WebSite","@id":"https:\/\/osaka.ma\/#website","url":"https:\/\/osaka.ma\/","name":"Osaka","description":"","publisher":{"@id":"https:\/\/osaka.ma\/#organization"},"potentialAction":[{"@type":"SearchAction","target":{"@type":"EntryPoint","urlTemplate":"https:\/\/osaka.ma\/?s={search_term_string}"},"query-input":{"@type":"PropertyValueSpecification","valueRequired":true,"valueName":"search_term_string"}}],"inLanguage":"de-DE"},{"@type":"Organization","@id":"https:\/\/osaka.ma\/#organization","name":"Osaka","url":"https:\/\/osaka.ma\/","logo":{"@type":"ImageObject","inLanguage":"de-DE","@id":"https:\/\/osaka.ma\/#\/schema\/logo\/image\/","url":"https:\/\/osaka.ma\/wp-content\/uploads\/2026\/01\/model-slogan-logo-2Plan-de-travail-1dksl-plus-finnn.png","contentUrl":"https:\/\/osaka.ma\/wp-content\/uploads\/2026\/01\/model-slogan-logo-2Plan-de-travail-1dksl-plus-finnn.png","width":842,"height":226,"caption":"Osaka"},"image":{"@id":"https:\/\/osaka.ma\/#\/schema\/logo\/image\/"}}]}},"jetpack_sharing_enabled":true,"brands":[],"_links":{"self":[{"href":"https:\/\/osaka.ma\/de\/wp-json\/wp\/v2\/product\/8775","targetHints":{"allow":["GET"]}}],"collection":[{"href":"https:\/\/osaka.ma\/de\/wp-json\/wp\/v2\/product"}],"about":[{"href":"https:\/\/osaka.ma\/de\/wp-json\/wp\/v2\/types\/product"}],"version-history":[{"count":0,"href":"https:\/\/osaka.ma\/de\/wp-json\/wp\/v2\/product\/8775\/revisions"}],"wp:featuredmedia":[{"embeddable":true,"href":"https:\/\/osaka.ma\/de\/wp-json\/wp\/v2\/media\/1008777"}],"wp:attachment":[{"href":"https:\/\/osaka.ma\/de\/wp-json\/wp\/v2\/media?parent=8775"}],"wp:term":[{"taxonomy":"pwb-brand","embeddable":true,"href":"https:\/\/osaka.ma\/de\/wp-json\/wp\/v2\/pwb-brand?post=8775"},{"taxonomy":"product_brand","embeddable":true,"href":"https:\/\/osaka.ma\/de\/wp-json\/wp\/v2\/product_brand?post=8775"},{"taxonomy":"product_cat","embeddable":true,"href":"https:\/\/osaka.ma\/de\/wp-json\/wp\/v2\/product_cat?post=8775"},{"taxonomy":"product_tag","embeddable":true,"href":"https:\/\/osaka.ma\/de\/wp-json\/wp\/v2\/product_tag?post=8775"},{"taxonomy":"pcb_component_type","embeddable":true,"href":"https:\/\/osaka.ma\/de\/wp-json\/wp\/v2\/pcb_component_type?post=8775"}],"curies":[{"name":"wp","href":"https:\/\/api.w.org\/{rel}","templated":true}]}}