{"id":8787,"date":"2024-05-09T14:12:56","date_gmt":"2024-05-09T14:12:56","guid":{"rendered":"https:\/\/osaka.ma\/?post_type=product&#038;p=8787"},"modified":"2025-04-10T17:52:12","modified_gmt":"2025-04-10T17:52:12","slug":"seagate-firecuda-510-m-2-pcie-nvme-2tb-ssd","status":"publish","type":"product","link":"https:\/\/osaka.ma\/de\/product\/seagate-firecuda-510-m-2-pcie-nvme-2tb-ssd\/","title":{"rendered":"Seagate FireCuda 510 M.2 PCIe NVMe 2TB SSD"},"content":{"rendered":"<div class=\"logo\"><img decoding=\"async\" src=\"https:\/\/media.ldlc.com\/v3\/marque\/bo\/00\/03\/44\/73\/V30003447351_2.jpg\" alt=\"Seagate Technology\" \/><\/div>\n<div id=\"description\" class=\"description\">\n<div class=\"details-pdt-desc\">\n<h2 class=\"h2-master\">FireCuda 510 SSD: Exceptional speeds<\/h2>\n<section><strong>Seagate&#8217;s FireCuda 510 2TB SSD\u00a0<\/strong>will transform your machine and take your performance to the next level. Boasting GB\/s speeds through its\u00a0<strong>PCIe 3.0 x4 interface\u00a0<\/strong>and an<strong>\u00a0endurance of 2,600 TB<\/strong>, the<strong>\u00a0<\/strong>FireCuda 510 in<strong>\u00a0M.2 2280<\/strong>\u00a0NVMe 1.3 form factor features\u00a0<strong>3D TLC NAND memory\u00a0<\/strong>and an MTBF of 1.8 million hours.The\u00a0<strong>Segate FireCuda 510 2TB (ZP2000GM30021) M.2 PCIe 3.0 4x NVMe 1.3\u00a0<\/strong>SSD features\u00a0<strong>read speeds of up to 3.45GB\/s and write speeds of up to 3.2GB\/s\u00a0<\/strong>to bring smoothness and responsiveness to your PC. With\u00a0<strong>read IOPS of 485,000 and write IOPS of 600\u00a0<\/strong>,000 (4Kb QD32 T8), it&#8217;s hard to catch the FireCuda 510 off guard.<\/p>\n<\/section>\n<section>\n<div class=\"desc-image\"><\/div>\n<div class=\"desc-text\">\n<h2>SPEED AND FLUIDITY<\/h2>\n<p>The Seagate FireCuda 510 was developed and built specifically to meet the needs of professional gamers. It loads your games and maps faster, speeds up respawns, and reduces jerks in Open World games.<\/p>\n<\/div>\n<\/section>\n<section>\n<div class=\"desc-text\">\n<h2>INTUITIVE SOFTWARE<\/h2>\n<p>Seagate SSDs come with free SeaTools SSD software that tests and analyses drives without any risk to your data, is easy to install on your system, and has a clean, intuitive interface for easy maintenance. You can perform several operations such as<\/p>\n<ul>\n<li>Disk status monitoring<\/li>\n<li>Disk maintenance<\/li>\n<li>Global monitoring<\/li>\n<\/ul>\n<\/div>\n<div class=\"desc-image\"><img decoding=\"async\" src=\"https:\/\/media.ldlc.com\/bo\/images\/fiches\/disque_dur_ssd\/seagate\/firecuda%20510\/800_2.jpg\" alt=\"\" \/><\/div>\n<\/section>\n<\/div>\n<\/div>\n","protected":false},"excerpt":{"rendered":"<p><strong>Le SSD FireCuda 510 2 To de Seagate<\/strong>\u00a0transformera votre machine et fera passer vos performances au niveau sup\u00e9rieur. B\u00e9n\u00e9ficiant de vitesses Go\/s gr\u00e2ce \u00e0 son\u00a0<strong>interface PCIe 3.0 x4<\/strong>\u00a0et d&#8217;une\u00a0<strong>endurance de 2\u00a0600 To<\/strong>\u00a0, le\u00a0FireCuda 510 au\u00a0facteur de forme\u00a0<strong>M.2 2280 NVMe 1.3 dispose d&#8217;\u00a0<\/strong><strong>une m\u00e9moire 3D TLC NAND<\/strong>\u00a0et d&#8217;un MTBF de 1,8 million d&#8217;heures.<\/p>\n<p>Le SSD\u00a0<strong>Segate FireCuda 510 2 To (ZP2000GM30021) M.2 PCIe 3.0 4x NVMe 1.3<\/strong>\u00a0offre\u00a0<strong>des vitesses de lecture allant jusqu&#8217;\u00e0 3,45 Go\/s et des vitesses d&#8217;\u00e9criture allant jusqu&#8217;\u00e0 3,2 Go\/s<\/strong>\u00a0pour apporter fluidit\u00e9 et r\u00e9activit\u00e9 \u00e0 votre PC. Avec\u00a0<strong>485 000 IOPS en lecture et 600<\/strong>\u00a0000 IOPS en \u00e9criture (4 Ko QD32 T8), il est difficile de surprendre le FireCuda 510.<\/p>\n","protected":false},"featured_media":1008789,"template":"","meta":{"_acf_changed":false},"pwb-brand":[],"product_brand":[],"product_cat":[17,22],"product_tag":[],"pcb_component_type":[],"class_list":{"0":"post-8787","1":"product","2":"type-product","3":"status-publish","4":"has-post-thumbnail","6":"product_cat-composants-gaming","7":"product_cat-disque-dur-ssd","9":"first","10":"outofstock","11":"shipping-taxable","12":"product-type-simple"},"translation":{"provider":"WPGlobus","version":"3.0.2","language":"de","enabled_languages":["en","es","de","fr","ru"],"languages":{"en":{"title":true,"content":true,"excerpt":true},"es":{"title":false,"content":false,"excerpt":false},"de":{"title":false,"content":false,"excerpt":false},"fr":{"title":false,"content":false,"excerpt":false},"ru":{"title":false,"content":false,"excerpt":false}}},"acf":[],"yoast_head":"<!-- This site is optimized with the Yoast SEO plugin v27.2 - https:\/\/yoast.com\/product\/yoast-seo-wordpress\/ -->\n<title>Seagate FireCuda 510 M.2 PCIe NVMe 2TB SSD - Osaka<\/title>\n<meta name=\"robots\" content=\"index, follow, max-snippet:-1, max-image-preview:large, max-video-preview:-1\" \/>\n<link rel=\"canonical\" href=\"https:\/\/osaka.ma\/product\/seagate-firecuda-510-m-2-pcie-nvme-2tb-ssd\/\" \/>\n<meta property=\"og:locale\" content=\"de_DE\" \/>\n<meta property=\"og:type\" content=\"article\" \/>\n<meta property=\"og:title\" content=\"Seagate FireCuda 510 M.2 PCIe NVMe 2TB SSD - Osaka\" \/>\n<meta property=\"og:url\" content=\"https:\/\/osaka.ma\/product\/seagate-firecuda-510-m-2-pcie-nvme-2tb-ssd\/\" \/>\n<meta property=\"og:site_name\" content=\"Osaka\" \/>\n<meta property=\"article:modified_time\" content=\"2025-04-10T17:52:12+00:00\" \/>\n<meta property=\"og:image\" content=\"https:\/\/osaka.ma\/wp-content\/uploads\/2024\/05\/FIRECUDA2TB-2.jpg\" \/>\n\t<meta property=\"og:image:width\" content=\"1600\" \/>\n\t<meta property=\"og:image:height\" content=\"1600\" \/>\n\t<meta property=\"og:image:type\" content=\"image\/jpeg\" \/>\n<meta name=\"twitter:card\" content=\"summary_large_image\" \/>\n<meta name=\"twitter:label1\" content=\"Est. reading time\" \/>\n\t<meta name=\"twitter:data1\" content=\"2 minutes\" \/>\n<script type=\"application\/ld+json\" class=\"yoast-schema-graph\">{\"@context\":\"https:\/\/schema.org\",\"@graph\":[{\"@type\":\"WebPage\",\"@id\":\"https:\/\/osaka.ma\/product\/seagate-firecuda-510-m-2-pcie-nvme-2tb-ssd\/\",\"url\":\"https:\/\/osaka.ma\/product\/seagate-firecuda-510-m-2-pcie-nvme-2tb-ssd\/\",\"name\":\"Seagate FireCuda 510 M.2 PCIe NVMe 2TB SSD - Osaka\",\"isPartOf\":{\"@id\":\"https:\/\/osaka.ma\/#website\"},\"primaryImageOfPage\":{\"@id\":\"https:\/\/osaka.ma\/product\/seagate-firecuda-510-m-2-pcie-nvme-2tb-ssd\/#primaryimage\"},\"image\":{\"@id\":\"https:\/\/osaka.ma\/product\/seagate-firecuda-510-m-2-pcie-nvme-2tb-ssd\/#primaryimage\"},\"thumbnailUrl\":\"https:\/\/osaka.ma\/wp-content\/uploads\/2024\/05\/FIRECUDA2TB-2.jpg\",\"datePublished\":\"2024-05-09T14:12:56+00:00\",\"dateModified\":\"2025-04-10T17:52:12+00:00\",\"breadcrumb\":{\"@id\":\"https:\/\/osaka.ma\/product\/seagate-firecuda-510-m-2-pcie-nvme-2tb-ssd\/#breadcrumb\"},\"inLanguage\":\"de-DE\",\"potentialAction\":[{\"@type\":\"ReadAction\",\"target\":[\"https:\/\/osaka.ma\/product\/seagate-firecuda-510-m-2-pcie-nvme-2tb-ssd\/\"]}]},{\"@type\":\"ImageObject\",\"inLanguage\":\"de-DE\",\"@id\":\"https:\/\/osaka.ma\/product\/seagate-firecuda-510-m-2-pcie-nvme-2tb-ssd\/#primaryimage\",\"url\":\"https:\/\/osaka.ma\/wp-content\/uploads\/2024\/05\/FIRECUDA2TB-2.jpg\",\"contentUrl\":\"https:\/\/osaka.ma\/wp-content\/uploads\/2024\/05\/FIRECUDA2TB-2.jpg\",\"width\":1600,\"height\":1600},{\"@type\":\"BreadcrumbList\",\"@id\":\"https:\/\/osaka.ma\/product\/seagate-firecuda-510-m-2-pcie-nvme-2tb-ssd\/#breadcrumb\",\"itemListElement\":[{\"@type\":\"ListItem\",\"position\":1,\"name\":\"Home\",\"item\":\"https:\/\/osaka.ma\/\"},{\"@type\":\"ListItem\",\"position\":2,\"name\":\"Shop\",\"item\":\"https:\/\/osaka.ma\/shop-2\/\"},{\"@type\":\"ListItem\",\"position\":3,\"name\":\"Seagate FireCuda 510 M.2 PCIe NVMe 2TB SSD\"}]},{\"@type\":\"WebSite\",\"@id\":\"https:\/\/osaka.ma\/#website\",\"url\":\"https:\/\/osaka.ma\/\",\"name\":\"Osaka\",\"description\":\"\",\"publisher\":{\"@id\":\"https:\/\/osaka.ma\/#organization\"},\"potentialAction\":[{\"@type\":\"SearchAction\",\"target\":{\"@type\":\"EntryPoint\",\"urlTemplate\":\"https:\/\/osaka.ma\/?s={search_term_string}\"},\"query-input\":{\"@type\":\"PropertyValueSpecification\",\"valueRequired\":true,\"valueName\":\"search_term_string\"}}],\"inLanguage\":\"de-DE\"},{\"@type\":\"Organization\",\"@id\":\"https:\/\/osaka.ma\/#organization\",\"name\":\"Osaka\",\"url\":\"https:\/\/osaka.ma\/\",\"logo\":{\"@type\":\"ImageObject\",\"inLanguage\":\"de-DE\",\"@id\":\"https:\/\/osaka.ma\/#\/schema\/logo\/image\/\",\"url\":\"https:\/\/osaka.ma\/wp-content\/uploads\/2026\/01\/model-slogan-logo-2Plan-de-travail-1dksl-plus-finnn.png\",\"contentUrl\":\"https:\/\/osaka.ma\/wp-content\/uploads\/2026\/01\/model-slogan-logo-2Plan-de-travail-1dksl-plus-finnn.png\",\"width\":842,\"height\":226,\"caption\":\"Osaka\"},\"image\":{\"@id\":\"https:\/\/osaka.ma\/#\/schema\/logo\/image\/\"}}]}<\/script>\n<!-- \/ Yoast SEO plugin. -->","yoast_head_json":{"title":"Seagate FireCuda 510 M.2 PCIe NVMe 2TB SSD - Osaka","robots":{"index":"index","follow":"follow","max-snippet":"max-snippet:-1","max-image-preview":"max-image-preview:large","max-video-preview":"max-video-preview:-1"},"canonical":"https:\/\/osaka.ma\/product\/seagate-firecuda-510-m-2-pcie-nvme-2tb-ssd\/","og_locale":"de_DE","og_type":"article","og_title":"Seagate FireCuda 510 M.2 PCIe NVMe 2TB SSD - Osaka","og_url":"https:\/\/osaka.ma\/product\/seagate-firecuda-510-m-2-pcie-nvme-2tb-ssd\/","og_site_name":"Osaka","article_modified_time":"2025-04-10T17:52:12+00:00","og_image":[{"width":1600,"height":1600,"url":"https:\/\/osaka.ma\/wp-content\/uploads\/2024\/05\/FIRECUDA2TB-2.jpg","type":"image\/jpeg"}],"twitter_card":"summary_large_image","twitter_misc":{"Est. reading time":"2 minutes"},"schema":{"@context":"https:\/\/schema.org","@graph":[{"@type":"WebPage","@id":"https:\/\/osaka.ma\/product\/seagate-firecuda-510-m-2-pcie-nvme-2tb-ssd\/","url":"https:\/\/osaka.ma\/product\/seagate-firecuda-510-m-2-pcie-nvme-2tb-ssd\/","name":"Seagate FireCuda 510 M.2 PCIe NVMe 2TB SSD - Osaka","isPartOf":{"@id":"https:\/\/osaka.ma\/#website"},"primaryImageOfPage":{"@id":"https:\/\/osaka.ma\/product\/seagate-firecuda-510-m-2-pcie-nvme-2tb-ssd\/#primaryimage"},"image":{"@id":"https:\/\/osaka.ma\/product\/seagate-firecuda-510-m-2-pcie-nvme-2tb-ssd\/#primaryimage"},"thumbnailUrl":"https:\/\/osaka.ma\/wp-content\/uploads\/2024\/05\/FIRECUDA2TB-2.jpg","datePublished":"2024-05-09T14:12:56+00:00","dateModified":"2025-04-10T17:52:12+00:00","breadcrumb":{"@id":"https:\/\/osaka.ma\/product\/seagate-firecuda-510-m-2-pcie-nvme-2tb-ssd\/#breadcrumb"},"inLanguage":"de-DE","potentialAction":[{"@type":"ReadAction","target":["https:\/\/osaka.ma\/product\/seagate-firecuda-510-m-2-pcie-nvme-2tb-ssd\/"]}]},{"@type":"ImageObject","inLanguage":"de-DE","@id":"https:\/\/osaka.ma\/product\/seagate-firecuda-510-m-2-pcie-nvme-2tb-ssd\/#primaryimage","url":"https:\/\/osaka.ma\/wp-content\/uploads\/2024\/05\/FIRECUDA2TB-2.jpg","contentUrl":"https:\/\/osaka.ma\/wp-content\/uploads\/2024\/05\/FIRECUDA2TB-2.jpg","width":1600,"height":1600},{"@type":"BreadcrumbList","@id":"https:\/\/osaka.ma\/product\/seagate-firecuda-510-m-2-pcie-nvme-2tb-ssd\/#breadcrumb","itemListElement":[{"@type":"ListItem","position":1,"name":"Home","item":"https:\/\/osaka.ma\/"},{"@type":"ListItem","position":2,"name":"Shop","item":"https:\/\/osaka.ma\/shop-2\/"},{"@type":"ListItem","position":3,"name":"Seagate FireCuda 510 M.2 PCIe NVMe 2TB SSD"}]},{"@type":"WebSite","@id":"https:\/\/osaka.ma\/#website","url":"https:\/\/osaka.ma\/","name":"Osaka","description":"","publisher":{"@id":"https:\/\/osaka.ma\/#organization"},"potentialAction":[{"@type":"SearchAction","target":{"@type":"EntryPoint","urlTemplate":"https:\/\/osaka.ma\/?s={search_term_string}"},"query-input":{"@type":"PropertyValueSpecification","valueRequired":true,"valueName":"search_term_string"}}],"inLanguage":"de-DE"},{"@type":"Organization","@id":"https:\/\/osaka.ma\/#organization","name":"Osaka","url":"https:\/\/osaka.ma\/","logo":{"@type":"ImageObject","inLanguage":"de-DE","@id":"https:\/\/osaka.ma\/#\/schema\/logo\/image\/","url":"https:\/\/osaka.ma\/wp-content\/uploads\/2026\/01\/model-slogan-logo-2Plan-de-travail-1dksl-plus-finnn.png","contentUrl":"https:\/\/osaka.ma\/wp-content\/uploads\/2026\/01\/model-slogan-logo-2Plan-de-travail-1dksl-plus-finnn.png","width":842,"height":226,"caption":"Osaka"},"image":{"@id":"https:\/\/osaka.ma\/#\/schema\/logo\/image\/"}}]}},"jetpack_sharing_enabled":true,"brands":[],"_links":{"self":[{"href":"https:\/\/osaka.ma\/de\/wp-json\/wp\/v2\/product\/8787","targetHints":{"allow":["GET"]}}],"collection":[{"href":"https:\/\/osaka.ma\/de\/wp-json\/wp\/v2\/product"}],"about":[{"href":"https:\/\/osaka.ma\/de\/wp-json\/wp\/v2\/types\/product"}],"version-history":[{"count":0,"href":"https:\/\/osaka.ma\/de\/wp-json\/wp\/v2\/product\/8787\/revisions"}],"wp:featuredmedia":[{"embeddable":true,"href":"https:\/\/osaka.ma\/de\/wp-json\/wp\/v2\/media\/1008789"}],"wp:attachment":[{"href":"https:\/\/osaka.ma\/de\/wp-json\/wp\/v2\/media?parent=8787"}],"wp:term":[{"taxonomy":"pwb-brand","embeddable":true,"href":"https:\/\/osaka.ma\/de\/wp-json\/wp\/v2\/pwb-brand?post=8787"},{"taxonomy":"product_brand","embeddable":true,"href":"https:\/\/osaka.ma\/de\/wp-json\/wp\/v2\/product_brand?post=8787"},{"taxonomy":"product_cat","embeddable":true,"href":"https:\/\/osaka.ma\/de\/wp-json\/wp\/v2\/product_cat?post=8787"},{"taxonomy":"product_tag","embeddable":true,"href":"https:\/\/osaka.ma\/de\/wp-json\/wp\/v2\/product_tag?post=8787"},{"taxonomy":"pcb_component_type","embeddable":true,"href":"https:\/\/osaka.ma\/de\/wp-json\/wp\/v2\/pcb_component_type?post=8787"}],"curies":[{"name":"wp","href":"https:\/\/api.w.org\/{rel}","templated":true}]}}