{"id":9006,"date":"2024-05-27T11:39:42","date_gmt":"2024-05-27T11:39:42","guid":{"rendered":"https:\/\/osaka.ma\/?post_type=product&#038;p=9006"},"modified":"2024-12-18T15:36:07","modified_gmt":"2024-12-18T15:36:07","slug":"hp-victus-15-i5-12500h-16gb-512gb-rtx-4060-8gb-15-6-fhd-144hz","status":"publish","type":"product","link":"https:\/\/osaka.ma\/de\/product\/hp-victus-15-i5-12500h-16gb-512gb-rtx-4060-8gb-15-6-fhd-144hz\/","title":{"rendered":"HP Victus 15 i5 12500H\/16GB\/512GB\/RTX 4060 8GB \/ 15.6&#8243; FHD 144HZ"},"content":{"rendered":"<div class=\"logo\"><a href=\"https:\/\/www.ldlc.com\/hp\/bint000004770\/\" rel=\"nofollow noopener\" target=\"_blank\"><img decoding=\"async\" src=\"https:\/\/media.ldlc.com\/v3\/marque\/bo\/00\/03\/15\/98\/V30003159855_2.jpg\" alt=\"HP\" \/><\/a><\/div>\n<div id=\"description\" class=\"description\">\n<div class=\"details-pdt-desc\">\n<h2 class=\"h2-master\">Performances de jeu \u00e0 prix optimis\u00e9<\/h2>\n<section>Le\u00a0<strong>PC portable Gamer HP Victus 15 <\/strong>combine avantageusement, mobilit\u00e9 et performances de jeu pour un prix abordable. Avec un\u00a0<strong>processeur Intel Core i5 de 12e g\u00e9n\u00e9ration<\/strong>\u00a0et une\u00a0<strong>puce graphique NVIDIA GeForce RTX s\u00e9rie 4000<\/strong>, il vous permettra de profiter de performances fluides et rapides avec un bon niveau de qualit\u00e9 graphique.<\/section>\n<section>\n<div class=\"desc-image\"><img decoding=\"async\" src=\"https:\/\/media.ldlc.com\/bo\/images\/fiches\/pc_portables\/hp\/victus_15\/801.jpg\" alt=\"\" \/><\/div>\n<div class=\"desc-text\">\n<h2>PERFORMANCES POUR LE DIVERTISSEMENT<\/h2>\n<p>\u00c9quip\u00e9 d&#8217;un processeur Intel Core i5 de 12e g\u00e9n\u00e9ration, d&#8217;une puce graphique NVIDIA GeForce RTX 4060 et d&#8217;un SSD au format M.2 PCIe, ce PC portable HP Victus offre de bonnes performances et un fonctionnement rapide, pour le divertissement multim\u00e9dia et les jeux vid\u00e9o r\u00e9cents.<\/p>\n<\/div>\n<\/section>\n<section>\n<div class=\"desc-text\">\n<h2>CONFORT DE JEU AU QUOTIDIEN<\/h2>\n<p>Gr\u00e2ce \u00e0 son \u00e9cran de 15.6 pouces avec r\u00e9solution Full HD, ce PC portable Gamer offre une image confortable et riche en d\u00e9tails. De plus, avec son syst\u00e8me audio con\u00e7u en collaboration avec les experts Bang &amp; Olufsen, cet ordinateur portable HP offre aussi une exp\u00e9rience audio\/vid\u00e9o de qualit\u00e9.<\/p>\n<\/div>\n<div class=\"desc-image\"><img decoding=\"async\" src=\"https:\/\/media.ldlc.com\/bo\/images\/fiches\/pc_portables\/hp\/victus_15\/802.jpg\" alt=\"\" \/><\/div>\n<\/section>\n<section class=\"list\">\n<h2>CARACT\u00c9RISTIQUES PRINCIPALES :<\/h2>\n<ul>\n<li><strong>Processeur\u00a0Intel Core i5-12450H<\/strong>\u00a0(4 Performance-Cores 4.4 GHz Turbo + 4 Efficient-Cores 3.3 GHz Turbo &#8211; 12 Threads &#8211; Cache 12 Mo)<\/li>\n<li>16 Go de m\u00e9moire DDR4 3200 MHz (2 x 8 Go)<\/li>\n<li><strong>\u00c9cran de 15.6&#8243; anti-reflets<\/strong> avec r\u00e9solution Full HD (1920 x 1080) 144HZ<\/li>\n<li>Puce graphique\u00a0<strong>NVIDIA GeForce RTX 4060<\/strong><\/li>\n<li>Fonctionnement fluide et rapide avec un\u00a0<strong>SSD M.2 PCIe de 512 Go<\/strong><\/li>\n<li>Communication sans fil\u00a0<strong>Wi-Fi 6\u00a0<\/strong>+\u00a0<strong>Bluetooth 5.3<\/strong><\/li>\n<li>Clavier avec touches r\u00e9tro\u00e9clair\u00e9es<\/li>\n<li>Sortie HDMI 2.1<\/li>\n<li><strong>Windows 11 Famille<\/strong><\/li>\n<li>Condition : Neuf<\/li>\n<\/ul>\n<\/section>\n<\/div>\n<\/div>\n","protected":false},"excerpt":{"rendered":"<p><strong>CARACT\u00c9RISTIQUES PRINCIPALES :<\/strong><\/p>\n<ul>\n<li><strong>Processeur\u00a0Intel Core i5-12450H<\/strong>\u00a0(4 Performance-Cores 4.4 GHz Turbo + 4 Efficient-Cores 3.3 GHz Turbo &#8211; 12 Threads &#8211; Cache 12 Mo)<\/li>\n<li>16 Go de m\u00e9moire DDR4 3200 MHz (2 x 8 Go)<\/li>\n<li><strong>\u00c9cran de 15.6&#8243; anti-reflets<\/strong> avec r\u00e9solution Full HD (1920 x 1080) 144HZ<\/li>\n<li>Puce graphique\u00a0<strong>NVIDIA GeForce RTX 4060<\/strong><\/li>\n<li>Fonctionnement fluide et rapide avec un\u00a0<strong>SSD M.2 PCIe de 512 Go<\/strong><\/li>\n<li>Communication sans fil\u00a0<strong>Wi-Fi 6\u00a0<\/strong>+\u00a0<strong>Bluetooth 5.3<\/strong><\/li>\n<li>Clavier avec touches r\u00e9tro\u00e9clair\u00e9es<\/li>\n<li>Sortie HDMI 2.1<\/li>\n<li><strong>Windows 11 Famille<\/strong><\/li>\n<li>Condition : Neuf<\/li>\n<\/ul>\n","protected":false},"featured_media":1007789,"template":"","meta":{"_acf_changed":false},"pwb-brand":[],"product_brand":[],"product_cat":[122,121],"product_tag":[],"pcb_component_type":[],"class_list":{"0":"post-9006","1":"product","2":"type-product","3":"status-publish","4":"has-post-thumbnail","6":"product_cat-gaming","7":"product_cat-pc-portable","9":"first","10":"outofstock","11":"shipping-taxable","12":"product-type-simple"},"translation":{"provider":"WPGlobus","version":"3.0.2","language":"de","enabled_languages":["en","es","de","fr","ru"],"languages":{"en":{"title":true,"content":true,"excerpt":true},"es":{"title":false,"content":false,"excerpt":false},"de":{"title":false,"content":false,"excerpt":false},"fr":{"title":false,"content":false,"excerpt":false},"ru":{"title":false,"content":false,"excerpt":false}}},"acf":[],"yoast_head":"<!-- This site is optimized with the Yoast SEO plugin v27.2 - https:\/\/yoast.com\/product\/yoast-seo-wordpress\/ -->\n<title>HP Victus 15 i5 12500H\/16GB\/512GB\/RTX 4060 8GB \/ 15.6&quot; FHD 144HZ - Osaka<\/title>\n<meta name=\"robots\" content=\"index, follow, max-snippet:-1, max-image-preview:large, max-video-preview:-1\" \/>\n<link rel=\"canonical\" href=\"https:\/\/osaka.ma\/product\/hp-victus-15-i5-12500h-16gb-512gb-rtx-4060-8gb-15-6-fhd-144hz\/\" \/>\n<meta property=\"og:locale\" content=\"de_DE\" \/>\n<meta property=\"og:type\" content=\"article\" \/>\n<meta property=\"og:title\" content=\"HP Victus 15 i5 12500H\/16GB\/512GB\/RTX 4060 8GB \/ 15.6&quot; FHD 144HZ - Osaka\" \/>\n<meta property=\"og:url\" content=\"https:\/\/osaka.ma\/product\/hp-victus-15-i5-12500h-16gb-512gb-rtx-4060-8gb-15-6-fhd-144hz\/\" \/>\n<meta property=\"og:site_name\" content=\"Osaka\" \/>\n<meta property=\"article:modified_time\" content=\"2024-12-18T15:36:07+00:00\" \/>\n<meta property=\"og:image\" content=\"https:\/\/osaka.ma\/wp-content\/uploads\/2024\/03\/HP-VICTUS-16-I5-11400H-16GB-512GB-RTX-3060-6GB-144HZ-2.jpg\" \/>\n\t<meta property=\"og:image:width\" content=\"1600\" \/>\n\t<meta property=\"og:image:height\" content=\"1600\" \/>\n\t<meta property=\"og:image:type\" content=\"image\/jpeg\" \/>\n<meta name=\"twitter:card\" content=\"summary_large_image\" \/>\n<meta name=\"twitter:label1\" content=\"Est. reading time\" \/>\n\t<meta name=\"twitter:data1\" content=\"2 minutes\" \/>\n<script type=\"application\/ld+json\" class=\"yoast-schema-graph\">{\"@context\":\"https:\/\/schema.org\",\"@graph\":[{\"@type\":\"WebPage\",\"@id\":\"https:\/\/osaka.ma\/product\/hp-victus-15-i5-12500h-16gb-512gb-rtx-4060-8gb-15-6-fhd-144hz\/\",\"url\":\"https:\/\/osaka.ma\/product\/hp-victus-15-i5-12500h-16gb-512gb-rtx-4060-8gb-15-6-fhd-144hz\/\",\"name\":\"HP Victus 15 i5 12500H\/16GB\/512GB\/RTX 4060 8GB \/ 15.6\\\" FHD 144HZ - Osaka\",\"isPartOf\":{\"@id\":\"https:\/\/osaka.ma\/#website\"},\"primaryImageOfPage\":{\"@id\":\"https:\/\/osaka.ma\/product\/hp-victus-15-i5-12500h-16gb-512gb-rtx-4060-8gb-15-6-fhd-144hz\/#primaryimage\"},\"image\":{\"@id\":\"https:\/\/osaka.ma\/product\/hp-victus-15-i5-12500h-16gb-512gb-rtx-4060-8gb-15-6-fhd-144hz\/#primaryimage\"},\"thumbnailUrl\":\"https:\/\/osaka.ma\/wp-content\/uploads\/2024\/03\/HP-VICTUS-16-I5-11400H-16GB-512GB-RTX-3060-6GB-144HZ-2.jpg\",\"datePublished\":\"2024-05-27T11:39:42+00:00\",\"dateModified\":\"2024-12-18T15:36:07+00:00\",\"breadcrumb\":{\"@id\":\"https:\/\/osaka.ma\/product\/hp-victus-15-i5-12500h-16gb-512gb-rtx-4060-8gb-15-6-fhd-144hz\/#breadcrumb\"},\"inLanguage\":\"de-DE\",\"potentialAction\":[{\"@type\":\"ReadAction\",\"target\":[\"https:\/\/osaka.ma\/product\/hp-victus-15-i5-12500h-16gb-512gb-rtx-4060-8gb-15-6-fhd-144hz\/\"]}]},{\"@type\":\"ImageObject\",\"inLanguage\":\"de-DE\",\"@id\":\"https:\/\/osaka.ma\/product\/hp-victus-15-i5-12500h-16gb-512gb-rtx-4060-8gb-15-6-fhd-144hz\/#primaryimage\",\"url\":\"https:\/\/osaka.ma\/wp-content\/uploads\/2024\/03\/HP-VICTUS-16-I5-11400H-16GB-512GB-RTX-3060-6GB-144HZ-2.jpg\",\"contentUrl\":\"https:\/\/osaka.ma\/wp-content\/uploads\/2024\/03\/HP-VICTUS-16-I5-11400H-16GB-512GB-RTX-3060-6GB-144HZ-2.jpg\",\"width\":1600,\"height\":1600,\"caption\":\"HP VICTUS 16 Ryzen 7 7840HS\/ 16 GB DDR5 \/ 512 GB Gen4 \/ RTX 4070 8GB \/ 16.1'' FHD IPS 144 Hz\"},{\"@type\":\"BreadcrumbList\",\"@id\":\"https:\/\/osaka.ma\/product\/hp-victus-15-i5-12500h-16gb-512gb-rtx-4060-8gb-15-6-fhd-144hz\/#breadcrumb\",\"itemListElement\":[{\"@type\":\"ListItem\",\"position\":1,\"name\":\"Home\",\"item\":\"https:\/\/osaka.ma\/\"},{\"@type\":\"ListItem\",\"position\":2,\"name\":\"Shop\",\"item\":\"https:\/\/osaka.ma\/shop-2\/\"},{\"@type\":\"ListItem\",\"position\":3,\"name\":\"HP Victus 15 i5 12500H\/16GB\/512GB\/RTX 4060 8GB \/ 15.6&#8243; FHD 144HZ\"}]},{\"@type\":\"WebSite\",\"@id\":\"https:\/\/osaka.ma\/#website\",\"url\":\"https:\/\/osaka.ma\/\",\"name\":\"Osaka\",\"description\":\"\",\"publisher\":{\"@id\":\"https:\/\/osaka.ma\/#organization\"},\"potentialAction\":[{\"@type\":\"SearchAction\",\"target\":{\"@type\":\"EntryPoint\",\"urlTemplate\":\"https:\/\/osaka.ma\/?s={search_term_string}\"},\"query-input\":{\"@type\":\"PropertyValueSpecification\",\"valueRequired\":true,\"valueName\":\"search_term_string\"}}],\"inLanguage\":\"de-DE\"},{\"@type\":\"Organization\",\"@id\":\"https:\/\/osaka.ma\/#organization\",\"name\":\"Osaka\",\"url\":\"https:\/\/osaka.ma\/\",\"logo\":{\"@type\":\"ImageObject\",\"inLanguage\":\"de-DE\",\"@id\":\"https:\/\/osaka.ma\/#\/schema\/logo\/image\/\",\"url\":\"https:\/\/osaka.ma\/wp-content\/uploads\/2026\/01\/model-slogan-logo-2Plan-de-travail-1dksl-plus-finnn.png\",\"contentUrl\":\"https:\/\/osaka.ma\/wp-content\/uploads\/2026\/01\/model-slogan-logo-2Plan-de-travail-1dksl-plus-finnn.png\",\"width\":842,\"height\":226,\"caption\":\"Osaka\"},\"image\":{\"@id\":\"https:\/\/osaka.ma\/#\/schema\/logo\/image\/\"}}]}<\/script>\n<!-- \/ Yoast SEO plugin. -->","yoast_head_json":{"title":"HP Victus 15 i5 12500H\/16GB\/512GB\/RTX 4060 8GB \/ 15.6\" FHD 144HZ - Osaka","robots":{"index":"index","follow":"follow","max-snippet":"max-snippet:-1","max-image-preview":"max-image-preview:large","max-video-preview":"max-video-preview:-1"},"canonical":"https:\/\/osaka.ma\/product\/hp-victus-15-i5-12500h-16gb-512gb-rtx-4060-8gb-15-6-fhd-144hz\/","og_locale":"de_DE","og_type":"article","og_title":"HP Victus 15 i5 12500H\/16GB\/512GB\/RTX 4060 8GB \/ 15.6\" FHD 144HZ - Osaka","og_url":"https:\/\/osaka.ma\/product\/hp-victus-15-i5-12500h-16gb-512gb-rtx-4060-8gb-15-6-fhd-144hz\/","og_site_name":"Osaka","article_modified_time":"2024-12-18T15:36:07+00:00","og_image":[{"width":1600,"height":1600,"url":"https:\/\/osaka.ma\/wp-content\/uploads\/2024\/03\/HP-VICTUS-16-I5-11400H-16GB-512GB-RTX-3060-6GB-144HZ-2.jpg","type":"image\/jpeg"}],"twitter_card":"summary_large_image","twitter_misc":{"Est. reading time":"2 minutes"},"schema":{"@context":"https:\/\/schema.org","@graph":[{"@type":"WebPage","@id":"https:\/\/osaka.ma\/product\/hp-victus-15-i5-12500h-16gb-512gb-rtx-4060-8gb-15-6-fhd-144hz\/","url":"https:\/\/osaka.ma\/product\/hp-victus-15-i5-12500h-16gb-512gb-rtx-4060-8gb-15-6-fhd-144hz\/","name":"HP Victus 15 i5 12500H\/16GB\/512GB\/RTX 4060 8GB \/ 15.6\" FHD 144HZ - Osaka","isPartOf":{"@id":"https:\/\/osaka.ma\/#website"},"primaryImageOfPage":{"@id":"https:\/\/osaka.ma\/product\/hp-victus-15-i5-12500h-16gb-512gb-rtx-4060-8gb-15-6-fhd-144hz\/#primaryimage"},"image":{"@id":"https:\/\/osaka.ma\/product\/hp-victus-15-i5-12500h-16gb-512gb-rtx-4060-8gb-15-6-fhd-144hz\/#primaryimage"},"thumbnailUrl":"https:\/\/osaka.ma\/wp-content\/uploads\/2024\/03\/HP-VICTUS-16-I5-11400H-16GB-512GB-RTX-3060-6GB-144HZ-2.jpg","datePublished":"2024-05-27T11:39:42+00:00","dateModified":"2024-12-18T15:36:07+00:00","breadcrumb":{"@id":"https:\/\/osaka.ma\/product\/hp-victus-15-i5-12500h-16gb-512gb-rtx-4060-8gb-15-6-fhd-144hz\/#breadcrumb"},"inLanguage":"de-DE","potentialAction":[{"@type":"ReadAction","target":["https:\/\/osaka.ma\/product\/hp-victus-15-i5-12500h-16gb-512gb-rtx-4060-8gb-15-6-fhd-144hz\/"]}]},{"@type":"ImageObject","inLanguage":"de-DE","@id":"https:\/\/osaka.ma\/product\/hp-victus-15-i5-12500h-16gb-512gb-rtx-4060-8gb-15-6-fhd-144hz\/#primaryimage","url":"https:\/\/osaka.ma\/wp-content\/uploads\/2024\/03\/HP-VICTUS-16-I5-11400H-16GB-512GB-RTX-3060-6GB-144HZ-2.jpg","contentUrl":"https:\/\/osaka.ma\/wp-content\/uploads\/2024\/03\/HP-VICTUS-16-I5-11400H-16GB-512GB-RTX-3060-6GB-144HZ-2.jpg","width":1600,"height":1600,"caption":"HP VICTUS 16 Ryzen 7 7840HS\/ 16 GB DDR5 \/ 512 GB Gen4 \/ RTX 4070 8GB \/ 16.1'' FHD IPS 144 Hz"},{"@type":"BreadcrumbList","@id":"https:\/\/osaka.ma\/product\/hp-victus-15-i5-12500h-16gb-512gb-rtx-4060-8gb-15-6-fhd-144hz\/#breadcrumb","itemListElement":[{"@type":"ListItem","position":1,"name":"Home","item":"https:\/\/osaka.ma\/"},{"@type":"ListItem","position":2,"name":"Shop","item":"https:\/\/osaka.ma\/shop-2\/"},{"@type":"ListItem","position":3,"name":"HP Victus 15 i5 12500H\/16GB\/512GB\/RTX 4060 8GB \/ 15.6&#8243; FHD 144HZ"}]},{"@type":"WebSite","@id":"https:\/\/osaka.ma\/#website","url":"https:\/\/osaka.ma\/","name":"Osaka","description":"","publisher":{"@id":"https:\/\/osaka.ma\/#organization"},"potentialAction":[{"@type":"SearchAction","target":{"@type":"EntryPoint","urlTemplate":"https:\/\/osaka.ma\/?s={search_term_string}"},"query-input":{"@type":"PropertyValueSpecification","valueRequired":true,"valueName":"search_term_string"}}],"inLanguage":"de-DE"},{"@type":"Organization","@id":"https:\/\/osaka.ma\/#organization","name":"Osaka","url":"https:\/\/osaka.ma\/","logo":{"@type":"ImageObject","inLanguage":"de-DE","@id":"https:\/\/osaka.ma\/#\/schema\/logo\/image\/","url":"https:\/\/osaka.ma\/wp-content\/uploads\/2026\/01\/model-slogan-logo-2Plan-de-travail-1dksl-plus-finnn.png","contentUrl":"https:\/\/osaka.ma\/wp-content\/uploads\/2026\/01\/model-slogan-logo-2Plan-de-travail-1dksl-plus-finnn.png","width":842,"height":226,"caption":"Osaka"},"image":{"@id":"https:\/\/osaka.ma\/#\/schema\/logo\/image\/"}}]}},"jetpack_sharing_enabled":true,"brands":[],"_links":{"self":[{"href":"https:\/\/osaka.ma\/de\/wp-json\/wp\/v2\/product\/9006","targetHints":{"allow":["GET"]}}],"collection":[{"href":"https:\/\/osaka.ma\/de\/wp-json\/wp\/v2\/product"}],"about":[{"href":"https:\/\/osaka.ma\/de\/wp-json\/wp\/v2\/types\/product"}],"version-history":[{"count":0,"href":"https:\/\/osaka.ma\/de\/wp-json\/wp\/v2\/product\/9006\/revisions"}],"wp:featuredmedia":[{"embeddable":true,"href":"https:\/\/osaka.ma\/de\/wp-json\/wp\/v2\/media\/1007789"}],"wp:attachment":[{"href":"https:\/\/osaka.ma\/de\/wp-json\/wp\/v2\/media?parent=9006"}],"wp:term":[{"taxonomy":"pwb-brand","embeddable":true,"href":"https:\/\/osaka.ma\/de\/wp-json\/wp\/v2\/pwb-brand?post=9006"},{"taxonomy":"product_brand","embeddable":true,"href":"https:\/\/osaka.ma\/de\/wp-json\/wp\/v2\/product_brand?post=9006"},{"taxonomy":"product_cat","embeddable":true,"href":"https:\/\/osaka.ma\/de\/wp-json\/wp\/v2\/product_cat?post=9006"},{"taxonomy":"product_tag","embeddable":true,"href":"https:\/\/osaka.ma\/de\/wp-json\/wp\/v2\/product_tag?post=9006"},{"taxonomy":"pcb_component_type","embeddable":true,"href":"https:\/\/osaka.ma\/de\/wp-json\/wp\/v2\/pcb_component_type?post=9006"}],"curies":[{"name":"wp","href":"https:\/\/api.w.org\/{rel}","templated":true}]}}