{"id":9019,"date":"2024-05-27T17:19:27","date_gmt":"2024-05-27T17:19:27","guid":{"rendered":"https:\/\/osaka.ma\/?post_type=product&#038;p=9019"},"modified":"2024-12-18T15:36:07","modified_gmt":"2024-12-18T15:36:07","slug":"pc-gamer-ryzen-7-7800x3d-32gb-1tb-rtx-4070-super-12gb","status":"publish","type":"product","link":"https:\/\/osaka.ma\/de\/product\/pc-gamer-ryzen-7-7800x3d-32gb-1tb-rtx-4070-super-12gb\/","title":{"rendered":"PC Gamer RYZEN\u2122 7 7800X3D\/32GB\/1TB\/RTX 4070 SUPER 12GB"},"content":{"rendered":"<div id=\"description\" class=\"description\">\n<div><img decoding=\"async\" class=\" wp-image-6550 aligncenter\" src=\"https:\/\/osaka.ma\/wp-content\/uploads\/2023\/10\/OSA-1.png\" alt=\"\" width=\"294\" height=\"113\" \/><\/div>\n<\/div>\n<div><\/div>\n<div><\/div>\n<div id=\"description\" class=\"description\">\n<div><i><img decoding=\"async\" class=\"\" src=\"https:\/\/media.ldlc.com\/bo\/images\/fiches\/kit_upgrade\/case_80.png\" alt=\"\" width=\"48\" height=\"48\" \/><\/i><i>PC Gaming abordable, le\u00a0<strong>PC de bureau Osaka Gen7\u00a0<\/strong>\u00a0sera un alli\u00e9 de choix pour jouer aux jeux les plus r\u00e9cents sans pour autant vider votre compte en banque. Particuli\u00e8rement efficace, cet ordinateur d\u00e9di\u00e9 aux jeux vid\u00e9o vous permettra d\u2019aller \u00e0 l\u2019essentiel. Il est \u00e9quip\u00e9 d\u2019un\u00a0<strong>processeur Ryzen 7 7800X3D<\/strong>, d\u2019une\u00a0<strong>carte m\u00e8re avec chipset Amd B650<\/strong>, de\u00a0<strong>32<\/strong><strong>Go de RAM DDR5<\/strong>\u00a0et d\u2019une\u00a0<strong>carte graphique\u00a0 NVIDIA GEFORCE ASUS DUAL RTX 4070 SUPER 12Go <\/strong>. Il dispose \u00e9galement d\u2019un disque\u00a0<strong>SSD de 1To<\/strong>\u00a0pour un syst\u00e8me ultra r\u00e9actif.<\/i><\/div>\n<div>\n<p>&nbsp;<\/p>\n<ul>\n<li>Processeur\u00a0<a href=\"https:\/\/osaka.ma\/produit\/7245\/\"><strong>AMD\u00a0<em>Ryzen 7 7800X3D<\/em>\u00a0(4.5 GHz \/ 5.4 GHz)<\/strong><\/a><\/li>\n<li>Carte m\u00e8re\u00a0<a href=\"https:\/\/osaka.ma\/produit\/asus-prime-b650-plus\/\"><strong>ASUS PRIME B650 PLUS<\/strong><\/a><\/li>\n<li>Ram\u00a0<a href=\"https:\/\/osaka.ma\/produit\/corsair-vengeance-ddr5-32-go-2-x-16-go-6000-mhz-cl36\/\"><strong>32GB (16*2) CORSAIR DDR5 6000MHZ<\/strong><\/a><\/li>\n<li>Carte graphique\u00a0<a href=\"https:\/\/osaka.ma\/produit\/asus-dual-geforce-rtx-4070-super-12gb-gddr6x\/\"><strong>ASUS DUAL\u00a0 RTX 4070 SUPER 12GB<\/strong><\/a><\/li>\n<li>Bo\u00eetier Moyen Tour<a href=\"https:\/\/osaka.ma\/produit\/aerocool-falcon\/\"><strong> AEROCOOL FALCON<\/strong><\/a><\/li>\n<li>SSD\u00a0<a href=\"https:\/\/osaka.ma\/produit\/crucial-p3-plus-1tb-gen4\/\"><strong>1TB CRUCIAL P3 PLUS GEN4 5000MB\/S<\/strong><\/a><\/li>\n<li>Ventirad\u00a0<strong>MSI MAG CORELIQUID M240<\/strong><\/li>\n<li>Alimentation\u00a0<a href=\"https:\/\/osaka.ma\/produit\/msi-mag-a750bn-pcie5-0\/\"><strong>MSI MAG A750BN 80+ BRONZE\u00a0<\/strong><\/a><\/li>\n<li><strong>Win11 \/ Bien assembl\u00e9<\/strong><\/li>\n<\/ul>\n<\/div>\n<div class=\"details-pdt-desc\">\n<h2 class=\"h2-master\">Arsenal Gamer pour Gaming Non-Stop !<\/h2>\n<section>Que vous soyez joueur d\u00e9butant ou aguerri, Le\u00a0<i><strong>Osaka Gen7<\/strong><\/i> avec sa carte graphique NVIDIA GEFORCE ASUS DUAL RTX 4070 SUPER<strong>\u00a012Go <\/strong>et son\u00a0<strong>SSD de 1To\u00a0<\/strong>conviendra \u00e0 vos besoins et exigences pour ne faire aucun compromis sur la puissance et la r\u00e9activit\u00e9. Configuration \u00e9quilibr\u00e9e et abordable, elle vous permettra d\u2019aller \u00e0 l\u2019essentiel : JOUER et GAGNER. Faites confiance au PC\u00a0<i><strong>Osaka Gen7<\/strong><\/i>, The Best Seller.<\/section>\n<\/div>\n<\/div>\n<section><\/section>\n<section><\/section>\n<section>\n<div class=\"desc-image\"><img decoding=\"async\" src=\"https:\/\/media.ldlc.com\/bo\/images\/fiches\/Processeur\/AMD\/raphael\/amd_ryzen_7000_001.jpg\" alt=\"\" \/><\/div>\n<div class=\"desc-text\">\n<h2>AMD RYZEN 7 7800X3D<\/h2>\n<p>Les fr\u00e9quences \u00e9lev\u00e9es des processeurs\u00a0<strong>AMD Ryzen Zen 4<\/strong>\u00a0sont un v\u00e9ritable avantage dans les jeux. Choisissez les bons composants et concevez un PC Gaming surpuissant, sans latences et pr\u00eat \u00e0 servir quand il faut. Prenez l\u2019avantage sur vos adversaires et atteignez des sommets gr\u00e2ce aux processeurs<strong>\u00a0AMD Ryzen 7000<\/strong>\u00a0et aux cartes m\u00e8res\u00a0<strong>AMD AM5<\/strong>.<\/p>\n<p>Les processeurs\u00a0<strong>AMD Ryzen 7000<\/strong>\u00a0sont performants dans tous les domaines. Ils vont permettront de cr\u00e9er plus vite, d\u2019atteindre vos objectifs plus rapidement et de gagner du temps en permanence. Qu\u2019il s\u2019agisse de rendu 3D ou d\u2019exportation de fichiers vid\u00e9o volumineux, concevez, livrez et faites le job avec la vitesse et le stockage PCIe 5.0, de nombreux threads de traitement et des acc\u00e9l\u00e9rateurs vid\u00e9o d\u00e9di\u00e9s.<\/p>\n<\/div>\n<div class=\"logo\"><img decoding=\"async\" src=\"https:\/\/media.ldlc.com\/v3\/marque\/bo\/00\/05\/62\/42\/V30005624251_2.jpg\" alt=\"ASUS\" \/><\/div>\n<div id=\"description\" class=\"description\">\n<div class=\"details-pdt-desc\">\n<h2 class=\"h2-master\">Super performances pour les joueurs et les cr\u00e9atifs<\/h2>\n<section>Tout ce dont vous avez besoin pour jouer ou cr\u00e9er est r\u00e9uni au sein d&#8217;une seule et m\u00eame\u00a0<strong>carte graphique haut de gamme<\/strong>, l&#8217;<strong>ASUS Dual GeForce RTX 4070 SUPER OC Edition 12GB GDDR6X.<\/strong>\u00a0Con\u00e7ue pour les gamers et les cr\u00e9ateurs, la\u00a0<strong>carte graphique NVIDIA GeForce RTX 4070 SUPER<\/strong>\u00a0 d\u00e9livre des performances \u00e9poustouflantes. Cette carte graphique hautes performances vous permettra de jouer aux derniers jeux les plus gourmands de mani\u00e8re ultra-fluide et en tr\u00e8s haute r\u00e9solution et du calcul de rendu ultrarapide gr\u00e2ce \u00e0 sa technologie DLSS 3, au ray tracing et \u00e0 l\u2019intelligence artificielle.<\/section>\n<section>\n<div class=\"desc-image\"><img decoding=\"async\" src=\"https:\/\/media.ldlc.com\/bo\/images\/fiches\/Carte_graphique\/ASUS\/asus_dual_geforce_rtx_4070s_evo.jpg\" alt=\"\" \/><\/div>\n<div class=\"desc-text\">\n<h2>ASUS DUAL GEFORCE RTX 4070 SUPER OC EDITION 12GB GDDR6X<\/h2>\n<p>L&#8217;ASUS Dual GeForce RTX 4070 SUPER EVO OC Edition 12GB GDDR6X \u00a0cumule durabilit\u00e9, compatibilit\u00e9 et performances pour apporter satisfaction aux gamers les plus exigeants. Les fonctionnalit\u00e9s de cette carte graphique incluent des technologies de pointe ainsi qu&#8217;un syst\u00e8me de refroidissement exclusif \u00e0 la marque ultra-efficace<\/p>\n<\/div>\n<\/section>\n<section>\n<div class=\"desc-text\">\n<h2>ARCHITECTURE NVIDIA ADA LOVELACE<\/h2>\n<p>Cette architecture nouvelle va vous permettre de garder une longueur d&#8217;avance. Elle est en avance sur son temps comme sur le jeu.<\/p>\n<ul>\n<li>Nouveaux multiprocesseurs de flux : Jusqu\u2019\u00e0 2 fois plus de performances et de rendement \u00e9nerg\u00e9tique<\/li>\n<li>C\u0153urs Tensor de quatri\u00e8me g\u00e9n\u00e9ration : Jusqu\u2019\u00e0 2 fois plus de performances d\u2019IA<\/li>\n<li>C\u0153urs RT de troisi\u00e8me g\u00e9n\u00e9ration : Jusqu\u2019\u00e0 2 fois plus de performances de ray tracing et des graphismes r\u00e9alistes et immersifs<\/li>\n<li>Plateforme NVIDIA Reflex \u00e0 faible latence<\/li>\n<li>Encodeur NVIDIA : Conception pour le streaming en direct<\/li>\n<li>NVIDIA Broadcast : Vid\u00e9o et voix optimis\u00e9es par l\u2019IA<\/li>\n<li>NVIDIA Studio : Acc\u00e9l\u00e9rez votre cr\u00e9ativit\u00e9<\/li>\n<li>NVIDIA DLSS 3 : Performances acc\u00e9l\u00e9r\u00e9es par l\u2019IA<\/li>\n<\/ul>\n<p>&nbsp;<\/p>\n<\/div>\n<div class=\"desc-image\"><img decoding=\"async\" src=\"https:\/\/media.ldlc.com\/bo\/images\/fiches\/Carte_graphique\/NVIDIA\/nvidia_ada_lovelace_001.jpg\" alt=\"\" \/><\/div>\n<div><\/div>\n<div><\/div>\n<\/section>\n<\/div>\n<\/div>\n<\/section>\n","protected":false},"excerpt":{"rendered":"<div><i>PC Gaming abordable, le\u00a0<strong>PC de bureau Osaka Gen7\u00a0<\/strong>\u00a0sera un alli\u00e9 de choix pour jouer aux jeux les plus r\u00e9cents sans pour autant vider votre compte en banque. Particuli\u00e8rement efficace, cet ordinateur d\u00e9di\u00e9 aux jeux vid\u00e9o vous permettra d\u2019aller \u00e0 l\u2019essentiel. Il est \u00e9quip\u00e9 d\u2019un\u00a0<strong>processeur Ryzen 7 7800X3D<\/strong>, d\u2019une\u00a0<strong>carte m\u00e8re avec chipset Amd B650<\/strong>, de\u00a0<strong>32<\/strong><strong>Go de RAM DDR5<\/strong>\u00a0et d\u2019une\u00a0<strong>carte graphique\u00a0 NVIDIA GEFORCE ASUS DUAL RTX 4070 SUPER 12Go <\/strong>. Il dispose \u00e9galement d\u2019un disque\u00a0<strong>SSD de 1To gen4<\/strong>\u00a0pour un syst\u00e8me ultra r\u00e9actif.<\/i><\/div>\n<div>\n<p>&nbsp;<\/p>\n<ul>\n<li>Processeur\u00a0<strong>AMD\u00a0<em>Ryzen 7 7800X3D<\/em>\u00a0(4.5 GHz \/ 5.4 GHz)<\/strong><\/li>\n<li>Carte m\u00e8re\u00a0<strong>ASUS PRIME B650 PLUS<\/strong><\/li>\n<li>Ram\u00a0<strong>32GB (16*2) CORSAIR DDR5 6000MHZ<\/strong><\/li>\n<li>Carte graphique\u00a0<strong>ASUS DUAL\u00a0 RTX 4070 SUPER 12GB<\/strong><\/li>\n<li>Bo\u00eetier Moyen Tour<strong> AEROCOOL FALCON<\/strong><\/li>\n<li>SSD\u00a0<strong>1TB CRUCIAL P3 PLUS GEN4 5000MB\/S<\/strong><\/li>\n<li>Ventirad <strong>MSI MAG CORELIQUID M240<\/strong><\/li>\n<li>Alimentation\u00a0<strong>MSI MAG A750BN 80+ BRONZE\u00a0<\/strong><\/li>\n<li><strong>Win11 \/ Bien assembl\u00e9<\/strong><\/li>\n<\/ul>\n<\/div>\n","protected":false},"featured_media":1007114,"template":"","meta":{"_acf_changed":false},"pwb-brand":[],"product_brand":[],"product_cat":[54,53],"product_tag":[],"pcb_component_type":[],"class_list":{"0":"post-9019","1":"product","2":"type-product","3":"status-publish","4":"has-post-thumbnail","6":"product_cat-amd-ryzen","7":"product_cat-pc-gamer","9":"first","10":"outofstock","11":"shipping-taxable","12":"product-type-simple"},"translation":{"provider":"WPGlobus","version":"3.0.2","language":"de","enabled_languages":["en","es","de","fr","ru"],"languages":{"en":{"title":true,"content":true,"excerpt":true},"es":{"title":false,"content":false,"excerpt":false},"de":{"title":false,"content":false,"excerpt":false},"fr":{"title":false,"content":false,"excerpt":false},"ru":{"title":false,"content":false,"excerpt":false}}},"acf":[],"yoast_head":"<!-- This site is optimized with the Yoast SEO plugin v27.2 - https:\/\/yoast.com\/product\/yoast-seo-wordpress\/ -->\n<title>PC Gamer RYZEN\u2122 7 7800X3D\/32GB\/1TB\/RTX 4070 SUPER 12GB - Osaka<\/title>\n<meta name=\"robots\" content=\"index, follow, max-snippet:-1, max-image-preview:large, max-video-preview:-1\" \/>\n<link rel=\"canonical\" href=\"https:\/\/osaka.ma\/product\/pc-gamer-ryzen-7-7800x3d-32gb-1tb-rtx-4070-super-12gb\/\" \/>\n<meta property=\"og:locale\" content=\"de_DE\" \/>\n<meta property=\"og:type\" content=\"article\" \/>\n<meta property=\"og:title\" content=\"PC Gamer RYZEN\u2122 7 7800X3D\/32GB\/1TB\/RTX 4070 SUPER 12GB - Osaka\" \/>\n<meta property=\"og:url\" content=\"https:\/\/osaka.ma\/product\/pc-gamer-ryzen-7-7800x3d-32gb-1tb-rtx-4070-super-12gb\/\" \/>\n<meta property=\"og:site_name\" content=\"Osaka\" \/>\n<meta property=\"article:modified_time\" content=\"2024-12-18T15:36:07+00:00\" \/>\n<meta property=\"og:image\" content=\"https:\/\/osaka.ma\/wp-content\/uploads\/2024\/01\/AEROCOOL-FALCON.png\" \/>\n\t<meta property=\"og:image:width\" content=\"700\" \/>\n\t<meta property=\"og:image:height\" content=\"700\" \/>\n\t<meta property=\"og:image:type\" content=\"image\/png\" \/>\n<meta name=\"twitter:card\" content=\"summary_large_image\" \/>\n<meta name=\"twitter:label1\" content=\"Est. reading time\" \/>\n\t<meta name=\"twitter:data1\" content=\"5 minutes\" \/>\n<script type=\"application\/ld+json\" class=\"yoast-schema-graph\">{\"@context\":\"https:\/\/schema.org\",\"@graph\":[{\"@type\":\"WebPage\",\"@id\":\"https:\/\/osaka.ma\/product\/pc-gamer-ryzen-7-7800x3d-32gb-1tb-rtx-4070-super-12gb\/\",\"url\":\"https:\/\/osaka.ma\/product\/pc-gamer-ryzen-7-7800x3d-32gb-1tb-rtx-4070-super-12gb\/\",\"name\":\"PC Gamer RYZEN\u2122 7 7800X3D\/32GB\/1TB\/RTX 4070 SUPER 12GB - Osaka\",\"isPartOf\":{\"@id\":\"https:\/\/osaka.ma\/#website\"},\"primaryImageOfPage\":{\"@id\":\"https:\/\/osaka.ma\/product\/pc-gamer-ryzen-7-7800x3d-32gb-1tb-rtx-4070-super-12gb\/#primaryimage\"},\"image\":{\"@id\":\"https:\/\/osaka.ma\/product\/pc-gamer-ryzen-7-7800x3d-32gb-1tb-rtx-4070-super-12gb\/#primaryimage\"},\"thumbnailUrl\":\"https:\/\/osaka.ma\/wp-content\/uploads\/2024\/01\/AEROCOOL-FALCON.png\",\"datePublished\":\"2024-05-27T17:19:27+00:00\",\"dateModified\":\"2024-12-18T15:36:07+00:00\",\"breadcrumb\":{\"@id\":\"https:\/\/osaka.ma\/product\/pc-gamer-ryzen-7-7800x3d-32gb-1tb-rtx-4070-super-12gb\/#breadcrumb\"},\"inLanguage\":\"de-DE\",\"potentialAction\":[{\"@type\":\"ReadAction\",\"target\":[\"https:\/\/osaka.ma\/product\/pc-gamer-ryzen-7-7800x3d-32gb-1tb-rtx-4070-super-12gb\/\"]}]},{\"@type\":\"ImageObject\",\"inLanguage\":\"de-DE\",\"@id\":\"https:\/\/osaka.ma\/product\/pc-gamer-ryzen-7-7800x3d-32gb-1tb-rtx-4070-super-12gb\/#primaryimage\",\"url\":\"https:\/\/osaka.ma\/wp-content\/uploads\/2024\/01\/AEROCOOL-FALCON.png\",\"contentUrl\":\"https:\/\/osaka.ma\/wp-content\/uploads\/2024\/01\/AEROCOOL-FALCON.png\",\"width\":700,\"height\":700},{\"@type\":\"BreadcrumbList\",\"@id\":\"https:\/\/osaka.ma\/product\/pc-gamer-ryzen-7-7800x3d-32gb-1tb-rtx-4070-super-12gb\/#breadcrumb\",\"itemListElement\":[{\"@type\":\"ListItem\",\"position\":1,\"name\":\"Home\",\"item\":\"https:\/\/osaka.ma\/\"},{\"@type\":\"ListItem\",\"position\":2,\"name\":\"Shop\",\"item\":\"https:\/\/osaka.ma\/shop-2\/\"},{\"@type\":\"ListItem\",\"position\":3,\"name\":\"PC Gamer RYZEN\u2122 7 7800X3D\/32GB\/1TB\/RTX 4070 SUPER 12GB\"}]},{\"@type\":\"WebSite\",\"@id\":\"https:\/\/osaka.ma\/#website\",\"url\":\"https:\/\/osaka.ma\/\",\"name\":\"Osaka\",\"description\":\"\",\"publisher\":{\"@id\":\"https:\/\/osaka.ma\/#organization\"},\"potentialAction\":[{\"@type\":\"SearchAction\",\"target\":{\"@type\":\"EntryPoint\",\"urlTemplate\":\"https:\/\/osaka.ma\/?s={search_term_string}\"},\"query-input\":{\"@type\":\"PropertyValueSpecification\",\"valueRequired\":true,\"valueName\":\"search_term_string\"}}],\"inLanguage\":\"de-DE\"},{\"@type\":\"Organization\",\"@id\":\"https:\/\/osaka.ma\/#organization\",\"name\":\"Osaka\",\"url\":\"https:\/\/osaka.ma\/\",\"logo\":{\"@type\":\"ImageObject\",\"inLanguage\":\"de-DE\",\"@id\":\"https:\/\/osaka.ma\/#\/schema\/logo\/image\/\",\"url\":\"https:\/\/osaka.ma\/wp-content\/uploads\/2026\/01\/model-slogan-logo-2Plan-de-travail-1dksl-plus-finnn.png\",\"contentUrl\":\"https:\/\/osaka.ma\/wp-content\/uploads\/2026\/01\/model-slogan-logo-2Plan-de-travail-1dksl-plus-finnn.png\",\"width\":842,\"height\":226,\"caption\":\"Osaka\"},\"image\":{\"@id\":\"https:\/\/osaka.ma\/#\/schema\/logo\/image\/\"}}]}<\/script>\n<!-- \/ Yoast SEO plugin. -->","yoast_head_json":{"title":"PC Gamer RYZEN\u2122 7 7800X3D\/32GB\/1TB\/RTX 4070 SUPER 12GB - Osaka","robots":{"index":"index","follow":"follow","max-snippet":"max-snippet:-1","max-image-preview":"max-image-preview:large","max-video-preview":"max-video-preview:-1"},"canonical":"https:\/\/osaka.ma\/product\/pc-gamer-ryzen-7-7800x3d-32gb-1tb-rtx-4070-super-12gb\/","og_locale":"de_DE","og_type":"article","og_title":"PC Gamer RYZEN\u2122 7 7800X3D\/32GB\/1TB\/RTX 4070 SUPER 12GB - Osaka","og_url":"https:\/\/osaka.ma\/product\/pc-gamer-ryzen-7-7800x3d-32gb-1tb-rtx-4070-super-12gb\/","og_site_name":"Osaka","article_modified_time":"2024-12-18T15:36:07+00:00","og_image":[{"width":700,"height":700,"url":"https:\/\/osaka.ma\/wp-content\/uploads\/2024\/01\/AEROCOOL-FALCON.png","type":"image\/png"}],"twitter_card":"summary_large_image","twitter_misc":{"Est. reading time":"5 minutes"},"schema":{"@context":"https:\/\/schema.org","@graph":[{"@type":"WebPage","@id":"https:\/\/osaka.ma\/product\/pc-gamer-ryzen-7-7800x3d-32gb-1tb-rtx-4070-super-12gb\/","url":"https:\/\/osaka.ma\/product\/pc-gamer-ryzen-7-7800x3d-32gb-1tb-rtx-4070-super-12gb\/","name":"PC Gamer RYZEN\u2122 7 7800X3D\/32GB\/1TB\/RTX 4070 SUPER 12GB - Osaka","isPartOf":{"@id":"https:\/\/osaka.ma\/#website"},"primaryImageOfPage":{"@id":"https:\/\/osaka.ma\/product\/pc-gamer-ryzen-7-7800x3d-32gb-1tb-rtx-4070-super-12gb\/#primaryimage"},"image":{"@id":"https:\/\/osaka.ma\/product\/pc-gamer-ryzen-7-7800x3d-32gb-1tb-rtx-4070-super-12gb\/#primaryimage"},"thumbnailUrl":"https:\/\/osaka.ma\/wp-content\/uploads\/2024\/01\/AEROCOOL-FALCON.png","datePublished":"2024-05-27T17:19:27+00:00","dateModified":"2024-12-18T15:36:07+00:00","breadcrumb":{"@id":"https:\/\/osaka.ma\/product\/pc-gamer-ryzen-7-7800x3d-32gb-1tb-rtx-4070-super-12gb\/#breadcrumb"},"inLanguage":"de-DE","potentialAction":[{"@type":"ReadAction","target":["https:\/\/osaka.ma\/product\/pc-gamer-ryzen-7-7800x3d-32gb-1tb-rtx-4070-super-12gb\/"]}]},{"@type":"ImageObject","inLanguage":"de-DE","@id":"https:\/\/osaka.ma\/product\/pc-gamer-ryzen-7-7800x3d-32gb-1tb-rtx-4070-super-12gb\/#primaryimage","url":"https:\/\/osaka.ma\/wp-content\/uploads\/2024\/01\/AEROCOOL-FALCON.png","contentUrl":"https:\/\/osaka.ma\/wp-content\/uploads\/2024\/01\/AEROCOOL-FALCON.png","width":700,"height":700},{"@type":"BreadcrumbList","@id":"https:\/\/osaka.ma\/product\/pc-gamer-ryzen-7-7800x3d-32gb-1tb-rtx-4070-super-12gb\/#breadcrumb","itemListElement":[{"@type":"ListItem","position":1,"name":"Home","item":"https:\/\/osaka.ma\/"},{"@type":"ListItem","position":2,"name":"Shop","item":"https:\/\/osaka.ma\/shop-2\/"},{"@type":"ListItem","position":3,"name":"PC Gamer RYZEN\u2122 7 7800X3D\/32GB\/1TB\/RTX 4070 SUPER 12GB"}]},{"@type":"WebSite","@id":"https:\/\/osaka.ma\/#website","url":"https:\/\/osaka.ma\/","name":"Osaka","description":"","publisher":{"@id":"https:\/\/osaka.ma\/#organization"},"potentialAction":[{"@type":"SearchAction","target":{"@type":"EntryPoint","urlTemplate":"https:\/\/osaka.ma\/?s={search_term_string}"},"query-input":{"@type":"PropertyValueSpecification","valueRequired":true,"valueName":"search_term_string"}}],"inLanguage":"de-DE"},{"@type":"Organization","@id":"https:\/\/osaka.ma\/#organization","name":"Osaka","url":"https:\/\/osaka.ma\/","logo":{"@type":"ImageObject","inLanguage":"de-DE","@id":"https:\/\/osaka.ma\/#\/schema\/logo\/image\/","url":"https:\/\/osaka.ma\/wp-content\/uploads\/2026\/01\/model-slogan-logo-2Plan-de-travail-1dksl-plus-finnn.png","contentUrl":"https:\/\/osaka.ma\/wp-content\/uploads\/2026\/01\/model-slogan-logo-2Plan-de-travail-1dksl-plus-finnn.png","width":842,"height":226,"caption":"Osaka"},"image":{"@id":"https:\/\/osaka.ma\/#\/schema\/logo\/image\/"}}]}},"jetpack_sharing_enabled":true,"brands":[],"_links":{"self":[{"href":"https:\/\/osaka.ma\/de\/wp-json\/wp\/v2\/product\/9019","targetHints":{"allow":["GET"]}}],"collection":[{"href":"https:\/\/osaka.ma\/de\/wp-json\/wp\/v2\/product"}],"about":[{"href":"https:\/\/osaka.ma\/de\/wp-json\/wp\/v2\/types\/product"}],"version-history":[{"count":0,"href":"https:\/\/osaka.ma\/de\/wp-json\/wp\/v2\/product\/9019\/revisions"}],"wp:featuredmedia":[{"embeddable":true,"href":"https:\/\/osaka.ma\/de\/wp-json\/wp\/v2\/media\/1007114"}],"wp:attachment":[{"href":"https:\/\/osaka.ma\/de\/wp-json\/wp\/v2\/media?parent=9019"}],"wp:term":[{"taxonomy":"pwb-brand","embeddable":true,"href":"https:\/\/osaka.ma\/de\/wp-json\/wp\/v2\/pwb-brand?post=9019"},{"taxonomy":"product_brand","embeddable":true,"href":"https:\/\/osaka.ma\/de\/wp-json\/wp\/v2\/product_brand?post=9019"},{"taxonomy":"product_cat","embeddable":true,"href":"https:\/\/osaka.ma\/de\/wp-json\/wp\/v2\/product_cat?post=9019"},{"taxonomy":"product_tag","embeddable":true,"href":"https:\/\/osaka.ma\/de\/wp-json\/wp\/v2\/product_tag?post=9019"},{"taxonomy":"pcb_component_type","embeddable":true,"href":"https:\/\/osaka.ma\/de\/wp-json\/wp\/v2\/pcb_component_type?post=9019"}],"curies":[{"name":"wp","href":"https:\/\/api.w.org\/{rel}","templated":true}]}}