{"id":9171,"date":"2024-06-05T10:09:19","date_gmt":"2024-06-05T10:09:19","guid":{"rendered":"https:\/\/osaka.ma\/?post_type=product&#038;p=9171"},"modified":"2024-12-18T15:36:09","modified_gmt":"2024-12-18T15:36:09","slug":"pc-gamer-ryzen-9-7900x3d-32gb-2tb-rtx-4070ti-super-16gb","status":"publish","type":"product","link":"https:\/\/osaka.ma\/de\/product\/pc-gamer-ryzen-9-7900x3d-32gb-2tb-rtx-4070ti-super-16gb\/","title":{"rendered":"PC GAMER RYZEN 9 7900X3D\/32GB\/2TB\/RTX 4070TI SUPER 16GB"},"content":{"rendered":"<p><i>PC Gamer Osaka vous offre une configuration AMD RYZEN 9 avec des composants \u00e9quilibr\u00e9e avec un bon prix, ce PC Gamer compos\u00e9 d\u2019un processeur RYZEN 9 7900X3D ainsi que d\u2019une carte graphique PNY VERTO RTX 4070TI\u00a0 SUPER 16GB Il int\u00e8gre \u00e9galement un SSD 2TB pour un syst\u00e8me toujours plus rapide et 32 Go de RAM DDR . Voila les atouts de ce PC puissant taill\u00e9 pour travailler dans les meilleures conditions.<\/i><\/p>\n<ul>\n<li>Processeur<strong> RYZEN 9 7900X3D<\/strong><\/li>\n<li>Carte m\u00e8re\u00a0<strong>ASUS PRIME B650 PLUS DDR5<\/strong><\/li>\n<li>Ram\u00a0<strong>32GB (16&#215;2) CORSAIR CL36 3200MHZ<\/strong><\/li>\n<li>Carte graphique\u00a0<strong>PNY VERTO 4070TI SUPER 16GB<\/strong><\/li>\n<li>Bo\u00eetier<strong> CORSAIR 3000D RGB AIRFLOW<\/strong><\/li>\n<li>SSD\u00a0<strong>2TB SEGATE FIRECUDA 510<\/strong><\/li>\n<li>Ventirad\u00a0<b>MSI MAG CORELIQUID P360<\/b><\/li>\n<li>Alimentation\u00a0<b>CORSAIR RM850e 80+ GOLD<\/b><\/li>\n<li><strong>Win11 \/ Bien assembl\u00e9<\/strong><\/li>\n<\/ul>\n<div id=\"description\" class=\"description\">\n<div class=\"details-pdt-desc\">\n<h2 class=\"h2-master\">Arsenal Gamer pour Gaming Non-Stop !<\/h2>\n<section>Que vous soyez joueur d\u00e9butant ou aguerri, Le\u00a0<i><strong>Osaka Gen7<\/strong><\/i> avec sa carte graphique NVIDIA GEFORCE RTX 4070 TI SUPER 16<strong>\u00a0Go\u00a0<\/strong>et son\u00a0<strong>SSD de 2To\u00a0<\/strong>conviendra \u00e0 vos besoins et exigences pour ne faire aucun compromis sur la puissance et la r\u00e9activit\u00e9. Configuration \u00e9quilibr\u00e9e et abordable, elle vous permettra d\u2019aller \u00e0 l\u2019essentiel : JOUER et GAGNER. Faites confiance au PC\u00a0<i><strong>Osaka Gen7<\/strong><\/i>, The Best Seller.<\/section>\n<section><\/section>\n<\/div>\n<\/div>\n<section><\/section>\n<section><\/section>\n<section>\n<div class=\"desc-image\"><img decoding=\"async\" src=\"https:\/\/media.ldlc.com\/bo\/images\/fiches\/Processeur\/AMD\/raphael\/amd_ryzen_7000_001.jpg\" alt=\"\" \/><\/div>\n<div class=\"desc-text\">\n<h2>AMD RYZEN 9 7900X3D<\/h2>\n<p>Les fr\u00e9quences \u00e9lev\u00e9es des processeurs\u00a0<strong>AMD Ryzen Zen 4<\/strong>\u00a0sont un v\u00e9ritable avantage dans les jeux. Choisissez les bons composants et concevez un PC Gaming surpuissant, sans latences et pr\u00eat \u00e0 servir quand il faut. Prenez l\u2019avantage sur vos adversaires et atteignez des sommets gr\u00e2ce aux processeurs<strong>\u00a0AMD Ryzen 7000<\/strong>\u00a0et aux cartes m\u00e8res\u00a0<strong>AMD AM5<\/strong>.<\/p>\n<p>Les processeurs\u00a0<strong>AMD Ryzen 7000<\/strong>\u00a0sont performants dans tous les domaines. Ils vont permettront de cr\u00e9er plus vite, d\u2019atteindre vos objectifs plus rapidement et de gagner du temps en permanence. Qu\u2019il s\u2019agisse de rendu 3D ou d\u2019exportation de fichiers vid\u00e9o volumineux, concevez, livrez et faites le job avec la vitesse et le stockage PCIe 5.0, de nombreux threads de traitement et des acc\u00e9l\u00e9rateurs vid\u00e9o d\u00e9di\u00e9s.<\/p>\n<\/div>\n<\/section>\n<p>&nbsp;<\/p>\n<div id=\"description\" class=\"description\">\n<div class=\"details-pdt-desc\">\n<section>\n<div class=\"desc-text\">\n<h2>PNY VERTO RTX 4070TI SUPER 16G OC<\/h2>\n<div class=\"logo\"><a href=\"https:\/\/www.ldlc.com\/pny\/bint000005159\/\" rel=\"nofollow noopener\" target=\"_blank\"><img decoding=\"async\" src=\"https:\/\/media.ldlc.com\/v3\/marque\/190\/C000005159.gif\" alt=\"PNY\" \/><\/a><\/div>\n<div id=\"description\" class=\"description\">\n<div class=\"details-pdt-desc\">\n<h2 class=\"h2-master\">Performances exceptionnelles pour les joueurs et les cr\u00e9atifs<\/h2>\n<section>Tout ce dont vous avez besoin pour jouer ou cr\u00e9er est r\u00e9uni au sein d&#8217;une seule et m\u00eame\u00a0<strong>carte graphique haut de gamme<\/strong>, la\u00a0<strong>PNY GeForce RTX 4070 Ti SUPER 16GB VERTO OC<\/strong>. Con\u00e7ue pour les gamers et les cr\u00e9ateurs, la\u00a0<strong>carte graphique NVIDIA GeForce RTX 4070 Ti SUPER<\/strong>\u00a0embarque<strong>\u00a08448 Cores CUDA<\/strong>\u00a0et une\u00a0<strong>interface m\u00e9moire 256 bits<\/strong>. Elle d\u00e9livre des performances remarquables gr\u00e2ce au\u00a0<strong>DLSS 3<\/strong>, au\u00a0<strong>ray tracing\u00a0<\/strong>mat\u00e9riel et \u00e0 l\u2019<strong>intelligence artificielle<\/strong>. Cette carte graphique hautes performances vous permettra de jouer aux derniers jeux de mani\u00e8re ultra-fluide et en tr\u00e8s haute r\u00e9solution.<\/section>\n<section>\n<div class=\"desc-image\"><img decoding=\"async\" src=\"https:\/\/media.ldlc.com\/bo\/images\/fiches\/Carte_graphique\/PNY\/pny_verto_rtx_TF_0001.jpg\" alt=\"\" \/><\/div>\n<div class=\"desc-text\">\n<div class=\"desc-text\">\n<h2>PNY GEFORCE RTX 4070 TI SUPER 16GB VERTO OC<\/h2>\n<p>La\u00a0PNY GeForce RTX 4070 Ti SUPER 16GB VERTO OC est une carte graphique gaming dont le refroidissement est assur\u00e9 par trois puissants ventilateurs coupl\u00e9s \u00e0 un radiateur aluminium favorisant la dissipation thermique. Un backplate m\u00e9tal \u00e0 l&#8217;arri\u00e8re de la carte permet en outre d&#8217;assurer la rigidit\u00e9 du PCB.<\/p>\n<\/div>\n<\/div>\n<\/section>\n<section>\n<div class=\"desc-text\">\n<h2>ARCHITECTURE NVIDIA ADA LOVELACE<\/h2>\n<p>Cette architecture nouvelle va vous permettre de garder une longueur d&#8217;avance. Elle est en avance sur son temps comme sur le jeu.<\/p>\n<ul>\n<li>Nouveaux multiprocesseurs de flux : Jusqu\u2019\u00e0 2 fois plus de performances et de rendement \u00e9nerg\u00e9tique<\/li>\n<li>C\u0153urs Tensor de quatri\u00e8me g\u00e9n\u00e9ration : Jusqu\u2019\u00e0 2 fois plus de performances d\u2019IA<\/li>\n<li>C\u0153urs RT de troisi\u00e8me g\u00e9n\u00e9ration : Jusqu\u2019\u00e0 2 fois plus de performances de ray tracing et des graphismes r\u00e9alistes et immersifs<\/li>\n<li>Plateforme NVIDIA Reflex \u00e0 faible latence<\/li>\n<li>Encodeur NVIDIA : Conception pour le streaming en direct<\/li>\n<li>NVIDIA Broadcast : Vid\u00e9o et voix optimis\u00e9es par l\u2019IA<\/li>\n<li>NVIDIA Studio : Acc\u00e9l\u00e9rez votre cr\u00e9ativit\u00e9<\/li>\n<li>NVIDIA Omniverse : Plateforme de collaboration pour la conception 3D<\/li>\n<li>NVIDIA DLSS 3 : Performances acc\u00e9l\u00e9r\u00e9es par l\u2019IA<\/li>\n<\/ul>\n<p>&nbsp;<\/p>\n<\/div>\n<div class=\"desc-image\"><img decoding=\"async\" src=\"https:\/\/media.ldlc.com\/bo\/images\/fiches\/Carte_graphique\/NVIDIA\/nvidia_ada_lovelace_001.jpg\" alt=\"\" \/><\/div>\n<\/section>\n<section>\n<div class=\"desc-image\"><img decoding=\"async\" src=\"https:\/\/media.ldlc.com\/bo\/images\/fiches\/Carte_graphique\/NVIDIA\/nvidia_ada_lovelace_002.jpg\" alt=\"\" \/><\/div>\n<div class=\"desc-text\">\n<h2>RAY TRACING<\/h2>\n<p>Hyper-r\u00e9aliste et hyper-rapide, le Ray tracing vous rapproche au plus pr\u00e8s de la r\u00e9alit\u00e9. L\u2019architecture Ada exploite toute la puissance du ray tracing, qui simule le comportement de la lumi\u00e8re dans le monde r\u00e9el. Gr\u00e2ce \u00e0 la puissance des GPU RTX s\u00e9rie 40 et aux c\u0153urs RT de troisi\u00e8me g\u00e9n\u00e9ration, vous profitez de mondes virtuels plus d\u00e9taill\u00e9s que jamais.<\/p>\n<\/div>\n<\/section>\n<section>\n<div class=\"desc-text\">\n<h2>NVIDIA DLSS\u00a03<\/h2>\n<p>Multipliez vos performances gr\u00e2ce \u00e0 l\u2019IA. Innovation r\u00e9volutionnaire dans le domaine du rendu graphique bas\u00e9 sur l\u2019IA, le DLSS acc\u00e9l\u00e8re grandement les performances de jeu. Optimis\u00e9 par les c\u0153urs Tensor de quatri\u00e8me g\u00e9n\u00e9ration et l\u2019acc\u00e9l\u00e9rateur de flux optiques des GPU GeForce RTX s\u00e9rie 40, le DLSS 3 exploite l\u2019IA pour g\u00e9n\u00e9rer des images additionnelles de haute qualit\u00e9.<\/p>\n<p>&nbsp;<\/p>\n<\/div>\n<div class=\"desc-image\"><img decoding=\"async\" src=\"https:\/\/media.ldlc.com\/bo\/images\/fiches\/Carte_graphique\/NVIDIA\/nvidia_ada_lovelace_003.jpg\" alt=\"\" \/><\/div>\n<\/section>\n<\/div>\n<\/div>\n<\/div>\n<\/section>\n<\/div>\n<\/div>\n","protected":false},"excerpt":{"rendered":"<div><i>PC Gaming abordable, le\u00a0<strong>PC de bureau Osaka Gen7\u00a0<\/strong>\u00a0sera un alli\u00e9 de choix pour jouer aux jeux les plus r\u00e9cents sans pour autant vider votre compte en banque. Particuli\u00e8rement efficace, cet ordinateur d\u00e9di\u00e9 aux jeux vid\u00e9o vous permettra d\u2019aller \u00e0 l\u2019essentiel. Il est \u00e9quip\u00e9 d\u2019un\u00a0<strong>processeur Ryzen 9 7900X3D<\/strong>, d\u2019une\u00a0<strong>carte m\u00e8re avec chipset Amd B650<\/strong>, de\u00a0<strong>32<\/strong><strong>Go de RAM DDR5<\/strong>\u00a0et d\u2019une\u00a0<strong>carte graphique\u00a0 NVIDIA GEFORCE PNY VERTO RTX 4070TI SUPER 16 Go <\/strong>. Il dispose \u00e9galement d\u2019un disque\u00a0<strong>SSD de 2To<\/strong>\u00a0pour un syst\u00e8me ultra r\u00e9actif.<\/i><\/div>\n<div>\n<p>&nbsp;<\/p>\n<ul>\n<li>Processeur\u00a0<strong>AMD\u00a0<em>Ryzen 9 7900X3D<\/em>\u00a0(4.5 GHz \/ 5.4 GHz)<\/strong><\/li>\n<li>Carte m\u00e8re\u00a0<strong>ASUS PRIME B650 PLUS<\/strong><\/li>\n<li>Ram\u00a0<strong>32GB (16*2) CORSAIR DDR5 CL36 6000MHZ<\/strong><\/li>\n<li>Carte graphique\u00a0<strong>PNY VERTO RTX 4070TI SUPER 16GB<\/strong><\/li>\n<li>Bo\u00eetier Moyen Tour<strong>\u00a0 CORSAIR 3000D RGB AIRFLOW<\/strong><\/li>\n<li>SSD\u00a0<strong>2TB SEGATE FIRECUDA 510<\/strong><\/li>\n<li>Ventirad\u00a0<strong>MSI MAG CORELIQUID P360<\/strong><\/li>\n<li>Alimentation\u00a0<strong>CORSAIR RM850E 80 PLUS GOLD\u00a0<\/strong><\/li>\n<li><strong>Win11 \/ Bien assembl\u00e9<\/strong><\/li>\n<\/ul>\n<\/div>\n","protected":false},"featured_media":1009272,"template":"","meta":{"_acf_changed":false},"pwb-brand":[],"product_brand":[],"product_cat":[54,53],"product_tag":[],"pcb_component_type":[],"class_list":{"0":"post-9171","1":"product","2":"type-product","3":"status-publish","4":"has-post-thumbnail","6":"product_cat-amd-ryzen","7":"product_cat-pc-gamer","9":"first","10":"outofstock","11":"shipping-taxable","12":"product-type-simple"},"translation":{"provider":"WPGlobus","version":"3.0.2","language":"de","enabled_languages":["en","es","de","fr","ru"],"languages":{"en":{"title":true,"content":true,"excerpt":true},"es":{"title":false,"content":false,"excerpt":false},"de":{"title":false,"content":false,"excerpt":false},"fr":{"title":false,"content":false,"excerpt":false},"ru":{"title":false,"content":false,"excerpt":false}}},"acf":[],"yoast_head":"<!-- This site is optimized with the Yoast SEO plugin v27.2 - https:\/\/yoast.com\/product\/yoast-seo-wordpress\/ -->\n<title>PC GAMER RYZEN 9 7900X3D\/32GB\/2TB\/RTX 4070TI SUPER 16GB - Osaka<\/title>\n<meta name=\"robots\" content=\"index, follow, max-snippet:-1, max-image-preview:large, max-video-preview:-1\" \/>\n<link rel=\"canonical\" href=\"https:\/\/osaka.ma\/es\/product\/pc-gamer-ryzen-9-7900x3d-32gb-2tb-rtx-4070ti-super-16gb\/\" \/>\n<meta property=\"og:locale\" content=\"de_DE\" \/>\n<meta property=\"og:type\" content=\"article\" \/>\n<meta property=\"og:title\" content=\"PC GAMER RYZEN 9 7900X3D\/32GB\/2TB\/RTX 4070TI SUPER 16GB - Osaka\" \/>\n<meta property=\"og:url\" content=\"https:\/\/osaka.ma\/es\/product\/pc-gamer-ryzen-9-7900x3d-32gb-2tb-rtx-4070ti-super-16gb\/\" \/>\n<meta property=\"og:site_name\" content=\"Osaka\" \/>\n<meta property=\"article:modified_time\" content=\"2024-12-18T15:36:09+00:00\" \/>\n<meta property=\"og:image\" content=\"https:\/\/osaka.ma\/wp-content\/uploads\/2024\/06\/Corsair-3000D-RGB-AIRFLOW-BL-iii.webp\" \/>\n\t<meta property=\"og:image:width\" content=\"800\" \/>\n\t<meta property=\"og:image:height\" content=\"800\" \/>\n\t<meta property=\"og:image:type\" content=\"image\/webp\" \/>\n<meta name=\"twitter:card\" content=\"summary_large_image\" \/>\n<meta name=\"twitter:label1\" content=\"Est. reading time\" \/>\n\t<meta name=\"twitter:data1\" content=\"5 minutes\" \/>\n<script type=\"application\/ld+json\" class=\"yoast-schema-graph\">{\"@context\":\"https:\/\/schema.org\",\"@graph\":[{\"@type\":\"WebPage\",\"@id\":\"https:\/\/osaka.ma\/es\/product\/pc-gamer-ryzen-9-7900x3d-32gb-2tb-rtx-4070ti-super-16gb\/\",\"url\":\"https:\/\/osaka.ma\/es\/product\/pc-gamer-ryzen-9-7900x3d-32gb-2tb-rtx-4070ti-super-16gb\/\",\"name\":\"PC GAMER RYZEN 9 7900X3D\/32GB\/2TB\/RTX 4070TI SUPER 16GB - Osaka\",\"isPartOf\":{\"@id\":\"https:\/\/osaka.ma\/#website\"},\"primaryImageOfPage\":{\"@id\":\"https:\/\/osaka.ma\/es\/product\/pc-gamer-ryzen-9-7900x3d-32gb-2tb-rtx-4070ti-super-16gb\/#primaryimage\"},\"image\":{\"@id\":\"https:\/\/osaka.ma\/es\/product\/pc-gamer-ryzen-9-7900x3d-32gb-2tb-rtx-4070ti-super-16gb\/#primaryimage\"},\"thumbnailUrl\":\"https:\/\/osaka.ma\/wp-content\/uploads\/2024\/06\/Corsair-3000D-RGB-AIRFLOW-BL-iii.webp\",\"datePublished\":\"2024-06-05T10:09:19+00:00\",\"dateModified\":\"2024-12-18T15:36:09+00:00\",\"breadcrumb\":{\"@id\":\"https:\/\/osaka.ma\/es\/product\/pc-gamer-ryzen-9-7900x3d-32gb-2tb-rtx-4070ti-super-16gb\/#breadcrumb\"},\"inLanguage\":\"de-DE\",\"potentialAction\":[{\"@type\":\"ReadAction\",\"target\":[\"https:\/\/osaka.ma\/es\/product\/pc-gamer-ryzen-9-7900x3d-32gb-2tb-rtx-4070ti-super-16gb\/\"]}]},{\"@type\":\"ImageObject\",\"inLanguage\":\"de-DE\",\"@id\":\"https:\/\/osaka.ma\/es\/product\/pc-gamer-ryzen-9-7900x3d-32gb-2tb-rtx-4070ti-super-16gb\/#primaryimage\",\"url\":\"https:\/\/osaka.ma\/wp-content\/uploads\/2024\/06\/Corsair-3000D-RGB-AIRFLOW-BL-iii.webp\",\"contentUrl\":\"https:\/\/osaka.ma\/wp-content\/uploads\/2024\/06\/Corsair-3000D-RGB-AIRFLOW-BL-iii.webp\",\"width\":800,\"height\":800},{\"@type\":\"BreadcrumbList\",\"@id\":\"https:\/\/osaka.ma\/es\/product\/pc-gamer-ryzen-9-7900x3d-32gb-2tb-rtx-4070ti-super-16gb\/#breadcrumb\",\"itemListElement\":[{\"@type\":\"ListItem\",\"position\":1,\"name\":\"Home\",\"item\":\"https:\/\/osaka.ma\/\"},{\"@type\":\"ListItem\",\"position\":2,\"name\":\"Shop\",\"item\":\"https:\/\/osaka.ma\/shop-2\/\"},{\"@type\":\"ListItem\",\"position\":3,\"name\":\"PC GAMER RYZEN 9 7900X3D\/32GB\/2TB\/RTX 4070TI SUPER 16GB\"}]},{\"@type\":\"WebSite\",\"@id\":\"https:\/\/osaka.ma\/#website\",\"url\":\"https:\/\/osaka.ma\/\",\"name\":\"Osaka\",\"description\":\"\",\"publisher\":{\"@id\":\"https:\/\/osaka.ma\/#organization\"},\"potentialAction\":[{\"@type\":\"SearchAction\",\"target\":{\"@type\":\"EntryPoint\",\"urlTemplate\":\"https:\/\/osaka.ma\/?s={search_term_string}\"},\"query-input\":{\"@type\":\"PropertyValueSpecification\",\"valueRequired\":true,\"valueName\":\"search_term_string\"}}],\"inLanguage\":\"de-DE\"},{\"@type\":\"Organization\",\"@id\":\"https:\/\/osaka.ma\/#organization\",\"name\":\"Osaka\",\"url\":\"https:\/\/osaka.ma\/\",\"logo\":{\"@type\":\"ImageObject\",\"inLanguage\":\"de-DE\",\"@id\":\"https:\/\/osaka.ma\/#\/schema\/logo\/image\/\",\"url\":\"https:\/\/osaka.ma\/wp-content\/uploads\/2026\/01\/model-slogan-logo-2Plan-de-travail-1dksl-plus-finnn.png\",\"contentUrl\":\"https:\/\/osaka.ma\/wp-content\/uploads\/2026\/01\/model-slogan-logo-2Plan-de-travail-1dksl-plus-finnn.png\",\"width\":842,\"height\":226,\"caption\":\"Osaka\"},\"image\":{\"@id\":\"https:\/\/osaka.ma\/#\/schema\/logo\/image\/\"}}]}<\/script>\n<!-- \/ Yoast SEO plugin. -->","yoast_head_json":{"title":"PC GAMER RYZEN 9 7900X3D\/32GB\/2TB\/RTX 4070TI SUPER 16GB - Osaka","robots":{"index":"index","follow":"follow","max-snippet":"max-snippet:-1","max-image-preview":"max-image-preview:large","max-video-preview":"max-video-preview:-1"},"canonical":"https:\/\/osaka.ma\/es\/product\/pc-gamer-ryzen-9-7900x3d-32gb-2tb-rtx-4070ti-super-16gb\/","og_locale":"de_DE","og_type":"article","og_title":"PC GAMER RYZEN 9 7900X3D\/32GB\/2TB\/RTX 4070TI SUPER 16GB - Osaka","og_url":"https:\/\/osaka.ma\/es\/product\/pc-gamer-ryzen-9-7900x3d-32gb-2tb-rtx-4070ti-super-16gb\/","og_site_name":"Osaka","article_modified_time":"2024-12-18T15:36:09+00:00","og_image":[{"width":800,"height":800,"url":"https:\/\/osaka.ma\/wp-content\/uploads\/2024\/06\/Corsair-3000D-RGB-AIRFLOW-BL-iii.webp","type":"image\/webp"}],"twitter_card":"summary_large_image","twitter_misc":{"Est. reading time":"5 minutes"},"schema":{"@context":"https:\/\/schema.org","@graph":[{"@type":"WebPage","@id":"https:\/\/osaka.ma\/es\/product\/pc-gamer-ryzen-9-7900x3d-32gb-2tb-rtx-4070ti-super-16gb\/","url":"https:\/\/osaka.ma\/es\/product\/pc-gamer-ryzen-9-7900x3d-32gb-2tb-rtx-4070ti-super-16gb\/","name":"PC GAMER RYZEN 9 7900X3D\/32GB\/2TB\/RTX 4070TI SUPER 16GB - Osaka","isPartOf":{"@id":"https:\/\/osaka.ma\/#website"},"primaryImageOfPage":{"@id":"https:\/\/osaka.ma\/es\/product\/pc-gamer-ryzen-9-7900x3d-32gb-2tb-rtx-4070ti-super-16gb\/#primaryimage"},"image":{"@id":"https:\/\/osaka.ma\/es\/product\/pc-gamer-ryzen-9-7900x3d-32gb-2tb-rtx-4070ti-super-16gb\/#primaryimage"},"thumbnailUrl":"https:\/\/osaka.ma\/wp-content\/uploads\/2024\/06\/Corsair-3000D-RGB-AIRFLOW-BL-iii.webp","datePublished":"2024-06-05T10:09:19+00:00","dateModified":"2024-12-18T15:36:09+00:00","breadcrumb":{"@id":"https:\/\/osaka.ma\/es\/product\/pc-gamer-ryzen-9-7900x3d-32gb-2tb-rtx-4070ti-super-16gb\/#breadcrumb"},"inLanguage":"de-DE","potentialAction":[{"@type":"ReadAction","target":["https:\/\/osaka.ma\/es\/product\/pc-gamer-ryzen-9-7900x3d-32gb-2tb-rtx-4070ti-super-16gb\/"]}]},{"@type":"ImageObject","inLanguage":"de-DE","@id":"https:\/\/osaka.ma\/es\/product\/pc-gamer-ryzen-9-7900x3d-32gb-2tb-rtx-4070ti-super-16gb\/#primaryimage","url":"https:\/\/osaka.ma\/wp-content\/uploads\/2024\/06\/Corsair-3000D-RGB-AIRFLOW-BL-iii.webp","contentUrl":"https:\/\/osaka.ma\/wp-content\/uploads\/2024\/06\/Corsair-3000D-RGB-AIRFLOW-BL-iii.webp","width":800,"height":800},{"@type":"BreadcrumbList","@id":"https:\/\/osaka.ma\/es\/product\/pc-gamer-ryzen-9-7900x3d-32gb-2tb-rtx-4070ti-super-16gb\/#breadcrumb","itemListElement":[{"@type":"ListItem","position":1,"name":"Home","item":"https:\/\/osaka.ma\/"},{"@type":"ListItem","position":2,"name":"Shop","item":"https:\/\/osaka.ma\/shop-2\/"},{"@type":"ListItem","position":3,"name":"PC GAMER RYZEN 9 7900X3D\/32GB\/2TB\/RTX 4070TI SUPER 16GB"}]},{"@type":"WebSite","@id":"https:\/\/osaka.ma\/#website","url":"https:\/\/osaka.ma\/","name":"Osaka","description":"","publisher":{"@id":"https:\/\/osaka.ma\/#organization"},"potentialAction":[{"@type":"SearchAction","target":{"@type":"EntryPoint","urlTemplate":"https:\/\/osaka.ma\/?s={search_term_string}"},"query-input":{"@type":"PropertyValueSpecification","valueRequired":true,"valueName":"search_term_string"}}],"inLanguage":"de-DE"},{"@type":"Organization","@id":"https:\/\/osaka.ma\/#organization","name":"Osaka","url":"https:\/\/osaka.ma\/","logo":{"@type":"ImageObject","inLanguage":"de-DE","@id":"https:\/\/osaka.ma\/#\/schema\/logo\/image\/","url":"https:\/\/osaka.ma\/wp-content\/uploads\/2026\/01\/model-slogan-logo-2Plan-de-travail-1dksl-plus-finnn.png","contentUrl":"https:\/\/osaka.ma\/wp-content\/uploads\/2026\/01\/model-slogan-logo-2Plan-de-travail-1dksl-plus-finnn.png","width":842,"height":226,"caption":"Osaka"},"image":{"@id":"https:\/\/osaka.ma\/#\/schema\/logo\/image\/"}}]}},"jetpack_sharing_enabled":true,"brands":[],"_links":{"self":[{"href":"https:\/\/osaka.ma\/de\/wp-json\/wp\/v2\/product\/9171","targetHints":{"allow":["GET"]}}],"collection":[{"href":"https:\/\/osaka.ma\/de\/wp-json\/wp\/v2\/product"}],"about":[{"href":"https:\/\/osaka.ma\/de\/wp-json\/wp\/v2\/types\/product"}],"version-history":[{"count":0,"href":"https:\/\/osaka.ma\/de\/wp-json\/wp\/v2\/product\/9171\/revisions"}],"wp:featuredmedia":[{"embeddable":true,"href":"https:\/\/osaka.ma\/de\/wp-json\/wp\/v2\/media\/1009272"}],"wp:attachment":[{"href":"https:\/\/osaka.ma\/de\/wp-json\/wp\/v2\/media?parent=9171"}],"wp:term":[{"taxonomy":"pwb-brand","embeddable":true,"href":"https:\/\/osaka.ma\/de\/wp-json\/wp\/v2\/pwb-brand?post=9171"},{"taxonomy":"product_brand","embeddable":true,"href":"https:\/\/osaka.ma\/de\/wp-json\/wp\/v2\/product_brand?post=9171"},{"taxonomy":"product_cat","embeddable":true,"href":"https:\/\/osaka.ma\/de\/wp-json\/wp\/v2\/product_cat?post=9171"},{"taxonomy":"product_tag","embeddable":true,"href":"https:\/\/osaka.ma\/de\/wp-json\/wp\/v2\/product_tag?post=9171"},{"taxonomy":"pcb_component_type","embeddable":true,"href":"https:\/\/osaka.ma\/de\/wp-json\/wp\/v2\/pcb_component_type?post=9171"}],"curies":[{"name":"wp","href":"https:\/\/api.w.org\/{rel}","templated":true}]}}