{"id":9222,"date":"2024-06-06T14:07:32","date_gmt":"2024-06-06T14:07:32","guid":{"rendered":"https:\/\/osaka.ma\/?post_type=product&#038;p=9222"},"modified":"2024-12-18T15:36:10","modified_gmt":"2024-12-18T15:36:10","slug":"pc-gamer-ryzen7-7800x3d-32gb-1tb-rtx-4060-8gb","status":"publish","type":"product","link":"https:\/\/osaka.ma\/de\/product\/pc-gamer-ryzen7-7800x3d-32gb-1tb-rtx-4060-8gb\/","title":{"rendered":"PC Gamer RYZEN\u21227 7800X3D\/32GB\/1TB\/RTX 4060 8GB"},"content":{"rendered":"<div class=\"woocommerce-product-details__short-description\">\n<ul>\n<li>Processeur\u00a0<a href=\"https:\/\/osaka.ma\/produit\/7245\/\"><strong><strong>AMD\u00a0<em>Ryzen 7 7800X3D <\/em><\/strong>(4.2 GHz \/ 5.0 GHz)<\/strong> <strong>Processeur 8-Core 16-Threads socket AM5 AMD 3D V-Cache 104 MO<\/strong><\/a><\/li>\n<li>Carte m\u00e8re\u00a0<a href=\"https:\/\/osaka.ma\/produit\/asus-prime-b650-plus\/\"><strong>ASUS PRIME B650-PLUS<\/strong><\/a><\/li>\n<li>Ram\u00a0<a href=\"https:\/\/osaka.ma\/produit\/32gb16x2ddr5-corsair-6000mhz\/\"><strong>32GB (16*2) CORSAIR CL36 DDR5 6000MHZ<\/strong><\/a><\/li>\n<li>Carte graphique\u00a0<strong>\u00a0<a href=\"https:\/\/osaka.ma\/produit\/msi-ventus-xs-rtx-4060-8gb\/\">MSI VENTUS XS RTX 4060 8GB<\/a><\/strong><\/li>\n<li>Bo\u00eetier\u00a0<a href=\"https:\/\/osaka.ma\/produit\/corsair-3000d-airflow-noir\/\"><strong>CORSAIR 3000D RGB AIRFLOW NOIR<\/strong><\/a><\/li>\n<li>SSD\u00a0<a href=\"https:\/\/osaka.ma\/produit\/crucial-p3-plus-1tb-gen4\/\"><strong>1TB CRUCIAL P3 PLUS GEN4 5000MB\/S<\/strong><\/a><\/li>\n<li>Ventirad\u00a0<a href=\"https:\/\/osaka.ma\/produit\/riloe-plus-rgb\/\"><strong>RILOE RGB<\/strong><\/a><\/li>\n<li>Alimentation\u00a0<a href=\"https:\/\/osaka.ma\/produit\/msi-mag-a650bnl-80-bronze\/\"><strong>MSI MAG A650BNL 650W 80+ BRONZE\u00a0<\/strong><\/a><\/li>\n<li><strong>Win11 \/ Bien assembl\u00e9<\/strong><\/li>\n<\/ul>\n<div id=\"description\" class=\"description\">\n<div class=\"details-pdt-desc\">\n<h2 class=\"h2-master\">Arsenal Gamer pour Gaming Non-Stop !<\/h2>\n<section>Que vous soyez joueur d\u00e9butant ou aguerri, Le\u00a0<i><strong>Osaka Gen7<\/strong><\/i>\u00a0avec sa carte graphique NVIDIA GEFORCE RTX 4060\u00a0<strong>\u00a08Go\u00a0<\/strong>et son\u00a0<strong>SSD de 1To\u00a0<\/strong>conviendra \u00e0 vos besoins et exigences pour ne faire aucun compromis sur la puissance et la r\u00e9activit\u00e9. Configuration \u00e9quilibr\u00e9e et abordable, elle vous permettra d\u2019aller \u00e0 l\u2019essentiel : JOUER et GAGNER. Faites confiance au PC\u00a0<i><strong>Osaka Gen7<\/strong><\/i>, The Best Seller.<\/section>\n<section><img decoding=\"async\" src=\"https:\/\/media.ldlc.com\/v3\/marque\/bo\/00\/01\/69\/31\/V30001693127_2.gif\" alt=\"AMD\" \/><\/section>\n<\/div>\n<\/div>\n<section><\/section>\n<section><\/section>\n<section>\n<div class=\"desc-image\"><img decoding=\"async\" src=\"https:\/\/media.ldlc.com\/bo\/images\/fiches\/Processeur\/AMD\/raphael\/amd_ryzen_7000_001.jpg\" alt=\"\" \/><\/div>\n<div class=\"desc-text\">\n<h2>AMD RYZEN 7 7800X3D<\/h2>\n<p>Les fr\u00e9quences \u00e9lev\u00e9es des processeurs\u00a0<strong>AMD Ryzen Zen 4<\/strong>\u00a0sont un v\u00e9ritable avantage dans les jeux. Choisissez les bons composants et concevez un PC Gaming surpuissant, sans latences et pr\u00eat \u00e0 servir quand il faut. Prenez l\u2019avantage sur vos adversaires et atteignez des sommets gr\u00e2ce aux processeurs<strong>\u00a0AMD Ryzen 7000<\/strong>\u00a0et aux cartes m\u00e8res\u00a0<strong>AMD AM5<\/strong>.<\/p>\n<p>Les processeurs\u00a0<strong>AMD Ryzen 7000<\/strong>\u00a0sont performants dans tous les domaines. Ils vont permettront de cr\u00e9er plus vite, d\u2019atteindre vos objectifs plus rapidement et de gagner du temps en permanence. Qu\u2019il s\u2019agisse de rendu 3D ou d\u2019exportation de fichiers vid\u00e9o volumineux, concevez, livrez et faites le job avec la vitesse et le stockage PCIe 5.0, de nombreux threads de traitement et des acc\u00e9l\u00e9rateurs vid\u00e9o d\u00e9di\u00e9s.<\/p>\n<div class=\"logo\"><img decoding=\"async\" src=\"https:\/\/media.ldlc.com\/v3\/marque\/bo\/00\/05\/99\/39\/V30005993997.gif\" alt=\"MSI\" \/><\/div>\n<div id=\"description\" class=\"description\">\n<div class=\"details-pdt-desc\">\n<h2 class=\"h2-master\">NVIDIA DLSS 3 et ray tracing au coeur du jeu<\/h2>\n<section>Bas\u00e9e sur l\u2019architecture NVIDIA Ada Lovelace, la carte graphique\u00a0<strong>MSI GeForce RTX 4060 VENTUS 2X BLACK 8G OC\u00a0<\/strong>s\u2019appuie sur la technologie\u00a0<strong>DLSS 3\u00a0<\/strong>et le<strong>\u00a0ray tracing mat\u00e9riel<\/strong>\u00a0pour sublimer les jeux les plus r\u00e9cents et vous permettre de vivre une exp\u00e9rience vid\u00e9oludique immersive et r\u00e9aliste. Au-del\u00e0 du jeu, les cartes graphiques NVIDIA GeForce RTX 4060 offrent de hautes performances pour cr\u00e9er et streamer.<\/section>\n<section>\n<div class=\"desc-image\"><img decoding=\"async\" src=\"https:\/\/media.ldlc.com\/bo\/images\/fiches\/Carte_graphique\/MSI\/msi_rtx_ventus_2x_black_001.jpg\" alt=\"\" \/><\/div>\n<div class=\"desc-text\">\n<h2>MSI GEFORCE RTX 4060 VENTUS 2X BLACK 8G OC<\/h2>\n<ul>\n<li>Syst\u00e8me de refroidissement Dual Fan<\/li>\n<li>Ventilateurs TORX FAN 4.0<\/li>\n<li>Backplate renrforc\u00e9e<\/li>\n<li>Technologie Zero Frozr : arr\u00eat des ventilateurs lorsque le syst\u00e8me est peu sollicit\u00e9<\/li>\n<li>Logiciels MSI Center et Afterburner<\/li>\n<\/ul>\n<div class=\"logo\"><img decoding=\"async\" src=\"https:\/\/media.ldlc.com\/v3\/marque\/bo\/00\/05\/95\/32\/V30005953241.jpg\" alt=\"Crucial\" \/><\/div>\n<div id=\"description\" class=\"description\">\n<div class=\"details-pdt-desc\">\n<h2 class=\"h2-master\">Crucial P3 Plus : G\u00e9rez les charges de travail les plus lourdes<\/h2>\n<section>Le<strong>\u00a0SSD NVMe Crucial P3 Plus<\/strong>\u00a04 offre des performances sup\u00e9rieures avec des vitesses de lecture\/d\u2019\u00e9criture s\u00e9quentielle pouvant atteindre 5\u00a0000 Mo\/s \/ 4200\u00a0Mo\/s (<em>en fonction des mod\u00e8les<\/em>) gr\u00e2ce \u00e0 son intefrace PCI-Express 4.0. Acc\u00e9l\u00e9ration d\u2019\u00e9criture dynamique et protection thermique adaptative pour assurer la protection de vos donn\u00e9es tout en am\u00e9liorant la fiabilit\u00e9 du syst\u00e8me\u2026 le P3 Plus est la solution de stockage NVMe pour les professionnels, les cr\u00e9ateurs, les gamers et tous les autres utilisateurs en qu\u00eate de performances \u00e9lev\u00e9es.<\/section>\n<section>\n<div class=\"desc-image\"><img decoding=\"async\" src=\"https:\/\/media.ldlc.com\/bo\/images\/fiches\/Disque_dur_SSD\/crucial\/crucial_p3_plus.jpg\" alt=\"\" \/><\/div>\n<div class=\"desc-text\">\n<h2>POINTS FORTS<\/h2>\n<ul>\n<li>Le SSD NVMe Crucial P3 Plus offre des temps de chargement et des transferts de donn\u00e9es 8,9\u00a0fois plus rapides que ceux des disques SATA6 et 43\u00a0% plus rapides que ceux des SSD PCIe 3.0 les plus performants.<\/li>\n<li>Avec un espace g\u00e9n\u00e9reux, le Crucial P3 Plus peut facilement stocker tous les programmes, applications, fichiers, documents, photos et vid\u00e9os dont ont besoin vos \u00e9quipes.<\/li>\n<li>Avec son logiciel de gestion SSD pour l\u2019optimisation des performances et les mises \u00e0 jour du firmware, le SSD Crucial P3 Plus offre \u00e0 votre entreprise s\u00e9curit\u00e9 et tranquillit\u00e9 d\u2019esprit.<\/li>\n<\/ul>\n<div class=\"logo\"><img decoding=\"async\" src=\"https:\/\/media.ldlc.com\/v3\/marque\/bo\/00\/05\/72\/97\/V30005729722_2.jpg\" alt=\"Corsair\" \/><\/div>\n<div id=\"description\" class=\"description\">\n<div class=\"details-pdt-desc\">\n<h2 class=\"h2-master\">Un design incroyable et une efficacit\u00e9 de refroidissement redoutable<\/h2>\n<section>Le\u00a0<strong>Corsair 3000D\u00a0Airflow<\/strong>\u00a0est un superbe\u00a0<strong>bo\u00eetier PC Moyen Tour\u00a0<\/strong>spacieux et optimis\u00e9 pour une parfaite circulation du flux d\u2019air. Il est sobre, efficace et b\u00e9n\u00e9ficie d\u2019un design minimaliste sublime. Capable d\u2019accueillir les composants les plus performants, il d\u00e9livre d\u2019excellentes performances de refroidissement gr\u00e2ce \u00e0 ses panneaux ajour\u00e9s (avant et sup\u00e9rieur) et \u00e0 ses nombreux emplacements pour ventilateurs. Son panneau lat\u00e9ral en verre tremp\u00e9\u00a0vous permettra d\u2019admirer chaque d\u00e9tail de votre configuration.\u00a0<\/section>\n<section>\n<div class=\"desc-image\"><img decoding=\"async\" src=\"https:\/\/media.ldlc.com\/bo\/images\/fiches\/Bo%C3%AEtier_PC\/Corsair\/3000D\/3000Db_800_1.jpg\" alt=\"\" \/><\/div>\n<div class=\"desc-text\">\n<h2>DES ATOUTS MAJEURS<\/h2>\n<ul>\n<li><strong>Panneau lat\u00e9ral transparent\u00a0<\/strong>pour admirer l\u2019int\u00e9rieur de votre PC<\/li>\n<li>Syst\u00e8me de c\u00e2ble management avanc\u00e9 Corsair RapidRoute<\/li>\n<li>Panneau avant et panneau sup\u00e9rieur ajour\u00e9s pour une parfaite circulation de l\u2019air<\/li>\n<li>Grand potentiel de refroidissement avec\u00a0<strong>jusqu\u2019\u00e0 8\u00a0ventilateurs 120 mm\u00a0<\/strong>(2 ventilateurs AF120\u00a0Elite\u00a0fournis)<\/li>\n<li>Compatible radiateur watercooling jusqu\u2019\u00e0 360 mm<\/li>\n<li>2x Ports USB 3.0\u00a0Type A\u00a0sur le dessus<\/li>\n<li><strong>Jusqu\u2019\u00e0 2 disques 2.5\u2033 ou 2 disques 3.5\u2033<\/strong><\/li>\n<\/ul>\n<div class=\"logo\"><img decoding=\"async\" src=\"https:\/\/media.ldlc.com\/v3\/marque\/bo\/00\/05\/72\/97\/V30005729722_2.jpg\" alt=\"Corsair\" \/><\/div>\n<div id=\"description\" class=\"description\">\n<div class=\"details-pdt-desc\">\n<h2 class=\"h2-master\">Corsair Vengeance DDR5 : RAM hautes performances<\/h2>\n<section>La m\u00e9moire\u00a0<strong>Corsair Vengeance DDR5<\/strong>\u00a0est optimis\u00e9e pour les cartes m\u00e8res Intel et fournit des fr\u00e9quences de fonctionnement \u00e9lev\u00e9es, le tout dans un format low profile adapt\u00e9 \u00e0 la majorit\u00e9 des syst\u00e8mes. Les puces m\u00e9moire \u00e0 hautes fr\u00e9quences sont tri\u00e9es sur le volet et la r\u00e9gulation de tension int\u00e9gr\u00e9e offre un overclocking \u00e0 la fois ais\u00e9 et contr\u00f4l\u00e9 avec pr\u00e9cision. Le logiciel Corsair iCUE permet la surveillance de la fr\u00e9quence en temps r\u00e9el, la r\u00e9gulation de la tension int\u00e9gr\u00e9e et la personnalisation de profils Intel XMP 3.0.Un dissipateur de chaleur en aluminium assure le refroidissement de la m\u00e9moire, tout en garantissant une compatibilit\u00e9 \u00e9tendue avec une large gamme de cartes m\u00e8res et refroidisseurs pour processeur.<\/section>\n<section>\n<div class=\"desc-image\"><img decoding=\"async\" src=\"https:\/\/media.ldlc.com\/bo\/images\/fiches\/ram\/corsair\/corsair_vengeance_ddr5.jpg\" alt=\"\" \/><\/div>\n<div class=\"desc-text\">\n<h2>CARACT\u00c9RISTIQUES PRINCIPALES<\/h2>\n<ul>\n<li>Repoussez les limites de votre syst\u00e8me avec la m\u00e9moire DDR5 qui permet des fr\u00e9quences encore plus \u00e9lev\u00e9es pour une performance am\u00e9lior\u00e9e par rapport aux g\u00e9n\u00e9rations pr\u00e9c\u00e9dentes.<\/li>\n<li>Profils Intel XMP 3.0 : Personnalisez et enregistrez vos propres profils XMP via iCUE pour d\u00e9finir la performance par application ou par t\u00e2che pour une meilleure efficacit\u00e9.<\/li>\n<li>Puces m\u00e9moire s\u00e9lectionn\u00e9es \u00e0 la main et rigoureusement test\u00e9es.<\/li>\n<li>Circuit imprim\u00e9 hautes performances\u00a0: Garantit la qualit\u00e9 et la stabilit\u00e9 de signal pour des performances d\u2019overclocking exceptionnelles.<\/li>\n<li>Optimis\u00e9 pour les cartes m\u00e8res DDR5 Intel\u00a0: Pour une grande compatibilit\u00e9 avec les derni\u00e8res cartes m\u00e8res.<\/li>\n<\/ul>\n<\/div>\n<\/section>\n<\/div>\n<\/div>\n<\/div>\n<\/section>\n<\/div>\n<\/div>\n<\/div>\n<\/section>\n<\/div>\n<\/div>\n<\/div>\n<\/section>\n<\/div>\n<\/div>\n<\/div>\n<\/section>\n<\/div>\n","protected":false},"excerpt":{"rendered":"<div class=\"woocommerce-product-details__short-description\">\n<p>PC Gaming abordable, le PC bureau Osaka Gen7\u00a0\u00a0sera un alli\u00e9 de choix pour jouer aux jeux les plus r\u00e9cents sans pour autant vider votre compte en banque. Particuli\u00e8rement efficace, cet ordinateur d\u00e9di\u00e9 aux jeux vid\u00e9o vous permettra d\u2019aller \u00e0 l\u2019essentiel. Il est \u00e9quip\u00e9 d\u2019un processeur Ryzen 7 5700X3D, d\u2019une carte m\u00e8re avec chipset Amd B550M-K, de 32GB de RAM DDR4 et d\u2019une carte graphique\u00a0 NVIDIA GEFORCE MSI VENTUS XS RTX 4060 8Go . Il dispose \u00e9galement d\u2019un disque SSD de 1To pour un syst\u00e8me ultra r\u00e9actif.<\/p>\n<ul>\n<li>Processeur <strong><strong>AMD\u00a0<em>Ryzen 7 7800X3D <\/em><\/strong>Processeur 8-Core 16-Threads socket AM5 AMD 3D V-Cache 104 MO<\/strong><\/li>\n<li>Carte m\u00e8re\u00a0<strong>ASUS PRIME B650-PLUS<\/strong><\/li>\n<li>Ram\u00a0<strong>32GB (16*2) CORSAIR CL36 DDR5 6000MHZ<\/strong><\/li>\n<li>Carte graphique\u00a0<strong>\u00a0MSI VENTUS XS RTX 4060 8GB<\/strong><\/li>\n<li>Bo\u00eetier\u00a0<strong>CORSAIR 3000D RGB AIRFLOW NOIR<\/strong><\/li>\n<li>SSD\u00a0<strong>1TB CRUCIAL P3 PLUS GEN4 5000MB\/S<\/strong><\/li>\n<li>Ventirad\u00a0<strong>RILOE RGB<\/strong><\/li>\n<li>Alimentation\u00a0<strong>MSI MAG A650BNL 650W 80+ BRONZE\u00a0<\/strong><\/li>\n<li><strong>Win11 \/ Bien assembl\u00e9<\/strong><\/li>\n<\/ul>\n<\/div>\n","protected":false},"featured_media":1009225,"template":"","meta":{"_acf_changed":false},"pwb-brand":[],"product_brand":[],"product_cat":[54,53],"product_tag":[],"pcb_component_type":[],"class_list":{"0":"post-9222","1":"product","2":"type-product","3":"status-publish","4":"has-post-thumbnail","6":"product_cat-amd-ryzen","7":"product_cat-pc-gamer","9":"first","10":"outofstock","11":"shipping-taxable","12":"product-type-simple"},"translation":{"provider":"WPGlobus","version":"3.0.2","language":"de","enabled_languages":["en","es","de","fr","ru"],"languages":{"en":{"title":true,"content":true,"excerpt":true},"es":{"title":false,"content":false,"excerpt":false},"de":{"title":false,"content":false,"excerpt":false},"fr":{"title":false,"content":false,"excerpt":false},"ru":{"title":false,"content":false,"excerpt":false}}},"acf":[],"yoast_head":"<!-- This site is optimized with the Yoast SEO plugin v27.2 - https:\/\/yoast.com\/product\/yoast-seo-wordpress\/ -->\n<title>PC Gamer RYZEN\u21227 7800X3D\/32GB\/1TB\/RTX 4060 8GB - Osaka<\/title>\n<meta name=\"robots\" content=\"index, follow, max-snippet:-1, max-image-preview:large, max-video-preview:-1\" \/>\n<link rel=\"canonical\" href=\"https:\/\/osaka.ma\/de\/product\/pc-gamer-ryzen7-7800x3d-32gb-1tb-rtx-4060-8gb\/\" \/>\n<meta property=\"og:locale\" content=\"de_DE\" \/>\n<meta property=\"og:type\" content=\"article\" \/>\n<meta property=\"og:title\" content=\"PC Gamer RYZEN\u21227 7800X3D\/32GB\/1TB\/RTX 4060 8GB - Osaka\" \/>\n<meta property=\"og:url\" content=\"https:\/\/osaka.ma\/de\/product\/pc-gamer-ryzen7-7800x3d-32gb-1tb-rtx-4060-8gb\/\" \/>\n<meta property=\"og:site_name\" content=\"Osaka\" \/>\n<meta property=\"article:modified_time\" content=\"2024-12-18T15:36:10+00:00\" \/>\n<meta property=\"og:image\" content=\"https:\/\/osaka.ma\/wp-content\/uploads\/2024\/06\/corsair-3000d-rgb-airflow-noir-boitiers-pc.jpg\" \/>\n\t<meta property=\"og:image:width\" content=\"600\" \/>\n\t<meta property=\"og:image:height\" content=\"600\" \/>\n\t<meta property=\"og:image:type\" content=\"image\/jpeg\" \/>\n<meta name=\"twitter:card\" content=\"summary_large_image\" \/>\n<meta name=\"twitter:label1\" content=\"Est. reading time\" \/>\n\t<meta name=\"twitter:data1\" content=\"7 minutes\" \/>\n<script type=\"application\/ld+json\" class=\"yoast-schema-graph\">{\"@context\":\"https:\/\/schema.org\",\"@graph\":[{\"@type\":\"WebPage\",\"@id\":\"https:\/\/osaka.ma\/de\/product\/pc-gamer-ryzen7-7800x3d-32gb-1tb-rtx-4060-8gb\/\",\"url\":\"https:\/\/osaka.ma\/de\/product\/pc-gamer-ryzen7-7800x3d-32gb-1tb-rtx-4060-8gb\/\",\"name\":\"PC Gamer RYZEN\u21227 7800X3D\/32GB\/1TB\/RTX 4060 8GB - Osaka\",\"isPartOf\":{\"@id\":\"https:\/\/osaka.ma\/#website\"},\"primaryImageOfPage\":{\"@id\":\"https:\/\/osaka.ma\/de\/product\/pc-gamer-ryzen7-7800x3d-32gb-1tb-rtx-4060-8gb\/#primaryimage\"},\"image\":{\"@id\":\"https:\/\/osaka.ma\/de\/product\/pc-gamer-ryzen7-7800x3d-32gb-1tb-rtx-4060-8gb\/#primaryimage\"},\"thumbnailUrl\":\"https:\/\/osaka.ma\/wp-content\/uploads\/2024\/06\/corsair-3000d-rgb-airflow-noir-boitiers-pc.jpg\",\"datePublished\":\"2024-06-06T14:07:32+00:00\",\"dateModified\":\"2024-12-18T15:36:10+00:00\",\"breadcrumb\":{\"@id\":\"https:\/\/osaka.ma\/de\/product\/pc-gamer-ryzen7-7800x3d-32gb-1tb-rtx-4060-8gb\/#breadcrumb\"},\"inLanguage\":\"de-DE\",\"potentialAction\":[{\"@type\":\"ReadAction\",\"target\":[\"https:\/\/osaka.ma\/de\/product\/pc-gamer-ryzen7-7800x3d-32gb-1tb-rtx-4060-8gb\/\"]}]},{\"@type\":\"ImageObject\",\"inLanguage\":\"de-DE\",\"@id\":\"https:\/\/osaka.ma\/de\/product\/pc-gamer-ryzen7-7800x3d-32gb-1tb-rtx-4060-8gb\/#primaryimage\",\"url\":\"https:\/\/osaka.ma\/wp-content\/uploads\/2024\/06\/corsair-3000d-rgb-airflow-noir-boitiers-pc.jpg\",\"contentUrl\":\"https:\/\/osaka.ma\/wp-content\/uploads\/2024\/06\/corsair-3000d-rgb-airflow-noir-boitiers-pc.jpg\",\"width\":600,\"height\":600},{\"@type\":\"BreadcrumbList\",\"@id\":\"https:\/\/osaka.ma\/de\/product\/pc-gamer-ryzen7-7800x3d-32gb-1tb-rtx-4060-8gb\/#breadcrumb\",\"itemListElement\":[{\"@type\":\"ListItem\",\"position\":1,\"name\":\"Home\",\"item\":\"https:\/\/osaka.ma\/\"},{\"@type\":\"ListItem\",\"position\":2,\"name\":\"Shop\",\"item\":\"https:\/\/osaka.ma\/shop-2\/\"},{\"@type\":\"ListItem\",\"position\":3,\"name\":\"PC Gamer RYZEN\u21227 7800X3D\/32GB\/1TB\/RTX 4060 8GB\"}]},{\"@type\":\"WebSite\",\"@id\":\"https:\/\/osaka.ma\/#website\",\"url\":\"https:\/\/osaka.ma\/\",\"name\":\"Osaka\",\"description\":\"\",\"publisher\":{\"@id\":\"https:\/\/osaka.ma\/#organization\"},\"potentialAction\":[{\"@type\":\"SearchAction\",\"target\":{\"@type\":\"EntryPoint\",\"urlTemplate\":\"https:\/\/osaka.ma\/?s={search_term_string}\"},\"query-input\":{\"@type\":\"PropertyValueSpecification\",\"valueRequired\":true,\"valueName\":\"search_term_string\"}}],\"inLanguage\":\"de-DE\"},{\"@type\":\"Organization\",\"@id\":\"https:\/\/osaka.ma\/#organization\",\"name\":\"Osaka\",\"url\":\"https:\/\/osaka.ma\/\",\"logo\":{\"@type\":\"ImageObject\",\"inLanguage\":\"de-DE\",\"@id\":\"https:\/\/osaka.ma\/#\/schema\/logo\/image\/\",\"url\":\"https:\/\/osaka.ma\/wp-content\/uploads\/2026\/01\/model-slogan-logo-2Plan-de-travail-1dksl-plus-finnn.png\",\"contentUrl\":\"https:\/\/osaka.ma\/wp-content\/uploads\/2026\/01\/model-slogan-logo-2Plan-de-travail-1dksl-plus-finnn.png\",\"width\":842,\"height\":226,\"caption\":\"Osaka\"},\"image\":{\"@id\":\"https:\/\/osaka.ma\/#\/schema\/logo\/image\/\"}}]}<\/script>\n<!-- \/ Yoast SEO plugin. -->","yoast_head_json":{"title":"PC Gamer RYZEN\u21227 7800X3D\/32GB\/1TB\/RTX 4060 8GB - Osaka","robots":{"index":"index","follow":"follow","max-snippet":"max-snippet:-1","max-image-preview":"max-image-preview:large","max-video-preview":"max-video-preview:-1"},"canonical":"https:\/\/osaka.ma\/de\/product\/pc-gamer-ryzen7-7800x3d-32gb-1tb-rtx-4060-8gb\/","og_locale":"de_DE","og_type":"article","og_title":"PC Gamer RYZEN\u21227 7800X3D\/32GB\/1TB\/RTX 4060 8GB - Osaka","og_url":"https:\/\/osaka.ma\/de\/product\/pc-gamer-ryzen7-7800x3d-32gb-1tb-rtx-4060-8gb\/","og_site_name":"Osaka","article_modified_time":"2024-12-18T15:36:10+00:00","og_image":[{"width":600,"height":600,"url":"https:\/\/osaka.ma\/wp-content\/uploads\/2024\/06\/corsair-3000d-rgb-airflow-noir-boitiers-pc.jpg","type":"image\/jpeg"}],"twitter_card":"summary_large_image","twitter_misc":{"Est. reading time":"7 minutes"},"schema":{"@context":"https:\/\/schema.org","@graph":[{"@type":"WebPage","@id":"https:\/\/osaka.ma\/de\/product\/pc-gamer-ryzen7-7800x3d-32gb-1tb-rtx-4060-8gb\/","url":"https:\/\/osaka.ma\/de\/product\/pc-gamer-ryzen7-7800x3d-32gb-1tb-rtx-4060-8gb\/","name":"PC Gamer RYZEN\u21227 7800X3D\/32GB\/1TB\/RTX 4060 8GB - Osaka","isPartOf":{"@id":"https:\/\/osaka.ma\/#website"},"primaryImageOfPage":{"@id":"https:\/\/osaka.ma\/de\/product\/pc-gamer-ryzen7-7800x3d-32gb-1tb-rtx-4060-8gb\/#primaryimage"},"image":{"@id":"https:\/\/osaka.ma\/de\/product\/pc-gamer-ryzen7-7800x3d-32gb-1tb-rtx-4060-8gb\/#primaryimage"},"thumbnailUrl":"https:\/\/osaka.ma\/wp-content\/uploads\/2024\/06\/corsair-3000d-rgb-airflow-noir-boitiers-pc.jpg","datePublished":"2024-06-06T14:07:32+00:00","dateModified":"2024-12-18T15:36:10+00:00","breadcrumb":{"@id":"https:\/\/osaka.ma\/de\/product\/pc-gamer-ryzen7-7800x3d-32gb-1tb-rtx-4060-8gb\/#breadcrumb"},"inLanguage":"de-DE","potentialAction":[{"@type":"ReadAction","target":["https:\/\/osaka.ma\/de\/product\/pc-gamer-ryzen7-7800x3d-32gb-1tb-rtx-4060-8gb\/"]}]},{"@type":"ImageObject","inLanguage":"de-DE","@id":"https:\/\/osaka.ma\/de\/product\/pc-gamer-ryzen7-7800x3d-32gb-1tb-rtx-4060-8gb\/#primaryimage","url":"https:\/\/osaka.ma\/wp-content\/uploads\/2024\/06\/corsair-3000d-rgb-airflow-noir-boitiers-pc.jpg","contentUrl":"https:\/\/osaka.ma\/wp-content\/uploads\/2024\/06\/corsair-3000d-rgb-airflow-noir-boitiers-pc.jpg","width":600,"height":600},{"@type":"BreadcrumbList","@id":"https:\/\/osaka.ma\/de\/product\/pc-gamer-ryzen7-7800x3d-32gb-1tb-rtx-4060-8gb\/#breadcrumb","itemListElement":[{"@type":"ListItem","position":1,"name":"Home","item":"https:\/\/osaka.ma\/"},{"@type":"ListItem","position":2,"name":"Shop","item":"https:\/\/osaka.ma\/shop-2\/"},{"@type":"ListItem","position":3,"name":"PC Gamer RYZEN\u21227 7800X3D\/32GB\/1TB\/RTX 4060 8GB"}]},{"@type":"WebSite","@id":"https:\/\/osaka.ma\/#website","url":"https:\/\/osaka.ma\/","name":"Osaka","description":"","publisher":{"@id":"https:\/\/osaka.ma\/#organization"},"potentialAction":[{"@type":"SearchAction","target":{"@type":"EntryPoint","urlTemplate":"https:\/\/osaka.ma\/?s={search_term_string}"},"query-input":{"@type":"PropertyValueSpecification","valueRequired":true,"valueName":"search_term_string"}}],"inLanguage":"de-DE"},{"@type":"Organization","@id":"https:\/\/osaka.ma\/#organization","name":"Osaka","url":"https:\/\/osaka.ma\/","logo":{"@type":"ImageObject","inLanguage":"de-DE","@id":"https:\/\/osaka.ma\/#\/schema\/logo\/image\/","url":"https:\/\/osaka.ma\/wp-content\/uploads\/2026\/01\/model-slogan-logo-2Plan-de-travail-1dksl-plus-finnn.png","contentUrl":"https:\/\/osaka.ma\/wp-content\/uploads\/2026\/01\/model-slogan-logo-2Plan-de-travail-1dksl-plus-finnn.png","width":842,"height":226,"caption":"Osaka"},"image":{"@id":"https:\/\/osaka.ma\/#\/schema\/logo\/image\/"}}]}},"jetpack_sharing_enabled":true,"brands":[],"_links":{"self":[{"href":"https:\/\/osaka.ma\/de\/wp-json\/wp\/v2\/product\/9222","targetHints":{"allow":["GET"]}}],"collection":[{"href":"https:\/\/osaka.ma\/de\/wp-json\/wp\/v2\/product"}],"about":[{"href":"https:\/\/osaka.ma\/de\/wp-json\/wp\/v2\/types\/product"}],"version-history":[{"count":0,"href":"https:\/\/osaka.ma\/de\/wp-json\/wp\/v2\/product\/9222\/revisions"}],"wp:featuredmedia":[{"embeddable":true,"href":"https:\/\/osaka.ma\/de\/wp-json\/wp\/v2\/media\/1009225"}],"wp:attachment":[{"href":"https:\/\/osaka.ma\/de\/wp-json\/wp\/v2\/media?parent=9222"}],"wp:term":[{"taxonomy":"pwb-brand","embeddable":true,"href":"https:\/\/osaka.ma\/de\/wp-json\/wp\/v2\/pwb-brand?post=9222"},{"taxonomy":"product_brand","embeddable":true,"href":"https:\/\/osaka.ma\/de\/wp-json\/wp\/v2\/product_brand?post=9222"},{"taxonomy":"product_cat","embeddable":true,"href":"https:\/\/osaka.ma\/de\/wp-json\/wp\/v2\/product_cat?post=9222"},{"taxonomy":"product_tag","embeddable":true,"href":"https:\/\/osaka.ma\/de\/wp-json\/wp\/v2\/product_tag?post=9222"},{"taxonomy":"pcb_component_type","embeddable":true,"href":"https:\/\/osaka.ma\/de\/wp-json\/wp\/v2\/pcb_component_type?post=9222"}],"curies":[{"name":"wp","href":"https:\/\/api.w.org\/{rel}","templated":true}]}}