{"id":9333,"date":"2024-06-14T17:17:18","date_gmt":"2024-06-14T17:17:18","guid":{"rendered":"https:\/\/osaka.ma\/?post_type=product&#038;p=9333"},"modified":"2024-12-18T15:36:10","modified_gmt":"2024-12-18T15:36:10","slug":"dell-g15-5535-ryzen-7-7840hs-16gb-512gb-rtx-4060-8gb-16-fhd-165hz","status":"publish","type":"product","link":"https:\/\/osaka.ma\/de\/product\/dell-g15-5535-ryzen-7-7840hs-16gb-512gb-rtx-4060-8gb-16-fhd-165hz\/","title":{"rendered":"DELL G15 5535 RYZEN 7 7840HS \/ 16GB \/ 512GB \/ RTX 4060 8GB \/ 16&#8243; FHD 165HZ"},"content":{"rendered":"<div><\/div>\n<div class=\"logo\"><img decoding=\"async\" src=\"https:\/\/media.ldlc.com\/v3\/marque\/bo\/00\/05\/32\/41\/V30005324130_2.jpg\" alt=\"Dell\" \/><\/div>\n<div><\/div>\n<div id=\"description\" class=\"description\">\n<div class=\"details-pdt-desc\">\n<h2 class=\"h2-master\">Performances mobiles pour les gamers !<\/h2>\n<section>Le\u00a0<strong>PC portable gaming Dell G15 5535 <\/strong>poss\u00e8de de s\u00e9rieux arguments pour vous assurer la victoire \u00e0 chaque instant ! En plus de ses composants performants, il b\u00e9n\u00e9ficie d&#8217;un clavier r\u00e9tro\u00e9clair\u00e9 et d&#8217;un syst\u00e8me audio de qualit\u00e9. Pour offrir puissance et rapidit\u00e9, ce mod\u00e8le int\u00e8gre un\u00a0<strong>processeur Ryzen 7 7840HS<\/strong>, 16 Go de m\u00e9moire, une\u00a0<strong>puce graphique NVIDIA GEFORCE RTX 4060 8GB<\/strong>\u00a0 ainsi qu&#8217;un <strong>SSD M.2 PCIe de 512 Go<\/strong>.<\/section>\n<section>\n<div class=\"desc-image\"><img decoding=\"async\" src=\"https:\/\/media.ldlc.com\/bo\/images\/fiches\/pc_portables\/dell\/g5_15\/15_5510\/801.jpg\" alt=\"\" \/><\/div>\n<div class=\"desc-text\">\n<h2><\/h2>\n<h2>JOUEZ DANS LA COUR DES GRANDS !<\/h2>\n<p>Montrez toute l&#8217;\u00e9tendue de votre talent sur vos jeux pr\u00e9f\u00e9r\u00e9s\u00a0gr\u00e2ce aux performances \u00e9lev\u00e9es\u00a0du PC portable\u00a0<strong>Dell G15 5535<\/strong>\u00a0! Ce dernier est \u00e9quip\u00e9 d&#8217;un processeur\u00a0<strong>Ryzen 7-7840HS<\/strong> et d&#8217;une puce graphique <strong>RTX 4060 8GB <\/strong>. Cette combinaison de haute qualit\u00e9 vous assurera des parties fluides et des d\u00e9tails graphiques excellents ainsi qu&#8217;une prise en charge des contenus VR pour une immersion totale !<\/p>\n<\/div>\n<\/section>\n<section>\n<div class=\"desc-text\">\n<h2>PR\u00caT AU COMBAT<\/h2>\n<p>El\u00e9gant et parfaitement mobile, le PC portable Dell G15 fait moins de\u00a0<strong>24 mm d&#8217;\u00e9paisseur<\/strong>\u00a0pour un poids inf\u00e9rieur \u00e0\u00a02.7 kg. Le syst\u00e8me innovant de refroidissement, \u00e0 double ventilateur, de ce mod\u00e8le, associ\u00e9 \u00e0 une\u00a0conception thermique avanc\u00e9e, lui permet de rester au frais lorsque l\u2019action monte d\u2019un\u00a0cran.<\/p>\n<\/div>\n<div class=\"desc-image\"><img decoding=\"async\" src=\"https:\/\/media.ldlc.com\/bo\/images\/fiches\/pc_portables\/dell\/g5_15\/15_5510\/802.jpg\" alt=\"\" \/><\/div>\n<\/section>\n<section>\n<div class=\"desc-image\"><img decoding=\"async\" src=\"https:\/\/media.ldlc.com\/bo\/images\/fiches\/pc_portables\/dell\/g5_15\/15_5510\/803.jpg\" alt=\"\" \/><\/div>\n<div class=\"desc-text\">\n<h2><\/h2>\n<h2>ALIENWARE COMMAND\u00a0CENTER<\/h2>\n<p>Jouez plus agr\u00e9ablement\u00a0:\u00a0Dell a \u00e9labor\u00e9 des logiciels innovants, sp\u00e9cialement con\u00e7us pour vous permettre d\u2019am\u00e9liorer votre exp\u00e9rience de\u00a0gaming, d\u2019ajuster tous vos param\u00e8tres syst\u00e8me et de\u00a0jeu, de r\u00e9soudre les probl\u00e8mes et de g\u00e9rer votre temps. L\u2019interface conviviale associe tous vos param\u00e8tres syst\u00e8me \u00e0 une\u00a0biblioth\u00e8que de\u00a0gaming, ce qui vous permet d\u2019acc\u00e9der facilement aux informations sur les jeux. Quelle que soit la source, le logiciel\u00a0Command\u00a0Center vous permet d\u2019acc\u00e9der facilement \u00e0 vos jeux et de personnaliser les param\u00e8tres pour chacun d\u2019eux. Cr\u00e9ez un\u00a0profil de\u00a0gaming unique et lancez-le o\u00f9 vous le souhaitez. Il restera tel que vous l\u2019avez d\u00e9fini.<\/p>\n<\/div>\n<\/section>\n<section>\n<h2>CARACT\u00c9RISTIQUES PRINCIPALES :<\/h2>\n<ul>\n<li style=\"list-style-type: none;\">\n<ul>\n<li class=\"mb-2\"><strong>AMD Ryzen 7-7840HS (Octo Core 3.8 GHz \/ 5.1 GHz Turbo &#8211; 16 Threads &#8211; Cache 16 Mo)<\/strong><\/li>\n<li><strong>16 Go de m\u00e9moire vive DDR5 4800 MHz<\/strong><\/li>\n<li><strong>15.6 pouces, FHD 1920 x 1080, 165 hz\u00a0<\/strong><\/li>\n<li><strong>NVIDIA Geforce RTX 4060 8GB GDDR6<\/strong><\/li>\n<li><strong>SSD M.2 PCIe de 512GB<\/strong><\/li>\n<li><strong>Communication sans fil performante :\u00a0Wi-Fi AX + Bluetooth 5.1<\/strong><\/li>\n<li><strong>Syst\u00e8me audio st\u00e9r\u00e9o avec technologie Nahimic 3D<\/strong><\/li>\n<li><strong>Webcam HD 720p<\/strong><\/li>\n<li><strong>Windows 11 Famille 64 bits<\/strong><\/li>\n<\/ul>\n<\/li>\n<\/ul>\n<\/section>\n<\/div>\n<\/div>\n","protected":false},"excerpt":{"rendered":"<p><strong>CARACT\u00c9RISTIQUES PRINCIPALES :<\/strong><\/p>\n<ul>\n<li>AMD Ryzen 7-7840HS (Octo Core 3.8 GHz \/ 5.1 GHz Turbo &#8211; 16 Threads &#8211; Cache 16 Mo)<\/li>\n<li>16 Go de m\u00e9moire vive DDR5 4800 MHz<\/li>\n<li>15.6 pouces, FHD 1920 x 1080, 165 hz<\/li>\n<li>Puce graphique NVIDIA GEFORCE RTX 4060 8GB<\/li>\n<li>SSD M.2 PCIe de 512GB<\/li>\n<li>Communication sans fil performante :\u00a0Wi-Fi AX + Bluetooth 5.1<\/li>\n<li>Syst\u00e8me audio st\u00e9r\u00e9o avec technologie Nahimic 3D<\/li>\n<li>Webcam HD 720p<\/li>\n<li>Windows 11 Famille 64 bits<\/li>\n<\/ul>\n","protected":false},"featured_media":1009336,"template":"","meta":{"_acf_changed":false},"pwb-brand":[],"product_brand":[],"product_cat":[122,121],"product_tag":[],"pcb_component_type":[],"class_list":{"0":"post-9333","1":"product","2":"type-product","3":"status-publish","4":"has-post-thumbnail","6":"product_cat-gaming","7":"product_cat-pc-portable","9":"first","10":"outofstock","11":"shipping-taxable","12":"product-type-simple"},"translation":{"provider":"WPGlobus","version":"3.0.2","language":"de","enabled_languages":["en","es","de","fr","ru"],"languages":{"en":{"title":true,"content":true,"excerpt":true},"es":{"title":false,"content":false,"excerpt":false},"de":{"title":false,"content":false,"excerpt":false},"fr":{"title":false,"content":false,"excerpt":false},"ru":{"title":false,"content":false,"excerpt":false}}},"acf":[],"yoast_head":"<!-- This site is optimized with the Yoast SEO plugin v27.2 - https:\/\/yoast.com\/product\/yoast-seo-wordpress\/ -->\n<title>DELL G15 5535 RYZEN 7 7840HS \/ 16GB \/ 512GB \/ RTX 4060 8GB \/ 16&quot; FHD 165HZ - Osaka<\/title>\n<meta name=\"robots\" content=\"index, follow, max-snippet:-1, max-image-preview:large, max-video-preview:-1\" \/>\n<link rel=\"canonical\" href=\"https:\/\/osaka.ma\/product\/dell-g15-5535-ryzen-7-7840hs-16gb-512gb-rtx-4060-8gb-16-fhd-165hz\/\" \/>\n<meta property=\"og:locale\" content=\"de_DE\" \/>\n<meta property=\"og:type\" content=\"article\" \/>\n<meta property=\"og:title\" content=\"DELL G15 5535 RYZEN 7 7840HS \/ 16GB \/ 512GB \/ RTX 4060 8GB \/ 16&quot; FHD 165HZ - Osaka\" \/>\n<meta property=\"og:url\" content=\"https:\/\/osaka.ma\/product\/dell-g15-5535-ryzen-7-7840hs-16gb-512gb-rtx-4060-8gb-16-fhd-165hz\/\" \/>\n<meta property=\"og:site_name\" content=\"Osaka\" \/>\n<meta property=\"article:modified_time\" content=\"2024-12-18T15:36:10+00:00\" \/>\n<meta property=\"og:image\" content=\"https:\/\/osaka.ma\/wp-content\/uploads\/2024\/06\/609867-Product-1-I-638163819798796945.jpg\" \/>\n\t<meta property=\"og:image:width\" content=\"1662\" \/>\n\t<meta property=\"og:image:height\" content=\"1662\" \/>\n\t<meta property=\"og:image:type\" content=\"image\/jpeg\" \/>\n<meta name=\"twitter:card\" content=\"summary_large_image\" \/>\n<meta name=\"twitter:label1\" content=\"Est. reading time\" \/>\n\t<meta name=\"twitter:data1\" content=\"3 minutes\" \/>\n<script type=\"application\/ld+json\" class=\"yoast-schema-graph\">{\"@context\":\"https:\/\/schema.org\",\"@graph\":[{\"@type\":\"WebPage\",\"@id\":\"https:\/\/osaka.ma\/product\/dell-g15-5535-ryzen-7-7840hs-16gb-512gb-rtx-4060-8gb-16-fhd-165hz\/\",\"url\":\"https:\/\/osaka.ma\/product\/dell-g15-5535-ryzen-7-7840hs-16gb-512gb-rtx-4060-8gb-16-fhd-165hz\/\",\"name\":\"DELL G15 5535 RYZEN 7 7840HS \/ 16GB \/ 512GB \/ RTX 4060 8GB \/ 16\\\" FHD 165HZ - Osaka\",\"isPartOf\":{\"@id\":\"https:\/\/osaka.ma\/#website\"},\"primaryImageOfPage\":{\"@id\":\"https:\/\/osaka.ma\/product\/dell-g15-5535-ryzen-7-7840hs-16gb-512gb-rtx-4060-8gb-16-fhd-165hz\/#primaryimage\"},\"image\":{\"@id\":\"https:\/\/osaka.ma\/product\/dell-g15-5535-ryzen-7-7840hs-16gb-512gb-rtx-4060-8gb-16-fhd-165hz\/#primaryimage\"},\"thumbnailUrl\":\"https:\/\/osaka.ma\/wp-content\/uploads\/2024\/06\/609867-Product-1-I-638163819798796945.jpg\",\"datePublished\":\"2024-06-14T17:17:18+00:00\",\"dateModified\":\"2024-12-18T15:36:10+00:00\",\"breadcrumb\":{\"@id\":\"https:\/\/osaka.ma\/product\/dell-g15-5535-ryzen-7-7840hs-16gb-512gb-rtx-4060-8gb-16-fhd-165hz\/#breadcrumb\"},\"inLanguage\":\"de-DE\",\"potentialAction\":[{\"@type\":\"ReadAction\",\"target\":[\"https:\/\/osaka.ma\/product\/dell-g15-5535-ryzen-7-7840hs-16gb-512gb-rtx-4060-8gb-16-fhd-165hz\/\"]}]},{\"@type\":\"ImageObject\",\"inLanguage\":\"de-DE\",\"@id\":\"https:\/\/osaka.ma\/product\/dell-g15-5535-ryzen-7-7840hs-16gb-512gb-rtx-4060-8gb-16-fhd-165hz\/#primaryimage\",\"url\":\"https:\/\/osaka.ma\/wp-content\/uploads\/2024\/06\/609867-Product-1-I-638163819798796945.jpg\",\"contentUrl\":\"https:\/\/osaka.ma\/wp-content\/uploads\/2024\/06\/609867-Product-1-I-638163819798796945.jpg\",\"width\":1662,\"height\":1662},{\"@type\":\"BreadcrumbList\",\"@id\":\"https:\/\/osaka.ma\/product\/dell-g15-5535-ryzen-7-7840hs-16gb-512gb-rtx-4060-8gb-16-fhd-165hz\/#breadcrumb\",\"itemListElement\":[{\"@type\":\"ListItem\",\"position\":1,\"name\":\"Home\",\"item\":\"https:\/\/osaka.ma\/\"},{\"@type\":\"ListItem\",\"position\":2,\"name\":\"Shop\",\"item\":\"https:\/\/osaka.ma\/shop-2\/\"},{\"@type\":\"ListItem\",\"position\":3,\"name\":\"DELL G15 5535 RYZEN 7 7840HS \/ 16GB \/ 512GB \/ RTX 4060 8GB \/ 16&#8243; FHD 165HZ\"}]},{\"@type\":\"WebSite\",\"@id\":\"https:\/\/osaka.ma\/#website\",\"url\":\"https:\/\/osaka.ma\/\",\"name\":\"Osaka\",\"description\":\"\",\"publisher\":{\"@id\":\"https:\/\/osaka.ma\/#organization\"},\"potentialAction\":[{\"@type\":\"SearchAction\",\"target\":{\"@type\":\"EntryPoint\",\"urlTemplate\":\"https:\/\/osaka.ma\/?s={search_term_string}\"},\"query-input\":{\"@type\":\"PropertyValueSpecification\",\"valueRequired\":true,\"valueName\":\"search_term_string\"}}],\"inLanguage\":\"de-DE\"},{\"@type\":\"Organization\",\"@id\":\"https:\/\/osaka.ma\/#organization\",\"name\":\"Osaka\",\"url\":\"https:\/\/osaka.ma\/\",\"logo\":{\"@type\":\"ImageObject\",\"inLanguage\":\"de-DE\",\"@id\":\"https:\/\/osaka.ma\/#\/schema\/logo\/image\/\",\"url\":\"https:\/\/osaka.ma\/wp-content\/uploads\/2026\/01\/model-slogan-logo-2Plan-de-travail-1dksl-plus-finnn.png\",\"contentUrl\":\"https:\/\/osaka.ma\/wp-content\/uploads\/2026\/01\/model-slogan-logo-2Plan-de-travail-1dksl-plus-finnn.png\",\"width\":842,\"height\":226,\"caption\":\"Osaka\"},\"image\":{\"@id\":\"https:\/\/osaka.ma\/#\/schema\/logo\/image\/\"}}]}<\/script>\n<!-- \/ Yoast SEO plugin. -->","yoast_head_json":{"title":"DELL G15 5535 RYZEN 7 7840HS \/ 16GB \/ 512GB \/ RTX 4060 8GB \/ 16\" FHD 165HZ - Osaka","robots":{"index":"index","follow":"follow","max-snippet":"max-snippet:-1","max-image-preview":"max-image-preview:large","max-video-preview":"max-video-preview:-1"},"canonical":"https:\/\/osaka.ma\/product\/dell-g15-5535-ryzen-7-7840hs-16gb-512gb-rtx-4060-8gb-16-fhd-165hz\/","og_locale":"de_DE","og_type":"article","og_title":"DELL G15 5535 RYZEN 7 7840HS \/ 16GB \/ 512GB \/ RTX 4060 8GB \/ 16\" FHD 165HZ - Osaka","og_url":"https:\/\/osaka.ma\/product\/dell-g15-5535-ryzen-7-7840hs-16gb-512gb-rtx-4060-8gb-16-fhd-165hz\/","og_site_name":"Osaka","article_modified_time":"2024-12-18T15:36:10+00:00","og_image":[{"width":1662,"height":1662,"url":"https:\/\/osaka.ma\/wp-content\/uploads\/2024\/06\/609867-Product-1-I-638163819798796945.jpg","type":"image\/jpeg"}],"twitter_card":"summary_large_image","twitter_misc":{"Est. reading time":"3 minutes"},"schema":{"@context":"https:\/\/schema.org","@graph":[{"@type":"WebPage","@id":"https:\/\/osaka.ma\/product\/dell-g15-5535-ryzen-7-7840hs-16gb-512gb-rtx-4060-8gb-16-fhd-165hz\/","url":"https:\/\/osaka.ma\/product\/dell-g15-5535-ryzen-7-7840hs-16gb-512gb-rtx-4060-8gb-16-fhd-165hz\/","name":"DELL G15 5535 RYZEN 7 7840HS \/ 16GB \/ 512GB \/ RTX 4060 8GB \/ 16\" FHD 165HZ - Osaka","isPartOf":{"@id":"https:\/\/osaka.ma\/#website"},"primaryImageOfPage":{"@id":"https:\/\/osaka.ma\/product\/dell-g15-5535-ryzen-7-7840hs-16gb-512gb-rtx-4060-8gb-16-fhd-165hz\/#primaryimage"},"image":{"@id":"https:\/\/osaka.ma\/product\/dell-g15-5535-ryzen-7-7840hs-16gb-512gb-rtx-4060-8gb-16-fhd-165hz\/#primaryimage"},"thumbnailUrl":"https:\/\/osaka.ma\/wp-content\/uploads\/2024\/06\/609867-Product-1-I-638163819798796945.jpg","datePublished":"2024-06-14T17:17:18+00:00","dateModified":"2024-12-18T15:36:10+00:00","breadcrumb":{"@id":"https:\/\/osaka.ma\/product\/dell-g15-5535-ryzen-7-7840hs-16gb-512gb-rtx-4060-8gb-16-fhd-165hz\/#breadcrumb"},"inLanguage":"de-DE","potentialAction":[{"@type":"ReadAction","target":["https:\/\/osaka.ma\/product\/dell-g15-5535-ryzen-7-7840hs-16gb-512gb-rtx-4060-8gb-16-fhd-165hz\/"]}]},{"@type":"ImageObject","inLanguage":"de-DE","@id":"https:\/\/osaka.ma\/product\/dell-g15-5535-ryzen-7-7840hs-16gb-512gb-rtx-4060-8gb-16-fhd-165hz\/#primaryimage","url":"https:\/\/osaka.ma\/wp-content\/uploads\/2024\/06\/609867-Product-1-I-638163819798796945.jpg","contentUrl":"https:\/\/osaka.ma\/wp-content\/uploads\/2024\/06\/609867-Product-1-I-638163819798796945.jpg","width":1662,"height":1662},{"@type":"BreadcrumbList","@id":"https:\/\/osaka.ma\/product\/dell-g15-5535-ryzen-7-7840hs-16gb-512gb-rtx-4060-8gb-16-fhd-165hz\/#breadcrumb","itemListElement":[{"@type":"ListItem","position":1,"name":"Home","item":"https:\/\/osaka.ma\/"},{"@type":"ListItem","position":2,"name":"Shop","item":"https:\/\/osaka.ma\/shop-2\/"},{"@type":"ListItem","position":3,"name":"DELL G15 5535 RYZEN 7 7840HS \/ 16GB \/ 512GB \/ RTX 4060 8GB \/ 16&#8243; FHD 165HZ"}]},{"@type":"WebSite","@id":"https:\/\/osaka.ma\/#website","url":"https:\/\/osaka.ma\/","name":"Osaka","description":"","publisher":{"@id":"https:\/\/osaka.ma\/#organization"},"potentialAction":[{"@type":"SearchAction","target":{"@type":"EntryPoint","urlTemplate":"https:\/\/osaka.ma\/?s={search_term_string}"},"query-input":{"@type":"PropertyValueSpecification","valueRequired":true,"valueName":"search_term_string"}}],"inLanguage":"de-DE"},{"@type":"Organization","@id":"https:\/\/osaka.ma\/#organization","name":"Osaka","url":"https:\/\/osaka.ma\/","logo":{"@type":"ImageObject","inLanguage":"de-DE","@id":"https:\/\/osaka.ma\/#\/schema\/logo\/image\/","url":"https:\/\/osaka.ma\/wp-content\/uploads\/2026\/01\/model-slogan-logo-2Plan-de-travail-1dksl-plus-finnn.png","contentUrl":"https:\/\/osaka.ma\/wp-content\/uploads\/2026\/01\/model-slogan-logo-2Plan-de-travail-1dksl-plus-finnn.png","width":842,"height":226,"caption":"Osaka"},"image":{"@id":"https:\/\/osaka.ma\/#\/schema\/logo\/image\/"}}]}},"jetpack_sharing_enabled":true,"brands":[],"_links":{"self":[{"href":"https:\/\/osaka.ma\/de\/wp-json\/wp\/v2\/product\/9333","targetHints":{"allow":["GET"]}}],"collection":[{"href":"https:\/\/osaka.ma\/de\/wp-json\/wp\/v2\/product"}],"about":[{"href":"https:\/\/osaka.ma\/de\/wp-json\/wp\/v2\/types\/product"}],"version-history":[{"count":0,"href":"https:\/\/osaka.ma\/de\/wp-json\/wp\/v2\/product\/9333\/revisions"}],"wp:featuredmedia":[{"embeddable":true,"href":"https:\/\/osaka.ma\/de\/wp-json\/wp\/v2\/media\/1009336"}],"wp:attachment":[{"href":"https:\/\/osaka.ma\/de\/wp-json\/wp\/v2\/media?parent=9333"}],"wp:term":[{"taxonomy":"pwb-brand","embeddable":true,"href":"https:\/\/osaka.ma\/de\/wp-json\/wp\/v2\/pwb-brand?post=9333"},{"taxonomy":"product_brand","embeddable":true,"href":"https:\/\/osaka.ma\/de\/wp-json\/wp\/v2\/product_brand?post=9333"},{"taxonomy":"product_cat","embeddable":true,"href":"https:\/\/osaka.ma\/de\/wp-json\/wp\/v2\/product_cat?post=9333"},{"taxonomy":"product_tag","embeddable":true,"href":"https:\/\/osaka.ma\/de\/wp-json\/wp\/v2\/product_tag?post=9333"},{"taxonomy":"pcb_component_type","embeddable":true,"href":"https:\/\/osaka.ma\/de\/wp-json\/wp\/v2\/pcb_component_type?post=9333"}],"curies":[{"name":"wp","href":"https:\/\/api.w.org\/{rel}","templated":true}]}}