{"id":9392,"date":"2024-06-21T10:12:21","date_gmt":"2024-06-21T10:12:21","guid":{"rendered":"https:\/\/osaka.ma\/?post_type=product&#038;p=9392"},"modified":"2024-12-18T15:36:11","modified_gmt":"2024-12-18T15:36:11","slug":"pc-gamer-i5-11400-16gb-500gb-rtx-3060-12gb","status":"publish","type":"product","link":"https:\/\/osaka.ma\/de\/product\/pc-gamer-i5-11400-16gb-500gb-rtx-3060-12gb\/","title":{"rendered":"PC Gamer I5-11400\/16GB\/500GB\/RTX 3060 12GB"},"content":{"rendered":"<p><img decoding=\"async\" class=\" wp-image-6550 aligncenter\" src=\"https:\/\/osaka.ma\/wp-content\/uploads\/2023\/10\/OSA-1.png\" alt=\"\" width=\"294\" height=\"113\" \/><\/p>\n<p><i><img decoding=\"async\" class=\"\" src=\"https:\/\/media.ldlc.com\/bo\/images\/fiches\/kit_upgrade\/case_80.png\" alt=\"\" width=\"48\" height=\"48\" \/><\/i><strong>PC Gamer Osaka<\/strong> vous offre une configuration INTEL avec des composants \u00e9quilibr\u00e9e avec un bon prix, ce PC Gamer compos\u00e9 d\u2019un processeur <strong>INTEL\u00ae CORE\u2122 i5-11400<\/strong> ainsi que d\u2019une carte graphique <strong>MSI VENTUS 2X RTX 3060 12GB<\/strong> Il int\u00e8gre \u00e9galement un <strong>SSD 500GB<\/strong> pour un syst\u00e8me toujours plus rapide et <strong>16 (8\u00d72) Go de RAM<\/strong>. Voila les atouts de ce PC puissant taill\u00e9 pour travailler dans les meilleures conditions.<\/p>\n<ul>\n<li>Processeur\u00a0<strong>Intel Core i5-11400 <\/strong>Processeur 6-Core 12-Threads Socket 1200 Cache L3 12 Mo<\/li>\n<li>Carte m\u00e8re\u00a0<a href=\"https:\/\/osaka.ma\/produit\/msi-h510m-a-pro\/\"><strong>MSI H510M A-PRO DDR4<\/strong><\/a><\/li>\n<li>Ram <a href=\"https:\/\/osaka.ma\/produit\/16gb8x2-gigastone-ddr4-3200mhz\/\"><strong>16GB(8\u00d72) GIGASTONE 3200MHZ<\/strong><\/a><\/li>\n<li>Carte graphique\u00a0<a href=\"https:\/\/osaka.ma\/produit\/msi-ventus-xs-rtx-3060-12gb\/\"><strong>NVIDIA GeForce\u00a0 MSI VENTUS 2X RTX 3060 12GB<\/strong><\/a><\/li>\n<li>Bo\u00eetier Moyen Tour<strong>\u00a0<a href=\"https:\/\/osaka.ma\/produit\/boiter-gamdias-argus-m2\/\">GAMDIAS ARGUS M2<\/a><\/strong><\/li>\n<li>SSD\u00a0<a href=\"https:\/\/osaka.ma\/produit\/500gb-pny-cs900-2-5-ssd\/\"><strong>500Go PNY CS900 SATA 560MB\/S<\/strong><\/a><\/li>\n<li>Alimentation\u00a0<a href=\"https:\/\/osaka.ma\/produit\/aerocool-lux-550w-rgb\/\"><strong>AEROCOOL LUX 550W RGB 80+ BRONZE<\/strong><\/a><\/li>\n<li><strong>Win11 \/ Bien assembl\u00e9<\/strong><\/li>\n<\/ul>\n<div class=\"logo\"><img decoding=\"async\" src=\"https:\/\/media.ldlc.com\/v3\/marque\/bo\/00\/05\/72\/22\/V30005722262_2.jpg\" alt=\"Intel\" \/><\/div>\n<div id=\"description\" class=\"description\">\n<div class=\"details-pdt-desc\">\n<h2 class=\"h2-master\">Processeur Intel Core 11\u00e8me g\u00e9n\u00e9ration Rocket Lake-S<\/h2>\n<section>La\u00a0<strong>11\u00e8me g\u00e9n\u00e9ration de processeur Intel Core Rocket Lake-S\u00a0<\/strong>vous propulse vers toujours plus de puissance gr\u00e2ce \u00e0 sa compatibilit\u00e9 avec la norme\u00a0<strong>PCI-Express 4.0<\/strong>\u00a0et la pr\u00e9sence de l&#8217;<strong>Hyper Threading<\/strong>\u00a0sur toute la gamme depuis le Core i3 jusqu&#8217;au Core i9. Ses fr\u00e9quences Turbo vont toujours plus haut en conservant des TDP identiques aux g\u00e9n\u00e9rations pr\u00e9c\u00e9dentes. Les performances de pointe et la fluidit\u00e9 sont de mise pour tous que ce soit pour une utilisation bureautique, cr\u00e9ative ou gaming. Le\u00a0<strong>processeur Intel Core i5-11400<\/strong>\u00a0dot\u00e9 de\u00a0<strong>6 Cores<\/strong>\u00a0(12 Threads), de\u00a0<strong>12 Mo de cache<\/strong>\u00a0et de\u00a0<strong>fr\u00e9quences Turbo pouvant atteindre 4.4 GHz<\/strong>\u00a0se destine aux gamers avertis et aux utilisateurs qui ont besoin d&#8217;un processeur \u00e0 l&#8217;aise dans toutes les situations. Performances irr\u00e9sistibles dans les Jeux, r\u00e9alit\u00e9 virtuelle sans ralentissement, multit\u00e2che intensif, les processeurs Intel Core de 11\u00e8me g\u00e9n\u00e9ration sont ultra polyvalents et rien ne leur fait peur !<\/section>\n<section>\n<div class=\"desc-image\"><img decoding=\"async\" src=\"https:\/\/media.ldlc.com\/bo\/images\/fiches\/processeur\/intel\/rocket_lake_s\/800_1.jpg\" alt=\"\" \/><\/div>\n<div class=\"desc-text\">\n<h2>INTEL CORE I5-11400 : 6 CORES DE 2.6 GHZ \u00c0 4.4 GHZ<\/h2>\n<p>Le\u00a0<strong>processeur Intel Core i5-11400<\/strong>\u00a0embarque\u00a0<strong>6 Coeurs et 12 threads<\/strong>\u00a0accompagn\u00e9s de\u00a0<strong>12 Mo de Cache.<\/strong>\u00a0Il propose des performances de haute vol\u00e9e\u00a0 avec sa fr\u00e9quence de base \u00e0 2.6 GHz et\u00a0<strong>jusqu&#8217; \u00e0 4.4 GHz en mode Turbo<\/strong>. Son\u00a0<strong>TDP de 65W<\/strong>\u00a0lui permet d&#8217;offrir des fr\u00e9quences de fonctionnement \u00e9lev\u00e9es tout en gardant une consommation \u00e9lectrique maitris\u00e9e.<\/p>\n<\/div>\n<\/section>\n<section>\n<div class=\"desc-text\">\n<h2>LES GAMERS EN POINT DE MIRE<\/h2>\n<p>Avec le\u00a0<strong>processeur pour PC de bureau<\/strong>\u00a0Intel Core i5-11400 est \u00e0 m\u00eame de s&#8217;affranchir rapidement et sans ralentissement des t\u00e2ches les plus lourdes et vous fera b\u00e9n\u00e9ficier d&#8217;un multit\u00e2che intensif fluide. Il est aussi id\u00e9al pour jouer aux derniers jeux vid\u00e9o notamment les Triple-A, regarder des films en tr\u00e8s haute r\u00e9solution, cr\u00e9er et retoucher du contenu num\u00e9rique, la seule limit\u00e9 \u00e9tant votre imagination. Le processeur Intel Core i5 11\u00e8me g\u00e9n\u00e9ration est dot\u00e9 de la technologie\u00a0<em><strong>Intel Turbo Boost 2.0<\/strong><\/em><em>\u00a0<\/em>qui permet un surplus de puissance lorsque votre utilisation le demande.<\/p>\n<\/div>\n<div class=\"desc-image\"><img decoding=\"async\" src=\"https:\/\/media.ldlc.com\/bo\/images\/fiches\/processeur\/intel\/rocket_lake_s\/800_2.jpg\" alt=\"\" \/><\/div>\n<\/section>\n<section>\n<div class=\"desc-image\"><img decoding=\"async\" src=\"https:\/\/media.ldlc.com\/bo\/images\/fiches\/processeur\/intel\/rocket_lake_s\/800_3.jpg\" alt=\"\" \/><\/div>\n<div class=\"desc-text\">\n<h2>UNE CR\u00c9ATIVIT\u00c9 ILLIMIT\u00c9E<\/h2>\n<p>Le processeur Intel Core i5-11400 est de taille pour vous permettre d&#8217;exprimer votre cr\u00e9ativit\u00e9 en toute fluidit\u00e9 et vos t\u00e2ches quotidiennes seront ex\u00e9cut\u00e9es toujours avec la m\u00eame rapidit\u00e9. Ses 6 c\u0153urs (12 threads) et sa fr\u00e9quence turbo \u00e0 4.4 Ghz, feront de ce processeur un \u00e9lement de choix pour les joueurs \u00e0 la recherche d&#8217;un processeur avec un bon rapport performances\/prix.<\/p>\n<\/div>\n<div class=\"logo\"><img decoding=\"async\" src=\"https:\/\/media.ldlc.com\/v3\/marque\/bo\/00\/05\/99\/39\/V30005993997.gif\" alt=\"MSI\" \/><\/div>\n<div id=\"description\" class=\"description\">\n<div class=\"details-pdt-desc\">\n<h2 class=\"h2-master\">NVIDIA GeForce RTX 3060 : La meilleure fa\u00e7on de jouer<\/h2>\n<section>Avec le\u00a0<strong>mod\u00e8le GeForce RTX 3060<\/strong>,\u00a0<strong>NVIDIA\u00a0<\/strong>rend encore plus accessibles les performances de haute vol\u00e9e propos\u00e9es par les cartes graphiques Amp\u00e8re. Des graphismes sublim\u00e9s, une fluidit\u00e9 remarquable et un r\u00e9alisme incroyable vous permettront de profiter au mieux des jeux PC les plus r\u00e9cents. Il ne vous reste plus qu&#8217;\u00e0 plonger au coeur de l&#8217;action et \u00e0 vous immerger totalement dans la partie. La\u00a0<strong>carte graphique MSI GeForce RTX 3060 VENTUS 2X 12G OC LHR<\/strong>\u00a0embarque\u00a0<strong>12 Go de m\u00e9moire vid\u00e9o<\/strong>\u00a0de nouvelle g\u00e9n\u00e9ration\u00a0<strong>GDDR6<\/strong>. Ce mod\u00e8le b\u00e9n\u00e9ficie de<strong>\u00a0fr\u00e9quences de fonctionnement \u00e9lev\u00e9es<\/strong>\u00a0et d&#8217;un<strong>\u00a0syst\u00e8me de refroidissement am\u00e9lior\u00e9<\/strong>\u00a0gage de fiabilit\u00e9 et de performances \u00e0 long terme.<\/section>\n<section>\n<div class=\"desc-image\"><img decoding=\"async\" src=\"https:\/\/media.ldlc.com\/bo\/images\/fiches\/carte_graphique\/msi\/msi_rtx_ventus_001.jpg\" alt=\"\" \/><\/div>\n<div class=\"desc-text\">\n<h2>MSI GEFORCE RTX 3060 VENTUS 2X 12G OC LHR<\/h2>\n<p>La toute nouvelle s\u00e9rie de cartes graphiques Ventus apporte un vent de fra\u00eecheur aux gammes de cartes graphiques MSI. Avec leur design, elles s&#8217;int\u00e9greront \u00e0 merveille \u00e0 toutes les configurations et leurs caract\u00e9ristiques leur permettront d&#8217;apporter des performances graphiques \u00e9lev\u00e9es.\u00a0Par rapport au design des ventilateurs standards, les ventilateurs de la carte graphique Ventus disposent d&#8217;un nombre plus \u00e9lev\u00e9 de pales pour am\u00e9liorer la dissipation de chaleur car elles g\u00e9n\u00e8rent une plus grosse pression d&#8217;air.<\/p>\n<\/div>\n<\/section>\n<section>\n<div class=\"desc-text\">\n<h2>ARCHITECTURE AMP\u00c8RE<\/h2>\n<p>Gr\u00e2ce aux am\u00e9liorations apport\u00e9es par la nouvelle architecture Amp\u00e8re, les cartes graphiques NVIDIA RTX de 2nd g\u00e9n\u00e9ration sont encore plus performantes que les cartes graphiques des g\u00e9n\u00e9rations pr\u00e9c\u00e9dentes. Les jeux vid\u00e9o PC sont plus beaux, plus immersifs et plus fluides que jamais. Les coeurs RT de 2nd g\u00e9n\u00e9ration offrent un rendement 2 fois sup\u00e9rieur \u00e0 celui des cartes de la g\u00e9n\u00e9ration pr\u00e9c\u00e9dente. Les coeurs Tensor de 3\u00e8me g\u00e9n\u00e9ration d\u00e9livrent jusqu&#8217;\u00e0 2 fois plus de rendement et les nouveaux multiprocesseur de flux un rendement FP32 multipli\u00e9 par 2 !<\/p>\n<\/div>\n<div class=\"desc-image\"><img decoding=\"async\" src=\"https:\/\/media.ldlc.com\/bo\/images\/fiches\/carte_graphique\/rtx\/nvidia_geforce_rtx_on_002.jpg\" alt=\"\" \/><\/div>\n<\/section>\n<section>\n<div class=\"desc-image\"><img decoding=\"async\" src=\"https:\/\/media.ldlc.com\/bo\/images\/fiches\/carte_graphique\/rtx\/nvidia_geforce_rtx_dlss_001.jpg\" alt=\"\" \/><\/div>\n<div class=\"desc-text\">\n<h2>FR\u00c9QUENCE D&#8217;IMAGES MAXIMALE<\/h2>\n<p>Bas\u00e9 sur les capacit\u00e9s ph\u00e9nom\u00e9nales de l\u2019IA, le super-\u00e9chantillonnage par Deep Learning (DLSS) de NVIDIA est une technologie de rendu r\u00e9volutionnaire qui vous offre un tout nouveau niveau de fid\u00e9lit\u00e9 visuelle gr\u00e2ce aux processeurs Tensor Core d\u00e9di\u00e9s \u00e0 l\u2019IA des GPU GeForce RTX. Le DLSS met \u00e0 profit toute la puissance d\u2019un r\u00e9seau optimis\u00e9 de neurones profonds pour acc\u00e9l\u00e9rer les fr\u00e9quences d\u2019images tout en g\u00e9n\u00e9rant des visuels \u00e9poustouflants d\u2019une nettet\u00e9 incomparable. Ce gain de performance significatif permet aux joueurs du monde entier de maximiser les param\u00e8tres du ray tracing et d\u2019augmenter les r\u00e9solutions de sortie.<\/p>\n<\/div>\n<\/section>\n<section>\n<div class=\"desc-text\">\n<h2>STREAMEZ\u00a0COMME UN PRO<\/h2>\n<p>Volez la vedette aux meilleurs streameurs en diffusant vos parties avec des graphismes sublimes et un rendu fluide. L\u2019encodage et le d\u00e9codage mat\u00e9riel de nouvelle g\u00e9n\u00e9ration vous permettent d\u2019immortaliser vos meilleurs moments avec un niveau de d\u00e9tails incomparable. La toute nouvelle application NVIDIA Broadcast fait passer vos livestreams au niveau sup\u00e9rieur avec de puissantes capacit\u00e9s d\u2019IA qui am\u00e9liorent la qualit\u00e9 de l\u2019audio et de la vid\u00e9o avec des effets avanc\u00e9s comme un arri\u00e8re-plan virtuel, un recadrage automatique de la webcam et la suppression des bruits parasites li\u00e9s au micro. Les GPU GeForce RTX s\u00e9rie 30 vous fournissent les performances graphiques et la qualit\u00e9 d\u2019image requises pour vous pr\u00e9senter \u00e0 votre public sous votre meilleur jour, syst\u00e9matiquement.<\/p>\n<\/div>\n<div class=\"desc-image\"><img decoding=\"async\" src=\"https:\/\/media.ldlc.com\/bo\/images\/fiches\/carte_graphique\/rtx\/nvidia_geforce_rtx_stream_001.jpg\" alt=\"\" \/><\/div>\n<\/section>\n<\/div>\n<\/div>\n<\/section>\n<\/div>\n<\/div>\n","protected":false},"excerpt":{"rendered":"<p>PC Gamer Osaka vous offre une configuration INTEL avec des composants \u00e9quilibr\u00e9e avec un bon prix, ce PC Gamer compos\u00e9 d\u2019un processeur INTEL\u00ae CORE\u2122 i5-11400 ainsi que d\u2019une carte graphique MSI VENTUS 2X RTX 3060 12GB Il int\u00e8gre \u00e9galement un SSD 500GB pour un syst\u00e8me toujours plus rapide et 16 (8\u00d72) Go de RAM. Voila les atouts de ce PC puissant taill\u00e9 pour travailler dans les meilleures conditions.<\/p>\n<ul>\n<li>Processeur\u00a0<strong><strong>Intel Core i5-11400<\/strong><\/strong> <strong>(2.6 GHz \/ 4.4 GHz)<\/strong><\/li>\n<li>Carte m\u00e8re\u00a0<strong>MSI H510M A-PRO DDR4<\/strong><\/li>\n<li>Ram\u00a0<strong>16GB(8\u00d72) GIGASTONE 3200MHZ<\/strong><\/li>\n<li>Carte graphique\u00a0<strong>NVIDIA GeForce\u00a0 MSI VENTUS 2X RTX 3060 12GB<\/strong><\/li>\n<li>Bo\u00eetier Moyen Tour<strong>\u00a0GAMDIAS ARGUS M2<\/strong><\/li>\n<li>SSD\u00a0<strong>500Go PNY CS900 SATA<\/strong><\/li>\n<li>Alimentation\u00a0<strong>AEROCOOL LUX 550W RGB 80+ BRONZE<\/strong><\/li>\n<li><strong>Win11 \/ Bien assembl\u00e9<\/strong><\/li>\n<\/ul>\n","protected":false},"featured_media":1009381,"template":"","meta":{"_acf_changed":false},"pwb-brand":[],"product_brand":[],"product_cat":[57,53],"product_tag":[],"pcb_component_type":[],"class_list":{"0":"post-9392","1":"product","2":"type-product","3":"status-publish","4":"has-post-thumbnail","6":"product_cat-intel","7":"product_cat-pc-gamer","9":"first","10":"outofstock","11":"shipping-taxable","12":"product-type-simple"},"translation":{"provider":"WPGlobus","version":"3.0.2","language":"de","enabled_languages":["en","es","de","fr","ru"],"languages":{"en":{"title":true,"content":true,"excerpt":true},"es":{"title":false,"content":false,"excerpt":false},"de":{"title":false,"content":false,"excerpt":false},"fr":{"title":false,"content":false,"excerpt":false},"ru":{"title":false,"content":false,"excerpt":false}}},"acf":[],"yoast_head":"<!-- This site is optimized with the Yoast SEO plugin v27.2 - https:\/\/yoast.com\/product\/yoast-seo-wordpress\/ -->\n<title>PC Gamer I5-11400\/16GB\/500GB\/RTX 3060 12GB - Osaka<\/title>\n<meta name=\"robots\" content=\"index, follow, max-snippet:-1, max-image-preview:large, max-video-preview:-1\" \/>\n<link rel=\"canonical\" href=\"https:\/\/osaka.ma\/product\/pc-gamer-i5-11400-16gb-500gb-rtx-3060-12gb\/\" \/>\n<meta property=\"og:locale\" content=\"de_DE\" \/>\n<meta property=\"og:type\" content=\"article\" \/>\n<meta property=\"og:title\" content=\"PC Gamer I5-11400\/16GB\/500GB\/RTX 3060 12GB - Osaka\" \/>\n<meta property=\"og:url\" content=\"https:\/\/osaka.ma\/product\/pc-gamer-i5-11400-16gb-500gb-rtx-3060-12gb\/\" \/>\n<meta property=\"og:site_name\" content=\"Osaka\" \/>\n<meta property=\"article:modified_time\" content=\"2024-12-18T15:36:11+00:00\" \/>\n<meta property=\"og:image\" content=\"https:\/\/osaka.ma\/wp-content\/uploads\/2024\/06\/pdt2_6_8_3_1_700x700_gam4712960134683_rw_boitier-moyen-tour-atx-gamdias-argus-m2-rgb-avec-p.jpg\" \/>\n\t<meta property=\"og:image:width\" content=\"700\" \/>\n\t<meta property=\"og:image:height\" content=\"700\" \/>\n\t<meta property=\"og:image:type\" content=\"image\/jpeg\" \/>\n<meta name=\"twitter:card\" content=\"summary_large_image\" \/>\n<meta name=\"twitter:label1\" content=\"Est. reading time\" \/>\n\t<meta name=\"twitter:data1\" content=\"7 minutes\" \/>\n<script type=\"application\/ld+json\" class=\"yoast-schema-graph\">{\"@context\":\"https:\/\/schema.org\",\"@graph\":[{\"@type\":\"WebPage\",\"@id\":\"https:\/\/osaka.ma\/product\/pc-gamer-i5-11400-16gb-500gb-rtx-3060-12gb\/\",\"url\":\"https:\/\/osaka.ma\/product\/pc-gamer-i5-11400-16gb-500gb-rtx-3060-12gb\/\",\"name\":\"PC Gamer I5-11400\/16GB\/500GB\/RTX 3060 12GB - Osaka\",\"isPartOf\":{\"@id\":\"https:\/\/osaka.ma\/#website\"},\"primaryImageOfPage\":{\"@id\":\"https:\/\/osaka.ma\/product\/pc-gamer-i5-11400-16gb-500gb-rtx-3060-12gb\/#primaryimage\"},\"image\":{\"@id\":\"https:\/\/osaka.ma\/product\/pc-gamer-i5-11400-16gb-500gb-rtx-3060-12gb\/#primaryimage\"},\"thumbnailUrl\":\"https:\/\/osaka.ma\/wp-content\/uploads\/2024\/06\/pdt2_6_8_3_1_700x700_gam4712960134683_rw_boitier-moyen-tour-atx-gamdias-argus-m2-rgb-avec-p.jpg\",\"datePublished\":\"2024-06-21T10:12:21+00:00\",\"dateModified\":\"2024-12-18T15:36:11+00:00\",\"breadcrumb\":{\"@id\":\"https:\/\/osaka.ma\/product\/pc-gamer-i5-11400-16gb-500gb-rtx-3060-12gb\/#breadcrumb\"},\"inLanguage\":\"de-DE\",\"potentialAction\":[{\"@type\":\"ReadAction\",\"target\":[\"https:\/\/osaka.ma\/product\/pc-gamer-i5-11400-16gb-500gb-rtx-3060-12gb\/\"]}]},{\"@type\":\"ImageObject\",\"inLanguage\":\"de-DE\",\"@id\":\"https:\/\/osaka.ma\/product\/pc-gamer-i5-11400-16gb-500gb-rtx-3060-12gb\/#primaryimage\",\"url\":\"https:\/\/osaka.ma\/wp-content\/uploads\/2024\/06\/pdt2_6_8_3_1_700x700_gam4712960134683_rw_boitier-moyen-tour-atx-gamdias-argus-m2-rgb-avec-p.jpg\",\"contentUrl\":\"https:\/\/osaka.ma\/wp-content\/uploads\/2024\/06\/pdt2_6_8_3_1_700x700_gam4712960134683_rw_boitier-moyen-tour-atx-gamdias-argus-m2-rgb-avec-p.jpg\",\"width\":700,\"height\":700},{\"@type\":\"BreadcrumbList\",\"@id\":\"https:\/\/osaka.ma\/product\/pc-gamer-i5-11400-16gb-500gb-rtx-3060-12gb\/#breadcrumb\",\"itemListElement\":[{\"@type\":\"ListItem\",\"position\":1,\"name\":\"Home\",\"item\":\"https:\/\/osaka.ma\/\"},{\"@type\":\"ListItem\",\"position\":2,\"name\":\"Shop\",\"item\":\"https:\/\/osaka.ma\/shop-2\/\"},{\"@type\":\"ListItem\",\"position\":3,\"name\":\"PC Gamer I5-11400\/16GB\/500GB\/RTX 3060 12GB\"}]},{\"@type\":\"WebSite\",\"@id\":\"https:\/\/osaka.ma\/#website\",\"url\":\"https:\/\/osaka.ma\/\",\"name\":\"Osaka\",\"description\":\"\",\"publisher\":{\"@id\":\"https:\/\/osaka.ma\/#organization\"},\"potentialAction\":[{\"@type\":\"SearchAction\",\"target\":{\"@type\":\"EntryPoint\",\"urlTemplate\":\"https:\/\/osaka.ma\/?s={search_term_string}\"},\"query-input\":{\"@type\":\"PropertyValueSpecification\",\"valueRequired\":true,\"valueName\":\"search_term_string\"}}],\"inLanguage\":\"de-DE\"},{\"@type\":\"Organization\",\"@id\":\"https:\/\/osaka.ma\/#organization\",\"name\":\"Osaka\",\"url\":\"https:\/\/osaka.ma\/\",\"logo\":{\"@type\":\"ImageObject\",\"inLanguage\":\"de-DE\",\"@id\":\"https:\/\/osaka.ma\/#\/schema\/logo\/image\/\",\"url\":\"https:\/\/osaka.ma\/wp-content\/uploads\/2026\/01\/model-slogan-logo-2Plan-de-travail-1dksl-plus-finnn.png\",\"contentUrl\":\"https:\/\/osaka.ma\/wp-content\/uploads\/2026\/01\/model-slogan-logo-2Plan-de-travail-1dksl-plus-finnn.png\",\"width\":842,\"height\":226,\"caption\":\"Osaka\"},\"image\":{\"@id\":\"https:\/\/osaka.ma\/#\/schema\/logo\/image\/\"}}]}<\/script>\n<!-- \/ Yoast SEO plugin. -->","yoast_head_json":{"title":"PC Gamer I5-11400\/16GB\/500GB\/RTX 3060 12GB - Osaka","robots":{"index":"index","follow":"follow","max-snippet":"max-snippet:-1","max-image-preview":"max-image-preview:large","max-video-preview":"max-video-preview:-1"},"canonical":"https:\/\/osaka.ma\/product\/pc-gamer-i5-11400-16gb-500gb-rtx-3060-12gb\/","og_locale":"de_DE","og_type":"article","og_title":"PC Gamer I5-11400\/16GB\/500GB\/RTX 3060 12GB - Osaka","og_url":"https:\/\/osaka.ma\/product\/pc-gamer-i5-11400-16gb-500gb-rtx-3060-12gb\/","og_site_name":"Osaka","article_modified_time":"2024-12-18T15:36:11+00:00","og_image":[{"width":700,"height":700,"url":"https:\/\/osaka.ma\/wp-content\/uploads\/2024\/06\/pdt2_6_8_3_1_700x700_gam4712960134683_rw_boitier-moyen-tour-atx-gamdias-argus-m2-rgb-avec-p.jpg","type":"image\/jpeg"}],"twitter_card":"summary_large_image","twitter_misc":{"Est. reading time":"7 minutes"},"schema":{"@context":"https:\/\/schema.org","@graph":[{"@type":"WebPage","@id":"https:\/\/osaka.ma\/product\/pc-gamer-i5-11400-16gb-500gb-rtx-3060-12gb\/","url":"https:\/\/osaka.ma\/product\/pc-gamer-i5-11400-16gb-500gb-rtx-3060-12gb\/","name":"PC Gamer I5-11400\/16GB\/500GB\/RTX 3060 12GB - Osaka","isPartOf":{"@id":"https:\/\/osaka.ma\/#website"},"primaryImageOfPage":{"@id":"https:\/\/osaka.ma\/product\/pc-gamer-i5-11400-16gb-500gb-rtx-3060-12gb\/#primaryimage"},"image":{"@id":"https:\/\/osaka.ma\/product\/pc-gamer-i5-11400-16gb-500gb-rtx-3060-12gb\/#primaryimage"},"thumbnailUrl":"https:\/\/osaka.ma\/wp-content\/uploads\/2024\/06\/pdt2_6_8_3_1_700x700_gam4712960134683_rw_boitier-moyen-tour-atx-gamdias-argus-m2-rgb-avec-p.jpg","datePublished":"2024-06-21T10:12:21+00:00","dateModified":"2024-12-18T15:36:11+00:00","breadcrumb":{"@id":"https:\/\/osaka.ma\/product\/pc-gamer-i5-11400-16gb-500gb-rtx-3060-12gb\/#breadcrumb"},"inLanguage":"de-DE","potentialAction":[{"@type":"ReadAction","target":["https:\/\/osaka.ma\/product\/pc-gamer-i5-11400-16gb-500gb-rtx-3060-12gb\/"]}]},{"@type":"ImageObject","inLanguage":"de-DE","@id":"https:\/\/osaka.ma\/product\/pc-gamer-i5-11400-16gb-500gb-rtx-3060-12gb\/#primaryimage","url":"https:\/\/osaka.ma\/wp-content\/uploads\/2024\/06\/pdt2_6_8_3_1_700x700_gam4712960134683_rw_boitier-moyen-tour-atx-gamdias-argus-m2-rgb-avec-p.jpg","contentUrl":"https:\/\/osaka.ma\/wp-content\/uploads\/2024\/06\/pdt2_6_8_3_1_700x700_gam4712960134683_rw_boitier-moyen-tour-atx-gamdias-argus-m2-rgb-avec-p.jpg","width":700,"height":700},{"@type":"BreadcrumbList","@id":"https:\/\/osaka.ma\/product\/pc-gamer-i5-11400-16gb-500gb-rtx-3060-12gb\/#breadcrumb","itemListElement":[{"@type":"ListItem","position":1,"name":"Home","item":"https:\/\/osaka.ma\/"},{"@type":"ListItem","position":2,"name":"Shop","item":"https:\/\/osaka.ma\/shop-2\/"},{"@type":"ListItem","position":3,"name":"PC Gamer I5-11400\/16GB\/500GB\/RTX 3060 12GB"}]},{"@type":"WebSite","@id":"https:\/\/osaka.ma\/#website","url":"https:\/\/osaka.ma\/","name":"Osaka","description":"","publisher":{"@id":"https:\/\/osaka.ma\/#organization"},"potentialAction":[{"@type":"SearchAction","target":{"@type":"EntryPoint","urlTemplate":"https:\/\/osaka.ma\/?s={search_term_string}"},"query-input":{"@type":"PropertyValueSpecification","valueRequired":true,"valueName":"search_term_string"}}],"inLanguage":"de-DE"},{"@type":"Organization","@id":"https:\/\/osaka.ma\/#organization","name":"Osaka","url":"https:\/\/osaka.ma\/","logo":{"@type":"ImageObject","inLanguage":"de-DE","@id":"https:\/\/osaka.ma\/#\/schema\/logo\/image\/","url":"https:\/\/osaka.ma\/wp-content\/uploads\/2026\/01\/model-slogan-logo-2Plan-de-travail-1dksl-plus-finnn.png","contentUrl":"https:\/\/osaka.ma\/wp-content\/uploads\/2026\/01\/model-slogan-logo-2Plan-de-travail-1dksl-plus-finnn.png","width":842,"height":226,"caption":"Osaka"},"image":{"@id":"https:\/\/osaka.ma\/#\/schema\/logo\/image\/"}}]}},"jetpack_sharing_enabled":true,"brands":[],"_links":{"self":[{"href":"https:\/\/osaka.ma\/de\/wp-json\/wp\/v2\/product\/9392","targetHints":{"allow":["GET"]}}],"collection":[{"href":"https:\/\/osaka.ma\/de\/wp-json\/wp\/v2\/product"}],"about":[{"href":"https:\/\/osaka.ma\/de\/wp-json\/wp\/v2\/types\/product"}],"version-history":[{"count":0,"href":"https:\/\/osaka.ma\/de\/wp-json\/wp\/v2\/product\/9392\/revisions"}],"wp:featuredmedia":[{"embeddable":true,"href":"https:\/\/osaka.ma\/de\/wp-json\/wp\/v2\/media\/1009381"}],"wp:attachment":[{"href":"https:\/\/osaka.ma\/de\/wp-json\/wp\/v2\/media?parent=9392"}],"wp:term":[{"taxonomy":"pwb-brand","embeddable":true,"href":"https:\/\/osaka.ma\/de\/wp-json\/wp\/v2\/pwb-brand?post=9392"},{"taxonomy":"product_brand","embeddable":true,"href":"https:\/\/osaka.ma\/de\/wp-json\/wp\/v2\/product_brand?post=9392"},{"taxonomy":"product_cat","embeddable":true,"href":"https:\/\/osaka.ma\/de\/wp-json\/wp\/v2\/product_cat?post=9392"},{"taxonomy":"product_tag","embeddable":true,"href":"https:\/\/osaka.ma\/de\/wp-json\/wp\/v2\/product_tag?post=9392"},{"taxonomy":"pcb_component_type","embeddable":true,"href":"https:\/\/osaka.ma\/de\/wp-json\/wp\/v2\/pcb_component_type?post=9392"}],"curies":[{"name":"wp","href":"https:\/\/api.w.org\/{rel}","templated":true}]}}