{"id":10085,"date":"2024-08-07T12:47:14","date_gmt":"2024-08-07T12:47:14","guid":{"rendered":"https:\/\/osaka.ma\/?post_type=product&#038;p=10085"},"modified":"2025-08-11T18:55:56","modified_gmt":"2025-08-11T17:55:56","slug":"pc-gamer-ryzen-5-3600-16gb-500gb-ssd-rtx-3050-6gb","status":"publish","type":"product","link":"https:\/\/osaka.ma\/es\/product\/pc-gamer-ryzen-5-3600-16gb-500gb-ssd-rtx-3050-6gb\/","title":{"rendered":"PC Gamer Ryzen 5-3600\/ 16GB\/ 500GB SSD\/ RTX 3050 6GB"},"content":{"rendered":"<h2>Caract\u00e9ristiques principales :<\/h2>\n<ul>\n<li>Processeur<a href=\"https:\/\/osaka.ma\/produit\/amd-ryzen-5-3600-3-6-ghz-4-2-ghz-avec-ventilateur\/\"><b> Ryzen 5-3600 <\/b><\/a>6 Cores jusqu&#8217;\u00e0 4.2 GHz max, 12 Threads et 35 MB de cache L3 Socket AM4<\/li>\n<li>Carte m\u00e8re<a href=\"https:\/\/osaka.ma\/produit\/msi-a520m-a-pro\/\"><strong> MSI A520M A-PRO DDR4<\/strong><\/a><\/li>\n<li>Ram\u00a0<a href=\"https:\/\/osaka.ma\/produit\/16gb8x2-gigastone-ddr4-3200mhz\/\"><strong>16GB ( 2 X 8GB) GIGASTONE DDR4 3200MHz<\/strong><\/a><\/li>\n<li>Carte graphique<a href=\"https:\/\/osaka.ma\/produit\/msi-geforce-rtx-3050-ventus-2x-6g-oc\/\"><strong> MSI VENTUS 2x RTX 3050 6GB<\/strong><\/a><\/li>\n<li>Bo\u00eetier<a href=\"https:\/\/osaka.ma\/produit\/msi-mag-force-m1000a\/\"><strong> MSI M100A RGB <\/strong><\/a>\u00a0(4 FANS INCLUS )<\/li>\n<li>SSD\u00a0<a href=\"https:\/\/osaka.ma\/produit\/500gb-ssd-samsung-970-evo-plus-nvme\/\"><strong>500GB SAMSUNG EVO 970 PLUS<\/strong><\/a>\u00a03500MB\/s<\/li>\n<li>Ventirad\u00a0<b>AMD Wraith Stealth<\/b><\/li>\n<li>Alimentation <a href=\"https:\/\/osaka.ma\/produit\/cooler-master-mwe-v2-450w-bronze\/\"><strong>Cooler Master MWE V2 450W 80+ Bronze<\/strong><\/a><\/li>\n<li><strong>Win11 \/ Bien assembl\u00e9<\/strong><\/li>\n<\/ul>\n<div class=\"logo\"><img decoding=\"async\" class=\"aligncenter\" src=\"https:\/\/media.ldlc.com\/v3\/marque\/bo\/00\/01\/69\/31\/V30001693127_2.gif\" alt=\"AMD\" \/><\/div>\n<div id=\"description\" class=\"description\">\n<div class=\"details-pdt-desc\">\n<h2><\/h2>\n<h2 class=\"h2-master\">Performances sans compromis pour tous<\/h2>\n<section>Le processeur\u00a0<strong>AMD Ryzen 5 3600 (3.6 GHz \/ 4.2 GHz)<\/strong>\u00a0fait partie des premiers processeurs pour PC grav\u00e9s en\u00a0<strong>7 nm et compatibles avec l\u2019interface PCIe 4.0<\/strong>. La\u00a0<strong>troisi\u00e8me g\u00e9n\u00e9ration Ryzen,<\/strong>\u00a0au nom de code Matisse, impressionne par ses\u00a0<strong>6 coeurs et 12 threads<\/strong>, une fr\u00e9quence de base de 3.6 GHz pouvant grimper\u00a0<strong>jusqu\u2019\u00e0 4.2 GHz<\/strong>\u00a0et\u00a0<strong>32 MB de cache L3\u00a0<\/strong>et seulement\u00a0<strong>65W\u00a0<\/strong>de TDP !Le\u00a0<strong>Ryzen 5 3600 propos\u00e9 par AMD<\/strong>\u00a0permet de (re)d\u00e9couvrir les performances haut de gamme pour le gaming, la cr\u00e9ation de contenu et le multit\u00e2che intensif. Avec ses 12 threads et un\u00a0<strong>GameCache de 35 MB<\/strong>, soit le double du cache propos\u00e9 par les Ryzen 5 de deuxi\u00e8me g\u00e9n\u00e9ration, il permet de TOUT faire encore plus vite et de mani\u00e8re plus fluide.<\/section>\n<section>\n<div class=\"desc-image\"><img decoding=\"async\" src=\"https:\/\/media.ldlc.com\/bo\/images\/fiches\/processeur\/amd\/amd_ryzen_3000\/800_1.jpg\" alt=\"\" \/><\/div>\n<div class=\"desc-text\">\n<h2>Microarchitecture Zen 2<\/h2>\n<p>Les coeurs Zen 2\u00a0sont con\u00e7us pour une utilisation efficace des ressources disponibles\u00a0afin d\u2019optimiser les performances de calcul. Par rapport \u00e0 l\u2019architecture pr\u00e9c\u00e9dente, les capacit\u00e9s de virgule flottante 2X et des instructions par cycle jusqu\u2019\u00e0 15% plus \u00e9lev\u00e9es permettent aux performances d\u2019atteindre de nouveaux seuils. Zen 2 allie performance\u00a0pour les applications de nouvelle g\u00e9n\u00e9ration\u00a0et efficacit\u00e9 \u00e9nerg\u00e9tique optimale.<\/p>\n<\/div>\n<\/section>\n<section>\n<div class=\"desc-text\">\n<h2>6\u00a0c\u0153urs natifs\u00a0et 12 coeurs logiques<\/h2>\n<p>Le\u00a0<strong>processeur pour PC de bureau\u00a0AMD Ryzen 5 3600\u00a0<\/strong>propose\u00a0<strong>6 coeurs natifs<\/strong>\u00a0et\u00a0<strong>12 coeurs logiques<\/strong>\u00a0pour un traitement multit\u00e2che agr\u00e9ablement fluide. Gr\u00e2ce \u00e0 sa\u00a0<strong>fr\u00e9quence native \u00e9lev\u00e9e<\/strong>\u00a0et \u00e0 son mode\u00a0<strong><em>Turbo Core<\/em><\/strong>\u00a0ajustant la puissance en fonction des besoins, le\u00a0<strong>CPU AMD Ryzen de troisi\u00e8me g\u00e9n\u00e9ration<\/strong>\u00a0d\u00e9livre des performances exceptionnelles dans tous les domaines : Jeux vid\u00e9o, multit\u00e2che intensif, \u00e9dition vid\u00e9o, mod\u00e9lisation 3D et bien plus encore. Le\u00a0<strong>cache L3 de 32 Mo<\/strong>\u00a0permet en outre le traitement ultrarapide d\u2019un grand nombre d\u2019instructions gr\u00e2ce \u00e0 des latences r\u00e9duites.<\/p>\n<\/div>\n<div><\/div>\n<div class=\"logo\"><img decoding=\"async\" src=\"https:\/\/media.ldlc.com\/v3\/marque\/bo\/00\/05\/99\/39\/V30005993997.gif\" alt=\"MSI\" \/><\/div>\n<p>&nbsp;<\/p>\n<div id=\"description\" class=\"description\">\n<div class=\"details-pdt-desc\">\n<h2 class=\"h2-master\">La meilleure fa\u00e7on de jouer, au meilleur prix<\/h2>\n<section>Des graphismes sublim\u00e9s, une fluidit\u00e9 remarquable et un r\u00e9alisme incroyable vous permettront de profiter au mieux des jeux PC en Full HD. Il ne vous reste plus qu\u2019\u00e0 plonger au coeur de l\u2019action et \u00e0 vous immerger totalement dans la partie. La\u00a0<strong>carte graphique MSI GeForce RTX 3050 VENTUS 2X 6G OC<\/strong>\u00a0embarque\u00a0<strong>6 Go de m\u00e9moire vid\u00e9o<\/strong>\u00a0de nouvelle g\u00e9n\u00e9ration\u00a0<strong>GDDR6<\/strong>. Faites tourner en toute fluidit\u00e9 les jeux les plus r\u00e9cents gr\u00e2ce \u00e0 ses c\u0153urs\u00a0RT de deuxi\u00e8me g\u00e9n\u00e9ration, ses c\u0153urs Tensor de troisi\u00e8me g\u00e9n\u00e9ration, de nouveaux multiprocesseurs de flux et une m\u00e9moire GDDR6 ultra-rapide.<\/section>\n<section>\n<div class=\"desc-image\"><img decoding=\"async\" src=\"https:\/\/media.ldlc.com\/bo\/images\/fiches\/carte_graphique\/rtx\/nvidia_geforce_rtx_on_002.jpg\" alt=\"\" \/><\/div>\n<div class=\"desc-text\">\n<h2>ARCHITECTURE AMP\u00c8RE<\/h2>\n<p>Gr\u00e2ce aux am\u00e9liorations apport\u00e9es par la nouvelle architecture Amp\u00e8re, les cartes graphiques NVIDIA RTX de 2nd g\u00e9n\u00e9ration sont encore plus performantes que les cartes graphiques des g\u00e9n\u00e9rations pr\u00e9c\u00e9dentes. Les jeux vid\u00e9o PC sont plus beaux, plus immersifs et plus fluides que jamais. Les coeurs RT de 2nd g\u00e9n\u00e9ration offrent un rendement 2 fois sup\u00e9rieur \u00e0 celui des cartes de la g\u00e9n\u00e9ration pr\u00e9c\u00e9dente. Les coeurs Tensor de 3\u00e8me g\u00e9n\u00e9ration d\u00e9livrent jusqu\u2019\u00e0 2 fois plus de rendement et les nouveaux multiprocesseurs de flux un rendement FP32 multipli\u00e9 par 2 !<\/p>\n<\/div>\n<\/section>\n<section>\n<div class=\"desc-text\">\n<h2>FR\u00c9QUENCE D\u2019IMAGES MAXIMALE<\/h2>\n<p>Bas\u00e9 sur les capacit\u00e9s ph\u00e9nom\u00e9nales de l\u2019IA, le super-\u00e9chantillonnage par Deep Learning (DLSS) de NVIDIA est une technologie de rendu r\u00e9volutionnaire qui vous offre un tout nouveau niveau de fid\u00e9lit\u00e9 visuelle gr\u00e2ce aux processeurs Tensor Core d\u00e9di\u00e9s \u00e0 l\u2019IA des GPU GeForce RTX. Le DLSS met \u00e0 profit toute la puissance d\u2019un r\u00e9seau optimis\u00e9 de neurones profonds pour acc\u00e9l\u00e9rer les fr\u00e9quences d\u2019images tout en g\u00e9n\u00e9rant des visuels \u00e9poustouflants d\u2019une nettet\u00e9 incomparable. Ce gain de performance significatif permet aux joueurs du monde entier de maximiser les param\u00e8tres du ray tracing et d\u2019augmenter les r\u00e9solutions de sortie.<\/p>\n<\/div>\n<div class=\"logo\"><img decoding=\"async\" class=\"aligncenter\" src=\"https:\/\/media.ldlc.com\/v3\/marque\/bo\/00\/06\/07\/33\/V30006073318.jpg\" alt=\"Samsung\" \/><\/div>\n<div><\/div>\n<div><\/div>\n<div id=\"description\" class=\"description\">\n<div class=\"details-pdt-desc\">\n<h2 class=\"h2-master\">SSD 970 EVO PLUS : Endurance et performances stratosph\u00e9riques<\/h2>\n<section>Le<strong>\u00a0disque SSD 970 EVO Plus 500GB\u00a0<\/strong>de\u00a0<strong>Samsung<\/strong>\u00a0permet de m\u00e9tamorphoser les performances et la r\u00e9activit\u00e9 de votre machine. B\u00e9n\u00e9ficant de vitesses revues \u00e0 la hausse et d\u2019une endurance tr\u00e8s \u00e9lev\u00e9e\u00a0 par rapport aux SSD de g\u00e9n\u00e9rations pr\u00e9c\u00e9dentes, le Samsung 970 EVO Plus au format M.2 2280 s\u2019appuie sur l\u2019interface PCI-E 3.0 x4 ainsi que sur la technologie NVMe 1.3. Il est par ailleurs muni d\u2019une m\u00e9moire TLC, d\u2019un contr\u00f4leur Samsung Phoenix et de 1 Go de m\u00e9moire cache LPDDR4.Le Samsung 970 EVO Plus M.2 PCIe 3.0 4x NVMe 1.3 dans sa version 1 To transporte votre PC dans un autre niveau de performances gr\u00e2ce \u00e0 ses vitesses pouvant atteindre 3.5 GB\/s en lecture et 3.3 GB\/s en \u00e9criture. Le nombre d\u2019op\u00e9rations par secondes atteint un niveau impressionnant de 600 000 IOPS en lecture et 550 000 IOPS en \u00e9criture (4KB, QD32), de quoi lancer vos applications sans latence.\u00a0<\/section>\n<section>\n<div class=\"desc-image\"><img decoding=\"async\" src=\"https:\/\/media.ldlc.com\/bo\/images\/fiches\/disque_dur_ssd\/samsung\/970_evo_plus\/ssd970evo_800_1.jpg\" alt=\"\" \/><\/div>\n<div><\/div>\n<div class=\"desc-text\">\n<h2>D\u00e9passez les limites<\/h2>\n<p>Avec la gamme 970 EVO Plus vous assemblez une configuration pour des performances ultimes le tout avec un disque au format M.2 type 2280. Gr\u00e2ce aux optimisations du firmware et la technologie Intelligent TurboWrite, il propose des vitesses jusqu\u2019\u00e0 3500 MB\/s en lecture et 3300 MB\/s en \u00e9criture soit 53% de rapidit\u00e9 en plus suivant les mod\u00e8les.<\/p>\n<\/div>\n<\/section>\n<section>\n<div class=\"desc-text\">\n<h2>Passez un nouveau cap<\/h2>\n<p>La gamme 970 EVO Plus se dote d\u2019une interface PCIe 3.0 x4 NVMe 1.3 et propose de la V-NAND 3-bit maison et un contr\u00f4leur Phoenix am\u00e9lior\u00e9. Le disque peut atteindre des vitesses jusqu\u2019\u00e0 3 500 MB\/s de lecture et jusqu\u2019\u00e0 3300 MB\/s d\u2019\u00e9criture sans faille (suivant les mod\u00e8les) pour des temps de lancement raccourcis et des transferts toujours plus rapides.<\/p>\n<\/div>\n<\/section>\n<\/div>\n<\/div>\n<\/section>\n<\/div>\n<\/div>\n<\/section>\n<\/div>\n<\/div>\n","protected":false},"excerpt":{"rendered":"<h4>Caract\u00e9ristiques principales :<\/h4>\n<ul>\n<li>Processeur<b> Ryzen 5-3600<\/b> ( 3.6 GHz <b>\/ <\/b>4.2 GHz )<\/li>\n<li>Carte m\u00e8re<strong> MSI A520M A-PRO DDR4<\/strong><\/li>\n<li>Ram\u00a0<strong>16GB GIGASTONE DDR4 3200MHz<\/strong><\/li>\n<li>Carte graphique<strong> MSI VENTUS 2x RTX 3050 6GB<\/strong><\/li>\n<li>Bo\u00eetier<strong> MSI M100A RGB<\/strong><\/li>\n<li>SSD\u00a0<strong>500GB SAMSUNG EVO 970 PLUS<\/strong><\/li>\n<li>Ventirad\u00a0<b>AMD Wraith Stealth<\/b><\/li>\n<li>Alimentation <strong>Cooler Master MWE v2 450W 80+ Bronze<\/strong><\/li>\n<li><strong>Win11 \/ Bien assembl\u00e9<\/strong><\/li>\n<\/ul>\n<div class=\"logo\"><\/div>\n","protected":false},"featured_media":1011726,"template":"","meta":{"_acf_changed":false},"pwb-brand":[],"product_brand":[],"product_cat":[54,53],"product_tag":[],"pcb_component_type":[],"class_list":{"0":"post-10085","1":"product","2":"type-product","3":"status-publish","4":"has-post-thumbnail","6":"product_cat-amd-ryzen","7":"product_cat-pc-gamer","9":"first","10":"outofstock","11":"shipping-taxable","12":"purchasable","13":"product-type-simple"},"translation":{"provider":"WPGlobus","version":"3.0.2","language":"es","enabled_languages":["en","es","de","fr","ru"],"languages":{"en":{"title":true,"content":true,"excerpt":true},"es":{"title":false,"content":false,"excerpt":false},"de":{"title":false,"content":false,"excerpt":false},"fr":{"title":false,"content":false,"excerpt":false},"ru":{"title":false,"content":false,"excerpt":false}}},"acf":[],"yoast_head":"<!-- This site is optimized with the Yoast SEO plugin v27.2 - https:\/\/yoast.com\/product\/yoast-seo-wordpress\/ -->\n<title>PC Gamer Ryzen 5-3600\/ 16GB\/ 500GB SSD\/ RTX 3050 6GB - Osaka<\/title>\n<meta name=\"robots\" content=\"index, follow, max-snippet:-1, max-image-preview:large, max-video-preview:-1\" \/>\n<link rel=\"canonical\" href=\"https:\/\/osaka.ma\/product\/pc-gamer-ryzen-5-3600-16gb-500gb-ssd-rtx-3050-6gb\/\" \/>\n<meta property=\"og:locale\" content=\"es_ES\" \/>\n<meta property=\"og:type\" content=\"article\" \/>\n<meta property=\"og:title\" content=\"PC Gamer Ryzen 5-3600\/ 16GB\/ 500GB SSD\/ RTX 3050 6GB - Osaka\" \/>\n<meta property=\"og:url\" content=\"https:\/\/osaka.ma\/product\/pc-gamer-ryzen-5-3600-16gb-500gb-ssd-rtx-3050-6gb\/\" \/>\n<meta property=\"og:site_name\" content=\"Osaka\" \/>\n<meta property=\"article:modified_time\" content=\"2025-08-11T17:55:56+00:00\" \/>\n<meta property=\"og:image\" content=\"https:\/\/osaka.ma\/wp-content\/uploads\/2024\/07\/MSI-M100A.webp\" \/>\n\t<meta property=\"og:image:width\" content=\"1176\" \/>\n\t<meta property=\"og:image:height\" content=\"940\" \/>\n\t<meta property=\"og:image:type\" content=\"image\/webp\" \/>\n<meta name=\"twitter:card\" content=\"summary_large_image\" \/>\n<meta name=\"twitter:label1\" content=\"Est. reading time\" \/>\n\t<meta name=\"twitter:data1\" content=\"6 minutes\" \/>\n<script type=\"application\/ld+json\" class=\"yoast-schema-graph\">{\"@context\":\"https:\/\/schema.org\",\"@graph\":[{\"@type\":\"WebPage\",\"@id\":\"https:\/\/osaka.ma\/product\/pc-gamer-ryzen-5-3600-16gb-500gb-ssd-rtx-3050-6gb\/\",\"url\":\"https:\/\/osaka.ma\/product\/pc-gamer-ryzen-5-3600-16gb-500gb-ssd-rtx-3050-6gb\/\",\"name\":\"PC Gamer Ryzen 5-3600\/ 16GB\/ 500GB SSD\/ RTX 3050 6GB - Osaka\",\"isPartOf\":{\"@id\":\"https:\/\/osaka.ma\/#website\"},\"primaryImageOfPage\":{\"@id\":\"https:\/\/osaka.ma\/product\/pc-gamer-ryzen-5-3600-16gb-500gb-ssd-rtx-3050-6gb\/#primaryimage\"},\"image\":{\"@id\":\"https:\/\/osaka.ma\/product\/pc-gamer-ryzen-5-3600-16gb-500gb-ssd-rtx-3050-6gb\/#primaryimage\"},\"thumbnailUrl\":\"https:\/\/osaka.ma\/wp-content\/uploads\/2024\/07\/MSI-M100A.webp\",\"datePublished\":\"2024-08-07T12:47:14+00:00\",\"dateModified\":\"2025-08-11T17:55:56+00:00\",\"breadcrumb\":{\"@id\":\"https:\/\/osaka.ma\/product\/pc-gamer-ryzen-5-3600-16gb-500gb-ssd-rtx-3050-6gb\/#breadcrumb\"},\"inLanguage\":\"es-ES\",\"potentialAction\":[{\"@type\":\"ReadAction\",\"target\":[\"https:\/\/osaka.ma\/product\/pc-gamer-ryzen-5-3600-16gb-500gb-ssd-rtx-3050-6gb\/\"]}]},{\"@type\":\"ImageObject\",\"inLanguage\":\"es-ES\",\"@id\":\"https:\/\/osaka.ma\/product\/pc-gamer-ryzen-5-3600-16gb-500gb-ssd-rtx-3050-6gb\/#primaryimage\",\"url\":\"https:\/\/osaka.ma\/wp-content\/uploads\/2024\/07\/MSI-M100A.webp\",\"contentUrl\":\"https:\/\/osaka.ma\/wp-content\/uploads\/2024\/07\/MSI-M100A.webp\",\"width\":1176,\"height\":940},{\"@type\":\"BreadcrumbList\",\"@id\":\"https:\/\/osaka.ma\/product\/pc-gamer-ryzen-5-3600-16gb-500gb-ssd-rtx-3050-6gb\/#breadcrumb\",\"itemListElement\":[{\"@type\":\"ListItem\",\"position\":1,\"name\":\"Home\",\"item\":\"https:\/\/osaka.ma\/\"},{\"@type\":\"ListItem\",\"position\":2,\"name\":\"Shop\",\"item\":\"https:\/\/osaka.ma\/shop-2\/\"},{\"@type\":\"ListItem\",\"position\":3,\"name\":\"PC Gamer Ryzen 5-3600\/ 16GB\/ 500GB SSD\/ RTX 3050 6GB\"}]},{\"@type\":\"WebSite\",\"@id\":\"https:\/\/osaka.ma\/#website\",\"url\":\"https:\/\/osaka.ma\/\",\"name\":\"Osaka\",\"description\":\"\",\"publisher\":{\"@id\":\"https:\/\/osaka.ma\/#organization\"},\"potentialAction\":[{\"@type\":\"SearchAction\",\"target\":{\"@type\":\"EntryPoint\",\"urlTemplate\":\"https:\/\/osaka.ma\/?s={search_term_string}\"},\"query-input\":{\"@type\":\"PropertyValueSpecification\",\"valueRequired\":true,\"valueName\":\"search_term_string\"}}],\"inLanguage\":\"es-ES\"},{\"@type\":\"Organization\",\"@id\":\"https:\/\/osaka.ma\/#organization\",\"name\":\"Osaka\",\"url\":\"https:\/\/osaka.ma\/\",\"logo\":{\"@type\":\"ImageObject\",\"inLanguage\":\"es-ES\",\"@id\":\"https:\/\/osaka.ma\/#\/schema\/logo\/image\/\",\"url\":\"https:\/\/osaka.ma\/wp-content\/uploads\/2026\/01\/model-slogan-logo-2Plan-de-travail-1dksl-plus-finnn.png\",\"contentUrl\":\"https:\/\/osaka.ma\/wp-content\/uploads\/2026\/01\/model-slogan-logo-2Plan-de-travail-1dksl-plus-finnn.png\",\"width\":842,\"height\":226,\"caption\":\"Osaka\"},\"image\":{\"@id\":\"https:\/\/osaka.ma\/#\/schema\/logo\/image\/\"}}]}<\/script>\n<!-- \/ Yoast SEO plugin. -->","yoast_head_json":{"title":"PC Gamer Ryzen 5-3600\/ 16GB\/ 500GB SSD\/ RTX 3050 6GB - Osaka","robots":{"index":"index","follow":"follow","max-snippet":"max-snippet:-1","max-image-preview":"max-image-preview:large","max-video-preview":"max-video-preview:-1"},"canonical":"https:\/\/osaka.ma\/product\/pc-gamer-ryzen-5-3600-16gb-500gb-ssd-rtx-3050-6gb\/","og_locale":"es_ES","og_type":"article","og_title":"PC Gamer Ryzen 5-3600\/ 16GB\/ 500GB SSD\/ RTX 3050 6GB - Osaka","og_url":"https:\/\/osaka.ma\/product\/pc-gamer-ryzen-5-3600-16gb-500gb-ssd-rtx-3050-6gb\/","og_site_name":"Osaka","article_modified_time":"2025-08-11T17:55:56+00:00","og_image":[{"width":1176,"height":940,"url":"https:\/\/osaka.ma\/wp-content\/uploads\/2024\/07\/MSI-M100A.webp","type":"image\/webp"}],"twitter_card":"summary_large_image","twitter_misc":{"Est. reading time":"6 minutes"},"schema":{"@context":"https:\/\/schema.org","@graph":[{"@type":"WebPage","@id":"https:\/\/osaka.ma\/product\/pc-gamer-ryzen-5-3600-16gb-500gb-ssd-rtx-3050-6gb\/","url":"https:\/\/osaka.ma\/product\/pc-gamer-ryzen-5-3600-16gb-500gb-ssd-rtx-3050-6gb\/","name":"PC Gamer Ryzen 5-3600\/ 16GB\/ 500GB SSD\/ RTX 3050 6GB - Osaka","isPartOf":{"@id":"https:\/\/osaka.ma\/#website"},"primaryImageOfPage":{"@id":"https:\/\/osaka.ma\/product\/pc-gamer-ryzen-5-3600-16gb-500gb-ssd-rtx-3050-6gb\/#primaryimage"},"image":{"@id":"https:\/\/osaka.ma\/product\/pc-gamer-ryzen-5-3600-16gb-500gb-ssd-rtx-3050-6gb\/#primaryimage"},"thumbnailUrl":"https:\/\/osaka.ma\/wp-content\/uploads\/2024\/07\/MSI-M100A.webp","datePublished":"2024-08-07T12:47:14+00:00","dateModified":"2025-08-11T17:55:56+00:00","breadcrumb":{"@id":"https:\/\/osaka.ma\/product\/pc-gamer-ryzen-5-3600-16gb-500gb-ssd-rtx-3050-6gb\/#breadcrumb"},"inLanguage":"es-ES","potentialAction":[{"@type":"ReadAction","target":["https:\/\/osaka.ma\/product\/pc-gamer-ryzen-5-3600-16gb-500gb-ssd-rtx-3050-6gb\/"]}]},{"@type":"ImageObject","inLanguage":"es-ES","@id":"https:\/\/osaka.ma\/product\/pc-gamer-ryzen-5-3600-16gb-500gb-ssd-rtx-3050-6gb\/#primaryimage","url":"https:\/\/osaka.ma\/wp-content\/uploads\/2024\/07\/MSI-M100A.webp","contentUrl":"https:\/\/osaka.ma\/wp-content\/uploads\/2024\/07\/MSI-M100A.webp","width":1176,"height":940},{"@type":"BreadcrumbList","@id":"https:\/\/osaka.ma\/product\/pc-gamer-ryzen-5-3600-16gb-500gb-ssd-rtx-3050-6gb\/#breadcrumb","itemListElement":[{"@type":"ListItem","position":1,"name":"Home","item":"https:\/\/osaka.ma\/"},{"@type":"ListItem","position":2,"name":"Shop","item":"https:\/\/osaka.ma\/shop-2\/"},{"@type":"ListItem","position":3,"name":"PC Gamer Ryzen 5-3600\/ 16GB\/ 500GB SSD\/ RTX 3050 6GB"}]},{"@type":"WebSite","@id":"https:\/\/osaka.ma\/#website","url":"https:\/\/osaka.ma\/","name":"Osaka","description":"","publisher":{"@id":"https:\/\/osaka.ma\/#organization"},"potentialAction":[{"@type":"SearchAction","target":{"@type":"EntryPoint","urlTemplate":"https:\/\/osaka.ma\/?s={search_term_string}"},"query-input":{"@type":"PropertyValueSpecification","valueRequired":true,"valueName":"search_term_string"}}],"inLanguage":"es-ES"},{"@type":"Organization","@id":"https:\/\/osaka.ma\/#organization","name":"Osaka","url":"https:\/\/osaka.ma\/","logo":{"@type":"ImageObject","inLanguage":"es-ES","@id":"https:\/\/osaka.ma\/#\/schema\/logo\/image\/","url":"https:\/\/osaka.ma\/wp-content\/uploads\/2026\/01\/model-slogan-logo-2Plan-de-travail-1dksl-plus-finnn.png","contentUrl":"https:\/\/osaka.ma\/wp-content\/uploads\/2026\/01\/model-slogan-logo-2Plan-de-travail-1dksl-plus-finnn.png","width":842,"height":226,"caption":"Osaka"},"image":{"@id":"https:\/\/osaka.ma\/#\/schema\/logo\/image\/"}}]}},"jetpack_sharing_enabled":true,"brands":[],"_links":{"self":[{"href":"https:\/\/osaka.ma\/es\/wp-json\/wp\/v2\/product\/10085","targetHints":{"allow":["GET"]}}],"collection":[{"href":"https:\/\/osaka.ma\/es\/wp-json\/wp\/v2\/product"}],"about":[{"href":"https:\/\/osaka.ma\/es\/wp-json\/wp\/v2\/types\/product"}],"version-history":[{"count":0,"href":"https:\/\/osaka.ma\/es\/wp-json\/wp\/v2\/product\/10085\/revisions"}],"wp:featuredmedia":[{"embeddable":true,"href":"https:\/\/osaka.ma\/es\/wp-json\/wp\/v2\/media\/1011726"}],"wp:attachment":[{"href":"https:\/\/osaka.ma\/es\/wp-json\/wp\/v2\/media?parent=10085"}],"wp:term":[{"taxonomy":"pwb-brand","embeddable":true,"href":"https:\/\/osaka.ma\/es\/wp-json\/wp\/v2\/pwb-brand?post=10085"},{"taxonomy":"product_brand","embeddable":true,"href":"https:\/\/osaka.ma\/es\/wp-json\/wp\/v2\/product_brand?post=10085"},{"taxonomy":"product_cat","embeddable":true,"href":"https:\/\/osaka.ma\/es\/wp-json\/wp\/v2\/product_cat?post=10085"},{"taxonomy":"product_tag","embeddable":true,"href":"https:\/\/osaka.ma\/es\/wp-json\/wp\/v2\/product_tag?post=10085"},{"taxonomy":"pcb_component_type","embeddable":true,"href":"https:\/\/osaka.ma\/es\/wp-json\/wp\/v2\/pcb_component_type?post=10085"}],"curies":[{"name":"wp","href":"https:\/\/api.w.org\/{rel}","templated":true}]}}