{"id":10305,"date":"2024-09-07T14:36:11","date_gmt":"2024-09-07T14:36:11","guid":{"rendered":"https:\/\/osaka.ma\/?post_type=product&#038;p=10305"},"modified":"2024-12-18T15:36:19","modified_gmt":"2024-12-18T15:36:19","slug":"msi-stealth-16-ai-studio-a1v-intel-core-ultra-9-185h-32gb-1tb-ssd-rtx-4070-16-qhd-240hz","status":"publish","type":"product","link":"https:\/\/osaka.ma\/es\/product\/msi-stealth-16-ai-studio-a1v-intel-core-ultra-9-185h-32gb-1tb-ssd-rtx-4070-16-qhd-240hz\/","title":{"rendered":"MSI Stealth 16 AI Studio A1V Intel Core Ultra 9 185H\/32GB\/1TB SSD\/RTX 4070 16&#8243; QHD 240HZ"},"content":{"rendered":"<div class=\"logo\"><a href=\"https:\/\/www.ldlc.com\/msi\/bint000000992\/\" rel=\"nofollow noopener\" target=\"_blank\"><img decoding=\"async\" src=\"https:\/\/media.ldlc.com\/v3\/marque\/bo\/00\/05\/99\/39\/V30005993997.gif\" alt=\"MSI\" \/><\/a><\/div>\n<div id=\"description\" class=\"description\">\n<div class=\"details-pdt-desc\">\n<h2 class=\"h2-master\">Design mince, hautes performances et \u00e9cran QHD 240 Hz !<\/h2>\n<section>Travaillez et jouez sur le m\u00eame notebook avec le\u00a0<strong>PC portable MSI Stealth 16 AI Studio<\/strong>\u00a0! Malgr\u00e9 son design \u00e9l\u00e9gant et ultra-mince, ce PC portable offre de hautes performances et un confort exceptionnel, notamment gr\u00e2ce \u00e0 son\u00a0<strong>\u00e9cran QHD+ 240 Hz<\/strong>, son clavier Gamer et son syst\u00e8me audio de qualit\u00e9.Le PC portable MSI Stealth 16 AI Studio A1VGG-008FR offre de hautes performances gr\u00e2ce \u00e0 son\u00a0<strong>processeur Intel Core Ultra 9 185H<\/strong>, ses 32 Go de m\u00e9moire DDR5 et sa\u00a0<strong>puce graphique NVIDIA GeForce RTX 4070<\/strong>. De plus, son\u00a0<strong>SSD M.2 PCIe 4.0 de 1 To<\/strong>\u00a0offre un fonctionnement particuli\u00e8rement rapide.<\/p>\n<\/section>\n<section>\n<div class=\"desc-image\"><img decoding=\"async\" src=\"https:\/\/media.ldlc.com\/bo\/images\/fiches\/pc_portables\/msi\/Stealth_16_AI_Studio_A1V\/801.jpg\" alt=\"\" \/><\/div>\n<div class=\"desc-text\">\n<h2>Processeur Intel Core Ultra<\/h2>\n<p>Les processeurs Intel Core Ultra offrent une avanc\u00e9e impressionnante en termes de puissance de calcul et int\u00e8grent le premier moteur d&#8217;acc\u00e9l\u00e9ration int\u00e9gr\u00e9 d&#8217;Intel (NPU) qui assure une prise en charge efficace et rapide de l&#8217;intelligence artificielle et des t\u00e2ches effectu\u00e9es en local sur le PC portable. Gr\u00e2ce \u00e0 une architecture de pointe et \u00e0 un nombre de c\u0153urs plus \u00e9lev\u00e9, il offre des performances sans pr\u00e9c\u00e9dent sur une large gamme d&#8217;applications et de logiciels, que ce soit pour le gaming ou le traitement de donn\u00e9es.<\/p>\n<\/div>\n<\/section>\n<section>\n<div class=\"desc-text\">\n<h2>Tout pour votre cr\u00e9ativit\u00e9<\/h2>\n<p>Les produits Nvidia Studio sont \u00e9quip\u00e9s de GPU RTX \u00e0 la pointe de l&#8217;industrie qui optimisent vos applications de cr\u00e9ation favorites. Le ray tracing d\u00e9livre des graphismes ultrar\u00e9alistes et la suite d\u2019outils exclusifs assist\u00e9s par l&#8217;IA vous aide \u00e0 transformer plus rapidement vos id\u00e9es en concepts, puis en r\u00e9alit\u00e9. Les pilotes Studio vous offrent une stabilit\u00e9 parfaite qui vous permettra de totalement vous concentrer sur votre prochain projet.<\/p>\n<\/div>\n<div class=\"desc-image\"><img decoding=\"async\" src=\"https:\/\/media.ldlc.com\/bo\/images\/fiches\/pc_portables\/msi\/Stealth_16_AI_Studio_A1V\/802.jpg\" alt=\"\" \/><\/div>\n<\/section>\n<section>\n<div class=\"desc-image\"><img decoding=\"async\" src=\"https:\/\/media.ldlc.com\/bo\/images\/fiches\/pc_portables\/msi\/Stealth_16_AI_Studio_A1V\/803.jpg\" alt=\"\" \/><\/div>\n<div class=\"desc-text\">\n<h2>Efficacit\u00e9 optimis\u00e9e avec l&#8217;IA<\/h2>\n<p>Les ordinateurs portables MSI acc\u00e9l\u00e8rent d\u00e9sormais votre exp\u00e9rience de travail et de jeu et la rendent plus efficace. Ils int\u00e8grent des nouvelles fonctionnalit\u00e9s intelligentes qui portent l&#8217;optimisation automatique des r\u00e9glages \u00e0 un tout nouveau niveau.<\/p>\n<p>Le moteur\u00a0<strong>MSI AI Engine<\/strong>\u00a0est capable de d\u00e9tecter le mode d&#8217;utilisation et d&#8217;automatiquement ajuster les r\u00e9glages mat\u00e9riels pour atteindre les meilleures performances possibles. Gr\u00e2ce \u00e0 des modes et ressources param\u00e9tr\u00e9s par l&#8217;IA, vous pouvez vous concentrer sur vos travaux de cr\u00e9ation, sur votre travail ou sur vos divertissements. Gr\u00e2ce \u00e0 la technologie d&#8217;annulation du bruit de niveau professionnel et au r\u00e9seau de trois microphones \u00e0 filtrage spatial, vous profiterez d&#8217;un son cristallin m\u00eame si vous vous trouvez dans un environnement bruyant.<\/p>\n<p>G\u00e9n\u00e9rez des images directement sur votre ordinateur portable avec l&#8217;outil\u00a0<strong>MSI AI-Artist<\/strong>. Cr\u00e9ez des images d\u00e9taill\u00e9es avec des phrases descriptives plus courtes et g\u00e9n\u00e9rez des mots dans vos images. MSI AI-Artist offre d&#8217;incroyables capacit\u00e9s de composition d&#8217;images qui r\u00e9sultent en des visuels r\u00e9alistes et bluffants.<\/p>\n<\/div>\n<\/section>\n<section>\n<div class=\"desc-text\">\n<h2>Refroidissement efficace<\/h2>\n<p>L&#8217;ordinateur portable MSI Stealth 16 AI Studio dispose de la technologie de refroidissement MSI Cooler Boost 5 qui est accompagn\u00e9e d&#8217;un syst\u00e8me avec caloducs partag\u00e9s entre le processeur et le processeur graphique. Ce design novateur aide \u00e0 am\u00e9liorer la capacit\u00e9 thermique des composants lorsqu&#8217;ils subissent de lourdes charges.<\/p>\n<\/div>\n<div class=\"desc-image\"><img decoding=\"async\" src=\"https:\/\/media.ldlc.com\/bo\/images\/fiches\/pc_portables\/msi\/stealth_16_studio_a13v\/800_4.jpg\" alt=\"\" \/><\/div>\n<\/section>\n<section>\n<div class=\"desc-image\"><img decoding=\"async\" src=\"https:\/\/media.ldlc.com\/bo\/images\/fiches\/pc_portables\/msi\/stealth_16_studio_a13v\/800_3.jpg\" alt=\"\" \/><\/div>\n<div class=\"desc-text\">\n<h2>Syst\u00e8me audio de qualit\u00e9<\/h2>\n<p>Le Stealth 16 AI Studio int\u00e8gre un total de six haut-parleurs surround contr\u00f4l\u00e9s par un syst\u00e8me sonore sign\u00e9 Dynaudio. Ce syst\u00e8me audio dispose d&#8217;une paire haut-parleurs et de deux paires de woofers avec annulation de force pour assurer des notes aig\u00fces et graves parfaites.<\/p>\n<\/div>\n<\/section>\n<section class=\"list\">\n<h2>Caract\u00e9ristiques principales :<\/h2>\n<ul>\n<li><strong>Processeur Intel Core Ultra 9 185H<\/strong>\u00a0(6 Performance-Cores 3.8 GHz \/ 5.1 GHz Turbo + 8 Efficient-Cores 1.8 GHz \/ 3.8 GHz Turbo + 2 Cores faible consommation \u00e9nerg\u00e9tique &#8211; 22 Threads &#8211; Cache 24 Mo)<\/li>\n<li>\u00c9cran de 16 pouces avec\u00a0r\u00e9solution<strong>\u00a0QHD+\u00a0<\/strong>(2560 x 1600 pixels)<\/li>\n<li>Image ultra-fluide avec\u00a0<strong>fr\u00e9quence d&#8217;affichage de 240 Hz<\/strong><\/li>\n<li>32 Go de m\u00e9moire vive DDR5 (2x 16 Go &#8211; 2 slots avec maximum 64 Go au total)<\/li>\n<li>Puce graphique<strong>\u00a0NVIDIA GeForce RTX 4070\u00a0<\/strong>avec 8 Go de m\u00e9moire d\u00e9di\u00e9e GDDR6 (1980 MHz &#8211; 105W Dynamic Boost)<\/li>\n<li><strong>SSD M.2 PCIe 4.0 de 1 To<\/strong>\u00a0+ emplacement libre pour un second SSD M.2 PCIe<\/li>\n<li>Connecteur Thunderbolt 4 (USB-C) + connecteur HDMI 2.1 (compatible 4K @120 Hz \/ 8K @60 Hz)<\/li>\n<li>1 connecteur USB-C 3.1 compatible DisplayPort Alt Mode<\/li>\n<li><strong>Clavier Gamer SteelSeries\u00a0<\/strong>avec\u00a0<strong>r\u00e9tro\u00e9clairage individuel des touches<\/strong><\/li>\n<li>Communication sans fil fiable et performante\u00a0<strong>Wi-Fi 7<\/strong>\u00a0+<strong>\u00a0Bluetooth 5.4<\/strong><\/li>\n<li>Webcam IR FHD 1080p int\u00e9gr\u00e9e<\/li>\n<li>Adaptateur d&#8217;alimentation 240 W<\/li>\n<li>Etat : Neuf sans emballage<\/li>\n<\/ul>\n<\/section>\n<\/div>\n<\/div>\n","protected":false},"excerpt":{"rendered":"<h2>Caract\u00e9ristiques principales :<\/h2>\n<ul>\n<li><strong>Processeur Intel Core Ultra 9 185H<\/strong>\u00a0(6 Performance-Cores 3.8 GHz \/ 5.1 GHz Turbo + 8 Efficient-Cores 1.8 GHz \/ 3.8 GHz Turbo + 2 Cores faible consommation \u00e9nerg\u00e9tique &#8211; 22 Threads &#8211; Cache 24 Mo)<\/li>\n<li>\u00c9cran de 16 pouces avec\u00a0r\u00e9solution<strong>\u00a0QHD+\u00a0<\/strong>(2560 x 1600 pixels)<\/li>\n<li>Image ultra-fluide avec\u00a0<strong>fr\u00e9quence d&#8217;affichage de 240 Hz<\/strong><\/li>\n<li>32 Go de m\u00e9moire vive DDR5 (2x 16 Go &#8211; 2 slots avec maximum 64 Go au total)<\/li>\n<li>Puce graphique<strong>\u00a0NVIDIA GeForce RTX 4070\u00a0<\/strong>avec 8 Go de m\u00e9moire d\u00e9di\u00e9e GDDR6 (1980 MHz &#8211; 105W Dynamic Boost)<\/li>\n<li><strong>SSD M.2 PCIe 4.0 de 1 To<\/strong>\u00a0+ emplacement libre pour un second SSD M.2 PCIe<\/li>\n<li>Connecteur Thunderbolt 4 (USB-C) + connecteur HDMI 2.1 (compatible 4K @120 Hz \/ 8K @60 Hz)<\/li>\n<li>1 connecteur USB-C 3.1 compatible DisplayPort Alt Mode<\/li>\n<li><strong>Clavier Gamer SteelSeries\u00a0<\/strong>avec\u00a0<strong>r\u00e9tro\u00e9clairage individuel des touches<\/strong><\/li>\n<li>Communication sans fil fiable et performante\u00a0<strong>Wi-Fi 7<\/strong>\u00a0+<strong>\u00a0Bluetooth 5.4<\/strong><\/li>\n<li>Webcam IR FHD 1080p int\u00e9gr\u00e9e<\/li>\n<li>Adaptateur d&#8217;alimentation 240 W<\/li>\n<li>Etat : Neuf sans emballage<\/li>\n<\/ul>\n","protected":false},"featured_media":1010306,"template":"","meta":{"_acf_changed":false},"pwb-brand":[],"product_brand":[],"product_cat":[122,121,126],"product_tag":[],"pcb_component_type":[],"class_list":{"0":"post-10305","1":"product","2":"type-product","3":"status-publish","4":"has-post-thumbnail","6":"product_cat-gaming","7":"product_cat-pc-portable","8":"product_cat-professional","10":"first","11":"outofstock","12":"shipping-taxable","13":"product-type-simple"},"translation":{"provider":"WPGlobus","version":"3.0.2","language":"es","enabled_languages":["en","es","de","fr","ru"],"languages":{"en":{"title":true,"content":true,"excerpt":true},"es":{"title":false,"content":false,"excerpt":false},"de":{"title":false,"content":false,"excerpt":false},"fr":{"title":false,"content":false,"excerpt":false},"ru":{"title":false,"content":false,"excerpt":false}}},"acf":[],"yoast_head":"<!-- This site is optimized with the Yoast SEO plugin v27.2 - https:\/\/yoast.com\/product\/yoast-seo-wordpress\/ -->\n<title>MSI Stealth 16 AI Studio A1V Intel Core Ultra 9 185H\/32GB\/1TB SSD\/RTX 4070 16&quot; QHD 240HZ - Osaka<\/title>\n<meta name=\"robots\" content=\"index, follow, max-snippet:-1, max-image-preview:large, max-video-preview:-1\" \/>\n<link rel=\"canonical\" href=\"https:\/\/osaka.ma\/ru\/product\/msi-stealth-16-ai-studio-a1v-intel-core-ultra-9-185h-32gb-1tb-ssd-rtx-4070-16-qhd-240hz\/\" \/>\n<meta property=\"og:locale\" content=\"es_ES\" \/>\n<meta property=\"og:type\" content=\"article\" \/>\n<meta property=\"og:title\" content=\"MSI Stealth 16 AI Studio A1V Intel Core Ultra 9 185H\/32GB\/1TB SSD\/RTX 4070 16&quot; QHD 240HZ - Osaka\" \/>\n<meta property=\"og:url\" content=\"https:\/\/osaka.ma\/ru\/product\/msi-stealth-16-ai-studio-a1v-intel-core-ultra-9-185h-32gb-1tb-ssd-rtx-4070-16-qhd-240hz\/\" \/>\n<meta property=\"og:site_name\" content=\"Osaka\" \/>\n<meta property=\"article:modified_time\" content=\"2024-12-18T15:36:19+00:00\" \/>\n<meta property=\"og:image\" content=\"https:\/\/osaka.ma\/wp-content\/uploads\/2024\/09\/MSI-Stealth-16.jpg\" \/>\n\t<meta property=\"og:image:width\" content=\"1600\" \/>\n\t<meta property=\"og:image:height\" content=\"1600\" \/>\n\t<meta property=\"og:image:type\" content=\"image\/jpeg\" \/>\n<meta name=\"twitter:card\" content=\"summary_large_image\" \/>\n<meta name=\"twitter:label1\" content=\"Est. reading time\" \/>\n\t<meta name=\"twitter:data1\" content=\"5 minutes\" \/>\n<script type=\"application\/ld+json\" class=\"yoast-schema-graph\">{\"@context\":\"https:\/\/schema.org\",\"@graph\":[{\"@type\":\"WebPage\",\"@id\":\"https:\/\/osaka.ma\/ru\/product\/msi-stealth-16-ai-studio-a1v-intel-core-ultra-9-185h-32gb-1tb-ssd-rtx-4070-16-qhd-240hz\/\",\"url\":\"https:\/\/osaka.ma\/ru\/product\/msi-stealth-16-ai-studio-a1v-intel-core-ultra-9-185h-32gb-1tb-ssd-rtx-4070-16-qhd-240hz\/\",\"name\":\"MSI Stealth 16 AI Studio A1V Intel Core Ultra 9 185H\/32GB\/1TB SSD\/RTX 4070 16\\\" QHD 240HZ - Osaka\",\"isPartOf\":{\"@id\":\"https:\/\/osaka.ma\/#website\"},\"primaryImageOfPage\":{\"@id\":\"https:\/\/osaka.ma\/ru\/product\/msi-stealth-16-ai-studio-a1v-intel-core-ultra-9-185h-32gb-1tb-ssd-rtx-4070-16-qhd-240hz\/#primaryimage\"},\"image\":{\"@id\":\"https:\/\/osaka.ma\/ru\/product\/msi-stealth-16-ai-studio-a1v-intel-core-ultra-9-185h-32gb-1tb-ssd-rtx-4070-16-qhd-240hz\/#primaryimage\"},\"thumbnailUrl\":\"https:\/\/osaka.ma\/wp-content\/uploads\/2024\/09\/MSI-Stealth-16.jpg\",\"datePublished\":\"2024-09-07T14:36:11+00:00\",\"dateModified\":\"2024-12-18T15:36:19+00:00\",\"breadcrumb\":{\"@id\":\"https:\/\/osaka.ma\/ru\/product\/msi-stealth-16-ai-studio-a1v-intel-core-ultra-9-185h-32gb-1tb-ssd-rtx-4070-16-qhd-240hz\/#breadcrumb\"},\"inLanguage\":\"es-ES\",\"potentialAction\":[{\"@type\":\"ReadAction\",\"target\":[\"https:\/\/osaka.ma\/ru\/product\/msi-stealth-16-ai-studio-a1v-intel-core-ultra-9-185h-32gb-1tb-ssd-rtx-4070-16-qhd-240hz\/\"]}]},{\"@type\":\"ImageObject\",\"inLanguage\":\"es-ES\",\"@id\":\"https:\/\/osaka.ma\/ru\/product\/msi-stealth-16-ai-studio-a1v-intel-core-ultra-9-185h-32gb-1tb-ssd-rtx-4070-16-qhd-240hz\/#primaryimage\",\"url\":\"https:\/\/osaka.ma\/wp-content\/uploads\/2024\/09\/MSI-Stealth-16.jpg\",\"contentUrl\":\"https:\/\/osaka.ma\/wp-content\/uploads\/2024\/09\/MSI-Stealth-16.jpg\",\"width\":1600,\"height\":1600},{\"@type\":\"BreadcrumbList\",\"@id\":\"https:\/\/osaka.ma\/ru\/product\/msi-stealth-16-ai-studio-a1v-intel-core-ultra-9-185h-32gb-1tb-ssd-rtx-4070-16-qhd-240hz\/#breadcrumb\",\"itemListElement\":[{\"@type\":\"ListItem\",\"position\":1,\"name\":\"Home\",\"item\":\"https:\/\/osaka.ma\/\"},{\"@type\":\"ListItem\",\"position\":2,\"name\":\"Shop\",\"item\":\"https:\/\/osaka.ma\/shop-2\/\"},{\"@type\":\"ListItem\",\"position\":3,\"name\":\"MSI Stealth 16 AI Studio A1V Intel Core Ultra 9 185H\/32GB\/1TB SSD\/RTX 4070 16&#8243; QHD 240HZ\"}]},{\"@type\":\"WebSite\",\"@id\":\"https:\/\/osaka.ma\/#website\",\"url\":\"https:\/\/osaka.ma\/\",\"name\":\"Osaka\",\"description\":\"\",\"publisher\":{\"@id\":\"https:\/\/osaka.ma\/#organization\"},\"potentialAction\":[{\"@type\":\"SearchAction\",\"target\":{\"@type\":\"EntryPoint\",\"urlTemplate\":\"https:\/\/osaka.ma\/?s={search_term_string}\"},\"query-input\":{\"@type\":\"PropertyValueSpecification\",\"valueRequired\":true,\"valueName\":\"search_term_string\"}}],\"inLanguage\":\"es-ES\"},{\"@type\":\"Organization\",\"@id\":\"https:\/\/osaka.ma\/#organization\",\"name\":\"Osaka\",\"url\":\"https:\/\/osaka.ma\/\",\"logo\":{\"@type\":\"ImageObject\",\"inLanguage\":\"es-ES\",\"@id\":\"https:\/\/osaka.ma\/#\/schema\/logo\/image\/\",\"url\":\"https:\/\/osaka.ma\/wp-content\/uploads\/2026\/01\/model-slogan-logo-2Plan-de-travail-1dksl-plus-finnn.png\",\"contentUrl\":\"https:\/\/osaka.ma\/wp-content\/uploads\/2026\/01\/model-slogan-logo-2Plan-de-travail-1dksl-plus-finnn.png\",\"width\":842,\"height\":226,\"caption\":\"Osaka\"},\"image\":{\"@id\":\"https:\/\/osaka.ma\/#\/schema\/logo\/image\/\"}}]}<\/script>\n<!-- \/ Yoast SEO plugin. -->","yoast_head_json":{"title":"MSI Stealth 16 AI Studio A1V Intel Core Ultra 9 185H\/32GB\/1TB SSD\/RTX 4070 16\" QHD 240HZ - Osaka","robots":{"index":"index","follow":"follow","max-snippet":"max-snippet:-1","max-image-preview":"max-image-preview:large","max-video-preview":"max-video-preview:-1"},"canonical":"https:\/\/osaka.ma\/ru\/product\/msi-stealth-16-ai-studio-a1v-intel-core-ultra-9-185h-32gb-1tb-ssd-rtx-4070-16-qhd-240hz\/","og_locale":"es_ES","og_type":"article","og_title":"MSI Stealth 16 AI Studio A1V Intel Core Ultra 9 185H\/32GB\/1TB SSD\/RTX 4070 16\" QHD 240HZ - Osaka","og_url":"https:\/\/osaka.ma\/ru\/product\/msi-stealth-16-ai-studio-a1v-intel-core-ultra-9-185h-32gb-1tb-ssd-rtx-4070-16-qhd-240hz\/","og_site_name":"Osaka","article_modified_time":"2024-12-18T15:36:19+00:00","og_image":[{"width":1600,"height":1600,"url":"https:\/\/osaka.ma\/wp-content\/uploads\/2024\/09\/MSI-Stealth-16.jpg","type":"image\/jpeg"}],"twitter_card":"summary_large_image","twitter_misc":{"Est. reading time":"5 minutes"},"schema":{"@context":"https:\/\/schema.org","@graph":[{"@type":"WebPage","@id":"https:\/\/osaka.ma\/ru\/product\/msi-stealth-16-ai-studio-a1v-intel-core-ultra-9-185h-32gb-1tb-ssd-rtx-4070-16-qhd-240hz\/","url":"https:\/\/osaka.ma\/ru\/product\/msi-stealth-16-ai-studio-a1v-intel-core-ultra-9-185h-32gb-1tb-ssd-rtx-4070-16-qhd-240hz\/","name":"MSI Stealth 16 AI Studio A1V Intel Core Ultra 9 185H\/32GB\/1TB SSD\/RTX 4070 16\" QHD 240HZ - Osaka","isPartOf":{"@id":"https:\/\/osaka.ma\/#website"},"primaryImageOfPage":{"@id":"https:\/\/osaka.ma\/ru\/product\/msi-stealth-16-ai-studio-a1v-intel-core-ultra-9-185h-32gb-1tb-ssd-rtx-4070-16-qhd-240hz\/#primaryimage"},"image":{"@id":"https:\/\/osaka.ma\/ru\/product\/msi-stealth-16-ai-studio-a1v-intel-core-ultra-9-185h-32gb-1tb-ssd-rtx-4070-16-qhd-240hz\/#primaryimage"},"thumbnailUrl":"https:\/\/osaka.ma\/wp-content\/uploads\/2024\/09\/MSI-Stealth-16.jpg","datePublished":"2024-09-07T14:36:11+00:00","dateModified":"2024-12-18T15:36:19+00:00","breadcrumb":{"@id":"https:\/\/osaka.ma\/ru\/product\/msi-stealth-16-ai-studio-a1v-intel-core-ultra-9-185h-32gb-1tb-ssd-rtx-4070-16-qhd-240hz\/#breadcrumb"},"inLanguage":"es-ES","potentialAction":[{"@type":"ReadAction","target":["https:\/\/osaka.ma\/ru\/product\/msi-stealth-16-ai-studio-a1v-intel-core-ultra-9-185h-32gb-1tb-ssd-rtx-4070-16-qhd-240hz\/"]}]},{"@type":"ImageObject","inLanguage":"es-ES","@id":"https:\/\/osaka.ma\/ru\/product\/msi-stealth-16-ai-studio-a1v-intel-core-ultra-9-185h-32gb-1tb-ssd-rtx-4070-16-qhd-240hz\/#primaryimage","url":"https:\/\/osaka.ma\/wp-content\/uploads\/2024\/09\/MSI-Stealth-16.jpg","contentUrl":"https:\/\/osaka.ma\/wp-content\/uploads\/2024\/09\/MSI-Stealth-16.jpg","width":1600,"height":1600},{"@type":"BreadcrumbList","@id":"https:\/\/osaka.ma\/ru\/product\/msi-stealth-16-ai-studio-a1v-intel-core-ultra-9-185h-32gb-1tb-ssd-rtx-4070-16-qhd-240hz\/#breadcrumb","itemListElement":[{"@type":"ListItem","position":1,"name":"Home","item":"https:\/\/osaka.ma\/"},{"@type":"ListItem","position":2,"name":"Shop","item":"https:\/\/osaka.ma\/shop-2\/"},{"@type":"ListItem","position":3,"name":"MSI Stealth 16 AI Studio A1V Intel Core Ultra 9 185H\/32GB\/1TB SSD\/RTX 4070 16&#8243; QHD 240HZ"}]},{"@type":"WebSite","@id":"https:\/\/osaka.ma\/#website","url":"https:\/\/osaka.ma\/","name":"Osaka","description":"","publisher":{"@id":"https:\/\/osaka.ma\/#organization"},"potentialAction":[{"@type":"SearchAction","target":{"@type":"EntryPoint","urlTemplate":"https:\/\/osaka.ma\/?s={search_term_string}"},"query-input":{"@type":"PropertyValueSpecification","valueRequired":true,"valueName":"search_term_string"}}],"inLanguage":"es-ES"},{"@type":"Organization","@id":"https:\/\/osaka.ma\/#organization","name":"Osaka","url":"https:\/\/osaka.ma\/","logo":{"@type":"ImageObject","inLanguage":"es-ES","@id":"https:\/\/osaka.ma\/#\/schema\/logo\/image\/","url":"https:\/\/osaka.ma\/wp-content\/uploads\/2026\/01\/model-slogan-logo-2Plan-de-travail-1dksl-plus-finnn.png","contentUrl":"https:\/\/osaka.ma\/wp-content\/uploads\/2026\/01\/model-slogan-logo-2Plan-de-travail-1dksl-plus-finnn.png","width":842,"height":226,"caption":"Osaka"},"image":{"@id":"https:\/\/osaka.ma\/#\/schema\/logo\/image\/"}}]}},"jetpack_sharing_enabled":true,"brands":[],"_links":{"self":[{"href":"https:\/\/osaka.ma\/es\/wp-json\/wp\/v2\/product\/10305","targetHints":{"allow":["GET"]}}],"collection":[{"href":"https:\/\/osaka.ma\/es\/wp-json\/wp\/v2\/product"}],"about":[{"href":"https:\/\/osaka.ma\/es\/wp-json\/wp\/v2\/types\/product"}],"version-history":[{"count":0,"href":"https:\/\/osaka.ma\/es\/wp-json\/wp\/v2\/product\/10305\/revisions"}],"wp:featuredmedia":[{"embeddable":true,"href":"https:\/\/osaka.ma\/es\/wp-json\/wp\/v2\/media\/1010306"}],"wp:attachment":[{"href":"https:\/\/osaka.ma\/es\/wp-json\/wp\/v2\/media?parent=10305"}],"wp:term":[{"taxonomy":"pwb-brand","embeddable":true,"href":"https:\/\/osaka.ma\/es\/wp-json\/wp\/v2\/pwb-brand?post=10305"},{"taxonomy":"product_brand","embeddable":true,"href":"https:\/\/osaka.ma\/es\/wp-json\/wp\/v2\/product_brand?post=10305"},{"taxonomy":"product_cat","embeddable":true,"href":"https:\/\/osaka.ma\/es\/wp-json\/wp\/v2\/product_cat?post=10305"},{"taxonomy":"product_tag","embeddable":true,"href":"https:\/\/osaka.ma\/es\/wp-json\/wp\/v2\/product_tag?post=10305"},{"taxonomy":"pcb_component_type","embeddable":true,"href":"https:\/\/osaka.ma\/es\/wp-json\/wp\/v2\/pcb_component_type?post=10305"}],"curies":[{"name":"wp","href":"https:\/\/api.w.org\/{rel}","templated":true}]}}