{"id":10667,"date":"2024-09-27T18:06:09","date_gmt":"2024-09-27T18:06:09","guid":{"rendered":"https:\/\/osaka.ma\/?post_type=product&#038;p=10667"},"modified":"2025-10-08T00:46:24","modified_gmt":"2025-10-07T23:46:24","slug":"support-pc-portable","status":"publish","type":"product","link":"https:\/\/osaka.ma\/es\/product\/support-pc-portable\/","title":{"rendered":"SUPPORT PC PORTABLE"},"content":{"rendered":"<p>Un support d&#8217;ordinateur portable est un accessoire essentiel . En sur\u00e9levant l&#8217;appareil, il aide \u00e0 pr\u00e9venir l&#8217;accumulation de poussi\u00e8re, ce qui peut nuire aux performances et \u00e0 la dur\u00e9e de vie de votre ordinateur. De plus, en offrant une surface stable, il r\u00e9duit le risque de renversement de liquides, prot\u00e9geant ainsi vos pr\u00e9cieuses donn\u00e9es. Ce support peut \u00e9galement pivoter \u00e0 360 degr\u00e9s, facilitant votre travail en vous permettant d&#8217;ajuster facilement l&#8217;angle de vision. Investir dans un support n&#8217;est pas seulement une question de confort, mais aussi de protection ultime pour votre \u00e9quipement. Ne laissez pas la salet\u00e9 ou un accident f\u00e2cheux compromettre votre productivit\u00e9\u2014optez pour un support d\u00e8s aujourd<img fetchpriority=\"high\" decoding=\"async\" class=\"size-full wp-image-10673 alignright\" src=\"https:\/\/osaka.ma\/wp-content\/uploads\/2024\/09\/6.jpg\" alt=\"\" width=\"500\" height=\"500\" srcset=\"https:\/\/osaka.ma\/wp-content\/uploads\/2024\/09\/6.jpg 500w, https:\/\/osaka.ma\/wp-content\/uploads\/2024\/09\/6-300x300.jpg 300w, https:\/\/osaka.ma\/wp-content\/uploads\/2024\/09\/6-150x150.jpg 150w, https:\/\/osaka.ma\/wp-content\/uploads\/2024\/09\/6-100x100.jpg 100w\" sizes=\"(max-width: 500px) 100vw, 500px\" \/>&#8216;hui!<\/p>\n<p><img decoding=\"async\" class=\"wp-image-10672 alignleft\" src=\"https:\/\/osaka.ma\/wp-content\/uploads\/2024\/09\/11.jpg\" alt=\"\" width=\"453\" height=\"453\" srcset=\"https:\/\/osaka.ma\/wp-content\/uploads\/2024\/09\/11.jpg 350w, https:\/\/osaka.ma\/wp-content\/uploads\/2024\/09\/11-300x300.jpg 300w, https:\/\/osaka.ma\/wp-content\/uploads\/2024\/09\/11-150x150.jpg 150w, https:\/\/osaka.ma\/wp-content\/uploads\/2024\/09\/11-100x100.jpg 100w\" sizes=\"(max-width: 453px) 100vw, 453px\" \/><\/p>\n","protected":false},"excerpt":{"rendered":"<ul>\n<li>\n<p class=\"-fs20 -pts -pbxs\">Aluminium\u00a0 Body<\/p>\n<\/li>\n<li>Rotation 360\u00b0<\/li>\n<li>Multiple Angle<\/li>\n<li>Support 12&#8243; to 18&#8243;<\/li>\n<li>Light Weight<\/li>\n<li>Easy to carry<\/li>\n<\/ul>\n<h3>Limited Offre jusqu&#8217;\u00e0 04\/10<\/h3>\n","protected":false},"featured_media":1010671,"template":"","meta":{"_acf_changed":false},"pwb-brand":[],"product_brand":[],"product_cat":[31],"product_tag":[],"pcb_component_type":[],"class_list":{"0":"post-10667","1":"product","2":"type-product","3":"status-publish","4":"has-post-thumbnail","6":"product_cat-accessoires","8":"first","9":"outofstock","10":"shipping-taxable","11":"product-type-simple"},"translation":{"provider":"WPGlobus","version":"3.0.2","language":"es","enabled_languages":["en","es","de","fr","ru"],"languages":{"en":{"title":true,"content":true,"excerpt":true},"es":{"title":false,"content":false,"excerpt":false},"de":{"title":false,"content":false,"excerpt":false},"fr":{"title":false,"content":false,"excerpt":false},"ru":{"title":false,"content":false,"excerpt":false}}},"acf":[],"yoast_head":"<!-- This site is optimized with the Yoast SEO plugin v27.2 - https:\/\/yoast.com\/product\/yoast-seo-wordpress\/ -->\n<title>SUPPORT PC PORTABLE - Osaka<\/title>\n<meta name=\"robots\" content=\"index, follow, max-snippet:-1, max-image-preview:large, max-video-preview:-1\" \/>\n<link rel=\"canonical\" href=\"https:\/\/osaka.ma\/product\/support-pc-portable\/\" \/>\n<meta property=\"og:locale\" content=\"es_ES\" \/>\n<meta property=\"og:type\" content=\"article\" \/>\n<meta property=\"og:title\" content=\"SUPPORT PC PORTABLE - Osaka\" \/>\n<meta property=\"og:url\" content=\"https:\/\/osaka.ma\/product\/support-pc-portable\/\" \/>\n<meta property=\"og:site_name\" content=\"Osaka\" \/>\n<meta property=\"article:modified_time\" content=\"2025-10-07T23:46:24+00:00\" \/>\n<meta property=\"og:image\" content=\"https:\/\/osaka.ma\/wp-content\/uploads\/2024\/09\/1.jpg\" \/>\n\t<meta property=\"og:image:width\" content=\"680\" \/>\n\t<meta property=\"og:image:height\" content=\"680\" \/>\n\t<meta property=\"og:image:type\" content=\"image\/jpeg\" \/>\n<meta name=\"twitter:card\" content=\"summary_large_image\" \/>\n<meta name=\"twitter:label1\" content=\"Est. reading time\" \/>\n\t<meta name=\"twitter:data1\" content=\"2 minutes\" \/>\n<script type=\"application\/ld+json\" class=\"yoast-schema-graph\">{\"@context\":\"https:\/\/schema.org\",\"@graph\":[{\"@type\":\"WebPage\",\"@id\":\"https:\/\/osaka.ma\/product\/support-pc-portable\/\",\"url\":\"https:\/\/osaka.ma\/product\/support-pc-portable\/\",\"name\":\"SUPPORT PC PORTABLE - Osaka\",\"isPartOf\":{\"@id\":\"https:\/\/osaka.ma\/#website\"},\"primaryImageOfPage\":{\"@id\":\"https:\/\/osaka.ma\/product\/support-pc-portable\/#primaryimage\"},\"image\":{\"@id\":\"https:\/\/osaka.ma\/product\/support-pc-portable\/#primaryimage\"},\"thumbnailUrl\":\"https:\/\/osaka.ma\/wp-content\/uploads\/2024\/09\/1.jpg\",\"datePublished\":\"2024-09-27T18:06:09+00:00\",\"dateModified\":\"2025-10-07T23:46:24+00:00\",\"breadcrumb\":{\"@id\":\"https:\/\/osaka.ma\/product\/support-pc-portable\/#breadcrumb\"},\"inLanguage\":\"es-ES\",\"potentialAction\":[{\"@type\":\"ReadAction\",\"target\":[\"https:\/\/osaka.ma\/product\/support-pc-portable\/\"]}]},{\"@type\":\"ImageObject\",\"inLanguage\":\"es-ES\",\"@id\":\"https:\/\/osaka.ma\/product\/support-pc-portable\/#primaryimage\",\"url\":\"https:\/\/osaka.ma\/wp-content\/uploads\/2024\/09\/1.jpg\",\"contentUrl\":\"https:\/\/osaka.ma\/wp-content\/uploads\/2024\/09\/1.jpg\",\"width\":680,\"height\":680},{\"@type\":\"BreadcrumbList\",\"@id\":\"https:\/\/osaka.ma\/product\/support-pc-portable\/#breadcrumb\",\"itemListElement\":[{\"@type\":\"ListItem\",\"position\":1,\"name\":\"Home\",\"item\":\"https:\/\/osaka.ma\/\"},{\"@type\":\"ListItem\",\"position\":2,\"name\":\"Shop\",\"item\":\"https:\/\/osaka.ma\/shop-2\/\"},{\"@type\":\"ListItem\",\"position\":3,\"name\":\"SUPPORT PC PORTABLE\"}]},{\"@type\":\"WebSite\",\"@id\":\"https:\/\/osaka.ma\/#website\",\"url\":\"https:\/\/osaka.ma\/\",\"name\":\"Osaka\",\"description\":\"\",\"publisher\":{\"@id\":\"https:\/\/osaka.ma\/#organization\"},\"potentialAction\":[{\"@type\":\"SearchAction\",\"target\":{\"@type\":\"EntryPoint\",\"urlTemplate\":\"https:\/\/osaka.ma\/?s={search_term_string}\"},\"query-input\":{\"@type\":\"PropertyValueSpecification\",\"valueRequired\":true,\"valueName\":\"search_term_string\"}}],\"inLanguage\":\"es-ES\"},{\"@type\":\"Organization\",\"@id\":\"https:\/\/osaka.ma\/#organization\",\"name\":\"Osaka\",\"url\":\"https:\/\/osaka.ma\/\",\"logo\":{\"@type\":\"ImageObject\",\"inLanguage\":\"es-ES\",\"@id\":\"https:\/\/osaka.ma\/#\/schema\/logo\/image\/\",\"url\":\"https:\/\/osaka.ma\/wp-content\/uploads\/2026\/01\/model-slogan-logo-2Plan-de-travail-1dksl-plus-finnn.png\",\"contentUrl\":\"https:\/\/osaka.ma\/wp-content\/uploads\/2026\/01\/model-slogan-logo-2Plan-de-travail-1dksl-plus-finnn.png\",\"width\":842,\"height\":226,\"caption\":\"Osaka\"},\"image\":{\"@id\":\"https:\/\/osaka.ma\/#\/schema\/logo\/image\/\"}}]}<\/script>\n<!-- \/ Yoast SEO plugin. -->","yoast_head_json":{"title":"SUPPORT PC PORTABLE - Osaka","robots":{"index":"index","follow":"follow","max-snippet":"max-snippet:-1","max-image-preview":"max-image-preview:large","max-video-preview":"max-video-preview:-1"},"canonical":"https:\/\/osaka.ma\/product\/support-pc-portable\/","og_locale":"es_ES","og_type":"article","og_title":"SUPPORT PC PORTABLE - Osaka","og_url":"https:\/\/osaka.ma\/product\/support-pc-portable\/","og_site_name":"Osaka","article_modified_time":"2025-10-07T23:46:24+00:00","og_image":[{"width":680,"height":680,"url":"https:\/\/osaka.ma\/wp-content\/uploads\/2024\/09\/1.jpg","type":"image\/jpeg"}],"twitter_card":"summary_large_image","twitter_misc":{"Est. reading time":"2 minutes"},"schema":{"@context":"https:\/\/schema.org","@graph":[{"@type":"WebPage","@id":"https:\/\/osaka.ma\/product\/support-pc-portable\/","url":"https:\/\/osaka.ma\/product\/support-pc-portable\/","name":"SUPPORT PC PORTABLE - Osaka","isPartOf":{"@id":"https:\/\/osaka.ma\/#website"},"primaryImageOfPage":{"@id":"https:\/\/osaka.ma\/product\/support-pc-portable\/#primaryimage"},"image":{"@id":"https:\/\/osaka.ma\/product\/support-pc-portable\/#primaryimage"},"thumbnailUrl":"https:\/\/osaka.ma\/wp-content\/uploads\/2024\/09\/1.jpg","datePublished":"2024-09-27T18:06:09+00:00","dateModified":"2025-10-07T23:46:24+00:00","breadcrumb":{"@id":"https:\/\/osaka.ma\/product\/support-pc-portable\/#breadcrumb"},"inLanguage":"es-ES","potentialAction":[{"@type":"ReadAction","target":["https:\/\/osaka.ma\/product\/support-pc-portable\/"]}]},{"@type":"ImageObject","inLanguage":"es-ES","@id":"https:\/\/osaka.ma\/product\/support-pc-portable\/#primaryimage","url":"https:\/\/osaka.ma\/wp-content\/uploads\/2024\/09\/1.jpg","contentUrl":"https:\/\/osaka.ma\/wp-content\/uploads\/2024\/09\/1.jpg","width":680,"height":680},{"@type":"BreadcrumbList","@id":"https:\/\/osaka.ma\/product\/support-pc-portable\/#breadcrumb","itemListElement":[{"@type":"ListItem","position":1,"name":"Home","item":"https:\/\/osaka.ma\/"},{"@type":"ListItem","position":2,"name":"Shop","item":"https:\/\/osaka.ma\/shop-2\/"},{"@type":"ListItem","position":3,"name":"SUPPORT PC PORTABLE"}]},{"@type":"WebSite","@id":"https:\/\/osaka.ma\/#website","url":"https:\/\/osaka.ma\/","name":"Osaka","description":"","publisher":{"@id":"https:\/\/osaka.ma\/#organization"},"potentialAction":[{"@type":"SearchAction","target":{"@type":"EntryPoint","urlTemplate":"https:\/\/osaka.ma\/?s={search_term_string}"},"query-input":{"@type":"PropertyValueSpecification","valueRequired":true,"valueName":"search_term_string"}}],"inLanguage":"es-ES"},{"@type":"Organization","@id":"https:\/\/osaka.ma\/#organization","name":"Osaka","url":"https:\/\/osaka.ma\/","logo":{"@type":"ImageObject","inLanguage":"es-ES","@id":"https:\/\/osaka.ma\/#\/schema\/logo\/image\/","url":"https:\/\/osaka.ma\/wp-content\/uploads\/2026\/01\/model-slogan-logo-2Plan-de-travail-1dksl-plus-finnn.png","contentUrl":"https:\/\/osaka.ma\/wp-content\/uploads\/2026\/01\/model-slogan-logo-2Plan-de-travail-1dksl-plus-finnn.png","width":842,"height":226,"caption":"Osaka"},"image":{"@id":"https:\/\/osaka.ma\/#\/schema\/logo\/image\/"}}]}},"jetpack_sharing_enabled":true,"brands":[],"_links":{"self":[{"href":"https:\/\/osaka.ma\/es\/wp-json\/wp\/v2\/product\/10667","targetHints":{"allow":["GET"]}}],"collection":[{"href":"https:\/\/osaka.ma\/es\/wp-json\/wp\/v2\/product"}],"about":[{"href":"https:\/\/osaka.ma\/es\/wp-json\/wp\/v2\/types\/product"}],"version-history":[{"count":0,"href":"https:\/\/osaka.ma\/es\/wp-json\/wp\/v2\/product\/10667\/revisions"}],"wp:featuredmedia":[{"embeddable":true,"href":"https:\/\/osaka.ma\/es\/wp-json\/wp\/v2\/media\/1010671"}],"wp:attachment":[{"href":"https:\/\/osaka.ma\/es\/wp-json\/wp\/v2\/media?parent=10667"}],"wp:term":[{"taxonomy":"pwb-brand","embeddable":true,"href":"https:\/\/osaka.ma\/es\/wp-json\/wp\/v2\/pwb-brand?post=10667"},{"taxonomy":"product_brand","embeddable":true,"href":"https:\/\/osaka.ma\/es\/wp-json\/wp\/v2\/product_brand?post=10667"},{"taxonomy":"product_cat","embeddable":true,"href":"https:\/\/osaka.ma\/es\/wp-json\/wp\/v2\/product_cat?post=10667"},{"taxonomy":"product_tag","embeddable":true,"href":"https:\/\/osaka.ma\/es\/wp-json\/wp\/v2\/product_tag?post=10667"},{"taxonomy":"pcb_component_type","embeddable":true,"href":"https:\/\/osaka.ma\/es\/wp-json\/wp\/v2\/pcb_component_type?post=10667"}],"curies":[{"name":"wp","href":"https:\/\/api.w.org\/{rel}","templated":true}]}}