{"id":10856,"date":"2024-10-16T17:35:02","date_gmt":"2024-10-16T17:35:02","guid":{"rendered":"https:\/\/osaka.ma\/?post_type=product&#038;p=10856"},"modified":"2024-12-18T15:36:23","modified_gmt":"2024-12-18T15:36:23","slug":"acer-nitro-5-i7-11800h-16gb-512gb-ssd-rtx-3060-6gb-15-6-fhd-ips-144hz","status":"publish","type":"product","link":"https:\/\/osaka.ma\/es\/product\/acer-nitro-5-i7-11800h-16gb-512gb-ssd-rtx-3060-6gb-15-6-fhd-ips-144hz\/","title":{"rendered":"Acer Nitro 5 I7 11800H \/ 16GB \/ 512GB SSD \/ RTX 3060 6GB \/ 15.6&#8243; FHD IPS 144HZ"},"content":{"rendered":"<div class=\"logo\">\n<h2>CARACT\u00c9RISTIQUES PRINCIPALES :<\/h2>\n<ul>\n<li><strong>Intel Core i7-11800H<\/strong> (Total Cores\u00a08\u00a0&#8211;\u00a0Turbo Boost Max &#8211;\u00a04.60 GHz)\u00a016 Threads &#8211; Cache 24 Mo)<\/li>\n<li>16 Go de m\u00e9moire DDR4 3200 MHz (2x 8 Go &#8211; 2 slots &#8211; Maximum 32 Go)<\/li>\n<li>\u00c9cran de 15.6\u00a0pouces avec\u00a0<strong>dalle mate<\/strong>\u00a0et r\u00e9solution\u00a0<strong>Full HD<\/strong>\u00a0(1920 x 1080) et\u00a0<strong>fr\u00e9quence de 144 Hz<\/strong><\/li>\n<li><strong>Dalle IPS\u00a0<\/strong>: couleurs lumineuses et angles de vision larges<\/li>\n<li>Chipset graphique\u00a0<strong>NVIDIA GeForce RTX 3060 <\/strong>avec 6 Go de m\u00e9moire<\/li>\n<li><strong>SSD M.2 PCIe NVMe de 512 G<\/strong><strong>o<\/strong><\/li>\n<li>Communication sans fil\u00a0<strong>Wi-Fi 6\u00a0<\/strong>+\u00a0<strong>Bluetooth 5.1<\/strong><\/li>\n<li>Clavier avec\u00a0<strong>touches r\u00e9tro\u00e9clair\u00e9es RGB 4 zones<\/strong><\/li>\n<li>Refroidissement ma\u00eetris\u00e9 avec la technologie CoolBoost<\/li>\n<li>Haut-parleurs avec technologie DTS:X Ultra<\/li>\n<li>Jusqu&#8217;\u00e0 8\u00a0heures d&#8217;autonomie (selon l&#8217;utilisation)<\/li>\n<li>Surveillance et contr\u00f4le du syst\u00e8me avec Acer NitroSense<\/li>\n<li>Webcam HD 720p int\u00e9gr\u00e9e<\/li>\n<li>Comme Neuf<\/li>\n<\/ul>\n<p><img decoding=\"async\" class=\"aligncenter\" src=\"https:\/\/media.ldlc.com\/v3\/marque\/190\/C000001041.gif\" alt=\"Acer\" \/><\/p>\n<\/div>\n<div id=\"description\" class=\"description\">\n<div class=\"details-pdt-desc\">\n<h2 class=\"h2-master\">Confort de jeu sur un \u00e9cran 144 Hz<\/h2>\n<section>Gagnez en confort et en plaisir de jeu avec le PC portable Gamer Acer Nitro 5\u00a0 ! Cet ordinateur portable Acer est con\u00e7u pour offrir des performances remarquables et un haut niveau de confort de jeu ! Le <strong>PC portable Acer Nitro 5 AN515-45-R6CD<\/strong>\u00a0offre de hautes performances gr\u00e2ce \u00e0 son\u00a0<strong>processeur Intel Core i7-11800H<\/strong>, ses\u00a0<strong>16 Go de m\u00e9moire DDR4<\/strong>\u00a0et sa puce graphique\u00a0<strong>NVIDIA GeForce RTX 3060<\/strong> avec 6 Go de m\u00e9moire d\u00e9di\u00e9e. De plus, son <strong><strong>SSD M.2 PCIe de <\/strong><\/strong><strong>512 G<\/strong><strong>o <\/strong>apporte un fonctionnement rapide.<\/section>\n<section>\n<div class=\"desc-image\"><img decoding=\"async\" src=\"https:\/\/media.ldlc.com\/bo\/images\/fiches\/pc_portables\/acer\/nitro_5_an515-45\/acer_nitro_5_an515-45_001.jpg\" alt=\"\" \/><\/div>\n<div class=\"desc-text\">\n<h2>PERFORMANCES POUR LES GAMERS<\/h2>\n<p>\u00c9quip\u00e9 notamment d&#8217;un\u00a0<strong>processeurIntel Core i7-11800H<\/strong>, d&#8217;une\u00a0<strong>puce graphique NVIDIA GeForce RTX 3060<\/strong>\u00a0et d&#8217;un\u00a0<strong>SSD au format M.2 PCIe<\/strong>, le\u00a0<strong>PC portable Gamer Acer Nitro 5 <\/strong>\u00a0vous offre la vitesse et la performance dont vous avez besoin pour profiter d&#8217;une exp\u00e9rience Gaming de haute qualit\u00e9. Acc\u00e9l\u00e9r\u00e9e par l\u2019architecture NVIDIA, la puce GeForce RTX 3060 offre aux joueurs de hautes performances graphiques dans les meilleurs jeux du moment gr\u00e2ce \u00e0 la puissance ph\u00e9nom\u00e9nale du ray tracing en temps r\u00e9el et de l&#8217;intelligence artificielle.<\/p>\n<\/div>\n<\/section>\n<section>\n<div class=\"desc-text\">\n<h2>\u00c9CRAN IPS AVEC FR\u00c9QUENCE DE 144 HZ<\/h2>\n<p>Profitez d&#8217;un affichage de qualit\u00e9 avec l&#8217;\u00e9cran IPS de 15.6 pouces avec taux de rafraichissement de 144 Hz et temps de r\u00e9ponse de 3 ms ! M\u00eame au coeur de l&#8217;action, l&#8217;affichage sera d&#8217;une fluidit\u00e9 remarquable. Un atout indispensable pour mieux voir chaque d\u00e9tail et mieux pr\u00e9voir les actions adverses. La technologie IPS offre des couleurs riches et lumineuses avec des angles de vision larges, pour un affichage homog\u00e8ne des couleurs quelle que soit votre position devant l&#8217;\u00e9cran.<\/p>\n<\/div>\n<div class=\"desc-image\"><\/div>\n<\/section>\n<section>\n<div class=\"desc-image\"><img decoding=\"async\" src=\"https:\/\/media.ldlc.com\/bo\/images\/fiches\/pc_portables\/acer\/nitro5_an515_55\/803.jpg\" alt=\"\" \/><\/div>\n<div class=\"desc-text\">\n<h2>REFROIDISSEMENT COOLBOOST<\/h2>\n<p>Afin d&#8217;offrir des performances optimales \u00e0 tout instant, ce PC portable Gamer b\u00e9n\u00e9ficie d&#8217;un syst\u00e8me de refroidissement efficace : deux ventilateurs, la technologie Acer CoolBoost et une conception \u00e0 quatre fentes d&#8217;a\u00e9ration. La technologie CoolBoost augmente la vitesse des ventilateurs de 10 % et le refroidissement de votre puce graphique et de votre processeur de 9 % par rapport au mode automatique. De plus, vous pouvez surveiller et g\u00e9rer votre syst\u00e8me en temps r\u00e9el avec NitroSense, qui contr\u00f4le la temp\u00e9rature, la vitesse des ventilateurs et plus encore.<\/p>\n<\/div>\n<\/section>\n<section>\n<div class=\"desc-text\">\n<h2>QUALIT\u00c9 AUDIO IMMERSIVE<\/h2>\n<p>Prenez l&#8217;avantage sur vos adversaires et profitez d&#8217;une exp\u00e9rience plus immersive gr\u00e2ce \u00e0 un son de meilleure qualit\u00e9 offert par les deux haut-parleurs int\u00e9gr\u00e9s. En effet, gr\u00e2ce \u00e0 la technologie DTS:X Ultra, les sons sont clairs et peuvent \u00eatre diffus\u00e9s dans un paysage sonore spatial en 3D, ce qui vous permet d&#8217;entendre d&#8217;o\u00f9 viennent vos adversaires avec une meilleure pr\u00e9cision.<\/p>\n<\/div>\n<div class=\"desc-image\"><img decoding=\"async\" src=\"https:\/\/media.ldlc.com\/bo\/images\/fiches\/pc_portables\/acer\/nitro5_an515_55\/805.jpg\" alt=\"\" \/><\/div>\n<\/section>\n<\/div>\n<\/div>\n","protected":false},"excerpt":{"rendered":"<h2>CARACT\u00c9RISTIQUES PRINCIPALES :<\/h2>\n<ul>\n<li><strong>Intel Core i7-11800H<\/strong> (Total Cores\u00a08\u00a0&#8211;\u00a0Turbo Boost Max &#8211;\u00a04.60 GHz)\u00a016 Threads &#8211; Cache 24 Mo)<\/li>\n<li>16 Go de m\u00e9moire DDR4 3200 MHz (2x 8 Go &#8211; 2 slots &#8211; Maximum 32 Go)<\/li>\n<li>\u00c9cran de 15.6\u00a0pouces avec\u00a0<strong>dalle mate<\/strong>\u00a0et r\u00e9solution\u00a0<strong>Full HD<\/strong>\u00a0(1920 x 1080) et\u00a0<strong>fr\u00e9quence de 144 Hz<\/strong><\/li>\n<li><strong>Dalle IPS\u00a0<\/strong>: couleurs lumineuses et angles de vision larges<\/li>\n<li>Chipset graphique\u00a0<strong>NVIDIA GeForce RTX 3060 <\/strong>avec 6 Go de m\u00e9moire<\/li>\n<li><strong>SSD M.2 PCIe NVMe de 512 G<\/strong><strong>o<\/strong><\/li>\n<li>Communication sans fil\u00a0<strong>Wi-Fi 6\u00a0<\/strong>+\u00a0<strong>Bluetooth 5.1<\/strong><\/li>\n<li>Clavier avec\u00a0<strong>touches r\u00e9tro\u00e9clair\u00e9es RGB 4 zones<\/strong><\/li>\n<li>Refroidissement ma\u00eetris\u00e9 avec la technologie CoolBoost<\/li>\n<li>Haut-parleurs avec technologie DTS:X Ultra<\/li>\n<li>Jusqu&#8217;\u00e0 8\u00a0heures d&#8217;autonomie (selon l&#8217;utilisation)<\/li>\n<li>Surveillance et contr\u00f4le du syst\u00e8me avec Acer NitroSense<\/li>\n<li>Webcam HD 720p int\u00e9gr\u00e9e<\/li>\n<li>Comme Neuf<\/li>\n<\/ul>\n","protected":false},"featured_media":1009464,"template":"","meta":{"_acf_changed":false},"pwb-brand":[],"product_brand":[],"product_cat":[122,121,126],"product_tag":[],"pcb_component_type":[],"class_list":{"0":"post-10856","1":"product","2":"type-product","3":"status-publish","4":"has-post-thumbnail","6":"product_cat-gaming","7":"product_cat-pc-portable","8":"product_cat-professional","10":"first","11":"outofstock","12":"shipping-taxable","13":"product-type-simple"},"translation":{"provider":"WPGlobus","version":"3.0.2","language":"es","enabled_languages":["en","es","de","fr","ru"],"languages":{"en":{"title":true,"content":true,"excerpt":true},"es":{"title":false,"content":false,"excerpt":false},"de":{"title":false,"content":false,"excerpt":false},"fr":{"title":false,"content":false,"excerpt":false},"ru":{"title":false,"content":false,"excerpt":false}}},"acf":[],"yoast_head":"<!-- This site is optimized with the Yoast SEO plugin v27.2 - https:\/\/yoast.com\/product\/yoast-seo-wordpress\/ -->\n<title>Acer Nitro 5 I7 11800H \/ 16GB \/ 512GB SSD \/ RTX 3060 6GB \/ 15.6&quot; FHD IPS 144HZ - Osaka<\/title>\n<meta name=\"robots\" content=\"index, follow, max-snippet:-1, max-image-preview:large, max-video-preview:-1\" \/>\n<link rel=\"canonical\" href=\"https:\/\/osaka.ma\/fr\/product\/acer-nitro-5-i7-11800h-16gb-512gb-ssd-rtx-3060-6gb-15-6-fhd-ips-144hz\/\" \/>\n<meta property=\"og:locale\" content=\"es_ES\" \/>\n<meta property=\"og:type\" content=\"article\" \/>\n<meta property=\"og:title\" content=\"Acer Nitro 5 I7 11800H \/ 16GB \/ 512GB SSD \/ RTX 3060 6GB \/ 15.6&quot; FHD IPS 144HZ - Osaka\" \/>\n<meta property=\"og:url\" content=\"https:\/\/osaka.ma\/fr\/product\/acer-nitro-5-i7-11800h-16gb-512gb-ssd-rtx-3060-6gb-15-6-fhd-ips-144hz\/\" \/>\n<meta property=\"og:site_name\" content=\"Osaka\" \/>\n<meta property=\"article:modified_time\" content=\"2024-12-18T15:36:23+00:00\" \/>\n<meta property=\"og:image\" content=\"https:\/\/osaka.ma\/wp-content\/uploads\/2024\/06\/LD0005813424_1_0005831531_0005831536_0006110040.jpg\" \/>\n\t<meta property=\"og:image:width\" content=\"1600\" \/>\n\t<meta property=\"og:image:height\" content=\"1600\" \/>\n\t<meta property=\"og:image:type\" content=\"image\/jpeg\" \/>\n<meta name=\"twitter:card\" content=\"summary_large_image\" \/>\n<meta name=\"twitter:label1\" content=\"Est. reading time\" \/>\n\t<meta name=\"twitter:data1\" content=\"4 minutes\" \/>\n<script type=\"application\/ld+json\" class=\"yoast-schema-graph\">{\"@context\":\"https:\/\/schema.org\",\"@graph\":[{\"@type\":\"WebPage\",\"@id\":\"https:\/\/osaka.ma\/fr\/product\/acer-nitro-5-i7-11800h-16gb-512gb-ssd-rtx-3060-6gb-15-6-fhd-ips-144hz\/\",\"url\":\"https:\/\/osaka.ma\/fr\/product\/acer-nitro-5-i7-11800h-16gb-512gb-ssd-rtx-3060-6gb-15-6-fhd-ips-144hz\/\",\"name\":\"Acer Nitro 5 I7 11800H \/ 16GB \/ 512GB SSD \/ RTX 3060 6GB \/ 15.6\\\" FHD IPS 144HZ - Osaka\",\"isPartOf\":{\"@id\":\"https:\/\/osaka.ma\/#website\"},\"primaryImageOfPage\":{\"@id\":\"https:\/\/osaka.ma\/fr\/product\/acer-nitro-5-i7-11800h-16gb-512gb-ssd-rtx-3060-6gb-15-6-fhd-ips-144hz\/#primaryimage\"},\"image\":{\"@id\":\"https:\/\/osaka.ma\/fr\/product\/acer-nitro-5-i7-11800h-16gb-512gb-ssd-rtx-3060-6gb-15-6-fhd-ips-144hz\/#primaryimage\"},\"thumbnailUrl\":\"https:\/\/osaka.ma\/wp-content\/uploads\/2024\/06\/LD0005813424_1_0005831531_0005831536_0006110040.jpg\",\"datePublished\":\"2024-10-16T17:35:02+00:00\",\"dateModified\":\"2024-12-18T15:36:23+00:00\",\"breadcrumb\":{\"@id\":\"https:\/\/osaka.ma\/fr\/product\/acer-nitro-5-i7-11800h-16gb-512gb-ssd-rtx-3060-6gb-15-6-fhd-ips-144hz\/#breadcrumb\"},\"inLanguage\":\"es-ES\",\"potentialAction\":[{\"@type\":\"ReadAction\",\"target\":[\"https:\/\/osaka.ma\/fr\/product\/acer-nitro-5-i7-11800h-16gb-512gb-ssd-rtx-3060-6gb-15-6-fhd-ips-144hz\/\"]}]},{\"@type\":\"ImageObject\",\"inLanguage\":\"es-ES\",\"@id\":\"https:\/\/osaka.ma\/fr\/product\/acer-nitro-5-i7-11800h-16gb-512gb-ssd-rtx-3060-6gb-15-6-fhd-ips-144hz\/#primaryimage\",\"url\":\"https:\/\/osaka.ma\/wp-content\/uploads\/2024\/06\/LD0005813424_1_0005831531_0005831536_0006110040.jpg\",\"contentUrl\":\"https:\/\/osaka.ma\/wp-content\/uploads\/2024\/06\/LD0005813424_1_0005831531_0005831536_0006110040.jpg\",\"width\":1600,\"height\":1600},{\"@type\":\"BreadcrumbList\",\"@id\":\"https:\/\/osaka.ma\/fr\/product\/acer-nitro-5-i7-11800h-16gb-512gb-ssd-rtx-3060-6gb-15-6-fhd-ips-144hz\/#breadcrumb\",\"itemListElement\":[{\"@type\":\"ListItem\",\"position\":1,\"name\":\"Home\",\"item\":\"https:\/\/osaka.ma\/\"},{\"@type\":\"ListItem\",\"position\":2,\"name\":\"Shop\",\"item\":\"https:\/\/osaka.ma\/shop-2\/\"},{\"@type\":\"ListItem\",\"position\":3,\"name\":\"Acer Nitro 5 I7 11800H \/ 16GB \/ 512GB SSD \/ RTX 3060 6GB \/ 15.6&#8243; FHD IPS 144HZ\"}]},{\"@type\":\"WebSite\",\"@id\":\"https:\/\/osaka.ma\/#website\",\"url\":\"https:\/\/osaka.ma\/\",\"name\":\"Osaka\",\"description\":\"\",\"publisher\":{\"@id\":\"https:\/\/osaka.ma\/#organization\"},\"potentialAction\":[{\"@type\":\"SearchAction\",\"target\":{\"@type\":\"EntryPoint\",\"urlTemplate\":\"https:\/\/osaka.ma\/?s={search_term_string}\"},\"query-input\":{\"@type\":\"PropertyValueSpecification\",\"valueRequired\":true,\"valueName\":\"search_term_string\"}}],\"inLanguage\":\"es-ES\"},{\"@type\":\"Organization\",\"@id\":\"https:\/\/osaka.ma\/#organization\",\"name\":\"Osaka\",\"url\":\"https:\/\/osaka.ma\/\",\"logo\":{\"@type\":\"ImageObject\",\"inLanguage\":\"es-ES\",\"@id\":\"https:\/\/osaka.ma\/#\/schema\/logo\/image\/\",\"url\":\"https:\/\/osaka.ma\/wp-content\/uploads\/2026\/01\/model-slogan-logo-2Plan-de-travail-1dksl-plus-finnn.png\",\"contentUrl\":\"https:\/\/osaka.ma\/wp-content\/uploads\/2026\/01\/model-slogan-logo-2Plan-de-travail-1dksl-plus-finnn.png\",\"width\":842,\"height\":226,\"caption\":\"Osaka\"},\"image\":{\"@id\":\"https:\/\/osaka.ma\/#\/schema\/logo\/image\/\"}}]}<\/script>\n<!-- \/ Yoast SEO plugin. -->","yoast_head_json":{"title":"Acer Nitro 5 I7 11800H \/ 16GB \/ 512GB SSD \/ RTX 3060 6GB \/ 15.6\" FHD IPS 144HZ - Osaka","robots":{"index":"index","follow":"follow","max-snippet":"max-snippet:-1","max-image-preview":"max-image-preview:large","max-video-preview":"max-video-preview:-1"},"canonical":"https:\/\/osaka.ma\/fr\/product\/acer-nitro-5-i7-11800h-16gb-512gb-ssd-rtx-3060-6gb-15-6-fhd-ips-144hz\/","og_locale":"es_ES","og_type":"article","og_title":"Acer Nitro 5 I7 11800H \/ 16GB \/ 512GB SSD \/ RTX 3060 6GB \/ 15.6\" FHD IPS 144HZ - Osaka","og_url":"https:\/\/osaka.ma\/fr\/product\/acer-nitro-5-i7-11800h-16gb-512gb-ssd-rtx-3060-6gb-15-6-fhd-ips-144hz\/","og_site_name":"Osaka","article_modified_time":"2024-12-18T15:36:23+00:00","og_image":[{"width":1600,"height":1600,"url":"https:\/\/osaka.ma\/wp-content\/uploads\/2024\/06\/LD0005813424_1_0005831531_0005831536_0006110040.jpg","type":"image\/jpeg"}],"twitter_card":"summary_large_image","twitter_misc":{"Est. reading time":"4 minutes"},"schema":{"@context":"https:\/\/schema.org","@graph":[{"@type":"WebPage","@id":"https:\/\/osaka.ma\/fr\/product\/acer-nitro-5-i7-11800h-16gb-512gb-ssd-rtx-3060-6gb-15-6-fhd-ips-144hz\/","url":"https:\/\/osaka.ma\/fr\/product\/acer-nitro-5-i7-11800h-16gb-512gb-ssd-rtx-3060-6gb-15-6-fhd-ips-144hz\/","name":"Acer Nitro 5 I7 11800H \/ 16GB \/ 512GB SSD \/ RTX 3060 6GB \/ 15.6\" FHD IPS 144HZ - Osaka","isPartOf":{"@id":"https:\/\/osaka.ma\/#website"},"primaryImageOfPage":{"@id":"https:\/\/osaka.ma\/fr\/product\/acer-nitro-5-i7-11800h-16gb-512gb-ssd-rtx-3060-6gb-15-6-fhd-ips-144hz\/#primaryimage"},"image":{"@id":"https:\/\/osaka.ma\/fr\/product\/acer-nitro-5-i7-11800h-16gb-512gb-ssd-rtx-3060-6gb-15-6-fhd-ips-144hz\/#primaryimage"},"thumbnailUrl":"https:\/\/osaka.ma\/wp-content\/uploads\/2024\/06\/LD0005813424_1_0005831531_0005831536_0006110040.jpg","datePublished":"2024-10-16T17:35:02+00:00","dateModified":"2024-12-18T15:36:23+00:00","breadcrumb":{"@id":"https:\/\/osaka.ma\/fr\/product\/acer-nitro-5-i7-11800h-16gb-512gb-ssd-rtx-3060-6gb-15-6-fhd-ips-144hz\/#breadcrumb"},"inLanguage":"es-ES","potentialAction":[{"@type":"ReadAction","target":["https:\/\/osaka.ma\/fr\/product\/acer-nitro-5-i7-11800h-16gb-512gb-ssd-rtx-3060-6gb-15-6-fhd-ips-144hz\/"]}]},{"@type":"ImageObject","inLanguage":"es-ES","@id":"https:\/\/osaka.ma\/fr\/product\/acer-nitro-5-i7-11800h-16gb-512gb-ssd-rtx-3060-6gb-15-6-fhd-ips-144hz\/#primaryimage","url":"https:\/\/osaka.ma\/wp-content\/uploads\/2024\/06\/LD0005813424_1_0005831531_0005831536_0006110040.jpg","contentUrl":"https:\/\/osaka.ma\/wp-content\/uploads\/2024\/06\/LD0005813424_1_0005831531_0005831536_0006110040.jpg","width":1600,"height":1600},{"@type":"BreadcrumbList","@id":"https:\/\/osaka.ma\/fr\/product\/acer-nitro-5-i7-11800h-16gb-512gb-ssd-rtx-3060-6gb-15-6-fhd-ips-144hz\/#breadcrumb","itemListElement":[{"@type":"ListItem","position":1,"name":"Home","item":"https:\/\/osaka.ma\/"},{"@type":"ListItem","position":2,"name":"Shop","item":"https:\/\/osaka.ma\/shop-2\/"},{"@type":"ListItem","position":3,"name":"Acer Nitro 5 I7 11800H \/ 16GB \/ 512GB SSD \/ RTX 3060 6GB \/ 15.6&#8243; FHD IPS 144HZ"}]},{"@type":"WebSite","@id":"https:\/\/osaka.ma\/#website","url":"https:\/\/osaka.ma\/","name":"Osaka","description":"","publisher":{"@id":"https:\/\/osaka.ma\/#organization"},"potentialAction":[{"@type":"SearchAction","target":{"@type":"EntryPoint","urlTemplate":"https:\/\/osaka.ma\/?s={search_term_string}"},"query-input":{"@type":"PropertyValueSpecification","valueRequired":true,"valueName":"search_term_string"}}],"inLanguage":"es-ES"},{"@type":"Organization","@id":"https:\/\/osaka.ma\/#organization","name":"Osaka","url":"https:\/\/osaka.ma\/","logo":{"@type":"ImageObject","inLanguage":"es-ES","@id":"https:\/\/osaka.ma\/#\/schema\/logo\/image\/","url":"https:\/\/osaka.ma\/wp-content\/uploads\/2026\/01\/model-slogan-logo-2Plan-de-travail-1dksl-plus-finnn.png","contentUrl":"https:\/\/osaka.ma\/wp-content\/uploads\/2026\/01\/model-slogan-logo-2Plan-de-travail-1dksl-plus-finnn.png","width":842,"height":226,"caption":"Osaka"},"image":{"@id":"https:\/\/osaka.ma\/#\/schema\/logo\/image\/"}}]}},"jetpack_sharing_enabled":true,"brands":[],"_links":{"self":[{"href":"https:\/\/osaka.ma\/es\/wp-json\/wp\/v2\/product\/10856","targetHints":{"allow":["GET"]}}],"collection":[{"href":"https:\/\/osaka.ma\/es\/wp-json\/wp\/v2\/product"}],"about":[{"href":"https:\/\/osaka.ma\/es\/wp-json\/wp\/v2\/types\/product"}],"version-history":[{"count":0,"href":"https:\/\/osaka.ma\/es\/wp-json\/wp\/v2\/product\/10856\/revisions"}],"wp:featuredmedia":[{"embeddable":true,"href":"https:\/\/osaka.ma\/es\/wp-json\/wp\/v2\/media\/1009464"}],"wp:attachment":[{"href":"https:\/\/osaka.ma\/es\/wp-json\/wp\/v2\/media?parent=10856"}],"wp:term":[{"taxonomy":"pwb-brand","embeddable":true,"href":"https:\/\/osaka.ma\/es\/wp-json\/wp\/v2\/pwb-brand?post=10856"},{"taxonomy":"product_brand","embeddable":true,"href":"https:\/\/osaka.ma\/es\/wp-json\/wp\/v2\/product_brand?post=10856"},{"taxonomy":"product_cat","embeddable":true,"href":"https:\/\/osaka.ma\/es\/wp-json\/wp\/v2\/product_cat?post=10856"},{"taxonomy":"product_tag","embeddable":true,"href":"https:\/\/osaka.ma\/es\/wp-json\/wp\/v2\/product_tag?post=10856"},{"taxonomy":"pcb_component_type","embeddable":true,"href":"https:\/\/osaka.ma\/es\/wp-json\/wp\/v2\/pcb_component_type?post=10856"}],"curies":[{"name":"wp","href":"https:\/\/api.w.org\/{rel}","templated":true}]}}