{"id":10916,"date":"2024-10-21T11:16:36","date_gmt":"2024-10-21T11:16:36","guid":{"rendered":"https:\/\/osaka.ma\/?post_type=product&#038;p=10916"},"modified":"2024-12-18T15:36:24","modified_gmt":"2024-12-18T15:36:24","slug":"asus-rog-strix-g16-i7-13650hx-32gb-1tb-g4-rtx-4070-8gb-16-wuxga-165hz","status":"publish","type":"product","link":"https:\/\/osaka.ma\/es\/product\/asus-rog-strix-g16-i7-13650hx-32gb-1tb-g4-rtx-4070-8gb-16-wuxga-165hz\/","title":{"rendered":"ASUS ROG STRIX G16 i7 13650HX\/ 32GB\/ 1TB G4\/ RTX 4070 8GB\/ 16&#8243; WUXGA 165HZ"},"content":{"rendered":"<div class=\"logo\"><a href=\"https:\/\/www.ldlc.com\/asus\/bint000000806\/\" rel=\"nofollow noopener\" target=\"_blank\"><img decoding=\"async\" src=\"https:\/\/media.ldlc.com\/v3\/marque\/bo\/00\/05\/62\/42\/V30005624251_2.jpg\" alt=\"ASUS\" \/><\/a><\/div>\n<div id=\"description\" class=\"description\">\n<div class=\"details-pdt-desc\">\n<h2 class=\"h2-master\">Confort et hautes performances avec un \u00e9cran 165 Hz<\/h2>\n<section>Le\u00a0<strong>PC Portable Gaming ASUS ROG STRIX G16<\/strong> vous permettra de jouer dans les meilleures conditions \u00e0 vos jeux PC favoris gr\u00e2ce \u00e0 des composants ultra-performants, un \u00e9cran 165 Hz et une conception haut de gamme qui ne laisse rien au hasard. Le PC portable Gamer ASUS ROG STRIX-G16-G614JV-N3076W offre de hautes performances gr\u00e2ce \u00e0 son<strong> processeur Intel Core i7-13650HX,<\/strong> ses 32 Go de m\u00e9moire DDR5, son<strong> SSD M.2 PCIe 4.0 de 1 To<\/strong>\u00a0et sa\u00a0<strong>puce graphique NVIDIA GeForce RTX 4070<\/strong>.<\/section>\n<section>\n<div class=\"desc-image\"><img decoding=\"async\" src=\"https:\/\/media.ldlc.com\/bo\/images\/fiches\/pc_portables\/asus\/g614\/800_1.jpg\" alt=\"\" \/><\/div>\n<div class=\"desc-text\">\n<h2>PERFORMANCES POUR LES GAMERS<\/h2>\n<p>En plus de ses composants ultra-performants nouvelle g\u00e9n\u00e9ration, le ROG Strix G16 b\u00e9n\u00e9ficie d&#8217;un superbe design. Avec son processeur Intel Core i7-13650HX et sa puce graphique GeForce RTX s\u00e9rie 4000, ce PC portable ASUS se montrera capable de vous hisser au plus pr\u00e8s des joueurs professionnels.<\/p>\n<\/div>\n<\/section>\n<section>\n<div class=\"desc-text\">\n<h2>AFFICHAGE FLUIDE AVEC UN \u00c9CRAN 165 HZ<\/h2>\n<p>Avec cet ordinateur portable de jeu aux vitesses d&#8217;affichage ultrarapides, mettez-vous dans la peau d&#8217;un professionnel de l&#8217;eSport ! La\u00a0<strong>dalle\u00a0 de 165 Hz \/ 3 ms<\/strong>\u00a0permet de jouer aux meilleurs jeux FPS du moment afin que vous soyez toujours au meilleur niveau, pr\u00eat \u00e0 c\u00f4toyer l&#8217;\u00e9lite. Ultrarapide, la fr\u00e9quence de rafra\u00eechissement de 165 Hz fluidifie consid\u00e9rablement les images qu&#8217;affichent les jeux d&#8217;action rapide tandis que le temps de r\u00e9ponse (gris-\u00e0-gris) de 3 ms r\u00e9duit le flou cin\u00e9tique afin que vous puissiez traquer l&#8217;ennemi avec une pr\u00e9cision renouvel\u00e9e. Prenez l&#8217;avantage lors des combats dans lesquels la rapidit\u00e9 et le sens aiguis\u00e9 de l&#8217;environnement de jeu sont essentiels \u00e0 toute victoire.<\/p>\n<\/div>\n<div class=\"desc-image\"><img decoding=\"async\" src=\"https:\/\/media.ldlc.com\/bo\/images\/fiches\/pc_portables\/asus\/g614\/800_165hz.jpg\" alt=\"\" \/><\/div>\n<\/section>\n<section>\n<div class=\"desc-image\"><img decoding=\"async\" src=\"https:\/\/media.ldlc.com\/bo\/images\/fiches\/pc_portables\/asus\/g614\/800_3.jpg\" alt=\"\" \/><\/div>\n<div class=\"desc-text\">\n<h2>REFROIDISSEMENT PERFORMANT<\/h2>\n<p>La philosophie du refroidissement intelligent ROG r\u00e9side dans son alliance entre fonctionnalit\u00e9s utiles et param\u00e8tres syst\u00e8me correctement ajust\u00e9s pour garantir la meilleure exp\u00e9rience possible au niveau du ch\u00e2ssis et des composants. Les performances du PC sont boost\u00e9es gr\u00e2ce \u00e0 l&#8217;utilisation d&#8217;une p\u00e2te thermique fabriqu\u00e9e \u00e0 partir de m\u00e9tal liquide et appliqu\u00e9e directement sur le processeur. De plus, le design du ch\u00e2ssis am\u00e9liore la ventilation pour minimiser les niveaux de bruit en comparaison avec les g\u00e9n\u00e9rations pr\u00e9c\u00e9dentes.<\/p>\n<\/div>\n<\/section>\n<section class=\"list\">\n<h2>CARACT\u00c9RISTIQUES PRINCIPALES :<\/h2>\n<ul>\n<li><strong>ProcesseurIntel Core i7-13650HX\u00a0<\/strong>(6 Performance-Cores 4.90 GHz Turbo + 8 Efficient-Cores 3.60 GHz Turbo &#8211; 20 Threads &#8211; Cache 24 Mo)<\/li>\n<li>32 Go de m\u00e9moire vive DDR5 5200 MHz (2 x 16 Go &#8211; 2 slots &#8211; maximum 32 Go au total)<\/li>\n<li>Ecran de niveau IPS 16&#8243; avec r\u00e9solution \u00a0WUXGA 16\/10 (1920 x 1200 pixels) et <strong>fr\u00e9quence de 165 Hz<\/strong><\/li>\n<li>Puce graphique\u00a0<strong>NVIDIA GeForce RTX 4070<\/strong> avec 8 Go de m\u00e9moire d\u00e9di\u00e9e GDDR6<\/li>\n<li><strong>SSD M.2 PCIe 4.0 de \u00a01 To<\/strong><\/li>\n<li>Communication sans fil performante :\u00a0Wi-Fi 6E + Bluetooth\u00a05.2<\/li>\n<li>Clavier gaming avec touches r\u00e9tro\u00e9clair\u00e9es RGB 4 zones<\/li>\n<li>Haut-parleurs int\u00e9gr\u00e9s 2 x 1W avec technologie Smart Amp<\/li>\n<li><b>Windows 11 Famille<\/b><\/li>\n<li>Comme Neuf utilis\u00e9 pendant 2 mois<\/li>\n<\/ul>\n<\/section>\n<\/div>\n<\/div>\n","protected":false},"excerpt":{"rendered":"<h2>CARACT\u00c9RISTIQUES PRINCIPALES :<\/h2>\n<ul>\n<li><strong>ProcesseurIntel Core i7-13650HX\u00a0<\/strong>(6 Performance-Cores 4.90 GHz Turbo + 8 Efficient-Cores 3.60 GHz Turbo &#8211; 20 Threads &#8211; Cache 24 Mo)<\/li>\n<li>32 Go de m\u00e9moire vive DDR5 5200 MHz (2 x 16 Go &#8211; 2 slots &#8211; maximum 32 Go au total)<\/li>\n<li>Ecran de niveau IPS 16&#8243; avec r\u00e9solution \u00a0WUXGA 16\/10 (1920 x 1200 pixels) et <strong>fr\u00e9quence de 165 Hz<\/strong><\/li>\n<li>Puce graphique\u00a0<strong>NVIDIA GeForce RTX 4070<\/strong> avec 8 Go de m\u00e9moire d\u00e9di\u00e9e GDDR6<\/li>\n<li><strong>SSD M.2 PCIe 4.0 de \u00a01 To<\/strong><\/li>\n<li>Communication sans fil performante :\u00a0Wi-Fi 6E + Bluetooth\u00a05.2<\/li>\n<li>Clavier gaming avec touches r\u00e9tro\u00e9clair\u00e9es RGB 4 zones<\/li>\n<li>Haut-parleurs int\u00e9gr\u00e9s 2 x 1W avec technologie Smart Amp<\/li>\n<li><b>Windows 11 Famille<\/b><\/li>\n<li>Comme Neuf utilis\u00e9 pendant 2 mois<\/li>\n<\/ul>\n","protected":false},"featured_media":1010707,"template":"","meta":{"_acf_changed":false},"pwb-brand":[],"product_brand":[],"product_cat":[122,121,126],"product_tag":[],"pcb_component_type":[],"class_list":{"0":"post-10916","1":"product","2":"type-product","3":"status-publish","4":"has-post-thumbnail","6":"product_cat-gaming","7":"product_cat-pc-portable","8":"product_cat-professional","10":"first","11":"outofstock","12":"shipping-taxable","13":"product-type-simple"},"translation":{"provider":"WPGlobus","version":"3.0.2","language":"es","enabled_languages":["en","es","de","fr","ru"],"languages":{"en":{"title":true,"content":true,"excerpt":true},"es":{"title":false,"content":false,"excerpt":false},"de":{"title":false,"content":false,"excerpt":false},"fr":{"title":false,"content":false,"excerpt":false},"ru":{"title":false,"content":false,"excerpt":false}}},"acf":[],"yoast_head":"<!-- This site is optimized with the Yoast SEO plugin v27.2 - https:\/\/yoast.com\/product\/yoast-seo-wordpress\/ -->\n<title>ASUS ROG STRIX G16 i7 13650HX\/ 32GB\/ 1TB G4\/ RTX 4070 8GB\/ 16&quot; WUXGA 165HZ - Osaka<\/title>\n<meta name=\"robots\" content=\"index, follow, max-snippet:-1, max-image-preview:large, max-video-preview:-1\" \/>\n<link rel=\"canonical\" href=\"https:\/\/osaka.ma\/ru\/product\/asus-rog-strix-g16-i7-13650hx-32gb-1tb-g4-rtx-4070-8gb-16-wuxga-165hz\/\" \/>\n<meta property=\"og:locale\" content=\"es_ES\" \/>\n<meta property=\"og:type\" content=\"article\" \/>\n<meta property=\"og:title\" content=\"ASUS ROG STRIX G16 i7 13650HX\/ 32GB\/ 1TB G4\/ RTX 4070 8GB\/ 16&quot; WUXGA 165HZ - Osaka\" \/>\n<meta property=\"og:url\" content=\"https:\/\/osaka.ma\/ru\/product\/asus-rog-strix-g16-i7-13650hx-32gb-1tb-g4-rtx-4070-8gb-16-wuxga-165hz\/\" \/>\n<meta property=\"og:site_name\" content=\"Osaka\" \/>\n<meta property=\"article:modified_time\" content=\"2024-12-18T15:36:24+00:00\" \/>\n<meta property=\"og:image\" content=\"https:\/\/osaka.ma\/wp-content\/uploads\/2024\/09\/asus-rog-strix-g16-g614-2-removebg-preview.png\" \/>\n\t<meta property=\"og:image:width\" content=\"669\" \/>\n\t<meta property=\"og:image:height\" content=\"664\" \/>\n\t<meta property=\"og:image:type\" content=\"image\/png\" \/>\n<meta name=\"twitter:card\" content=\"summary_large_image\" \/>\n<meta name=\"twitter:label1\" content=\"Est. reading time\" \/>\n\t<meta name=\"twitter:data1\" content=\"3 minutes\" \/>\n<script type=\"application\/ld+json\" class=\"yoast-schema-graph\">{\"@context\":\"https:\/\/schema.org\",\"@graph\":[{\"@type\":\"WebPage\",\"@id\":\"https:\/\/osaka.ma\/ru\/product\/asus-rog-strix-g16-i7-13650hx-32gb-1tb-g4-rtx-4070-8gb-16-wuxga-165hz\/\",\"url\":\"https:\/\/osaka.ma\/ru\/product\/asus-rog-strix-g16-i7-13650hx-32gb-1tb-g4-rtx-4070-8gb-16-wuxga-165hz\/\",\"name\":\"ASUS ROG STRIX G16 i7 13650HX\/ 32GB\/ 1TB G4\/ RTX 4070 8GB\/ 16\\\" WUXGA 165HZ - Osaka\",\"isPartOf\":{\"@id\":\"https:\/\/osaka.ma\/#website\"},\"primaryImageOfPage\":{\"@id\":\"https:\/\/osaka.ma\/ru\/product\/asus-rog-strix-g16-i7-13650hx-32gb-1tb-g4-rtx-4070-8gb-16-wuxga-165hz\/#primaryimage\"},\"image\":{\"@id\":\"https:\/\/osaka.ma\/ru\/product\/asus-rog-strix-g16-i7-13650hx-32gb-1tb-g4-rtx-4070-8gb-16-wuxga-165hz\/#primaryimage\"},\"thumbnailUrl\":\"https:\/\/osaka.ma\/wp-content\/uploads\/2024\/09\/asus-rog-strix-g16-g614-2-removebg-preview.png\",\"datePublished\":\"2024-10-21T11:16:36+00:00\",\"dateModified\":\"2024-12-18T15:36:24+00:00\",\"breadcrumb\":{\"@id\":\"https:\/\/osaka.ma\/ru\/product\/asus-rog-strix-g16-i7-13650hx-32gb-1tb-g4-rtx-4070-8gb-16-wuxga-165hz\/#breadcrumb\"},\"inLanguage\":\"es-ES\",\"potentialAction\":[{\"@type\":\"ReadAction\",\"target\":[\"https:\/\/osaka.ma\/ru\/product\/asus-rog-strix-g16-i7-13650hx-32gb-1tb-g4-rtx-4070-8gb-16-wuxga-165hz\/\"]}]},{\"@type\":\"ImageObject\",\"inLanguage\":\"es-ES\",\"@id\":\"https:\/\/osaka.ma\/ru\/product\/asus-rog-strix-g16-i7-13650hx-32gb-1tb-g4-rtx-4070-8gb-16-wuxga-165hz\/#primaryimage\",\"url\":\"https:\/\/osaka.ma\/wp-content\/uploads\/2024\/09\/asus-rog-strix-g16-g614-2-removebg-preview.png\",\"contentUrl\":\"https:\/\/osaka.ma\/wp-content\/uploads\/2024\/09\/asus-rog-strix-g16-g614-2-removebg-preview.png\",\"width\":669,\"height\":664},{\"@type\":\"BreadcrumbList\",\"@id\":\"https:\/\/osaka.ma\/ru\/product\/asus-rog-strix-g16-i7-13650hx-32gb-1tb-g4-rtx-4070-8gb-16-wuxga-165hz\/#breadcrumb\",\"itemListElement\":[{\"@type\":\"ListItem\",\"position\":1,\"name\":\"Home\",\"item\":\"https:\/\/osaka.ma\/\"},{\"@type\":\"ListItem\",\"position\":2,\"name\":\"Shop\",\"item\":\"https:\/\/osaka.ma\/shop-2\/\"},{\"@type\":\"ListItem\",\"position\":3,\"name\":\"ASUS ROG STRIX G16 i7 13650HX\/ 32GB\/ 1TB G4\/ RTX 4070 8GB\/ 16&#8243; WUXGA 165HZ\"}]},{\"@type\":\"WebSite\",\"@id\":\"https:\/\/osaka.ma\/#website\",\"url\":\"https:\/\/osaka.ma\/\",\"name\":\"Osaka\",\"description\":\"\",\"publisher\":{\"@id\":\"https:\/\/osaka.ma\/#organization\"},\"potentialAction\":[{\"@type\":\"SearchAction\",\"target\":{\"@type\":\"EntryPoint\",\"urlTemplate\":\"https:\/\/osaka.ma\/?s={search_term_string}\"},\"query-input\":{\"@type\":\"PropertyValueSpecification\",\"valueRequired\":true,\"valueName\":\"search_term_string\"}}],\"inLanguage\":\"es-ES\"},{\"@type\":\"Organization\",\"@id\":\"https:\/\/osaka.ma\/#organization\",\"name\":\"Osaka\",\"url\":\"https:\/\/osaka.ma\/\",\"logo\":{\"@type\":\"ImageObject\",\"inLanguage\":\"es-ES\",\"@id\":\"https:\/\/osaka.ma\/#\/schema\/logo\/image\/\",\"url\":\"https:\/\/osaka.ma\/wp-content\/uploads\/2026\/01\/model-slogan-logo-2Plan-de-travail-1dksl-plus-finnn.png\",\"contentUrl\":\"https:\/\/osaka.ma\/wp-content\/uploads\/2026\/01\/model-slogan-logo-2Plan-de-travail-1dksl-plus-finnn.png\",\"width\":842,\"height\":226,\"caption\":\"Osaka\"},\"image\":{\"@id\":\"https:\/\/osaka.ma\/#\/schema\/logo\/image\/\"}}]}<\/script>\n<!-- \/ Yoast SEO plugin. -->","yoast_head_json":{"title":"ASUS ROG STRIX G16 i7 13650HX\/ 32GB\/ 1TB G4\/ RTX 4070 8GB\/ 16\" WUXGA 165HZ - Osaka","robots":{"index":"index","follow":"follow","max-snippet":"max-snippet:-1","max-image-preview":"max-image-preview:large","max-video-preview":"max-video-preview:-1"},"canonical":"https:\/\/osaka.ma\/ru\/product\/asus-rog-strix-g16-i7-13650hx-32gb-1tb-g4-rtx-4070-8gb-16-wuxga-165hz\/","og_locale":"es_ES","og_type":"article","og_title":"ASUS ROG STRIX G16 i7 13650HX\/ 32GB\/ 1TB G4\/ RTX 4070 8GB\/ 16\" WUXGA 165HZ - Osaka","og_url":"https:\/\/osaka.ma\/ru\/product\/asus-rog-strix-g16-i7-13650hx-32gb-1tb-g4-rtx-4070-8gb-16-wuxga-165hz\/","og_site_name":"Osaka","article_modified_time":"2024-12-18T15:36:24+00:00","og_image":[{"width":669,"height":664,"url":"https:\/\/osaka.ma\/wp-content\/uploads\/2024\/09\/asus-rog-strix-g16-g614-2-removebg-preview.png","type":"image\/png"}],"twitter_card":"summary_large_image","twitter_misc":{"Est. reading time":"3 minutes"},"schema":{"@context":"https:\/\/schema.org","@graph":[{"@type":"WebPage","@id":"https:\/\/osaka.ma\/ru\/product\/asus-rog-strix-g16-i7-13650hx-32gb-1tb-g4-rtx-4070-8gb-16-wuxga-165hz\/","url":"https:\/\/osaka.ma\/ru\/product\/asus-rog-strix-g16-i7-13650hx-32gb-1tb-g4-rtx-4070-8gb-16-wuxga-165hz\/","name":"ASUS ROG STRIX G16 i7 13650HX\/ 32GB\/ 1TB G4\/ RTX 4070 8GB\/ 16\" WUXGA 165HZ - Osaka","isPartOf":{"@id":"https:\/\/osaka.ma\/#website"},"primaryImageOfPage":{"@id":"https:\/\/osaka.ma\/ru\/product\/asus-rog-strix-g16-i7-13650hx-32gb-1tb-g4-rtx-4070-8gb-16-wuxga-165hz\/#primaryimage"},"image":{"@id":"https:\/\/osaka.ma\/ru\/product\/asus-rog-strix-g16-i7-13650hx-32gb-1tb-g4-rtx-4070-8gb-16-wuxga-165hz\/#primaryimage"},"thumbnailUrl":"https:\/\/osaka.ma\/wp-content\/uploads\/2024\/09\/asus-rog-strix-g16-g614-2-removebg-preview.png","datePublished":"2024-10-21T11:16:36+00:00","dateModified":"2024-12-18T15:36:24+00:00","breadcrumb":{"@id":"https:\/\/osaka.ma\/ru\/product\/asus-rog-strix-g16-i7-13650hx-32gb-1tb-g4-rtx-4070-8gb-16-wuxga-165hz\/#breadcrumb"},"inLanguage":"es-ES","potentialAction":[{"@type":"ReadAction","target":["https:\/\/osaka.ma\/ru\/product\/asus-rog-strix-g16-i7-13650hx-32gb-1tb-g4-rtx-4070-8gb-16-wuxga-165hz\/"]}]},{"@type":"ImageObject","inLanguage":"es-ES","@id":"https:\/\/osaka.ma\/ru\/product\/asus-rog-strix-g16-i7-13650hx-32gb-1tb-g4-rtx-4070-8gb-16-wuxga-165hz\/#primaryimage","url":"https:\/\/osaka.ma\/wp-content\/uploads\/2024\/09\/asus-rog-strix-g16-g614-2-removebg-preview.png","contentUrl":"https:\/\/osaka.ma\/wp-content\/uploads\/2024\/09\/asus-rog-strix-g16-g614-2-removebg-preview.png","width":669,"height":664},{"@type":"BreadcrumbList","@id":"https:\/\/osaka.ma\/ru\/product\/asus-rog-strix-g16-i7-13650hx-32gb-1tb-g4-rtx-4070-8gb-16-wuxga-165hz\/#breadcrumb","itemListElement":[{"@type":"ListItem","position":1,"name":"Home","item":"https:\/\/osaka.ma\/"},{"@type":"ListItem","position":2,"name":"Shop","item":"https:\/\/osaka.ma\/shop-2\/"},{"@type":"ListItem","position":3,"name":"ASUS ROG STRIX G16 i7 13650HX\/ 32GB\/ 1TB G4\/ RTX 4070 8GB\/ 16&#8243; WUXGA 165HZ"}]},{"@type":"WebSite","@id":"https:\/\/osaka.ma\/#website","url":"https:\/\/osaka.ma\/","name":"Osaka","description":"","publisher":{"@id":"https:\/\/osaka.ma\/#organization"},"potentialAction":[{"@type":"SearchAction","target":{"@type":"EntryPoint","urlTemplate":"https:\/\/osaka.ma\/?s={search_term_string}"},"query-input":{"@type":"PropertyValueSpecification","valueRequired":true,"valueName":"search_term_string"}}],"inLanguage":"es-ES"},{"@type":"Organization","@id":"https:\/\/osaka.ma\/#organization","name":"Osaka","url":"https:\/\/osaka.ma\/","logo":{"@type":"ImageObject","inLanguage":"es-ES","@id":"https:\/\/osaka.ma\/#\/schema\/logo\/image\/","url":"https:\/\/osaka.ma\/wp-content\/uploads\/2026\/01\/model-slogan-logo-2Plan-de-travail-1dksl-plus-finnn.png","contentUrl":"https:\/\/osaka.ma\/wp-content\/uploads\/2026\/01\/model-slogan-logo-2Plan-de-travail-1dksl-plus-finnn.png","width":842,"height":226,"caption":"Osaka"},"image":{"@id":"https:\/\/osaka.ma\/#\/schema\/logo\/image\/"}}]}},"jetpack_sharing_enabled":true,"brands":[],"_links":{"self":[{"href":"https:\/\/osaka.ma\/es\/wp-json\/wp\/v2\/product\/10916","targetHints":{"allow":["GET"]}}],"collection":[{"href":"https:\/\/osaka.ma\/es\/wp-json\/wp\/v2\/product"}],"about":[{"href":"https:\/\/osaka.ma\/es\/wp-json\/wp\/v2\/types\/product"}],"version-history":[{"count":0,"href":"https:\/\/osaka.ma\/es\/wp-json\/wp\/v2\/product\/10916\/revisions"}],"wp:featuredmedia":[{"embeddable":true,"href":"https:\/\/osaka.ma\/es\/wp-json\/wp\/v2\/media\/1010707"}],"wp:attachment":[{"href":"https:\/\/osaka.ma\/es\/wp-json\/wp\/v2\/media?parent=10916"}],"wp:term":[{"taxonomy":"pwb-brand","embeddable":true,"href":"https:\/\/osaka.ma\/es\/wp-json\/wp\/v2\/pwb-brand?post=10916"},{"taxonomy":"product_brand","embeddable":true,"href":"https:\/\/osaka.ma\/es\/wp-json\/wp\/v2\/product_brand?post=10916"},{"taxonomy":"product_cat","embeddable":true,"href":"https:\/\/osaka.ma\/es\/wp-json\/wp\/v2\/product_cat?post=10916"},{"taxonomy":"product_tag","embeddable":true,"href":"https:\/\/osaka.ma\/es\/wp-json\/wp\/v2\/product_tag?post=10916"},{"taxonomy":"pcb_component_type","embeddable":true,"href":"https:\/\/osaka.ma\/es\/wp-json\/wp\/v2\/pcb_component_type?post=10916"}],"curies":[{"name":"wp","href":"https:\/\/api.w.org\/{rel}","templated":true}]}}