{"id":11312,"date":"2024-11-12T14:24:17","date_gmt":"2024-11-12T14:24:17","guid":{"rendered":"https:\/\/osaka.ma\/?post_type=product&#038;p=11312"},"modified":"2024-12-18T15:36:38","modified_gmt":"2024-12-18T15:36:38","slug":"asus-tuf-gaming-fa507-ryzen-7-7735hs","status":"publish","type":"product","link":"https:\/\/osaka.ma\/es\/product\/asus-tuf-gaming-fa507-ryzen-7-7735hs\/","title":{"rendered":"ASUS TUF GAMING FA507 RYZEN 7 7735HS \/ 16Gb  \/ 1 TB SSD \/ RTX 4070 8GB \/ 15.6 &#8221; FHD IPS 144hz"},"content":{"rendered":"<div class=\"logo\"><img decoding=\"async\" class=\"aligncenter\" src=\"https:\/\/media.ldlc.com\/v3\/marque\/bo\/00\/05\/62\/42\/V30005624251_2.jpg\" alt=\"ASUS\" \/><\/div>\n<div id=\"description\" class=\"description\">\n<div class=\"details-pdt-desc\">\n<h2 class=\"h2-master\">Performance et confort de jeu !<\/h2>\n<section>\u00c9l\u00e9gant et performant, l\u2019ordinateur portable ASUS A15 offre un excellent niveau de confort gr\u00e2ce \u00e0 son \u00e9cran 144 Hz de type IPS et son clavier r\u00e9tro\u00e9clair\u00e9. Avec son processeur AMD Ryzen 7 et sa puce graphique NVIDIA GeForce RTX, il offre de hautes performances pour le divertissement num\u00e9rique mobile.Equip\u00e9 d\u2019un puissant\u00a0<strong>processeur AMD Ryzen 7 7735Hs<\/strong>, de 16 Go de m\u00e9moire DDR5 , d\u2019un SSD M.2 PCIe de 1 TB et d\u2019une <strong>puce graphique NVIDIA GeForce RTX 4070<\/strong>, le PC portable ASUS A15 offre d\u2019excellentes performances et un fonctionnement rapide.<\/section>\n<section>\n<div class=\"desc-image\"><img decoding=\"async\" src=\"https:\/\/media.ldlc.com\/bo\/images\/fiches\/pc_portables\/asus\/a15\/801.jpg\" alt=\"\" \/><\/div>\n<div class=\"desc-text\">\n<h2>TUF : The Ultimate Force<\/h2>\n<p>Arm\u00e9 de caract\u00e9ristiques l\u2019aidant \u00e0 affronter toutes les situations, le TUF Gaming A15 d\u00e9livre d\u2019excellentes performances pour le gaming, le streaming, etc. Vous pouvez activer les 8 c\u0153urs et 16 threads du processeur AMD Ryzen 7 7735Hs pour b\u00e9n\u00e9ficier de la puissance n\u00e9cessaire \u00e0 la r\u00e9ussite du multit\u00e2che. Combin\u00e9 \u00e0 une puce graphique d\u00e9di\u00e9e GeForce RTX 4070, il est capable de produire des fr\u00e9quences de rafra\u00eechissement particuli\u00e8rement \u00e9lev\u00e9es sur les jeux embl\u00e9matiques du moment. En outre, le TUF Gaming A15 est muni d\u2019un SSD M.2 PCIe NVMe afin d\u2019acc\u00e9l\u00e9rer les temps de chargement de nombreux jeux et applications.<\/p>\n<\/div>\n<\/section>\n<section>\n<div class=\"desc-text\">\n<h2>Ecran 144 Hz avec cadre mince<\/h2>\n<p>\u00c9quip\u00e9 d\u2019une dalle de type IPS avec fr\u00e9quence jusqu\u2019\u00e0 144 Hz, le TUF Gaming A15 est un PC portable id\u00e9al des jeux d\u2019action rapide. Pour ma\u00eetriser le multit\u00e2che, quoi de mieux que de connecter un moniteur externe \u00e0 votre PC portable TUF Gaming ? Ce dernier dispose en effet d\u2019un port HDMI 2.0 et d\u2019un port USB 3.2 Gen 2 (3.1) Type-C.<\/p>\n<\/div>\n<div class=\"desc-image\"><img decoding=\"async\" src=\"https:\/\/media.ldlc.com\/bo\/images\/fiches\/pc_portables\/asus\/a15\/802.jpg\" alt=\"\" \/><\/div>\n<\/section>\n<section>\n<div class=\"desc-image\"><img decoding=\"async\" src=\"https:\/\/media.ldlc.com\/bo\/images\/fiches\/pc_portables\/asus\/a15\/803.jpg\" alt=\"\" \/><\/div>\n<div class=\"desc-text\">\n<h2>Clavier Gamer r\u00e9tro\u00e9clair\u00e9<\/h2>\n<p>\u00c9quipez-vous d\u2019un clavier similaire \u00e0 ceux des PC de bureau gaming, afin d\u2019\u00eatre plus \u00e0 l\u2019aise lorsque vous jouez. Le r\u00e9tro\u00e9clairage multi-coueleurs, avec une seule couleur active, vous permet de personnaliser son style. De plus les touches ZQSD mises en valeur vous permettent de visualiser plus rapidement vos commandes de mouvement. Par ailleurs, la technologie Overstroke acc\u00e9l\u00e8re la r\u00e9activit\u00e9 des touches \u00e0 chaque frappe tandis que le N-Key Rollover enregistre pr\u00e9cis\u00e9ment chaque frappe, m\u00eame lors des combats les plus acharn\u00e9s. Fid\u00e8les \u00e0 l\u2019ADN TUF, les touches ultrar\u00e9sistantes supportent chacune plus de 20 millions de frappes afin d\u2019am\u00e9liorer la fiabilit\u00e9 de votre clavier mais aussi votre pr\u00e9cision au combat.<\/p>\n<\/div>\n<\/section>\n<section>\n<div class=\"desc-text\">\n<h2>Son Surround immersif<\/h2>\n<p>Le TUF Gaming A15 arbore deux haut-parleurs avec quatre ouvertures qui d\u00e9livrent un volume \u00e9lev\u00e9 ainsi que des basses puissantes afin que votre exp\u00e9rience audio s\u2019en trouve enrichie. La technologie DTS:X Ultra fournit un son surround virtuel haute fid\u00e9lit\u00e9 \u00e0 7.1 canaux pour un son enveloppant. Gr\u00e2ce au son surround, vous \u00eates par cons\u00e9quent plus conscient de votre environnement sonore et des mouvements de vos ennemis. Vous appr\u00e9ciez aussi mieux les nuances musicales du jeu. Le TUF Gaming A15 propose jusqu\u2019\u00e0 8 modes ainsi qu\u2019un \u00e9galiseur int\u00e9gr\u00e9 pr\u00e9d\u00e9finis pour vos musiques, films et jeux afin d\u2019optimiser plus encore votre exp\u00e9rience.<\/p>\n<\/div>\n<div class=\"desc-image\"><img decoding=\"async\" src=\"https:\/\/media.ldlc.com\/bo\/images\/fiches\/pc_portables\/asus\/a15\/804.jpg\" alt=\"\" \/><\/div>\n<\/section>\n<section>\n<div class=\"desc-image\"><img decoding=\"async\" src=\"https:\/\/media.ldlc.com\/bo\/images\/fiches\/pc_portables\/asus\/a15\/805.jpg\" alt=\"\" \/><\/div>\n<div class=\"desc-text\">\n<h2>Refroidissement efficace<\/h2>\n<p>Le TUF Gaming A15 est dot\u00e9 d\u2019un syst\u00e8me de refroidissement complet capable de maintenir le niveau de performances du PC tout en restant efficient sur le long terme. Les caloducs et les trois radiateurs \u00e9loignent la chaleur des composants principaux et la dissipent rapidement m\u00eame lorsque vous faites un v\u00e9ritable marathon gaming ! Le design autonettoyant du syst\u00e8me de refroidissement reste efficace dans la dur\u00e9e tandis que les divers modes de fonctionnement disponibles permettent de trouver le juste \u00e9quilibre entre performance et niveau de bruit.<\/p>\n<\/div>\n<\/section>\n<\/div>\n<\/div>\n","protected":false},"excerpt":{"rendered":"<div class=\"\" data-block=\"true\" data-editor=\"61atm\" data-offset-key=\"78nj9-0-0\">\n<div class=\"_1mf _1mj\" data-offset-key=\"78nj9-0-0\">\n<h4>CARACT\u00c9RISTIQUES PRINCIPALES :<\/h4>\n<ul>\n<li><strong>Processeur AMD Ryzen 7 7735Hs<\/strong> ( 3.2 GHz \/ 4.75 GHz Turbo )<\/li>\n<li><strong>16 GB<\/strong>\u00a0de m\u00e9moire\u00a0<strong>DDR5\u00a0 4800MHz<\/strong><\/li>\n<li>\u00c9cran de 15.6 pouces avec<strong>\u00a0r\u00e9solution de 1920 x 1080<\/strong>\u00a0et<strong>\u00a0fr\u00e9quence de 144 Hz<\/strong><\/li>\n<li><strong>Dalle de type IPS<\/strong>\u00a0: couleurs lumineuses et angles de vision larges<\/li>\n<li>Puce graphique\u00a0<strong>NVIDIA GeForce RTX 4070 <\/strong>avec\u00a0<strong>8 GB<\/strong>\u00a0de m\u00e9moire GDDR6<\/li>\n<li><strong>1Tb SSD\u00a0 NVMe gen4\u00a0<\/strong><\/li>\n<li>Communication sans fil performante :\u00a0<strong>Wi-Fi AX<\/strong>\u00a0+\u00a0<strong>Bluetooth<\/strong>\u00a0<strong>5.2<\/strong><\/li>\n<li>Clavier Backlit Chiclet Keyboard 1-Zone RGB<\/li>\n<li>Webcam HD 720p int\u00e9gr\u00e9e<\/li>\n<li>AC Adapter,\u00a0 20V \/ 12A, 240W<\/li>\n<li><strong>Windows 11 home<\/strong><\/li>\n<li>Neuf Avec Emballage<\/li>\n<\/ul>\n<\/div>\n<\/div>\n","protected":false},"featured_media":1011313,"template":"","meta":{"_acf_changed":false},"pwb-brand":[],"product_brand":[],"product_cat":[122,121],"product_tag":[],"pcb_component_type":[],"class_list":{"0":"post-11312","1":"product","2":"type-product","3":"status-publish","4":"has-post-thumbnail","6":"product_cat-gaming","7":"product_cat-pc-portable","9":"first","10":"outofstock","11":"shipping-taxable","12":"product-type-simple"},"translation":{"provider":"WPGlobus","version":"3.0.2","language":"es","enabled_languages":["en","es","de","fr","ru"],"languages":{"en":{"title":true,"content":true,"excerpt":true},"es":{"title":false,"content":false,"excerpt":false},"de":{"title":false,"content":false,"excerpt":false},"fr":{"title":false,"content":false,"excerpt":false},"ru":{"title":false,"content":false,"excerpt":false}}},"acf":[],"yoast_head":"<!-- This site is optimized with the Yoast SEO plugin v27.2 - https:\/\/yoast.com\/product\/yoast-seo-wordpress\/ -->\n<title>ASUS TUF GAMING FA507 RYZEN 7 7735HS \/ 16Gb \/ 1 TB SSD \/ RTX 4070 8GB \/ 15.6 &quot; FHD IPS 144hz - Osaka<\/title>\n<meta name=\"robots\" content=\"index, follow, max-snippet:-1, max-image-preview:large, max-video-preview:-1\" \/>\n<link rel=\"canonical\" href=\"https:\/\/osaka.ma\/de\/product\/asus-tuf-gaming-fa507-ryzen-7-7735hs\/\" \/>\n<meta property=\"og:locale\" content=\"es_ES\" \/>\n<meta property=\"og:type\" content=\"article\" \/>\n<meta property=\"og:title\" content=\"ASUS TUF GAMING FA507 RYZEN 7 7735HS \/ 16Gb \/ 1 TB SSD \/ RTX 4070 8GB \/ 15.6 &quot; FHD IPS 144hz - Osaka\" \/>\n<meta property=\"og:url\" content=\"https:\/\/osaka.ma\/de\/product\/asus-tuf-gaming-fa507-ryzen-7-7735hs\/\" \/>\n<meta property=\"og:site_name\" content=\"Osaka\" \/>\n<meta property=\"article:modified_time\" content=\"2024-12-18T15:36:38+00:00\" \/>\n<meta property=\"og:image\" content=\"https:\/\/osaka.ma\/wp-content\/uploads\/2024\/11\/asus-tuf-fa507-1024x1024.png\" \/>\n\t<meta property=\"og:image:width\" content=\"1024\" \/>\n\t<meta property=\"og:image:height\" content=\"1024\" \/>\n\t<meta property=\"og:image:type\" content=\"image\/png\" \/>\n<meta name=\"twitter:card\" content=\"summary_large_image\" \/>\n<meta name=\"twitter:label1\" content=\"Est. reading time\" \/>\n\t<meta name=\"twitter:data1\" content=\"4 minutes\" \/>\n<script type=\"application\/ld+json\" class=\"yoast-schema-graph\">{\"@context\":\"https:\/\/schema.org\",\"@graph\":[{\"@type\":\"WebPage\",\"@id\":\"https:\/\/osaka.ma\/de\/product\/asus-tuf-gaming-fa507-ryzen-7-7735hs\/\",\"url\":\"https:\/\/osaka.ma\/de\/product\/asus-tuf-gaming-fa507-ryzen-7-7735hs\/\",\"name\":\"ASUS TUF GAMING FA507 RYZEN 7 7735HS \/ 16Gb \/ 1 TB SSD \/ RTX 4070 8GB \/ 15.6 \\\" FHD IPS 144hz - Osaka\",\"isPartOf\":{\"@id\":\"https:\/\/osaka.ma\/#website\"},\"primaryImageOfPage\":{\"@id\":\"https:\/\/osaka.ma\/de\/product\/asus-tuf-gaming-fa507-ryzen-7-7735hs\/#primaryimage\"},\"image\":{\"@id\":\"https:\/\/osaka.ma\/de\/product\/asus-tuf-gaming-fa507-ryzen-7-7735hs\/#primaryimage\"},\"thumbnailUrl\":\"https:\/\/osaka.ma\/wp-content\/uploads\/2024\/11\/asus-tuf-fa507.png\",\"datePublished\":\"2024-11-12T14:24:17+00:00\",\"dateModified\":\"2024-12-18T15:36:38+00:00\",\"breadcrumb\":{\"@id\":\"https:\/\/osaka.ma\/de\/product\/asus-tuf-gaming-fa507-ryzen-7-7735hs\/#breadcrumb\"},\"inLanguage\":\"es-ES\",\"potentialAction\":[{\"@type\":\"ReadAction\",\"target\":[\"https:\/\/osaka.ma\/de\/product\/asus-tuf-gaming-fa507-ryzen-7-7735hs\/\"]}]},{\"@type\":\"ImageObject\",\"inLanguage\":\"es-ES\",\"@id\":\"https:\/\/osaka.ma\/de\/product\/asus-tuf-gaming-fa507-ryzen-7-7735hs\/#primaryimage\",\"url\":\"https:\/\/osaka.ma\/wp-content\/uploads\/2024\/11\/asus-tuf-fa507.png\",\"contentUrl\":\"https:\/\/osaka.ma\/wp-content\/uploads\/2024\/11\/asus-tuf-fa507.png\",\"width\":2400,\"height\":2400,\"caption\":\"asus tuf fa507\"},{\"@type\":\"BreadcrumbList\",\"@id\":\"https:\/\/osaka.ma\/de\/product\/asus-tuf-gaming-fa507-ryzen-7-7735hs\/#breadcrumb\",\"itemListElement\":[{\"@type\":\"ListItem\",\"position\":1,\"name\":\"Home\",\"item\":\"https:\/\/osaka.ma\/\"},{\"@type\":\"ListItem\",\"position\":2,\"name\":\"Shop\",\"item\":\"https:\/\/osaka.ma\/shop-2\/\"},{\"@type\":\"ListItem\",\"position\":3,\"name\":\"ASUS TUF GAMING FA507 RYZEN 7 7735HS \/ 16Gb \/ 1 TB SSD \/ RTX 4070 8GB \/ 15.6 &#8221; FHD IPS 144hz\"}]},{\"@type\":\"WebSite\",\"@id\":\"https:\/\/osaka.ma\/#website\",\"url\":\"https:\/\/osaka.ma\/\",\"name\":\"Osaka\",\"description\":\"\",\"publisher\":{\"@id\":\"https:\/\/osaka.ma\/#organization\"},\"potentialAction\":[{\"@type\":\"SearchAction\",\"target\":{\"@type\":\"EntryPoint\",\"urlTemplate\":\"https:\/\/osaka.ma\/?s={search_term_string}\"},\"query-input\":{\"@type\":\"PropertyValueSpecification\",\"valueRequired\":true,\"valueName\":\"search_term_string\"}}],\"inLanguage\":\"es-ES\"},{\"@type\":\"Organization\",\"@id\":\"https:\/\/osaka.ma\/#organization\",\"name\":\"Osaka\",\"url\":\"https:\/\/osaka.ma\/\",\"logo\":{\"@type\":\"ImageObject\",\"inLanguage\":\"es-ES\",\"@id\":\"https:\/\/osaka.ma\/#\/schema\/logo\/image\/\",\"url\":\"https:\/\/osaka.ma\/wp-content\/uploads\/2026\/01\/model-slogan-logo-2Plan-de-travail-1dksl-plus-finnn.png\",\"contentUrl\":\"https:\/\/osaka.ma\/wp-content\/uploads\/2026\/01\/model-slogan-logo-2Plan-de-travail-1dksl-plus-finnn.png\",\"width\":842,\"height\":226,\"caption\":\"Osaka\"},\"image\":{\"@id\":\"https:\/\/osaka.ma\/#\/schema\/logo\/image\/\"}}]}<\/script>\n<!-- \/ Yoast SEO plugin. -->","yoast_head_json":{"title":"ASUS TUF GAMING FA507 RYZEN 7 7735HS \/ 16Gb \/ 1 TB SSD \/ RTX 4070 8GB \/ 15.6 \" FHD IPS 144hz - Osaka","robots":{"index":"index","follow":"follow","max-snippet":"max-snippet:-1","max-image-preview":"max-image-preview:large","max-video-preview":"max-video-preview:-1"},"canonical":"https:\/\/osaka.ma\/de\/product\/asus-tuf-gaming-fa507-ryzen-7-7735hs\/","og_locale":"es_ES","og_type":"article","og_title":"ASUS TUF GAMING FA507 RYZEN 7 7735HS \/ 16Gb \/ 1 TB SSD \/ RTX 4070 8GB \/ 15.6 \" FHD IPS 144hz - Osaka","og_url":"https:\/\/osaka.ma\/de\/product\/asus-tuf-gaming-fa507-ryzen-7-7735hs\/","og_site_name":"Osaka","article_modified_time":"2024-12-18T15:36:38+00:00","og_image":[{"width":1024,"height":1024,"url":"https:\/\/osaka.ma\/wp-content\/uploads\/2024\/11\/asus-tuf-fa507-1024x1024.png","type":"image\/png"}],"twitter_card":"summary_large_image","twitter_misc":{"Est. reading time":"4 minutes"},"schema":{"@context":"https:\/\/schema.org","@graph":[{"@type":"WebPage","@id":"https:\/\/osaka.ma\/de\/product\/asus-tuf-gaming-fa507-ryzen-7-7735hs\/","url":"https:\/\/osaka.ma\/de\/product\/asus-tuf-gaming-fa507-ryzen-7-7735hs\/","name":"ASUS TUF GAMING FA507 RYZEN 7 7735HS \/ 16Gb \/ 1 TB SSD \/ RTX 4070 8GB \/ 15.6 \" FHD IPS 144hz - Osaka","isPartOf":{"@id":"https:\/\/osaka.ma\/#website"},"primaryImageOfPage":{"@id":"https:\/\/osaka.ma\/de\/product\/asus-tuf-gaming-fa507-ryzen-7-7735hs\/#primaryimage"},"image":{"@id":"https:\/\/osaka.ma\/de\/product\/asus-tuf-gaming-fa507-ryzen-7-7735hs\/#primaryimage"},"thumbnailUrl":"https:\/\/osaka.ma\/wp-content\/uploads\/2024\/11\/asus-tuf-fa507.png","datePublished":"2024-11-12T14:24:17+00:00","dateModified":"2024-12-18T15:36:38+00:00","breadcrumb":{"@id":"https:\/\/osaka.ma\/de\/product\/asus-tuf-gaming-fa507-ryzen-7-7735hs\/#breadcrumb"},"inLanguage":"es-ES","potentialAction":[{"@type":"ReadAction","target":["https:\/\/osaka.ma\/de\/product\/asus-tuf-gaming-fa507-ryzen-7-7735hs\/"]}]},{"@type":"ImageObject","inLanguage":"es-ES","@id":"https:\/\/osaka.ma\/de\/product\/asus-tuf-gaming-fa507-ryzen-7-7735hs\/#primaryimage","url":"https:\/\/osaka.ma\/wp-content\/uploads\/2024\/11\/asus-tuf-fa507.png","contentUrl":"https:\/\/osaka.ma\/wp-content\/uploads\/2024\/11\/asus-tuf-fa507.png","width":2400,"height":2400,"caption":"asus tuf fa507"},{"@type":"BreadcrumbList","@id":"https:\/\/osaka.ma\/de\/product\/asus-tuf-gaming-fa507-ryzen-7-7735hs\/#breadcrumb","itemListElement":[{"@type":"ListItem","position":1,"name":"Home","item":"https:\/\/osaka.ma\/"},{"@type":"ListItem","position":2,"name":"Shop","item":"https:\/\/osaka.ma\/shop-2\/"},{"@type":"ListItem","position":3,"name":"ASUS TUF GAMING FA507 RYZEN 7 7735HS \/ 16Gb \/ 1 TB SSD \/ RTX 4070 8GB \/ 15.6 &#8221; FHD IPS 144hz"}]},{"@type":"WebSite","@id":"https:\/\/osaka.ma\/#website","url":"https:\/\/osaka.ma\/","name":"Osaka","description":"","publisher":{"@id":"https:\/\/osaka.ma\/#organization"},"potentialAction":[{"@type":"SearchAction","target":{"@type":"EntryPoint","urlTemplate":"https:\/\/osaka.ma\/?s={search_term_string}"},"query-input":{"@type":"PropertyValueSpecification","valueRequired":true,"valueName":"search_term_string"}}],"inLanguage":"es-ES"},{"@type":"Organization","@id":"https:\/\/osaka.ma\/#organization","name":"Osaka","url":"https:\/\/osaka.ma\/","logo":{"@type":"ImageObject","inLanguage":"es-ES","@id":"https:\/\/osaka.ma\/#\/schema\/logo\/image\/","url":"https:\/\/osaka.ma\/wp-content\/uploads\/2026\/01\/model-slogan-logo-2Plan-de-travail-1dksl-plus-finnn.png","contentUrl":"https:\/\/osaka.ma\/wp-content\/uploads\/2026\/01\/model-slogan-logo-2Plan-de-travail-1dksl-plus-finnn.png","width":842,"height":226,"caption":"Osaka"},"image":{"@id":"https:\/\/osaka.ma\/#\/schema\/logo\/image\/"}}]}},"jetpack_sharing_enabled":true,"brands":[],"_links":{"self":[{"href":"https:\/\/osaka.ma\/es\/wp-json\/wp\/v2\/product\/11312","targetHints":{"allow":["GET"]}}],"collection":[{"href":"https:\/\/osaka.ma\/es\/wp-json\/wp\/v2\/product"}],"about":[{"href":"https:\/\/osaka.ma\/es\/wp-json\/wp\/v2\/types\/product"}],"version-history":[{"count":0,"href":"https:\/\/osaka.ma\/es\/wp-json\/wp\/v2\/product\/11312\/revisions"}],"wp:featuredmedia":[{"embeddable":true,"href":"https:\/\/osaka.ma\/es\/wp-json\/wp\/v2\/media\/1011313"}],"wp:attachment":[{"href":"https:\/\/osaka.ma\/es\/wp-json\/wp\/v2\/media?parent=11312"}],"wp:term":[{"taxonomy":"pwb-brand","embeddable":true,"href":"https:\/\/osaka.ma\/es\/wp-json\/wp\/v2\/pwb-brand?post=11312"},{"taxonomy":"product_brand","embeddable":true,"href":"https:\/\/osaka.ma\/es\/wp-json\/wp\/v2\/product_brand?post=11312"},{"taxonomy":"product_cat","embeddable":true,"href":"https:\/\/osaka.ma\/es\/wp-json\/wp\/v2\/product_cat?post=11312"},{"taxonomy":"product_tag","embeddable":true,"href":"https:\/\/osaka.ma\/es\/wp-json\/wp\/v2\/product_tag?post=11312"},{"taxonomy":"pcb_component_type","embeddable":true,"href":"https:\/\/osaka.ma\/es\/wp-json\/wp\/v2\/pcb_component_type?post=11312"}],"curies":[{"name":"wp","href":"https:\/\/api.w.org\/{rel}","templated":true}]}}