{"id":11827,"date":"2024-12-28T13:50:14","date_gmt":"2024-12-28T13:50:14","guid":{"rendered":"https:\/\/osaka.ma\/?post_type=product&#038;p=11827"},"modified":"2025-01-28T17:11:11","modified_gmt":"2025-01-28T17:11:11","slug":"hp-pavilion-gaming-15-ryzen-5-5600h-15gb-512gb-rtx-3050-4gb-60hz","status":"publish","type":"product","link":"https:\/\/osaka.ma\/es\/product\/hp-pavilion-gaming-15-ryzen-5-5600h-15gb-512gb-rtx-3050-4gb-60hz\/","title":{"rendered":"HP Pavilion Gaming 15 RYZEN 5 5600H\/16GB\/512GB\/RTX 3050 4GB\/ 15.6&#8243; 60HZ"},"content":{"rendered":"<div class=\"logo\"><img decoding=\"async\" class=\"aligncenter\" src=\"https:\/\/media.ldlc.com\/v3\/marque\/bo\/00\/03\/15\/98\/V30003159855_2.jpg\" alt=\"HP\" \/><\/div>\n<div id=\"description\" class=\"description\">\n<div class=\"details-pdt-desc\">\n<h2 class=\"h2-master\">Un combo AMD\/NVIDIA et un \u00e9cran 144 Hz pour les Gamers<\/h2>\n<section>Gagnez en confort avec le\u00a0<strong>PC portable HP Pavilion Gaming Laptop 15 !<\/strong>\u00a0Taill\u00e9 pour le divertissement multim\u00e9dia et le jeu, il r\u00e9pondra efficacement \u00e0 vos attentes. Gr\u00e2ce \u00e0 son\u00a0<strong>processeur AMD Ryzen 5 5600H<\/strong>, ses 16 Go de m\u00e9moire DDR4, son <strong>SSD M.2 PCIe de 512 Go\u00a0<\/strong>et sa\u00a0<strong>puce graphique NVIDIA GeForceRTX 3050 4GB <\/strong>, il offre de tr\u00e8s bonnes performances et un fonctionnement rapide. Un achat id\u00e9al pour les joueurs occasionnels \u00e0 la recherche de mobilit\u00e9 et de confort de jeu.<\/section>\n<section>\n<div class=\"desc-image\"><img decoding=\"async\" src=\"https:\/\/media.ldlc.com\/bo\/images\/fiches\/pc_portables\/hp\/pavilion_gaming_15\/801_b.jpg\" alt=\"\" \/><\/div>\n<div class=\"desc-text\">\n<h2>PERFORMANCE POUR LE DIVERTISSEMENT<\/h2>\n<p>Equip\u00e9 d&#8217;un\u00a0<strong>processeur AMD Ryzen 5 s\u00e9rie 5000<\/strong>, d&#8217;une\u00a0<strong>puce graphique NVIDIA GeForce RTX 3050 4GB<\/strong>\u00a0et d&#8217;un\u00a0<strong>SSD au format M.2 PCIe<\/strong>, ce PC portable HP offre d&#8217;excellentes performances et un fonctionnement rapide, pour le divertissement multim\u00e9dia et les jeux vid\u00e9o r\u00e9cents. Par ailleurs, avec le tableau de bord gaming\u00a0<strong>OMEN Gaming Hub<\/strong>\u00a0profitez de nombreuses options de personnalisation, g\u00e9rez les performances du PC portable et retrouvez tous vos jeux au m\u00eame endroit !<\/p>\n<\/div>\n<\/section>\n<section>\n<div class=\"desc-text\">\n<h2>CONFORT POUR LES GAMERS<\/h2>\n<p>Gr\u00e2ce \u00e0 son \u00e9cran de 15.6 pouces avec r\u00e9solution Full HD et\u00a0<strong>fr\u00e9quence de 60 Hz<\/strong>, ce PC portable Gamer offre une image particuli\u00e8rement fluide et riche en d\u00e9tails. L&#8217;id\u00e9al pour les jeux vid\u00e9o ! De plus, avec son syst\u00e8me audio con\u00e7u en collaboration avec les experts\u00a0<strong>Bang &amp; Olufsen<\/strong>, cet ordinateur portable HP offre aussi une exp\u00e9rience audio\/vid\u00e9o de qualit\u00e9.<\/p>\n<\/div>\n<div class=\"desc-image\"><img decoding=\"async\" src=\"https:\/\/media.ldlc.com\/bo\/images\/fiches\/pc_portables\/hp\/pavilion_gaming_15\/v2\/802.jpg\" alt=\"\" \/><\/div>\n<\/section>\n<section>\n<div class=\"desc-image\"><img decoding=\"async\" src=\"https:\/\/media.ldlc.com\/bo\/images\/fiches\/pc_portables\/hp\/pavilion_gaming_15\/802_b.jpg\" alt=\"\" \/><\/div>\n<div class=\"desc-text\">\n<h2>TECHNOLOGIES DE POINTE<\/h2>\n<p>Le\u00a0<strong>PC portable HP Pavilion Gaming Laptop 15\u00a0<\/strong>int\u00e8gre des technologies de pointe pour vous permettre de jouer dans les meilleures conditions, sans surchauffe et en \u00e9conomisant la batterie. Le design bas\u00e9 sur la technologie<strong>\u00a0NVIDIA Max-Q<\/strong>\u00a0permet \u00e0 votre laptop d&#8217;int\u00e9grer les meilleurs composants tout en \u00e9tant parfaitement refroidi. Vous pouvez obtenir des performances nettement plus \u00e9lev\u00e9es dans des configurations moins encombrantes. C\u00f4t\u00e9 graphismes, les technologies\u00a0<strong>NVIDIA DLSS<\/strong>\u00a0et\u00a0<strong>ray tracing<\/strong>\u00a0offrent un rendu plus r\u00e9aliste et une qualit\u00e9 d&#8217;image irr\u00e9prochable, pour des jeux encore plus beaux et plus immersifs.<\/p>\n<\/div>\n<\/section>\n<section>\n<div class=\"desc-text\">\n<h2>JEU LONGUE DUR\u00c9E AVEC UN REFROIDISSEMENT AU TOP<\/h2>\n<p>Gr\u00e2ce \u00e0 son syst\u00e8me de refroidissement \u00e0 double ventilation, sa grande grille d&#8217;a\u00e9ration et ses entr\u00e9es d&#8217;air \u00e9largies, le PC portable HP Pavilion Gaming Laptop 15 offre une dissipation de la chaleur particuli\u00e8rement efficace. Il vous permet ainsi de profiter de performances stables, sans mont\u00e9e en temp\u00e9rature, et donc de jouer plus longtemps !<\/p>\n<\/div>\n<div class=\"desc-image\"><img decoding=\"async\" src=\"https:\/\/media.ldlc.com\/bo\/images\/fiches\/pc_portables\/hp\/pavilion_gaming_15\/v2\/803.jpg\" alt=\"\" \/><\/div>\n<\/section>\n<section class=\"list\">\n<h2>CARACT\u00c9RISTIQUES PRINCIPALES :<\/h2>\n<ul>\n<li><strong>Processeur AMD Ryzen 5 5600H<\/strong>\u00a0(Hexa-Core 3.3 GHz \/ 4.2 GHz Turbo &#8211; 12 Threads &#8211; Cache 16 Mo)<\/li>\n<li>16 Go de m\u00e9moire DDR4 3200 MHz (2x 8Go)<\/li>\n<li><strong>SSD M.2 PCIe de 512 Go<\/strong><\/li>\n<li>Ecran IPS de 15.6&#8243; avec r\u00e9solution Full HD (1920 x 1080 pixels) et\u00a0<strong>fr\u00e9quence de 60 Hz<\/strong><\/li>\n<li>Puce graphique\u00a0<strong>NVIDIA GeForce RTX 3050\u00a0 Laptop<\/strong>\u00a0avec 4 Go de m\u00e9moire GDDR6<\/li>\n<li>Communication sans fil Wi-Fi 6 (AX) + Bluetooth 5.2<\/li>\n<li>Clavier avec touches r\u00e9tro\u00e9clair\u00e9es (coloris vert acidul\u00e9)<\/li>\n<li>Haut-parleurs avec certification Bang &amp; Olufsen et technologie HP Audio Boost<\/li>\n<li>Webcam HD 720p int\u00e9gr\u00e9e<\/li>\n<li><strong>Windows 11 Famille 64 bits<\/strong><\/li>\n<li>COMME NEUF<\/li>\n<\/ul>\n<\/section>\n<\/div>\n<\/div>\n","protected":false},"excerpt":{"rendered":"<p><img decoding=\"async\" class=\"aligncenter\" src=\"https:\/\/media.ldlc.com\/v3\/marque\/bo\/00\/03\/15\/98\/V30003159855_2.jpg\" alt=\"HP\" \/><br \/>\nle\u00a0<strong>PC portable HP Pavilion Gaming Laptop 15 !<\/strong>\u00a0Taill\u00e9 pour le divertissement multim\u00e9dia et le jeu, il r\u00e9pondra efficacement \u00e0 vos attentes. Gr\u00e2ce \u00e0 son\u00a0<strong>processeur AMD Ryzen 5 5600H<\/strong>, ses 16 Go de m\u00e9moire DDR4, son <strong>SSD M.2 PCIe de 512 Go\u00a0<\/strong>et sa\u00a0<strong>puce graphique NVIDIA GeForceRTX 3050 4GB <\/strong>, il offre de tr\u00e8s bonnes performances et un fonctionnement rapide. Un achat id\u00e9al pour les joueurs occasionnels \u00e0 la recherche de mobilit\u00e9 et de confort de jeu.<\/p>\n<p><strong>CARACT\u00c9RISTIQUES PRINCIPALES :<\/strong><\/p>\n<ul>\n<li><strong>Processeur AMD Ryzen 5 5600H<\/strong>\u00a0(Hexa-Core 3.3 GHz \/ 4.2 GHz Turbo &#8211; 12 Threads &#8211; Cache 16 Mo)<\/li>\n<li>16 Go de m\u00e9moire DDR4 3200 MHz (2x 8 Go)<\/li>\n<li><strong>SSD M.2 PCIe de 512 Go<\/strong><\/li>\n<li>Ecran IPS de 15.6&#8243; avec r\u00e9solution Full HD (1920 x 1080 pixels) et\u00a0<strong>fr\u00e9quence de 60 Hz<\/strong><\/li>\n<li>Puce graphique\u00a0<strong>NVIDIA GeForce RTX 3050 Laptop<\/strong>\u00a0avec 4 Go de m\u00e9moire GDDR6<\/li>\n<li>Communication sans fil Wi-Fi 6 (AX) + Bluetooth 5.2<\/li>\n<li>Clavier avec touches r\u00e9tro\u00e9clair\u00e9es (coloris vert acidul\u00e9)<\/li>\n<li>Haut-parleurs avec certification Bang &amp; Olufsen et technologie HP Audio Boost<\/li>\n<li>Webcam HD 720p int\u00e9gr\u00e9e<\/li>\n<li><strong>Windows 11 Famille 64 bits<\/strong><\/li>\n<li>COMME NEUF<\/li>\n<\/ul>\n","protected":false},"featured_media":1011828,"template":"","meta":{"_acf_changed":false},"pwb-brand":[],"product_brand":[],"product_cat":[122,121],"product_tag":[],"pcb_component_type":[],"class_list":{"0":"post-11827","1":"product","2":"type-product","3":"status-publish","4":"has-post-thumbnail","6":"product_cat-gaming","7":"product_cat-pc-portable","9":"first","10":"outofstock","11":"shipping-taxable","12":"product-type-simple"},"translation":{"provider":"WPGlobus","version":"3.0.2","language":"es","enabled_languages":["en","es","de","fr","ru"],"languages":{"en":{"title":true,"content":true,"excerpt":true},"es":{"title":false,"content":false,"excerpt":false},"de":{"title":false,"content":false,"excerpt":false},"fr":{"title":false,"content":false,"excerpt":false},"ru":{"title":false,"content":false,"excerpt":false}}},"acf":[],"yoast_head":"<!-- This site is optimized with the Yoast SEO plugin v27.2 - https:\/\/yoast.com\/product\/yoast-seo-wordpress\/ -->\n<title>HP Pavilion Gaming 15 RYZEN 5 5600H\/16GB\/512GB\/RTX 3050 4GB\/ 15.6&quot; 60HZ - Osaka<\/title>\n<meta name=\"robots\" content=\"index, follow, max-snippet:-1, max-image-preview:large, max-video-preview:-1\" \/>\n<link rel=\"canonical\" href=\"https:\/\/osaka.ma\/product\/hp-pavilion-gaming-15-ryzen-5-5600h-15gb-512gb-rtx-3050-4gb-60hz\/\" \/>\n<meta property=\"og:locale\" content=\"es_ES\" \/>\n<meta property=\"og:type\" content=\"article\" \/>\n<meta property=\"og:title\" content=\"HP Pavilion Gaming 15 RYZEN 5 5600H\/16GB\/512GB\/RTX 3050 4GB\/ 15.6&quot; 60HZ - Osaka\" \/>\n<meta property=\"og:url\" content=\"https:\/\/osaka.ma\/product\/hp-pavilion-gaming-15-ryzen-5-5600h-15gb-512gb-rtx-3050-4gb-60hz\/\" \/>\n<meta property=\"og:site_name\" content=\"Osaka\" \/>\n<meta property=\"article:modified_time\" content=\"2025-01-28T17:11:11+00:00\" \/>\n<meta property=\"og:image\" content=\"https:\/\/osaka.ma\/wp-content\/uploads\/2024\/12\/LD0005967345.jpg\" \/>\n\t<meta property=\"og:image:width\" content=\"1600\" \/>\n\t<meta property=\"og:image:height\" content=\"1600\" \/>\n\t<meta property=\"og:image:type\" content=\"image\/jpeg\" \/>\n<meta name=\"twitter:card\" content=\"summary_large_image\" \/>\n<meta name=\"twitter:label1\" content=\"Est. reading time\" \/>\n\t<meta name=\"twitter:data1\" content=\"4 minutes\" \/>\n<script type=\"application\/ld+json\" class=\"yoast-schema-graph\">{\"@context\":\"https:\/\/schema.org\",\"@graph\":[{\"@type\":\"WebPage\",\"@id\":\"https:\/\/osaka.ma\/product\/hp-pavilion-gaming-15-ryzen-5-5600h-15gb-512gb-rtx-3050-4gb-60hz\/\",\"url\":\"https:\/\/osaka.ma\/product\/hp-pavilion-gaming-15-ryzen-5-5600h-15gb-512gb-rtx-3050-4gb-60hz\/\",\"name\":\"HP Pavilion Gaming 15 RYZEN 5 5600H\/16GB\/512GB\/RTX 3050 4GB\/ 15.6\\\" 60HZ - Osaka\",\"isPartOf\":{\"@id\":\"https:\/\/osaka.ma\/#website\"},\"primaryImageOfPage\":{\"@id\":\"https:\/\/osaka.ma\/product\/hp-pavilion-gaming-15-ryzen-5-5600h-15gb-512gb-rtx-3050-4gb-60hz\/#primaryimage\"},\"image\":{\"@id\":\"https:\/\/osaka.ma\/product\/hp-pavilion-gaming-15-ryzen-5-5600h-15gb-512gb-rtx-3050-4gb-60hz\/#primaryimage\"},\"thumbnailUrl\":\"https:\/\/osaka.ma\/wp-content\/uploads\/2024\/12\/LD0005967345.jpg\",\"datePublished\":\"2024-12-28T13:50:14+00:00\",\"dateModified\":\"2025-01-28T17:11:11+00:00\",\"breadcrumb\":{\"@id\":\"https:\/\/osaka.ma\/product\/hp-pavilion-gaming-15-ryzen-5-5600h-15gb-512gb-rtx-3050-4gb-60hz\/#breadcrumb\"},\"inLanguage\":\"es-ES\",\"potentialAction\":[{\"@type\":\"ReadAction\",\"target\":[\"https:\/\/osaka.ma\/product\/hp-pavilion-gaming-15-ryzen-5-5600h-15gb-512gb-rtx-3050-4gb-60hz\/\"]}]},{\"@type\":\"ImageObject\",\"inLanguage\":\"es-ES\",\"@id\":\"https:\/\/osaka.ma\/product\/hp-pavilion-gaming-15-ryzen-5-5600h-15gb-512gb-rtx-3050-4gb-60hz\/#primaryimage\",\"url\":\"https:\/\/osaka.ma\/wp-content\/uploads\/2024\/12\/LD0005967345.jpg\",\"contentUrl\":\"https:\/\/osaka.ma\/wp-content\/uploads\/2024\/12\/LD0005967345.jpg\",\"width\":1600,\"height\":1600},{\"@type\":\"BreadcrumbList\",\"@id\":\"https:\/\/osaka.ma\/product\/hp-pavilion-gaming-15-ryzen-5-5600h-15gb-512gb-rtx-3050-4gb-60hz\/#breadcrumb\",\"itemListElement\":[{\"@type\":\"ListItem\",\"position\":1,\"name\":\"Home\",\"item\":\"https:\/\/osaka.ma\/\"},{\"@type\":\"ListItem\",\"position\":2,\"name\":\"Shop\",\"item\":\"https:\/\/osaka.ma\/shop-2\/\"},{\"@type\":\"ListItem\",\"position\":3,\"name\":\"HP Pavilion Gaming 15 RYZEN 5 5600H\/16GB\/512GB\/RTX 3050 4GB\/ 15.6&#8243; 60HZ\"}]},{\"@type\":\"WebSite\",\"@id\":\"https:\/\/osaka.ma\/#website\",\"url\":\"https:\/\/osaka.ma\/\",\"name\":\"Osaka\",\"description\":\"\",\"publisher\":{\"@id\":\"https:\/\/osaka.ma\/#organization\"},\"potentialAction\":[{\"@type\":\"SearchAction\",\"target\":{\"@type\":\"EntryPoint\",\"urlTemplate\":\"https:\/\/osaka.ma\/?s={search_term_string}\"},\"query-input\":{\"@type\":\"PropertyValueSpecification\",\"valueRequired\":true,\"valueName\":\"search_term_string\"}}],\"inLanguage\":\"es-ES\"},{\"@type\":\"Organization\",\"@id\":\"https:\/\/osaka.ma\/#organization\",\"name\":\"Osaka\",\"url\":\"https:\/\/osaka.ma\/\",\"logo\":{\"@type\":\"ImageObject\",\"inLanguage\":\"es-ES\",\"@id\":\"https:\/\/osaka.ma\/#\/schema\/logo\/image\/\",\"url\":\"https:\/\/osaka.ma\/wp-content\/uploads\/2026\/01\/model-slogan-logo-2Plan-de-travail-1dksl-plus-finnn.png\",\"contentUrl\":\"https:\/\/osaka.ma\/wp-content\/uploads\/2026\/01\/model-slogan-logo-2Plan-de-travail-1dksl-plus-finnn.png\",\"width\":842,\"height\":226,\"caption\":\"Osaka\"},\"image\":{\"@id\":\"https:\/\/osaka.ma\/#\/schema\/logo\/image\/\"}}]}<\/script>\n<!-- \/ Yoast SEO plugin. -->","yoast_head_json":{"title":"HP Pavilion Gaming 15 RYZEN 5 5600H\/16GB\/512GB\/RTX 3050 4GB\/ 15.6\" 60HZ - Osaka","robots":{"index":"index","follow":"follow","max-snippet":"max-snippet:-1","max-image-preview":"max-image-preview:large","max-video-preview":"max-video-preview:-1"},"canonical":"https:\/\/osaka.ma\/product\/hp-pavilion-gaming-15-ryzen-5-5600h-15gb-512gb-rtx-3050-4gb-60hz\/","og_locale":"es_ES","og_type":"article","og_title":"HP Pavilion Gaming 15 RYZEN 5 5600H\/16GB\/512GB\/RTX 3050 4GB\/ 15.6\" 60HZ - Osaka","og_url":"https:\/\/osaka.ma\/product\/hp-pavilion-gaming-15-ryzen-5-5600h-15gb-512gb-rtx-3050-4gb-60hz\/","og_site_name":"Osaka","article_modified_time":"2025-01-28T17:11:11+00:00","og_image":[{"width":1600,"height":1600,"url":"https:\/\/osaka.ma\/wp-content\/uploads\/2024\/12\/LD0005967345.jpg","type":"image\/jpeg"}],"twitter_card":"summary_large_image","twitter_misc":{"Est. reading time":"4 minutes"},"schema":{"@context":"https:\/\/schema.org","@graph":[{"@type":"WebPage","@id":"https:\/\/osaka.ma\/product\/hp-pavilion-gaming-15-ryzen-5-5600h-15gb-512gb-rtx-3050-4gb-60hz\/","url":"https:\/\/osaka.ma\/product\/hp-pavilion-gaming-15-ryzen-5-5600h-15gb-512gb-rtx-3050-4gb-60hz\/","name":"HP Pavilion Gaming 15 RYZEN 5 5600H\/16GB\/512GB\/RTX 3050 4GB\/ 15.6\" 60HZ - Osaka","isPartOf":{"@id":"https:\/\/osaka.ma\/#website"},"primaryImageOfPage":{"@id":"https:\/\/osaka.ma\/product\/hp-pavilion-gaming-15-ryzen-5-5600h-15gb-512gb-rtx-3050-4gb-60hz\/#primaryimage"},"image":{"@id":"https:\/\/osaka.ma\/product\/hp-pavilion-gaming-15-ryzen-5-5600h-15gb-512gb-rtx-3050-4gb-60hz\/#primaryimage"},"thumbnailUrl":"https:\/\/osaka.ma\/wp-content\/uploads\/2024\/12\/LD0005967345.jpg","datePublished":"2024-12-28T13:50:14+00:00","dateModified":"2025-01-28T17:11:11+00:00","breadcrumb":{"@id":"https:\/\/osaka.ma\/product\/hp-pavilion-gaming-15-ryzen-5-5600h-15gb-512gb-rtx-3050-4gb-60hz\/#breadcrumb"},"inLanguage":"es-ES","potentialAction":[{"@type":"ReadAction","target":["https:\/\/osaka.ma\/product\/hp-pavilion-gaming-15-ryzen-5-5600h-15gb-512gb-rtx-3050-4gb-60hz\/"]}]},{"@type":"ImageObject","inLanguage":"es-ES","@id":"https:\/\/osaka.ma\/product\/hp-pavilion-gaming-15-ryzen-5-5600h-15gb-512gb-rtx-3050-4gb-60hz\/#primaryimage","url":"https:\/\/osaka.ma\/wp-content\/uploads\/2024\/12\/LD0005967345.jpg","contentUrl":"https:\/\/osaka.ma\/wp-content\/uploads\/2024\/12\/LD0005967345.jpg","width":1600,"height":1600},{"@type":"BreadcrumbList","@id":"https:\/\/osaka.ma\/product\/hp-pavilion-gaming-15-ryzen-5-5600h-15gb-512gb-rtx-3050-4gb-60hz\/#breadcrumb","itemListElement":[{"@type":"ListItem","position":1,"name":"Home","item":"https:\/\/osaka.ma\/"},{"@type":"ListItem","position":2,"name":"Shop","item":"https:\/\/osaka.ma\/shop-2\/"},{"@type":"ListItem","position":3,"name":"HP Pavilion Gaming 15 RYZEN 5 5600H\/16GB\/512GB\/RTX 3050 4GB\/ 15.6&#8243; 60HZ"}]},{"@type":"WebSite","@id":"https:\/\/osaka.ma\/#website","url":"https:\/\/osaka.ma\/","name":"Osaka","description":"","publisher":{"@id":"https:\/\/osaka.ma\/#organization"},"potentialAction":[{"@type":"SearchAction","target":{"@type":"EntryPoint","urlTemplate":"https:\/\/osaka.ma\/?s={search_term_string}"},"query-input":{"@type":"PropertyValueSpecification","valueRequired":true,"valueName":"search_term_string"}}],"inLanguage":"es-ES"},{"@type":"Organization","@id":"https:\/\/osaka.ma\/#organization","name":"Osaka","url":"https:\/\/osaka.ma\/","logo":{"@type":"ImageObject","inLanguage":"es-ES","@id":"https:\/\/osaka.ma\/#\/schema\/logo\/image\/","url":"https:\/\/osaka.ma\/wp-content\/uploads\/2026\/01\/model-slogan-logo-2Plan-de-travail-1dksl-plus-finnn.png","contentUrl":"https:\/\/osaka.ma\/wp-content\/uploads\/2026\/01\/model-slogan-logo-2Plan-de-travail-1dksl-plus-finnn.png","width":842,"height":226,"caption":"Osaka"},"image":{"@id":"https:\/\/osaka.ma\/#\/schema\/logo\/image\/"}}]}},"jetpack_sharing_enabled":true,"brands":[],"_links":{"self":[{"href":"https:\/\/osaka.ma\/es\/wp-json\/wp\/v2\/product\/11827","targetHints":{"allow":["GET"]}}],"collection":[{"href":"https:\/\/osaka.ma\/es\/wp-json\/wp\/v2\/product"}],"about":[{"href":"https:\/\/osaka.ma\/es\/wp-json\/wp\/v2\/types\/product"}],"version-history":[{"count":0,"href":"https:\/\/osaka.ma\/es\/wp-json\/wp\/v2\/product\/11827\/revisions"}],"wp:featuredmedia":[{"embeddable":true,"href":"https:\/\/osaka.ma\/es\/wp-json\/wp\/v2\/media\/1011828"}],"wp:attachment":[{"href":"https:\/\/osaka.ma\/es\/wp-json\/wp\/v2\/media?parent=11827"}],"wp:term":[{"taxonomy":"pwb-brand","embeddable":true,"href":"https:\/\/osaka.ma\/es\/wp-json\/wp\/v2\/pwb-brand?post=11827"},{"taxonomy":"product_brand","embeddable":true,"href":"https:\/\/osaka.ma\/es\/wp-json\/wp\/v2\/product_brand?post=11827"},{"taxonomy":"product_cat","embeddable":true,"href":"https:\/\/osaka.ma\/es\/wp-json\/wp\/v2\/product_cat?post=11827"},{"taxonomy":"product_tag","embeddable":true,"href":"https:\/\/osaka.ma\/es\/wp-json\/wp\/v2\/product_tag?post=11827"},{"taxonomy":"pcb_component_type","embeddable":true,"href":"https:\/\/osaka.ma\/es\/wp-json\/wp\/v2\/pcb_component_type?post=11827"}],"curies":[{"name":"wp","href":"https:\/\/api.w.org\/{rel}","templated":true}]}}