{"id":12239,"date":"2025-02-08T11:59:06","date_gmt":"2025-02-08T11:59:06","guid":{"rendered":"https:\/\/osaka.ma\/?post_type=product&#038;p=12239"},"modified":"2025-10-07T23:55:16","modified_gmt":"2025-10-07T22:55:16","slug":"pc-gamer-intel-core-i5-14600kf-16gb-512gb-rtx-4060-oc-8gb-gddr6","status":"publish","type":"product","link":"https:\/\/osaka.ma\/es\/product\/pc-gamer-intel-core-i5-14600kf-16gb-512gb-rtx-4060-oc-8gb-gddr6\/","title":{"rendered":"PC Gamer Intel Core i5-14600KF \/16GB\/ 512GB \/RTX 4060  OC 8GB GDDR6"},"content":{"rendered":"<h3>PC Gamer <strong>Intel Core i5-14600KF<\/strong> \/ 16 GB\/ 512 GB SSD\/ RTX 4060\u00a0 OC 8GB GDDR6<\/h3>\n<div class=\"woocommerce-product-details__short-description\">\n<h3>Caract\u00e9ristiques principales :<\/h3>\n<\/div>\n<div class=\"woocommerce-product-details__short-description\">\n<div class=\"woocommerce-product-details__short-description\">\n<ul>\n<li>Processeur <strong>Intel Core i5-14600KF (3.5 GHz \/ 5.3 GHz)<\/strong><\/li>\n<li>Carte m\u00e8re <strong>Gigabyte B760M H DDR4\u00a0 <\/strong>&#8211; 2x DDR4 &#8211; M.2 PCIe 4.0 &#8211; USB 3.0 &#8211; PCI-Express 4.0 16x<\/li>\n<li>Ram <strong>Corsair Vengeance RGB RS 16Go<\/strong> (2 x 8Go) DDR4<strong> 3200 MHz<\/strong> CL16<\/li>\n<li>Carte graphique<strong> Gigabyte GeForce RTX 4060 WINDFORCE OC 8GB GDDR6<\/strong><\/li>\n<li>Bo\u00eetier<strong> MSI MAG FORGE 112R<\/strong><\/li>\n<li>SSD <strong>512 GB Solidigm\u2122 Disque SSD interne P41 Plus<\/strong>\u00a0Series GEN 4 NVMe<\/li>\n<li>Ventirad\u00a0<strong>\u00a0NOVA FREEZER CT-2U2<\/strong><\/li>\n<li>Alimentation<strong> \u00a0MSI MAG A650BNL 80PLUS Bronze 650W<\/strong><\/li>\n<li><strong><strong><strong>Win11 \/ Bien assembl\u00e9<\/strong><\/strong><\/strong>\n<div class=\"logo\">\n<div class=\"logo\">\n<div id=\"description\" class=\"description\">\n<div class=\"details-pdt-desc\">\n<section>\n<div class=\"desc-text\">\n<div id=\"description\" class=\"description\">\n<div class=\"details-pdt-desc\">\n<section>\n<div class=\"desc-image\">\n<div class=\"logo\"><img decoding=\"async\" class=\"aligncenter\" src=\"https:\/\/media.ldlc.com\/v3\/marque\/bo\/00\/05\/72\/22\/V30005722262_2.jpg\" alt=\"Intel\" width=\"190\" height=\"84\" \/><\/div>\n<div id=\"description\" class=\"description\">\n<div class=\"details-pdt-desc\">\n<h2 class=\"h2-master\">Faites en plus, sans compromis<\/h2>\n<section>Avec plus de c\u0153urs et des fr\u00e9quences plus \u00e9lev\u00e9es, les processeurs\u00a0<strong>Intel Core de 14\u00e8me g\u00e9n\u00e9ration<\/strong>\u00a0vous permettent d&#8217;en faire plus, sans compromis sur les performances. Con\u00e7us pour r\u00e9pondre \u00e0 tous vos besoins, comme pour jouer dans les meilleures conditions, les processeurs\u00a0<strong>Intel Raptor Lake Refresh\u00a0<\/strong>sont ce qui se fait de mieux pour d\u00e9passer toutes les limites.<\/section>\n<section>\n<div class=\"desc-image\"><img decoding=\"async\" src=\"https:\/\/media.ldlc.com\/bo\/images\/fiches\/Processeur\/Intel\/intel_core_14th_i5k_001.jpg\" alt=\"\" \/><\/div>\n<div class=\"desc-text\">\n<h2>Intel Core\u00a0i5-14600KF 14-Core (6P+8E)<\/h2>\n<ul>\n<li>Processeur\u00a0<strong>14 Cores<\/strong>\u00a0\/ 20\u00a0Threads<\/li>\n<li><strong>6 Performance-Cores<\/strong>\u00a0(3.5\u00a0GHz &#8211; 5.3\u00a0GHz) + 8 Efficient-Cores (jusqu&#8217;\u00e0 4.0\u00a0GHz)<\/li>\n<li>Cache\u00a0<strong>L3 24 Mo<\/strong>\u00a0+ Cache L2 20 Mo<\/li>\n<li><strong>Unlocked\u00a0<\/strong>(coefficient multiplicateur d\u00e9bloqu\u00e9 pour l&#8217;overclocking)<\/li>\n<li>IGP : Aucun<\/li>\n<li>Contr\u00f4leur m\u00e9moire : DDR4 \/\u00a0<strong>DDR5<\/strong><\/li>\n<li>Compatible\u00a0<strong>PCI-E 5.0<\/strong><\/li>\n<li>TDP\u00a0: 125W<\/li>\n<li>TDP max. (Turbo Power) : 181W<\/li>\n<\/ul>\n<\/div>\n<\/section>\n<section>\n<div class=\"desc-text\">\n<h2>Architecture hybride<\/h2>\n<p>Les processeurs Intel\u00a0Core\u00a0sont dot\u00e9s d&#8217;une nouvelle architecture hybride optimis\u00e9e et de technologies de pointe qui vous permettent d&#8217;aller au-del\u00e0 des jeux vid\u00e9o et de la cr\u00e9ation. Avec Intel, profitez d&#8217;une exp\u00e9rience sans compromis pour toutes vos t\u00e2ches. Intel vous donne les moyens de sans cesse vous surpasser, sur tous vos terrains de jeu.\u00a0L&#8217;architecture hybride hautes performances d&#8217;Intel est con\u00e7ue pour r\u00e9pondre aux besoins des jeux les plus exigeants.<\/p>\n<\/div>\n<div class=\"desc-image\"><img decoding=\"async\" src=\"https:\/\/media.ldlc.com\/bo\/images\/fiches\/Processeur\/Intel\/intel_core_14th_003.jpg\" alt=\"\" \/><\/div>\n<\/section>\n<section>\n<div class=\"desc-image\"><img decoding=\"async\" src=\"https:\/\/media.ldlc.com\/bo\/images\/fiches\/Processeur\/Intel\/intel_core_14th_002.jpg\" alt=\"\" \/><\/div>\n<div class=\"desc-text\">\n<h2>Potentiel illimit\u00e9<\/h2>\n<p>Avec encore plus d&#8217;E-cores et de puissance pour le multit\u00e2che, il est temps de travailler et de jouer en m\u00eame temps. Jouez tout en regardant des vid\u00e9os en streaming, en \u00e9coutant de la musique et en encodant des vid\u00e9os.\u00a0Gr\u00e2ce \u00e0 leurs Performance-cores, les processeurs Intel\u00a0Core\u00a014\u1d49\u00a0g\u00e9n\u00e9ration\u00a0lib\u00e8rent toute la puissance n\u00e9cessaire pour optimiser les jeux les plus exigeants d&#8217;aujourd&#8217;hui.\u00a0Intel Thread Director vous permet de jouer sans interruptions\u00a0: pas besoin de vous soucier des t\u00e2ches d&#8217;arri\u00e8re-plan qui vous ralentissent. Intel\u00a0Smart Cache\u00a0: la taille \u00e9tendue du cache acc\u00e9l\u00e8re le processeur, offrant ainsi de meilleures performances, une fr\u00e9quence d&#8217;images plus \u00e9lev\u00e9e et plus r\u00e9guli\u00e8re, ainsi que des chargements plus rapides.<\/p>\n<\/div>\n<\/section>\n<\/div>\n<\/div>\n<\/div>\n<\/section>\n<\/div>\n<\/div>\n<\/div>\n<\/section>\n<\/div>\n<\/div>\n<\/div>\n<\/div>\n<div id=\"description\" class=\"description\">\n<div class=\"details-pdt-desc\">\n<section>\n<div class=\"desc-text\">\n<div class=\"logo\"><\/div>\n<div id=\"description\" class=\"description\">\n<div class=\"details-pdt-desc\">\n<div class=\"logo\"><a href=\"https:\/\/www.ldlc.com\/gigabyte\/bint000000990\/\" rel=\"nofollow noopener\" target=\"_blank\"><img decoding=\"async\" src=\"https:\/\/media.ldlc.com\/v3\/marque\/190\/C000000990.gif\" alt=\"Gigabyte\" \/><\/a><\/div>\n<div id=\"description\" class=\"description\">\n<div class=\"details-pdt-desc\">\n<h2 class=\"h2-master\">NVIDIA DLSS 3 et ray tracing au coeur du jeu<\/h2>\n<section>Bas\u00e9e sur l&#8217;architecture NVIDIA Ada Lovelace, la\u00a0<strong>carte graphique Gigabyte GeForce RTX 4060 WINDFORCE OC 8G<\/strong><strong>\u00a0<\/strong>s&#8217;appuie sur la technologie\u00a0<strong>DLSS 3\u00a0<\/strong>et le<strong>\u00a0ray tracing mat\u00e9riel<\/strong>\u00a0pour sublimer les jeux les plus r\u00e9cents et vous permettre de vivre une exp\u00e9rience vid\u00e9oludique immersive et r\u00e9aliste. Au-del\u00e0 du jeu, les cartes graphiques NVIDIA GeForce RTX 4060 offrent de hautes performances pour cr\u00e9er et streamer.<\/section>\n<section>\n<div class=\"desc-image\"><img decoding=\"async\" src=\"https:\/\/media.ldlc.com\/bo\/images\/fiches\/Carte_graphique\/Gigabyte\/windforce\/gigabyte_rtx3060_windforce_oc.jpg\" alt=\"\" \/><\/div>\n<div class=\"desc-text\">\n<h2>Gigabyte GeForce RTX 4060 WINDFORCE OC 8G<\/h2>\n<p>De la performance et de l&#8217;efficacit\u00e9, voil\u00e0 ce que propose Gigabyte avec sa carte graphique bas\u00e9e sur l&#8217;architecture NVIDIA Ada Lovelace. De la performance gr\u00e2ce\u00a0\u00e0 son overclocking d&#8217;usine\u00a0et\u00a0\u00e0 un syst\u00e8me de refroidissement exclusif et ultra-performant \u00e0 2 ventilateurs \u00e0 rotation altern\u00e9e (WINDFORCE). Sans oublier bien s\u00fbr le\u00a0backplate m\u00e9tal\u00a0au dos du PCB de la carte.<\/p>\n<\/div>\n<\/section>\n<section>\n<div class=\"desc-text\">\n<h2>Architecture NVIDIA Ada Lovelace<\/h2>\n<p>Cette architecture nouvelle va vous permettre de garder une longueur d&#8217;avance. Elle est en avance sur son temps comme sur le jeu.<\/p>\n<ul>\n<li>Nouveaux multiprocesseurs de flux : Jusqu\u2019\u00e0 2 fois plus de performances et de rendement \u00e9nerg\u00e9tique<\/li>\n<li>C\u0153urs Tensor de quatri\u00e8me g\u00e9n\u00e9ration : Jusqu\u2019\u00e0 2 fois plus de performances d\u2019IA<\/li>\n<li>C\u0153urs RT de troisi\u00e8me g\u00e9n\u00e9ration : Jusqu\u2019\u00e0 2 fois plus de performances de ray tracing et des graphismes r\u00e9alistes et immersifs<\/li>\n<li>Plateforme NVIDIA Reflex \u00e0 faible latence<\/li>\n<li>Encodeur NVIDIA : Conception pour le streaming en direct<\/li>\n<li>NVIDIA Broadcast : Vid\u00e9o et voix optimis\u00e9es par l\u2019IA<\/li>\n<li>NVIDIA Studio : Acc\u00e9l\u00e9rez votre cr\u00e9ativit\u00e9<\/li>\n<li>NVIDIA DLSS 3 : Performances acc\u00e9l\u00e9r\u00e9es par l\u2019IA<\/li>\n<\/ul>\n<p>&nbsp;<\/p>\n<\/div>\n<div class=\"desc-image\"><img decoding=\"async\" src=\"https:\/\/media.ldlc.com\/bo\/images\/fiches\/Carte_graphique\/NVIDIA\/nvidia_ada_lovelace_001.jpg\" alt=\"\" \/><\/div>\n<\/section>\n<section>\n<div class=\"desc-image\"><img decoding=\"async\" src=\"https:\/\/media.ldlc.com\/bo\/images\/fiches\/Carte_graphique\/NVIDIA\/nvidia_ada_lovelace_002.jpg\" alt=\"\" \/><\/div>\n<div class=\"desc-text\">\n<h2>Ray tracing<\/h2>\n<p>Hyper-r\u00e9aliste et hyper-rapide, le Ray tracing vous rapproche au plus pr\u00e8s de la r\u00e9alit\u00e9. L\u2019architecture Ada exploite toute la puissance du ray tracing, qui simule le comportement de la lumi\u00e8re dans le monde r\u00e9el. Gr\u00e2ce \u00e0 la puissance des GPU RTX s\u00e9rie 40 et aux c\u0153urs RT de troisi\u00e8me g\u00e9n\u00e9ration, vous profitez de mondes virtuels plus d\u00e9taill\u00e9s que jamais.<\/p>\n<\/div>\n<\/section>\n<section>\n<div class=\"desc-text\">\n<h2>NVIDIA DLSS\u00a03<\/h2>\n<p>Multipliez vos performances gr\u00e2ce \u00e0 l\u2019IA. Innovation r\u00e9volutionnaire dans le domaine du rendu graphique bas\u00e9 sur l\u2019IA, le DLSS acc\u00e9l\u00e8re grandement les performances de jeu. Optimis\u00e9 par les c\u0153urs Tensor de quatri\u00e8me g\u00e9n\u00e9ration et l\u2019acc\u00e9l\u00e9rateur de flux optiques des GPU GeForce RTX s\u00e9rie 40, le DLSS 3 exploite l\u2019IA pour g\u00e9n\u00e9rer des images additionnelles de haute qualit\u00e9.<\/p>\n<\/div>\n<div class=\"desc-image\"><img decoding=\"async\" src=\"https:\/\/media.ldlc.com\/bo\/images\/fiches\/Carte_graphique\/NVIDIA\/nvidia_ada_lovelace_003.jpg\" alt=\"\" \/><\/div>\n<\/section>\n<\/div>\n<\/div>\n<section>\n<div class=\"desc-text\">\n<h2>Streamez\u00a0comme un pro<\/h2>\n<p>Volez la vedette aux meilleurs streameurs en diffusant vos parties avec des graphismes sublimes et un rendu fluide. L\u2019encodage et le d\u00e9codage mat\u00e9riel de nouvelle g\u00e9n\u00e9ration vous permettent d\u2019immortaliser vos meilleurs moments avec un niveau de d\u00e9tails incomparable. La toute nouvelle application NVIDIA Broadcast fait passer vos livestreams au niveau sup\u00e9rieur avec de puissantes capacit\u00e9s d\u2019IA qui am\u00e9liorent la qualit\u00e9 de l\u2019audio et de la vid\u00e9o avec des effets avanc\u00e9s comme un arri\u00e8re-plan virtuel, un recadrage automatique de la webcam et la suppression des bruits parasites li\u00e9s au micro. Les GPU GeForce RTX s\u00e9rie 30 vous fournissent les performances graphiques et la qualit\u00e9 d\u2019image requises pour vous pr\u00e9senter \u00e0 votre public sous votre meilleur jour, syst\u00e9matiquement.<\/p>\n<\/div>\n<\/section>\n<\/div>\n<\/div>\n<\/div>\n<\/section>\n<\/div>\n<\/div>\n<\/li>\n<\/ul>\n<\/div>\n<\/div>\n","protected":false},"excerpt":{"rendered":"<div class=\"woocommerce-product-details__short-description\">\n<div class=\"woocommerce-product-details__short-description\">\n<div class=\"logo\">\n<h2><strong>Caract\u00e9ristiques principales :<\/strong><\/h2>\n<div class=\"logo\">\n<div class=\"logo\">\n<div class=\"woocommerce-product-details__short-description\">\n<div class=\"woocommerce-product-details__short-description\">\n<div class=\"logo\">\n<div class=\"logo\">\n<div id=\"description\" class=\"description\">\n<div class=\"details-pdt-desc\">\n<section>\n<div class=\"desc-text\">\n<div id=\"description\" class=\"description\">\n<div class=\"details-pdt-desc\">\n<section>\n<div class=\"desc-image\">\n<ul>\n<li>Processeur <strong>Intel Core i5-14600KF (3.5 GHz \/ 5.3 GHz)<\/strong><\/li>\n<li>Carte m\u00e8re <strong>Gigabyte B760M H DDR4\u00a0 <\/strong>&#8211; 2x DDR4 &#8211; M.2 PCIe 4.0 &#8211; USB 3.0 &#8211; PCI-Express 4.0 16x<\/li>\n<li>Ram <strong>Corsair Vengeance RGB RS 16Go<\/strong> (2 x 8Go) DDR4<strong> 3200 MHz<\/strong> CL16<\/li>\n<li>Carte graphique<strong> Gigabyte GeForce RTX 4060 WINDFORCE OC 8GB GDDR6<\/strong><\/li>\n<li>Bo\u00eetier<strong> MSI MAG FORGE 112R<\/strong><\/li>\n<li>SSD <strong>512 GB Solidigm\u2122 Disque SSD interne P41 Plus<\/strong>\u00a0Series GEN 4 NVMe<\/li>\n<li>Ventirad\u00a0<strong>\u00a0NOVA FREEZER CT-2U2<\/strong><\/li>\n<li>Alimentation<strong> \u00a0MSI MAG A650BNL 80PLUS Bronze 650W<\/strong><\/li>\n<li><strong>Win11 \/ Bien assembl\u00e9<\/strong>\n<div class=\"logo\">\n<div class=\"logo\">\n<div id=\"description\" class=\"description\">\n<div class=\"details-pdt-desc\">\n<section>\n<div class=\"desc-text\">\n<div id=\"description\" class=\"description\">\n<div class=\"details-pdt-desc\">\n<section>\n<div class=\"desc-image\"><\/div>\n<\/section>\n<\/div>\n<\/div>\n<\/div>\n<\/section>\n<\/div>\n<\/div>\n<\/div>\n<\/div>\n<\/li>\n<\/ul>\n<\/div>\n<\/section>\n<\/div>\n<\/div>\n<\/div>\n<\/section>\n<\/div>\n<\/div>\n<\/div>\n<\/div>\n<\/div>\n<\/div>\n<\/div>\n<\/div>\n<\/div>\n<\/div>\n<\/div>\n","protected":false},"featured_media":1011971,"template":"","meta":{"_acf_changed":false},"pwb-brand":[],"product_brand":[],"product_cat":[57,53],"product_tag":[],"pcb_component_type":[],"class_list":{"0":"post-12239","1":"product","2":"type-product","3":"status-publish","4":"has-post-thumbnail","6":"product_cat-intel","7":"product_cat-pc-gamer","9":"first","10":"outofstock","11":"shipping-taxable","12":"product-type-simple"},"translation":{"provider":"WPGlobus","version":"3.0.2","language":"es","enabled_languages":["en","es","de","fr","ru"],"languages":{"en":{"title":true,"content":true,"excerpt":true},"es":{"title":false,"content":false,"excerpt":false},"de":{"title":false,"content":false,"excerpt":false},"fr":{"title":false,"content":false,"excerpt":false},"ru":{"title":false,"content":false,"excerpt":false}}},"acf":[],"yoast_head":"<!-- This site is optimized with the Yoast SEO plugin v27.2 - https:\/\/yoast.com\/product\/yoast-seo-wordpress\/ -->\n<title>PC Gamer Intel Core i5-14600KF \/16GB\/ 512GB \/RTX 4060 OC 8GB GDDR6 - Osaka<\/title>\n<meta name=\"robots\" content=\"index, follow, max-snippet:-1, max-image-preview:large, max-video-preview:-1\" \/>\n<link rel=\"canonical\" href=\"https:\/\/osaka.ma\/product\/pc-gamer-intel-core-i5-14600kf-16gb-512gb-rtx-4060-oc-8gb-gddr6\/\" \/>\n<meta property=\"og:locale\" content=\"es_ES\" \/>\n<meta property=\"og:type\" content=\"article\" \/>\n<meta property=\"og:title\" content=\"PC Gamer Intel Core i5-14600KF \/16GB\/ 512GB \/RTX 4060 OC 8GB GDDR6 - Osaka\" \/>\n<meta property=\"og:url\" content=\"https:\/\/osaka.ma\/product\/pc-gamer-intel-core-i5-14600kf-16gb-512gb-rtx-4060-oc-8gb-gddr6\/\" \/>\n<meta property=\"og:site_name\" content=\"Osaka\" \/>\n<meta property=\"article:modified_time\" content=\"2025-10-07T22:55:16+00:00\" \/>\n<meta property=\"og:image\" content=\"https:\/\/osaka.ma\/wp-content\/uploads\/2025\/01\/161_9d4dbdba-6f63-4785-9593-38b7402a2873_695x695.webp\" \/>\n\t<meta property=\"og:image:width\" content=\"695\" \/>\n\t<meta property=\"og:image:height\" content=\"695\" \/>\n\t<meta property=\"og:image:type\" content=\"image\/webp\" \/>\n<meta name=\"twitter:card\" content=\"summary_large_image\" \/>\n<meta name=\"twitter:label1\" content=\"Est. reading time\" \/>\n\t<meta name=\"twitter:data1\" content=\"6 minutes\" \/>\n<script type=\"application\/ld+json\" class=\"yoast-schema-graph\">{\"@context\":\"https:\/\/schema.org\",\"@graph\":[{\"@type\":\"WebPage\",\"@id\":\"https:\/\/osaka.ma\/product\/pc-gamer-intel-core-i5-14600kf-16gb-512gb-rtx-4060-oc-8gb-gddr6\/\",\"url\":\"https:\/\/osaka.ma\/product\/pc-gamer-intel-core-i5-14600kf-16gb-512gb-rtx-4060-oc-8gb-gddr6\/\",\"name\":\"PC Gamer Intel Core i5-14600KF \/16GB\/ 512GB \/RTX 4060 OC 8GB GDDR6 - Osaka\",\"isPartOf\":{\"@id\":\"https:\/\/osaka.ma\/#website\"},\"primaryImageOfPage\":{\"@id\":\"https:\/\/osaka.ma\/product\/pc-gamer-intel-core-i5-14600kf-16gb-512gb-rtx-4060-oc-8gb-gddr6\/#primaryimage\"},\"image\":{\"@id\":\"https:\/\/osaka.ma\/product\/pc-gamer-intel-core-i5-14600kf-16gb-512gb-rtx-4060-oc-8gb-gddr6\/#primaryimage\"},\"thumbnailUrl\":\"https:\/\/osaka.ma\/wp-content\/uploads\/2025\/01\/161_9d4dbdba-6f63-4785-9593-38b7402a2873_695x695.webp\",\"datePublished\":\"2025-02-08T11:59:06+00:00\",\"dateModified\":\"2025-10-07T22:55:16+00:00\",\"breadcrumb\":{\"@id\":\"https:\/\/osaka.ma\/product\/pc-gamer-intel-core-i5-14600kf-16gb-512gb-rtx-4060-oc-8gb-gddr6\/#breadcrumb\"},\"inLanguage\":\"es-ES\",\"potentialAction\":[{\"@type\":\"ReadAction\",\"target\":[\"https:\/\/osaka.ma\/product\/pc-gamer-intel-core-i5-14600kf-16gb-512gb-rtx-4060-oc-8gb-gddr6\/\"]}]},{\"@type\":\"ImageObject\",\"inLanguage\":\"es-ES\",\"@id\":\"https:\/\/osaka.ma\/product\/pc-gamer-intel-core-i5-14600kf-16gb-512gb-rtx-4060-oc-8gb-gddr6\/#primaryimage\",\"url\":\"https:\/\/osaka.ma\/wp-content\/uploads\/2025\/01\/161_9d4dbdba-6f63-4785-9593-38b7402a2873_695x695.webp\",\"contentUrl\":\"https:\/\/osaka.ma\/wp-content\/uploads\/2025\/01\/161_9d4dbdba-6f63-4785-9593-38b7402a2873_695x695.webp\",\"width\":695,\"height\":695},{\"@type\":\"BreadcrumbList\",\"@id\":\"https:\/\/osaka.ma\/product\/pc-gamer-intel-core-i5-14600kf-16gb-512gb-rtx-4060-oc-8gb-gddr6\/#breadcrumb\",\"itemListElement\":[{\"@type\":\"ListItem\",\"position\":1,\"name\":\"Home\",\"item\":\"https:\/\/osaka.ma\/\"},{\"@type\":\"ListItem\",\"position\":2,\"name\":\"Shop\",\"item\":\"https:\/\/osaka.ma\/shop-2\/\"},{\"@type\":\"ListItem\",\"position\":3,\"name\":\"PC Gamer Intel Core i5-14600KF \/16GB\/ 512GB \/RTX 4060 OC 8GB GDDR6\"}]},{\"@type\":\"WebSite\",\"@id\":\"https:\/\/osaka.ma\/#website\",\"url\":\"https:\/\/osaka.ma\/\",\"name\":\"Osaka\",\"description\":\"\",\"publisher\":{\"@id\":\"https:\/\/osaka.ma\/#organization\"},\"potentialAction\":[{\"@type\":\"SearchAction\",\"target\":{\"@type\":\"EntryPoint\",\"urlTemplate\":\"https:\/\/osaka.ma\/?s={search_term_string}\"},\"query-input\":{\"@type\":\"PropertyValueSpecification\",\"valueRequired\":true,\"valueName\":\"search_term_string\"}}],\"inLanguage\":\"es-ES\"},{\"@type\":\"Organization\",\"@id\":\"https:\/\/osaka.ma\/#organization\",\"name\":\"Osaka\",\"url\":\"https:\/\/osaka.ma\/\",\"logo\":{\"@type\":\"ImageObject\",\"inLanguage\":\"es-ES\",\"@id\":\"https:\/\/osaka.ma\/#\/schema\/logo\/image\/\",\"url\":\"https:\/\/osaka.ma\/wp-content\/uploads\/2026\/01\/model-slogan-logo-2Plan-de-travail-1dksl-plus-finnn.png\",\"contentUrl\":\"https:\/\/osaka.ma\/wp-content\/uploads\/2026\/01\/model-slogan-logo-2Plan-de-travail-1dksl-plus-finnn.png\",\"width\":842,\"height\":226,\"caption\":\"Osaka\"},\"image\":{\"@id\":\"https:\/\/osaka.ma\/#\/schema\/logo\/image\/\"}}]}<\/script>\n<!-- \/ Yoast SEO plugin. -->","yoast_head_json":{"title":"PC Gamer Intel Core i5-14600KF \/16GB\/ 512GB \/RTX 4060 OC 8GB GDDR6 - Osaka","robots":{"index":"index","follow":"follow","max-snippet":"max-snippet:-1","max-image-preview":"max-image-preview:large","max-video-preview":"max-video-preview:-1"},"canonical":"https:\/\/osaka.ma\/product\/pc-gamer-intel-core-i5-14600kf-16gb-512gb-rtx-4060-oc-8gb-gddr6\/","og_locale":"es_ES","og_type":"article","og_title":"PC Gamer Intel Core i5-14600KF \/16GB\/ 512GB \/RTX 4060 OC 8GB GDDR6 - Osaka","og_url":"https:\/\/osaka.ma\/product\/pc-gamer-intel-core-i5-14600kf-16gb-512gb-rtx-4060-oc-8gb-gddr6\/","og_site_name":"Osaka","article_modified_time":"2025-10-07T22:55:16+00:00","og_image":[{"width":695,"height":695,"url":"https:\/\/osaka.ma\/wp-content\/uploads\/2025\/01\/161_9d4dbdba-6f63-4785-9593-38b7402a2873_695x695.webp","type":"image\/webp"}],"twitter_card":"summary_large_image","twitter_misc":{"Est. reading time":"6 minutes"},"schema":{"@context":"https:\/\/schema.org","@graph":[{"@type":"WebPage","@id":"https:\/\/osaka.ma\/product\/pc-gamer-intel-core-i5-14600kf-16gb-512gb-rtx-4060-oc-8gb-gddr6\/","url":"https:\/\/osaka.ma\/product\/pc-gamer-intel-core-i5-14600kf-16gb-512gb-rtx-4060-oc-8gb-gddr6\/","name":"PC Gamer Intel Core i5-14600KF \/16GB\/ 512GB \/RTX 4060 OC 8GB GDDR6 - Osaka","isPartOf":{"@id":"https:\/\/osaka.ma\/#website"},"primaryImageOfPage":{"@id":"https:\/\/osaka.ma\/product\/pc-gamer-intel-core-i5-14600kf-16gb-512gb-rtx-4060-oc-8gb-gddr6\/#primaryimage"},"image":{"@id":"https:\/\/osaka.ma\/product\/pc-gamer-intel-core-i5-14600kf-16gb-512gb-rtx-4060-oc-8gb-gddr6\/#primaryimage"},"thumbnailUrl":"https:\/\/osaka.ma\/wp-content\/uploads\/2025\/01\/161_9d4dbdba-6f63-4785-9593-38b7402a2873_695x695.webp","datePublished":"2025-02-08T11:59:06+00:00","dateModified":"2025-10-07T22:55:16+00:00","breadcrumb":{"@id":"https:\/\/osaka.ma\/product\/pc-gamer-intel-core-i5-14600kf-16gb-512gb-rtx-4060-oc-8gb-gddr6\/#breadcrumb"},"inLanguage":"es-ES","potentialAction":[{"@type":"ReadAction","target":["https:\/\/osaka.ma\/product\/pc-gamer-intel-core-i5-14600kf-16gb-512gb-rtx-4060-oc-8gb-gddr6\/"]}]},{"@type":"ImageObject","inLanguage":"es-ES","@id":"https:\/\/osaka.ma\/product\/pc-gamer-intel-core-i5-14600kf-16gb-512gb-rtx-4060-oc-8gb-gddr6\/#primaryimage","url":"https:\/\/osaka.ma\/wp-content\/uploads\/2025\/01\/161_9d4dbdba-6f63-4785-9593-38b7402a2873_695x695.webp","contentUrl":"https:\/\/osaka.ma\/wp-content\/uploads\/2025\/01\/161_9d4dbdba-6f63-4785-9593-38b7402a2873_695x695.webp","width":695,"height":695},{"@type":"BreadcrumbList","@id":"https:\/\/osaka.ma\/product\/pc-gamer-intel-core-i5-14600kf-16gb-512gb-rtx-4060-oc-8gb-gddr6\/#breadcrumb","itemListElement":[{"@type":"ListItem","position":1,"name":"Home","item":"https:\/\/osaka.ma\/"},{"@type":"ListItem","position":2,"name":"Shop","item":"https:\/\/osaka.ma\/shop-2\/"},{"@type":"ListItem","position":3,"name":"PC Gamer Intel Core i5-14600KF \/16GB\/ 512GB \/RTX 4060 OC 8GB GDDR6"}]},{"@type":"WebSite","@id":"https:\/\/osaka.ma\/#website","url":"https:\/\/osaka.ma\/","name":"Osaka","description":"","publisher":{"@id":"https:\/\/osaka.ma\/#organization"},"potentialAction":[{"@type":"SearchAction","target":{"@type":"EntryPoint","urlTemplate":"https:\/\/osaka.ma\/?s={search_term_string}"},"query-input":{"@type":"PropertyValueSpecification","valueRequired":true,"valueName":"search_term_string"}}],"inLanguage":"es-ES"},{"@type":"Organization","@id":"https:\/\/osaka.ma\/#organization","name":"Osaka","url":"https:\/\/osaka.ma\/","logo":{"@type":"ImageObject","inLanguage":"es-ES","@id":"https:\/\/osaka.ma\/#\/schema\/logo\/image\/","url":"https:\/\/osaka.ma\/wp-content\/uploads\/2026\/01\/model-slogan-logo-2Plan-de-travail-1dksl-plus-finnn.png","contentUrl":"https:\/\/osaka.ma\/wp-content\/uploads\/2026\/01\/model-slogan-logo-2Plan-de-travail-1dksl-plus-finnn.png","width":842,"height":226,"caption":"Osaka"},"image":{"@id":"https:\/\/osaka.ma\/#\/schema\/logo\/image\/"}}]}},"jetpack_sharing_enabled":true,"brands":[],"_links":{"self":[{"href":"https:\/\/osaka.ma\/es\/wp-json\/wp\/v2\/product\/12239","targetHints":{"allow":["GET"]}}],"collection":[{"href":"https:\/\/osaka.ma\/es\/wp-json\/wp\/v2\/product"}],"about":[{"href":"https:\/\/osaka.ma\/es\/wp-json\/wp\/v2\/types\/product"}],"version-history":[{"count":0,"href":"https:\/\/osaka.ma\/es\/wp-json\/wp\/v2\/product\/12239\/revisions"}],"wp:featuredmedia":[{"embeddable":true,"href":"https:\/\/osaka.ma\/es\/wp-json\/wp\/v2\/media\/1011971"}],"wp:attachment":[{"href":"https:\/\/osaka.ma\/es\/wp-json\/wp\/v2\/media?parent=12239"}],"wp:term":[{"taxonomy":"pwb-brand","embeddable":true,"href":"https:\/\/osaka.ma\/es\/wp-json\/wp\/v2\/pwb-brand?post=12239"},{"taxonomy":"product_brand","embeddable":true,"href":"https:\/\/osaka.ma\/es\/wp-json\/wp\/v2\/product_brand?post=12239"},{"taxonomy":"product_cat","embeddable":true,"href":"https:\/\/osaka.ma\/es\/wp-json\/wp\/v2\/product_cat?post=12239"},{"taxonomy":"product_tag","embeddable":true,"href":"https:\/\/osaka.ma\/es\/wp-json\/wp\/v2\/product_tag?post=12239"},{"taxonomy":"pcb_component_type","embeddable":true,"href":"https:\/\/osaka.ma\/es\/wp-json\/wp\/v2\/pcb_component_type?post=12239"}],"curies":[{"name":"wp","href":"https:\/\/api.w.org\/{rel}","templated":true}]}}