{"id":12800,"date":"2025-02-15T14:20:40","date_gmt":"2025-02-15T14:20:40","guid":{"rendered":"https:\/\/osaka.ma\/?post_type=product&#038;p=12800"},"modified":"2025-10-08T00:12:08","modified_gmt":"2025-10-07T23:12:08","slug":"crucial-8go-ddr5-5200-mhz-cl40","status":"publish","type":"product","link":"https:\/\/osaka.ma\/es\/product\/crucial-8go-ddr5-5200-mhz-cl40\/","title":{"rendered":"Crucial  8Go DDR5 5200 MHz CL40"},"content":{"rendered":"<section id=\"overview\" class=\"overview\">\n<div>\n<div class=\"crucial site-content\">\n<div id=\"main-content\">\n<div class=\"zurbrow basecomponent parbase\">\n<div class=\"section --bottom-only \" data-interchange=\"[, small], [, medium], [, large] ,[, xlarge]\" aria-label=\" \">\n<div class=\"row margin-top--medium margin-bottom--medium \">\n<div class=\"basecomponent zurbcolumn parbase columns small-12 medium-expand large-expand default-theme uphill slantleft\">\n<div class=\"zurbcolumn-container\">\n<div class=\"image basecomponent parbase\">\n<div id=\"zurbrow_595965947zurbcolumn1contentimage\" class=\"imagewidth-attributes\">\n<div class=\"logo\"><\/div>\n<div id=\"description\" class=\"description\">\n<div class=\"details-pdt-desc\">\n<h2 class=\"h2-master\">R\u00e9alisez plusieurs t\u00e2ches toujours plus facilement et rapidement<\/h2>\n<section>La m\u00e9moire\u00a0<strong>Crucial DDR5<\/strong>\u00a0pour ordinateur de bureau fournit la vitesse et la bande passante n\u00e9cessaires pour r\u00e9pondre aux exigences des processeurs multi-c\u0153urs de nouvelle g\u00e9n\u00e9ration. La DDR5 offre des vitesses 50% plus rapides que la g\u00e9n\u00e9ration pr\u00e9c\u00e9dente<br \/>\n\u00e0 sa sortie, et permet aux entreprises et aux utilisateurs de stations de travail de profiter de performances extr\u00eames imm\u00e9diatement.Ma conception de la m\u00e9moire Crucial DDR5 pour bureau surpasse la DDR4 avec ses deux\u00a0canaux 32\u00a0bits ind\u00e9pendants par module pour des performances optimis\u00e9es. La technologie ECC sur puce (on-die ECC, ODECC) permet \u00e0 la m\u00e9moire Crucial DDR5 d\u2019offrir une stabilit\u00e9 sur le long terme et de rester aussi fiable que la g\u00e9n\u00e9ration pr\u00e9c\u00e9dente, m\u00eame pour les applications et programmes tr\u00e8s gourmands des stations de travail next-gen.<\/p>\n<\/section>\n<section>\n<div class=\"desc-image\"><img decoding=\"async\" src=\"https:\/\/media.ldlc.com\/bo\/images\/fiches\/RAM\/Crucial\/crucial_ddr5.jpg\" alt=\"\" \/><\/div>\n<div class=\"desc-text\">\n<h2>Principales fonctionnalit\u00e9s<\/h2>\n<ul>\n<li>Une bande passante 1.87\u00a0fois sup\u00e9rieure \u00e0 celle de la DDR4<\/li>\n<li>Un taux de transfert des donn\u00e9es 1,5\u00a0fois sup\u00e9rieur \u00e0 celui de la DDR4<\/li>\n<li>2 fois plus d\u2019emplacements (32) et de groupes d\u2019emplacements (16) que la DDR4<\/li>\n<li>Circuit int\u00e9gr\u00e9 de gestion de l\u2019alimentation embarqu\u00e9 (PMIC)<\/li>\n<li>2\u00a0canaux 32\u00a0bits ind\u00e9pendants par module (64\u00a0bits en tout)<\/li>\n<\/ul>\n<p>&nbsp;<\/p>\n<\/div>\n<\/section>\n<\/div>\n<\/div>\n<\/div>\n<\/div>\n<\/div>\n<\/div>\n<\/div>\n<\/div>\n<\/div>\n<\/div>\n<\/div>\n<\/div>\n<\/section>\n","protected":false},"excerpt":{"rendered":"<p>La m\u00e9moire\u00a0Crucial DDR5\u00a0pour ordinateur de bureau fournit la vitesse et la bande passante n\u00e9cessaires pour r\u00e9pondre aux exigences des processeurs multi-c\u0153urs de nouvelle g\u00e9n\u00e9ration. La DDR5 offre des vitesses 50% plus rapides que la g\u00e9n\u00e9ration pr\u00e9c\u00e9dente<br \/>\n\u00e0 sa sortie, et permet aux entreprises et aux utilisateurs de stations de travail de profiter de performances extr\u00eames imm\u00e9diatement.<\/p>\n","protected":false},"featured_media":1012802,"template":"","meta":{"_acf_changed":false},"pwb-brand":[],"product_brand":[80],"product_cat":[17,116,18],"product_tag":[],"pcb_component_type":[],"class_list":{"0":"post-12800","1":"product","2":"type-product","3":"status-publish","4":"has-post-thumbnail","6":"product_brand-crucial","7":"product_cat-composants-gaming","8":"product_cat-ddr5","9":"product_cat-ram","11":"first","12":"outofstock","13":"shipping-taxable","14":"product-type-simple"},"translation":{"provider":"WPGlobus","version":"3.0.2","language":"es","enabled_languages":["en","es","de","fr","ru"],"languages":{"en":{"title":true,"content":true,"excerpt":true},"es":{"title":false,"content":false,"excerpt":false},"de":{"title":false,"content":false,"excerpt":false},"fr":{"title":false,"content":false,"excerpt":false},"ru":{"title":false,"content":false,"excerpt":false}}},"acf":[],"yoast_head":"<!-- This site is optimized with the Yoast SEO plugin v27.2 - https:\/\/yoast.com\/product\/yoast-seo-wordpress\/ -->\n<title>Crucial 8Go DDR5 5200 MHz CL40 - Osaka<\/title>\n<meta name=\"robots\" content=\"index, follow, max-snippet:-1, max-image-preview:large, max-video-preview:-1\" \/>\n<link rel=\"canonical\" href=\"https:\/\/osaka.ma\/product\/crucial-8go-ddr5-5200-mhz-cl40\/\" \/>\n<meta property=\"og:locale\" content=\"es_ES\" \/>\n<meta property=\"og:type\" content=\"article\" \/>\n<meta property=\"og:title\" content=\"Crucial 8Go DDR5 5200 MHz CL40 - Osaka\" \/>\n<meta property=\"og:url\" content=\"https:\/\/osaka.ma\/product\/crucial-8go-ddr5-5200-mhz-cl40\/\" \/>\n<meta property=\"og:site_name\" content=\"Osaka\" \/>\n<meta property=\"article:modified_time\" content=\"2025-10-07T23:12:08+00:00\" \/>\n<meta property=\"og:image\" content=\"https:\/\/osaka.ma\/wp-content\/uploads\/2025\/02\/LENOVO-X380-YOGA-13.png\" \/>\n\t<meta property=\"og:image:width\" content=\"1080\" \/>\n\t<meta property=\"og:image:height\" content=\"1080\" \/>\n\t<meta property=\"og:image:type\" content=\"image\/png\" \/>\n<meta name=\"twitter:card\" content=\"summary_large_image\" \/>\n<meta name=\"twitter:label1\" content=\"Est. reading time\" \/>\n\t<meta name=\"twitter:data1\" content=\"2 minutes\" \/>\n<script type=\"application\/ld+json\" class=\"yoast-schema-graph\">{\"@context\":\"https:\/\/schema.org\",\"@graph\":[{\"@type\":\"WebPage\",\"@id\":\"https:\/\/osaka.ma\/product\/crucial-8go-ddr5-5200-mhz-cl40\/\",\"url\":\"https:\/\/osaka.ma\/product\/crucial-8go-ddr5-5200-mhz-cl40\/\",\"name\":\"Crucial 8Go DDR5 5200 MHz CL40 - Osaka\",\"isPartOf\":{\"@id\":\"https:\/\/osaka.ma\/#website\"},\"primaryImageOfPage\":{\"@id\":\"https:\/\/osaka.ma\/product\/crucial-8go-ddr5-5200-mhz-cl40\/#primaryimage\"},\"image\":{\"@id\":\"https:\/\/osaka.ma\/product\/crucial-8go-ddr5-5200-mhz-cl40\/#primaryimage\"},\"thumbnailUrl\":\"https:\/\/osaka.ma\/wp-content\/uploads\/2025\/02\/LENOVO-X380-YOGA-13.png\",\"datePublished\":\"2025-02-15T14:20:40+00:00\",\"dateModified\":\"2025-10-07T23:12:08+00:00\",\"breadcrumb\":{\"@id\":\"https:\/\/osaka.ma\/product\/crucial-8go-ddr5-5200-mhz-cl40\/#breadcrumb\"},\"inLanguage\":\"es-ES\",\"potentialAction\":[{\"@type\":\"ReadAction\",\"target\":[\"https:\/\/osaka.ma\/product\/crucial-8go-ddr5-5200-mhz-cl40\/\"]}]},{\"@type\":\"ImageObject\",\"inLanguage\":\"es-ES\",\"@id\":\"https:\/\/osaka.ma\/product\/crucial-8go-ddr5-5200-mhz-cl40\/#primaryimage\",\"url\":\"https:\/\/osaka.ma\/wp-content\/uploads\/2025\/02\/LENOVO-X380-YOGA-13.png\",\"contentUrl\":\"https:\/\/osaka.ma\/wp-content\/uploads\/2025\/02\/LENOVO-X380-YOGA-13.png\",\"width\":1080,\"height\":1080},{\"@type\":\"BreadcrumbList\",\"@id\":\"https:\/\/osaka.ma\/product\/crucial-8go-ddr5-5200-mhz-cl40\/#breadcrumb\",\"itemListElement\":[{\"@type\":\"ListItem\",\"position\":1,\"name\":\"Home\",\"item\":\"https:\/\/osaka.ma\/\"},{\"@type\":\"ListItem\",\"position\":2,\"name\":\"Shop\",\"item\":\"https:\/\/osaka.ma\/shop-2\/\"},{\"@type\":\"ListItem\",\"position\":3,\"name\":\"Crucial 8Go DDR5 5200 MHz CL40\"}]},{\"@type\":\"WebSite\",\"@id\":\"https:\/\/osaka.ma\/#website\",\"url\":\"https:\/\/osaka.ma\/\",\"name\":\"Osaka\",\"description\":\"\",\"publisher\":{\"@id\":\"https:\/\/osaka.ma\/#organization\"},\"potentialAction\":[{\"@type\":\"SearchAction\",\"target\":{\"@type\":\"EntryPoint\",\"urlTemplate\":\"https:\/\/osaka.ma\/?s={search_term_string}\"},\"query-input\":{\"@type\":\"PropertyValueSpecification\",\"valueRequired\":true,\"valueName\":\"search_term_string\"}}],\"inLanguage\":\"es-ES\"},{\"@type\":\"Organization\",\"@id\":\"https:\/\/osaka.ma\/#organization\",\"name\":\"Osaka\",\"url\":\"https:\/\/osaka.ma\/\",\"logo\":{\"@type\":\"ImageObject\",\"inLanguage\":\"es-ES\",\"@id\":\"https:\/\/osaka.ma\/#\/schema\/logo\/image\/\",\"url\":\"https:\/\/osaka.ma\/wp-content\/uploads\/2026\/01\/model-slogan-logo-2Plan-de-travail-1dksl-plus-finnn.png\",\"contentUrl\":\"https:\/\/osaka.ma\/wp-content\/uploads\/2026\/01\/model-slogan-logo-2Plan-de-travail-1dksl-plus-finnn.png\",\"width\":842,\"height\":226,\"caption\":\"Osaka\"},\"image\":{\"@id\":\"https:\/\/osaka.ma\/#\/schema\/logo\/image\/\"}}]}<\/script>\n<!-- \/ Yoast SEO plugin. -->","yoast_head_json":{"title":"Crucial 8Go DDR5 5200 MHz CL40 - Osaka","robots":{"index":"index","follow":"follow","max-snippet":"max-snippet:-1","max-image-preview":"max-image-preview:large","max-video-preview":"max-video-preview:-1"},"canonical":"https:\/\/osaka.ma\/product\/crucial-8go-ddr5-5200-mhz-cl40\/","og_locale":"es_ES","og_type":"article","og_title":"Crucial 8Go DDR5 5200 MHz CL40 - Osaka","og_url":"https:\/\/osaka.ma\/product\/crucial-8go-ddr5-5200-mhz-cl40\/","og_site_name":"Osaka","article_modified_time":"2025-10-07T23:12:08+00:00","og_image":[{"width":1080,"height":1080,"url":"https:\/\/osaka.ma\/wp-content\/uploads\/2025\/02\/LENOVO-X380-YOGA-13.png","type":"image\/png"}],"twitter_card":"summary_large_image","twitter_misc":{"Est. reading time":"2 minutes"},"schema":{"@context":"https:\/\/schema.org","@graph":[{"@type":"WebPage","@id":"https:\/\/osaka.ma\/product\/crucial-8go-ddr5-5200-mhz-cl40\/","url":"https:\/\/osaka.ma\/product\/crucial-8go-ddr5-5200-mhz-cl40\/","name":"Crucial 8Go DDR5 5200 MHz CL40 - Osaka","isPartOf":{"@id":"https:\/\/osaka.ma\/#website"},"primaryImageOfPage":{"@id":"https:\/\/osaka.ma\/product\/crucial-8go-ddr5-5200-mhz-cl40\/#primaryimage"},"image":{"@id":"https:\/\/osaka.ma\/product\/crucial-8go-ddr5-5200-mhz-cl40\/#primaryimage"},"thumbnailUrl":"https:\/\/osaka.ma\/wp-content\/uploads\/2025\/02\/LENOVO-X380-YOGA-13.png","datePublished":"2025-02-15T14:20:40+00:00","dateModified":"2025-10-07T23:12:08+00:00","breadcrumb":{"@id":"https:\/\/osaka.ma\/product\/crucial-8go-ddr5-5200-mhz-cl40\/#breadcrumb"},"inLanguage":"es-ES","potentialAction":[{"@type":"ReadAction","target":["https:\/\/osaka.ma\/product\/crucial-8go-ddr5-5200-mhz-cl40\/"]}]},{"@type":"ImageObject","inLanguage":"es-ES","@id":"https:\/\/osaka.ma\/product\/crucial-8go-ddr5-5200-mhz-cl40\/#primaryimage","url":"https:\/\/osaka.ma\/wp-content\/uploads\/2025\/02\/LENOVO-X380-YOGA-13.png","contentUrl":"https:\/\/osaka.ma\/wp-content\/uploads\/2025\/02\/LENOVO-X380-YOGA-13.png","width":1080,"height":1080},{"@type":"BreadcrumbList","@id":"https:\/\/osaka.ma\/product\/crucial-8go-ddr5-5200-mhz-cl40\/#breadcrumb","itemListElement":[{"@type":"ListItem","position":1,"name":"Home","item":"https:\/\/osaka.ma\/"},{"@type":"ListItem","position":2,"name":"Shop","item":"https:\/\/osaka.ma\/shop-2\/"},{"@type":"ListItem","position":3,"name":"Crucial 8Go DDR5 5200 MHz CL40"}]},{"@type":"WebSite","@id":"https:\/\/osaka.ma\/#website","url":"https:\/\/osaka.ma\/","name":"Osaka","description":"","publisher":{"@id":"https:\/\/osaka.ma\/#organization"},"potentialAction":[{"@type":"SearchAction","target":{"@type":"EntryPoint","urlTemplate":"https:\/\/osaka.ma\/?s={search_term_string}"},"query-input":{"@type":"PropertyValueSpecification","valueRequired":true,"valueName":"search_term_string"}}],"inLanguage":"es-ES"},{"@type":"Organization","@id":"https:\/\/osaka.ma\/#organization","name":"Osaka","url":"https:\/\/osaka.ma\/","logo":{"@type":"ImageObject","inLanguage":"es-ES","@id":"https:\/\/osaka.ma\/#\/schema\/logo\/image\/","url":"https:\/\/osaka.ma\/wp-content\/uploads\/2026\/01\/model-slogan-logo-2Plan-de-travail-1dksl-plus-finnn.png","contentUrl":"https:\/\/osaka.ma\/wp-content\/uploads\/2026\/01\/model-slogan-logo-2Plan-de-travail-1dksl-plus-finnn.png","width":842,"height":226,"caption":"Osaka"},"image":{"@id":"https:\/\/osaka.ma\/#\/schema\/logo\/image\/"}}]}},"jetpack_sharing_enabled":true,"brands":[],"_links":{"self":[{"href":"https:\/\/osaka.ma\/es\/wp-json\/wp\/v2\/product\/12800","targetHints":{"allow":["GET"]}}],"collection":[{"href":"https:\/\/osaka.ma\/es\/wp-json\/wp\/v2\/product"}],"about":[{"href":"https:\/\/osaka.ma\/es\/wp-json\/wp\/v2\/types\/product"}],"version-history":[{"count":0,"href":"https:\/\/osaka.ma\/es\/wp-json\/wp\/v2\/product\/12800\/revisions"}],"wp:featuredmedia":[{"embeddable":true,"href":"https:\/\/osaka.ma\/es\/wp-json\/wp\/v2\/media\/1012802"}],"wp:attachment":[{"href":"https:\/\/osaka.ma\/es\/wp-json\/wp\/v2\/media?parent=12800"}],"wp:term":[{"taxonomy":"pwb-brand","embeddable":true,"href":"https:\/\/osaka.ma\/es\/wp-json\/wp\/v2\/pwb-brand?post=12800"},{"taxonomy":"product_brand","embeddable":true,"href":"https:\/\/osaka.ma\/es\/wp-json\/wp\/v2\/product_brand?post=12800"},{"taxonomy":"product_cat","embeddable":true,"href":"https:\/\/osaka.ma\/es\/wp-json\/wp\/v2\/product_cat?post=12800"},{"taxonomy":"product_tag","embeddable":true,"href":"https:\/\/osaka.ma\/es\/wp-json\/wp\/v2\/product_tag?post=12800"},{"taxonomy":"pcb_component_type","embeddable":true,"href":"https:\/\/osaka.ma\/es\/wp-json\/wp\/v2\/pcb_component_type?post=12800"}],"curies":[{"name":"wp","href":"https:\/\/api.w.org\/{rel}","templated":true}]}}