{"id":13408,"date":"2025-02-22T11:40:51","date_gmt":"2025-02-22T11:40:51","guid":{"rendered":"https:\/\/osaka.ma\/?post_type=product&#038;p=13408"},"modified":"2025-05-05T17:43:54","modified_gmt":"2025-05-05T17:43:54","slug":"msi-mag-coreliquid-a13-360","status":"publish","type":"product","link":"https:\/\/osaka.ma\/es\/product\/msi-mag-coreliquid-a13-360\/","title":{"rendered":"MSI MAG Coreliquid A13 360"},"content":{"rendered":"<div class=\"logo\"><a href=\"https:\/\/www.ldlc.com\/msi\/bint000000992\/\" rel=\"nofollow noopener\" target=\"_blank\"><img decoding=\"async\" src=\"https:\/\/media.ldlc.com\/v3\/marque\/bo\/00\/05\/99\/39\/V30005993997.gif\" alt=\"MSI\" \/><\/a><\/div>\n<div id=\"description\" class=\"description\">\n<div class=\"details-pdt-desc\">\n<h2 class=\"h2-master\">MSI MAG CORELIQUID A13 : Watercooling ARGB avec support AM5 et LGA1700<\/h2>\n<section>Le\u00a0<strong>MSI MAG CORELIQUID A13 360<\/strong>\u00a0est un syst\u00e8me de refroidissement liquide tout-en-un compatible avec les sockets AMD et Intel r\u00e9cents, con\u00e7u dans le but d&#8217;offrir d&#8217;excellentes performances de refroidissement et en silence. Le MAG CORELIQUID A13 360 propose un \u00e9clairage ARGB pour une touche gaming assum\u00e9e et son design, qui combine harmonieusement des bords arrondis et des lignes nettes et \u00e9pur\u00e9es, refl\u00e8te le m\u00e9lange parfait entre performance et silence.<\/section>\n<section>\n<div class=\"desc-image\"><img decoding=\"async\" src=\"https:\/\/media.ldlc.com\/bo\/images\/fiches\/watercooling\/MSI\/msi_mas_coreliquid_a13.jpg\" alt=\"\" \/><\/div>\n<div class=\"desc-text\">\n<h2>Points forts<\/h2>\n<ul>\n<li>Design minimaliste en adoptant la philosophie de la simplicit\u00e9, avec des lignes \u00e9pur\u00e9es qui incarnent l&#8217;essence du \u00ab less is more \u00bb.<\/li>\n<li>Conception de lame annulaire qui permet de concentrer le flux d\u2019air et de r\u00e9duire le bruit.<\/li>\n<li>Compatibilit\u00e9 ARGB GEN2 afin de personnaliser les effets d&#8217;\u00e9clairage via MSI CENTER.<\/li>\n<li>Tubes EPDM de 450 mm qui sont durables et efficaces pour emp\u00eacher l\u2019\u00e9vaporation du liquide de refroidissement.<\/li>\n<li>Ventilateurs pr\u00e9install\u00e9s ce qui permet aux joueurs d&#8217;\u00e9conomiser du temps d&#8217;installation et am\u00e9liore l&#8217;exp\u00e9rience d&#8217;assemblage.<\/li>\n<li>Support Intel pr\u00e9install\u00e9 (1700\/1851)<\/li>\n<\/ul>\n<\/div>\n<\/section>\n<\/div>\n<\/div>\n","protected":false},"excerpt":{"rendered":"<ul class=\"a-unordered-list a-vertical a-spacing-mini\">\n<li class=\"a-spacing-mini\"><span class=\"a-list-item\">LGA 1851 READY &#8211; The MAG CORELIQUID Series liquid cooler provides out of box support for LGA 1851.<\/span><\/li>\n<li class=\"a-spacing-mini\"><span class=\"a-list-item\">SPLIT-FLOW RADIATOR WITH INTEGRATED PUMP &#8211; The aluminium radiator features a unique split-flow water cooling system with an integrated three-phase pump for superior durability and motor resonance reduction.<\/span><\/li>\n<li class=\"a-spacing-mini\"><span class=\"a-list-item\">The CORELIQUID A13 series is equipped with a high-performance pump that operates at speeds up to 3800 RPM. Combined with high-quality ceramic bearings, it achieves a perfect balance between performance and quiet operation<\/span><\/li>\n<li class=\"a-spacing-mini\"><span class=\"a-list-item\">EVAPORATION-PROOF TUBING &#8211; 390mm water cooling tubes comprised of triple-layered netted plastic concealed beneath reinforced mesh sheathing to ensure that water stays inside the closed-loop system at all times.<\/span><\/li>\n<li class=\"a-spacing-mini\"><span class=\"a-list-item\">AMD and INTEL SOCKET COMPATIBLE &#8211; An easy-to-install mounting bracket fits AMD (AM5, AM4, FM2 plus, FM2, FM1, AM3 plus, AM3, AM2 plus, AM2) and Intel (LGA 1150, 1151, 1155, 1156, 1700,1200, 1366, 2011, 2011-3, 2066) CPU sockets; Thermal paste included<\/span><\/li>\n<\/ul>\n","protected":false},"featured_media":1014913,"template":"","meta":{"_acf_changed":false},"pwb-brand":[],"product_brand":[96],"product_cat":[17,82,83],"product_tag":[],"pcb_component_type":[],"class_list":{"0":"post-13408","1":"product","2":"type-product","3":"status-publish","4":"has-post-thumbnail","6":"product_brand-msi","7":"product_cat-composants-gaming","8":"product_cat-refroidissement","9":"product_cat-watercooler","11":"first","12":"outofstock","13":"shipping-taxable","14":"product-type-simple"},"translation":{"provider":"WPGlobus","version":"3.0.2","language":"es","enabled_languages":["en","es","de","fr","ru"],"languages":{"en":{"title":true,"content":true,"excerpt":true},"es":{"title":false,"content":false,"excerpt":false},"de":{"title":false,"content":false,"excerpt":false},"fr":{"title":false,"content":false,"excerpt":false},"ru":{"title":false,"content":false,"excerpt":false}}},"acf":[],"yoast_head":"<!-- This site is optimized with the Yoast SEO plugin v27.2 - https:\/\/yoast.com\/product\/yoast-seo-wordpress\/ -->\n<title>MSI MAG Coreliquid A13 360 - Osaka<\/title>\n<meta name=\"robots\" content=\"index, follow, max-snippet:-1, max-image-preview:large, max-video-preview:-1\" \/>\n<link rel=\"canonical\" href=\"https:\/\/osaka.ma\/product\/msi-mag-coreliquid-a13-360\/\" \/>\n<meta property=\"og:locale\" content=\"es_ES\" \/>\n<meta property=\"og:type\" content=\"article\" \/>\n<meta property=\"og:title\" content=\"MSI MAG Coreliquid A13 360 - Osaka\" \/>\n<meta property=\"og:url\" content=\"https:\/\/osaka.ma\/product\/msi-mag-coreliquid-a13-360\/\" \/>\n<meta property=\"og:site_name\" content=\"Osaka\" \/>\n<meta property=\"article:modified_time\" content=\"2025-05-05T17:43:54+00:00\" \/>\n<meta property=\"og:image\" content=\"https:\/\/osaka.ma\/wp-content\/uploads\/2025\/02\/KHALID-2025-03-22T120932.261.png\" \/>\n\t<meta property=\"og:image:width\" content=\"1080\" \/>\n\t<meta property=\"og:image:height\" content=\"1080\" \/>\n\t<meta property=\"og:image:type\" content=\"image\/png\" \/>\n<meta name=\"twitter:card\" content=\"summary_large_image\" \/>\n<meta name=\"twitter:label1\" content=\"Est. reading time\" \/>\n\t<meta name=\"twitter:data1\" content=\"2 minutes\" \/>\n<script type=\"application\/ld+json\" class=\"yoast-schema-graph\">{\"@context\":\"https:\/\/schema.org\",\"@graph\":[{\"@type\":\"WebPage\",\"@id\":\"https:\/\/osaka.ma\/product\/msi-mag-coreliquid-a13-360\/\",\"url\":\"https:\/\/osaka.ma\/product\/msi-mag-coreliquid-a13-360\/\",\"name\":\"MSI MAG Coreliquid A13 360 - Osaka\",\"isPartOf\":{\"@id\":\"https:\/\/osaka.ma\/#website\"},\"primaryImageOfPage\":{\"@id\":\"https:\/\/osaka.ma\/product\/msi-mag-coreliquid-a13-360\/#primaryimage\"},\"image\":{\"@id\":\"https:\/\/osaka.ma\/product\/msi-mag-coreliquid-a13-360\/#primaryimage\"},\"thumbnailUrl\":\"https:\/\/osaka.ma\/wp-content\/uploads\/2025\/02\/KHALID-2025-03-22T120932.261.png\",\"datePublished\":\"2025-02-22T11:40:51+00:00\",\"dateModified\":\"2025-05-05T17:43:54+00:00\",\"breadcrumb\":{\"@id\":\"https:\/\/osaka.ma\/product\/msi-mag-coreliquid-a13-360\/#breadcrumb\"},\"inLanguage\":\"es-ES\",\"potentialAction\":[{\"@type\":\"ReadAction\",\"target\":[\"https:\/\/osaka.ma\/product\/msi-mag-coreliquid-a13-360\/\"]}]},{\"@type\":\"ImageObject\",\"inLanguage\":\"es-ES\",\"@id\":\"https:\/\/osaka.ma\/product\/msi-mag-coreliquid-a13-360\/#primaryimage\",\"url\":\"https:\/\/osaka.ma\/wp-content\/uploads\/2025\/02\/KHALID-2025-03-22T120932.261.png\",\"contentUrl\":\"https:\/\/osaka.ma\/wp-content\/uploads\/2025\/02\/KHALID-2025-03-22T120932.261.png\",\"width\":1080,\"height\":1080},{\"@type\":\"BreadcrumbList\",\"@id\":\"https:\/\/osaka.ma\/product\/msi-mag-coreliquid-a13-360\/#breadcrumb\",\"itemListElement\":[{\"@type\":\"ListItem\",\"position\":1,\"name\":\"Home\",\"item\":\"https:\/\/osaka.ma\/\"},{\"@type\":\"ListItem\",\"position\":2,\"name\":\"Shop\",\"item\":\"https:\/\/osaka.ma\/shop-2\/\"},{\"@type\":\"ListItem\",\"position\":3,\"name\":\"MSI MAG Coreliquid A13 360\"}]},{\"@type\":\"WebSite\",\"@id\":\"https:\/\/osaka.ma\/#website\",\"url\":\"https:\/\/osaka.ma\/\",\"name\":\"Osaka\",\"description\":\"\",\"publisher\":{\"@id\":\"https:\/\/osaka.ma\/#organization\"},\"potentialAction\":[{\"@type\":\"SearchAction\",\"target\":{\"@type\":\"EntryPoint\",\"urlTemplate\":\"https:\/\/osaka.ma\/?s={search_term_string}\"},\"query-input\":{\"@type\":\"PropertyValueSpecification\",\"valueRequired\":true,\"valueName\":\"search_term_string\"}}],\"inLanguage\":\"es-ES\"},{\"@type\":\"Organization\",\"@id\":\"https:\/\/osaka.ma\/#organization\",\"name\":\"Osaka\",\"url\":\"https:\/\/osaka.ma\/\",\"logo\":{\"@type\":\"ImageObject\",\"inLanguage\":\"es-ES\",\"@id\":\"https:\/\/osaka.ma\/#\/schema\/logo\/image\/\",\"url\":\"https:\/\/osaka.ma\/wp-content\/uploads\/2026\/01\/model-slogan-logo-2Plan-de-travail-1dksl-plus-finnn.png\",\"contentUrl\":\"https:\/\/osaka.ma\/wp-content\/uploads\/2026\/01\/model-slogan-logo-2Plan-de-travail-1dksl-plus-finnn.png\",\"width\":842,\"height\":226,\"caption\":\"Osaka\"},\"image\":{\"@id\":\"https:\/\/osaka.ma\/#\/schema\/logo\/image\/\"}}]}<\/script>\n<!-- \/ Yoast SEO plugin. -->","yoast_head_json":{"title":"MSI MAG Coreliquid A13 360 - Osaka","robots":{"index":"index","follow":"follow","max-snippet":"max-snippet:-1","max-image-preview":"max-image-preview:large","max-video-preview":"max-video-preview:-1"},"canonical":"https:\/\/osaka.ma\/product\/msi-mag-coreliquid-a13-360\/","og_locale":"es_ES","og_type":"article","og_title":"MSI MAG Coreliquid A13 360 - Osaka","og_url":"https:\/\/osaka.ma\/product\/msi-mag-coreliquid-a13-360\/","og_site_name":"Osaka","article_modified_time":"2025-05-05T17:43:54+00:00","og_image":[{"width":1080,"height":1080,"url":"https:\/\/osaka.ma\/wp-content\/uploads\/2025\/02\/KHALID-2025-03-22T120932.261.png","type":"image\/png"}],"twitter_card":"summary_large_image","twitter_misc":{"Est. reading time":"2 minutes"},"schema":{"@context":"https:\/\/schema.org","@graph":[{"@type":"WebPage","@id":"https:\/\/osaka.ma\/product\/msi-mag-coreliquid-a13-360\/","url":"https:\/\/osaka.ma\/product\/msi-mag-coreliquid-a13-360\/","name":"MSI MAG Coreliquid A13 360 - Osaka","isPartOf":{"@id":"https:\/\/osaka.ma\/#website"},"primaryImageOfPage":{"@id":"https:\/\/osaka.ma\/product\/msi-mag-coreliquid-a13-360\/#primaryimage"},"image":{"@id":"https:\/\/osaka.ma\/product\/msi-mag-coreliquid-a13-360\/#primaryimage"},"thumbnailUrl":"https:\/\/osaka.ma\/wp-content\/uploads\/2025\/02\/KHALID-2025-03-22T120932.261.png","datePublished":"2025-02-22T11:40:51+00:00","dateModified":"2025-05-05T17:43:54+00:00","breadcrumb":{"@id":"https:\/\/osaka.ma\/product\/msi-mag-coreliquid-a13-360\/#breadcrumb"},"inLanguage":"es-ES","potentialAction":[{"@type":"ReadAction","target":["https:\/\/osaka.ma\/product\/msi-mag-coreliquid-a13-360\/"]}]},{"@type":"ImageObject","inLanguage":"es-ES","@id":"https:\/\/osaka.ma\/product\/msi-mag-coreliquid-a13-360\/#primaryimage","url":"https:\/\/osaka.ma\/wp-content\/uploads\/2025\/02\/KHALID-2025-03-22T120932.261.png","contentUrl":"https:\/\/osaka.ma\/wp-content\/uploads\/2025\/02\/KHALID-2025-03-22T120932.261.png","width":1080,"height":1080},{"@type":"BreadcrumbList","@id":"https:\/\/osaka.ma\/product\/msi-mag-coreliquid-a13-360\/#breadcrumb","itemListElement":[{"@type":"ListItem","position":1,"name":"Home","item":"https:\/\/osaka.ma\/"},{"@type":"ListItem","position":2,"name":"Shop","item":"https:\/\/osaka.ma\/shop-2\/"},{"@type":"ListItem","position":3,"name":"MSI MAG Coreliquid A13 360"}]},{"@type":"WebSite","@id":"https:\/\/osaka.ma\/#website","url":"https:\/\/osaka.ma\/","name":"Osaka","description":"","publisher":{"@id":"https:\/\/osaka.ma\/#organization"},"potentialAction":[{"@type":"SearchAction","target":{"@type":"EntryPoint","urlTemplate":"https:\/\/osaka.ma\/?s={search_term_string}"},"query-input":{"@type":"PropertyValueSpecification","valueRequired":true,"valueName":"search_term_string"}}],"inLanguage":"es-ES"},{"@type":"Organization","@id":"https:\/\/osaka.ma\/#organization","name":"Osaka","url":"https:\/\/osaka.ma\/","logo":{"@type":"ImageObject","inLanguage":"es-ES","@id":"https:\/\/osaka.ma\/#\/schema\/logo\/image\/","url":"https:\/\/osaka.ma\/wp-content\/uploads\/2026\/01\/model-slogan-logo-2Plan-de-travail-1dksl-plus-finnn.png","contentUrl":"https:\/\/osaka.ma\/wp-content\/uploads\/2026\/01\/model-slogan-logo-2Plan-de-travail-1dksl-plus-finnn.png","width":842,"height":226,"caption":"Osaka"},"image":{"@id":"https:\/\/osaka.ma\/#\/schema\/logo\/image\/"}}]}},"jetpack_sharing_enabled":true,"brands":[],"_links":{"self":[{"href":"https:\/\/osaka.ma\/es\/wp-json\/wp\/v2\/product\/13408","targetHints":{"allow":["GET"]}}],"collection":[{"href":"https:\/\/osaka.ma\/es\/wp-json\/wp\/v2\/product"}],"about":[{"href":"https:\/\/osaka.ma\/es\/wp-json\/wp\/v2\/types\/product"}],"version-history":[{"count":0,"href":"https:\/\/osaka.ma\/es\/wp-json\/wp\/v2\/product\/13408\/revisions"}],"wp:featuredmedia":[{"embeddable":true,"href":"https:\/\/osaka.ma\/es\/wp-json\/wp\/v2\/media\/1014913"}],"wp:attachment":[{"href":"https:\/\/osaka.ma\/es\/wp-json\/wp\/v2\/media?parent=13408"}],"wp:term":[{"taxonomy":"pwb-brand","embeddable":true,"href":"https:\/\/osaka.ma\/es\/wp-json\/wp\/v2\/pwb-brand?post=13408"},{"taxonomy":"product_brand","embeddable":true,"href":"https:\/\/osaka.ma\/es\/wp-json\/wp\/v2\/product_brand?post=13408"},{"taxonomy":"product_cat","embeddable":true,"href":"https:\/\/osaka.ma\/es\/wp-json\/wp\/v2\/product_cat?post=13408"},{"taxonomy":"product_tag","embeddable":true,"href":"https:\/\/osaka.ma\/es\/wp-json\/wp\/v2\/product_tag?post=13408"},{"taxonomy":"pcb_component_type","embeddable":true,"href":"https:\/\/osaka.ma\/es\/wp-json\/wp\/v2\/pcb_component_type?post=13408"}],"curies":[{"name":"wp","href":"https:\/\/api.w.org\/{rel}","templated":true}]}}