{"id":13507,"date":"2025-02-22T13:50:09","date_gmt":"2025-02-22T13:50:09","guid":{"rendered":"https:\/\/osaka.ma\/?post_type=product&#038;p=13507"},"modified":"2025-10-11T12:01:19","modified_gmt":"2025-10-11T11:01:19","slug":"logitech-g413-carbon-mechanical-gaming-keyboard-with-romer-g-switches","status":"publish","type":"product","link":"https:\/\/osaka.ma\/es\/product\/logitech-g413-carbon-mechanical-gaming-keyboard-with-romer-g-switches\/","title":{"rendered":"Logitech G413 Carbon Mechanical Gaming Keyboard with Romer-G Switches"},"content":{"rendered":"<div class=\"logo\"><a href=\"https:\/\/www.ldlc.com\/logitech-g\/bint000038644\/\" rel=\"nofollow noopener\" target=\"_blank\"><img decoding=\"async\" src=\"https:\/\/media.ldlc.com\/v3\/marque\/bo\/00\/05\/88\/13\/V30005881352_2.jpg\" alt=\"Logitech G\" \/><\/a><\/div>\n<div id=\"description\" class=\"description\">\n<div class=\"details-pdt-desc\">\n<h2 class=\"h2-master\">Un clavier ax\u00e9 sur la performance pure<\/h2>\n<section>Le\u00a0<strong>Logitech G413 Mechanical Gaming Keyboard<\/strong>\u00a0vous offre des performances incroyables ainsi qu&#8217;une technologie et des fonctionnalit\u00e9s avanc\u00e9es. Pour cela, il s&#8217;appuie sur des switchs m\u00e9caniques Romer-G qui offrent une r\u00e9activit\u00e9 in\u00e9dite jusqu&#8217;\u00e0 + 25% et une r\u00e9sistance accrue autorisant plus de 70 millions de frappes ! La coque en alliage aluminium robuste et l\u00e9g\u00e8re apporte une rigidit\u00e9 et une apparence haut de gamme tout en lui conf\u00e9rant une forme fine semblable \u00e0 une lame.Il est \u00e9galement dot\u00e9 de stabilisateurs en caoutchouc afin de maintenir parfaitement votre clavier, m\u00eame lors de sessions de jeu intenses.<\/section>\n<section>\n<div class=\"desc-image\"><img decoding=\"async\" src=\"https:\/\/media.ldlc.com\/bo\/images\/fiches\/Clavier_joueur\/Logitech\/G413\/G413_800_1.jpg\" alt=\"\" \/><\/div>\n<div class=\"desc-text\">\n<h2>Touches m\u00e9caniques Romer-G<\/h2>\n<p>Les nouvelles\u00a0<strong>touches m\u00e9caniques Romer-G<\/strong>\u00a0exclusives font du Logitech G413 Mechanical Gaming Keyboard\u00a0<strong>un clavier alliant durabilit\u00e9 et r\u00e9activit\u00e9<\/strong>\u00a0avec notamment un\u00a0<strong>point d&#8217;activation \u00e0 1,5 mm<\/strong>. Avec une rapidit\u00e9 d&#8217;action sup\u00e9rieure (jusqu&#8217;\u00e0 25 %), vous aurez l&#8217;avantage lors des batailles o\u00f9 chaque microseconde compte alors que la solidit\u00e9 accrue de ce clavier premium lui permet de r\u00e9sister \u00e0 l&#8217;usure naturelle engendr\u00e9e par de longues ann\u00e9es de jeu intense puisqu&#8217;il\u00a0<strong>r\u00e9siste \u00e0 plus de 70 millions de frappes<\/strong>.<\/p>\n<p>Les touches du Logitech G413 Mechanical Gaming Keyboard ont \u00e9t\u00e9 con\u00e7ues pour \u00e9viter les erreurs de frappe, mais aussi pour que les joueurs b\u00e9n\u00e9ficient d&#8217;un confort absolu des heures durant. Les touches G ont \u00e9t\u00e9 quant \u00e0 elles repositionn\u00e9es pour une vitesse et une accessibilit\u00e9 optimales.<\/p>\n<\/div>\n<\/section>\n<section>\n<div class=\"desc-text\">\n<h2>Une apparence haut de gamme<\/h2>\n<p>Avec une coque en alliage aluminium, le Logitech G413 Mechanical Gaming Keyboard apporte \u00e0 la fois un c\u00f4t\u00e9 robuste et l\u00e9ger. Il pr\u00e9sente notamment toutes les fonctionnalit\u00e9s dont vous avez besoin :\u00a0<strong>des touches r\u00e9tro\u00e9clair\u00e9es<\/strong>, un port USB et des touches multim\u00e9dias.<\/p>\n<p>Ce n&#8217;est pas tout, puisqu&#8217;il dispose \u00e9galement d&#8217;un syst\u00e8me de rangement des c\u00e2bles pour votre casque et votre souris ainsi que\u00a0<strong>des patins \u00e0 la hauteur r\u00e9glable<\/strong>.<\/p>\n<\/div>\n<div class=\"desc-image\"><img decoding=\"async\" src=\"https:\/\/media.ldlc.com\/bo\/images\/fiches\/Clavier_joueur\/Logitech\/G413\/G413_800_2.jpg\" alt=\"\" \/><\/div>\n<\/section>\n<\/div>\n<\/div>\n","protected":false},"excerpt":{"rendered":"<p data-start=\"354\" data-end=\"371\"><strong data-start=\"354\" data-end=\"371\">Key Features:<\/strong><\/p>\n<ul data-start=\"373\" data-end=\"1135\">\n<li data-start=\"373\" data-end=\"527\">\n<p data-start=\"375\" data-end=\"527\"><strong data-start=\"375\" data-end=\"386\">Design:<\/strong> Constructed with a brushed aluminum alloy top case, the G413 Carbon offers a durable and premium feel.<\/p>\n<\/li>\n<li data-start=\"529\" data-end=\"685\">\n<p data-start=\"531\" data-end=\"685\"><strong data-start=\"531\" data-end=\"544\">Switches:<\/strong> Equipped with Romer-G tactile mechanical switches, providing a responsive and quiet typing experience.<\/p>\n<\/li>\n<li data-start=\"687\" data-end=\"854\">\n<p data-start=\"689\" data-end=\"854\"><strong data-start=\"689\" data-end=\"706\">Backlighting:<\/strong> Features red LED backlighting with adjustable brightness levels, ensuring visibility in low-light conditions.<\/p>\n<\/li>\n<li data-start=\"856\" data-end=\"990\">\n<p data-start=\"858\" data-end=\"990\"><strong data-start=\"858\" data-end=\"878\">USB Passthrough:<\/strong> Includes a USB passthrough port for convenient connection of peripherals.<\/p>\n<\/li>\n<li data-start=\"992\" data-end=\"1135\">\n<p data-start=\"994\" data-end=\"1135\"><strong data-start=\"994\" data-end=\"1013\">Media Controls:<\/strong> Dedicated media controls allow for easy adjustment of volume and playback settings.<\/p>\n<\/li>\n<\/ul>\n","protected":false},"featured_media":1014232,"template":"","meta":{"_acf_changed":false},"pwb-brand":[],"product_brand":[],"product_cat":[31,34],"product_tag":[],"pcb_component_type":[],"class_list":{"0":"post-13507","1":"product","2":"type-product","3":"status-publish","4":"has-post-thumbnail","6":"product_cat-accessoires","7":"product_cat-claviers","9":"first","10":"outofstock","11":"sale","12":"shipping-taxable","13":"purchasable","14":"product-type-simple"},"translation":{"provider":"WPGlobus","version":"3.0.2","language":"es","enabled_languages":["en","es","de","fr","ru"],"languages":{"en":{"title":true,"content":true,"excerpt":true},"es":{"title":false,"content":false,"excerpt":false},"de":{"title":false,"content":false,"excerpt":false},"fr":{"title":false,"content":false,"excerpt":false},"ru":{"title":false,"content":false,"excerpt":false}}},"acf":[],"yoast_head":"<!-- This site is optimized with the Yoast SEO plugin v27.2 - https:\/\/yoast.com\/product\/yoast-seo-wordpress\/ -->\n<title>Logitech G413 Carbon Mechanical Gaming Keyboard with Romer-G Switches - Osaka<\/title>\n<meta name=\"robots\" content=\"index, follow, max-snippet:-1, max-image-preview:large, max-video-preview:-1\" \/>\n<link rel=\"canonical\" href=\"https:\/\/osaka.ma\/product\/logitech-g413-carbon-mechanical-gaming-keyboard-with-romer-g-switches\/\" \/>\n<meta property=\"og:locale\" content=\"es_ES\" \/>\n<meta property=\"og:type\" content=\"article\" \/>\n<meta property=\"og:title\" content=\"Logitech G413 Carbon Mechanical Gaming Keyboard with Romer-G Switches - Osaka\" \/>\n<meta property=\"og:url\" content=\"https:\/\/osaka.ma\/product\/logitech-g413-carbon-mechanical-gaming-keyboard-with-romer-g-switches\/\" \/>\n<meta property=\"og:site_name\" content=\"Osaka\" \/>\n<meta property=\"article:modified_time\" content=\"2025-10-11T11:01:19+00:00\" \/>\n<meta property=\"og:image\" content=\"https:\/\/osaka.ma\/wp-content\/uploads\/2025\/02\/Logitech-G413-Carbon-Mechanical-Gaming-1.jpg\" \/>\n\t<meta property=\"og:image:width\" content=\"1600\" \/>\n\t<meta property=\"og:image:height\" content=\"1600\" \/>\n\t<meta property=\"og:image:type\" content=\"image\/jpeg\" \/>\n<meta name=\"twitter:card\" content=\"summary_large_image\" \/>\n<meta name=\"twitter:label1\" content=\"Est. reading time\" \/>\n\t<meta name=\"twitter:data1\" content=\"4 minutes\" \/>\n<script type=\"application\/ld+json\" class=\"yoast-schema-graph\">{\"@context\":\"https:\/\/schema.org\",\"@graph\":[{\"@type\":\"WebPage\",\"@id\":\"https:\/\/osaka.ma\/product\/logitech-g413-carbon-mechanical-gaming-keyboard-with-romer-g-switches\/\",\"url\":\"https:\/\/osaka.ma\/product\/logitech-g413-carbon-mechanical-gaming-keyboard-with-romer-g-switches\/\",\"name\":\"Logitech G413 Carbon Mechanical Gaming Keyboard with Romer-G Switches - Osaka\",\"isPartOf\":{\"@id\":\"https:\/\/osaka.ma\/#website\"},\"primaryImageOfPage\":{\"@id\":\"https:\/\/osaka.ma\/product\/logitech-g413-carbon-mechanical-gaming-keyboard-with-romer-g-switches\/#primaryimage\"},\"image\":{\"@id\":\"https:\/\/osaka.ma\/product\/logitech-g413-carbon-mechanical-gaming-keyboard-with-romer-g-switches\/#primaryimage\"},\"thumbnailUrl\":\"https:\/\/osaka.ma\/wp-content\/uploads\/2025\/02\/Logitech-G413-Carbon-Mechanical-Gaming-1.jpg\",\"datePublished\":\"2025-02-22T13:50:09+00:00\",\"dateModified\":\"2025-10-11T11:01:19+00:00\",\"breadcrumb\":{\"@id\":\"https:\/\/osaka.ma\/product\/logitech-g413-carbon-mechanical-gaming-keyboard-with-romer-g-switches\/#breadcrumb\"},\"inLanguage\":\"es-ES\",\"potentialAction\":[{\"@type\":\"ReadAction\",\"target\":[\"https:\/\/osaka.ma\/product\/logitech-g413-carbon-mechanical-gaming-keyboard-with-romer-g-switches\/\"]}]},{\"@type\":\"ImageObject\",\"inLanguage\":\"es-ES\",\"@id\":\"https:\/\/osaka.ma\/product\/logitech-g413-carbon-mechanical-gaming-keyboard-with-romer-g-switches\/#primaryimage\",\"url\":\"https:\/\/osaka.ma\/wp-content\/uploads\/2025\/02\/Logitech-G413-Carbon-Mechanical-Gaming-1.jpg\",\"contentUrl\":\"https:\/\/osaka.ma\/wp-content\/uploads\/2025\/02\/Logitech-G413-Carbon-Mechanical-Gaming-1.jpg\",\"width\":1600,\"height\":1600},{\"@type\":\"BreadcrumbList\",\"@id\":\"https:\/\/osaka.ma\/product\/logitech-g413-carbon-mechanical-gaming-keyboard-with-romer-g-switches\/#breadcrumb\",\"itemListElement\":[{\"@type\":\"ListItem\",\"position\":1,\"name\":\"Home\",\"item\":\"https:\/\/osaka.ma\/\"},{\"@type\":\"ListItem\",\"position\":2,\"name\":\"Shop\",\"item\":\"https:\/\/osaka.ma\/shop-2\/\"},{\"@type\":\"ListItem\",\"position\":3,\"name\":\"Logitech G413 Carbon Mechanical Gaming Keyboard with Romer-G Switches\"}]},{\"@type\":\"WebSite\",\"@id\":\"https:\/\/osaka.ma\/#website\",\"url\":\"https:\/\/osaka.ma\/\",\"name\":\"Osaka\",\"description\":\"\",\"publisher\":{\"@id\":\"https:\/\/osaka.ma\/#organization\"},\"potentialAction\":[{\"@type\":\"SearchAction\",\"target\":{\"@type\":\"EntryPoint\",\"urlTemplate\":\"https:\/\/osaka.ma\/?s={search_term_string}\"},\"query-input\":{\"@type\":\"PropertyValueSpecification\",\"valueRequired\":true,\"valueName\":\"search_term_string\"}}],\"inLanguage\":\"es-ES\"},{\"@type\":\"Organization\",\"@id\":\"https:\/\/osaka.ma\/#organization\",\"name\":\"Osaka\",\"url\":\"https:\/\/osaka.ma\/\",\"logo\":{\"@type\":\"ImageObject\",\"inLanguage\":\"es-ES\",\"@id\":\"https:\/\/osaka.ma\/#\/schema\/logo\/image\/\",\"url\":\"https:\/\/osaka.ma\/wp-content\/uploads\/2026\/01\/model-slogan-logo-2Plan-de-travail-1dksl-plus-finnn.png\",\"contentUrl\":\"https:\/\/osaka.ma\/wp-content\/uploads\/2026\/01\/model-slogan-logo-2Plan-de-travail-1dksl-plus-finnn.png\",\"width\":842,\"height\":226,\"caption\":\"Osaka\"},\"image\":{\"@id\":\"https:\/\/osaka.ma\/#\/schema\/logo\/image\/\"}}]}<\/script>\n<!-- \/ Yoast SEO plugin. -->","yoast_head_json":{"title":"Logitech G413 Carbon Mechanical Gaming Keyboard with Romer-G Switches - Osaka","robots":{"index":"index","follow":"follow","max-snippet":"max-snippet:-1","max-image-preview":"max-image-preview:large","max-video-preview":"max-video-preview:-1"},"canonical":"https:\/\/osaka.ma\/product\/logitech-g413-carbon-mechanical-gaming-keyboard-with-romer-g-switches\/","og_locale":"es_ES","og_type":"article","og_title":"Logitech G413 Carbon Mechanical Gaming Keyboard with Romer-G Switches - Osaka","og_url":"https:\/\/osaka.ma\/product\/logitech-g413-carbon-mechanical-gaming-keyboard-with-romer-g-switches\/","og_site_name":"Osaka","article_modified_time":"2025-10-11T11:01:19+00:00","og_image":[{"width":1600,"height":1600,"url":"https:\/\/osaka.ma\/wp-content\/uploads\/2025\/02\/Logitech-G413-Carbon-Mechanical-Gaming-1.jpg","type":"image\/jpeg"}],"twitter_card":"summary_large_image","twitter_misc":{"Est. reading time":"4 minutes"},"schema":{"@context":"https:\/\/schema.org","@graph":[{"@type":"WebPage","@id":"https:\/\/osaka.ma\/product\/logitech-g413-carbon-mechanical-gaming-keyboard-with-romer-g-switches\/","url":"https:\/\/osaka.ma\/product\/logitech-g413-carbon-mechanical-gaming-keyboard-with-romer-g-switches\/","name":"Logitech G413 Carbon Mechanical Gaming Keyboard with Romer-G Switches - Osaka","isPartOf":{"@id":"https:\/\/osaka.ma\/#website"},"primaryImageOfPage":{"@id":"https:\/\/osaka.ma\/product\/logitech-g413-carbon-mechanical-gaming-keyboard-with-romer-g-switches\/#primaryimage"},"image":{"@id":"https:\/\/osaka.ma\/product\/logitech-g413-carbon-mechanical-gaming-keyboard-with-romer-g-switches\/#primaryimage"},"thumbnailUrl":"https:\/\/osaka.ma\/wp-content\/uploads\/2025\/02\/Logitech-G413-Carbon-Mechanical-Gaming-1.jpg","datePublished":"2025-02-22T13:50:09+00:00","dateModified":"2025-10-11T11:01:19+00:00","breadcrumb":{"@id":"https:\/\/osaka.ma\/product\/logitech-g413-carbon-mechanical-gaming-keyboard-with-romer-g-switches\/#breadcrumb"},"inLanguage":"es-ES","potentialAction":[{"@type":"ReadAction","target":["https:\/\/osaka.ma\/product\/logitech-g413-carbon-mechanical-gaming-keyboard-with-romer-g-switches\/"]}]},{"@type":"ImageObject","inLanguage":"es-ES","@id":"https:\/\/osaka.ma\/product\/logitech-g413-carbon-mechanical-gaming-keyboard-with-romer-g-switches\/#primaryimage","url":"https:\/\/osaka.ma\/wp-content\/uploads\/2025\/02\/Logitech-G413-Carbon-Mechanical-Gaming-1.jpg","contentUrl":"https:\/\/osaka.ma\/wp-content\/uploads\/2025\/02\/Logitech-G413-Carbon-Mechanical-Gaming-1.jpg","width":1600,"height":1600},{"@type":"BreadcrumbList","@id":"https:\/\/osaka.ma\/product\/logitech-g413-carbon-mechanical-gaming-keyboard-with-romer-g-switches\/#breadcrumb","itemListElement":[{"@type":"ListItem","position":1,"name":"Home","item":"https:\/\/osaka.ma\/"},{"@type":"ListItem","position":2,"name":"Shop","item":"https:\/\/osaka.ma\/shop-2\/"},{"@type":"ListItem","position":3,"name":"Logitech G413 Carbon Mechanical Gaming Keyboard with Romer-G Switches"}]},{"@type":"WebSite","@id":"https:\/\/osaka.ma\/#website","url":"https:\/\/osaka.ma\/","name":"Osaka","description":"","publisher":{"@id":"https:\/\/osaka.ma\/#organization"},"potentialAction":[{"@type":"SearchAction","target":{"@type":"EntryPoint","urlTemplate":"https:\/\/osaka.ma\/?s={search_term_string}"},"query-input":{"@type":"PropertyValueSpecification","valueRequired":true,"valueName":"search_term_string"}}],"inLanguage":"es-ES"},{"@type":"Organization","@id":"https:\/\/osaka.ma\/#organization","name":"Osaka","url":"https:\/\/osaka.ma\/","logo":{"@type":"ImageObject","inLanguage":"es-ES","@id":"https:\/\/osaka.ma\/#\/schema\/logo\/image\/","url":"https:\/\/osaka.ma\/wp-content\/uploads\/2026\/01\/model-slogan-logo-2Plan-de-travail-1dksl-plus-finnn.png","contentUrl":"https:\/\/osaka.ma\/wp-content\/uploads\/2026\/01\/model-slogan-logo-2Plan-de-travail-1dksl-plus-finnn.png","width":842,"height":226,"caption":"Osaka"},"image":{"@id":"https:\/\/osaka.ma\/#\/schema\/logo\/image\/"}}]}},"jetpack_sharing_enabled":true,"brands":[],"_links":{"self":[{"href":"https:\/\/osaka.ma\/es\/wp-json\/wp\/v2\/product\/13507","targetHints":{"allow":["GET"]}}],"collection":[{"href":"https:\/\/osaka.ma\/es\/wp-json\/wp\/v2\/product"}],"about":[{"href":"https:\/\/osaka.ma\/es\/wp-json\/wp\/v2\/types\/product"}],"version-history":[{"count":0,"href":"https:\/\/osaka.ma\/es\/wp-json\/wp\/v2\/product\/13507\/revisions"}],"wp:featuredmedia":[{"embeddable":true,"href":"https:\/\/osaka.ma\/es\/wp-json\/wp\/v2\/media\/1014232"}],"wp:attachment":[{"href":"https:\/\/osaka.ma\/es\/wp-json\/wp\/v2\/media?parent=13507"}],"wp:term":[{"taxonomy":"pwb-brand","embeddable":true,"href":"https:\/\/osaka.ma\/es\/wp-json\/wp\/v2\/pwb-brand?post=13507"},{"taxonomy":"product_brand","embeddable":true,"href":"https:\/\/osaka.ma\/es\/wp-json\/wp\/v2\/product_brand?post=13507"},{"taxonomy":"product_cat","embeddable":true,"href":"https:\/\/osaka.ma\/es\/wp-json\/wp\/v2\/product_cat?post=13507"},{"taxonomy":"product_tag","embeddable":true,"href":"https:\/\/osaka.ma\/es\/wp-json\/wp\/v2\/product_tag?post=13507"},{"taxonomy":"pcb_component_type","embeddable":true,"href":"https:\/\/osaka.ma\/es\/wp-json\/wp\/v2\/pcb_component_type?post=13507"}],"curies":[{"name":"wp","href":"https:\/\/api.w.org\/{rel}","templated":true}]}}