{"id":14998,"date":"2025-03-26T11:43:20","date_gmt":"2025-03-26T11:43:20","guid":{"rendered":"https:\/\/osaka.ma\/?post_type=product&#038;p=14998"},"modified":"2025-10-08T00:44:25","modified_gmt":"2025-10-07T23:44:25","slug":"razer-mousepad-xxl-900-x-300-green","status":"publish","type":"product","link":"https:\/\/osaka.ma\/es\/product\/razer-mousepad-xxl-900-x-300-green\/","title":{"rendered":"Razer MousePad XXL 900 x 300 &#8211; Green"},"content":{"rendered":"<h3><strong>Razer MousePad XXL 900 x 300 &#8211; Green<\/strong><\/h3>\n<p><img decoding=\"async\" src=\"https:\/\/ma.jumia.is\/unsafe\/fit-in\/680x680\/filters:fill(white)\/product\/28\/493916\/4.jpg?3627\" alt=\"\" data-src=\"https:\/\/ma.jumia.is\/unsafe\/fit-in\/680x680\/filters:fill(white)\/product\/28\/493916\/4.jpg?3627\" \/><\/p>\n<p><img decoding=\"async\" src=\"https:\/\/ma.jumia.is\/cms\/external\/pet\/GE232EA0ODGZINAFAMZ\/48ea5bb2d36b668355e39b898eb06443.jpg\" alt=\"image\" data-src=\"https:\/\/ma.jumia.is\/cms\/external\/pet\/GE232EA0ODGZINAFAMZ\/48ea5bb2d36b668355e39b898eb06443.jpg\" \/><img decoding=\"async\" src=\"https:\/\/ma.jumia.is\/cms\/external\/pet\/GE232EA0ODGZINAFAMZ\/e85f289e431a55c0799deb89bd37f533.jpg\" alt=\"image\" data-src=\"https:\/\/ma.jumia.is\/cms\/external\/pet\/GE232EA0ODGZINAFAMZ\/e85f289e431a55c0799deb89bd37f533.jpg\" \/><img decoding=\"async\" src=\"https:\/\/ma.jumia.is\/cms\/external\/pet\/GE232EA0ODGZINAFAMZ\/58fd9eb9cb5364f61536d61552173a10.jpg\" alt=\"image\" data-src=\"https:\/\/ma.jumia.is\/cms\/external\/pet\/GE232EA0ODGZINAFAMZ\/58fd9eb9cb5364f61536d61552173a10.jpg\" \/><img decoding=\"async\" src=\"https:\/\/ma.jumia.is\/cms\/external\/pet\/GE232EA0ODGZINAFAMZ\/1bad5294be99aeecd84628546fe69ebd.jpg\" alt=\"image\" data-src=\"https:\/\/ma.jumia.is\/cms\/external\/pet\/GE232EA0ODGZINAFAMZ\/1bad5294be99aeecd84628546fe69ebd.jpg\" \/><img decoding=\"async\" src=\"https:\/\/ma.jumia.is\/cms\/external\/pet\/GE232EA0ODGZINAFAMZ\/eb2c3127cbdcfd6cace350059737039b.jpg\" alt=\"image\" data-src=\"https:\/\/ma.jumia.is\/cms\/external\/pet\/GE232EA0ODGZINAFAMZ\/eb2c3127cbdcfd6cace350059737039b.jpg\" \/><\/p>\n","protected":false},"excerpt":{"rendered":"<p>Pr\u00e9cision\u00a0 In\u00e9gal\u00e9e La structure parfaite du grand tapis de souris garantit \u00e0 la fois vitesse et pr\u00e9cision maximale dans le jeu.Le tissu micro textur\u00e9 est con\u00e7u pour un contr\u00f4le parfait de la glisse de votre souris quelle que soit votre sensibilit\u00e9 ou bien le type de capteur de votre souris.Base En Caoutchouc ANTID\u00c9RAPANTELe coussin en caoutchouc solidement fix\u00e9 au tissu emp\u00eache le tapis de souris de glisser et assure des mouvements fluides de la souris sur le tapis.Gr\u00e2ce \u00e0 sa base antid\u00e9rapante r\u00e9alis\u00e9e en caoutchouc naturel, le tapis ne glisse pas et se maintient bien en place sur votre bureau. Ne glisse pas facilement.<\/p>\n<p><strong>900 x 300<\/strong><\/p>\n","protected":false},"featured_media":1015003,"template":"","meta":{"_acf_changed":false},"pwb-brand":[],"product_brand":[],"product_cat":[31,36],"product_tag":[],"pcb_component_type":[],"class_list":{"0":"post-14998","1":"product","2":"type-product","3":"status-publish","4":"has-post-thumbnail","6":"product_cat-accessoires","7":"product_cat-tapis-souris","9":"first","10":"outofstock","11":"shipping-taxable","12":"product-type-simple"},"translation":{"provider":"WPGlobus","version":"3.0.2","language":"es","enabled_languages":["en","es","de","fr","ru"],"languages":{"en":{"title":true,"content":true,"excerpt":true},"es":{"title":false,"content":false,"excerpt":false},"de":{"title":false,"content":false,"excerpt":false},"fr":{"title":false,"content":false,"excerpt":false},"ru":{"title":false,"content":false,"excerpt":false}}},"acf":[],"yoast_head":"<!-- This site is optimized with the Yoast SEO plugin v27.2 - https:\/\/yoast.com\/product\/yoast-seo-wordpress\/ -->\n<title>Razer MousePad XXL 900 x 300 - Green - Osaka<\/title>\n<meta name=\"robots\" content=\"index, follow, max-snippet:-1, max-image-preview:large, max-video-preview:-1\" \/>\n<link rel=\"canonical\" href=\"https:\/\/osaka.ma\/product\/razer-mousepad-xxl-900-x-300-green\/\" \/>\n<meta property=\"og:locale\" content=\"es_ES\" \/>\n<meta property=\"og:type\" content=\"article\" \/>\n<meta property=\"og:title\" content=\"Razer MousePad XXL 900 x 300 - Green - Osaka\" \/>\n<meta property=\"og:url\" content=\"https:\/\/osaka.ma\/product\/razer-mousepad-xxl-900-x-300-green\/\" \/>\n<meta property=\"og:site_name\" content=\"Osaka\" \/>\n<meta property=\"article:modified_time\" content=\"2025-10-07T23:44:25+00:00\" \/>\n<meta property=\"og:image\" content=\"https:\/\/osaka.ma\/wp-content\/uploads\/2025\/03\/f767f2d9-9bb4-46d2-834b-d74ef12a1891.png\" \/>\n\t<meta property=\"og:image:width\" content=\"1700\" \/>\n\t<meta property=\"og:image:height\" content=\"1700\" \/>\n\t<meta property=\"og:image:type\" content=\"image\/png\" \/>\n<meta name=\"twitter:card\" content=\"summary_large_image\" \/>\n<meta name=\"twitter:label1\" content=\"Est. reading time\" \/>\n\t<meta name=\"twitter:data1\" content=\"2 minutes\" \/>\n<script type=\"application\/ld+json\" class=\"yoast-schema-graph\">{\"@context\":\"https:\/\/schema.org\",\"@graph\":[{\"@type\":\"WebPage\",\"@id\":\"https:\/\/osaka.ma\/product\/razer-mousepad-xxl-900-x-300-green\/\",\"url\":\"https:\/\/osaka.ma\/product\/razer-mousepad-xxl-900-x-300-green\/\",\"name\":\"Razer MousePad XXL 900 x 300 - Green - Osaka\",\"isPartOf\":{\"@id\":\"https:\/\/osaka.ma\/#website\"},\"primaryImageOfPage\":{\"@id\":\"https:\/\/osaka.ma\/product\/razer-mousepad-xxl-900-x-300-green\/#primaryimage\"},\"image\":{\"@id\":\"https:\/\/osaka.ma\/product\/razer-mousepad-xxl-900-x-300-green\/#primaryimage\"},\"thumbnailUrl\":\"https:\/\/osaka.ma\/wp-content\/uploads\/2025\/03\/f767f2d9-9bb4-46d2-834b-d74ef12a1891.png\",\"datePublished\":\"2025-03-26T11:43:20+00:00\",\"dateModified\":\"2025-10-07T23:44:25+00:00\",\"breadcrumb\":{\"@id\":\"https:\/\/osaka.ma\/product\/razer-mousepad-xxl-900-x-300-green\/#breadcrumb\"},\"inLanguage\":\"es-ES\",\"potentialAction\":[{\"@type\":\"ReadAction\",\"target\":[\"https:\/\/osaka.ma\/product\/razer-mousepad-xxl-900-x-300-green\/\"]}]},{\"@type\":\"ImageObject\",\"inLanguage\":\"es-ES\",\"@id\":\"https:\/\/osaka.ma\/product\/razer-mousepad-xxl-900-x-300-green\/#primaryimage\",\"url\":\"https:\/\/osaka.ma\/wp-content\/uploads\/2025\/03\/f767f2d9-9bb4-46d2-834b-d74ef12a1891.png\",\"contentUrl\":\"https:\/\/osaka.ma\/wp-content\/uploads\/2025\/03\/f767f2d9-9bb4-46d2-834b-d74ef12a1891.png\",\"width\":1700,\"height\":1700},{\"@type\":\"BreadcrumbList\",\"@id\":\"https:\/\/osaka.ma\/product\/razer-mousepad-xxl-900-x-300-green\/#breadcrumb\",\"itemListElement\":[{\"@type\":\"ListItem\",\"position\":1,\"name\":\"Home\",\"item\":\"https:\/\/osaka.ma\/\"},{\"@type\":\"ListItem\",\"position\":2,\"name\":\"Shop\",\"item\":\"https:\/\/osaka.ma\/shop-2\/\"},{\"@type\":\"ListItem\",\"position\":3,\"name\":\"Razer MousePad XXL 900 x 300 &#8211; Green\"}]},{\"@type\":\"WebSite\",\"@id\":\"https:\/\/osaka.ma\/#website\",\"url\":\"https:\/\/osaka.ma\/\",\"name\":\"Osaka\",\"description\":\"\",\"publisher\":{\"@id\":\"https:\/\/osaka.ma\/#organization\"},\"potentialAction\":[{\"@type\":\"SearchAction\",\"target\":{\"@type\":\"EntryPoint\",\"urlTemplate\":\"https:\/\/osaka.ma\/?s={search_term_string}\"},\"query-input\":{\"@type\":\"PropertyValueSpecification\",\"valueRequired\":true,\"valueName\":\"search_term_string\"}}],\"inLanguage\":\"es-ES\"},{\"@type\":\"Organization\",\"@id\":\"https:\/\/osaka.ma\/#organization\",\"name\":\"Osaka\",\"url\":\"https:\/\/osaka.ma\/\",\"logo\":{\"@type\":\"ImageObject\",\"inLanguage\":\"es-ES\",\"@id\":\"https:\/\/osaka.ma\/#\/schema\/logo\/image\/\",\"url\":\"https:\/\/osaka.ma\/wp-content\/uploads\/2026\/01\/model-slogan-logo-2Plan-de-travail-1dksl-plus-finnn.png\",\"contentUrl\":\"https:\/\/osaka.ma\/wp-content\/uploads\/2026\/01\/model-slogan-logo-2Plan-de-travail-1dksl-plus-finnn.png\",\"width\":842,\"height\":226,\"caption\":\"Osaka\"},\"image\":{\"@id\":\"https:\/\/osaka.ma\/#\/schema\/logo\/image\/\"}}]}<\/script>\n<!-- \/ Yoast SEO plugin. -->","yoast_head_json":{"title":"Razer MousePad XXL 900 x 300 - Green - Osaka","robots":{"index":"index","follow":"follow","max-snippet":"max-snippet:-1","max-image-preview":"max-image-preview:large","max-video-preview":"max-video-preview:-1"},"canonical":"https:\/\/osaka.ma\/product\/razer-mousepad-xxl-900-x-300-green\/","og_locale":"es_ES","og_type":"article","og_title":"Razer MousePad XXL 900 x 300 - Green - Osaka","og_url":"https:\/\/osaka.ma\/product\/razer-mousepad-xxl-900-x-300-green\/","og_site_name":"Osaka","article_modified_time":"2025-10-07T23:44:25+00:00","og_image":[{"width":1700,"height":1700,"url":"https:\/\/osaka.ma\/wp-content\/uploads\/2025\/03\/f767f2d9-9bb4-46d2-834b-d74ef12a1891.png","type":"image\/png"}],"twitter_card":"summary_large_image","twitter_misc":{"Est. reading time":"2 minutes"},"schema":{"@context":"https:\/\/schema.org","@graph":[{"@type":"WebPage","@id":"https:\/\/osaka.ma\/product\/razer-mousepad-xxl-900-x-300-green\/","url":"https:\/\/osaka.ma\/product\/razer-mousepad-xxl-900-x-300-green\/","name":"Razer MousePad XXL 900 x 300 - Green - Osaka","isPartOf":{"@id":"https:\/\/osaka.ma\/#website"},"primaryImageOfPage":{"@id":"https:\/\/osaka.ma\/product\/razer-mousepad-xxl-900-x-300-green\/#primaryimage"},"image":{"@id":"https:\/\/osaka.ma\/product\/razer-mousepad-xxl-900-x-300-green\/#primaryimage"},"thumbnailUrl":"https:\/\/osaka.ma\/wp-content\/uploads\/2025\/03\/f767f2d9-9bb4-46d2-834b-d74ef12a1891.png","datePublished":"2025-03-26T11:43:20+00:00","dateModified":"2025-10-07T23:44:25+00:00","breadcrumb":{"@id":"https:\/\/osaka.ma\/product\/razer-mousepad-xxl-900-x-300-green\/#breadcrumb"},"inLanguage":"es-ES","potentialAction":[{"@type":"ReadAction","target":["https:\/\/osaka.ma\/product\/razer-mousepad-xxl-900-x-300-green\/"]}]},{"@type":"ImageObject","inLanguage":"es-ES","@id":"https:\/\/osaka.ma\/product\/razer-mousepad-xxl-900-x-300-green\/#primaryimage","url":"https:\/\/osaka.ma\/wp-content\/uploads\/2025\/03\/f767f2d9-9bb4-46d2-834b-d74ef12a1891.png","contentUrl":"https:\/\/osaka.ma\/wp-content\/uploads\/2025\/03\/f767f2d9-9bb4-46d2-834b-d74ef12a1891.png","width":1700,"height":1700},{"@type":"BreadcrumbList","@id":"https:\/\/osaka.ma\/product\/razer-mousepad-xxl-900-x-300-green\/#breadcrumb","itemListElement":[{"@type":"ListItem","position":1,"name":"Home","item":"https:\/\/osaka.ma\/"},{"@type":"ListItem","position":2,"name":"Shop","item":"https:\/\/osaka.ma\/shop-2\/"},{"@type":"ListItem","position":3,"name":"Razer MousePad XXL 900 x 300 &#8211; Green"}]},{"@type":"WebSite","@id":"https:\/\/osaka.ma\/#website","url":"https:\/\/osaka.ma\/","name":"Osaka","description":"","publisher":{"@id":"https:\/\/osaka.ma\/#organization"},"potentialAction":[{"@type":"SearchAction","target":{"@type":"EntryPoint","urlTemplate":"https:\/\/osaka.ma\/?s={search_term_string}"},"query-input":{"@type":"PropertyValueSpecification","valueRequired":true,"valueName":"search_term_string"}}],"inLanguage":"es-ES"},{"@type":"Organization","@id":"https:\/\/osaka.ma\/#organization","name":"Osaka","url":"https:\/\/osaka.ma\/","logo":{"@type":"ImageObject","inLanguage":"es-ES","@id":"https:\/\/osaka.ma\/#\/schema\/logo\/image\/","url":"https:\/\/osaka.ma\/wp-content\/uploads\/2026\/01\/model-slogan-logo-2Plan-de-travail-1dksl-plus-finnn.png","contentUrl":"https:\/\/osaka.ma\/wp-content\/uploads\/2026\/01\/model-slogan-logo-2Plan-de-travail-1dksl-plus-finnn.png","width":842,"height":226,"caption":"Osaka"},"image":{"@id":"https:\/\/osaka.ma\/#\/schema\/logo\/image\/"}}]}},"jetpack_sharing_enabled":true,"brands":[],"_links":{"self":[{"href":"https:\/\/osaka.ma\/es\/wp-json\/wp\/v2\/product\/14998","targetHints":{"allow":["GET"]}}],"collection":[{"href":"https:\/\/osaka.ma\/es\/wp-json\/wp\/v2\/product"}],"about":[{"href":"https:\/\/osaka.ma\/es\/wp-json\/wp\/v2\/types\/product"}],"version-history":[{"count":0,"href":"https:\/\/osaka.ma\/es\/wp-json\/wp\/v2\/product\/14998\/revisions"}],"wp:featuredmedia":[{"embeddable":true,"href":"https:\/\/osaka.ma\/es\/wp-json\/wp\/v2\/media\/1015003"}],"wp:attachment":[{"href":"https:\/\/osaka.ma\/es\/wp-json\/wp\/v2\/media?parent=14998"}],"wp:term":[{"taxonomy":"pwb-brand","embeddable":true,"href":"https:\/\/osaka.ma\/es\/wp-json\/wp\/v2\/pwb-brand?post=14998"},{"taxonomy":"product_brand","embeddable":true,"href":"https:\/\/osaka.ma\/es\/wp-json\/wp\/v2\/product_brand?post=14998"},{"taxonomy":"product_cat","embeddable":true,"href":"https:\/\/osaka.ma\/es\/wp-json\/wp\/v2\/product_cat?post=14998"},{"taxonomy":"product_tag","embeddable":true,"href":"https:\/\/osaka.ma\/es\/wp-json\/wp\/v2\/product_tag?post=14998"},{"taxonomy":"pcb_component_type","embeddable":true,"href":"https:\/\/osaka.ma\/es\/wp-json\/wp\/v2\/pcb_component_type?post=14998"}],"curies":[{"name":"wp","href":"https:\/\/api.w.org\/{rel}","templated":true}]}}