{"id":15394,"date":"2025-04-14T15:41:55","date_gmt":"2025-04-14T15:41:55","guid":{"rendered":"https:\/\/osaka.ma\/?post_type=product&#038;p=15394"},"modified":"2025-11-15T22:58:00","modified_gmt":"2025-11-15T21:58:00","slug":"connect-airboost-argb","status":"publish","type":"product","link":"https:\/\/osaka.ma\/es\/product\/connect-airboost-argb\/","title":{"rendered":"CONNECT Airboost ARGB"},"content":{"rendered":"<ul>\n<li>\n<div class=\"flex max-w-full flex-col flex-grow\">\n<div class=\"min-h-8 text-message flex w-full flex-col items-end gap-2 whitespace-normal break-words [.text-message+&amp;]:mt-5\" dir=\"auto\" data-message-author-role=\"assistant\" data-message-id=\"52397993-dd73-4bdd-8458-2d11854616a9\">\n<div class=\"flex w-full flex-col gap-1 empty:hidden first:pt-[3px]\">\n<div class=\"markdown prose w-full break-words dark:prose-invert dark\">\n<p><strong>Le bo\u00eetier Airboost ARGB est con\u00e7u pour les utilisateurs \u00e0 la recherche d\u2019un ch\u00e2ssis \u00e9l\u00e9gant et performant. Dot\u00e9 d\u2019un panneau lat\u00e9ral en verre tremp\u00e9, il met en valeur l\u2019int\u00e9rieur de votre configuration tout en offrant un look moderne. Le panneau avant en ABS avec une grille m\u00e9tallique assure un flux d\u2019air optimal, tandis que les ventilateurs ARGB pr\u00e9install\u00e9s (3 \u00e0 l\u2019avant, 1 \u00e0 l\u2019arri\u00e8re) ajoutent un effet visuel spectaculaire, personnalisable selon vos pr\u00e9f\u00e9rences.<\/strong><\/p>\n<p><img fetchpriority=\"high\" decoding=\"async\" class=\"alignnone  wp-image-15395\" src=\"https:\/\/osaka.ma\/wp-content\/uploads\/2025\/04\/CONNECT-Airboost-ARGB-1-300x300.webp\" alt=\"\" width=\"643\" height=\"643\" srcset=\"https:\/\/osaka.ma\/wp-content\/uploads\/2025\/04\/CONNECT-Airboost-ARGB-1-300x300.webp 300w, https:\/\/osaka.ma\/wp-content\/uploads\/2025\/04\/CONNECT-Airboost-ARGB-1-1024x1024.webp 1024w, https:\/\/osaka.ma\/wp-content\/uploads\/2025\/04\/CONNECT-Airboost-ARGB-1-150x150.webp 150w, https:\/\/osaka.ma\/wp-content\/uploads\/2025\/04\/CONNECT-Airboost-ARGB-1-768x768.webp 768w, https:\/\/osaka.ma\/wp-content\/uploads\/2025\/04\/CONNECT-Airboost-ARGB-1-1536x1536.webp 1536w, https:\/\/osaka.ma\/wp-content\/uploads\/2025\/04\/CONNECT-Airboost-ARGB-1-2048x2048.webp 2048w, https:\/\/osaka.ma\/wp-content\/uploads\/2025\/04\/CONNECT-Airboost-ARGB-1-600x600.webp 600w, https:\/\/osaka.ma\/wp-content\/uploads\/2025\/04\/CONNECT-Airboost-ARGB-1-100x100.webp 100w\" sizes=\"(max-width: 643px) 100vw, 643px\" \/><\/p>\n<p><strong>Ce bo\u00eetier est compatible avec les cartes m\u00e8res MATX et ITX et supporte des solutions de refroidissement liquide jusqu\u2019\u00e0 280 mm \u00e0 l\u2019avant et 120 mm \u00e0 l\u2019arri\u00e8re, garantissant ainsi un refroidissement efficace pour vos composants. La gestion des c\u00e2bles est facilit\u00e9e gr\u00e2ce \u00e0 un espace d\u00e9di\u00e9 de 22 mm, assurant un int\u00e9rieur propre et bien organis\u00e9.<\/strong><\/p>\n<p><strong>Avec un support pour des cartes graphiques allant jusqu\u2019\u00e0 330 mm et des refroidisseurs de CPU jusqu\u2019\u00e0 160 mm, le bo\u00eetier Airboost ARGB vous permet d\u2019installer des composants de haute performance. De plus, il inclut des filtres anti-poussi\u00e8re magn\u00e9tiques sur le dessus pour maintenir votre syst\u00e8me propre et fonctionnel sur le long terme.<\/strong><\/p>\n<p><img decoding=\"async\" class=\"alignnone  wp-image-15397\" src=\"https:\/\/osaka.ma\/wp-content\/uploads\/2025\/04\/CONNECT-Airboost-ARGB-3-300x300.webp\" alt=\"\" width=\"643\" height=\"643\" srcset=\"https:\/\/osaka.ma\/wp-content\/uploads\/2025\/04\/CONNECT-Airboost-ARGB-3-300x300.webp 300w, https:\/\/osaka.ma\/wp-content\/uploads\/2025\/04\/CONNECT-Airboost-ARGB-3-1024x1024.webp 1024w, https:\/\/osaka.ma\/wp-content\/uploads\/2025\/04\/CONNECT-Airboost-ARGB-3-150x150.webp 150w, https:\/\/osaka.ma\/wp-content\/uploads\/2025\/04\/CONNECT-Airboost-ARGB-3-768x768.webp 768w, https:\/\/osaka.ma\/wp-content\/uploads\/2025\/04\/CONNECT-Airboost-ARGB-3-1536x1536.webp 1536w, https:\/\/osaka.ma\/wp-content\/uploads\/2025\/04\/CONNECT-Airboost-ARGB-3-2048x2048.webp 2048w, https:\/\/osaka.ma\/wp-content\/uploads\/2025\/04\/CONNECT-Airboost-ARGB-3-600x600.webp 600w, https:\/\/osaka.ma\/wp-content\/uploads\/2025\/04\/CONNECT-Airboost-ARGB-3-100x100.webp 100w\" sizes=\"(max-width: 643px) 100vw, 643px\" \/><\/p>\n<p><strong>En termes de stockage, il propose 1 baie pour HDD 3,5\u201d et 4 emplacements pour SSD 2,5\u201d, offrant ainsi un bon \u00e9quilibre entre performances et capacit\u00e9 de stockage.<\/strong><\/p>\n<\/div>\n<\/div>\n<\/div>\n<\/div>\n<\/li>\n<\/ul>\n","protected":false},"excerpt":{"rendered":"<p class=\"\" data-start=\"82\" data-end=\"574\">The <strong data-start=\"86\" data-end=\"111\">CONNECT Airboost ARGB<\/strong> is a compact and stylish case designed for <strong data-start=\"155\" data-end=\"164\">M-ATX<\/strong> and <strong data-start=\"169\" data-end=\"176\">ITX<\/strong> builds. With a <strong data-start=\"192\" data-end=\"221\">tempered glass side panel<\/strong>, it showcases your components and RGB setup. Despite its size, it offers great airflow options with support for up to <strong data-start=\"340\" data-end=\"350\">6 fans<\/strong> and <strong data-start=\"355\" data-end=\"384\">multiple radiator layouts<\/strong>. It includes <strong data-start=\"398\" data-end=\"409\">4x 2.5&#8243;<\/strong> and <strong data-start=\"414\" data-end=\"425\">1x 3.5&#8243;<\/strong> drive bays, along with clear cable management space.<\/p>\n<p class=\"\" data-start=\"82\" data-end=\"574\">Its sleek design and front ARGB lighting make it a great choice for budget-friendly gaming PCs.<\/p>\n<p data-start=\"82\" data-end=\"574\">\n","protected":false},"featured_media":1015400,"template":"","meta":{"_acf_changed":false},"pwb-brand":[],"product_brand":[],"product_cat":[27,17],"product_tag":[],"pcb_component_type":[],"class_list":{"0":"post-15394","1":"product","2":"type-product","3":"status-publish","4":"has-post-thumbnail","6":"product_cat-boitiers-pc","7":"product_cat-composants-gaming","9":"first","10":"instock","11":"sale","12":"shipping-taxable","13":"purchasable","14":"product-type-simple"},"translation":{"provider":"WPGlobus","version":"3.0.2","language":"es","enabled_languages":["en","es","de","fr","ru"],"languages":{"en":{"title":true,"content":true,"excerpt":true},"es":{"title":false,"content":false,"excerpt":false},"de":{"title":false,"content":false,"excerpt":false},"fr":{"title":false,"content":false,"excerpt":false},"ru":{"title":false,"content":false,"excerpt":false}}},"acf":[],"yoast_head":"<!-- This site is optimized with the Yoast SEO plugin v27.2 - https:\/\/yoast.com\/product\/yoast-seo-wordpress\/ -->\n<title>CONNECT Airboost ARGB - Osaka<\/title>\n<meta name=\"robots\" content=\"index, follow, max-snippet:-1, max-image-preview:large, max-video-preview:-1\" \/>\n<link rel=\"canonical\" href=\"https:\/\/osaka.ma\/product\/connect-airboost-argb\/\" \/>\n<meta property=\"og:locale\" content=\"es_ES\" \/>\n<meta property=\"og:type\" content=\"article\" \/>\n<meta property=\"og:title\" content=\"CONNECT Airboost ARGB - Osaka\" \/>\n<meta property=\"og:url\" content=\"https:\/\/osaka.ma\/product\/connect-airboost-argb\/\" \/>\n<meta property=\"og:site_name\" content=\"Osaka\" \/>\n<meta property=\"article:modified_time\" content=\"2025-11-15T21:58:00+00:00\" \/>\n<meta property=\"og:image\" content=\"https:\/\/osaka.ma\/wp-content\/uploads\/2025\/04\/c1791859-0b60-44d0-bc02-4479522fc920-1024x1024.png\" \/>\n\t<meta property=\"og:image:width\" content=\"1024\" \/>\n\t<meta property=\"og:image:height\" content=\"1024\" \/>\n\t<meta property=\"og:image:type\" content=\"image\/png\" \/>\n<meta name=\"twitter:card\" content=\"summary_large_image\" \/>\n<meta name=\"twitter:label1\" content=\"Est. reading time\" \/>\n\t<meta name=\"twitter:data1\" content=\"2 minutes\" \/>\n<script type=\"application\/ld+json\" class=\"yoast-schema-graph\">{\"@context\":\"https:\/\/schema.org\",\"@graph\":[{\"@type\":\"WebPage\",\"@id\":\"https:\/\/osaka.ma\/product\/connect-airboost-argb\/\",\"url\":\"https:\/\/osaka.ma\/product\/connect-airboost-argb\/\",\"name\":\"CONNECT Airboost ARGB - Osaka\",\"isPartOf\":{\"@id\":\"https:\/\/osaka.ma\/#website\"},\"primaryImageOfPage\":{\"@id\":\"https:\/\/osaka.ma\/product\/connect-airboost-argb\/#primaryimage\"},\"image\":{\"@id\":\"https:\/\/osaka.ma\/product\/connect-airboost-argb\/#primaryimage\"},\"thumbnailUrl\":\"https:\/\/osaka.ma\/wp-content\/uploads\/2025\/04\/c1791859-0b60-44d0-bc02-4479522fc920.png\",\"datePublished\":\"2025-04-14T15:41:55+00:00\",\"dateModified\":\"2025-11-15T21:58:00+00:00\",\"breadcrumb\":{\"@id\":\"https:\/\/osaka.ma\/product\/connect-airboost-argb\/#breadcrumb\"},\"inLanguage\":\"es-ES\",\"potentialAction\":[{\"@type\":\"ReadAction\",\"target\":[\"https:\/\/osaka.ma\/product\/connect-airboost-argb\/\"]}]},{\"@type\":\"ImageObject\",\"inLanguage\":\"es-ES\",\"@id\":\"https:\/\/osaka.ma\/product\/connect-airboost-argb\/#primaryimage\",\"url\":\"https:\/\/osaka.ma\/wp-content\/uploads\/2025\/04\/c1791859-0b60-44d0-bc02-4479522fc920.png\",\"contentUrl\":\"https:\/\/osaka.ma\/wp-content\/uploads\/2025\/04\/c1791859-0b60-44d0-bc02-4479522fc920.png\",\"width\":2080,\"height\":2080},{\"@type\":\"BreadcrumbList\",\"@id\":\"https:\/\/osaka.ma\/product\/connect-airboost-argb\/#breadcrumb\",\"itemListElement\":[{\"@type\":\"ListItem\",\"position\":1,\"name\":\"Home\",\"item\":\"https:\/\/osaka.ma\/\"},{\"@type\":\"ListItem\",\"position\":2,\"name\":\"Shop\",\"item\":\"https:\/\/osaka.ma\/shop-2\/\"},{\"@type\":\"ListItem\",\"position\":3,\"name\":\"CONNECT Airboost ARGB\"}]},{\"@type\":\"WebSite\",\"@id\":\"https:\/\/osaka.ma\/#website\",\"url\":\"https:\/\/osaka.ma\/\",\"name\":\"Osaka\",\"description\":\"\",\"publisher\":{\"@id\":\"https:\/\/osaka.ma\/#organization\"},\"potentialAction\":[{\"@type\":\"SearchAction\",\"target\":{\"@type\":\"EntryPoint\",\"urlTemplate\":\"https:\/\/osaka.ma\/?s={search_term_string}\"},\"query-input\":{\"@type\":\"PropertyValueSpecification\",\"valueRequired\":true,\"valueName\":\"search_term_string\"}}],\"inLanguage\":\"es-ES\"},{\"@type\":\"Organization\",\"@id\":\"https:\/\/osaka.ma\/#organization\",\"name\":\"Osaka\",\"url\":\"https:\/\/osaka.ma\/\",\"logo\":{\"@type\":\"ImageObject\",\"inLanguage\":\"es-ES\",\"@id\":\"https:\/\/osaka.ma\/#\/schema\/logo\/image\/\",\"url\":\"https:\/\/osaka.ma\/wp-content\/uploads\/2026\/01\/model-slogan-logo-2Plan-de-travail-1dksl-plus-finnn.png\",\"contentUrl\":\"https:\/\/osaka.ma\/wp-content\/uploads\/2026\/01\/model-slogan-logo-2Plan-de-travail-1dksl-plus-finnn.png\",\"width\":842,\"height\":226,\"caption\":\"Osaka\"},\"image\":{\"@id\":\"https:\/\/osaka.ma\/#\/schema\/logo\/image\/\"}}]}<\/script>\n<!-- \/ Yoast SEO plugin. -->","yoast_head_json":{"title":"CONNECT Airboost ARGB - Osaka","robots":{"index":"index","follow":"follow","max-snippet":"max-snippet:-1","max-image-preview":"max-image-preview:large","max-video-preview":"max-video-preview:-1"},"canonical":"https:\/\/osaka.ma\/product\/connect-airboost-argb\/","og_locale":"es_ES","og_type":"article","og_title":"CONNECT Airboost ARGB - Osaka","og_url":"https:\/\/osaka.ma\/product\/connect-airboost-argb\/","og_site_name":"Osaka","article_modified_time":"2025-11-15T21:58:00+00:00","og_image":[{"width":1024,"height":1024,"url":"https:\/\/osaka.ma\/wp-content\/uploads\/2025\/04\/c1791859-0b60-44d0-bc02-4479522fc920-1024x1024.png","type":"image\/png"}],"twitter_card":"summary_large_image","twitter_misc":{"Est. reading time":"2 minutes"},"schema":{"@context":"https:\/\/schema.org","@graph":[{"@type":"WebPage","@id":"https:\/\/osaka.ma\/product\/connect-airboost-argb\/","url":"https:\/\/osaka.ma\/product\/connect-airboost-argb\/","name":"CONNECT Airboost ARGB - Osaka","isPartOf":{"@id":"https:\/\/osaka.ma\/#website"},"primaryImageOfPage":{"@id":"https:\/\/osaka.ma\/product\/connect-airboost-argb\/#primaryimage"},"image":{"@id":"https:\/\/osaka.ma\/product\/connect-airboost-argb\/#primaryimage"},"thumbnailUrl":"https:\/\/osaka.ma\/wp-content\/uploads\/2025\/04\/c1791859-0b60-44d0-bc02-4479522fc920.png","datePublished":"2025-04-14T15:41:55+00:00","dateModified":"2025-11-15T21:58:00+00:00","breadcrumb":{"@id":"https:\/\/osaka.ma\/product\/connect-airboost-argb\/#breadcrumb"},"inLanguage":"es-ES","potentialAction":[{"@type":"ReadAction","target":["https:\/\/osaka.ma\/product\/connect-airboost-argb\/"]}]},{"@type":"ImageObject","inLanguage":"es-ES","@id":"https:\/\/osaka.ma\/product\/connect-airboost-argb\/#primaryimage","url":"https:\/\/osaka.ma\/wp-content\/uploads\/2025\/04\/c1791859-0b60-44d0-bc02-4479522fc920.png","contentUrl":"https:\/\/osaka.ma\/wp-content\/uploads\/2025\/04\/c1791859-0b60-44d0-bc02-4479522fc920.png","width":2080,"height":2080},{"@type":"BreadcrumbList","@id":"https:\/\/osaka.ma\/product\/connect-airboost-argb\/#breadcrumb","itemListElement":[{"@type":"ListItem","position":1,"name":"Home","item":"https:\/\/osaka.ma\/"},{"@type":"ListItem","position":2,"name":"Shop","item":"https:\/\/osaka.ma\/shop-2\/"},{"@type":"ListItem","position":3,"name":"CONNECT Airboost ARGB"}]},{"@type":"WebSite","@id":"https:\/\/osaka.ma\/#website","url":"https:\/\/osaka.ma\/","name":"Osaka","description":"","publisher":{"@id":"https:\/\/osaka.ma\/#organization"},"potentialAction":[{"@type":"SearchAction","target":{"@type":"EntryPoint","urlTemplate":"https:\/\/osaka.ma\/?s={search_term_string}"},"query-input":{"@type":"PropertyValueSpecification","valueRequired":true,"valueName":"search_term_string"}}],"inLanguage":"es-ES"},{"@type":"Organization","@id":"https:\/\/osaka.ma\/#organization","name":"Osaka","url":"https:\/\/osaka.ma\/","logo":{"@type":"ImageObject","inLanguage":"es-ES","@id":"https:\/\/osaka.ma\/#\/schema\/logo\/image\/","url":"https:\/\/osaka.ma\/wp-content\/uploads\/2026\/01\/model-slogan-logo-2Plan-de-travail-1dksl-plus-finnn.png","contentUrl":"https:\/\/osaka.ma\/wp-content\/uploads\/2026\/01\/model-slogan-logo-2Plan-de-travail-1dksl-plus-finnn.png","width":842,"height":226,"caption":"Osaka"},"image":{"@id":"https:\/\/osaka.ma\/#\/schema\/logo\/image\/"}}]}},"jetpack_sharing_enabled":true,"brands":[],"_links":{"self":[{"href":"https:\/\/osaka.ma\/es\/wp-json\/wp\/v2\/product\/15394","targetHints":{"allow":["GET"]}}],"collection":[{"href":"https:\/\/osaka.ma\/es\/wp-json\/wp\/v2\/product"}],"about":[{"href":"https:\/\/osaka.ma\/es\/wp-json\/wp\/v2\/types\/product"}],"version-history":[{"count":0,"href":"https:\/\/osaka.ma\/es\/wp-json\/wp\/v2\/product\/15394\/revisions"}],"wp:featuredmedia":[{"embeddable":true,"href":"https:\/\/osaka.ma\/es\/wp-json\/wp\/v2\/media\/1015400"}],"wp:attachment":[{"href":"https:\/\/osaka.ma\/es\/wp-json\/wp\/v2\/media?parent=15394"}],"wp:term":[{"taxonomy":"pwb-brand","embeddable":true,"href":"https:\/\/osaka.ma\/es\/wp-json\/wp\/v2\/pwb-brand?post=15394"},{"taxonomy":"product_brand","embeddable":true,"href":"https:\/\/osaka.ma\/es\/wp-json\/wp\/v2\/product_brand?post=15394"},{"taxonomy":"product_cat","embeddable":true,"href":"https:\/\/osaka.ma\/es\/wp-json\/wp\/v2\/product_cat?post=15394"},{"taxonomy":"product_tag","embeddable":true,"href":"https:\/\/osaka.ma\/es\/wp-json\/wp\/v2\/product_tag?post=15394"},{"taxonomy":"pcb_component_type","embeddable":true,"href":"https:\/\/osaka.ma\/es\/wp-json\/wp\/v2\/pcb_component_type?post=15394"}],"curies":[{"name":"wp","href":"https:\/\/api.w.org\/{rel}","templated":true}]}}