{"id":16387,"date":"2025-06-03T12:00:00","date_gmt":"2025-06-03T12:00:00","guid":{"rendered":"https:\/\/osaka.ma\/?post_type=product&#038;p=16387"},"modified":"2025-07-05T22:28:38","modified_gmt":"2025-07-05T22:28:38","slug":"msi-pulse-16-ai-c1vgk-ultra-7-155h-rtx-4070-8gb-16gb-ddr5-512gb-nvme-qhd-240hz-windows-11-new","status":"publish","type":"product","link":"https:\/\/osaka.ma\/es\/product\/msi-pulse-16-ai-c1vgk-ultra-7-155h-rtx-4070-8gb-16gb-ddr5-512gb-nvme-qhd-240hz-windows-11-new\/","title":{"rendered":"MSI Pulse 16 AI C1VGK | Ultra 7 155H | RTX 4070 8GB | 16GB DDR5 | 512GB NVMe | QHD+ 240Hz | Windows 11 | NEW"},"content":{"rendered":"<div class=\"logo\"><a href=\"https:\/\/www.ldlc.com\/en\/msi\/bint000000992\/\" rel=\"nofollow noopener\" target=\"_blank\"><img decoding=\"async\" src=\"https:\/\/media.ldlc.com\/v3\/marque\/bo\/00\/05\/99\/39\/V30005993997.gif\" alt=\"MSI\" \/><\/a><\/div>\n<div id=\"description\" class=\"description\">\n<div class=\"details-pdt-desc\">\n<h2 class=\"h2-master\">MSI Pulse 16 AI C1VGK: AI-powered performance<\/h2>\n<section>More powerful and smarter than ever, the <strong>MSI Pulse 16 AI C1VGK gaming laptop <\/strong>takes performance to the extreme. An\u00a0<strong>ultra-powerful processor<\/strong>, plenty of<strong>\u00a0DDR5 RAM,<\/strong>\u00a0an\u00a0<strong>ultra-fast NVMe SSD<\/strong>, a\u00a0<strong>240Hz QHD+ display<\/strong>\u00a0and\u00a0<strong>NVIDIA GeForce RTX 4070 graphics\u00a0<\/strong>are all on board to help you perform at your best.<\/section>\n<section>\n<div class=\"desc-image\"><img fetchpriority=\"high\" decoding=\"async\" class=\"alignnone\" src=\"https:\/\/media.ldlc.com\/bo\/images\/fiches\/pc_portables\/msi\/msi_pulse_16_ai_c1v_001.jpg\" alt=\"MSI Pulse 16 AI C1VGK | Ultra 7 155H | RTX 4070 8GB | 16GB DDR5 | 512GB NVMe | QHD+ 240Hz | Windows 11 | NEW\" width=\"800\" height=\"500\" \/><\/div>\n<div class=\"desc-text\">\n<h2>Next-generation performance<\/h2>\n<p>The latest Intel Core Ultra processor represents a revolutionary step forward in performance, thanks to an integrated acceleration engine, or NPU, that makes AI and local work more efficient. Featuring a cutting-edge architecture and more cores than ever before, this processor delivers unprecedented performance to support a wider range of applications and software, for both gaming and work.<\/p>\n<\/div>\n<\/section>\n<section>\n<div class=\"desc-text\">\n<h2>MSI Pulse 16 AI C1VGK: NVIDIA GeForce RTX 40<\/h2>\n<p>NVIDIA GeForce RTX 40 series GPUs deliver extreme speed for gamers and creative professionals. Based on the highly efficient NVIDIA Ada Lovelace architecture, these GPUs deliver a breakthrough in performance with AI-based DLSS 3 and ray tracing for ultra-realistic images. What&#8217;s more, the Max-Q suite of technologies optimises system performance, power, battery life and noise for greater efficiency.<\/p>\n<\/div>\n<div class=\"desc-image\"><img decoding=\"async\" class=\"alignnone\" src=\"https:\/\/media.ldlc.com\/bo\/images\/fiches\/pc_portables\/msi\/msi_pulse_16_ai_c1v_002.jpg\" alt=\"MSI Pulse 16 AI C1VGK | Ultra 7 155H | RTX 4070 8GB | 16GB DDR5 | 512GB NVMe | QHD+ 240Hz | Windows 11 | NEW\" width=\"800\" height=\"500\" \/><\/div>\n<\/section>\n<section>\n<div class=\"desc-image\"><img decoding=\"async\" class=\"alignnone\" src=\"https:\/\/media.ldlc.com\/bo\/images\/fiches\/pc_portables\/msi\/msi_pulse_16_ai_c1v_003.jpg\" alt=\"MSI Pulse 16 AI C1VGK | Ultra 7 155H | RTX 4070 8GB | 16GB DDR5 | 512GB NVMe | QHD+ 240Hz | Windows 11 | NEW\" width=\"727\" height=\"500\" \/><\/div>\n<div class=\"desc-text\">\n<h2>Cooler Boost 5 efficient cooling<\/h2>\n<p>On this Gaming Laptop, MSI offers its proprietary Cooler Boost 5 cooling technology, which works with two fans and five heatpipes designed to expel hot air from the chassis via three different flows.\u00a0<strong>Cooler Boost 5<\/strong>\u00a0technology has been specially designed for laptops with high-performance graphics chips.<\/p>\n<\/div>\n<\/section>\n<section>\n<div class=\"desc-text\">\n<h2>Backlit Gamer keyboard<\/h2>\n<p>Thanks to the MSI Center&#8217;s Mystic Light technology, you can customise the keyboard&#8217;s RGB LED backlighting to express your true gamer identity (only one active colour at a time).<\/p>\n<\/div>\n<div class=\"desc-image\"><img loading=\"lazy\" decoding=\"async\" class=\"alignnone\" src=\"https:\/\/media.ldlc.com\/bo\/images\/fiches\/pc_portables\/msi\/msi_pulse_16_ai_c1v_005.jpg\" alt=\"MSI Pulse 16 AI C1VGK | Ultra 7 155H | RTX 4070 8GB | 16GB DDR5 | 512GB NVMe | QHD+ 240Hz | Windows 11 | NEW\" width=\"800\" height=\"500\" \/><\/div>\n<\/section>\n<section class=\"list\">\n<h2>Key features of the MSI Pulse 16 AI C1VGK :<\/h2>\n<p>Processeur : Intel Ultra 7 155H<br data-start=\"493\" data-end=\"496\" \/>\u00a0Carte Graphique : NVIDIA GeForce RTX 4070 8GB<br data-start=\"544\" data-end=\"547\" \/>\u00a0RAM : 16GB DDR5 (2x8GB) 5600MHz<br data-start=\"580\" data-end=\"583\" \/>\u00a0Stockage : 512GB NVMe SSD<br data-start=\"611\" data-end=\"614\" \/>\u00a0\u00c9cran : 16&#8243; QHD+ IPS 240Hz (2560&#215;1600)<br data-start=\"655\" data-end=\"658\" \/>\u00a0Clavier : AZERTY r\u00e9tro\u00e9clair\u00e9 RGB<br data-start=\"694\" data-end=\"697\" \/>\u00a0Syst\u00e8me : Windows 11 Famille<br data-start=\"728\" data-end=\"731\" \/>\u00a0Emballage : Neuf avec emballage officiel<\/p>\n<\/section>\n<\/div>\n<\/div>\n","protected":false},"excerpt":{"rendered":"<p>Le <strong data-start=\"205\" data-end=\"224\">MSI Pulse 16 AI<\/strong> allie performance de nouvelle g\u00e9n\u00e9ration avec son <strong data-start=\"275\" data-end=\"292\">Intel Ultra 7<\/strong>, carte graphique <strong data-start=\"310\" data-end=\"326\">RTX 4070 8GB<\/strong>, et \u00e9cran <strong data-start=\"337\" data-end=\"351\">QHD+ 240Hz<\/strong>, parfait pour les FPS comp\u00e9titifs, la cr\u00e9ation et le multit\u00e2che.<\/p>\n<p><strong data-start=\"425\" data-end=\"456\">Sp\u00e9cifications techniques :<\/strong><br data-start=\"456\" data-end=\"459\" \/>\u00a0Processeur : Intel Ultra 7 155H<br data-start=\"493\" data-end=\"496\" \/>\u00a0Carte Graphique : NVIDIA GeForce RTX 4070 8GB<br data-start=\"544\" data-end=\"547\" \/>\u00a0RAM : 16GB DDR5 (2x8GB) 5600MHz<br data-start=\"580\" data-end=\"583\" \/>\u00a0Stockage : 512GB NVMe SSD<br data-start=\"611\" data-end=\"614\" \/>\u00a0\u00c9cran : 16&#8243; QHD+ IPS 240Hz (2560&#215;1600)<br data-start=\"655\" data-end=\"658\" \/>\u00a0Clavier : AZERTY r\u00e9tro\u00e9clair\u00e9 RGB<br data-start=\"694\" data-end=\"697\" \/>\u00a0Syst\u00e8me : Windows 11 Famille<br data-start=\"728\" data-end=\"731\" \/>\u00a0Emballage : Neuf avec emballage officiel<\/p>\n","protected":false},"featured_media":1016388,"template":"","meta":{"_acf_changed":false},"pwb-brand":[],"product_brand":[],"product_cat":[122,121,126],"product_tag":[],"pcb_component_type":[],"class_list":{"0":"post-16387","1":"product","2":"type-product","3":"status-publish","4":"has-post-thumbnail","6":"product_cat-gaming","7":"product_cat-pc-portable","8":"product_cat-professional","10":"first","11":"outofstock","12":"shipping-taxable","13":"product-type-simple"},"translation":{"provider":"WPGlobus","version":"3.0.2","language":"es","enabled_languages":["en","es","de","fr","ru"],"languages":{"en":{"title":true,"content":true,"excerpt":true},"es":{"title":false,"content":false,"excerpt":false},"de":{"title":false,"content":false,"excerpt":false},"fr":{"title":false,"content":false,"excerpt":false},"ru":{"title":false,"content":false,"excerpt":false}}},"acf":[],"yoast_head":"<!-- This site is optimized with the Yoast SEO plugin v27.2 - https:\/\/yoast.com\/product\/yoast-seo-wordpress\/ -->\n<title>MSI Pulse 16 AI C1VGK | Ultra 7 155H | RTX 4070 8GB | 16GB DDR5 | 512GB NVMe | QHD+ 240Hz | Windows 11 | NEW - Osaka<\/title>\n<meta name=\"robots\" content=\"index, follow, max-snippet:-1, max-image-preview:large, max-video-preview:-1\" \/>\n<link rel=\"canonical\" href=\"https:\/\/osaka.ma\/product\/msi-pulse-16-ai-c1vgk-ultra-7-155h-rtx-4070-8gb-16gb-ddr5-512gb-nvme-qhd-240hz-windows-11-new\/\" \/>\n<meta property=\"og:locale\" content=\"es_ES\" \/>\n<meta property=\"og:type\" content=\"article\" \/>\n<meta property=\"og:title\" content=\"MSI Pulse 16 AI C1VGK | Ultra 7 155H | RTX 4070 8GB | 16GB DDR5 | 512GB NVMe | QHD+ 240Hz | Windows 11 | NEW - Osaka\" \/>\n<meta property=\"og:url\" content=\"https:\/\/osaka.ma\/product\/msi-pulse-16-ai-c1vgk-ultra-7-155h-rtx-4070-8gb-16gb-ddr5-512gb-nvme-qhd-240hz-windows-11-new\/\" \/>\n<meta property=\"og:site_name\" content=\"Osaka\" \/>\n<meta property=\"article:modified_time\" content=\"2025-07-05T22:28:38+00:00\" \/>\n<meta property=\"og:image\" content=\"https:\/\/osaka.ma\/wp-content\/uploads\/2025\/06\/MSI-PULSE-16-AI-C1VGK-1.jpg\" \/>\n\t<meta property=\"og:image:width\" content=\"1600\" \/>\n\t<meta property=\"og:image:height\" content=\"1600\" \/>\n\t<meta property=\"og:image:type\" content=\"image\/jpeg\" \/>\n<meta name=\"twitter:card\" content=\"summary_large_image\" \/>\n<meta name=\"twitter:label1\" content=\"Est. reading time\" \/>\n\t<meta name=\"twitter:data1\" content=\"4 minutes\" \/>\n<script type=\"application\/ld+json\" class=\"yoast-schema-graph\">{\"@context\":\"https:\/\/schema.org\",\"@graph\":[{\"@type\":\"WebPage\",\"@id\":\"https:\/\/osaka.ma\/product\/msi-pulse-16-ai-c1vgk-ultra-7-155h-rtx-4070-8gb-16gb-ddr5-512gb-nvme-qhd-240hz-windows-11-new\/\",\"url\":\"https:\/\/osaka.ma\/product\/msi-pulse-16-ai-c1vgk-ultra-7-155h-rtx-4070-8gb-16gb-ddr5-512gb-nvme-qhd-240hz-windows-11-new\/\",\"name\":\"MSI Pulse 16 AI C1VGK | Ultra 7 155H | RTX 4070 8GB | 16GB DDR5 | 512GB NVMe | QHD+ 240Hz | Windows 11 | NEW - Osaka\",\"isPartOf\":{\"@id\":\"https:\/\/osaka.ma\/#website\"},\"primaryImageOfPage\":{\"@id\":\"https:\/\/osaka.ma\/product\/msi-pulse-16-ai-c1vgk-ultra-7-155h-rtx-4070-8gb-16gb-ddr5-512gb-nvme-qhd-240hz-windows-11-new\/#primaryimage\"},\"image\":{\"@id\":\"https:\/\/osaka.ma\/product\/msi-pulse-16-ai-c1vgk-ultra-7-155h-rtx-4070-8gb-16gb-ddr5-512gb-nvme-qhd-240hz-windows-11-new\/#primaryimage\"},\"thumbnailUrl\":\"https:\/\/osaka.ma\/wp-content\/uploads\/2025\/06\/MSI-PULSE-16-AI-C1VGK-1.jpg\",\"datePublished\":\"2025-06-03T12:00:00+00:00\",\"dateModified\":\"2025-07-05T22:28:38+00:00\",\"breadcrumb\":{\"@id\":\"https:\/\/osaka.ma\/product\/msi-pulse-16-ai-c1vgk-ultra-7-155h-rtx-4070-8gb-16gb-ddr5-512gb-nvme-qhd-240hz-windows-11-new\/#breadcrumb\"},\"inLanguage\":\"es-ES\",\"potentialAction\":[{\"@type\":\"ReadAction\",\"target\":[\"https:\/\/osaka.ma\/product\/msi-pulse-16-ai-c1vgk-ultra-7-155h-rtx-4070-8gb-16gb-ddr5-512gb-nvme-qhd-240hz-windows-11-new\/\"]}]},{\"@type\":\"ImageObject\",\"inLanguage\":\"es-ES\",\"@id\":\"https:\/\/osaka.ma\/product\/msi-pulse-16-ai-c1vgk-ultra-7-155h-rtx-4070-8gb-16gb-ddr5-512gb-nvme-qhd-240hz-windows-11-new\/#primaryimage\",\"url\":\"https:\/\/osaka.ma\/wp-content\/uploads\/2025\/06\/MSI-PULSE-16-AI-C1VGK-1.jpg\",\"contentUrl\":\"https:\/\/osaka.ma\/wp-content\/uploads\/2025\/06\/MSI-PULSE-16-AI-C1VGK-1.jpg\",\"width\":1600,\"height\":1600,\"caption\":\"MSI Pulse 16 AI C1VGK | Ultra 7 155H | RTX 4070 8GB | 16GB DDR5 | 512GB NVMe | QHD+ 240Hz | Windows 11 | NEW\"},{\"@type\":\"BreadcrumbList\",\"@id\":\"https:\/\/osaka.ma\/product\/msi-pulse-16-ai-c1vgk-ultra-7-155h-rtx-4070-8gb-16gb-ddr5-512gb-nvme-qhd-240hz-windows-11-new\/#breadcrumb\",\"itemListElement\":[{\"@type\":\"ListItem\",\"position\":1,\"name\":\"Home\",\"item\":\"https:\/\/osaka.ma\/\"},{\"@type\":\"ListItem\",\"position\":2,\"name\":\"Shop\",\"item\":\"https:\/\/osaka.ma\/shop-2\/\"},{\"@type\":\"ListItem\",\"position\":3,\"name\":\"MSI Pulse 16 AI C1VGK | Ultra 7 155H | RTX 4070 8GB | 16GB DDR5 | 512GB NVMe | QHD+ 240Hz | Windows 11 | NEW\"}]},{\"@type\":\"WebSite\",\"@id\":\"https:\/\/osaka.ma\/#website\",\"url\":\"https:\/\/osaka.ma\/\",\"name\":\"Osaka\",\"description\":\"\",\"publisher\":{\"@id\":\"https:\/\/osaka.ma\/#organization\"},\"potentialAction\":[{\"@type\":\"SearchAction\",\"target\":{\"@type\":\"EntryPoint\",\"urlTemplate\":\"https:\/\/osaka.ma\/?s={search_term_string}\"},\"query-input\":{\"@type\":\"PropertyValueSpecification\",\"valueRequired\":true,\"valueName\":\"search_term_string\"}}],\"inLanguage\":\"es-ES\"},{\"@type\":\"Organization\",\"@id\":\"https:\/\/osaka.ma\/#organization\",\"name\":\"Osaka\",\"url\":\"https:\/\/osaka.ma\/\",\"logo\":{\"@type\":\"ImageObject\",\"inLanguage\":\"es-ES\",\"@id\":\"https:\/\/osaka.ma\/#\/schema\/logo\/image\/\",\"url\":\"https:\/\/osaka.ma\/wp-content\/uploads\/2026\/01\/model-slogan-logo-2Plan-de-travail-1dksl-plus-finnn.png\",\"contentUrl\":\"https:\/\/osaka.ma\/wp-content\/uploads\/2026\/01\/model-slogan-logo-2Plan-de-travail-1dksl-plus-finnn.png\",\"width\":842,\"height\":226,\"caption\":\"Osaka\"},\"image\":{\"@id\":\"https:\/\/osaka.ma\/#\/schema\/logo\/image\/\"}}]}<\/script>\n<!-- \/ Yoast SEO plugin. -->","yoast_head_json":{"title":"MSI Pulse 16 AI C1VGK | Ultra 7 155H | RTX 4070 8GB | 16GB DDR5 | 512GB NVMe | QHD+ 240Hz | Windows 11 | NEW - Osaka","robots":{"index":"index","follow":"follow","max-snippet":"max-snippet:-1","max-image-preview":"max-image-preview:large","max-video-preview":"max-video-preview:-1"},"canonical":"https:\/\/osaka.ma\/product\/msi-pulse-16-ai-c1vgk-ultra-7-155h-rtx-4070-8gb-16gb-ddr5-512gb-nvme-qhd-240hz-windows-11-new\/","og_locale":"es_ES","og_type":"article","og_title":"MSI Pulse 16 AI C1VGK | Ultra 7 155H | RTX 4070 8GB | 16GB DDR5 | 512GB NVMe | QHD+ 240Hz | Windows 11 | NEW - Osaka","og_url":"https:\/\/osaka.ma\/product\/msi-pulse-16-ai-c1vgk-ultra-7-155h-rtx-4070-8gb-16gb-ddr5-512gb-nvme-qhd-240hz-windows-11-new\/","og_site_name":"Osaka","article_modified_time":"2025-07-05T22:28:38+00:00","og_image":[{"width":1600,"height":1600,"url":"https:\/\/osaka.ma\/wp-content\/uploads\/2025\/06\/MSI-PULSE-16-AI-C1VGK-1.jpg","type":"image\/jpeg"}],"twitter_card":"summary_large_image","twitter_misc":{"Est. reading time":"4 minutes"},"schema":{"@context":"https:\/\/schema.org","@graph":[{"@type":"WebPage","@id":"https:\/\/osaka.ma\/product\/msi-pulse-16-ai-c1vgk-ultra-7-155h-rtx-4070-8gb-16gb-ddr5-512gb-nvme-qhd-240hz-windows-11-new\/","url":"https:\/\/osaka.ma\/product\/msi-pulse-16-ai-c1vgk-ultra-7-155h-rtx-4070-8gb-16gb-ddr5-512gb-nvme-qhd-240hz-windows-11-new\/","name":"MSI Pulse 16 AI C1VGK | Ultra 7 155H | RTX 4070 8GB | 16GB DDR5 | 512GB NVMe | QHD+ 240Hz | Windows 11 | NEW - Osaka","isPartOf":{"@id":"https:\/\/osaka.ma\/#website"},"primaryImageOfPage":{"@id":"https:\/\/osaka.ma\/product\/msi-pulse-16-ai-c1vgk-ultra-7-155h-rtx-4070-8gb-16gb-ddr5-512gb-nvme-qhd-240hz-windows-11-new\/#primaryimage"},"image":{"@id":"https:\/\/osaka.ma\/product\/msi-pulse-16-ai-c1vgk-ultra-7-155h-rtx-4070-8gb-16gb-ddr5-512gb-nvme-qhd-240hz-windows-11-new\/#primaryimage"},"thumbnailUrl":"https:\/\/osaka.ma\/wp-content\/uploads\/2025\/06\/MSI-PULSE-16-AI-C1VGK-1.jpg","datePublished":"2025-06-03T12:00:00+00:00","dateModified":"2025-07-05T22:28:38+00:00","breadcrumb":{"@id":"https:\/\/osaka.ma\/product\/msi-pulse-16-ai-c1vgk-ultra-7-155h-rtx-4070-8gb-16gb-ddr5-512gb-nvme-qhd-240hz-windows-11-new\/#breadcrumb"},"inLanguage":"es-ES","potentialAction":[{"@type":"ReadAction","target":["https:\/\/osaka.ma\/product\/msi-pulse-16-ai-c1vgk-ultra-7-155h-rtx-4070-8gb-16gb-ddr5-512gb-nvme-qhd-240hz-windows-11-new\/"]}]},{"@type":"ImageObject","inLanguage":"es-ES","@id":"https:\/\/osaka.ma\/product\/msi-pulse-16-ai-c1vgk-ultra-7-155h-rtx-4070-8gb-16gb-ddr5-512gb-nvme-qhd-240hz-windows-11-new\/#primaryimage","url":"https:\/\/osaka.ma\/wp-content\/uploads\/2025\/06\/MSI-PULSE-16-AI-C1VGK-1.jpg","contentUrl":"https:\/\/osaka.ma\/wp-content\/uploads\/2025\/06\/MSI-PULSE-16-AI-C1VGK-1.jpg","width":1600,"height":1600,"caption":"MSI Pulse 16 AI C1VGK | Ultra 7 155H | RTX 4070 8GB | 16GB DDR5 | 512GB NVMe | QHD+ 240Hz | Windows 11 | NEW"},{"@type":"BreadcrumbList","@id":"https:\/\/osaka.ma\/product\/msi-pulse-16-ai-c1vgk-ultra-7-155h-rtx-4070-8gb-16gb-ddr5-512gb-nvme-qhd-240hz-windows-11-new\/#breadcrumb","itemListElement":[{"@type":"ListItem","position":1,"name":"Home","item":"https:\/\/osaka.ma\/"},{"@type":"ListItem","position":2,"name":"Shop","item":"https:\/\/osaka.ma\/shop-2\/"},{"@type":"ListItem","position":3,"name":"MSI Pulse 16 AI C1VGK | Ultra 7 155H | RTX 4070 8GB | 16GB DDR5 | 512GB NVMe | QHD+ 240Hz | Windows 11 | NEW"}]},{"@type":"WebSite","@id":"https:\/\/osaka.ma\/#website","url":"https:\/\/osaka.ma\/","name":"Osaka","description":"","publisher":{"@id":"https:\/\/osaka.ma\/#organization"},"potentialAction":[{"@type":"SearchAction","target":{"@type":"EntryPoint","urlTemplate":"https:\/\/osaka.ma\/?s={search_term_string}"},"query-input":{"@type":"PropertyValueSpecification","valueRequired":true,"valueName":"search_term_string"}}],"inLanguage":"es-ES"},{"@type":"Organization","@id":"https:\/\/osaka.ma\/#organization","name":"Osaka","url":"https:\/\/osaka.ma\/","logo":{"@type":"ImageObject","inLanguage":"es-ES","@id":"https:\/\/osaka.ma\/#\/schema\/logo\/image\/","url":"https:\/\/osaka.ma\/wp-content\/uploads\/2026\/01\/model-slogan-logo-2Plan-de-travail-1dksl-plus-finnn.png","contentUrl":"https:\/\/osaka.ma\/wp-content\/uploads\/2026\/01\/model-slogan-logo-2Plan-de-travail-1dksl-plus-finnn.png","width":842,"height":226,"caption":"Osaka"},"image":{"@id":"https:\/\/osaka.ma\/#\/schema\/logo\/image\/"}}]}},"jetpack_sharing_enabled":true,"brands":[],"_links":{"self":[{"href":"https:\/\/osaka.ma\/es\/wp-json\/wp\/v2\/product\/16387","targetHints":{"allow":["GET"]}}],"collection":[{"href":"https:\/\/osaka.ma\/es\/wp-json\/wp\/v2\/product"}],"about":[{"href":"https:\/\/osaka.ma\/es\/wp-json\/wp\/v2\/types\/product"}],"version-history":[{"count":0,"href":"https:\/\/osaka.ma\/es\/wp-json\/wp\/v2\/product\/16387\/revisions"}],"wp:featuredmedia":[{"embeddable":true,"href":"https:\/\/osaka.ma\/es\/wp-json\/wp\/v2\/media\/1016388"}],"wp:attachment":[{"href":"https:\/\/osaka.ma\/es\/wp-json\/wp\/v2\/media?parent=16387"}],"wp:term":[{"taxonomy":"pwb-brand","embeddable":true,"href":"https:\/\/osaka.ma\/es\/wp-json\/wp\/v2\/pwb-brand?post=16387"},{"taxonomy":"product_brand","embeddable":true,"href":"https:\/\/osaka.ma\/es\/wp-json\/wp\/v2\/product_brand?post=16387"},{"taxonomy":"product_cat","embeddable":true,"href":"https:\/\/osaka.ma\/es\/wp-json\/wp\/v2\/product_cat?post=16387"},{"taxonomy":"product_tag","embeddable":true,"href":"https:\/\/osaka.ma\/es\/wp-json\/wp\/v2\/product_tag?post=16387"},{"taxonomy":"pcb_component_type","embeddable":true,"href":"https:\/\/osaka.ma\/es\/wp-json\/wp\/v2\/pcb_component_type?post=16387"}],"curies":[{"name":"wp","href":"https:\/\/api.w.org\/{rel}","templated":true}]}}