{"id":16546,"date":"2025-06-15T23:14:31","date_gmt":"2025-06-15T23:14:31","guid":{"rendered":"https:\/\/osaka.ma\/?post_type=product&#038;p=16546"},"modified":"2025-07-19T12:21:58","modified_gmt":"2025-07-19T12:21:58","slug":"samsung-galaxy-book4-ultra-16wqxga-amoled-gris-ultra-9-185h-32gb-1tb-rtx-4070-new","status":"publish","type":"product","link":"https:\/\/osaka.ma\/es\/product\/samsung-galaxy-book4-ultra-16wqxga-amoled-gris-ultra-9-185h-32gb-1tb-rtx-4070-new\/","title":{"rendered":"Samsung Galaxy Book4 Ultra 16&#8221;WQXGA+ AMOLED Gris ULTRA 9 185H 32GB 1TB RTX 4070 New"},"content":{"rendered":"<div class=\"logo\"><a href=\"https:\/\/www.ldlc.com\/samsung\/bint000001080\/\" rel=\"nofollow noopener\" target=\"_blank\"><img decoding=\"async\" src=\"https:\/\/media.ldlc.com\/v3\/marque\/bo\/00\/06\/07\/33\/V30006073318.jpg\" alt=\"Samsung\" \/><\/a><\/div>\n<div id=\"description\" class=\"description\">\n<p>Samsung Galaxy Book4 Ultra<\/p>\n<h3 data-start=\"399\" data-end=\"443\">Mobilit\u00e9, confort et hautes performances<\/h3>\n<p data-start=\"445\" data-end=\"789\">Le <strong data-start=\"448\" data-end=\"490\">PC portable Samsung Galaxy Book4 Ultra<\/strong> a tout pour plaire ! Avec son format mince et compact, son \u00e9cran tactile OLED de 16 pouces et ses composants tr\u00e8s performants, il vous offre la puissance, la mobilit\u00e9 et le confort visuel dont vous avez besoin, que ce soit pour les applications graphiques exigeantes ou le divertissement num\u00e9rique.<\/p>\n<section>\n<div class=\"desc-image\">\n<p><img fetchpriority=\"high\" decoding=\"async\" src=\"https:\/\/media.ldlc.com\/bo\/images\/fiches\/pc_portables\/samsung\/galaxy_book4_ultra\/801.jpg\" alt=\"Samsung Galaxy Book4 Ultra 9 185H 32GB 1TB RTX 4070 AMOLED TACTILE\" width=\"800\" height=\"500\" \/><\/p>\n<p>Samsung Galaxy Book4 Ultra 9 185H 32GB 1TB RTX 4070 AMOLED TACTILE<\/p>\n<\/div>\n<div class=\"desc-text\">\n<h2 data-start=\"796\" data-end=\"838\">Alliance de performance et de mobilit\u00e9<\/h2>\n<p data-start=\"840\" data-end=\"1268\"><strong data-start=\"840\" data-end=\"856\">Tout d\u2019abord<\/strong>, le design ultra-mince du Galaxy Book4 Ultra ne compromet en rien ses capacit\u00e9s. <strong data-start=\"938\" data-end=\"950\">En effet<\/strong>, il est \u00e9quip\u00e9 d\u2019un <strong data-start=\"971\" data-end=\"1004\">processeur Intel Core Ultra 9<\/strong> et d\u2019une <strong data-start=\"1014\" data-end=\"1063\">carte graphique NVIDIA GeForce RTX s\u00e9rie 4000<\/strong>, assurant une puissance de traitement impressionnante.<br data-start=\"1118\" data-end=\"1121\" \/><strong data-start=\"1121\" data-end=\"1132\">De plus<\/strong>, son <strong data-start=\"1138\" data-end=\"1152\">SSD rapide<\/strong> et son <strong data-start=\"1160\" data-end=\"1197\">syst\u00e8me de refroidissement avanc\u00e9<\/strong> permettent une gestion fluide des charges de travail les plus lourdes.<\/p>\n<\/div>\n<\/section>\n<section>\n<div class=\"desc-text\">\n<h3 data-start=\"1275\" data-end=\"1317\">\u00c9cran OLED 120 Hz : immersion garantie<\/h3>\n<p data-start=\"1319\" data-end=\"1648\"><strong data-start=\"1319\" data-end=\"1335\">Par ailleurs<\/strong>, l\u2019\u00e9cran OLED tactile de 16 pouces se distingue par sa luminosit\u00e9 \u00e9lev\u00e9e et sa fid\u00e9lit\u00e9 colorim\u00e9trique remarquable. <strong data-start=\"1452\" data-end=\"1463\">Gr\u00e2ce \u00e0<\/strong> son format 16\/10, sa r\u00e9solution de <strong data-start=\"1499\" data-end=\"1514\">2880 x 1800<\/strong> et son <strong data-start=\"1522\" data-end=\"1551\">rafra\u00eechissement \u00e0 120 Hz<\/strong>, l\u2019affichage est fluide, pr\u00e9cis et riche en d\u00e9tails \u2014 id\u00e9al pour les contenus visuels immersifs.<\/p>\n<\/div>\n<div class=\"desc-image\">\n<p><img decoding=\"async\" src=\"https:\/\/media.ldlc.com\/bo\/images\/fiches\/pc_portables\/samsung\/galaxy_book4_ultra\/802.jpg\" alt=\"Samsung Galaxy Book4 Ultra 9 185H 32GB 1TB RTX 4070 AMOLED TACTILE\" width=\"800\" height=\"500\" \/><\/p>\n<p>Samsung Galaxy Book4 Ultra 9 185H 32GB 1TB RTX 4070 AMOLED TACTILE<\/p>\n<\/div>\n<\/section>\n<section>\n<div class=\"desc-image\">\n<p><img decoding=\"async\" src=\"https:\/\/media.ldlc.com\/bo\/images\/fiches\/pc_portables\/samsung\/galaxy_book4_ultra\/803.jpg\" alt=\"Samsung Galaxy Book4 Ultra 9 185H 32GB 1TB RTX 4070 AMOLED TACTILE\" width=\"800\" height=\"500\" \/><\/p>\n<p>Samsung Galaxy Book4 Ultra 9 185H 32GB 1TB RTX 4070 AMOLED TACTILE<\/p>\n<\/div>\n<h2 class=\"desc-text\">Communication claire et immersive<\/h2>\n<p data-start=\"1694\" data-end=\"2127\"><strong data-start=\"1694\" data-end=\"1711\">En compl\u00e9ment<\/strong>, le Galaxy Book4 Ultra excelle aussi dans la communication \u00e0 distance. <strong data-start=\"1783\" data-end=\"1795\">En effet<\/strong>, sa <strong data-start=\"1800\" data-end=\"1818\">cam\u00e9ra Full HD<\/strong>, ses <strong data-start=\"1824\" data-end=\"1881\">quatre haut-parleurs AKG avec technologie Dolby Atmos<\/strong>, ainsi que sa <strong data-start=\"1896\" data-end=\"1939\">r\u00e9duction intelligente du bruit ambiant<\/strong>, garantissent des appels vid\u00e9o d\u2019une qualit\u00e9 sonore et visuelle exceptionnelle.<br data-start=\"2019\" data-end=\"2022\" \/><strong data-start=\"2022\" data-end=\"2039\">Autrement dit<\/strong>, vous profitez d\u2019\u00e9changes naturels, comme si vous \u00e9tiez en face de votre interlocuteur.<\/p>\n<h2 class=\"desc-text\"><strong data-start=\"668\" data-end=\"732\">Caract\u00e9ristiques principales du Samsung Galaxy Book4 Ultra :<\/strong><\/h2>\n<ul data-start=\"734\" data-end=\"998\">\n<li data-start=\"734\" data-end=\"804\">\n<p data-start=\"736\" data-end=\"804\"><strong data-start=\"736\" data-end=\"750\">Processeur<\/strong> : Intel Core Ultra 9 185H (22 threads, cache 24 Mo)<\/p>\n<\/li>\n<li data-start=\"805\" data-end=\"833\">\n<p data-start=\"807\" data-end=\"833\"><strong data-start=\"807\" data-end=\"823\">M\u00e9moire vive<\/strong> : 32 Go<\/p>\n<\/li>\n<li data-start=\"834\" data-end=\"873\">\n<p data-start=\"836\" data-end=\"873\"><strong data-start=\"836\" data-end=\"848\">Stockage<\/strong> : SSD M.2 PCIe de 1 To<\/p>\n<\/li>\n<li data-start=\"874\" data-end=\"948\">\n<p data-start=\"876\" data-end=\"948\"><strong data-start=\"876\" data-end=\"885\">\u00c9cran<\/strong> : OLED tactile 16 pouces (format 16\/10, 2880 x 1800, 120 Hz)<\/p>\n<\/li>\n<li data-start=\"949\" data-end=\"998\">\n<p data-start=\"951\" data-end=\"998\"><strong data-start=\"951\" data-end=\"970\">Carte graphique<\/strong> : NVIDIA GeForce RTX 4070<\/p>\n<\/li>\n<\/ul>\n<p data-start=\"1000\" data-end=\"1020\"><strong data-start=\"1000\" data-end=\"1018\">Connectivit\u00e9 :<\/strong><\/p>\n<ul data-start=\"1021\" data-end=\"1131\">\n<li data-start=\"1021\" data-end=\"1033\">\n<p data-start=\"1023\" data-end=\"1033\">Wi-Fi 6E<\/p>\n<\/li>\n<li data-start=\"1034\" data-end=\"1051\">\n<p data-start=\"1036\" data-end=\"1051\">Bluetooth 5.3<\/p>\n<\/li>\n<li data-start=\"1052\" data-end=\"1085\">\n<p data-start=\"1054\" data-end=\"1085\">2 ports Thunderbolt 4 (USB-C)<\/p>\n<\/li>\n<li data-start=\"1086\" data-end=\"1101\">\n<p data-start=\"1088\" data-end=\"1101\">Sortie HDMI<\/p>\n<\/li>\n<li data-start=\"1102\" data-end=\"1131\">\n<p data-start=\"1104\" data-end=\"1131\">Lecteur de cartes MicroSD<\/p>\n<\/li>\n<\/ul>\n<p data-start=\"1133\" data-end=\"1155\"><strong data-start=\"1133\" data-end=\"1153\">Audio et image :<\/strong><\/p>\n<ul data-start=\"1156\" data-end=\"1224\">\n<li data-start=\"1156\" data-end=\"1203\">\n<p data-start=\"1158\" data-end=\"1203\">4 haut-parleurs AKG compatibles Dolby Atmos<\/p>\n<\/li>\n<li data-start=\"1204\" data-end=\"1224\">\n<p data-start=\"1206\" data-end=\"1224\">Webcam FHD 1080p<\/p>\n<\/li>\n<\/ul>\n<p data-start=\"1226\" data-end=\"1242\"><strong data-start=\"1226\" data-end=\"1240\">S\u00e9curit\u00e9 :<\/strong><\/p>\n<ul data-start=\"1243\" data-end=\"1290\">\n<li data-start=\"1243\" data-end=\"1255\">\n<p data-start=\"1245\" data-end=\"1255\">Puce TPM<\/p>\n<\/li>\n<li data-start=\"1256\" data-end=\"1290\">\n<p data-start=\"1258\" data-end=\"1290\">Lecteur d\u2019empreintes digitales<\/p>\n<\/li>\n<\/ul>\n<p data-start=\"1292\" data-end=\"1322\"><strong data-start=\"1292\" data-end=\"1320\">Syst\u00e8me d\u2019exploitation :<\/strong><\/p>\n<ul data-start=\"1323\" data-end=\"1345\">\n<li data-start=\"1323\" data-end=\"1345\">\n<p data-start=\"1325\" data-end=\"1345\">Windows 11 Famille<\/p>\n<\/li>\n<\/ul>\n<\/section>\n<\/div>\n","protected":false},"excerpt":{"rendered":"<ul>\n<li class=\"ai-optimize-32\">Caract\u00e9ristiques principales :\n<ul>\n<li class=\"ai-optimize-39\"><strong>Processeur Intel Core Ultra 9 185H<\/strong>\u00a0(6 Performance-Cores 3.8 GHz \/ 5.1 GHz Turbo + 8 Efficient-Cores 1.8 GHz \/ 3.8 GHz Turbo + 2 Cores faible consommation \u00e9nerg\u00e9tique &#8211; 22 Threads &#8211; Cache 24 Mo)<\/li>\n<li class=\"ai-optimize-40\">32 Go de m\u00e9moire<\/li>\n<li class=\"ai-optimize-41\"><strong>\u00c9cran tactile OLED\u00a0de 16 pouces<\/strong>\u00a0au format 16\/10 avec r\u00e9solution de 2880 x 1800 et\u00a0<strong>fr\u00e9quence de 120 Hz<\/strong><\/li>\n<li class=\"ai-optimize-42\">Sortie HDMI, pour la connexion \u00e0 un \u00e9cran externe<\/li>\n<li class=\"ai-optimize-43\">Puce graphique NVIDIA GeForce RTX 4070<\/li>\n<li class=\"ai-optimize-44\"><strong>SSD M.2 PCIe de 1 To<\/strong><\/li>\n<li class=\"ai-optimize-45\">Communication sans fil\u00a0<strong>Wi-Fi 6E<\/strong>\u00a0+\u00a0<strong>Bluetooth 5.3<\/strong><\/li>\n<li class=\"ai-optimize-46\">2 connecteurs Thunderbolt 4 (USB-C)<\/li>\n<li class=\"ai-optimize-47\">Lecteur de cartes m\u00e9moire MicroSD int\u00e9gr\u00e9<\/li>\n<li class=\"ai-optimize-48\">Webcam FHD 1080p int\u00e9gr\u00e9e<\/li>\n<li class=\"ai-optimize-49\">4 haut-parleurs AKG int\u00e9gr\u00e9s avec technologie Dolby Atmos<\/li>\n<li class=\"ai-optimize-50\">S\u00e9curit\u00e9 : Puce TPM et lecteur d&#8217;empreinte digitale<\/li>\n<li class=\"ai-optimize-51\"><strong>Windows 11 Famille<\/strong><\/li>\n<li class=\"ai-optimize-52\">New box<\/li>\n<\/ul>\n<\/li>\n<\/ul>\n","protected":false},"featured_media":1016551,"template":"","meta":{"_acf_changed":false},"pwb-brand":[],"product_brand":[],"product_cat":[122,121,126],"product_tag":[219,220,550,221,551],"pcb_component_type":[],"class_list":{"0":"post-16546","1":"product","2":"type-product","3":"status-publish","4":"has-post-thumbnail","6":"product_cat-gaming","7":"product_cat-pc-portable","8":"product_cat-professional","9":"product_tag-1tb","10":"product_tag-amoled","11":"product_tag-samsung-galaxy-book4-ultra","12":"product_tag-samsung","13":"product_tag-ultra-9-185h","15":"first","16":"outofstock","17":"shipping-taxable","18":"product-type-simple"},"translation":{"provider":"WPGlobus","version":"3.0.2","language":"es","enabled_languages":["en","es","de","fr","ru"],"languages":{"en":{"title":true,"content":true,"excerpt":true},"es":{"title":false,"content":false,"excerpt":false},"de":{"title":false,"content":false,"excerpt":false},"fr":{"title":false,"content":false,"excerpt":false},"ru":{"title":false,"content":false,"excerpt":false}}},"acf":[],"yoast_head":"<!-- This site is optimized with the Yoast SEO plugin v27.2 - https:\/\/yoast.com\/product\/yoast-seo-wordpress\/ -->\n<title>Samsung Galaxy Book4 Ultra 16&#039;&#039;WQXGA+ AMOLED Gris ULTRA 9 185H 32GB 1TB RTX 4070 New - Osaka<\/title>\n<meta name=\"robots\" content=\"index, follow, max-snippet:-1, max-image-preview:large, max-video-preview:-1\" \/>\n<link rel=\"canonical\" href=\"https:\/\/osaka.ma\/product\/samsung-galaxy-book4-ultra-16wqxga-amoled-gris-ultra-9-185h-32gb-1tb-rtx-4070-new\/\" \/>\n<meta property=\"og:locale\" content=\"es_ES\" \/>\n<meta property=\"og:type\" content=\"article\" \/>\n<meta property=\"og:title\" content=\"Samsung Galaxy Book4 Ultra 16&#039;&#039;WQXGA+ AMOLED Gris ULTRA 9 185H 32GB 1TB RTX 4070 New - Osaka\" \/>\n<meta property=\"og:url\" content=\"https:\/\/osaka.ma\/product\/samsung-galaxy-book4-ultra-16wqxga-amoled-gris-ultra-9-185h-32gb-1tb-rtx-4070-new\/\" \/>\n<meta property=\"og:site_name\" content=\"Osaka\" \/>\n<meta property=\"article:modified_time\" content=\"2025-07-19T12:21:58+00:00\" \/>\n<meta property=\"og:image\" content=\"https:\/\/osaka.ma\/wp-content\/uploads\/2025\/06\/Samsung-Galaxy-Book4-Ultra-9-185H-32GB-1TB-RTX-4070-AMOLED-TACTILE.jpg\" \/>\n\t<meta property=\"og:image:width\" content=\"1600\" \/>\n\t<meta property=\"og:image:height\" content=\"1600\" \/>\n\t<meta property=\"og:image:type\" content=\"image\/jpeg\" \/>\n<meta name=\"twitter:card\" content=\"summary_large_image\" \/>\n<meta name=\"twitter:label1\" content=\"Est. reading time\" \/>\n\t<meta name=\"twitter:data1\" content=\"4 minutes\" \/>\n<script type=\"application\/ld+json\" class=\"yoast-schema-graph\">{\"@context\":\"https:\/\/schema.org\",\"@graph\":[{\"@type\":\"WebPage\",\"@id\":\"https:\/\/osaka.ma\/product\/samsung-galaxy-book4-ultra-16wqxga-amoled-gris-ultra-9-185h-32gb-1tb-rtx-4070-new\/\",\"url\":\"https:\/\/osaka.ma\/product\/samsung-galaxy-book4-ultra-16wqxga-amoled-gris-ultra-9-185h-32gb-1tb-rtx-4070-new\/\",\"name\":\"Samsung Galaxy Book4 Ultra 16''WQXGA+ AMOLED Gris ULTRA 9 185H 32GB 1TB RTX 4070 New - Osaka\",\"isPartOf\":{\"@id\":\"https:\/\/osaka.ma\/#website\"},\"primaryImageOfPage\":{\"@id\":\"https:\/\/osaka.ma\/product\/samsung-galaxy-book4-ultra-16wqxga-amoled-gris-ultra-9-185h-32gb-1tb-rtx-4070-new\/#primaryimage\"},\"image\":{\"@id\":\"https:\/\/osaka.ma\/product\/samsung-galaxy-book4-ultra-16wqxga-amoled-gris-ultra-9-185h-32gb-1tb-rtx-4070-new\/#primaryimage\"},\"thumbnailUrl\":\"https:\/\/osaka.ma\/wp-content\/uploads\/2025\/06\/Samsung-Galaxy-Book4-Ultra-9-185H-32GB-1TB-RTX-4070-AMOLED-TACTILE.jpg\",\"datePublished\":\"2025-06-15T23:14:31+00:00\",\"dateModified\":\"2025-07-19T12:21:58+00:00\",\"breadcrumb\":{\"@id\":\"https:\/\/osaka.ma\/product\/samsung-galaxy-book4-ultra-16wqxga-amoled-gris-ultra-9-185h-32gb-1tb-rtx-4070-new\/#breadcrumb\"},\"inLanguage\":\"es-ES\",\"potentialAction\":[{\"@type\":\"ReadAction\",\"target\":[\"https:\/\/osaka.ma\/product\/samsung-galaxy-book4-ultra-16wqxga-amoled-gris-ultra-9-185h-32gb-1tb-rtx-4070-new\/\"]}]},{\"@type\":\"ImageObject\",\"inLanguage\":\"es-ES\",\"@id\":\"https:\/\/osaka.ma\/product\/samsung-galaxy-book4-ultra-16wqxga-amoled-gris-ultra-9-185h-32gb-1tb-rtx-4070-new\/#primaryimage\",\"url\":\"https:\/\/osaka.ma\/wp-content\/uploads\/2025\/06\/Samsung-Galaxy-Book4-Ultra-9-185H-32GB-1TB-RTX-4070-AMOLED-TACTILE.jpg\",\"contentUrl\":\"https:\/\/osaka.ma\/wp-content\/uploads\/2025\/06\/Samsung-Galaxy-Book4-Ultra-9-185H-32GB-1TB-RTX-4070-AMOLED-TACTILE.jpg\",\"width\":1600,\"height\":1600,\"caption\":\"Samsung Galaxy Book4 Ultra 9 185H 32GB 1TB RTX 4070 AMOLED TACTILE\"},{\"@type\":\"BreadcrumbList\",\"@id\":\"https:\/\/osaka.ma\/product\/samsung-galaxy-book4-ultra-16wqxga-amoled-gris-ultra-9-185h-32gb-1tb-rtx-4070-new\/#breadcrumb\",\"itemListElement\":[{\"@type\":\"ListItem\",\"position\":1,\"name\":\"Home\",\"item\":\"https:\/\/osaka.ma\/\"},{\"@type\":\"ListItem\",\"position\":2,\"name\":\"Shop\",\"item\":\"https:\/\/osaka.ma\/shop-2\/\"},{\"@type\":\"ListItem\",\"position\":3,\"name\":\"Samsung Galaxy Book4 Ultra 16&#8221;WQXGA+ AMOLED Gris ULTRA 9 185H 32GB 1TB RTX 4070 New\"}]},{\"@type\":\"WebSite\",\"@id\":\"https:\/\/osaka.ma\/#website\",\"url\":\"https:\/\/osaka.ma\/\",\"name\":\"Osaka\",\"description\":\"\",\"publisher\":{\"@id\":\"https:\/\/osaka.ma\/#organization\"},\"potentialAction\":[{\"@type\":\"SearchAction\",\"target\":{\"@type\":\"EntryPoint\",\"urlTemplate\":\"https:\/\/osaka.ma\/?s={search_term_string}\"},\"query-input\":{\"@type\":\"PropertyValueSpecification\",\"valueRequired\":true,\"valueName\":\"search_term_string\"}}],\"inLanguage\":\"es-ES\"},{\"@type\":\"Organization\",\"@id\":\"https:\/\/osaka.ma\/#organization\",\"name\":\"Osaka\",\"url\":\"https:\/\/osaka.ma\/\",\"logo\":{\"@type\":\"ImageObject\",\"inLanguage\":\"es-ES\",\"@id\":\"https:\/\/osaka.ma\/#\/schema\/logo\/image\/\",\"url\":\"https:\/\/osaka.ma\/wp-content\/uploads\/2026\/01\/model-slogan-logo-2Plan-de-travail-1dksl-plus-finnn.png\",\"contentUrl\":\"https:\/\/osaka.ma\/wp-content\/uploads\/2026\/01\/model-slogan-logo-2Plan-de-travail-1dksl-plus-finnn.png\",\"width\":842,\"height\":226,\"caption\":\"Osaka\"},\"image\":{\"@id\":\"https:\/\/osaka.ma\/#\/schema\/logo\/image\/\"}}]}<\/script>\n<!-- \/ Yoast SEO plugin. -->","yoast_head_json":{"title":"Samsung Galaxy Book4 Ultra 16''WQXGA+ AMOLED Gris ULTRA 9 185H 32GB 1TB RTX 4070 New - Osaka","robots":{"index":"index","follow":"follow","max-snippet":"max-snippet:-1","max-image-preview":"max-image-preview:large","max-video-preview":"max-video-preview:-1"},"canonical":"https:\/\/osaka.ma\/product\/samsung-galaxy-book4-ultra-16wqxga-amoled-gris-ultra-9-185h-32gb-1tb-rtx-4070-new\/","og_locale":"es_ES","og_type":"article","og_title":"Samsung Galaxy Book4 Ultra 16''WQXGA+ AMOLED Gris ULTRA 9 185H 32GB 1TB RTX 4070 New - Osaka","og_url":"https:\/\/osaka.ma\/product\/samsung-galaxy-book4-ultra-16wqxga-amoled-gris-ultra-9-185h-32gb-1tb-rtx-4070-new\/","og_site_name":"Osaka","article_modified_time":"2025-07-19T12:21:58+00:00","og_image":[{"width":1600,"height":1600,"url":"https:\/\/osaka.ma\/wp-content\/uploads\/2025\/06\/Samsung-Galaxy-Book4-Ultra-9-185H-32GB-1TB-RTX-4070-AMOLED-TACTILE.jpg","type":"image\/jpeg"}],"twitter_card":"summary_large_image","twitter_misc":{"Est. reading time":"4 minutes"},"schema":{"@context":"https:\/\/schema.org","@graph":[{"@type":"WebPage","@id":"https:\/\/osaka.ma\/product\/samsung-galaxy-book4-ultra-16wqxga-amoled-gris-ultra-9-185h-32gb-1tb-rtx-4070-new\/","url":"https:\/\/osaka.ma\/product\/samsung-galaxy-book4-ultra-16wqxga-amoled-gris-ultra-9-185h-32gb-1tb-rtx-4070-new\/","name":"Samsung Galaxy Book4 Ultra 16''WQXGA+ AMOLED Gris ULTRA 9 185H 32GB 1TB RTX 4070 New - Osaka","isPartOf":{"@id":"https:\/\/osaka.ma\/#website"},"primaryImageOfPage":{"@id":"https:\/\/osaka.ma\/product\/samsung-galaxy-book4-ultra-16wqxga-amoled-gris-ultra-9-185h-32gb-1tb-rtx-4070-new\/#primaryimage"},"image":{"@id":"https:\/\/osaka.ma\/product\/samsung-galaxy-book4-ultra-16wqxga-amoled-gris-ultra-9-185h-32gb-1tb-rtx-4070-new\/#primaryimage"},"thumbnailUrl":"https:\/\/osaka.ma\/wp-content\/uploads\/2025\/06\/Samsung-Galaxy-Book4-Ultra-9-185H-32GB-1TB-RTX-4070-AMOLED-TACTILE.jpg","datePublished":"2025-06-15T23:14:31+00:00","dateModified":"2025-07-19T12:21:58+00:00","breadcrumb":{"@id":"https:\/\/osaka.ma\/product\/samsung-galaxy-book4-ultra-16wqxga-amoled-gris-ultra-9-185h-32gb-1tb-rtx-4070-new\/#breadcrumb"},"inLanguage":"es-ES","potentialAction":[{"@type":"ReadAction","target":["https:\/\/osaka.ma\/product\/samsung-galaxy-book4-ultra-16wqxga-amoled-gris-ultra-9-185h-32gb-1tb-rtx-4070-new\/"]}]},{"@type":"ImageObject","inLanguage":"es-ES","@id":"https:\/\/osaka.ma\/product\/samsung-galaxy-book4-ultra-16wqxga-amoled-gris-ultra-9-185h-32gb-1tb-rtx-4070-new\/#primaryimage","url":"https:\/\/osaka.ma\/wp-content\/uploads\/2025\/06\/Samsung-Galaxy-Book4-Ultra-9-185H-32GB-1TB-RTX-4070-AMOLED-TACTILE.jpg","contentUrl":"https:\/\/osaka.ma\/wp-content\/uploads\/2025\/06\/Samsung-Galaxy-Book4-Ultra-9-185H-32GB-1TB-RTX-4070-AMOLED-TACTILE.jpg","width":1600,"height":1600,"caption":"Samsung Galaxy Book4 Ultra 9 185H 32GB 1TB RTX 4070 AMOLED TACTILE"},{"@type":"BreadcrumbList","@id":"https:\/\/osaka.ma\/product\/samsung-galaxy-book4-ultra-16wqxga-amoled-gris-ultra-9-185h-32gb-1tb-rtx-4070-new\/#breadcrumb","itemListElement":[{"@type":"ListItem","position":1,"name":"Home","item":"https:\/\/osaka.ma\/"},{"@type":"ListItem","position":2,"name":"Shop","item":"https:\/\/osaka.ma\/shop-2\/"},{"@type":"ListItem","position":3,"name":"Samsung Galaxy Book4 Ultra 16&#8221;WQXGA+ AMOLED Gris ULTRA 9 185H 32GB 1TB RTX 4070 New"}]},{"@type":"WebSite","@id":"https:\/\/osaka.ma\/#website","url":"https:\/\/osaka.ma\/","name":"Osaka","description":"","publisher":{"@id":"https:\/\/osaka.ma\/#organization"},"potentialAction":[{"@type":"SearchAction","target":{"@type":"EntryPoint","urlTemplate":"https:\/\/osaka.ma\/?s={search_term_string}"},"query-input":{"@type":"PropertyValueSpecification","valueRequired":true,"valueName":"search_term_string"}}],"inLanguage":"es-ES"},{"@type":"Organization","@id":"https:\/\/osaka.ma\/#organization","name":"Osaka","url":"https:\/\/osaka.ma\/","logo":{"@type":"ImageObject","inLanguage":"es-ES","@id":"https:\/\/osaka.ma\/#\/schema\/logo\/image\/","url":"https:\/\/osaka.ma\/wp-content\/uploads\/2026\/01\/model-slogan-logo-2Plan-de-travail-1dksl-plus-finnn.png","contentUrl":"https:\/\/osaka.ma\/wp-content\/uploads\/2026\/01\/model-slogan-logo-2Plan-de-travail-1dksl-plus-finnn.png","width":842,"height":226,"caption":"Osaka"},"image":{"@id":"https:\/\/osaka.ma\/#\/schema\/logo\/image\/"}}]}},"jetpack_sharing_enabled":true,"brands":[],"_links":{"self":[{"href":"https:\/\/osaka.ma\/es\/wp-json\/wp\/v2\/product\/16546","targetHints":{"allow":["GET"]}}],"collection":[{"href":"https:\/\/osaka.ma\/es\/wp-json\/wp\/v2\/product"}],"about":[{"href":"https:\/\/osaka.ma\/es\/wp-json\/wp\/v2\/types\/product"}],"version-history":[{"count":0,"href":"https:\/\/osaka.ma\/es\/wp-json\/wp\/v2\/product\/16546\/revisions"}],"wp:featuredmedia":[{"embeddable":true,"href":"https:\/\/osaka.ma\/es\/wp-json\/wp\/v2\/media\/1016551"}],"wp:attachment":[{"href":"https:\/\/osaka.ma\/es\/wp-json\/wp\/v2\/media?parent=16546"}],"wp:term":[{"taxonomy":"pwb-brand","embeddable":true,"href":"https:\/\/osaka.ma\/es\/wp-json\/wp\/v2\/pwb-brand?post=16546"},{"taxonomy":"product_brand","embeddable":true,"href":"https:\/\/osaka.ma\/es\/wp-json\/wp\/v2\/product_brand?post=16546"},{"taxonomy":"product_cat","embeddable":true,"href":"https:\/\/osaka.ma\/es\/wp-json\/wp\/v2\/product_cat?post=16546"},{"taxonomy":"product_tag","embeddable":true,"href":"https:\/\/osaka.ma\/es\/wp-json\/wp\/v2\/product_tag?post=16546"},{"taxonomy":"pcb_component_type","embeddable":true,"href":"https:\/\/osaka.ma\/es\/wp-json\/wp\/v2\/pcb_component_type?post=16546"}],"curies":[{"name":"wp","href":"https:\/\/api.w.org\/{rel}","templated":true}]}}