{"id":16676,"date":"2025-07-02T12:06:55","date_gmt":"2025-07-02T12:06:55","guid":{"rendered":"https:\/\/osaka.ma\/?post_type=product&#038;p=16676"},"modified":"2025-08-08T12:07:48","modified_gmt":"2025-08-08T11:07:48","slug":"asus-tuf-gaming-a15-ryzen-9-7940hs-rtx-4070-8gb-32gb-ddr5-1tb-ssd-fhd-144hz-comme-neuf","status":"publish","type":"product","link":"https:\/\/osaka.ma\/es\/product\/asus-tuf-gaming-a15-ryzen-9-7940hs-rtx-4070-8gb-32gb-ddr5-1tb-ssd-fhd-144hz-comme-neuf\/","title":{"rendered":"ASUS TUF Gaming A15 | Ryzen 9 7940HS | RTX 4070 8GB | 32GB DDR5 | 1TB SSD | FHD 144Hz | Comme Neuf"},"content":{"rendered":"<div class=\"logo\"><img decoding=\"async\" class=\"aligncenter\" src=\"https:\/\/media.ldlc.com\/v3\/marque\/bo\/00\/05\/62\/42\/V30005624251_2.jpg\" alt=\"ASUS\" \/><\/div>\n<div id=\"description\" class=\"description\">\n<div class=\"details-pdt-desc\">\n<h2 class=\"h2-master\">Performance et confort de jeu !<\/h2>\n<section>Le PC portable <strong>ASUS TUF<\/strong> <strong>Gaming A15<\/strong> allie durabilit\u00e9 et puissance. Il embarque un processeur <strong>AMD Ryzen 9 7940HS<\/strong>, <strong>32 Go<\/strong> de m\u00e9moire DDR5, un SSD M.2 PCIe 4.0 de<strong> 1 To<\/strong> et une carte graphique NVIDIA GeForce <strong>RTX 4070<\/strong>, pour des performances rapides et fluides.<\/section>\n<section>\n<div class=\"desc-image\"><img decoding=\"async\" src=\"https:\/\/media.ldlc.com\/bo\/images\/fiches\/pc_portables\/asus\/fa707nu\/800_1.jpg\" alt=\"\" \/><\/div>\n<div class=\"desc-text\">\n<h2>TUF : The Ultimate Force<\/h2>\n<p>Le TUF Gaming A15 d\u00e9livre d\u2019excellentes performances pour le jeu et le streaming. Gr\u00e2ce au Ryzen 9 s\u00e9rie 7000, il offre une puissance constante. De plus, la RTX 4070 assure une fluidit\u00e9 parfaite, tandis que le SSD PCIe 4.0 acc\u00e9l\u00e8re tous les chargements.<\/p>\n<\/div>\n<\/section>\n<section>\n<div class=\"desc-text\">\n<h2>Clavier Gamer r\u00e9tro\u00e9clair\u00e9<\/h2>\n<p>Le clavier, similaire \u00e0 celui d\u2019un PC de bureau gaming, offre d\u2019abord un excellent confort de jeu. Ensuite, son r\u00e9tro\u00e9clairage multicouleur personnalisable met en valeur les touches ZQSD pour un rep\u00e9rage plus rapide. De plus, la technologie Overstroke am\u00e9liore la r\u00e9activit\u00e9 des touches, tandis que le N-Key Rollover enregistre chaque frappe avec pr\u00e9cision, m\u00eame en pleine action. Enfin, chaque touche est con\u00e7ue pour r\u00e9sister \u00e0 plus de 20 millions de frappes, assurant ainsi durabilit\u00e9 et fiabilit\u00e9 sur le long terme.<\/p>\n<\/div>\n<div class=\"desc-image\"><img decoding=\"async\" src=\"https:\/\/media.ldlc.com\/bo\/images\/fiches\/pc_portables\/asus\/fa707nu\/800_2.jpg\" alt=\"\" \/><\/div>\n<\/section>\n<section>\n<div class=\"desc-image\"><img decoding=\"async\" src=\"https:\/\/media.ldlc.com\/bo\/images\/fiches\/pc_portables\/asus\/fa707nu\/800_3.jpg\" alt=\"\" \/><\/div>\n<div class=\"desc-text\">\n<h2>Refroidissement efficace<\/h2>\n<p>Le TUF Gaming A15 int\u00e8gre un syst\u00e8me de refroidissement complet. Gr\u00e2ce aux caloducs et radiateurs, la chaleur des composants est rapidement \u00e9vacu\u00e9e. De plus, les ventilateurs Arc Flow, compos\u00e9s de 84 pales aux bases vari\u00e9es, am\u00e9liorent la circulation d\u2019air. Ainsi, le PC reste performant tout en limitant le bruit, m\u00eame lors de longues sessions de jeu.<\/p>\n<\/div>\n<\/section>\n<section class=\"list\">\n<h2>Caract\u00e9ristiques principales :<\/h2>\n<ul>\n<li><strong>Processeur AMD Ryzen 9 7940HS<\/strong>\u00a0(Octo-Core 4 GHz \/ 5.2 GHz Turbo &#8211; 16 Threads &#8211; Cache 16 Mo)<\/li>\n<li>32 Go de m\u00e9moire DDR5 4800 MHz (2 x 16 Go &#8211; 2 slots )<\/li>\n<li>\u00c9cran de 15.6 pouces avec<strong> r\u00e9solution FHD<\/strong>\u00a0et<strong> fr\u00e9quence de 144 Hz<\/strong><\/li>\n<li>Puce graphique\u00a0<strong>NVIDIA GeForce RTX 4070\u00a0<\/strong>avec 8 Go de m\u00e9moire GDDR6<\/li>\n<li><strong>Switch MUX<\/strong>\u00a0int\u00e9gr\u00e9, pour passer \u00e0 un mode GPU Direct vers l&#8217;affichage et r\u00e9duire la latence<\/li>\n<li><strong>SSD M.2 2230 PCIe de 1 To<\/strong>\u00a0+ 1 slot M.2 2230 PCIe libre<\/li>\n<li>Communication sans fil\u00a0<strong>Wi-Fi 6<\/strong>\u00a0+\u00a0<strong>Bluetooth 5.2<\/strong><\/li>\n<li>Clavier <strong>QWERTY<\/strong> \u00e0 touches r\u00e9tro\u00e9clair\u00e9es RGB<\/li>\n<li>2 haut-parleurs avec technologie Dolby Atmos<\/li>\n<li>Syst\u00e8me de refroidissement performant<\/li>\n<li>Webcam HD 720p<\/li>\n<li><strong>Windows 11 Famille<\/strong><\/li>\n<li><strong>Comme Neuf<\/strong> &#8211; ( Utilis\u00e9 73 Jours )<\/li>\n<\/ul>\n<\/section>\n<\/div>\n<\/div>\n","protected":false},"excerpt":{"rendered":"<p>Con\u00e7u pour les joueurs exigeants, le ASUS TUF Gaming A15 allie puissance, fluidit\u00e9 et robustesse. Id\u00e9al pour le gaming intensif comme pour le multit\u00e2che quotidien, il assure une exp\u00e9rience r\u00e9active et durable.<\/p>\n<h5>Caract\u00e9ristiques principales :<\/h5>\n<ul>\n<li><strong>Processeur AMD Ryzen 9 7940HS<\/strong><\/li>\n<li><strong>32 Go<\/strong> de m\u00e9moire DDR5 4800 MHz<\/li>\n<li>\u00c9cran de 15.6 pouces avec<strong> r\u00e9solution FHD<\/strong>\u00a0et<strong> fr\u00e9quence de 144 Hz<\/strong><\/li>\n<li>\u00a0<strong>NVIDIA GeForce RTX 4070\u00a0<\/strong>avec 8 Go de m\u00e9moire GDDR6<\/li>\n<li><strong>SSD M.2 2230 PCIe de 1 To<\/strong><\/li>\n<li>Communication sans fil\u00a0<strong>Wi-Fi 6<\/strong>\u00a0+\u00a0<strong>Bluetooth 5.2<\/strong><\/li>\n<li>Clavier <strong>QWERTY<\/strong> \u00e0 touches r\u00e9tro\u00e9clair\u00e9es <strong>RGB<\/strong><\/li>\n<li><strong>Windows 11 Famille<\/strong><\/li>\n<li><strong>Comme Neuf<\/strong> &#8211; ( Utilis\u00e9 73 Jours )<\/li>\n<\/ul>\n","protected":false},"featured_media":1016677,"template":"","meta":{"_acf_changed":false},"pwb-brand":[],"product_brand":[],"product_cat":[122,121],"product_tag":[],"pcb_component_type":[],"class_list":{"0":"post-16676","1":"product","2":"type-product","3":"status-publish","4":"has-post-thumbnail","6":"product_cat-gaming","7":"product_cat-pc-portable","9":"first","10":"outofstock","11":"shipping-taxable","12":"product-type-simple"},"translation":{"provider":"WPGlobus","version":"3.0.2","language":"es","enabled_languages":["en","es","de","fr","ru"],"languages":{"en":{"title":true,"content":true,"excerpt":true},"es":{"title":false,"content":false,"excerpt":false},"de":{"title":false,"content":false,"excerpt":false},"fr":{"title":false,"content":false,"excerpt":false},"ru":{"title":false,"content":false,"excerpt":false}}},"acf":[],"yoast_head":"<!-- This site is optimized with the Yoast SEO plugin v27.2 - https:\/\/yoast.com\/product\/yoast-seo-wordpress\/ -->\n<title>ASUS TUF GAMING A15: Power and Durability Combined - Osaka<\/title>\n<meta name=\"robots\" content=\"index, follow, max-snippet:-1, max-image-preview:large, max-video-preview:-1\" \/>\n<link rel=\"canonical\" href=\"https:\/\/osaka.ma\/product\/asus-tuf-gaming-a15-ryzen-9-7940hs-rtx-4070-8gb-32gb-ddr5-1tb-ssd-fhd-144hz-comme-neuf\/\" \/>\n<meta property=\"og:locale\" content=\"es_ES\" \/>\n<meta property=\"og:type\" content=\"article\" \/>\n<meta property=\"og:title\" content=\"ASUS TUF Gaming A15 | Ryzen 9 7940HS | RTX 4070 8GB | 32GB DDR5 | 1TB SSD | FHD 144Hz | Comme Neuf - Osaka\" \/>\n<meta property=\"og:url\" content=\"https:\/\/osaka.ma\/product\/asus-tuf-gaming-a15-ryzen-9-7940hs-rtx-4070-8gb-32gb-ddr5-1tb-ssd-fhd-144hz-comme-neuf\/\" \/>\n<meta property=\"og:site_name\" content=\"Osaka\" \/>\n<meta property=\"article:modified_time\" content=\"2025-08-08T11:07:48+00:00\" \/>\n<meta property=\"og:image\" content=\"https:\/\/osaka.ma\/wp-content\/uploads\/2025\/07\/ASUS-TUF-Gaming-A15-1.jpg\" \/>\n\t<meta property=\"og:image:width\" content=\"1600\" \/>\n\t<meta property=\"og:image:height\" content=\"1600\" \/>\n\t<meta property=\"og:image:type\" content=\"image\/jpeg\" \/>\n<meta name=\"twitter:card\" content=\"summary_large_image\" \/>\n<meta name=\"twitter:label1\" content=\"Est. reading time\" \/>\n\t<meta name=\"twitter:data1\" content=\"5 minutes\" \/>\n<script type=\"application\/ld+json\" class=\"yoast-schema-graph\">{\"@context\":\"https:\/\/schema.org\",\"@graph\":[{\"@type\":\"WebPage\",\"@id\":\"https:\/\/osaka.ma\/product\/asus-tuf-gaming-a15-ryzen-9-7940hs-rtx-4070-8gb-32gb-ddr5-1tb-ssd-fhd-144hz-comme-neuf\/\",\"url\":\"https:\/\/osaka.ma\/product\/asus-tuf-gaming-a15-ryzen-9-7940hs-rtx-4070-8gb-32gb-ddr5-1tb-ssd-fhd-144hz-comme-neuf\/\",\"name\":\"ASUS TUF GAMING A15: Power and Durability Combined - Osaka\",\"isPartOf\":{\"@id\":\"https:\/\/osaka.ma\/#website\"},\"primaryImageOfPage\":{\"@id\":\"https:\/\/osaka.ma\/product\/asus-tuf-gaming-a15-ryzen-9-7940hs-rtx-4070-8gb-32gb-ddr5-1tb-ssd-fhd-144hz-comme-neuf\/#primaryimage\"},\"image\":{\"@id\":\"https:\/\/osaka.ma\/product\/asus-tuf-gaming-a15-ryzen-9-7940hs-rtx-4070-8gb-32gb-ddr5-1tb-ssd-fhd-144hz-comme-neuf\/#primaryimage\"},\"thumbnailUrl\":\"https:\/\/osaka.ma\/wp-content\/uploads\/2025\/07\/ASUS-TUF-Gaming-A15-1.jpg\",\"datePublished\":\"2025-07-02T12:06:55+00:00\",\"dateModified\":\"2025-08-08T11:07:48+00:00\",\"description\":\"Experience unbeatable performance with the ASUS TUF Gaming A15, designed for gaming and multitasking. Get your powerful machine today!\",\"breadcrumb\":{\"@id\":\"https:\/\/osaka.ma\/product\/asus-tuf-gaming-a15-ryzen-9-7940hs-rtx-4070-8gb-32gb-ddr5-1tb-ssd-fhd-144hz-comme-neuf\/#breadcrumb\"},\"inLanguage\":\"es-ES\",\"potentialAction\":[{\"@type\":\"ReadAction\",\"target\":[\"https:\/\/osaka.ma\/product\/asus-tuf-gaming-a15-ryzen-9-7940hs-rtx-4070-8gb-32gb-ddr5-1tb-ssd-fhd-144hz-comme-neuf\/\"]}]},{\"@type\":\"ImageObject\",\"inLanguage\":\"es-ES\",\"@id\":\"https:\/\/osaka.ma\/product\/asus-tuf-gaming-a15-ryzen-9-7940hs-rtx-4070-8gb-32gb-ddr5-1tb-ssd-fhd-144hz-comme-neuf\/#primaryimage\",\"url\":\"https:\/\/osaka.ma\/wp-content\/uploads\/2025\/07\/ASUS-TUF-Gaming-A15-1.jpg\",\"contentUrl\":\"https:\/\/osaka.ma\/wp-content\/uploads\/2025\/07\/ASUS-TUF-Gaming-A15-1.jpg\",\"width\":1600,\"height\":1600,\"caption\":\"ASUS TUF Gaming A15 | Ryzen 9 7940HS | RTX 4070 8GB | 32GB DDR5 | 1TB SSD | FHD 144Hz | RGB | Windows 11\"},{\"@type\":\"BreadcrumbList\",\"@id\":\"https:\/\/osaka.ma\/product\/asus-tuf-gaming-a15-ryzen-9-7940hs-rtx-4070-8gb-32gb-ddr5-1tb-ssd-fhd-144hz-comme-neuf\/#breadcrumb\",\"itemListElement\":[{\"@type\":\"ListItem\",\"position\":1,\"name\":\"Home\",\"item\":\"https:\/\/osaka.ma\/\"},{\"@type\":\"ListItem\",\"position\":2,\"name\":\"Shop\",\"item\":\"https:\/\/osaka.ma\/shop-2\/\"},{\"@type\":\"ListItem\",\"position\":3,\"name\":\"ASUS TUF Gaming A15 | Ryzen 9 7940HS | RTX 4070 8GB | 32GB DDR5 | 1TB SSD | FHD 144Hz | Comme Neuf\"}]},{\"@type\":\"WebSite\",\"@id\":\"https:\/\/osaka.ma\/#website\",\"url\":\"https:\/\/osaka.ma\/\",\"name\":\"Osaka\",\"description\":\"\",\"publisher\":{\"@id\":\"https:\/\/osaka.ma\/#organization\"},\"potentialAction\":[{\"@type\":\"SearchAction\",\"target\":{\"@type\":\"EntryPoint\",\"urlTemplate\":\"https:\/\/osaka.ma\/?s={search_term_string}\"},\"query-input\":{\"@type\":\"PropertyValueSpecification\",\"valueRequired\":true,\"valueName\":\"search_term_string\"}}],\"inLanguage\":\"es-ES\"},{\"@type\":\"Organization\",\"@id\":\"https:\/\/osaka.ma\/#organization\",\"name\":\"Osaka\",\"url\":\"https:\/\/osaka.ma\/\",\"logo\":{\"@type\":\"ImageObject\",\"inLanguage\":\"es-ES\",\"@id\":\"https:\/\/osaka.ma\/#\/schema\/logo\/image\/\",\"url\":\"https:\/\/osaka.ma\/wp-content\/uploads\/2026\/01\/model-slogan-logo-2Plan-de-travail-1dksl-plus-finnn.png\",\"contentUrl\":\"https:\/\/osaka.ma\/wp-content\/uploads\/2026\/01\/model-slogan-logo-2Plan-de-travail-1dksl-plus-finnn.png\",\"width\":842,\"height\":226,\"caption\":\"Osaka\"},\"image\":{\"@id\":\"https:\/\/osaka.ma\/#\/schema\/logo\/image\/\"}}]}<\/script>\n<!-- \/ Yoast SEO plugin. -->","yoast_head_json":{"title":"ASUS TUF GAMING A15: Power and Durability Combined - Osaka","robots":{"index":"index","follow":"follow","max-snippet":"max-snippet:-1","max-image-preview":"max-image-preview:large","max-video-preview":"max-video-preview:-1"},"canonical":"https:\/\/osaka.ma\/product\/asus-tuf-gaming-a15-ryzen-9-7940hs-rtx-4070-8gb-32gb-ddr5-1tb-ssd-fhd-144hz-comme-neuf\/","og_locale":"es_ES","og_type":"article","og_title":"ASUS TUF Gaming A15 | Ryzen 9 7940HS | RTX 4070 8GB | 32GB DDR5 | 1TB SSD | FHD 144Hz | Comme Neuf - Osaka","og_url":"https:\/\/osaka.ma\/product\/asus-tuf-gaming-a15-ryzen-9-7940hs-rtx-4070-8gb-32gb-ddr5-1tb-ssd-fhd-144hz-comme-neuf\/","og_site_name":"Osaka","article_modified_time":"2025-08-08T11:07:48+00:00","og_image":[{"width":1600,"height":1600,"url":"https:\/\/osaka.ma\/wp-content\/uploads\/2025\/07\/ASUS-TUF-Gaming-A15-1.jpg","type":"image\/jpeg"}],"twitter_card":"summary_large_image","twitter_misc":{"Est. reading time":"5 minutes"},"schema":{"@context":"https:\/\/schema.org","@graph":[{"@type":"WebPage","@id":"https:\/\/osaka.ma\/product\/asus-tuf-gaming-a15-ryzen-9-7940hs-rtx-4070-8gb-32gb-ddr5-1tb-ssd-fhd-144hz-comme-neuf\/","url":"https:\/\/osaka.ma\/product\/asus-tuf-gaming-a15-ryzen-9-7940hs-rtx-4070-8gb-32gb-ddr5-1tb-ssd-fhd-144hz-comme-neuf\/","name":"ASUS TUF GAMING A15: Power and Durability Combined - Osaka","isPartOf":{"@id":"https:\/\/osaka.ma\/#website"},"primaryImageOfPage":{"@id":"https:\/\/osaka.ma\/product\/asus-tuf-gaming-a15-ryzen-9-7940hs-rtx-4070-8gb-32gb-ddr5-1tb-ssd-fhd-144hz-comme-neuf\/#primaryimage"},"image":{"@id":"https:\/\/osaka.ma\/product\/asus-tuf-gaming-a15-ryzen-9-7940hs-rtx-4070-8gb-32gb-ddr5-1tb-ssd-fhd-144hz-comme-neuf\/#primaryimage"},"thumbnailUrl":"https:\/\/osaka.ma\/wp-content\/uploads\/2025\/07\/ASUS-TUF-Gaming-A15-1.jpg","datePublished":"2025-07-02T12:06:55+00:00","dateModified":"2025-08-08T11:07:48+00:00","description":"Experience unbeatable performance with the ASUS TUF Gaming A15, designed for gaming and multitasking. Get your powerful machine today!","breadcrumb":{"@id":"https:\/\/osaka.ma\/product\/asus-tuf-gaming-a15-ryzen-9-7940hs-rtx-4070-8gb-32gb-ddr5-1tb-ssd-fhd-144hz-comme-neuf\/#breadcrumb"},"inLanguage":"es-ES","potentialAction":[{"@type":"ReadAction","target":["https:\/\/osaka.ma\/product\/asus-tuf-gaming-a15-ryzen-9-7940hs-rtx-4070-8gb-32gb-ddr5-1tb-ssd-fhd-144hz-comme-neuf\/"]}]},{"@type":"ImageObject","inLanguage":"es-ES","@id":"https:\/\/osaka.ma\/product\/asus-tuf-gaming-a15-ryzen-9-7940hs-rtx-4070-8gb-32gb-ddr5-1tb-ssd-fhd-144hz-comme-neuf\/#primaryimage","url":"https:\/\/osaka.ma\/wp-content\/uploads\/2025\/07\/ASUS-TUF-Gaming-A15-1.jpg","contentUrl":"https:\/\/osaka.ma\/wp-content\/uploads\/2025\/07\/ASUS-TUF-Gaming-A15-1.jpg","width":1600,"height":1600,"caption":"ASUS TUF Gaming A15 | Ryzen 9 7940HS | RTX 4070 8GB | 32GB DDR5 | 1TB SSD | FHD 144Hz | RGB | Windows 11"},{"@type":"BreadcrumbList","@id":"https:\/\/osaka.ma\/product\/asus-tuf-gaming-a15-ryzen-9-7940hs-rtx-4070-8gb-32gb-ddr5-1tb-ssd-fhd-144hz-comme-neuf\/#breadcrumb","itemListElement":[{"@type":"ListItem","position":1,"name":"Home","item":"https:\/\/osaka.ma\/"},{"@type":"ListItem","position":2,"name":"Shop","item":"https:\/\/osaka.ma\/shop-2\/"},{"@type":"ListItem","position":3,"name":"ASUS TUF Gaming A15 | Ryzen 9 7940HS | RTX 4070 8GB | 32GB DDR5 | 1TB SSD | FHD 144Hz | Comme Neuf"}]},{"@type":"WebSite","@id":"https:\/\/osaka.ma\/#website","url":"https:\/\/osaka.ma\/","name":"Osaka","description":"","publisher":{"@id":"https:\/\/osaka.ma\/#organization"},"potentialAction":[{"@type":"SearchAction","target":{"@type":"EntryPoint","urlTemplate":"https:\/\/osaka.ma\/?s={search_term_string}"},"query-input":{"@type":"PropertyValueSpecification","valueRequired":true,"valueName":"search_term_string"}}],"inLanguage":"es-ES"},{"@type":"Organization","@id":"https:\/\/osaka.ma\/#organization","name":"Osaka","url":"https:\/\/osaka.ma\/","logo":{"@type":"ImageObject","inLanguage":"es-ES","@id":"https:\/\/osaka.ma\/#\/schema\/logo\/image\/","url":"https:\/\/osaka.ma\/wp-content\/uploads\/2026\/01\/model-slogan-logo-2Plan-de-travail-1dksl-plus-finnn.png","contentUrl":"https:\/\/osaka.ma\/wp-content\/uploads\/2026\/01\/model-slogan-logo-2Plan-de-travail-1dksl-plus-finnn.png","width":842,"height":226,"caption":"Osaka"},"image":{"@id":"https:\/\/osaka.ma\/#\/schema\/logo\/image\/"}}]}},"jetpack_sharing_enabled":true,"brands":[],"_links":{"self":[{"href":"https:\/\/osaka.ma\/es\/wp-json\/wp\/v2\/product\/16676","targetHints":{"allow":["GET"]}}],"collection":[{"href":"https:\/\/osaka.ma\/es\/wp-json\/wp\/v2\/product"}],"about":[{"href":"https:\/\/osaka.ma\/es\/wp-json\/wp\/v2\/types\/product"}],"version-history":[{"count":0,"href":"https:\/\/osaka.ma\/es\/wp-json\/wp\/v2\/product\/16676\/revisions"}],"wp:featuredmedia":[{"embeddable":true,"href":"https:\/\/osaka.ma\/es\/wp-json\/wp\/v2\/media\/1016677"}],"wp:attachment":[{"href":"https:\/\/osaka.ma\/es\/wp-json\/wp\/v2\/media?parent=16676"}],"wp:term":[{"taxonomy":"pwb-brand","embeddable":true,"href":"https:\/\/osaka.ma\/es\/wp-json\/wp\/v2\/pwb-brand?post=16676"},{"taxonomy":"product_brand","embeddable":true,"href":"https:\/\/osaka.ma\/es\/wp-json\/wp\/v2\/product_brand?post=16676"},{"taxonomy":"product_cat","embeddable":true,"href":"https:\/\/osaka.ma\/es\/wp-json\/wp\/v2\/product_cat?post=16676"},{"taxonomy":"product_tag","embeddable":true,"href":"https:\/\/osaka.ma\/es\/wp-json\/wp\/v2\/product_tag?post=16676"},{"taxonomy":"pcb_component_type","embeddable":true,"href":"https:\/\/osaka.ma\/es\/wp-json\/wp\/v2\/pcb_component_type?post=16676"}],"curies":[{"name":"wp","href":"https:\/\/api.w.org\/{rel}","templated":true}]}}