{"id":16758,"date":"2025-07-07T15:23:51","date_gmt":"2025-07-07T15:23:51","guid":{"rendered":"https:\/\/osaka.ma\/?post_type=product&#038;p=16758"},"modified":"2025-07-07T15:23:53","modified_gmt":"2025-07-07T15:23:53","slug":"logitech-mx-anywhere-3-graphite","status":"publish","type":"product","link":"https:\/\/osaka.ma\/es\/product\/logitech-mx-anywhere-3-graphite\/","title":{"rendered":"Logitech MX Anywhere 3 (Graphite)"},"content":{"rendered":"<div class=\"logo\"><img decoding=\"async\" class=\"aligncenter\" src=\"https:\/\/media.ldlc.com\/v3\/marque\/bo\/00\/03\/27\/77\/V30003277746_2.jpg\" alt=\"Logitech\" \/><\/div>\n<div id=\"description\" class=\"description\">\n<div class=\"details-pdt-desc\">\n<h2 class=\"h2-master\">Une souris efficace partout<\/h2>\n<section>Alliant polyvalence et performances exceptionnelles, la\u00a0<strong>Logitech MX Anywhere 3<\/strong>\u00a0va vite devenir indispensable \u00e0 votre quotidien. Cette souris compacte est con\u00e7ue sp\u00e9cialement pour le travail mobile, que ce soit en t\u00e9l\u00e9travail, dans un caf\u00e9 ou \u00e0 l&#8217;a\u00e9roport.\u00a0La souris MX Anywhere 3 fonctionne sur pratiquement toutes les surfaces, y compris le\u00a0verre d&#8217;une \u00e9paisseur minimale de 4 mm. Ainsi, vous pouvez travailler sans accroc au bureau, dans votre caf\u00e9 favori ou m\u00eame sur votre canap\u00e9.<\/p>\n<\/section>\n<section>\n<div class=\"desc-image\"><img decoding=\"async\" src=\"https:\/\/media.ldlc.com\/bo\/images\/fiches\/souris\/logitech\/MX_Anywhere_3\/1.jpg\" alt=\"\" \/><\/div>\n<div class=\"desc-text\">\n<h2>Un confort sans compromis<\/h2>\n<p>La souris Logitech MX Anywhere 3 arbore un\u00a0<strong>design compact et discret<\/strong>, adapt\u00e9 \u00e0 la forme de votre main, afin que vous soyez \u00e0 l&#8217;aise pendant des heures, quel que soit l&#8217;endroit o\u00f9 vous travaillez. De plus, un\u00a0<strong>rev\u00eatement lat\u00e9ral en silicone<\/strong>\u00a0signifie qu&#8217;elle est toujours douce au toucher. Con\u00e7ue pour r\u00e9sister aux chocs et aux chutes, elle peut facilement se glisser dans un sac et peut se nettoyer facilement en cas de besoin.<\/p>\n<p>Et avec une\u00a0<strong>autonomie maximale allant jusqu&#8217;\u00e0 70 jours<\/strong>\u00a0avec une charge compl\u00e8te, elle peut vous suivre dans toutes vos aventures. Vous pouvez m\u00eame r\u00e9cup\u00e9rer 3 heures d&#8217;autonomie avec une seule minute de charge.<\/p>\n<\/div>\n<\/section>\n<section>\n<div class=\"desc-text\">\n<h2>Travaillez plus rapidement<\/h2>\n<p>La souris MX\u00a0Anywhere 3 est\u00a0<strong>enti\u00e8rement personnalisable\u00a0<\/strong>dans toutes les applications que vous utilisez. Vous travaillerez plus rapidement gr\u00e2ce aux personnalisations pr\u00e9d\u00e9finies pour vos applications. Adobe Photoshop, Adobe Premiere Pro, Final Cut Pro, Google Chrome, Safari, ainsi que Microsoft Word, Excel\u00a0et PowerPoint.<\/p>\n<p>De plus, contr\u00f4lez plusieurs ordinateurs avec fluidit\u00e9 gr\u00e2ce \u00e0 la\u00a0<strong>technologie Logitech Flow<\/strong>\u00a0qui vous permet de\u00a0<strong>d\u00e9placer simplement votre curseur vers le bord de l&#8217;\u00e9cran pour passer d&#8217;un p\u00e9riph\u00e9rique \u00e0 un autre. Ainsi, transf\u00e9rez du texte, des images et des fichiers entre plusieurs ordinateurs.<\/strong><\/p>\n<\/div>\n<div class=\"desc-image\"><img decoding=\"async\" src=\"https:\/\/media.ldlc.com\/bo\/images\/fiches\/souris\/logitech\/MX_Anywhere_3\/2.jpg\" alt=\"\" \/><\/div>\n<\/section>\n<section class=\"list\">\n<h2>Caract\u00e9ristiques principales :<\/h2>\n<ul>\n<li>Souris sans fil compatible avec toutes les surfaces<\/li>\n<li><strong>Technologie Logitech Flow :<\/strong>\u00a0vous permet de transf\u00e9rer vos dossiers, images, textes d&#8217;un ordinateur \u00e0 un autre<\/li>\n<li><b>Suivi laser Darkfield pour un niveau de contr\u00f4le sans pr\u00e9c\u00e9dent<\/b><\/li>\n<li>Une forme compacte et profil\u00e9e pour vous faciliter la vie<\/li>\n<li><strong>Double connexion sans fil<\/strong>\u00a0: R\u00e9cepteur USB ou Bluetooth<\/li>\n<li>R\u00e9solution pouvant aller jusqu&#8217;\u00e0 4000 ppp<\/li>\n<li>Une seule souris pour 3 dispositifs<\/li>\n<li>D\u00e9filement ultra-rapide pour encore plus de confort<\/li>\n<li><strong>Autonomie de la batterie :<\/strong>\u00a0jusqu\u00e0 70 jours (en fonction de son utilisation)<\/li>\n<li>Dimensions : 100.5 x 34.4 x 65 mm<\/li>\n<li>Poids : 99 g<\/li>\n<\/ul>\n<\/section>\n<\/div>\n<\/div>\n","protected":false},"excerpt":{"rendered":"<h5>Souris sans fil &#8211; droitier &#8211; capteur laser 1000 dpi &#8211; 6 boutons &#8211; compatible toutes surfaces &#8211; technologie Logitech Flow<\/h5>\n<p>Puissante, compacte et ultra-polyvalente, la MX Anywhere 3 vous suit partout. Dot\u00e9e d\u2019une molette MagSpeed ultra-pr\u00e9cise, d\u2019une connectivit\u00e9 multi-appareils et d\u2019une autonomie longue dur\u00e9e, elle est con\u00e7ue pour les professionnels en mouvement.<\/p>\n","protected":false},"featured_media":1016759,"template":"","meta":{"_acf_changed":false},"pwb-brand":[],"product_brand":[],"product_cat":[31,32],"product_tag":[],"pcb_component_type":[],"class_list":{"0":"post-16758","1":"product","2":"type-product","3":"status-publish","4":"has-post-thumbnail","6":"product_cat-accessoires","7":"product_cat-souris","9":"first","10":"instock","11":"sale","12":"shipping-taxable","13":"purchasable","14":"product-type-simple"},"translation":{"provider":"WPGlobus","version":"3.0.2","language":"es","enabled_languages":["en","es","de","fr","ru"],"languages":{"en":{"title":true,"content":true,"excerpt":true},"es":{"title":false,"content":false,"excerpt":false},"de":{"title":false,"content":false,"excerpt":false},"fr":{"title":false,"content":false,"excerpt":false},"ru":{"title":false,"content":false,"excerpt":false}}},"acf":[],"yoast_head":"<!-- This site is optimized with the Yoast SEO plugin v27.2 - https:\/\/yoast.com\/product\/yoast-seo-wordpress\/ -->\n<title>Logitech MX Anywhere 3 (Graphite) - Osaka<\/title>\n<meta name=\"robots\" content=\"index, follow, max-snippet:-1, max-image-preview:large, max-video-preview:-1\" \/>\n<link rel=\"canonical\" href=\"https:\/\/osaka.ma\/es\/product\/logitech-mx-anywhere-3-graphite\/\" \/>\n<meta property=\"og:locale\" content=\"es_ES\" \/>\n<meta property=\"og:type\" content=\"article\" \/>\n<meta property=\"og:title\" content=\"Logitech MX Anywhere 3 (Graphite) - Osaka\" \/>\n<meta property=\"og:url\" content=\"https:\/\/osaka.ma\/es\/product\/logitech-mx-anywhere-3-graphite\/\" \/>\n<meta property=\"og:site_name\" content=\"Osaka\" \/>\n<meta property=\"article:modified_time\" content=\"2025-07-07T15:23:53+00:00\" \/>\n<meta property=\"og:image\" content=\"https:\/\/osaka.ma\/wp-content\/uploads\/2025\/07\/LD0005861881_1.jpg\" \/>\n\t<meta property=\"og:image:width\" content=\"1600\" \/>\n\t<meta property=\"og:image:height\" content=\"1600\" \/>\n\t<meta property=\"og:image:type\" content=\"image\/jpeg\" \/>\n<meta name=\"twitter:card\" content=\"summary_large_image\" \/>\n<meta name=\"twitter:label1\" content=\"Est. reading time\" \/>\n\t<meta name=\"twitter:data1\" content=\"3 minutes\" \/>\n<script type=\"application\/ld+json\" class=\"yoast-schema-graph\">{\"@context\":\"https:\/\/schema.org\",\"@graph\":[{\"@type\":\"WebPage\",\"@id\":\"https:\/\/osaka.ma\/es\/product\/logitech-mx-anywhere-3-graphite\/\",\"url\":\"https:\/\/osaka.ma\/es\/product\/logitech-mx-anywhere-3-graphite\/\",\"name\":\"Logitech MX Anywhere 3 (Graphite) - Osaka\",\"isPartOf\":{\"@id\":\"https:\/\/osaka.ma\/#website\"},\"primaryImageOfPage\":{\"@id\":\"https:\/\/osaka.ma\/es\/product\/logitech-mx-anywhere-3-graphite\/#primaryimage\"},\"image\":{\"@id\":\"https:\/\/osaka.ma\/es\/product\/logitech-mx-anywhere-3-graphite\/#primaryimage\"},\"thumbnailUrl\":\"https:\/\/osaka.ma\/wp-content\/uploads\/2025\/07\/LD0005861881_1.jpg\",\"datePublished\":\"2025-07-07T15:23:51+00:00\",\"dateModified\":\"2025-07-07T15:23:53+00:00\",\"breadcrumb\":{\"@id\":\"https:\/\/osaka.ma\/es\/product\/logitech-mx-anywhere-3-graphite\/#breadcrumb\"},\"inLanguage\":\"es-ES\",\"potentialAction\":[{\"@type\":\"ReadAction\",\"target\":[\"https:\/\/osaka.ma\/es\/product\/logitech-mx-anywhere-3-graphite\/\"]}]},{\"@type\":\"ImageObject\",\"inLanguage\":\"es-ES\",\"@id\":\"https:\/\/osaka.ma\/es\/product\/logitech-mx-anywhere-3-graphite\/#primaryimage\",\"url\":\"https:\/\/osaka.ma\/wp-content\/uploads\/2025\/07\/LD0005861881_1.jpg\",\"contentUrl\":\"https:\/\/osaka.ma\/wp-content\/uploads\/2025\/07\/LD0005861881_1.jpg\",\"width\":1600,\"height\":1600},{\"@type\":\"BreadcrumbList\",\"@id\":\"https:\/\/osaka.ma\/es\/product\/logitech-mx-anywhere-3-graphite\/#breadcrumb\",\"itemListElement\":[{\"@type\":\"ListItem\",\"position\":1,\"name\":\"Home\",\"item\":\"https:\/\/osaka.ma\/\"},{\"@type\":\"ListItem\",\"position\":2,\"name\":\"Shop\",\"item\":\"https:\/\/osaka.ma\/shop-2\/\"},{\"@type\":\"ListItem\",\"position\":3,\"name\":\"Logitech MX Anywhere 3 (Graphite)\"}]},{\"@type\":\"WebSite\",\"@id\":\"https:\/\/osaka.ma\/#website\",\"url\":\"https:\/\/osaka.ma\/\",\"name\":\"Osaka\",\"description\":\"\",\"publisher\":{\"@id\":\"https:\/\/osaka.ma\/#organization\"},\"potentialAction\":[{\"@type\":\"SearchAction\",\"target\":{\"@type\":\"EntryPoint\",\"urlTemplate\":\"https:\/\/osaka.ma\/?s={search_term_string}\"},\"query-input\":{\"@type\":\"PropertyValueSpecification\",\"valueRequired\":true,\"valueName\":\"search_term_string\"}}],\"inLanguage\":\"es-ES\"},{\"@type\":\"Organization\",\"@id\":\"https:\/\/osaka.ma\/#organization\",\"name\":\"Osaka\",\"url\":\"https:\/\/osaka.ma\/\",\"logo\":{\"@type\":\"ImageObject\",\"inLanguage\":\"es-ES\",\"@id\":\"https:\/\/osaka.ma\/#\/schema\/logo\/image\/\",\"url\":\"https:\/\/osaka.ma\/wp-content\/uploads\/2026\/01\/model-slogan-logo-2Plan-de-travail-1dksl-plus-finnn.png\",\"contentUrl\":\"https:\/\/osaka.ma\/wp-content\/uploads\/2026\/01\/model-slogan-logo-2Plan-de-travail-1dksl-plus-finnn.png\",\"width\":842,\"height\":226,\"caption\":\"Osaka\"},\"image\":{\"@id\":\"https:\/\/osaka.ma\/#\/schema\/logo\/image\/\"}}]}<\/script>\n<!-- \/ Yoast SEO plugin. -->","yoast_head_json":{"title":"Logitech MX Anywhere 3 (Graphite) - Osaka","robots":{"index":"index","follow":"follow","max-snippet":"max-snippet:-1","max-image-preview":"max-image-preview:large","max-video-preview":"max-video-preview:-1"},"canonical":"https:\/\/osaka.ma\/es\/product\/logitech-mx-anywhere-3-graphite\/","og_locale":"es_ES","og_type":"article","og_title":"Logitech MX Anywhere 3 (Graphite) - Osaka","og_url":"https:\/\/osaka.ma\/es\/product\/logitech-mx-anywhere-3-graphite\/","og_site_name":"Osaka","article_modified_time":"2025-07-07T15:23:53+00:00","og_image":[{"width":1600,"height":1600,"url":"https:\/\/osaka.ma\/wp-content\/uploads\/2025\/07\/LD0005861881_1.jpg","type":"image\/jpeg"}],"twitter_card":"summary_large_image","twitter_misc":{"Est. reading time":"3 minutes"},"schema":{"@context":"https:\/\/schema.org","@graph":[{"@type":"WebPage","@id":"https:\/\/osaka.ma\/es\/product\/logitech-mx-anywhere-3-graphite\/","url":"https:\/\/osaka.ma\/es\/product\/logitech-mx-anywhere-3-graphite\/","name":"Logitech MX Anywhere 3 (Graphite) - Osaka","isPartOf":{"@id":"https:\/\/osaka.ma\/#website"},"primaryImageOfPage":{"@id":"https:\/\/osaka.ma\/es\/product\/logitech-mx-anywhere-3-graphite\/#primaryimage"},"image":{"@id":"https:\/\/osaka.ma\/es\/product\/logitech-mx-anywhere-3-graphite\/#primaryimage"},"thumbnailUrl":"https:\/\/osaka.ma\/wp-content\/uploads\/2025\/07\/LD0005861881_1.jpg","datePublished":"2025-07-07T15:23:51+00:00","dateModified":"2025-07-07T15:23:53+00:00","breadcrumb":{"@id":"https:\/\/osaka.ma\/es\/product\/logitech-mx-anywhere-3-graphite\/#breadcrumb"},"inLanguage":"es-ES","potentialAction":[{"@type":"ReadAction","target":["https:\/\/osaka.ma\/es\/product\/logitech-mx-anywhere-3-graphite\/"]}]},{"@type":"ImageObject","inLanguage":"es-ES","@id":"https:\/\/osaka.ma\/es\/product\/logitech-mx-anywhere-3-graphite\/#primaryimage","url":"https:\/\/osaka.ma\/wp-content\/uploads\/2025\/07\/LD0005861881_1.jpg","contentUrl":"https:\/\/osaka.ma\/wp-content\/uploads\/2025\/07\/LD0005861881_1.jpg","width":1600,"height":1600},{"@type":"BreadcrumbList","@id":"https:\/\/osaka.ma\/es\/product\/logitech-mx-anywhere-3-graphite\/#breadcrumb","itemListElement":[{"@type":"ListItem","position":1,"name":"Home","item":"https:\/\/osaka.ma\/"},{"@type":"ListItem","position":2,"name":"Shop","item":"https:\/\/osaka.ma\/shop-2\/"},{"@type":"ListItem","position":3,"name":"Logitech MX Anywhere 3 (Graphite)"}]},{"@type":"WebSite","@id":"https:\/\/osaka.ma\/#website","url":"https:\/\/osaka.ma\/","name":"Osaka","description":"","publisher":{"@id":"https:\/\/osaka.ma\/#organization"},"potentialAction":[{"@type":"SearchAction","target":{"@type":"EntryPoint","urlTemplate":"https:\/\/osaka.ma\/?s={search_term_string}"},"query-input":{"@type":"PropertyValueSpecification","valueRequired":true,"valueName":"search_term_string"}}],"inLanguage":"es-ES"},{"@type":"Organization","@id":"https:\/\/osaka.ma\/#organization","name":"Osaka","url":"https:\/\/osaka.ma\/","logo":{"@type":"ImageObject","inLanguage":"es-ES","@id":"https:\/\/osaka.ma\/#\/schema\/logo\/image\/","url":"https:\/\/osaka.ma\/wp-content\/uploads\/2026\/01\/model-slogan-logo-2Plan-de-travail-1dksl-plus-finnn.png","contentUrl":"https:\/\/osaka.ma\/wp-content\/uploads\/2026\/01\/model-slogan-logo-2Plan-de-travail-1dksl-plus-finnn.png","width":842,"height":226,"caption":"Osaka"},"image":{"@id":"https:\/\/osaka.ma\/#\/schema\/logo\/image\/"}}]}},"jetpack_sharing_enabled":true,"brands":[],"_links":{"self":[{"href":"https:\/\/osaka.ma\/es\/wp-json\/wp\/v2\/product\/16758","targetHints":{"allow":["GET"]}}],"collection":[{"href":"https:\/\/osaka.ma\/es\/wp-json\/wp\/v2\/product"}],"about":[{"href":"https:\/\/osaka.ma\/es\/wp-json\/wp\/v2\/types\/product"}],"version-history":[{"count":0,"href":"https:\/\/osaka.ma\/es\/wp-json\/wp\/v2\/product\/16758\/revisions"}],"wp:featuredmedia":[{"embeddable":true,"href":"https:\/\/osaka.ma\/es\/wp-json\/wp\/v2\/media\/1016759"}],"wp:attachment":[{"href":"https:\/\/osaka.ma\/es\/wp-json\/wp\/v2\/media?parent=16758"}],"wp:term":[{"taxonomy":"pwb-brand","embeddable":true,"href":"https:\/\/osaka.ma\/es\/wp-json\/wp\/v2\/pwb-brand?post=16758"},{"taxonomy":"product_brand","embeddable":true,"href":"https:\/\/osaka.ma\/es\/wp-json\/wp\/v2\/product_brand?post=16758"},{"taxonomy":"product_cat","embeddable":true,"href":"https:\/\/osaka.ma\/es\/wp-json\/wp\/v2\/product_cat?post=16758"},{"taxonomy":"product_tag","embeddable":true,"href":"https:\/\/osaka.ma\/es\/wp-json\/wp\/v2\/product_tag?post=16758"},{"taxonomy":"pcb_component_type","embeddable":true,"href":"https:\/\/osaka.ma\/es\/wp-json\/wp\/v2\/pcb_component_type?post=16758"}],"curies":[{"name":"wp","href":"https:\/\/api.w.org\/{rel}","templated":true}]}}