{"id":16840,"date":"2025-07-12T15:17:07","date_gmt":"2025-07-12T15:17:07","guid":{"rendered":"https:\/\/osaka.ma\/?post_type=product&#038;p=16840"},"modified":"2025-08-08T12:06:02","modified_gmt":"2025-08-08T11:06:02","slug":"gigabyte-g6-kf-i7-13620h-rtx-4060-8gb-16gb-ddr5-1tb-fhd-165hz-neuf","status":"publish","type":"product","link":"https:\/\/osaka.ma\/es\/product\/gigabyte-g6-kf-i7-13620h-rtx-4060-8gb-16gb-ddr5-1tb-fhd-165hz-neuf\/","title":{"rendered":"GIGABYTE G6 KF | i7-13620H | RTX 4060 8GB | 16GB DDR5 | 1TB | FHD+ 165Hz | NEUF"},"content":{"rendered":"<div class=\"logo\">\n<div class=\"logo\"><img decoding=\"async\" class=\"aligncenter\" src=\"https:\/\/media.ldlc.com\/v3\/marque\/190\/C000000990.gif\" alt=\"Gigaoctet\" \/><\/div>\n<div id=\"description\" class=\"description\">\n<div class=\"details-pdt-desc\">\n<h2 class=\"h2-master\"><span dir=\"auto\">Confort et performances de jeu avec un \u00e9cran 165 Hz<\/span><\/h2>\n<section>\n<p data-start=\"114\" data-end=\"253\">Jouez en tout confort avec le PC portable <strong data-start=\"156\" data-end=\"171\">Gigabyte G6<\/strong> ! Il combine puissance, fluidit\u00e9 et mobilit\u00e9 pour une exp\u00e9rience gaming optimale. Son \u00e9cran IPS 165 Hz, son clavier gamer r\u00e9tro\u00e9clair\u00e9 et son syst\u00e8me audio immersif vous plongent pleinement dans le jeu.<\/p>\n<p data-start=\"114\" data-end=\"253\">Avec un <strong data-start=\"385\" data-end=\"402\">Intel Core i7<\/strong>, 16 Go de RAM DDR5, un <strong data-start=\"426\" data-end=\"441\">SSD de 1 To<\/strong> et une <strong data-start=\"449\" data-end=\"461\">RTX 4060<\/strong>, il offre des performances rapides et constantes pour vos jeux et applications.<\/p>\n<\/section>\n<section>\n<div class=\"desc-image\"><img decoding=\"async\" src=\"https:\/\/media.ldlc.com\/bo\/images\/fiches\/pc_portables\/gigabyte\/g6\/801.jpg\" alt=\"\" \/><\/div>\n<div class=\"desc-text\">\n<h2><span dir=\"auto\">Processeur Intel de 13e g\u00e9n\u00e9ration<\/span><\/h2>\n<p>Le Gigabyte G6 offre de hautes performances gr\u00e2ce \u00e0 son processeur Intel Core de 13e g\u00e9n\u00e9ration. Parfait pour le multit\u00e2che et le divertissement intensif.<\/p>\n<\/div>\n<\/section>\n<section>\n<div class=\"desc-text\">\n<h2><span dir=\"auto\">NVIDIA GeForce RTX 4060<\/span><\/h2>\n<p data-start=\"118\" data-end=\"260\">Les cartes graphiques NVIDIA GeForce RTX 40 offrent des performances exceptionnelles.Parfaites pour les joueurs et les cr\u00e9ateurs exigeants. Elles sont bas\u00e9es sur l\u2019architecture Ada Lovelace, ultra-performante et moderne. Le DLSS 3, boost\u00e9 par l\u2019IA, am\u00e9liore nettement les performances.<\/p>\n<p data-start=\"118\" data-end=\"260\">Le ray tracing complet permet des graphismes r\u00e9alistes. La technologie Max-Q optimise autonomie, refroidissement et consommation.<\/p>\n<\/div>\n<div class=\"desc-image\"><img decoding=\"async\" src=\"https:\/\/media.ldlc.com\/bo\/images\/fiches\/pc_portables\/gigabyte\/g6\/802.jpg\" alt=\"\" \/><\/div>\n<\/section>\n<section>\n<div class=\"desc-image\"><img decoding=\"async\" src=\"https:\/\/media.ldlc.com\/bo\/images\/fiches\/pc_portables\/gigabyte\/g6\/803.jpg\" alt=\"\" \/><\/div>\n<div class=\"desc-text\">\n<h2><span dir=\"auto\">\u00c9cran 16 pouces 165 Hz au format 16:10<\/span><\/h2>\n<p>L\u2019\u00e9cran 16\/10 du G6 affiche une image nette en 1920 x 1200 avec un taux de 165 Hz pour une fluidit\u00e9 parfaite. Id\u00e9al pour rep\u00e9rer l\u2019ennemi en un instant.<\/p>\n<\/div>\n<\/section>\n<section>\n<div class=\"desc-text\">\n<h2><span dir=\"auto\">Refroidissement par force \u00e9olienne<\/span><\/h2>\n<p>Le syst\u00e8me de refroidissement WINDFORCE du G6 offre un excellent \u00e9quilibre entre performance et silence.<br data-start=\"171\" data-end=\"174\" \/>Avec 4 caloducs, 2 ventilateurs \u00e0 59 pales et 4 sorties d\u2019air, il \u00e9vacue efficacement la chaleur pour garantir des performances stables, m\u00eame en plein jeu.<\/p>\n<\/div>\n<div class=\"desc-image\"><img decoding=\"async\" src=\"https:\/\/media.ldlc.com\/bo\/images\/fiches\/pc_portables\/gigabyte\/g5\/803.jpg\" alt=\"\" \/><\/div>\n<\/section>\n<section class=\"list\">\n<h2><span dir=\"auto\">Caract\u00e9ristiques principales :<\/span><\/h2>\n<ul>\n<li><strong><span dir=\"auto\">Processeur Intel Core i7-13620H<\/span><\/strong><span dir=\"auto\">\u00a0(6 c\u0153urs hautes performances 4,7 GHz Turbo + 4 c\u0153urs efficaces 3,6 GHz Turbo &#8211; 16 threads &#8211; 24 Mo de cache)<\/span><\/li>\n<li><span dir=\"auto\">16 Go de m\u00e9moire DDR5 et fre\u00e9quence de 4800MHz<\/span><\/li>\n<li><span dir=\"auto\">\u00c9cran 16&#8243; avec r\u00e9solution Full HD+ et fr\u00e9quence de 165 Hz<\/span><\/li>\n<li><strong><span dir=\"auto\">Puce graphique NVIDIA GeForce RTX 4060<\/span><\/strong><span dir=\"auto\">\u00a0avec 8 Go de m\u00e9moire GDDR6 <\/span><\/li>\n<li><strong><span dir=\"auto\">SSD PCIe M.2 1 To<\/span><\/strong><span dir=\"auto\">\u00a0<\/span><\/li>\n<li><span dir=\"auto\">Communication sans fil fiable et performante Wi-Fi 6E + Bluetooth 5.2<\/span><\/li>\n<li><span dir=\"auto\">Clavier r\u00e9tro\u00e9clair\u00e9 RVB 15 couleurs (un seul actif \u00e0 la fois)<\/span><\/li>\n<li><span dir=\"auto\">Syst\u00e8me de refroidissement haute performance avec 2 ventilateurs<\/span><\/li>\n<li><span dir=\"auto\">Technologie audio DTS:X Ultra<\/span><\/li>\n<li><strong><span dir=\"auto\">Windows 11 Famille<\/span><\/strong><\/li>\n<\/ul>\n<\/section>\n<\/div>\n<\/div>\n<\/div>\n","protected":false},"excerpt":{"rendered":"<p>Le PC portable gamer Gigabyte G6 offre une exp\u00e9rience de jeu fluide et immersive. Avec son \u00e9cran r\u00e9actif, son clavier r\u00e9tro\u00e9clair\u00e9 et ses composants puissants, il combine performance, confort et r\u00e9activit\u00e9 pour jouer ou cr\u00e9er en toute libert\u00e9.<\/p>\n<h5>Caract\u00e9ristiques principales :<\/h5>\n<p data-pm-slice=\"1 1 []\">\u2022 <strong>Processeur\u202f<\/strong>: Intel\u202fCore\u202fi7\u201113620H (13\u1d49 g\u00e9n\u00e9ration)<br \/>\n\u2022<strong> \u00c9cran<\/strong>\u202f: 15\u2033\u202fFull\u202fHD \u202f165\u202fHz<br \/>\n\u2022 <strong>Panneau<\/strong>\u202f: IPS, couleurs vives et angles de vision larges<br \/>\n\u2022 <strong>M\u00e9moire<\/strong>\u202f: 16\u202fGo RAM DDR5 \u202f5200\u202fMHz<br \/>\n\u2022 <strong>Carte graphique\u202f<\/strong>: NVIDIA\u202fGeForce\u202fRTX\u202f4060\u202f8\u202fGo\u202fGDDR6<br \/>\n\u2022 <strong>Stockage<\/strong>\u202f: SSD M.2 NVMe 1\u202fTo<br \/>\n\u2022 <strong>Clavier<\/strong>\u202f: AZERTY RGB r\u00e9tro\u00e9clair\u00e9 en Bleu<br \/>\n\u2022 <strong>Syst\u00e8me d\u2019exploitation<\/strong>\u202f: Windows \u202f11 \u202fFamille<br \/>\n\u2022 <strong>\u00c9tat<\/strong>\u202f: Neuf &#8211; Avec Emballage<\/p>\n","protected":false},"featured_media":1016841,"template":"","meta":{"_acf_changed":false},"pwb-brand":[],"product_brand":[],"product_cat":[122,121],"product_tag":[284],"pcb_component_type":[],"class_list":{"0":"post-16840","1":"product","2":"type-product","3":"status-publish","4":"has-post-thumbnail","6":"product_cat-gaming","7":"product_cat-pc-portable","8":"product_tag-gigabyte","10":"first","11":"outofstock","12":"shipping-taxable","13":"product-type-simple"},"translation":{"provider":"WPGlobus","version":"3.0.2","language":"es","enabled_languages":["en","es","de","fr","ru"],"languages":{"en":{"title":true,"content":true,"excerpt":true},"es":{"title":false,"content":false,"excerpt":false},"de":{"title":false,"content":false,"excerpt":false},"fr":{"title":false,"content":false,"excerpt":false},"ru":{"title":false,"content":false,"excerpt":false}}},"acf":[],"yoast_head":"<!-- This site is optimized with the Yoast SEO plugin v27.2 - https:\/\/yoast.com\/product\/yoast-seo-wordpress\/ -->\n<title>GIGABYTE G6 : Puissance et Fluidit\u00e9 pour Gamer - Osaka<\/title>\n<meta name=\"robots\" content=\"index, follow, max-snippet:-1, max-image-preview:large, max-video-preview:-1\" \/>\n<link rel=\"canonical\" href=\"https:\/\/osaka.ma\/product\/gigabyte-g6-kf-i7-13620h-rtx-4060-8gb-16gb-ddr5-1tb-fhd-165hz-neuf\/\" \/>\n<meta property=\"og:locale\" content=\"es_ES\" \/>\n<meta property=\"og:type\" content=\"article\" \/>\n<meta property=\"og:title\" content=\"GIGABYTE G6 KF | i7-13620H | RTX 4060 8GB | 16GB DDR5 | 1TB | FHD+ 165Hz | NEUF - Osaka\" \/>\n<meta property=\"og:url\" content=\"https:\/\/osaka.ma\/product\/gigabyte-g6-kf-i7-13620h-rtx-4060-8gb-16gb-ddr5-1tb-fhd-165hz-neuf\/\" \/>\n<meta property=\"og:site_name\" content=\"Osaka\" \/>\n<meta property=\"article:modified_time\" content=\"2025-08-08T11:06:02+00:00\" \/>\n<meta property=\"og:image\" content=\"https:\/\/osaka.ma\/wp-content\/uploads\/2025\/07\/LD0006091436_0006122424.jpg\" \/>\n\t<meta property=\"og:image:width\" content=\"705\" \/>\n\t<meta property=\"og:image:height\" content=\"705\" \/>\n\t<meta property=\"og:image:type\" content=\"image\/jpeg\" \/>\n<meta name=\"twitter:card\" content=\"summary_large_image\" \/>\n<meta name=\"twitter:label1\" content=\"Est. reading time\" \/>\n\t<meta name=\"twitter:data1\" content=\"5 minutes\" \/>\n<script type=\"application\/ld+json\" class=\"yoast-schema-graph\">{\"@context\":\"https:\/\/schema.org\",\"@graph\":[{\"@type\":\"WebPage\",\"@id\":\"https:\/\/osaka.ma\/product\/gigabyte-g6-kf-i7-13620h-rtx-4060-8gb-16gb-ddr5-1tb-fhd-165hz-neuf\/\",\"url\":\"https:\/\/osaka.ma\/product\/gigabyte-g6-kf-i7-13620h-rtx-4060-8gb-16gb-ddr5-1tb-fhd-165hz-neuf\/\",\"name\":\"GIGABYTE G6 : Puissance et Fluidit\u00e9 pour Gamer - Osaka\",\"isPartOf\":{\"@id\":\"https:\/\/osaka.ma\/#website\"},\"primaryImageOfPage\":{\"@id\":\"https:\/\/osaka.ma\/product\/gigabyte-g6-kf-i7-13620h-rtx-4060-8gb-16gb-ddr5-1tb-fhd-165hz-neuf\/#primaryimage\"},\"image\":{\"@id\":\"https:\/\/osaka.ma\/product\/gigabyte-g6-kf-i7-13620h-rtx-4060-8gb-16gb-ddr5-1tb-fhd-165hz-neuf\/#primaryimage\"},\"thumbnailUrl\":\"https:\/\/osaka.ma\/wp-content\/uploads\/2025\/07\/LD0006091436_0006122424.jpg\",\"datePublished\":\"2025-07-12T15:17:07+00:00\",\"dateModified\":\"2025-08-08T11:06:02+00:00\",\"description\":\"Vivez une exp\u00e9rience de jeu in\u00e9gal\u00e9e avec le GIGABYTE G6 ! \u00c9quipez-vous avec ce portable puissant et profitez de chaque instant de jeu.\",\"breadcrumb\":{\"@id\":\"https:\/\/osaka.ma\/product\/gigabyte-g6-kf-i7-13620h-rtx-4060-8gb-16gb-ddr5-1tb-fhd-165hz-neuf\/#breadcrumb\"},\"inLanguage\":\"es-ES\",\"potentialAction\":[{\"@type\":\"ReadAction\",\"target\":[\"https:\/\/osaka.ma\/product\/gigabyte-g6-kf-i7-13620h-rtx-4060-8gb-16gb-ddr5-1tb-fhd-165hz-neuf\/\"]}]},{\"@type\":\"ImageObject\",\"inLanguage\":\"es-ES\",\"@id\":\"https:\/\/osaka.ma\/product\/gigabyte-g6-kf-i7-13620h-rtx-4060-8gb-16gb-ddr5-1tb-fhd-165hz-neuf\/#primaryimage\",\"url\":\"https:\/\/osaka.ma\/wp-content\/uploads\/2025\/07\/LD0006091436_0006122424.jpg\",\"contentUrl\":\"https:\/\/osaka.ma\/wp-content\/uploads\/2025\/07\/LD0006091436_0006122424.jpg\",\"width\":705,\"height\":705,\"caption\":\"GIGABYTE G6 KF | i7 13TH | 16GB DDR5 | 1TB | RTX 4060\"},{\"@type\":\"BreadcrumbList\",\"@id\":\"https:\/\/osaka.ma\/product\/gigabyte-g6-kf-i7-13620h-rtx-4060-8gb-16gb-ddr5-1tb-fhd-165hz-neuf\/#breadcrumb\",\"itemListElement\":[{\"@type\":\"ListItem\",\"position\":1,\"name\":\"Home\",\"item\":\"https:\/\/osaka.ma\/\"},{\"@type\":\"ListItem\",\"position\":2,\"name\":\"Shop\",\"item\":\"https:\/\/osaka.ma\/shop-2\/\"},{\"@type\":\"ListItem\",\"position\":3,\"name\":\"GIGABYTE G6 KF | i7-13620H | RTX 4060 8GB | 16GB DDR5 | 1TB | FHD+ 165Hz | NEUF\"}]},{\"@type\":\"WebSite\",\"@id\":\"https:\/\/osaka.ma\/#website\",\"url\":\"https:\/\/osaka.ma\/\",\"name\":\"Osaka\",\"description\":\"\",\"publisher\":{\"@id\":\"https:\/\/osaka.ma\/#organization\"},\"potentialAction\":[{\"@type\":\"SearchAction\",\"target\":{\"@type\":\"EntryPoint\",\"urlTemplate\":\"https:\/\/osaka.ma\/?s={search_term_string}\"},\"query-input\":{\"@type\":\"PropertyValueSpecification\",\"valueRequired\":true,\"valueName\":\"search_term_string\"}}],\"inLanguage\":\"es-ES\"},{\"@type\":\"Organization\",\"@id\":\"https:\/\/osaka.ma\/#organization\",\"name\":\"Osaka\",\"url\":\"https:\/\/osaka.ma\/\",\"logo\":{\"@type\":\"ImageObject\",\"inLanguage\":\"es-ES\",\"@id\":\"https:\/\/osaka.ma\/#\/schema\/logo\/image\/\",\"url\":\"https:\/\/osaka.ma\/wp-content\/uploads\/2026\/01\/model-slogan-logo-2Plan-de-travail-1dksl-plus-finnn.png\",\"contentUrl\":\"https:\/\/osaka.ma\/wp-content\/uploads\/2026\/01\/model-slogan-logo-2Plan-de-travail-1dksl-plus-finnn.png\",\"width\":842,\"height\":226,\"caption\":\"Osaka\"},\"image\":{\"@id\":\"https:\/\/osaka.ma\/#\/schema\/logo\/image\/\"}}]}<\/script>\n<!-- \/ Yoast SEO plugin. -->","yoast_head_json":{"title":"GIGABYTE G6 : Puissance et Fluidit\u00e9 pour Gamer - Osaka","robots":{"index":"index","follow":"follow","max-snippet":"max-snippet:-1","max-image-preview":"max-image-preview:large","max-video-preview":"max-video-preview:-1"},"canonical":"https:\/\/osaka.ma\/product\/gigabyte-g6-kf-i7-13620h-rtx-4060-8gb-16gb-ddr5-1tb-fhd-165hz-neuf\/","og_locale":"es_ES","og_type":"article","og_title":"GIGABYTE G6 KF | i7-13620H | RTX 4060 8GB | 16GB DDR5 | 1TB | FHD+ 165Hz | NEUF - Osaka","og_url":"https:\/\/osaka.ma\/product\/gigabyte-g6-kf-i7-13620h-rtx-4060-8gb-16gb-ddr5-1tb-fhd-165hz-neuf\/","og_site_name":"Osaka","article_modified_time":"2025-08-08T11:06:02+00:00","og_image":[{"width":705,"height":705,"url":"https:\/\/osaka.ma\/wp-content\/uploads\/2025\/07\/LD0006091436_0006122424.jpg","type":"image\/jpeg"}],"twitter_card":"summary_large_image","twitter_misc":{"Est. reading time":"5 minutes"},"schema":{"@context":"https:\/\/schema.org","@graph":[{"@type":"WebPage","@id":"https:\/\/osaka.ma\/product\/gigabyte-g6-kf-i7-13620h-rtx-4060-8gb-16gb-ddr5-1tb-fhd-165hz-neuf\/","url":"https:\/\/osaka.ma\/product\/gigabyte-g6-kf-i7-13620h-rtx-4060-8gb-16gb-ddr5-1tb-fhd-165hz-neuf\/","name":"GIGABYTE G6 : Puissance et Fluidit\u00e9 pour Gamer - Osaka","isPartOf":{"@id":"https:\/\/osaka.ma\/#website"},"primaryImageOfPage":{"@id":"https:\/\/osaka.ma\/product\/gigabyte-g6-kf-i7-13620h-rtx-4060-8gb-16gb-ddr5-1tb-fhd-165hz-neuf\/#primaryimage"},"image":{"@id":"https:\/\/osaka.ma\/product\/gigabyte-g6-kf-i7-13620h-rtx-4060-8gb-16gb-ddr5-1tb-fhd-165hz-neuf\/#primaryimage"},"thumbnailUrl":"https:\/\/osaka.ma\/wp-content\/uploads\/2025\/07\/LD0006091436_0006122424.jpg","datePublished":"2025-07-12T15:17:07+00:00","dateModified":"2025-08-08T11:06:02+00:00","description":"Vivez une exp\u00e9rience de jeu in\u00e9gal\u00e9e avec le GIGABYTE G6 ! \u00c9quipez-vous avec ce portable puissant et profitez de chaque instant de jeu.","breadcrumb":{"@id":"https:\/\/osaka.ma\/product\/gigabyte-g6-kf-i7-13620h-rtx-4060-8gb-16gb-ddr5-1tb-fhd-165hz-neuf\/#breadcrumb"},"inLanguage":"es-ES","potentialAction":[{"@type":"ReadAction","target":["https:\/\/osaka.ma\/product\/gigabyte-g6-kf-i7-13620h-rtx-4060-8gb-16gb-ddr5-1tb-fhd-165hz-neuf\/"]}]},{"@type":"ImageObject","inLanguage":"es-ES","@id":"https:\/\/osaka.ma\/product\/gigabyte-g6-kf-i7-13620h-rtx-4060-8gb-16gb-ddr5-1tb-fhd-165hz-neuf\/#primaryimage","url":"https:\/\/osaka.ma\/wp-content\/uploads\/2025\/07\/LD0006091436_0006122424.jpg","contentUrl":"https:\/\/osaka.ma\/wp-content\/uploads\/2025\/07\/LD0006091436_0006122424.jpg","width":705,"height":705,"caption":"GIGABYTE G6 KF | i7 13TH | 16GB DDR5 | 1TB | RTX 4060"},{"@type":"BreadcrumbList","@id":"https:\/\/osaka.ma\/product\/gigabyte-g6-kf-i7-13620h-rtx-4060-8gb-16gb-ddr5-1tb-fhd-165hz-neuf\/#breadcrumb","itemListElement":[{"@type":"ListItem","position":1,"name":"Home","item":"https:\/\/osaka.ma\/"},{"@type":"ListItem","position":2,"name":"Shop","item":"https:\/\/osaka.ma\/shop-2\/"},{"@type":"ListItem","position":3,"name":"GIGABYTE G6 KF | i7-13620H | RTX 4060 8GB | 16GB DDR5 | 1TB | FHD+ 165Hz | NEUF"}]},{"@type":"WebSite","@id":"https:\/\/osaka.ma\/#website","url":"https:\/\/osaka.ma\/","name":"Osaka","description":"","publisher":{"@id":"https:\/\/osaka.ma\/#organization"},"potentialAction":[{"@type":"SearchAction","target":{"@type":"EntryPoint","urlTemplate":"https:\/\/osaka.ma\/?s={search_term_string}"},"query-input":{"@type":"PropertyValueSpecification","valueRequired":true,"valueName":"search_term_string"}}],"inLanguage":"es-ES"},{"@type":"Organization","@id":"https:\/\/osaka.ma\/#organization","name":"Osaka","url":"https:\/\/osaka.ma\/","logo":{"@type":"ImageObject","inLanguage":"es-ES","@id":"https:\/\/osaka.ma\/#\/schema\/logo\/image\/","url":"https:\/\/osaka.ma\/wp-content\/uploads\/2026\/01\/model-slogan-logo-2Plan-de-travail-1dksl-plus-finnn.png","contentUrl":"https:\/\/osaka.ma\/wp-content\/uploads\/2026\/01\/model-slogan-logo-2Plan-de-travail-1dksl-plus-finnn.png","width":842,"height":226,"caption":"Osaka"},"image":{"@id":"https:\/\/osaka.ma\/#\/schema\/logo\/image\/"}}]}},"jetpack_sharing_enabled":true,"brands":[],"_links":{"self":[{"href":"https:\/\/osaka.ma\/es\/wp-json\/wp\/v2\/product\/16840","targetHints":{"allow":["GET"]}}],"collection":[{"href":"https:\/\/osaka.ma\/es\/wp-json\/wp\/v2\/product"}],"about":[{"href":"https:\/\/osaka.ma\/es\/wp-json\/wp\/v2\/types\/product"}],"version-history":[{"count":0,"href":"https:\/\/osaka.ma\/es\/wp-json\/wp\/v2\/product\/16840\/revisions"}],"wp:featuredmedia":[{"embeddable":true,"href":"https:\/\/osaka.ma\/es\/wp-json\/wp\/v2\/media\/1016841"}],"wp:attachment":[{"href":"https:\/\/osaka.ma\/es\/wp-json\/wp\/v2\/media?parent=16840"}],"wp:term":[{"taxonomy":"pwb-brand","embeddable":true,"href":"https:\/\/osaka.ma\/es\/wp-json\/wp\/v2\/pwb-brand?post=16840"},{"taxonomy":"product_brand","embeddable":true,"href":"https:\/\/osaka.ma\/es\/wp-json\/wp\/v2\/product_brand?post=16840"},{"taxonomy":"product_cat","embeddable":true,"href":"https:\/\/osaka.ma\/es\/wp-json\/wp\/v2\/product_cat?post=16840"},{"taxonomy":"product_tag","embeddable":true,"href":"https:\/\/osaka.ma\/es\/wp-json\/wp\/v2\/product_tag?post=16840"},{"taxonomy":"pcb_component_type","embeddable":true,"href":"https:\/\/osaka.ma\/es\/wp-json\/wp\/v2\/pcb_component_type?post=16840"}],"curies":[{"name":"wp","href":"https:\/\/api.w.org\/{rel}","templated":true}]}}