{"id":16900,"date":"2025-07-15T10:39:06","date_gmt":"2025-07-15T10:39:06","guid":{"rendered":"https:\/\/osaka.ma\/?post_type=product&#038;p=16900"},"modified":"2025-11-18T14:41:21","modified_gmt":"2025-11-18T13:41:21","slug":"pc-gamer-amd-ryzen-5-3500x-radeon-rx-580-8gb-16gb-ddr4-512gb-nvme-750w-bronze-neuf","status":"publish","type":"product","link":"https:\/\/osaka.ma\/es\/product\/pc-gamer-amd-ryzen-5-3500x-radeon-rx-580-8gb-16gb-ddr4-512gb-nvme-750w-bronze-neuf\/","title":{"rendered":"PC Gamer | AMD Ryzen 5 3500X | Radeon RX 580 8GB | 16GB DDR4 | 512GB NVMe | 750W Bronze | NEUF"},"content":{"rendered":"<p data-start=\"94\" data-end=\"346\"><strong data-start=\"94\" data-end=\"152\"><img decoding=\"async\" src=\"https:\/\/osaka.ma\/wp-content\/uploads\/2025\/07\/OSA_small-300x116.png\" alt=\"OSAKA GAMING\" \/><br \/>\nPerformance accessible pour jouer, cr\u00e9er et travailler<\/strong><br data-start=\"152\" data-end=\"155\" \/>Ce PC gamer polyvalent est assembl\u00e9 dans nos ateliers avec des composants neufs et fiables. Il offre un excellent rapport qualit\u00e9-prix, un refroidissement efficace et une stabilit\u00e9 durable.<\/p>\n<p data-start=\"348\" data-end=\"494\">Que vous soyez joueur occasionnel, cr\u00e9ateur amateur ou utilisateur multit\u00e2che, cette machine r\u00e9pondra \u00e0 vos besoins avec fluidit\u00e9 et r\u00e9activit\u00e9.<\/p>\n<p data-start=\"496\" data-end=\"801\"><strong data-start=\"496\" data-end=\"509\"><img decoding=\"async\" src=\"https:\/\/osaka.ma\/wp-content\/uploads\/2025\/07\/amd_ryzen7000_x3d_001-300x188.jpg\" alt=\"AMD RYZEN\" \/><\/strong><\/p>\n<p data-start=\"496\" data-end=\"801\"><strong data-start=\"496\" data-end=\"509\">AMD RYZEN<\/strong><br data-start=\"509\" data-end=\"512\" \/><strong data-start=\"512\" data-end=\"557\">AMD Ryzen 5 3500X \u2013 Processeur performant<\/strong><br data-start=\"557\" data-end=\"560\" \/>Avec ses 6 c\u0153urs et 6 threads, cadenc\u00e9 jusqu\u2019\u00e0 4.1 GHz, ce processeur assure un tr\u00e8s bon niveau de performances pour le gaming Full HD et les t\u00e2ches quotidiennes. Sa conception moderne garantit une bonne r\u00e9activit\u00e9 et un multit\u00e2che fluide.<\/p>\n<p data-start=\"803\" data-end=\"1064\"><strong data-start=\"803\" data-end=\"820\"><img decoding=\"async\" src=\"https:\/\/encrypted-tbn0.gstatic.com\/images?q=tbn:ANd9GcTaul2pFdfZKRQhShAxJAgrnzfy6JSz9yQ9Bg&amp;s\" alt=\"ARKTEK AMD RADEON RX 580 8GB\" \/><br \/>\nRADEON RX 580<\/strong><br data-start=\"820\" data-end=\"823\" \/><strong data-start=\"823\" data-end=\"881\">AMD Radeon ARKTEK RX 580 8 Go \u2013 Carte graphique fiable<\/strong><br data-start=\"881\" data-end=\"884\" \/>Cette carte graphique offre une exp\u00e9rience fluide en Full HD avec des d\u00e9tails \u00e9lev\u00e9s. Parfaite pour jouer \u00e0 la majorit\u00e9 des titres actuels avec de bonnes performances graphiques.<\/p>\n<p data-start=\"1066\" data-end=\"1274\"><strong data-start=\"1066\" data-end=\"1119\">CORSAIR 16 Go DDR4 3200 MHz \u2013 M\u00e9moire vive rapide<\/strong><br data-start=\"1119\" data-end=\"1122\" \/>16 Go de RAM DDR4 en dual channel assurent une navigation fluide, un bon multit\u00e2che et une compatibilit\u00e9 optimale avec les jeux et logiciels modernes.<\/p>\n<p data-start=\"1276\" data-end=\"1470\"><strong data-start=\"1276\" data-end=\"1321\">Samsung 512 Go NVMe M.2 \u2013 Stockage rapide<\/strong><br data-start=\"1321\" data-end=\"1324\" \/>Un SSD NVMe performant pour des temps de chargement courts, une meilleure r\u00e9activit\u00e9 syst\u00e8me et suffisamment d\u2019espace pour vos jeux et fichiers.<\/p>\n<p data-start=\"1472\" data-end=\"1629\"><strong data-start=\"1472\" data-end=\"1511\">MSI A520M A PRO \u2013 Carte m\u00e8re stable<\/strong><br data-start=\"1511\" data-end=\"1514\" \/>Une carte m\u00e8re fiable et compatible AM4, adapt\u00e9e \u00e0 cette configuration et \u00e9volutive pour de futures mises \u00e0 jour.<\/p>\n<p data-start=\"1631\" data-end=\"1808\"><strong data-start=\"1631\" data-end=\"1676\">NOVA FREEZER CT-2U2 \u2013 Ventirad silencieux<\/strong><br data-start=\"1676\" data-end=\"1679\" \/>Ce refroidisseur assure une bonne dissipation de la chaleur tout en restant silencieux, pour une machine stable m\u00eame en charge.<\/p>\n<p data-start=\"1810\" data-end=\"2027\"><strong data-start=\"1810\" data-end=\"1873\">Bo\u00eetier + alimentation BAJEAL SP 1810 \u2013 Design et puissance<\/strong><br data-start=\"1873\" data-end=\"1876\" \/>Un bo\u00eetier noir \u00e9l\u00e9gant avec 3 ventilateurs ARGB pour un bon flux d\u2019air. L\u2019alimentation 750W 80+ Bronze garantit une alimentation stable et efficace.<\/p>\n<p data-start=\"2029\" data-end=\"2059\"><strong data-start=\"2029\" data-end=\"2057\">Pourquoi choisir ce PC ?<\/strong><\/p>\n<p data-start=\"2061\" data-end=\"2338\">\u2705 Performance \u00e9quilibr\u00e9e pour le gaming Full HD et le multim\u00e9dia<br data-start=\"2125\" data-end=\"2128\" \/>\u2705 Composants r\u00e9cents et fiables (AMD, MSI, Corsair, Samsung)<br data-start=\"2188\" data-end=\"2191\" \/>\u2705 Machine assembl\u00e9e, test\u00e9e et pr\u00eate \u00e0 l\u2019emploi<br data-start=\"2238\" data-end=\"2241\" \/>\u2705 Refroidissement efficace et design moderne avec ARGB<br data-start=\"2295\" data-end=\"2298\" \/>\u2705 Compatibilit\u00e9 Windows 10\/11 garantie<\/p>\n<p data-start=\"45\" data-end=\"77\"><strong data-start=\"45\" data-end=\"75\">Sp\u00e9cifications compl\u00e8tes :<\/strong><\/p>\n<ul data-start=\"78\" data-end=\"560\">\n<li data-start=\"78\" data-end=\"151\">\n<p data-start=\"80\" data-end=\"151\">Processeur : AMD Ryzen 5 3500X \u2013 6 c\u0153urs \/ 6 threads, jusqu\u2019\u00e0 4.1 GHz<\/p>\n<\/li>\n<li data-start=\"152\" data-end=\"211\">\n<p data-start=\"154\" data-end=\"211\">Carte graphique : AMD Radeon ARKTEK RX 580 \u2013 8 Go GDDR5<\/p>\n<\/li>\n<li data-start=\"212\" data-end=\"272\">\n<p data-start=\"214\" data-end=\"272\">RAM : CORSAIR VENGEANCE LPX 16 Go (2\u00d78 Go) DDR4 3200 MHz<\/p>\n<\/li>\n<li data-start=\"273\" data-end=\"315\">\n<p data-start=\"275\" data-end=\"315\">Stockage : SSD NVMe Samsung M.2 512 Go<\/p>\n<\/li>\n<li data-start=\"316\" data-end=\"361\">\n<p data-start=\"318\" data-end=\"361\">Carte m\u00e8re : MSI A520M A PRO \u2013 Socket AM4<\/p>\n<\/li>\n<li data-start=\"362\" data-end=\"416\">\n<p data-start=\"364\" data-end=\"416\">Refroidissement : NOVA FREEZER CT-2U2 \u2013 Aircooling<\/p>\n<\/li>\n<li data-start=\"417\" data-end=\"509\">\n<p data-start=\"419\" data-end=\"509\">Bo\u00eetier + alimentation : BAJEAL SP 1810 Noir \u2013 3 ventilateurs ARGB + PSU 750W 80+ Bronze<\/p>\n<\/li>\n<li data-start=\"510\" data-end=\"560\">\n<p data-start=\"512\" data-end=\"560\">\u00c9tat : Neuf \u2013 Assembl\u00e9, test\u00e9, pr\u00eat \u00e0 l\u2019emploi<\/p>\n<\/li>\n<\/ul>\n","protected":false},"excerpt":{"rendered":"<p data-start=\"94\" data-end=\"445\">Un PC gamer performant et \u00e9quilibr\u00e9. Silencieux et fiable. Parfait pour les joueurs souhaitant profiter de bons graphismes et d\u2019une r\u00e9activit\u00e9 fluide en Full HD. Id\u00e9al pour jouer aux titres r\u00e9cents, streamer en douceur et g\u00e9rer les t\u00e2ches multim\u00e9dia.<\/p>\n<p data-start=\"447\" data-end=\"695\"><strong data-start=\"447\" data-end=\"478\">Caract\u00e9ristiques techniques<\/strong><br data-start=\"478\" data-end=\"481\" \/>\u2022 <strong data-start=\"483\" data-end=\"556\">Processeur : AMD Ryzen 5 3500X \u2013 6 c\u0153urs \/ 6 threads, jusqu\u2019\u00e0 4.1 GHz<\/strong><br data-start=\"556\" data-end=\"559\" \/>Un processeur efficace pour le gaming et le multit\u00e2che l\u00e9ger, avec une architecture moderne offrant un excellent rapport qualit\u00e9-prix.<br \/>\n\u2022 <strong data-start=\"699\" data-end=\"758\">Carte graphique : AMD Radeon ARKTEK RX 580 \u2013 8 Go GDDR5<\/strong><br data-start=\"758\" data-end=\"761\" \/>Une carte graphique solide pour jouer en Full HD avec des r\u00e9glages \u00e9lev\u00e9s, compatible avec la plupart des jeux actuels.<br \/>\n\u2022 <strong data-start=\"884\" data-end=\"953\">M\u00e9moire vive : CORSAIR VENGEANCE LPX 16 Go (2\u00d78 Go) DDR4 3200 MHz<\/strong><br data-start=\"953\" data-end=\"956\" \/>Rapide et fiable, adapt\u00e9e pour le gaming et la productivit\u00e9 multit\u00e2che.<br \/>\n\u2022 <strong data-start=\"1031\" data-end=\"1073\">Stockage : SSD NVMe Samsung M.2 512 Go<\/strong><br data-start=\"1073\" data-end=\"1076\" \/>Des chargements rapides et un espace suffisant pour vos jeux et applications pr\u00e9f\u00e9r\u00e9s.<br \/>\n\u2022 <strong data-start=\"1166\" data-end=\"1211\">Carte m\u00e8re : MSI A520M A PRO \u2013 Socket AM4<\/strong><br data-start=\"1211\" data-end=\"1214\" \/>Stable et compatible avec les composants modernes, elle offre une bonne base pour \u00e9voluer.<br \/>\n\u2022 <strong data-start=\"1308\" data-end=\"1385\">Refroidissement : NOVA FREEZER CT-2U2 \u2013 Ventirad performant et silencieux<\/strong><br data-start=\"1385\" data-end=\"1388\" \/>Assure une bonne dissipation de la chaleur pour une machine stable et silencieuse.<br \/>\n\u2022 <strong data-start=\"1474\" data-end=\"1569\">Bo\u00eetier + Alimentation : BAJEAL SP 1810 Noir avec 3 ventilateurs ARGB + PSU 750W 80+ Bronze<\/strong><br data-start=\"1569\" data-end=\"1572\" \/>Un design \u00e9l\u00e9gant avec un excellent flux d\u2019air et une alimentation certifi\u00e9e Bronze pour une stabilit\u00e9 durable.<br \/>\n\u2022 <strong data-start=\"1687\" data-end=\"1702\">\u00c9tat : Neuf<\/strong><\/p>\n","protected":false},"featured_media":1016833,"template":"","meta":{"_acf_changed":false},"pwb-brand":[],"product_brand":[],"product_cat":[54,53],"product_tag":[171],"pcb_component_type":[],"class_list":{"0":"post-16900","1":"product","2":"type-product","3":"status-publish","4":"has-post-thumbnail","6":"product_cat-amd-ryzen","7":"product_cat-pc-gamer","8":"product_tag-ryzen","10":"first","11":"outofstock","12":"shipping-taxable","13":"product-type-simple"},"translation":{"provider":"WPGlobus","version":"3.0.2","language":"es","enabled_languages":["en","es","de","fr","ru"],"languages":{"en":{"title":true,"content":true,"excerpt":true},"es":{"title":false,"content":false,"excerpt":false},"de":{"title":false,"content":false,"excerpt":false},"fr":{"title":false,"content":false,"excerpt":false},"ru":{"title":false,"content":false,"excerpt":false}}},"acf":[],"yoast_head":"<!-- This site is optimized with the Yoast SEO plugin v27.2 - https:\/\/yoast.com\/product\/yoast-seo-wordpress\/ -->\n<title>PC Gamer: High Performance for Every Task You Need - Osaka<\/title>\n<meta name=\"robots\" content=\"index, follow, max-snippet:-1, max-image-preview:large, max-video-preview:-1\" \/>\n<link rel=\"canonical\" href=\"https:\/\/osaka.ma\/product\/pc-gamer-amd-ryzen-5-3500x-radeon-rx-580-8gb-16gb-ddr4-512gb-nvme-750w-bronze-neuf\/\" \/>\n<meta property=\"og:locale\" content=\"es_ES\" \/>\n<meta property=\"og:type\" content=\"article\" \/>\n<meta property=\"og:title\" content=\"PC Gamer | AMD Ryzen 5 3500X | Radeon RX 580 8GB | 16GB DDR4 | 512GB NVMe | 750W Bronze | NEUF - Osaka\" \/>\n<meta property=\"og:url\" content=\"https:\/\/osaka.ma\/product\/pc-gamer-amd-ryzen-5-3500x-radeon-rx-580-8gb-16gb-ddr4-512gb-nvme-750w-bronze-neuf\/\" \/>\n<meta property=\"og:site_name\" content=\"Osaka\" \/>\n<meta property=\"article:modified_time\" content=\"2025-11-18T13:41:21+00:00\" \/>\n<meta property=\"og:image\" content=\"https:\/\/osaka.ma\/wp-content\/uploads\/2025\/07\/WhatsApp-Image-2025-07-08-at-20.51.50_fb4bca30.webp\" \/>\n\t<meta property=\"og:image:width\" content=\"800\" \/>\n\t<meta property=\"og:image:height\" content=\"800\" \/>\n\t<meta property=\"og:image:type\" content=\"image\/webp\" \/>\n<meta name=\"twitter:card\" content=\"summary_large_image\" \/>\n<meta name=\"twitter:label1\" content=\"Est. reading time\" \/>\n\t<meta name=\"twitter:data1\" content=\"5 minutes\" \/>\n<script type=\"application\/ld+json\" class=\"yoast-schema-graph\">{\"@context\":\"https:\/\/schema.org\",\"@graph\":[{\"@type\":\"WebPage\",\"@id\":\"https:\/\/osaka.ma\/product\/pc-gamer-amd-ryzen-5-3500x-radeon-rx-580-8gb-16gb-ddr4-512gb-nvme-750w-bronze-neuf\/\",\"url\":\"https:\/\/osaka.ma\/product\/pc-gamer-amd-ryzen-5-3500x-radeon-rx-580-8gb-16gb-ddr4-512gb-nvme-750w-bronze-neuf\/\",\"name\":\"PC Gamer: High Performance for Every Task You Need - Osaka\",\"isPartOf\":{\"@id\":\"https:\/\/osaka.ma\/#website\"},\"primaryImageOfPage\":{\"@id\":\"https:\/\/osaka.ma\/product\/pc-gamer-amd-ryzen-5-3500x-radeon-rx-580-8gb-16gb-ddr4-512gb-nvme-750w-bronze-neuf\/#primaryimage\"},\"image\":{\"@id\":\"https:\/\/osaka.ma\/product\/pc-gamer-amd-ryzen-5-3500x-radeon-rx-580-8gb-16gb-ddr4-512gb-nvme-750w-bronze-neuf\/#primaryimage\"},\"thumbnailUrl\":\"https:\/\/osaka.ma\/wp-content\/uploads\/2025\/07\/WhatsApp-Image-2025-07-08-at-20.51.50_fb4bca30.webp\",\"datePublished\":\"2025-07-15T10:39:06+00:00\",\"dateModified\":\"2025-11-18T13:41:21+00:00\",\"description\":\"Unlock your gaming potential with the versatile PC gamer, built with reliable components for gaming, creating, and multitasking. Experience performance now!\",\"breadcrumb\":{\"@id\":\"https:\/\/osaka.ma\/product\/pc-gamer-amd-ryzen-5-3500x-radeon-rx-580-8gb-16gb-ddr4-512gb-nvme-750w-bronze-neuf\/#breadcrumb\"},\"inLanguage\":\"es-ES\",\"potentialAction\":[{\"@type\":\"ReadAction\",\"target\":[\"https:\/\/osaka.ma\/product\/pc-gamer-amd-ryzen-5-3500x-radeon-rx-580-8gb-16gb-ddr4-512gb-nvme-750w-bronze-neuf\/\"]}]},{\"@type\":\"ImageObject\",\"inLanguage\":\"es-ES\",\"@id\":\"https:\/\/osaka.ma\/product\/pc-gamer-amd-ryzen-5-3500x-radeon-rx-580-8gb-16gb-ddr4-512gb-nvme-750w-bronze-neuf\/#primaryimage\",\"url\":\"https:\/\/osaka.ma\/wp-content\/uploads\/2025\/07\/WhatsApp-Image-2025-07-08-at-20.51.50_fb4bca30.webp\",\"contentUrl\":\"https:\/\/osaka.ma\/wp-content\/uploads\/2025\/07\/WhatsApp-Image-2025-07-08-at-20.51.50_fb4bca30.webp\",\"width\":800,\"height\":800,\"caption\":\"Gaming PC | Ryzen 5 7600X | RTX 5060 8GB | 32GB DDR5 | 1TB NVMe | 750W Bronze | NEW\"},{\"@type\":\"BreadcrumbList\",\"@id\":\"https:\/\/osaka.ma\/product\/pc-gamer-amd-ryzen-5-3500x-radeon-rx-580-8gb-16gb-ddr4-512gb-nvme-750w-bronze-neuf\/#breadcrumb\",\"itemListElement\":[{\"@type\":\"ListItem\",\"position\":1,\"name\":\"Home\",\"item\":\"https:\/\/osaka.ma\/\"},{\"@type\":\"ListItem\",\"position\":2,\"name\":\"Shop\",\"item\":\"https:\/\/osaka.ma\/shop-2\/\"},{\"@type\":\"ListItem\",\"position\":3,\"name\":\"PC Gamer | AMD Ryzen 5 3500X | Radeon RX 580 8GB | 16GB DDR4 | 512GB NVMe | 750W Bronze | NEUF\"}]},{\"@type\":\"WebSite\",\"@id\":\"https:\/\/osaka.ma\/#website\",\"url\":\"https:\/\/osaka.ma\/\",\"name\":\"Osaka\",\"description\":\"\",\"publisher\":{\"@id\":\"https:\/\/osaka.ma\/#organization\"},\"potentialAction\":[{\"@type\":\"SearchAction\",\"target\":{\"@type\":\"EntryPoint\",\"urlTemplate\":\"https:\/\/osaka.ma\/?s={search_term_string}\"},\"query-input\":{\"@type\":\"PropertyValueSpecification\",\"valueRequired\":true,\"valueName\":\"search_term_string\"}}],\"inLanguage\":\"es-ES\"},{\"@type\":\"Organization\",\"@id\":\"https:\/\/osaka.ma\/#organization\",\"name\":\"Osaka\",\"url\":\"https:\/\/osaka.ma\/\",\"logo\":{\"@type\":\"ImageObject\",\"inLanguage\":\"es-ES\",\"@id\":\"https:\/\/osaka.ma\/#\/schema\/logo\/image\/\",\"url\":\"https:\/\/osaka.ma\/wp-content\/uploads\/2026\/01\/model-slogan-logo-2Plan-de-travail-1dksl-plus-finnn.png\",\"contentUrl\":\"https:\/\/osaka.ma\/wp-content\/uploads\/2026\/01\/model-slogan-logo-2Plan-de-travail-1dksl-plus-finnn.png\",\"width\":842,\"height\":226,\"caption\":\"Osaka\"},\"image\":{\"@id\":\"https:\/\/osaka.ma\/#\/schema\/logo\/image\/\"}}]}<\/script>\n<!-- \/ Yoast SEO plugin. -->","yoast_head_json":{"title":"PC Gamer: High Performance for Every Task You Need - Osaka","robots":{"index":"index","follow":"follow","max-snippet":"max-snippet:-1","max-image-preview":"max-image-preview:large","max-video-preview":"max-video-preview:-1"},"canonical":"https:\/\/osaka.ma\/product\/pc-gamer-amd-ryzen-5-3500x-radeon-rx-580-8gb-16gb-ddr4-512gb-nvme-750w-bronze-neuf\/","og_locale":"es_ES","og_type":"article","og_title":"PC Gamer | AMD Ryzen 5 3500X | Radeon RX 580 8GB | 16GB DDR4 | 512GB NVMe | 750W Bronze | NEUF - Osaka","og_url":"https:\/\/osaka.ma\/product\/pc-gamer-amd-ryzen-5-3500x-radeon-rx-580-8gb-16gb-ddr4-512gb-nvme-750w-bronze-neuf\/","og_site_name":"Osaka","article_modified_time":"2025-11-18T13:41:21+00:00","og_image":[{"width":800,"height":800,"url":"https:\/\/osaka.ma\/wp-content\/uploads\/2025\/07\/WhatsApp-Image-2025-07-08-at-20.51.50_fb4bca30.webp","type":"image\/webp"}],"twitter_card":"summary_large_image","twitter_misc":{"Est. reading time":"5 minutes"},"schema":{"@context":"https:\/\/schema.org","@graph":[{"@type":"WebPage","@id":"https:\/\/osaka.ma\/product\/pc-gamer-amd-ryzen-5-3500x-radeon-rx-580-8gb-16gb-ddr4-512gb-nvme-750w-bronze-neuf\/","url":"https:\/\/osaka.ma\/product\/pc-gamer-amd-ryzen-5-3500x-radeon-rx-580-8gb-16gb-ddr4-512gb-nvme-750w-bronze-neuf\/","name":"PC Gamer: High Performance for Every Task You Need - Osaka","isPartOf":{"@id":"https:\/\/osaka.ma\/#website"},"primaryImageOfPage":{"@id":"https:\/\/osaka.ma\/product\/pc-gamer-amd-ryzen-5-3500x-radeon-rx-580-8gb-16gb-ddr4-512gb-nvme-750w-bronze-neuf\/#primaryimage"},"image":{"@id":"https:\/\/osaka.ma\/product\/pc-gamer-amd-ryzen-5-3500x-radeon-rx-580-8gb-16gb-ddr4-512gb-nvme-750w-bronze-neuf\/#primaryimage"},"thumbnailUrl":"https:\/\/osaka.ma\/wp-content\/uploads\/2025\/07\/WhatsApp-Image-2025-07-08-at-20.51.50_fb4bca30.webp","datePublished":"2025-07-15T10:39:06+00:00","dateModified":"2025-11-18T13:41:21+00:00","description":"Unlock your gaming potential with the versatile PC gamer, built with reliable components for gaming, creating, and multitasking. Experience performance now!","breadcrumb":{"@id":"https:\/\/osaka.ma\/product\/pc-gamer-amd-ryzen-5-3500x-radeon-rx-580-8gb-16gb-ddr4-512gb-nvme-750w-bronze-neuf\/#breadcrumb"},"inLanguage":"es-ES","potentialAction":[{"@type":"ReadAction","target":["https:\/\/osaka.ma\/product\/pc-gamer-amd-ryzen-5-3500x-radeon-rx-580-8gb-16gb-ddr4-512gb-nvme-750w-bronze-neuf\/"]}]},{"@type":"ImageObject","inLanguage":"es-ES","@id":"https:\/\/osaka.ma\/product\/pc-gamer-amd-ryzen-5-3500x-radeon-rx-580-8gb-16gb-ddr4-512gb-nvme-750w-bronze-neuf\/#primaryimage","url":"https:\/\/osaka.ma\/wp-content\/uploads\/2025\/07\/WhatsApp-Image-2025-07-08-at-20.51.50_fb4bca30.webp","contentUrl":"https:\/\/osaka.ma\/wp-content\/uploads\/2025\/07\/WhatsApp-Image-2025-07-08-at-20.51.50_fb4bca30.webp","width":800,"height":800,"caption":"Gaming PC | Ryzen 5 7600X | RTX 5060 8GB | 32GB DDR5 | 1TB NVMe | 750W Bronze | NEW"},{"@type":"BreadcrumbList","@id":"https:\/\/osaka.ma\/product\/pc-gamer-amd-ryzen-5-3500x-radeon-rx-580-8gb-16gb-ddr4-512gb-nvme-750w-bronze-neuf\/#breadcrumb","itemListElement":[{"@type":"ListItem","position":1,"name":"Home","item":"https:\/\/osaka.ma\/"},{"@type":"ListItem","position":2,"name":"Shop","item":"https:\/\/osaka.ma\/shop-2\/"},{"@type":"ListItem","position":3,"name":"PC Gamer | AMD Ryzen 5 3500X | Radeon RX 580 8GB | 16GB DDR4 | 512GB NVMe | 750W Bronze | NEUF"}]},{"@type":"WebSite","@id":"https:\/\/osaka.ma\/#website","url":"https:\/\/osaka.ma\/","name":"Osaka","description":"","publisher":{"@id":"https:\/\/osaka.ma\/#organization"},"potentialAction":[{"@type":"SearchAction","target":{"@type":"EntryPoint","urlTemplate":"https:\/\/osaka.ma\/?s={search_term_string}"},"query-input":{"@type":"PropertyValueSpecification","valueRequired":true,"valueName":"search_term_string"}}],"inLanguage":"es-ES"},{"@type":"Organization","@id":"https:\/\/osaka.ma\/#organization","name":"Osaka","url":"https:\/\/osaka.ma\/","logo":{"@type":"ImageObject","inLanguage":"es-ES","@id":"https:\/\/osaka.ma\/#\/schema\/logo\/image\/","url":"https:\/\/osaka.ma\/wp-content\/uploads\/2026\/01\/model-slogan-logo-2Plan-de-travail-1dksl-plus-finnn.png","contentUrl":"https:\/\/osaka.ma\/wp-content\/uploads\/2026\/01\/model-slogan-logo-2Plan-de-travail-1dksl-plus-finnn.png","width":842,"height":226,"caption":"Osaka"},"image":{"@id":"https:\/\/osaka.ma\/#\/schema\/logo\/image\/"}}]}},"jetpack_sharing_enabled":true,"brands":[],"_links":{"self":[{"href":"https:\/\/osaka.ma\/es\/wp-json\/wp\/v2\/product\/16900","targetHints":{"allow":["GET"]}}],"collection":[{"href":"https:\/\/osaka.ma\/es\/wp-json\/wp\/v2\/product"}],"about":[{"href":"https:\/\/osaka.ma\/es\/wp-json\/wp\/v2\/types\/product"}],"version-history":[{"count":0,"href":"https:\/\/osaka.ma\/es\/wp-json\/wp\/v2\/product\/16900\/revisions"}],"wp:featuredmedia":[{"embeddable":true,"href":"https:\/\/osaka.ma\/es\/wp-json\/wp\/v2\/media\/1016833"}],"wp:attachment":[{"href":"https:\/\/osaka.ma\/es\/wp-json\/wp\/v2\/media?parent=16900"}],"wp:term":[{"taxonomy":"pwb-brand","embeddable":true,"href":"https:\/\/osaka.ma\/es\/wp-json\/wp\/v2\/pwb-brand?post=16900"},{"taxonomy":"product_brand","embeddable":true,"href":"https:\/\/osaka.ma\/es\/wp-json\/wp\/v2\/product_brand?post=16900"},{"taxonomy":"product_cat","embeddable":true,"href":"https:\/\/osaka.ma\/es\/wp-json\/wp\/v2\/product_cat?post=16900"},{"taxonomy":"product_tag","embeddable":true,"href":"https:\/\/osaka.ma\/es\/wp-json\/wp\/v2\/product_tag?post=16900"},{"taxonomy":"pcb_component_type","embeddable":true,"href":"https:\/\/osaka.ma\/es\/wp-json\/wp\/v2\/pcb_component_type?post=16900"}],"curies":[{"name":"wp","href":"https:\/\/api.w.org\/{rel}","templated":true}]}}