{"id":17059,"date":"2025-07-24T18:41:40","date_gmt":"2025-07-24T17:41:40","guid":{"rendered":"https:\/\/osaka.ma\/?post_type=product&#038;p=17059"},"modified":"2025-08-08T12:15:47","modified_gmt":"2025-08-08T11:15:47","slug":"asus-proart-p16-oled-h7606wi-ryzen-ai-9-hx370-64gb-2tb-rtx4070-8gb-4k-oled-comme-neuf","status":"publish","type":"product","link":"https:\/\/osaka.ma\/es\/product\/asus-proart-p16-oled-h7606wi-ryzen-ai-9-hx370-64gb-2tb-rtx4070-8gb-4k-oled-comme-neuf\/","title":{"rendered":"ASUS ProArt P16 OLED H7606WI Ryzen AI 9 HX370 | 64GB | 2TB | RTX4070 8GB | 4K OLED | Comme Neuf"},"content":{"rendered":"<div class=\"logo\"><img decoding=\"async\" class=\"aligncenter\" src=\"https:\/\/media.ldlc.com\/v3\/marque\/bo\/00\/05\/62\/42\/V30005624251_2.jpg\" alt=\"ASUS\" \/><\/div>\n<div id=\"description\" class=\"description\">\n<div class=\"details-pdt-desc\">\n<h2 class=\"h2-master\">Une station de travail puissante pour la cr\u00e9ation<\/h2>\n<section><strong data-start=\"60\" data-end=\"82\">Le ProArt P16 OLED<\/strong> est l\u2019outil id\u00e9al pour les cr\u00e9ateurs nomades. Son \u00e9cran tactile OLED offre une pr\u00e9cision des couleurs remarquable, tandis que ses ports vari\u00e9s assurent une connectivit\u00e9 compl\u00e8te. Avec l\u2019IA, une robustesse militaire et une grande autonomie, il transforme chaque lieu en studio mobile.<\/section>\n<section>\n<div class=\"desc-image\"><img decoding=\"async\" src=\"https:\/\/media.ldlc.com\/bo\/images\/fiches\/pc_portables\/asus\/H7606\/801.jpg\" alt=\"\" \/><\/div>\n<div class=\"desc-text\">\n<h2>Performances Boost\u00e9es par l&#8217;IA<\/h2>\n<p>Dot\u00e9 d&#8217;un processeur AMD Ryzen AI 9 HX 370, cet ordinateur portable ASUS s&#8217;affranchit des t\u00e2ches avec une aisance professionnelle. La conception thermique avanc\u00e9e garantit des performances de pointe durables. Les performances monoc\u0153ur et multic\u0153ur dominantes permettent d&#8217;importer et d&#8217;effectuer le rendu de s\u00e9quences 4K exigeantes en un clin d&#8217;\u0153il.<\/p>\n<\/div>\n<\/section>\n<section>\n<div class=\"desc-text\">\n<h2>\u00c9cran tactile OLED Haute R\u00e9solution<\/h2>\n<p>Profitez d&#8217;une cr\u00e9ativit\u00e9 sans limite avec le ProArt P16, dot\u00e9 de l&#8217;\u00e9cran tactile ASUS Lumina OLED, o\u00f9 chaque pixel raconte une histoire. Cet \u00e9cran tactile OLED 4K avec prise en charge du stylet am\u00e9liore les projets en offrant des couleurs \u00e9clatantes et des d\u00e9tails pr\u00e9cis. Con\u00e7u pour une inspiration permanente, cet \u00e9cran respectueux des yeux s&#8217;adapte \u00e0 toutes les lumi\u00e8res.<\/p>\n<\/div>\n<div class=\"desc-image\"><img decoding=\"async\" src=\"https:\/\/media.ldlc.com\/bo\/images\/fiches\/pc_portables\/asus\/H7606\/802.jpg\" alt=\"\" \/><\/div>\n<\/section>\n<section>\n<div class=\"desc-image\"><img decoding=\"async\" src=\"https:\/\/media.ldlc.com\/bo\/images\/fiches\/pc_portables\/asus\/H7606\/803.jpg\" alt=\"\" \/><\/div>\n<div class=\"desc-text\">\n<h2>Refroidissement optimis\u00e9<\/h2>\n<p>Travaillez en silence, m\u00eame pendant les t\u00e2ches les plus exigeantes. Avec la technologie Ambient Cooling, le ProArt P16 maintient des performances \u00e9lev\u00e9es tout en restant silencieux . Ses trois ventilateurs et le m\u00e9tal liquide assurent un refroidissement efficace, tandis qu\u2019un ventilateur d\u00e9di\u00e9 optimise la dissipation thermique du CPU et GPU pendant les rendus lourds.<\/p>\n<\/div>\n<\/section>\n<section>\n<div class=\"desc-text\">\n<h2>DialPad : tout un monde entre vos mains !<\/h2>\n<p>D\u00e9couvrez de nouvelles fa\u00e7ons de travailler avec l&#8217;innovant ASUS DialPad, une molette physique intuitive qui vous permet de contr\u00f4ler instantan\u00e9ment et pr\u00e9cis\u00e9ment du bout des doigts les param\u00e8tres de vos applications cr\u00e9atives. De plus, la possibilit\u00e9 de modifier la taille du pinceau ou d\u2019annuler une action \u00e0 tout moment renforce l\u2019efficacit\u00e9 de votre workflow cr\u00e9atif. Il est enti\u00e8rement personnalisable et fonctionne avec de nombreuses applications !<\/p>\n<\/div>\n<div class=\"desc-image\"><img decoding=\"async\" src=\"https:\/\/media.ldlc.com\/bo\/images\/fiches\/pc_portables\/asus\/H7606\/804.jpg\" alt=\"\" \/><\/div>\n<\/section>\n<section class=\"list\">\n<h2>Caract\u00e9ristiques principales :<\/h2>\n<ul>\n<li><strong>Processeur AMD Ryzen AI 9 HX 370<\/strong><\/li>\n<li>64 Go de m\u00e9moire DDR5 avec frequence de 7500MHz (2 slots)<\/li>\n<li>\u00c9cran OLED tactile de 16 pouces avec r\u00e9solution\u00a0<strong>de 3840 x 2400<\/strong><\/li>\n<li>Puce graphique\u00a0<strong>NVIDIA GeForce RTX 4070\u00a0<\/strong>avec 8 Go de m\u00e9moire GDDR6<\/li>\n<li><strong>SSD M.2 PCIe 4.0 de 2 To<\/strong>\u00a0+ 1 emplacement M.2 PCIe libre<\/li>\n<li>Communication sans fil\u00a0<strong>Wi-Fi 7<\/strong>\u00a0+\u00a0<strong>Bluetooth 5.4<\/strong><\/li>\n<li>Clavier \u00e0 touches r\u00e9tro\u00e9clair\u00e9es + ASUS Dial int\u00e9gr\u00e9<\/li>\n<li>Webcam FHD IR<\/li>\n<li><strong>Windows 11 Famille<\/strong><\/li>\n<\/ul>\n<\/section>\n<\/div>\n<\/div>\n","protected":false},"excerpt":{"rendered":"<p><strong data-start=\"116\" data-end=\"144\">Boostez votre cr\u00e9ativit\u00e9<\/strong> gr\u00e2ce au Ryzen AI 9 HX 370 et \u00e0 la RTX 4070. L\u2019\u00e9cran OLED tactile 16\u2033 4K+ affiche des images d\u2019une clart\u00e9 exceptionnelle.<br data-start=\"266\" data-end=\"269\" \/><strong data-start=\"269\" data-end=\"280\">De plus<\/strong>, avec 64 Go de RAM \u00e0 7500 MHz et un SSD de 2 To, la r\u00e9activit\u00e9 est imm\u00e9diate.<br data-start=\"358\" data-end=\"361\" \/><strong data-start=\"361\" data-end=\"370\" data-is-only-node=\"\">Enfin<\/strong>, profitez du Wi-Fi 7, du clavier r\u00e9tro\u00e9clair\u00e9 avec ASUS Dial et de Windows 11 pour une exp\u00e9rience compl\u00e8te et fluide.<\/p>\n<h5>Caract\u00e9ristiques principales :<\/h5>\n<ul>\n<li><strong>Processeur AMD Ryzen AI 9 HX 370<\/strong><\/li>\n<li>64 Go de m\u00e9moire DDR5 avec fr\u00e9quence de 7500MHz<\/li>\n<li>\u00c9cran OLED tactile de 16 pouces avec r\u00e9solution\u00a0<strong>de 3840 x 2400<\/strong><\/li>\n<li><strong>NVIDIA GeForce RTX 4070 <\/strong>avec 8 Go de m\u00e9moire GDDR6<\/li>\n<li><strong>SSD M.2 PCIe 4.0 de 2 To<\/strong>\u00a0+ 1 emplacement M.2 PCIe libre<\/li>\n<li>Communication sans fil\u00a0<strong>Wi-Fi 7<\/strong>\u00a0+\u00a0<strong>Bluetooth 5.4<\/strong><\/li>\n<li>Clavier \u00e0 touches r\u00e9tro\u00e9clair\u00e9es + ASUS Dial int\u00e9gr\u00e9<\/li>\n<li>Webcam FHD IR<\/li>\n<li><strong>Occasion<\/strong> &#8211; Comme Neuf<\/li>\n<li><strong>Windows 11 Famille<\/strong><\/li>\n<\/ul>\n","protected":false},"featured_media":1017060,"template":"","meta":{"_acf_changed":false},"pwb-brand":[],"product_brand":[],"product_cat":[121,126],"product_tag":[],"pcb_component_type":[],"class_list":{"0":"post-17059","1":"product","2":"type-product","3":"status-publish","4":"has-post-thumbnail","6":"product_cat-pc-portable","7":"product_cat-professional","9":"first","10":"outofstock","11":"shipping-taxable","12":"product-type-simple"},"translation":{"provider":"WPGlobus","version":"3.0.2","language":"es","enabled_languages":["en","es","de","fr","ru"],"languages":{"en":{"title":true,"content":true,"excerpt":true},"es":{"title":false,"content":false,"excerpt":false},"de":{"title":false,"content":false,"excerpt":false},"fr":{"title":false,"content":false,"excerpt":false},"ru":{"title":false,"content":false,"excerpt":false}}},"acf":[],"yoast_head":"<!-- This site is optimized with the Yoast SEO plugin v27.2 - https:\/\/yoast.com\/product\/yoast-seo-wordpress\/ -->\n<title>ASUS ProArt P16 OLED H7606WI Ryzen AI 9 HX370 | 64GB | 2TB | RTX4070 8GB | 4K OLED | Comme Neuf - Osaka<\/title>\n<meta name=\"robots\" content=\"index, follow, max-snippet:-1, max-image-preview:large, max-video-preview:-1\" \/>\n<link rel=\"canonical\" href=\"https:\/\/osaka.ma\/es\/product\/asus-proart-p16-oled-h7606wi-ryzen-ai-9-hx370-64gb-2tb-rtx4070-8gb-4k-oled-comme-neuf\/\" \/>\n<meta property=\"og:locale\" content=\"es_ES\" \/>\n<meta property=\"og:type\" content=\"article\" \/>\n<meta property=\"og:title\" content=\"ASUS ProArt P16 OLED H7606WI Ryzen AI 9 HX370 | 64GB | 2TB | RTX4070 8GB | 4K OLED | Comme Neuf - Osaka\" \/>\n<meta property=\"og:url\" content=\"https:\/\/osaka.ma\/es\/product\/asus-proart-p16-oled-h7606wi-ryzen-ai-9-hx370-64gb-2tb-rtx4070-8gb-4k-oled-comme-neuf\/\" \/>\n<meta property=\"og:site_name\" content=\"Osaka\" \/>\n<meta property=\"article:modified_time\" content=\"2025-08-08T11:15:47+00:00\" \/>\n<meta property=\"og:image\" content=\"https:\/\/osaka.ma\/wp-content\/uploads\/2025\/07\/ASUS-PROART.jpg\" \/>\n\t<meta property=\"og:image:width\" content=\"1600\" \/>\n\t<meta property=\"og:image:height\" content=\"1600\" \/>\n\t<meta property=\"og:image:type\" content=\"image\/jpeg\" \/>\n<meta name=\"twitter:card\" content=\"summary_large_image\" \/>\n<meta name=\"twitter:label1\" content=\"Est. reading time\" \/>\n\t<meta name=\"twitter:data1\" content=\"5 minutes\" \/>\n<script type=\"application\/ld+json\" class=\"yoast-schema-graph\">{\"@context\":\"https:\/\/schema.org\",\"@graph\":[{\"@type\":\"WebPage\",\"@id\":\"https:\/\/osaka.ma\/es\/product\/asus-proart-p16-oled-h7606wi-ryzen-ai-9-hx370-64gb-2tb-rtx4070-8gb-4k-oled-comme-neuf\/\",\"url\":\"https:\/\/osaka.ma\/es\/product\/asus-proart-p16-oled-h7606wi-ryzen-ai-9-hx370-64gb-2tb-rtx4070-8gb-4k-oled-comme-neuf\/\",\"name\":\"ASUS ProArt P16 OLED H7606WI Ryzen AI 9 HX370 | 64GB | 2TB | RTX4070 8GB | 4K OLED | Comme Neuf - Osaka\",\"isPartOf\":{\"@id\":\"https:\/\/osaka.ma\/#website\"},\"primaryImageOfPage\":{\"@id\":\"https:\/\/osaka.ma\/es\/product\/asus-proart-p16-oled-h7606wi-ryzen-ai-9-hx370-64gb-2tb-rtx4070-8gb-4k-oled-comme-neuf\/#primaryimage\"},\"image\":{\"@id\":\"https:\/\/osaka.ma\/es\/product\/asus-proart-p16-oled-h7606wi-ryzen-ai-9-hx370-64gb-2tb-rtx4070-8gb-4k-oled-comme-neuf\/#primaryimage\"},\"thumbnailUrl\":\"https:\/\/osaka.ma\/wp-content\/uploads\/2025\/07\/ASUS-PROART.jpg\",\"datePublished\":\"2025-07-24T17:41:40+00:00\",\"dateModified\":\"2025-08-08T11:15:47+00:00\",\"description\":\"D\u00e9couvrez le ProArt, l'ordinateur portable id\u00e9al pour les cr\u00e9ateurs ! Son \u00e9cran OLED tactile offre des couleurs \u00e9clatantes et une cr\u00e9ativit\u00e9 in\u00e9gal\u00e9e.\",\"breadcrumb\":{\"@id\":\"https:\/\/osaka.ma\/es\/product\/asus-proart-p16-oled-h7606wi-ryzen-ai-9-hx370-64gb-2tb-rtx4070-8gb-4k-oled-comme-neuf\/#breadcrumb\"},\"inLanguage\":\"es-ES\",\"potentialAction\":[{\"@type\":\"ReadAction\",\"target\":[\"https:\/\/osaka.ma\/es\/product\/asus-proart-p16-oled-h7606wi-ryzen-ai-9-hx370-64gb-2tb-rtx4070-8gb-4k-oled-comme-neuf\/\"]}]},{\"@type\":\"ImageObject\",\"inLanguage\":\"es-ES\",\"@id\":\"https:\/\/osaka.ma\/es\/product\/asus-proart-p16-oled-h7606wi-ryzen-ai-9-hx370-64gb-2tb-rtx4070-8gb-4k-oled-comme-neuf\/#primaryimage\",\"url\":\"https:\/\/osaka.ma\/wp-content\/uploads\/2025\/07\/ASUS-PROART.jpg\",\"contentUrl\":\"https:\/\/osaka.ma\/wp-content\/uploads\/2025\/07\/ASUS-PROART.jpg\",\"width\":1600,\"height\":1600,\"caption\":\"ASUS PROART\"},{\"@type\":\"BreadcrumbList\",\"@id\":\"https:\/\/osaka.ma\/es\/product\/asus-proart-p16-oled-h7606wi-ryzen-ai-9-hx370-64gb-2tb-rtx4070-8gb-4k-oled-comme-neuf\/#breadcrumb\",\"itemListElement\":[{\"@type\":\"ListItem\",\"position\":1,\"name\":\"Home\",\"item\":\"https:\/\/osaka.ma\/\"},{\"@type\":\"ListItem\",\"position\":2,\"name\":\"Shop\",\"item\":\"https:\/\/osaka.ma\/shop-2\/\"},{\"@type\":\"ListItem\",\"position\":3,\"name\":\"ASUS ProArt P16 OLED H7606WI Ryzen AI 9 HX370 | 64GB | 2TB | RTX4070 8GB | 4K OLED | Comme Neuf\"}]},{\"@type\":\"WebSite\",\"@id\":\"https:\/\/osaka.ma\/#website\",\"url\":\"https:\/\/osaka.ma\/\",\"name\":\"Osaka\",\"description\":\"\",\"publisher\":{\"@id\":\"https:\/\/osaka.ma\/#organization\"},\"potentialAction\":[{\"@type\":\"SearchAction\",\"target\":{\"@type\":\"EntryPoint\",\"urlTemplate\":\"https:\/\/osaka.ma\/?s={search_term_string}\"},\"query-input\":{\"@type\":\"PropertyValueSpecification\",\"valueRequired\":true,\"valueName\":\"search_term_string\"}}],\"inLanguage\":\"es-ES\"},{\"@type\":\"Organization\",\"@id\":\"https:\/\/osaka.ma\/#organization\",\"name\":\"Osaka\",\"url\":\"https:\/\/osaka.ma\/\",\"logo\":{\"@type\":\"ImageObject\",\"inLanguage\":\"es-ES\",\"@id\":\"https:\/\/osaka.ma\/#\/schema\/logo\/image\/\",\"url\":\"https:\/\/osaka.ma\/wp-content\/uploads\/2026\/01\/model-slogan-logo-2Plan-de-travail-1dksl-plus-finnn.png\",\"contentUrl\":\"https:\/\/osaka.ma\/wp-content\/uploads\/2026\/01\/model-slogan-logo-2Plan-de-travail-1dksl-plus-finnn.png\",\"width\":842,\"height\":226,\"caption\":\"Osaka\"},\"image\":{\"@id\":\"https:\/\/osaka.ma\/#\/schema\/logo\/image\/\"}}]}<\/script>\n<!-- \/ Yoast SEO plugin. -->","yoast_head_json":{"title":"ASUS ProArt P16 OLED H7606WI Ryzen AI 9 HX370 | 64GB | 2TB | RTX4070 8GB | 4K OLED | Comme Neuf - Osaka","robots":{"index":"index","follow":"follow","max-snippet":"max-snippet:-1","max-image-preview":"max-image-preview:large","max-video-preview":"max-video-preview:-1"},"canonical":"https:\/\/osaka.ma\/es\/product\/asus-proart-p16-oled-h7606wi-ryzen-ai-9-hx370-64gb-2tb-rtx4070-8gb-4k-oled-comme-neuf\/","og_locale":"es_ES","og_type":"article","og_title":"ASUS ProArt P16 OLED H7606WI Ryzen AI 9 HX370 | 64GB | 2TB | RTX4070 8GB | 4K OLED | Comme Neuf - Osaka","og_url":"https:\/\/osaka.ma\/es\/product\/asus-proart-p16-oled-h7606wi-ryzen-ai-9-hx370-64gb-2tb-rtx4070-8gb-4k-oled-comme-neuf\/","og_site_name":"Osaka","article_modified_time":"2025-08-08T11:15:47+00:00","og_image":[{"width":1600,"height":1600,"url":"https:\/\/osaka.ma\/wp-content\/uploads\/2025\/07\/ASUS-PROART.jpg","type":"image\/jpeg"}],"twitter_card":"summary_large_image","twitter_misc":{"Est. reading time":"5 minutes"},"schema":{"@context":"https:\/\/schema.org","@graph":[{"@type":"WebPage","@id":"https:\/\/osaka.ma\/es\/product\/asus-proart-p16-oled-h7606wi-ryzen-ai-9-hx370-64gb-2tb-rtx4070-8gb-4k-oled-comme-neuf\/","url":"https:\/\/osaka.ma\/es\/product\/asus-proart-p16-oled-h7606wi-ryzen-ai-9-hx370-64gb-2tb-rtx4070-8gb-4k-oled-comme-neuf\/","name":"ASUS ProArt P16 OLED H7606WI Ryzen AI 9 HX370 | 64GB | 2TB | RTX4070 8GB | 4K OLED | Comme Neuf - Osaka","isPartOf":{"@id":"https:\/\/osaka.ma\/#website"},"primaryImageOfPage":{"@id":"https:\/\/osaka.ma\/es\/product\/asus-proart-p16-oled-h7606wi-ryzen-ai-9-hx370-64gb-2tb-rtx4070-8gb-4k-oled-comme-neuf\/#primaryimage"},"image":{"@id":"https:\/\/osaka.ma\/es\/product\/asus-proart-p16-oled-h7606wi-ryzen-ai-9-hx370-64gb-2tb-rtx4070-8gb-4k-oled-comme-neuf\/#primaryimage"},"thumbnailUrl":"https:\/\/osaka.ma\/wp-content\/uploads\/2025\/07\/ASUS-PROART.jpg","datePublished":"2025-07-24T17:41:40+00:00","dateModified":"2025-08-08T11:15:47+00:00","description":"D\u00e9couvrez le ProArt, l'ordinateur portable id\u00e9al pour les cr\u00e9ateurs ! Son \u00e9cran OLED tactile offre des couleurs \u00e9clatantes et une cr\u00e9ativit\u00e9 in\u00e9gal\u00e9e.","breadcrumb":{"@id":"https:\/\/osaka.ma\/es\/product\/asus-proart-p16-oled-h7606wi-ryzen-ai-9-hx370-64gb-2tb-rtx4070-8gb-4k-oled-comme-neuf\/#breadcrumb"},"inLanguage":"es-ES","potentialAction":[{"@type":"ReadAction","target":["https:\/\/osaka.ma\/es\/product\/asus-proart-p16-oled-h7606wi-ryzen-ai-9-hx370-64gb-2tb-rtx4070-8gb-4k-oled-comme-neuf\/"]}]},{"@type":"ImageObject","inLanguage":"es-ES","@id":"https:\/\/osaka.ma\/es\/product\/asus-proart-p16-oled-h7606wi-ryzen-ai-9-hx370-64gb-2tb-rtx4070-8gb-4k-oled-comme-neuf\/#primaryimage","url":"https:\/\/osaka.ma\/wp-content\/uploads\/2025\/07\/ASUS-PROART.jpg","contentUrl":"https:\/\/osaka.ma\/wp-content\/uploads\/2025\/07\/ASUS-PROART.jpg","width":1600,"height":1600,"caption":"ASUS PROART"},{"@type":"BreadcrumbList","@id":"https:\/\/osaka.ma\/es\/product\/asus-proart-p16-oled-h7606wi-ryzen-ai-9-hx370-64gb-2tb-rtx4070-8gb-4k-oled-comme-neuf\/#breadcrumb","itemListElement":[{"@type":"ListItem","position":1,"name":"Home","item":"https:\/\/osaka.ma\/"},{"@type":"ListItem","position":2,"name":"Shop","item":"https:\/\/osaka.ma\/shop-2\/"},{"@type":"ListItem","position":3,"name":"ASUS ProArt P16 OLED H7606WI Ryzen AI 9 HX370 | 64GB | 2TB | RTX4070 8GB | 4K OLED | Comme Neuf"}]},{"@type":"WebSite","@id":"https:\/\/osaka.ma\/#website","url":"https:\/\/osaka.ma\/","name":"Osaka","description":"","publisher":{"@id":"https:\/\/osaka.ma\/#organization"},"potentialAction":[{"@type":"SearchAction","target":{"@type":"EntryPoint","urlTemplate":"https:\/\/osaka.ma\/?s={search_term_string}"},"query-input":{"@type":"PropertyValueSpecification","valueRequired":true,"valueName":"search_term_string"}}],"inLanguage":"es-ES"},{"@type":"Organization","@id":"https:\/\/osaka.ma\/#organization","name":"Osaka","url":"https:\/\/osaka.ma\/","logo":{"@type":"ImageObject","inLanguage":"es-ES","@id":"https:\/\/osaka.ma\/#\/schema\/logo\/image\/","url":"https:\/\/osaka.ma\/wp-content\/uploads\/2026\/01\/model-slogan-logo-2Plan-de-travail-1dksl-plus-finnn.png","contentUrl":"https:\/\/osaka.ma\/wp-content\/uploads\/2026\/01\/model-slogan-logo-2Plan-de-travail-1dksl-plus-finnn.png","width":842,"height":226,"caption":"Osaka"},"image":{"@id":"https:\/\/osaka.ma\/#\/schema\/logo\/image\/"}}]}},"jetpack_sharing_enabled":true,"brands":[],"_links":{"self":[{"href":"https:\/\/osaka.ma\/es\/wp-json\/wp\/v2\/product\/17059","targetHints":{"allow":["GET"]}}],"collection":[{"href":"https:\/\/osaka.ma\/es\/wp-json\/wp\/v2\/product"}],"about":[{"href":"https:\/\/osaka.ma\/es\/wp-json\/wp\/v2\/types\/product"}],"version-history":[{"count":0,"href":"https:\/\/osaka.ma\/es\/wp-json\/wp\/v2\/product\/17059\/revisions"}],"wp:featuredmedia":[{"embeddable":true,"href":"https:\/\/osaka.ma\/es\/wp-json\/wp\/v2\/media\/1017060"}],"wp:attachment":[{"href":"https:\/\/osaka.ma\/es\/wp-json\/wp\/v2\/media?parent=17059"}],"wp:term":[{"taxonomy":"pwb-brand","embeddable":true,"href":"https:\/\/osaka.ma\/es\/wp-json\/wp\/v2\/pwb-brand?post=17059"},{"taxonomy":"product_brand","embeddable":true,"href":"https:\/\/osaka.ma\/es\/wp-json\/wp\/v2\/product_brand?post=17059"},{"taxonomy":"product_cat","embeddable":true,"href":"https:\/\/osaka.ma\/es\/wp-json\/wp\/v2\/product_cat?post=17059"},{"taxonomy":"product_tag","embeddable":true,"href":"https:\/\/osaka.ma\/es\/wp-json\/wp\/v2\/product_tag?post=17059"},{"taxonomy":"pcb_component_type","embeddable":true,"href":"https:\/\/osaka.ma\/es\/wp-json\/wp\/v2\/pcb_component_type?post=17059"}],"curies":[{"name":"wp","href":"https:\/\/api.w.org\/{rel}","templated":true}]}}