{"id":17226,"date":"2025-08-09T16:28:21","date_gmt":"2025-08-09T15:28:21","guid":{"rendered":"https:\/\/osaka.ma\/?post_type=product&#038;p=17226"},"modified":"2026-03-05T16:14:00","modified_gmt":"2026-03-05T15:14:00","slug":"energy-sistem-esg-k2-ghosthunter-azerty","status":"publish","type":"product","link":"https:\/\/osaka.ma\/es\/product\/energy-sistem-esg-k2-ghosthunter-azerty\/","title":{"rendered":"Energy Sistem ESG K2 Ghosthunter ( AZERTY )"},"content":{"rendered":"<p><img decoding=\"async\" class=\"aligncenter\" src=\"https:\/\/www.ultrapc.ma\/img\/m\/152.jpg\" alt=\"Energy Sistem\" width=\"137\" height=\"137\" \/><\/p>\n<p>L&#8217;Energy Sistem ESG K2 Ghosthunter est un clavier dot\u00e9 d&#8217;une distribution AZERT fran\u00e7aise, con\u00e7u avec une technologie de membrane pour une utilisation confortable et silencieuse. Avec une dur\u00e9e de vie utile de 10 millions de frappes, il offre une durabilit\u00e9 appr\u00e9ciable pour une utilisation \u00e0 long terme. Ce clavier dispose de 105 touches au total, avec une fonction anti-ghosting sur 19 touches pour une r\u00e9activit\u00e9 optimale, m\u00eame lors de frappes simultan\u00e9es. De plus, il est \u00e9quip\u00e9 de 12 touches multim\u00e9dias pour un acc\u00e8s rapide aux fonctions audio et vid\u00e9o. Le taux de rapport de 125 Hz garantit une communication fluide entre le clavier et l&#8217;ordinateur, tandis que la fonction Winlock permet de d\u00e9sactiver la touche Windows pour \u00e9viter les interruptions pendant les sessions de jeu. En r\u00e9sum\u00e9, l&#8217;Energy Sistem ESG K2 Ghosthunter est un clavier polyvalent et fonctionnel, id\u00e9al pour les utilisateurs espagnols recherchant un p\u00e9riph\u00e9rique fiable et performant pour leur ordinateur.<\/p>\n","protected":false},"excerpt":{"rendered":"<h5><strong>Devenez gamer. Utilisabilit\u00e9 et pr\u00e9cision pour contr\u00f4ler le jeu.<\/strong><\/h5>\n<p><strong data-start=\"103\" data-end=\"150\">Le clavier Energy Sistem ESG K2 Ghosthunter<\/strong> est un mod\u00e8le \u00e0 membrane pens\u00e9 pour le gaming, combinant durabilit\u00e9 et r\u00e9activit\u00e9 gr\u00e2ce \u00e0 ses touches anti-ghosting (jusqu\u2019\u00e0 19 touches simultan\u00e9es). Il offre une ambiance immersive avec son r\u00e9tro\u00e9clairage RGB \u00e0 effet arc-en-ciel et luminosit\u00e9 ajustable, le tout dans un design filaire fiable avec une connectique USB.<\/p>\n","protected":false},"featured_media":1017227,"template":"","meta":{"_acf_changed":false},"pwb-brand":[],"product_brand":[],"product_cat":[31,34],"product_tag":[],"pcb_component_type":[],"class_list":{"0":"post-17226","1":"product","2":"type-product","3":"status-publish","4":"has-post-thumbnail","6":"product_cat-accessoires","7":"product_cat-claviers","9":"first","10":"outofstock","11":"shipping-taxable","12":"product-type-simple"},"translation":{"provider":"WPGlobus","version":"3.0.2","language":"es","enabled_languages":["en","es","de","fr","ru"],"languages":{"en":{"title":true,"content":true,"excerpt":true},"es":{"title":false,"content":false,"excerpt":false},"de":{"title":false,"content":false,"excerpt":false},"fr":{"title":false,"content":false,"excerpt":false},"ru":{"title":false,"content":false,"excerpt":false}}},"acf":[],"yoast_head":"<!-- This site is optimized with the Yoast SEO plugin v27.2 - https:\/\/yoast.com\/product\/yoast-seo-wordpress\/ -->\n<title>Energy Sistem ESG K2 Ghosthunter: Clavier Durable et Silencieux - Osaka<\/title>\n<meta name=\"robots\" content=\"index, follow, max-snippet:-1, max-image-preview:large, max-video-preview:-1\" \/>\n<link rel=\"canonical\" href=\"https:\/\/osaka.ma\/fr\/product\/energy-sistem-esg-k2-ghosthunter-azerty\/\" \/>\n<meta property=\"og:locale\" content=\"es_ES\" \/>\n<meta property=\"og:type\" content=\"article\" \/>\n<meta property=\"og:title\" content=\"Energy Sistem ESG K2 Ghosthunter ( AZERTY ) - Osaka\" \/>\n<meta property=\"og:url\" content=\"https:\/\/osaka.ma\/fr\/product\/energy-sistem-esg-k2-ghosthunter-azerty\/\" \/>\n<meta property=\"og:site_name\" content=\"Osaka\" \/>\n<meta property=\"article:modified_time\" content=\"2026-03-05T15:14:00+00:00\" \/>\n<meta property=\"og:image\" content=\"https:\/\/osaka.ma\/wp-content\/uploads\/2025\/08\/Energy-Sistem-ESG-K2-Ghosthunter.jpg\" \/>\n\t<meta property=\"og:image:width\" content=\"600\" \/>\n\t<meta property=\"og:image:height\" content=\"600\" \/>\n\t<meta property=\"og:image:type\" content=\"image\/jpeg\" \/>\n<meta name=\"twitter:card\" content=\"summary_large_image\" \/>\n<meta name=\"twitter:label1\" content=\"Est. reading time\" \/>\n\t<meta name=\"twitter:data1\" content=\"2 minutes\" \/>\n<script type=\"application\/ld+json\" class=\"yoast-schema-graph\">{\"@context\":\"https:\/\/schema.org\",\"@graph\":[{\"@type\":\"WebPage\",\"@id\":\"https:\/\/osaka.ma\/fr\/product\/energy-sistem-esg-k2-ghosthunter-azerty\/\",\"url\":\"https:\/\/osaka.ma\/fr\/product\/energy-sistem-esg-k2-ghosthunter-azerty\/\",\"name\":\"Energy Sistem ESG K2 Ghosthunter: Clavier Durable et Silencieux - Osaka\",\"isPartOf\":{\"@id\":\"https:\/\/osaka.ma\/#website\"},\"primaryImageOfPage\":{\"@id\":\"https:\/\/osaka.ma\/fr\/product\/energy-sistem-esg-k2-ghosthunter-azerty\/#primaryimage\"},\"image\":{\"@id\":\"https:\/\/osaka.ma\/fr\/product\/energy-sistem-esg-k2-ghosthunter-azerty\/#primaryimage\"},\"thumbnailUrl\":\"https:\/\/osaka.ma\/wp-content\/uploads\/2025\/08\/Energy-Sistem-ESG-K2-Ghosthunter.jpg\",\"datePublished\":\"2025-08-09T15:28:21+00:00\",\"dateModified\":\"2026-03-05T15:14:00+00:00\",\"description\":\"Am\u00e9liorez votre exp\u00e9rience de frappe avec l'Energy Sistem ESG K2 Ghosthunter. Ses 105 touches et la fonction anti-ghosting sont parfaites pour vous!\",\"breadcrumb\":{\"@id\":\"https:\/\/osaka.ma\/fr\/product\/energy-sistem-esg-k2-ghosthunter-azerty\/#breadcrumb\"},\"inLanguage\":\"es-ES\",\"potentialAction\":[{\"@type\":\"ReadAction\",\"target\":[\"https:\/\/osaka.ma\/fr\/product\/energy-sistem-esg-k2-ghosthunter-azerty\/\"]}]},{\"@type\":\"ImageObject\",\"inLanguage\":\"es-ES\",\"@id\":\"https:\/\/osaka.ma\/fr\/product\/energy-sistem-esg-k2-ghosthunter-azerty\/#primaryimage\",\"url\":\"https:\/\/osaka.ma\/wp-content\/uploads\/2025\/08\/Energy-Sistem-ESG-K2-Ghosthunter.jpg\",\"contentUrl\":\"https:\/\/osaka.ma\/wp-content\/uploads\/2025\/08\/Energy-Sistem-ESG-K2-Ghosthunter.jpg\",\"width\":600,\"height\":600,\"caption\":\"Energy Sistem ESG K2 Ghosthunter\"},{\"@type\":\"BreadcrumbList\",\"@id\":\"https:\/\/osaka.ma\/fr\/product\/energy-sistem-esg-k2-ghosthunter-azerty\/#breadcrumb\",\"itemListElement\":[{\"@type\":\"ListItem\",\"position\":1,\"name\":\"Home\",\"item\":\"https:\/\/osaka.ma\/\"},{\"@type\":\"ListItem\",\"position\":2,\"name\":\"Shop\",\"item\":\"https:\/\/osaka.ma\/shop-2\/\"},{\"@type\":\"ListItem\",\"position\":3,\"name\":\"Energy Sistem ESG K2 Ghosthunter ( AZERTY )\"}]},{\"@type\":\"WebSite\",\"@id\":\"https:\/\/osaka.ma\/#website\",\"url\":\"https:\/\/osaka.ma\/\",\"name\":\"Osaka\",\"description\":\"\",\"publisher\":{\"@id\":\"https:\/\/osaka.ma\/#organization\"},\"potentialAction\":[{\"@type\":\"SearchAction\",\"target\":{\"@type\":\"EntryPoint\",\"urlTemplate\":\"https:\/\/osaka.ma\/?s={search_term_string}\"},\"query-input\":{\"@type\":\"PropertyValueSpecification\",\"valueRequired\":true,\"valueName\":\"search_term_string\"}}],\"inLanguage\":\"es-ES\"},{\"@type\":\"Organization\",\"@id\":\"https:\/\/osaka.ma\/#organization\",\"name\":\"Osaka\",\"url\":\"https:\/\/osaka.ma\/\",\"logo\":{\"@type\":\"ImageObject\",\"inLanguage\":\"es-ES\",\"@id\":\"https:\/\/osaka.ma\/#\/schema\/logo\/image\/\",\"url\":\"https:\/\/osaka.ma\/wp-content\/uploads\/2026\/01\/model-slogan-logo-2Plan-de-travail-1dksl-plus-finnn.png\",\"contentUrl\":\"https:\/\/osaka.ma\/wp-content\/uploads\/2026\/01\/model-slogan-logo-2Plan-de-travail-1dksl-plus-finnn.png\",\"width\":842,\"height\":226,\"caption\":\"Osaka\"},\"image\":{\"@id\":\"https:\/\/osaka.ma\/#\/schema\/logo\/image\/\"}}]}<\/script>\n<!-- \/ Yoast SEO plugin. -->","yoast_head_json":{"title":"Energy Sistem ESG K2 Ghosthunter: Clavier Durable et Silencieux - Osaka","robots":{"index":"index","follow":"follow","max-snippet":"max-snippet:-1","max-image-preview":"max-image-preview:large","max-video-preview":"max-video-preview:-1"},"canonical":"https:\/\/osaka.ma\/fr\/product\/energy-sistem-esg-k2-ghosthunter-azerty\/","og_locale":"es_ES","og_type":"article","og_title":"Energy Sistem ESG K2 Ghosthunter ( AZERTY ) - Osaka","og_url":"https:\/\/osaka.ma\/fr\/product\/energy-sistem-esg-k2-ghosthunter-azerty\/","og_site_name":"Osaka","article_modified_time":"2026-03-05T15:14:00+00:00","og_image":[{"width":600,"height":600,"url":"https:\/\/osaka.ma\/wp-content\/uploads\/2025\/08\/Energy-Sistem-ESG-K2-Ghosthunter.jpg","type":"image\/jpeg"}],"twitter_card":"summary_large_image","twitter_misc":{"Est. reading time":"2 minutes"},"schema":{"@context":"https:\/\/schema.org","@graph":[{"@type":"WebPage","@id":"https:\/\/osaka.ma\/fr\/product\/energy-sistem-esg-k2-ghosthunter-azerty\/","url":"https:\/\/osaka.ma\/fr\/product\/energy-sistem-esg-k2-ghosthunter-azerty\/","name":"Energy Sistem ESG K2 Ghosthunter: Clavier Durable et Silencieux - Osaka","isPartOf":{"@id":"https:\/\/osaka.ma\/#website"},"primaryImageOfPage":{"@id":"https:\/\/osaka.ma\/fr\/product\/energy-sistem-esg-k2-ghosthunter-azerty\/#primaryimage"},"image":{"@id":"https:\/\/osaka.ma\/fr\/product\/energy-sistem-esg-k2-ghosthunter-azerty\/#primaryimage"},"thumbnailUrl":"https:\/\/osaka.ma\/wp-content\/uploads\/2025\/08\/Energy-Sistem-ESG-K2-Ghosthunter.jpg","datePublished":"2025-08-09T15:28:21+00:00","dateModified":"2026-03-05T15:14:00+00:00","description":"Am\u00e9liorez votre exp\u00e9rience de frappe avec l'Energy Sistem ESG K2 Ghosthunter. Ses 105 touches et la fonction anti-ghosting sont parfaites pour vous!","breadcrumb":{"@id":"https:\/\/osaka.ma\/fr\/product\/energy-sistem-esg-k2-ghosthunter-azerty\/#breadcrumb"},"inLanguage":"es-ES","potentialAction":[{"@type":"ReadAction","target":["https:\/\/osaka.ma\/fr\/product\/energy-sistem-esg-k2-ghosthunter-azerty\/"]}]},{"@type":"ImageObject","inLanguage":"es-ES","@id":"https:\/\/osaka.ma\/fr\/product\/energy-sistem-esg-k2-ghosthunter-azerty\/#primaryimage","url":"https:\/\/osaka.ma\/wp-content\/uploads\/2025\/08\/Energy-Sistem-ESG-K2-Ghosthunter.jpg","contentUrl":"https:\/\/osaka.ma\/wp-content\/uploads\/2025\/08\/Energy-Sistem-ESG-K2-Ghosthunter.jpg","width":600,"height":600,"caption":"Energy Sistem ESG K2 Ghosthunter"},{"@type":"BreadcrumbList","@id":"https:\/\/osaka.ma\/fr\/product\/energy-sistem-esg-k2-ghosthunter-azerty\/#breadcrumb","itemListElement":[{"@type":"ListItem","position":1,"name":"Home","item":"https:\/\/osaka.ma\/"},{"@type":"ListItem","position":2,"name":"Shop","item":"https:\/\/osaka.ma\/shop-2\/"},{"@type":"ListItem","position":3,"name":"Energy Sistem ESG K2 Ghosthunter ( AZERTY )"}]},{"@type":"WebSite","@id":"https:\/\/osaka.ma\/#website","url":"https:\/\/osaka.ma\/","name":"Osaka","description":"","publisher":{"@id":"https:\/\/osaka.ma\/#organization"},"potentialAction":[{"@type":"SearchAction","target":{"@type":"EntryPoint","urlTemplate":"https:\/\/osaka.ma\/?s={search_term_string}"},"query-input":{"@type":"PropertyValueSpecification","valueRequired":true,"valueName":"search_term_string"}}],"inLanguage":"es-ES"},{"@type":"Organization","@id":"https:\/\/osaka.ma\/#organization","name":"Osaka","url":"https:\/\/osaka.ma\/","logo":{"@type":"ImageObject","inLanguage":"es-ES","@id":"https:\/\/osaka.ma\/#\/schema\/logo\/image\/","url":"https:\/\/osaka.ma\/wp-content\/uploads\/2026\/01\/model-slogan-logo-2Plan-de-travail-1dksl-plus-finnn.png","contentUrl":"https:\/\/osaka.ma\/wp-content\/uploads\/2026\/01\/model-slogan-logo-2Plan-de-travail-1dksl-plus-finnn.png","width":842,"height":226,"caption":"Osaka"},"image":{"@id":"https:\/\/osaka.ma\/#\/schema\/logo\/image\/"}}]}},"jetpack_sharing_enabled":true,"brands":[],"_links":{"self":[{"href":"https:\/\/osaka.ma\/es\/wp-json\/wp\/v2\/product\/17226","targetHints":{"allow":["GET"]}}],"collection":[{"href":"https:\/\/osaka.ma\/es\/wp-json\/wp\/v2\/product"}],"about":[{"href":"https:\/\/osaka.ma\/es\/wp-json\/wp\/v2\/types\/product"}],"version-history":[{"count":0,"href":"https:\/\/osaka.ma\/es\/wp-json\/wp\/v2\/product\/17226\/revisions"}],"wp:featuredmedia":[{"embeddable":true,"href":"https:\/\/osaka.ma\/es\/wp-json\/wp\/v2\/media\/1017227"}],"wp:attachment":[{"href":"https:\/\/osaka.ma\/es\/wp-json\/wp\/v2\/media?parent=17226"}],"wp:term":[{"taxonomy":"pwb-brand","embeddable":true,"href":"https:\/\/osaka.ma\/es\/wp-json\/wp\/v2\/pwb-brand?post=17226"},{"taxonomy":"product_brand","embeddable":true,"href":"https:\/\/osaka.ma\/es\/wp-json\/wp\/v2\/product_brand?post=17226"},{"taxonomy":"product_cat","embeddable":true,"href":"https:\/\/osaka.ma\/es\/wp-json\/wp\/v2\/product_cat?post=17226"},{"taxonomy":"product_tag","embeddable":true,"href":"https:\/\/osaka.ma\/es\/wp-json\/wp\/v2\/product_tag?post=17226"},{"taxonomy":"pcb_component_type","embeddable":true,"href":"https:\/\/osaka.ma\/es\/wp-json\/wp\/v2\/pcb_component_type?post=17226"}],"curies":[{"name":"wp","href":"https:\/\/api.w.org\/{rel}","templated":true}]}}