{"id":17317,"date":"2025-08-12T16:14:50","date_gmt":"2025-08-12T15:14:50","guid":{"rendered":"https:\/\/osaka.ma\/?post_type=product&#038;p=17317"},"modified":"2026-02-25T12:12:27","modified_gmt":"2026-02-25T11:12:27","slug":"960gb-msi-spatium-s270-ssd","status":"publish","type":"product","link":"https:\/\/osaka.ma\/es\/product\/960gb-msi-spatium-s270-ssd\/","title":{"rendered":"960GB MSI Spatium S270 SSD"},"content":{"rendered":"<div class=\"logo\"><img decoding=\"async\" class=\"aligncenter\" src=\"https:\/\/media.ldlc.com\/v3\/marque\/bo\/00\/05\/99\/39\/V30005993997.gif\" alt=\"MSI\" \/><\/div>\n<div id=\"description\" class=\"description\">\n<div class=\"details-pdt-desc\">\n<h2 class=\"h2-master\">MSI Spatium S270<\/h2>\n<p>Le <strong data-start=\"3\" data-end=\"29\">MSI Spatium S270 960GB<\/strong> est un SSD 2,5&#8243; SATA III offrant jusqu\u2019\u00e0 500 Mo\/s en lecture et 450 Mo\/s en \u00e9criture. Avec sa grande capacit\u00e9 et sa fiabilit\u00e9, il assure des performances fluides et une meilleure r\u00e9activit\u00e9 pour PC et portables.<\/p>\n<\/div>\n<\/div>\n","protected":false},"excerpt":{"rendered":"<article class=\"text-token-text-primary w-full focus:outline-none scroll-mt-[calc(var(--header-height)+min(200px,max(70px,20svh)))]\" dir=\"auto\" tabindex=\"-1\" data-turn-id=\"request-WEB:b625e0f5-5c54-4b5e-8bbc-62619196af3f-56\" data-testid=\"conversation-turn-114\" data-scroll-anchor=\"true\" data-turn=\"assistant\">\n<div class=\"text-base my-auto mx-auto pb-10 [--thread-content-margin:--spacing(4)] @[37rem]:[--thread-content-margin:--spacing(6)] @[72rem]:[--thread-content-margin:--spacing(16)] px-(--thread-content-margin)\">\n<div class=\"[--thread-content-max-width:32rem] @[34rem]:[--thread-content-max-width:40rem] @[64rem]:[--thread-content-max-width:48rem] mx-auto max-w-(--thread-content-max-width) flex-1 group\/turn-messages focus-visible:outline-hidden relative flex w-full min-w-0 flex-col agent-turn\" tabindex=\"-1\">\n<div class=\"flex max-w-full flex-col grow\">\n<div class=\"min-h-8 text-message relative flex w-full flex-col items-end gap-2 text-start break-words whitespace-normal [.text-message+&amp;]:mt-5\" dir=\"auto\" data-message-author-role=\"assistant\" data-message-id=\"91d0e574-b306-4ce2-ace2-062894b4612b\" data-message-model-slug=\"gpt-5\">\n<div class=\"flex w-full flex-col gap-1 empty:hidden first:pt-[3px]\">\n<div class=\"markdown prose dark:prose-invert w-full break-words dark markdown-new-styling\">\n<p data-start=\"0\" data-end=\"176\" data-is-last-node=\"\" data-is-only-node=\"\">Le <strong data-start=\"3\" data-end=\"29\">MSI Spatium S270 960GB<\/strong> est un<strong> SSD SATA<\/strong> rapide et fiable, id\u00e9al pour booster les performances de votre PC gr\u00e2ce \u00e0 des temps de chargement r\u00e9duits et un stockage g\u00e9n\u00e9reux.<\/p>\n<h5 data-start=\"0\" data-end=\"176\">Caract\u00e9ristiques Principales :<\/h5>\n<ul>\n<li><strong>Interface :<\/strong>\u00a0SATA 3 (6 Gb\/s)<\/li>\n<li><strong>Format de Disque :\u00a0<\/strong>2,5<\/li>\n<li><strong>Capacit\u00e9 de disque :<\/strong> 960 Go<\/li>\n<li><strong>Vitesse en lecture :<\/strong>\u00a0500 Mbps<\/li>\n<li><strong>Vitesse en \u00e9criture :<\/strong> 450 Mbps<\/li>\n<\/ul>\n<\/div>\n<\/div>\n<\/div>\n<\/div>\n<\/div>\n<\/div>\n<\/article>\n<div class=\"pointer-events-none h-px w-px\" aria-hidden=\"true\" data-edge=\"true\"><\/div>\n","protected":false},"featured_media":1017318,"template":"","meta":{"_acf_changed":false},"pwb-brand":[],"product_brand":[],"product_cat":[17,22],"product_tag":[],"pcb_component_type":[],"class_list":{"0":"post-17317","1":"product","2":"type-product","3":"status-publish","4":"has-post-thumbnail","6":"product_cat-composants-gaming","7":"product_cat-disque-dur-ssd","9":"first","10":"instock","11":"sale","12":"shipping-taxable","13":"purchasable","14":"product-type-simple"},"translation":{"provider":"WPGlobus","version":"3.0.2","language":"es","enabled_languages":["en","es","de","fr","ru"],"languages":{"en":{"title":true,"content":true,"excerpt":true},"es":{"title":false,"content":false,"excerpt":false},"de":{"title":false,"content":false,"excerpt":false},"fr":{"title":false,"content":false,"excerpt":false},"ru":{"title":false,"content":false,"excerpt":false}}},"acf":[],"yoast_head":"<!-- This site is optimized with the Yoast SEO plugin v27.2 - https:\/\/yoast.com\/product\/yoast-seo-wordpress\/ -->\n<title>960GB MSI SPATIUM S270: Vitesse et Capacit\u00e9 Optimale - Osaka<\/title>\n<meta name=\"robots\" content=\"index, follow, max-snippet:-1, max-image-preview:large, max-video-preview:-1\" \/>\n<link rel=\"canonical\" href=\"https:\/\/osaka.ma\/product\/960gb-msi-spatium-s270-ssd\/\" \/>\n<meta property=\"og:locale\" content=\"es_ES\" \/>\n<meta property=\"og:type\" content=\"article\" \/>\n<meta property=\"og:title\" content=\"960GB MSI Spatium S270 SSD - Osaka\" \/>\n<meta property=\"og:url\" content=\"https:\/\/osaka.ma\/product\/960gb-msi-spatium-s270-ssd\/\" \/>\n<meta property=\"og:site_name\" content=\"Osaka\" \/>\n<meta property=\"article:modified_time\" content=\"2026-02-25T11:12:27+00:00\" \/>\n<meta property=\"og:image\" content=\"https:\/\/osaka.ma\/wp-content\/uploads\/2025\/08\/msi-ssd-spatium-s270-240gb.jpg\" \/>\n\t<meta property=\"og:image:width\" content=\"601\" \/>\n\t<meta property=\"og:image:height\" content=\"678\" \/>\n\t<meta property=\"og:image:type\" content=\"image\/jpeg\" \/>\n<meta name=\"twitter:card\" content=\"summary_large_image\" \/>\n<meta name=\"twitter:label1\" content=\"Est. reading time\" \/>\n\t<meta name=\"twitter:data1\" content=\"2 minutes\" \/>\n<script type=\"application\/ld+json\" class=\"yoast-schema-graph\">{\"@context\":\"https:\/\/schema.org\",\"@graph\":[{\"@type\":\"WebPage\",\"@id\":\"https:\/\/osaka.ma\/product\/960gb-msi-spatium-s270-ssd\/\",\"url\":\"https:\/\/osaka.ma\/product\/960gb-msi-spatium-s270-ssd\/\",\"name\":\"960GB MSI SPATIUM S270: Vitesse et Capacit\u00e9 Optimale - Osaka\",\"isPartOf\":{\"@id\":\"https:\/\/osaka.ma\/#website\"},\"primaryImageOfPage\":{\"@id\":\"https:\/\/osaka.ma\/product\/960gb-msi-spatium-s270-ssd\/#primaryimage\"},\"image\":{\"@id\":\"https:\/\/osaka.ma\/product\/960gb-msi-spatium-s270-ssd\/#primaryimage\"},\"thumbnailUrl\":\"https:\/\/osaka.ma\/wp-content\/uploads\/2025\/08\/msi-ssd-spatium-s270-240gb.jpg\",\"datePublished\":\"2025-08-12T15:14:50+00:00\",\"dateModified\":\"2026-02-25T11:12:27+00:00\",\"description\":\"Transformez votre exp\u00e9rience PC avec le 960GB MSI SPATIUM S270. Un SSD SATA III qui combine performance rapide et grande capacit\u00e9. Commandez maintenant !\",\"breadcrumb\":{\"@id\":\"https:\/\/osaka.ma\/product\/960gb-msi-spatium-s270-ssd\/#breadcrumb\"},\"inLanguage\":\"es-ES\",\"potentialAction\":[{\"@type\":\"ReadAction\",\"target\":[\"https:\/\/osaka.ma\/product\/960gb-msi-spatium-s270-ssd\/\"]}]},{\"@type\":\"ImageObject\",\"inLanguage\":\"es-ES\",\"@id\":\"https:\/\/osaka.ma\/product\/960gb-msi-spatium-s270-ssd\/#primaryimage\",\"url\":\"https:\/\/osaka.ma\/wp-content\/uploads\/2025\/08\/msi-ssd-spatium-s270-240gb.jpg\",\"contentUrl\":\"https:\/\/osaka.ma\/wp-content\/uploads\/2025\/08\/msi-ssd-spatium-s270-240gb.jpg\",\"width\":601,\"height\":678,\"caption\":\"MSI SPATIUM S270\"},{\"@type\":\"BreadcrumbList\",\"@id\":\"https:\/\/osaka.ma\/product\/960gb-msi-spatium-s270-ssd\/#breadcrumb\",\"itemListElement\":[{\"@type\":\"ListItem\",\"position\":1,\"name\":\"Home\",\"item\":\"https:\/\/osaka.ma\/\"},{\"@type\":\"ListItem\",\"position\":2,\"name\":\"Shop\",\"item\":\"https:\/\/osaka.ma\/shop-2\/\"},{\"@type\":\"ListItem\",\"position\":3,\"name\":\"960GB MSI Spatium S270 SSD\"}]},{\"@type\":\"WebSite\",\"@id\":\"https:\/\/osaka.ma\/#website\",\"url\":\"https:\/\/osaka.ma\/\",\"name\":\"Osaka\",\"description\":\"\",\"publisher\":{\"@id\":\"https:\/\/osaka.ma\/#organization\"},\"potentialAction\":[{\"@type\":\"SearchAction\",\"target\":{\"@type\":\"EntryPoint\",\"urlTemplate\":\"https:\/\/osaka.ma\/?s={search_term_string}\"},\"query-input\":{\"@type\":\"PropertyValueSpecification\",\"valueRequired\":true,\"valueName\":\"search_term_string\"}}],\"inLanguage\":\"es-ES\"},{\"@type\":\"Organization\",\"@id\":\"https:\/\/osaka.ma\/#organization\",\"name\":\"Osaka\",\"url\":\"https:\/\/osaka.ma\/\",\"logo\":{\"@type\":\"ImageObject\",\"inLanguage\":\"es-ES\",\"@id\":\"https:\/\/osaka.ma\/#\/schema\/logo\/image\/\",\"url\":\"https:\/\/osaka.ma\/wp-content\/uploads\/2026\/01\/model-slogan-logo-2Plan-de-travail-1dksl-plus-finnn.png\",\"contentUrl\":\"https:\/\/osaka.ma\/wp-content\/uploads\/2026\/01\/model-slogan-logo-2Plan-de-travail-1dksl-plus-finnn.png\",\"width\":842,\"height\":226,\"caption\":\"Osaka\"},\"image\":{\"@id\":\"https:\/\/osaka.ma\/#\/schema\/logo\/image\/\"}}]}<\/script>\n<!-- \/ Yoast SEO plugin. -->","yoast_head_json":{"title":"960GB MSI SPATIUM S270: Vitesse et Capacit\u00e9 Optimale - Osaka","robots":{"index":"index","follow":"follow","max-snippet":"max-snippet:-1","max-image-preview":"max-image-preview:large","max-video-preview":"max-video-preview:-1"},"canonical":"https:\/\/osaka.ma\/product\/960gb-msi-spatium-s270-ssd\/","og_locale":"es_ES","og_type":"article","og_title":"960GB MSI Spatium S270 SSD - Osaka","og_url":"https:\/\/osaka.ma\/product\/960gb-msi-spatium-s270-ssd\/","og_site_name":"Osaka","article_modified_time":"2026-02-25T11:12:27+00:00","og_image":[{"width":601,"height":678,"url":"https:\/\/osaka.ma\/wp-content\/uploads\/2025\/08\/msi-ssd-spatium-s270-240gb.jpg","type":"image\/jpeg"}],"twitter_card":"summary_large_image","twitter_misc":{"Est. reading time":"2 minutes"},"schema":{"@context":"https:\/\/schema.org","@graph":[{"@type":"WebPage","@id":"https:\/\/osaka.ma\/product\/960gb-msi-spatium-s270-ssd\/","url":"https:\/\/osaka.ma\/product\/960gb-msi-spatium-s270-ssd\/","name":"960GB MSI SPATIUM S270: Vitesse et Capacit\u00e9 Optimale - Osaka","isPartOf":{"@id":"https:\/\/osaka.ma\/#website"},"primaryImageOfPage":{"@id":"https:\/\/osaka.ma\/product\/960gb-msi-spatium-s270-ssd\/#primaryimage"},"image":{"@id":"https:\/\/osaka.ma\/product\/960gb-msi-spatium-s270-ssd\/#primaryimage"},"thumbnailUrl":"https:\/\/osaka.ma\/wp-content\/uploads\/2025\/08\/msi-ssd-spatium-s270-240gb.jpg","datePublished":"2025-08-12T15:14:50+00:00","dateModified":"2026-02-25T11:12:27+00:00","description":"Transformez votre exp\u00e9rience PC avec le 960GB MSI SPATIUM S270. Un SSD SATA III qui combine performance rapide et grande capacit\u00e9. Commandez maintenant !","breadcrumb":{"@id":"https:\/\/osaka.ma\/product\/960gb-msi-spatium-s270-ssd\/#breadcrumb"},"inLanguage":"es-ES","potentialAction":[{"@type":"ReadAction","target":["https:\/\/osaka.ma\/product\/960gb-msi-spatium-s270-ssd\/"]}]},{"@type":"ImageObject","inLanguage":"es-ES","@id":"https:\/\/osaka.ma\/product\/960gb-msi-spatium-s270-ssd\/#primaryimage","url":"https:\/\/osaka.ma\/wp-content\/uploads\/2025\/08\/msi-ssd-spatium-s270-240gb.jpg","contentUrl":"https:\/\/osaka.ma\/wp-content\/uploads\/2025\/08\/msi-ssd-spatium-s270-240gb.jpg","width":601,"height":678,"caption":"MSI SPATIUM S270"},{"@type":"BreadcrumbList","@id":"https:\/\/osaka.ma\/product\/960gb-msi-spatium-s270-ssd\/#breadcrumb","itemListElement":[{"@type":"ListItem","position":1,"name":"Home","item":"https:\/\/osaka.ma\/"},{"@type":"ListItem","position":2,"name":"Shop","item":"https:\/\/osaka.ma\/shop-2\/"},{"@type":"ListItem","position":3,"name":"960GB MSI Spatium S270 SSD"}]},{"@type":"WebSite","@id":"https:\/\/osaka.ma\/#website","url":"https:\/\/osaka.ma\/","name":"Osaka","description":"","publisher":{"@id":"https:\/\/osaka.ma\/#organization"},"potentialAction":[{"@type":"SearchAction","target":{"@type":"EntryPoint","urlTemplate":"https:\/\/osaka.ma\/?s={search_term_string}"},"query-input":{"@type":"PropertyValueSpecification","valueRequired":true,"valueName":"search_term_string"}}],"inLanguage":"es-ES"},{"@type":"Organization","@id":"https:\/\/osaka.ma\/#organization","name":"Osaka","url":"https:\/\/osaka.ma\/","logo":{"@type":"ImageObject","inLanguage":"es-ES","@id":"https:\/\/osaka.ma\/#\/schema\/logo\/image\/","url":"https:\/\/osaka.ma\/wp-content\/uploads\/2026\/01\/model-slogan-logo-2Plan-de-travail-1dksl-plus-finnn.png","contentUrl":"https:\/\/osaka.ma\/wp-content\/uploads\/2026\/01\/model-slogan-logo-2Plan-de-travail-1dksl-plus-finnn.png","width":842,"height":226,"caption":"Osaka"},"image":{"@id":"https:\/\/osaka.ma\/#\/schema\/logo\/image\/"}}]}},"jetpack_sharing_enabled":true,"brands":[],"_links":{"self":[{"href":"https:\/\/osaka.ma\/es\/wp-json\/wp\/v2\/product\/17317","targetHints":{"allow":["GET"]}}],"collection":[{"href":"https:\/\/osaka.ma\/es\/wp-json\/wp\/v2\/product"}],"about":[{"href":"https:\/\/osaka.ma\/es\/wp-json\/wp\/v2\/types\/product"}],"version-history":[{"count":0,"href":"https:\/\/osaka.ma\/es\/wp-json\/wp\/v2\/product\/17317\/revisions"}],"wp:featuredmedia":[{"embeddable":true,"href":"https:\/\/osaka.ma\/es\/wp-json\/wp\/v2\/media\/1017318"}],"wp:attachment":[{"href":"https:\/\/osaka.ma\/es\/wp-json\/wp\/v2\/media?parent=17317"}],"wp:term":[{"taxonomy":"pwb-brand","embeddable":true,"href":"https:\/\/osaka.ma\/es\/wp-json\/wp\/v2\/pwb-brand?post=17317"},{"taxonomy":"product_brand","embeddable":true,"href":"https:\/\/osaka.ma\/es\/wp-json\/wp\/v2\/product_brand?post=17317"},{"taxonomy":"product_cat","embeddable":true,"href":"https:\/\/osaka.ma\/es\/wp-json\/wp\/v2\/product_cat?post=17317"},{"taxonomy":"product_tag","embeddable":true,"href":"https:\/\/osaka.ma\/es\/wp-json\/wp\/v2\/product_tag?post=17317"},{"taxonomy":"pcb_component_type","embeddable":true,"href":"https:\/\/osaka.ma\/es\/wp-json\/wp\/v2\/pcb_component_type?post=17317"}],"curies":[{"name":"wp","href":"https:\/\/api.w.org\/{rel}","templated":true}]}}