{"id":17826,"date":"2025-09-23T14:07:44","date_gmt":"2025-09-23T13:07:44","guid":{"rendered":"https:\/\/osaka.ma\/?post_type=product&#038;p=17826"},"modified":"2025-10-09T01:10:44","modified_gmt":"2025-10-09T00:10:44","slug":"asus-rog-strix-g17-g713qm-ryzen-9-5900hx-rtx-3070-17-3-fhd-300hz","status":"publish","type":"product","link":"https:\/\/osaka.ma\/es\/product\/asus-rog-strix-g17-g713qm-ryzen-9-5900hx-rtx-3070-17-3-fhd-300hz\/","title":{"rendered":"ASUS ROG STRIX G17 G713QM &#8211; Ryzen 9 5900HX | RTX 3070 | 17.3&#8243; FHD 300Hz"},"content":{"rendered":"<div class=\"logo\"><img decoding=\"async\" class=\"aligncenter\" src=\"https:\/\/media.ldlc.com\/v3\/marque\/bo\/00\/05\/62\/42\/V30005624251_2.jpg\" alt=\"ASUS\" \/><\/div>\n<div id=\"description\" class=\"description\">\n<div class=\"details-pdt-desc\">\n<h2 class=\"h2-master\">Confort et hautes performances avec un \u00e9cran 300 Hz<\/h2>\n<section>Le\u00a0<strong>PC Portable Gaming ASUS ROG STRIX 17<\/strong> vous permettra de jouer dans les meilleurs conditions \u00e0 vos jeux PC favoris gr\u00e2ce \u00e0 des composants ultra-performants, un \u00e9cran 300 Hz et une conception haut de gamme qui ne laisse rien au hasard. Le PC portable Gamer ASUS ROG STRIX 17 G713QM offre de hautes performances gr\u00e2ce \u00e0 son<strong> processeur AMD Ryzen 9 5900HX<\/strong>, ses 32 Go de m\u00e9moire DDR4, son<strong> SSD M.2 PCIe de 1TB<\/strong>\u00a0et sa\u00a0<strong>puce graphique NVIDIA GeForce RTX 3070<\/strong>.<\/section>\n<section>\n<div class=\"desc-image\"><img decoding=\"async\" src=\"https:\/\/media.ldlc.com\/bo\/images\/fiches\/pc_portables\/asus\/g713\/801.jpg\" alt=\"\" \/><\/div>\n<div><\/div>\n<div class=\"desc-text\">\n<h2>Performances pour les Gamers<\/h2>\n<p>En plus de ses composants ultra-performants nouvelle g\u00e9n\u00e9ration, le ROG Strix 17 b\u00e9n\u00e9ficie d&#8217;un superbe design. Avec son processeur AMD Ryzen 9 5900HX et sa puce graphique GeForce RTX s\u00e9rie 3000, ce PC portable ASUS se montrera capable de vous hisser au plus pr\u00e8s des joueurs professionnels.<\/p>\n<\/div>\n<\/section>\n<section>\n<div class=\"desc-text\">\n<h2>Affichage fluide avec un \u00e9cran 300 Hz<\/h2>\n<p>Avec cet ordinateur portable de jeu aux vitesses d&#8217;affichage ultrarapides, mettez vous dans la peau d&#8217;un professionnel de l&#8217;eSport ! La dalle de 300 Hz \/ 3 ms permet de jouer aux meilleurs jeux FPS du moment afin que vous soyez toujours au meilleur niveau, pr\u00eat \u00e0 c\u00f4toyer l&#8217;\u00e9lite. Ultrarapide, la fr\u00e9quence de rafra\u00eechissement de 300 Hz fluidifie consid\u00e9rablement les images qu&#8217;affichent les jeux d&#8217;action rapide tandis que le temps de r\u00e9ponse (gris-\u00e0-gris) de 3 ms r\u00e9duit le flou cin\u00e9tique afin que vous puissiez traquer l&#8217;ennemi avec une pr\u00e9cision renouvel\u00e9e. Prenez l&#8217;avantage lors des combats o\u00f9 la rapidit\u00e9 et le sens aiguis\u00e9 de l&#8217;environnement de jeu sont essentiels \u00e0 toute victoire.<\/p>\n<\/div>\n<div class=\"desc-image\"><img decoding=\"async\" src=\"https:\/\/media.ldlc.com\/bo\/images\/fiches\/pc_portables\/asus\/g713\/802.jpg\" alt=\"\" \/><\/div>\n<\/section>\n<section>\n<div class=\"desc-image\"><img decoding=\"async\" src=\"https:\/\/media.ldlc.com\/bo\/images\/fiches\/pc_portables\/asus\/g713\/803.jpg\" alt=\"\" \/><\/div>\n<div><\/div>\n<div class=\"desc-text\">\n<h2>Refroidissement performant<\/h2>\n<p>La philosophie du refroidissement intelligent ROG r\u00e9side dans son alliance entre fonctionnalit\u00e9s utiles et param\u00e8tres syst\u00e8me correctement ajust\u00e9s pour garantir la meilleure exp\u00e9rience possible au niveau du ch\u00e2ssis et des composants. Les performances du PC sont boost\u00e9es gr\u00e2ce \u00e0 l&#8217;utilisation d&#8217;une p\u00e2te thermique fabriqu\u00e9e \u00e0 partir de m\u00e9tal liquide et appliqu\u00e9e directement sur le processeur. De plus le design du ch\u00e2ssis am\u00e9liore la ventilation pour minimiser les niveaux de bruit en comparaison avec les g\u00e9n\u00e9rations pr\u00e9c\u00e9dentes.<\/p>\n<\/div>\n<\/section>\n<section class=\"list\">\n<h2>Caract\u00e9ristiques principales :<\/h2>\n<ul>\n<li><strong>Processeur AMD Ryzen 9 5900Hx<\/strong> (Octo-Core 3.3 GHz \/ 4.6 GHz Turbo &#8211; 16 Threads &#8211; Cache 16 Mo)<\/li>\n<li>32 Go de m\u00e9moire vive DDR4 3200 MHz (2x 16 Go &#8211; 2 slots &#8211; maximum 32 Go au total)<\/li>\n<li>Ecran de niveau IPS 17.3&#8243; avec r\u00e9solution\u00a0Full HD (1920 x 1080 pixels) et\u00a0<strong>fr\u00e9quence de 300 Hz<\/strong><\/li>\n<li>Puce graphique\u00a0<strong>NVIDIA GeForce RTX 3070<\/strong>\u00a0avec 8 Go de m\u00e9moire d\u00e9di\u00e9e GDDR6<\/li>\n<li><strong>SSD M.2 PCIe de 1 TB<\/strong><\/li>\n<li>Communication sans fil performante :\u00a0Wi-Fi AX + Bluetooth\u00a05.1<\/li>\n<li>Clavier gaming avec touches r\u00e9tro\u00e9clair\u00e9es RGB touche par touche<\/li>\n<li>Haut-parleurs int\u00e9gr\u00e9s 2x 4W avec technologie Smart Amp<\/li>\n<li><strong>Windows 11<br \/>\n<\/strong><\/li>\n<li>Comme Neuf<\/li>\n<li>Garantie incluse<\/li>\n<\/ul>\n<\/section>\n<\/div>\n<\/div>\n","protected":false},"excerpt":{"rendered":"<p>Taill\u00e9 pour la comp\u00e9tition, l\u2019<strong>ASUS ROG Strix G17<\/strong> combine une puissance de haut niveau et un affichage ultra-fluide. Avec son grand \u00e9cran <strong>17,3&#8243;<\/strong> \u00e0 <strong>300 Hz<\/strong> et ses composants performants, il offre une exp\u00e9rience de jeu immersive et rapide, id\u00e9ale pour les gamers qui veulent prendre l\u2019avantage \u00e0 chaque instant.<\/p>\n<h5>Caract\u00e9ristiques principales :<\/h5>\n<ul>\n<li><strong>Processeur : <span style=\"color: #3366ff;\">AMD Ryzen 9 5900HX<\/span><\/strong><\/li>\n<li><strong>m\u00e9moire : <span style=\"color: #3366ff;\">32Go\u00a0 DDR4 3200 MHz\u00a0\u00a0<\/span><\/strong><\/li>\n<li><strong>Ecran :\u00a0 <span style=\"color: #3366ff;\">IPS | 17.3&#8243; | Full HD | 300 Hz<\/span><\/strong><\/li>\n<li><strong>Puce graphique :<span style=\"color: #3366ff;\"> NVIDIA GeForce RTX 3070 8 Go\u00a0<\/span><\/strong><\/li>\n<li><strong>Stockage : <span style=\"color: #3366ff;\">SSD M.2 PCIe de 1 TB<\/span><\/strong><\/li>\n<li><strong>Clavier : <span style=\"color: #3366ff;\">QWERTY r\u00e9tro\u00e9clair\u00e9 ( RGB )\u00a0<\/span><\/strong><\/li>\n<li><strong>Syst\u00e8me : <span style=\"color: #3366ff;\">Windows 11 FAMILLE<\/span><\/strong><\/li>\n<li><strong>Etat : <span style=\"color: #3366ff;\">Comme Neuf &#8211; Garantie incluse<\/span><\/strong><\/li>\n<\/ul>\n","protected":false},"featured_media":1017753,"template":"","meta":{"_acf_changed":false},"pwb-brand":[],"product_brand":[],"product_cat":[122,121],"product_tag":[],"pcb_component_type":[],"class_list":{"0":"post-17826","1":"product","2":"type-product","3":"status-publish","4":"has-post-thumbnail","6":"product_cat-gaming","7":"product_cat-pc-portable","9":"first","10":"outofstock","11":"shipping-taxable","12":"product-type-simple"},"translation":{"provider":"WPGlobus","version":"3.0.2","language":"es","enabled_languages":["en","es","de","fr","ru"],"languages":{"en":{"title":true,"content":true,"excerpt":true},"es":{"title":false,"content":false,"excerpt":false},"de":{"title":false,"content":false,"excerpt":false},"fr":{"title":false,"content":false,"excerpt":false},"ru":{"title":false,"content":false,"excerpt":false}}},"acf":[],"yoast_head":"<!-- This site is optimized with the Yoast SEO plugin v27.2 - https:\/\/yoast.com\/product\/yoast-seo-wordpress\/ -->\n<title>ASUS ROG STRIX G713QR - Ryzen 9 5900HX | RTX 3070 - Osaka<\/title>\n<meta name=\"robots\" content=\"index, follow, max-snippet:-1, max-image-preview:large, max-video-preview:-1\" \/>\n<link rel=\"canonical\" href=\"https:\/\/osaka.ma\/product\/asus-rog-strix-g17-g713qm-ryzen-9-5900hx-rtx-3070-17-3-fhd-300hz\/\" \/>\n<meta property=\"og:locale\" content=\"es_ES\" \/>\n<meta property=\"og:type\" content=\"article\" \/>\n<meta property=\"og:title\" content=\"ASUS ROG STRIX G17 G713QM - Ryzen 9 5900HX | RTX 3070 | 17.3&quot; FHD 300Hz - Osaka\" \/>\n<meta property=\"og:url\" content=\"https:\/\/osaka.ma\/product\/asus-rog-strix-g17-g713qm-ryzen-9-5900hx-rtx-3070-17-3-fhd-300hz\/\" \/>\n<meta property=\"og:site_name\" content=\"Osaka\" \/>\n<meta property=\"article:modified_time\" content=\"2025-10-09T00:10:44+00:00\" \/>\n<meta property=\"og:image\" content=\"https:\/\/osaka.ma\/wp-content\/uploads\/2025\/09\/ASUS-ROG-STRIX-G713QR.jpg\" \/>\n\t<meta property=\"og:image:width\" content=\"1600\" \/>\n\t<meta property=\"og:image:height\" content=\"1600\" \/>\n\t<meta property=\"og:image:type\" content=\"image\/jpeg\" \/>\n<meta name=\"twitter:card\" content=\"summary_large_image\" \/>\n<meta name=\"twitter:label1\" content=\"Est. reading time\" \/>\n\t<meta name=\"twitter:data1\" content=\"5 minutes\" \/>\n<script type=\"application\/ld+json\" class=\"yoast-schema-graph\">{\"@context\":\"https:\/\/schema.org\",\"@graph\":[{\"@type\":\"WebPage\",\"@id\":\"https:\/\/osaka.ma\/product\/asus-rog-strix-g17-g713qm-ryzen-9-5900hx-rtx-3070-17-3-fhd-300hz\/\",\"url\":\"https:\/\/osaka.ma\/product\/asus-rog-strix-g17-g713qm-ryzen-9-5900hx-rtx-3070-17-3-fhd-300hz\/\",\"name\":\"ASUS ROG STRIX G713QR - Ryzen 9 5900HX | RTX 3070 - Osaka\",\"isPartOf\":{\"@id\":\"https:\/\/osaka.ma\/#website\"},\"primaryImageOfPage\":{\"@id\":\"https:\/\/osaka.ma\/product\/asus-rog-strix-g17-g713qm-ryzen-9-5900hx-rtx-3070-17-3-fhd-300hz\/#primaryimage\"},\"image\":{\"@id\":\"https:\/\/osaka.ma\/product\/asus-rog-strix-g17-g713qm-ryzen-9-5900hx-rtx-3070-17-3-fhd-300hz\/#primaryimage\"},\"thumbnailUrl\":\"https:\/\/osaka.ma\/wp-content\/uploads\/2025\/09\/ASUS-ROG-STRIX-G713QR.jpg\",\"datePublished\":\"2025-09-23T13:07:44+00:00\",\"dateModified\":\"2025-10-09T00:10:44+00:00\",\"description\":\"Jouez \u00e0 vos jeux PC pr\u00e9f\u00e9r\u00e9s avec l'ASUS ROG STRIX G17 G713QR - Ryzen 9 5900HX | RTX 3070 | 17.3\\\" FHD 300Hz . Disponible chez Osaka Gaming Maroc\",\"breadcrumb\":{\"@id\":\"https:\/\/osaka.ma\/product\/asus-rog-strix-g17-g713qm-ryzen-9-5900hx-rtx-3070-17-3-fhd-300hz\/#breadcrumb\"},\"inLanguage\":\"es-ES\",\"potentialAction\":[{\"@type\":\"ReadAction\",\"target\":[\"https:\/\/osaka.ma\/product\/asus-rog-strix-g17-g713qm-ryzen-9-5900hx-rtx-3070-17-3-fhd-300hz\/\"]}]},{\"@type\":\"ImageObject\",\"inLanguage\":\"es-ES\",\"@id\":\"https:\/\/osaka.ma\/product\/asus-rog-strix-g17-g713qm-ryzen-9-5900hx-rtx-3070-17-3-fhd-300hz\/#primaryimage\",\"url\":\"https:\/\/osaka.ma\/wp-content\/uploads\/2025\/09\/ASUS-ROG-STRIX-G713QR.jpg\",\"contentUrl\":\"https:\/\/osaka.ma\/wp-content\/uploads\/2025\/09\/ASUS-ROG-STRIX-G713QR.jpg\",\"width\":1600,\"height\":1600,\"caption\":\"ASUS ROG STRIX G17 G713QR - Ryzen 9 5900HX | RTX 3070 | 17.3\\\" FHD 300Hz | Osaka Gaming Maroc\"},{\"@type\":\"BreadcrumbList\",\"@id\":\"https:\/\/osaka.ma\/product\/asus-rog-strix-g17-g713qm-ryzen-9-5900hx-rtx-3070-17-3-fhd-300hz\/#breadcrumb\",\"itemListElement\":[{\"@type\":\"ListItem\",\"position\":1,\"name\":\"Home\",\"item\":\"https:\/\/osaka.ma\/\"},{\"@type\":\"ListItem\",\"position\":2,\"name\":\"Shop\",\"item\":\"https:\/\/osaka.ma\/shop-2\/\"},{\"@type\":\"ListItem\",\"position\":3,\"name\":\"ASUS ROG STRIX G17 G713QM &#8211; Ryzen 9 5900HX | RTX 3070 | 17.3&#8243; FHD 300Hz\"}]},{\"@type\":\"WebSite\",\"@id\":\"https:\/\/osaka.ma\/#website\",\"url\":\"https:\/\/osaka.ma\/\",\"name\":\"Osaka\",\"description\":\"\",\"publisher\":{\"@id\":\"https:\/\/osaka.ma\/#organization\"},\"potentialAction\":[{\"@type\":\"SearchAction\",\"target\":{\"@type\":\"EntryPoint\",\"urlTemplate\":\"https:\/\/osaka.ma\/?s={search_term_string}\"},\"query-input\":{\"@type\":\"PropertyValueSpecification\",\"valueRequired\":true,\"valueName\":\"search_term_string\"}}],\"inLanguage\":\"es-ES\"},{\"@type\":\"Organization\",\"@id\":\"https:\/\/osaka.ma\/#organization\",\"name\":\"Osaka\",\"url\":\"https:\/\/osaka.ma\/\",\"logo\":{\"@type\":\"ImageObject\",\"inLanguage\":\"es-ES\",\"@id\":\"https:\/\/osaka.ma\/#\/schema\/logo\/image\/\",\"url\":\"https:\/\/osaka.ma\/wp-content\/uploads\/2026\/01\/model-slogan-logo-2Plan-de-travail-1dksl-plus-finnn.png\",\"contentUrl\":\"https:\/\/osaka.ma\/wp-content\/uploads\/2026\/01\/model-slogan-logo-2Plan-de-travail-1dksl-plus-finnn.png\",\"width\":842,\"height\":226,\"caption\":\"Osaka\"},\"image\":{\"@id\":\"https:\/\/osaka.ma\/#\/schema\/logo\/image\/\"}}]}<\/script>\n<!-- \/ Yoast SEO plugin. -->","yoast_head_json":{"title":"ASUS ROG STRIX G713QR - Ryzen 9 5900HX | RTX 3070 - Osaka","robots":{"index":"index","follow":"follow","max-snippet":"max-snippet:-1","max-image-preview":"max-image-preview:large","max-video-preview":"max-video-preview:-1"},"canonical":"https:\/\/osaka.ma\/product\/asus-rog-strix-g17-g713qm-ryzen-9-5900hx-rtx-3070-17-3-fhd-300hz\/","og_locale":"es_ES","og_type":"article","og_title":"ASUS ROG STRIX G17 G713QM - Ryzen 9 5900HX | RTX 3070 | 17.3\" FHD 300Hz - Osaka","og_url":"https:\/\/osaka.ma\/product\/asus-rog-strix-g17-g713qm-ryzen-9-5900hx-rtx-3070-17-3-fhd-300hz\/","og_site_name":"Osaka","article_modified_time":"2025-10-09T00:10:44+00:00","og_image":[{"width":1600,"height":1600,"url":"https:\/\/osaka.ma\/wp-content\/uploads\/2025\/09\/ASUS-ROG-STRIX-G713QR.jpg","type":"image\/jpeg"}],"twitter_card":"summary_large_image","twitter_misc":{"Est. reading time":"5 minutes"},"schema":{"@context":"https:\/\/schema.org","@graph":[{"@type":"WebPage","@id":"https:\/\/osaka.ma\/product\/asus-rog-strix-g17-g713qm-ryzen-9-5900hx-rtx-3070-17-3-fhd-300hz\/","url":"https:\/\/osaka.ma\/product\/asus-rog-strix-g17-g713qm-ryzen-9-5900hx-rtx-3070-17-3-fhd-300hz\/","name":"ASUS ROG STRIX G713QR - Ryzen 9 5900HX | RTX 3070 - Osaka","isPartOf":{"@id":"https:\/\/osaka.ma\/#website"},"primaryImageOfPage":{"@id":"https:\/\/osaka.ma\/product\/asus-rog-strix-g17-g713qm-ryzen-9-5900hx-rtx-3070-17-3-fhd-300hz\/#primaryimage"},"image":{"@id":"https:\/\/osaka.ma\/product\/asus-rog-strix-g17-g713qm-ryzen-9-5900hx-rtx-3070-17-3-fhd-300hz\/#primaryimage"},"thumbnailUrl":"https:\/\/osaka.ma\/wp-content\/uploads\/2025\/09\/ASUS-ROG-STRIX-G713QR.jpg","datePublished":"2025-09-23T13:07:44+00:00","dateModified":"2025-10-09T00:10:44+00:00","description":"Jouez \u00e0 vos jeux PC pr\u00e9f\u00e9r\u00e9s avec l'ASUS ROG STRIX G17 G713QR - Ryzen 9 5900HX | RTX 3070 | 17.3\" FHD 300Hz . Disponible chez Osaka Gaming Maroc","breadcrumb":{"@id":"https:\/\/osaka.ma\/product\/asus-rog-strix-g17-g713qm-ryzen-9-5900hx-rtx-3070-17-3-fhd-300hz\/#breadcrumb"},"inLanguage":"es-ES","potentialAction":[{"@type":"ReadAction","target":["https:\/\/osaka.ma\/product\/asus-rog-strix-g17-g713qm-ryzen-9-5900hx-rtx-3070-17-3-fhd-300hz\/"]}]},{"@type":"ImageObject","inLanguage":"es-ES","@id":"https:\/\/osaka.ma\/product\/asus-rog-strix-g17-g713qm-ryzen-9-5900hx-rtx-3070-17-3-fhd-300hz\/#primaryimage","url":"https:\/\/osaka.ma\/wp-content\/uploads\/2025\/09\/ASUS-ROG-STRIX-G713QR.jpg","contentUrl":"https:\/\/osaka.ma\/wp-content\/uploads\/2025\/09\/ASUS-ROG-STRIX-G713QR.jpg","width":1600,"height":1600,"caption":"ASUS ROG STRIX G17 G713QR - Ryzen 9 5900HX | RTX 3070 | 17.3\" FHD 300Hz | Osaka Gaming Maroc"},{"@type":"BreadcrumbList","@id":"https:\/\/osaka.ma\/product\/asus-rog-strix-g17-g713qm-ryzen-9-5900hx-rtx-3070-17-3-fhd-300hz\/#breadcrumb","itemListElement":[{"@type":"ListItem","position":1,"name":"Home","item":"https:\/\/osaka.ma\/"},{"@type":"ListItem","position":2,"name":"Shop","item":"https:\/\/osaka.ma\/shop-2\/"},{"@type":"ListItem","position":3,"name":"ASUS ROG STRIX G17 G713QM &#8211; Ryzen 9 5900HX | RTX 3070 | 17.3&#8243; FHD 300Hz"}]},{"@type":"WebSite","@id":"https:\/\/osaka.ma\/#website","url":"https:\/\/osaka.ma\/","name":"Osaka","description":"","publisher":{"@id":"https:\/\/osaka.ma\/#organization"},"potentialAction":[{"@type":"SearchAction","target":{"@type":"EntryPoint","urlTemplate":"https:\/\/osaka.ma\/?s={search_term_string}"},"query-input":{"@type":"PropertyValueSpecification","valueRequired":true,"valueName":"search_term_string"}}],"inLanguage":"es-ES"},{"@type":"Organization","@id":"https:\/\/osaka.ma\/#organization","name":"Osaka","url":"https:\/\/osaka.ma\/","logo":{"@type":"ImageObject","inLanguage":"es-ES","@id":"https:\/\/osaka.ma\/#\/schema\/logo\/image\/","url":"https:\/\/osaka.ma\/wp-content\/uploads\/2026\/01\/model-slogan-logo-2Plan-de-travail-1dksl-plus-finnn.png","contentUrl":"https:\/\/osaka.ma\/wp-content\/uploads\/2026\/01\/model-slogan-logo-2Plan-de-travail-1dksl-plus-finnn.png","width":842,"height":226,"caption":"Osaka"},"image":{"@id":"https:\/\/osaka.ma\/#\/schema\/logo\/image\/"}}]}},"jetpack_sharing_enabled":true,"brands":[],"_links":{"self":[{"href":"https:\/\/osaka.ma\/es\/wp-json\/wp\/v2\/product\/17826","targetHints":{"allow":["GET"]}}],"collection":[{"href":"https:\/\/osaka.ma\/es\/wp-json\/wp\/v2\/product"}],"about":[{"href":"https:\/\/osaka.ma\/es\/wp-json\/wp\/v2\/types\/product"}],"version-history":[{"count":0,"href":"https:\/\/osaka.ma\/es\/wp-json\/wp\/v2\/product\/17826\/revisions"}],"wp:featuredmedia":[{"embeddable":true,"href":"https:\/\/osaka.ma\/es\/wp-json\/wp\/v2\/media\/1017753"}],"wp:attachment":[{"href":"https:\/\/osaka.ma\/es\/wp-json\/wp\/v2\/media?parent=17826"}],"wp:term":[{"taxonomy":"pwb-brand","embeddable":true,"href":"https:\/\/osaka.ma\/es\/wp-json\/wp\/v2\/pwb-brand?post=17826"},{"taxonomy":"product_brand","embeddable":true,"href":"https:\/\/osaka.ma\/es\/wp-json\/wp\/v2\/product_brand?post=17826"},{"taxonomy":"product_cat","embeddable":true,"href":"https:\/\/osaka.ma\/es\/wp-json\/wp\/v2\/product_cat?post=17826"},{"taxonomy":"product_tag","embeddable":true,"href":"https:\/\/osaka.ma\/es\/wp-json\/wp\/v2\/product_tag?post=17826"},{"taxonomy":"pcb_component_type","embeddable":true,"href":"https:\/\/osaka.ma\/es\/wp-json\/wp\/v2\/pcb_component_type?post=17826"}],"curies":[{"name":"wp","href":"https:\/\/api.w.org\/{rel}","templated":true}]}}