{"id":17870,"date":"2025-10-01T14:45:24","date_gmt":"2025-10-01T13:45:24","guid":{"rendered":"https:\/\/osaka.ma\/?post_type=product&#038;p=17870"},"modified":"2025-11-02T01:05:47","modified_gmt":"2025-11-02T00:05:47","slug":"lenovo-thinkpad-p1-gen6-i7-13800h-rtx-4080-qhd-165hz","status":"publish","type":"product","link":"https:\/\/osaka.ma\/es\/product\/lenovo-thinkpad-p1-gen6-i7-13800h-rtx-4080-qhd-165hz\/","title":{"rendered":"LENOVO THINKPAD P1 GEN6 I7 13800H RTX 4080 QHD 165HZ"},"content":{"rendered":"<p>Le <strong>LENOVO THINKPAD P1 GEN6<\/strong> est une station de travail portable haut de gamme, con\u00e7ue pour les professionnels exigeants qui recherchent puissance, fiabilit\u00e9 et performance graphique. Avec son processeur Intel\u00ae Core\u2122 i7-13800H de derni\u00e8re g\u00e9n\u00e9ration, sa carte graphique NVIDIA\u00ae GeForce RTX\u2122 4080 dot\u00e9e de 12 Go de m\u00e9moire d\u00e9di\u00e9e et son \u00e9cran QHD 165 Hz<\/p>\n<h5>Caract\u00e9ristiques principales :<\/h5>\n<ul>\n<li><strong>Processeur : <span style=\"color: #3366ff;\">Intel Core i7 13800H<\/span><\/strong><\/li>\n<li><strong>m\u00e9moire : <span style=\"color: #3366ff;\">32GB DDR5 5600MHZ<\/span><\/strong><\/li>\n<li><strong>\u00c9cran : <span style=\"color: #3366ff;\">15&#8243; <\/span><span style=\"color: #3366ff;\">WQXGA 2K (2560&#215;1600) IPS<\/span><\/strong><\/li>\n<li><strong>Puce graphique : <span style=\"color: #3366ff;\">NVIDIA GeForce RTX 4080 12 Go\u00a0<\/span><\/strong><\/li>\n<li><strong>Stockage : <span style=\"color: #3366ff;\">1 TB NVME M.2<\/span><\/strong><\/li>\n<li><strong>Clavier : <span style=\"color: #3366ff;\">QWERTY r\u00e9tro\u00e9clair\u00e9\u00a0<\/span><\/strong><\/li>\n<li><strong>Syst\u00e8me : <span style=\"color: #3366ff;\">Windows 11 PRO<\/span><\/strong><\/li>\n<li><strong>\u00c9tat : <span style=\"color: #3366ff;\">Neuf &#8211; Sans Emballage<\/span><\/strong><\/li>\n<\/ul>\n","protected":false},"excerpt":{"rendered":"<p>Le <strong>LENOVO THINKPAD P1 GEN6<\/strong> est une station de travail portable haut de gamme, con\u00e7ue pour les professionnels exigeants qui recherchent puissance, fiabilit\u00e9 et performance graphique. Avec son processeur Intel\u00ae Core\u2122 i7-13800H de derni\u00e8re g\u00e9n\u00e9ration, sa carte graphique NVIDIA\u00ae GeForce RTX\u2122 4080 dot\u00e9e de 12 Go de m\u00e9moire d\u00e9di\u00e9e et son \u00e9cran QHD 165 Hz<\/p>\n<h5>Caract\u00e9ristiques principales :<\/h5>\n<ul>\n<li><strong>Processeur : <span style=\"color: #3366ff;\">Intel Core i7 13800H<\/span><\/strong><\/li>\n<li><strong>m\u00e9moire : <span style=\"color: #3366ff;\">32GB DDR5 5600MHZ<\/span><\/strong><\/li>\n<li><strong>\u00c9cran : <span style=\"color: #3366ff;\">15&#8243; <\/span><span style=\"color: #3366ff;\">WQXGA 2K (2560&#215;1600) IPS<\/span><\/strong><\/li>\n<li><strong>Puce graphique : <span style=\"color: #3366ff;\">NVIDIA GeForce RTX 4080 12 Go\u00a0<\/span><\/strong><\/li>\n<li><strong>Stockage : <span style=\"color: #3366ff;\">1 TB NVME M.2<\/span><\/strong><\/li>\n<li><strong>Clavier : <span style=\"color: #3366ff;\">QWERTY r\u00e9tro\u00e9clair\u00e9\u00a0<\/span><\/strong><\/li>\n<li><strong>Syst\u00e8me : <span style=\"color: #3366ff;\">Windows 11 PRO<\/span><\/strong><\/li>\n<li><strong>\u00c9tat : <span style=\"color: #3366ff;\">Neuf &#8211; Sans Emballage<\/span><\/strong><\/li>\n<\/ul>\n","protected":false},"featured_media":1017871,"template":"","meta":{"_acf_changed":false},"pwb-brand":[],"product_brand":[],"product_cat":[122,121,126],"product_tag":[],"pcb_component_type":[],"class_list":{"0":"post-17870","1":"product","2":"type-product","3":"status-publish","4":"has-post-thumbnail","6":"product_cat-gaming","7":"product_cat-pc-portable","8":"product_cat-professional","10":"first","11":"outofstock","12":"shipping-taxable","13":"product-type-simple"},"translation":{"provider":"WPGlobus","version":"3.0.2","language":"es","enabled_languages":["en","es","de","fr","ru"],"languages":{"en":{"title":true,"content":true,"excerpt":true},"es":{"title":false,"content":false,"excerpt":false},"de":{"title":false,"content":false,"excerpt":false},"fr":{"title":false,"content":false,"excerpt":false},"ru":{"title":false,"content":false,"excerpt":false}}},"acf":[],"yoast_head":"<!-- This site is optimized with the Yoast SEO plugin v27.2 - https:\/\/yoast.com\/product\/yoast-seo-wordpress\/ -->\n<title>LENOVO THINKPAD P1 GEN6 I7 13800H RTX 4080 QHD 165HZ - Osaka<\/title>\n<meta name=\"robots\" content=\"index, follow, max-snippet:-1, max-image-preview:large, max-video-preview:-1\" \/>\n<link rel=\"canonical\" href=\"https:\/\/osaka.ma\/product\/lenovo-thinkpad-p1-gen6-i7-13800h-rtx-4080-qhd-165hz\/\" \/>\n<meta property=\"og:locale\" content=\"es_ES\" \/>\n<meta property=\"og:type\" content=\"article\" \/>\n<meta property=\"og:title\" content=\"LENOVO THINKPAD P1 GEN6 I7 13800H RTX 4080 QHD 165HZ - Osaka\" \/>\n<meta property=\"og:url\" content=\"https:\/\/osaka.ma\/product\/lenovo-thinkpad-p1-gen6-i7-13800h-rtx-4080-qhd-165hz\/\" \/>\n<meta property=\"og:site_name\" content=\"Osaka\" \/>\n<meta property=\"article:modified_time\" content=\"2025-11-02T00:05:47+00:00\" \/>\n<meta property=\"og:image\" content=\"https:\/\/osaka.ma\/wp-content\/uploads\/2025\/10\/71SIhz-5NSL._AC_SL1500_.jpg\" \/>\n\t<meta property=\"og:image:width\" content=\"1341\" \/>\n\t<meta property=\"og:image:height\" content=\"1096\" \/>\n\t<meta property=\"og:image:type\" content=\"image\/jpeg\" \/>\n<meta name=\"twitter:card\" content=\"summary_large_image\" \/>\n<meta name=\"twitter:label1\" content=\"Est. reading time\" \/>\n\t<meta name=\"twitter:data1\" content=\"3 minutes\" \/>\n<script type=\"application\/ld+json\" class=\"yoast-schema-graph\">{\"@context\":\"https:\/\/schema.org\",\"@graph\":[{\"@type\":\"WebPage\",\"@id\":\"https:\/\/osaka.ma\/product\/lenovo-thinkpad-p1-gen6-i7-13800h-rtx-4080-qhd-165hz\/\",\"url\":\"https:\/\/osaka.ma\/product\/lenovo-thinkpad-p1-gen6-i7-13800h-rtx-4080-qhd-165hz\/\",\"name\":\"LENOVO THINKPAD P1 GEN6 I7 13800H RTX 4080 QHD 165HZ - Osaka\",\"isPartOf\":{\"@id\":\"https:\/\/osaka.ma\/#website\"},\"primaryImageOfPage\":{\"@id\":\"https:\/\/osaka.ma\/product\/lenovo-thinkpad-p1-gen6-i7-13800h-rtx-4080-qhd-165hz\/#primaryimage\"},\"image\":{\"@id\":\"https:\/\/osaka.ma\/product\/lenovo-thinkpad-p1-gen6-i7-13800h-rtx-4080-qhd-165hz\/#primaryimage\"},\"thumbnailUrl\":\"https:\/\/osaka.ma\/wp-content\/uploads\/2025\/10\/71SIhz-5NSL._AC_SL1500_.jpg\",\"datePublished\":\"2025-10-01T13:45:24+00:00\",\"dateModified\":\"2025-11-02T00:05:47+00:00\",\"description\":\"D\u00e9couvrez la puissance du LENOVO THINKPAD i7 13800h rtx 4080. Optimis\u00e9 pour les professionnels, il excelle en performance graphique.\",\"breadcrumb\":{\"@id\":\"https:\/\/osaka.ma\/product\/lenovo-thinkpad-p1-gen6-i7-13800h-rtx-4080-qhd-165hz\/#breadcrumb\"},\"inLanguage\":\"es-ES\",\"potentialAction\":[{\"@type\":\"ReadAction\",\"target\":[\"https:\/\/osaka.ma\/product\/lenovo-thinkpad-p1-gen6-i7-13800h-rtx-4080-qhd-165hz\/\"]}]},{\"@type\":\"ImageObject\",\"inLanguage\":\"es-ES\",\"@id\":\"https:\/\/osaka.ma\/product\/lenovo-thinkpad-p1-gen6-i7-13800h-rtx-4080-qhd-165hz\/#primaryimage\",\"url\":\"https:\/\/osaka.ma\/wp-content\/uploads\/2025\/10\/71SIhz-5NSL._AC_SL1500_.jpg\",\"contentUrl\":\"https:\/\/osaka.ma\/wp-content\/uploads\/2025\/10\/71SIhz-5NSL._AC_SL1500_.jpg\",\"width\":1341,\"height\":1096},{\"@type\":\"BreadcrumbList\",\"@id\":\"https:\/\/osaka.ma\/product\/lenovo-thinkpad-p1-gen6-i7-13800h-rtx-4080-qhd-165hz\/#breadcrumb\",\"itemListElement\":[{\"@type\":\"ListItem\",\"position\":1,\"name\":\"Home\",\"item\":\"https:\/\/osaka.ma\/\"},{\"@type\":\"ListItem\",\"position\":2,\"name\":\"Shop\",\"item\":\"https:\/\/osaka.ma\/shop-2\/\"},{\"@type\":\"ListItem\",\"position\":3,\"name\":\"LENOVO THINKPAD P1 GEN6 I7 13800H RTX 4080 QHD 165HZ\"}]},{\"@type\":\"WebSite\",\"@id\":\"https:\/\/osaka.ma\/#website\",\"url\":\"https:\/\/osaka.ma\/\",\"name\":\"Osaka\",\"description\":\"\",\"publisher\":{\"@id\":\"https:\/\/osaka.ma\/#organization\"},\"potentialAction\":[{\"@type\":\"SearchAction\",\"target\":{\"@type\":\"EntryPoint\",\"urlTemplate\":\"https:\/\/osaka.ma\/?s={search_term_string}\"},\"query-input\":{\"@type\":\"PropertyValueSpecification\",\"valueRequired\":true,\"valueName\":\"search_term_string\"}}],\"inLanguage\":\"es-ES\"},{\"@type\":\"Organization\",\"@id\":\"https:\/\/osaka.ma\/#organization\",\"name\":\"Osaka\",\"url\":\"https:\/\/osaka.ma\/\",\"logo\":{\"@type\":\"ImageObject\",\"inLanguage\":\"es-ES\",\"@id\":\"https:\/\/osaka.ma\/#\/schema\/logo\/image\/\",\"url\":\"https:\/\/osaka.ma\/wp-content\/uploads\/2026\/01\/model-slogan-logo-2Plan-de-travail-1dksl-plus-finnn.png\",\"contentUrl\":\"https:\/\/osaka.ma\/wp-content\/uploads\/2026\/01\/model-slogan-logo-2Plan-de-travail-1dksl-plus-finnn.png\",\"width\":842,\"height\":226,\"caption\":\"Osaka\"},\"image\":{\"@id\":\"https:\/\/osaka.ma\/#\/schema\/logo\/image\/\"}}]}<\/script>\n<!-- \/ Yoast SEO plugin. -->","yoast_head_json":{"title":"LENOVO THINKPAD P1 GEN6 I7 13800H RTX 4080 QHD 165HZ - Osaka","robots":{"index":"index","follow":"follow","max-snippet":"max-snippet:-1","max-image-preview":"max-image-preview:large","max-video-preview":"max-video-preview:-1"},"canonical":"https:\/\/osaka.ma\/product\/lenovo-thinkpad-p1-gen6-i7-13800h-rtx-4080-qhd-165hz\/","og_locale":"es_ES","og_type":"article","og_title":"LENOVO THINKPAD P1 GEN6 I7 13800H RTX 4080 QHD 165HZ - Osaka","og_url":"https:\/\/osaka.ma\/product\/lenovo-thinkpad-p1-gen6-i7-13800h-rtx-4080-qhd-165hz\/","og_site_name":"Osaka","article_modified_time":"2025-11-02T00:05:47+00:00","og_image":[{"width":1341,"height":1096,"url":"https:\/\/osaka.ma\/wp-content\/uploads\/2025\/10\/71SIhz-5NSL._AC_SL1500_.jpg","type":"image\/jpeg"}],"twitter_card":"summary_large_image","twitter_misc":{"Est. reading time":"3 minutes"},"schema":{"@context":"https:\/\/schema.org","@graph":[{"@type":"WebPage","@id":"https:\/\/osaka.ma\/product\/lenovo-thinkpad-p1-gen6-i7-13800h-rtx-4080-qhd-165hz\/","url":"https:\/\/osaka.ma\/product\/lenovo-thinkpad-p1-gen6-i7-13800h-rtx-4080-qhd-165hz\/","name":"LENOVO THINKPAD P1 GEN6 I7 13800H RTX 4080 QHD 165HZ - Osaka","isPartOf":{"@id":"https:\/\/osaka.ma\/#website"},"primaryImageOfPage":{"@id":"https:\/\/osaka.ma\/product\/lenovo-thinkpad-p1-gen6-i7-13800h-rtx-4080-qhd-165hz\/#primaryimage"},"image":{"@id":"https:\/\/osaka.ma\/product\/lenovo-thinkpad-p1-gen6-i7-13800h-rtx-4080-qhd-165hz\/#primaryimage"},"thumbnailUrl":"https:\/\/osaka.ma\/wp-content\/uploads\/2025\/10\/71SIhz-5NSL._AC_SL1500_.jpg","datePublished":"2025-10-01T13:45:24+00:00","dateModified":"2025-11-02T00:05:47+00:00","description":"D\u00e9couvrez la puissance du LENOVO THINKPAD i7 13800h rtx 4080. Optimis\u00e9 pour les professionnels, il excelle en performance graphique.","breadcrumb":{"@id":"https:\/\/osaka.ma\/product\/lenovo-thinkpad-p1-gen6-i7-13800h-rtx-4080-qhd-165hz\/#breadcrumb"},"inLanguage":"es-ES","potentialAction":[{"@type":"ReadAction","target":["https:\/\/osaka.ma\/product\/lenovo-thinkpad-p1-gen6-i7-13800h-rtx-4080-qhd-165hz\/"]}]},{"@type":"ImageObject","inLanguage":"es-ES","@id":"https:\/\/osaka.ma\/product\/lenovo-thinkpad-p1-gen6-i7-13800h-rtx-4080-qhd-165hz\/#primaryimage","url":"https:\/\/osaka.ma\/wp-content\/uploads\/2025\/10\/71SIhz-5NSL._AC_SL1500_.jpg","contentUrl":"https:\/\/osaka.ma\/wp-content\/uploads\/2025\/10\/71SIhz-5NSL._AC_SL1500_.jpg","width":1341,"height":1096},{"@type":"BreadcrumbList","@id":"https:\/\/osaka.ma\/product\/lenovo-thinkpad-p1-gen6-i7-13800h-rtx-4080-qhd-165hz\/#breadcrumb","itemListElement":[{"@type":"ListItem","position":1,"name":"Home","item":"https:\/\/osaka.ma\/"},{"@type":"ListItem","position":2,"name":"Shop","item":"https:\/\/osaka.ma\/shop-2\/"},{"@type":"ListItem","position":3,"name":"LENOVO THINKPAD P1 GEN6 I7 13800H RTX 4080 QHD 165HZ"}]},{"@type":"WebSite","@id":"https:\/\/osaka.ma\/#website","url":"https:\/\/osaka.ma\/","name":"Osaka","description":"","publisher":{"@id":"https:\/\/osaka.ma\/#organization"},"potentialAction":[{"@type":"SearchAction","target":{"@type":"EntryPoint","urlTemplate":"https:\/\/osaka.ma\/?s={search_term_string}"},"query-input":{"@type":"PropertyValueSpecification","valueRequired":true,"valueName":"search_term_string"}}],"inLanguage":"es-ES"},{"@type":"Organization","@id":"https:\/\/osaka.ma\/#organization","name":"Osaka","url":"https:\/\/osaka.ma\/","logo":{"@type":"ImageObject","inLanguage":"es-ES","@id":"https:\/\/osaka.ma\/#\/schema\/logo\/image\/","url":"https:\/\/osaka.ma\/wp-content\/uploads\/2026\/01\/model-slogan-logo-2Plan-de-travail-1dksl-plus-finnn.png","contentUrl":"https:\/\/osaka.ma\/wp-content\/uploads\/2026\/01\/model-slogan-logo-2Plan-de-travail-1dksl-plus-finnn.png","width":842,"height":226,"caption":"Osaka"},"image":{"@id":"https:\/\/osaka.ma\/#\/schema\/logo\/image\/"}}]}},"jetpack_sharing_enabled":true,"brands":[],"_links":{"self":[{"href":"https:\/\/osaka.ma\/es\/wp-json\/wp\/v2\/product\/17870","targetHints":{"allow":["GET"]}}],"collection":[{"href":"https:\/\/osaka.ma\/es\/wp-json\/wp\/v2\/product"}],"about":[{"href":"https:\/\/osaka.ma\/es\/wp-json\/wp\/v2\/types\/product"}],"version-history":[{"count":0,"href":"https:\/\/osaka.ma\/es\/wp-json\/wp\/v2\/product\/17870\/revisions"}],"wp:featuredmedia":[{"embeddable":true,"href":"https:\/\/osaka.ma\/es\/wp-json\/wp\/v2\/media\/1017871"}],"wp:attachment":[{"href":"https:\/\/osaka.ma\/es\/wp-json\/wp\/v2\/media?parent=17870"}],"wp:term":[{"taxonomy":"pwb-brand","embeddable":true,"href":"https:\/\/osaka.ma\/es\/wp-json\/wp\/v2\/pwb-brand?post=17870"},{"taxonomy":"product_brand","embeddable":true,"href":"https:\/\/osaka.ma\/es\/wp-json\/wp\/v2\/product_brand?post=17870"},{"taxonomy":"product_cat","embeddable":true,"href":"https:\/\/osaka.ma\/es\/wp-json\/wp\/v2\/product_cat?post=17870"},{"taxonomy":"product_tag","embeddable":true,"href":"https:\/\/osaka.ma\/es\/wp-json\/wp\/v2\/product_tag?post=17870"},{"taxonomy":"pcb_component_type","embeddable":true,"href":"https:\/\/osaka.ma\/es\/wp-json\/wp\/v2\/pcb_component_type?post=17870"}],"curies":[{"name":"wp","href":"https:\/\/api.w.org\/{rel}","templated":true}]}}