{"id":18465,"date":"2025-10-21T18:41:29","date_gmt":"2025-10-21T17:41:29","guid":{"rendered":"https:\/\/osaka.ma\/?post_type=product&#038;p=18465"},"modified":"2025-12-03T13:52:33","modified_gmt":"2025-12-03T12:52:33","slug":"msi-pro-z890-s-wifi","status":"publish","type":"product","link":"https:\/\/osaka.ma\/es\/product\/msi-pro-z890-s-wifi\/","title":{"rendered":"MSI PRO Z890-S WIFI"},"content":{"rendered":"<p><img decoding=\"async\" src=\"https:\/\/media.ldlc.com\/bo\/images\/fiches\/carte-mere\/MSI\/z890\/msi_pro_z890s_wifi_2.jpg\" \/><\/p>\n<h2><span dir=\"auto\">MSI PRO Z890-S WIFI<\/span><\/h2>\n<ul>\n<li><span dir=\"auto\">Prise en charge des processeurs Intel Core Ultra Arrow-Lake-S<\/span><\/li>\n<li><span dir=\"auto\">Prise en charge de la m\u00e9moire DDR5<\/span><\/li>\n<li><span dir=\"auto\">1 emplacement M.2 PCIe 5.0 x4 + 2 emplacements M.2 PCIe 4.0 4x + 4 ports SATA 6 Gbit\/s<\/span><\/li>\n<li><span dir=\"auto\">Port PCI-Express 5.0 16x<\/span><\/li>\n<li><span dir=\"auto\">Audio Boost pour une qualit\u00e9 sonore sup\u00e9rieure<\/span><\/li>\n<li><span dir=\"auto\">1 port Thunderbolt 4 (USB-C) 40 Gbps compatible 8K \u00e0 60 Hz et d\u00e9livrant 15 W de puissance.<\/span><\/li>\n<li><span dir=\"auto\">R\u00e9seau local 2,5 GbE<\/span><\/li>\n<li><span dir=\"auto\">Wi-Fi 7\/Bluetooth 5.4<\/span><\/li>\n<\/ul>\n","protected":false},"excerpt":{"rendered":"<p><span dir=\"auto\">La\u00a0<\/span><strong><span dir=\"auto\">carte m\u00e8re MSI PRO Z890-S WIFI<\/span><\/strong><span dir=\"auto\">\u00a0avec\u00a0<\/span><strong><span dir=\"auto\">socket Intel LGA 1851<\/span><\/strong><span dir=\"auto\">\u00a0peut accueillir\u00a0<\/span><strong><span dir=\"auto\">des processeurs Intel Core Ultra Arrow Lake-S optimis\u00e9s pour l&#8217;IA.<\/span><\/strong><span dir=\"auto\">\u00a0Dot\u00e9e d&#8217;une connectivit\u00e9 de pointe, comme\u00a0<\/span><strong><span dir=\"auto\">le Thunderbolt 4<\/span><\/strong><span dir=\"auto\">\u00a0, la PRO Z890-S WIFI propos\u00e9e par MSI propose \u00e9galement un emplacement PCI-Express 5.0 x16 et un emplacement M.2 PCIe 5.0 x4 pour accueillir les composants les plus rapides, afin de satisfaire les joueurs et les cr\u00e9ateurs de contenu. C\u00f4t\u00e9 r\u00e9seau, rien ne manque\u00a0: un connecteur LAN 2,5\u00a0Gbit\/s est disponible, ainsi qu&#8217;une connectivit\u00e9 sans fil haut de gamme avec le Wi-Fi\u00a07 et le Bluetooth\u00a05.4.<\/span><\/p>\n","protected":false},"featured_media":1018466,"template":"","meta":{"_acf_changed":false},"pwb-brand":[],"product_brand":[],"product_cat":[84,17,100],"product_tag":[],"pcb_component_type":[],"class_list":{"0":"post-18465","1":"product","2":"type-product","3":"status-publish","4":"has-post-thumbnail","6":"product_cat-carte-mere","7":"product_cat-composants-gaming","8":"product_cat-intel-carte-mere-composants-gaming-9","10":"first","11":"outofstock","12":"shipping-taxable","13":"product-type-simple"},"translation":{"provider":"WPGlobus","version":"3.0.2","language":"es","enabled_languages":["en","es","de","fr","ru"],"languages":{"en":{"title":true,"content":true,"excerpt":true},"es":{"title":false,"content":false,"excerpt":false},"de":{"title":false,"content":false,"excerpt":false},"fr":{"title":false,"content":false,"excerpt":false},"ru":{"title":false,"content":false,"excerpt":false}}},"acf":[],"yoast_head":"<!-- This site is optimized with the Yoast SEO plugin v27.2 - https:\/\/yoast.com\/product\/yoast-seo-wordpress\/ -->\n<title>MSI PRO Z890-S WIFI - Osaka<\/title>\n<meta name=\"robots\" content=\"index, follow, max-snippet:-1, max-image-preview:large, max-video-preview:-1\" \/>\n<link rel=\"canonical\" href=\"https:\/\/osaka.ma\/es\/product\/msi-pro-z890-s-wifi\/\" \/>\n<meta property=\"og:locale\" content=\"es_ES\" \/>\n<meta property=\"og:type\" content=\"article\" \/>\n<meta property=\"og:title\" content=\"MSI PRO Z890-S WIFI - Osaka\" \/>\n<meta property=\"og:url\" content=\"https:\/\/osaka.ma\/es\/product\/msi-pro-z890-s-wifi\/\" \/>\n<meta property=\"og:site_name\" content=\"Osaka\" \/>\n<meta property=\"article:modified_time\" content=\"2025-12-03T12:52:33+00:00\" \/>\n<meta property=\"og:image\" content=\"https:\/\/osaka.ma\/wp-content\/uploads\/2025\/10\/MSI-PRO-Z890-S-WIFI.webp\" \/>\n\t<meta property=\"og:image:width\" content=\"600\" \/>\n\t<meta property=\"og:image:height\" content=\"600\" \/>\n\t<meta property=\"og:image:type\" content=\"image\/webp\" \/>\n<meta name=\"twitter:card\" content=\"summary_large_image\" \/>\n<meta name=\"twitter:label1\" content=\"Est. reading time\" \/>\n\t<meta name=\"twitter:data1\" content=\"2 minutes\" \/>\n<script type=\"application\/ld+json\" class=\"yoast-schema-graph\">{\"@context\":\"https:\/\/schema.org\",\"@graph\":[{\"@type\":\"WebPage\",\"@id\":\"https:\/\/osaka.ma\/es\/product\/msi-pro-z890-s-wifi\/\",\"url\":\"https:\/\/osaka.ma\/es\/product\/msi-pro-z890-s-wifi\/\",\"name\":\"MSI PRO Z890-S WIFI - Osaka\",\"isPartOf\":{\"@id\":\"https:\/\/osaka.ma\/#website\"},\"primaryImageOfPage\":{\"@id\":\"https:\/\/osaka.ma\/es\/product\/msi-pro-z890-s-wifi\/#primaryimage\"},\"image\":{\"@id\":\"https:\/\/osaka.ma\/es\/product\/msi-pro-z890-s-wifi\/#primaryimage\"},\"thumbnailUrl\":\"https:\/\/osaka.ma\/wp-content\/uploads\/2025\/10\/MSI-PRO-Z890-S-WIFI.webp\",\"datePublished\":\"2025-10-21T17:41:29+00:00\",\"dateModified\":\"2025-12-03T12:52:33+00:00\",\"breadcrumb\":{\"@id\":\"https:\/\/osaka.ma\/es\/product\/msi-pro-z890-s-wifi\/#breadcrumb\"},\"inLanguage\":\"es-ES\",\"potentialAction\":[{\"@type\":\"ReadAction\",\"target\":[\"https:\/\/osaka.ma\/es\/product\/msi-pro-z890-s-wifi\/\"]}]},{\"@type\":\"ImageObject\",\"inLanguage\":\"es-ES\",\"@id\":\"https:\/\/osaka.ma\/es\/product\/msi-pro-z890-s-wifi\/#primaryimage\",\"url\":\"https:\/\/osaka.ma\/wp-content\/uploads\/2025\/10\/MSI-PRO-Z890-S-WIFI.webp\",\"contentUrl\":\"https:\/\/osaka.ma\/wp-content\/uploads\/2025\/10\/MSI-PRO-Z890-S-WIFI.webp\",\"width\":600,\"height\":600,\"caption\":\"MSI PRO Z890 S WIFI\"},{\"@type\":\"BreadcrumbList\",\"@id\":\"https:\/\/osaka.ma\/es\/product\/msi-pro-z890-s-wifi\/#breadcrumb\",\"itemListElement\":[{\"@type\":\"ListItem\",\"position\":1,\"name\":\"Home\",\"item\":\"https:\/\/osaka.ma\/\"},{\"@type\":\"ListItem\",\"position\":2,\"name\":\"Shop\",\"item\":\"https:\/\/osaka.ma\/shop-2\/\"},{\"@type\":\"ListItem\",\"position\":3,\"name\":\"MSI PRO Z890-S WIFI\"}]},{\"@type\":\"WebSite\",\"@id\":\"https:\/\/osaka.ma\/#website\",\"url\":\"https:\/\/osaka.ma\/\",\"name\":\"Osaka\",\"description\":\"\",\"publisher\":{\"@id\":\"https:\/\/osaka.ma\/#organization\"},\"potentialAction\":[{\"@type\":\"SearchAction\",\"target\":{\"@type\":\"EntryPoint\",\"urlTemplate\":\"https:\/\/osaka.ma\/?s={search_term_string}\"},\"query-input\":{\"@type\":\"PropertyValueSpecification\",\"valueRequired\":true,\"valueName\":\"search_term_string\"}}],\"inLanguage\":\"es-ES\"},{\"@type\":\"Organization\",\"@id\":\"https:\/\/osaka.ma\/#organization\",\"name\":\"Osaka\",\"url\":\"https:\/\/osaka.ma\/\",\"logo\":{\"@type\":\"ImageObject\",\"inLanguage\":\"es-ES\",\"@id\":\"https:\/\/osaka.ma\/#\/schema\/logo\/image\/\",\"url\":\"https:\/\/osaka.ma\/wp-content\/uploads\/2026\/01\/model-slogan-logo-2Plan-de-travail-1dksl-plus-finnn.png\",\"contentUrl\":\"https:\/\/osaka.ma\/wp-content\/uploads\/2026\/01\/model-slogan-logo-2Plan-de-travail-1dksl-plus-finnn.png\",\"width\":842,\"height\":226,\"caption\":\"Osaka\"},\"image\":{\"@id\":\"https:\/\/osaka.ma\/#\/schema\/logo\/image\/\"}}]}<\/script>\n<!-- \/ Yoast SEO plugin. -->","yoast_head_json":{"title":"MSI PRO Z890-S WIFI - Osaka","robots":{"index":"index","follow":"follow","max-snippet":"max-snippet:-1","max-image-preview":"max-image-preview:large","max-video-preview":"max-video-preview:-1"},"canonical":"https:\/\/osaka.ma\/es\/product\/msi-pro-z890-s-wifi\/","og_locale":"es_ES","og_type":"article","og_title":"MSI PRO Z890-S WIFI - Osaka","og_url":"https:\/\/osaka.ma\/es\/product\/msi-pro-z890-s-wifi\/","og_site_name":"Osaka","article_modified_time":"2025-12-03T12:52:33+00:00","og_image":[{"width":600,"height":600,"url":"https:\/\/osaka.ma\/wp-content\/uploads\/2025\/10\/MSI-PRO-Z890-S-WIFI.webp","type":"image\/webp"}],"twitter_card":"summary_large_image","twitter_misc":{"Est. reading time":"2 minutes"},"schema":{"@context":"https:\/\/schema.org","@graph":[{"@type":"WebPage","@id":"https:\/\/osaka.ma\/es\/product\/msi-pro-z890-s-wifi\/","url":"https:\/\/osaka.ma\/es\/product\/msi-pro-z890-s-wifi\/","name":"MSI PRO Z890-S WIFI - Osaka","isPartOf":{"@id":"https:\/\/osaka.ma\/#website"},"primaryImageOfPage":{"@id":"https:\/\/osaka.ma\/es\/product\/msi-pro-z890-s-wifi\/#primaryimage"},"image":{"@id":"https:\/\/osaka.ma\/es\/product\/msi-pro-z890-s-wifi\/#primaryimage"},"thumbnailUrl":"https:\/\/osaka.ma\/wp-content\/uploads\/2025\/10\/MSI-PRO-Z890-S-WIFI.webp","datePublished":"2025-10-21T17:41:29+00:00","dateModified":"2025-12-03T12:52:33+00:00","breadcrumb":{"@id":"https:\/\/osaka.ma\/es\/product\/msi-pro-z890-s-wifi\/#breadcrumb"},"inLanguage":"es-ES","potentialAction":[{"@type":"ReadAction","target":["https:\/\/osaka.ma\/es\/product\/msi-pro-z890-s-wifi\/"]}]},{"@type":"ImageObject","inLanguage":"es-ES","@id":"https:\/\/osaka.ma\/es\/product\/msi-pro-z890-s-wifi\/#primaryimage","url":"https:\/\/osaka.ma\/wp-content\/uploads\/2025\/10\/MSI-PRO-Z890-S-WIFI.webp","contentUrl":"https:\/\/osaka.ma\/wp-content\/uploads\/2025\/10\/MSI-PRO-Z890-S-WIFI.webp","width":600,"height":600,"caption":"MSI PRO Z890 S WIFI"},{"@type":"BreadcrumbList","@id":"https:\/\/osaka.ma\/es\/product\/msi-pro-z890-s-wifi\/#breadcrumb","itemListElement":[{"@type":"ListItem","position":1,"name":"Home","item":"https:\/\/osaka.ma\/"},{"@type":"ListItem","position":2,"name":"Shop","item":"https:\/\/osaka.ma\/shop-2\/"},{"@type":"ListItem","position":3,"name":"MSI PRO Z890-S WIFI"}]},{"@type":"WebSite","@id":"https:\/\/osaka.ma\/#website","url":"https:\/\/osaka.ma\/","name":"Osaka","description":"","publisher":{"@id":"https:\/\/osaka.ma\/#organization"},"potentialAction":[{"@type":"SearchAction","target":{"@type":"EntryPoint","urlTemplate":"https:\/\/osaka.ma\/?s={search_term_string}"},"query-input":{"@type":"PropertyValueSpecification","valueRequired":true,"valueName":"search_term_string"}}],"inLanguage":"es-ES"},{"@type":"Organization","@id":"https:\/\/osaka.ma\/#organization","name":"Osaka","url":"https:\/\/osaka.ma\/","logo":{"@type":"ImageObject","inLanguage":"es-ES","@id":"https:\/\/osaka.ma\/#\/schema\/logo\/image\/","url":"https:\/\/osaka.ma\/wp-content\/uploads\/2026\/01\/model-slogan-logo-2Plan-de-travail-1dksl-plus-finnn.png","contentUrl":"https:\/\/osaka.ma\/wp-content\/uploads\/2026\/01\/model-slogan-logo-2Plan-de-travail-1dksl-plus-finnn.png","width":842,"height":226,"caption":"Osaka"},"image":{"@id":"https:\/\/osaka.ma\/#\/schema\/logo\/image\/"}}]}},"jetpack_sharing_enabled":true,"brands":[],"_links":{"self":[{"href":"https:\/\/osaka.ma\/es\/wp-json\/wp\/v2\/product\/18465","targetHints":{"allow":["GET"]}}],"collection":[{"href":"https:\/\/osaka.ma\/es\/wp-json\/wp\/v2\/product"}],"about":[{"href":"https:\/\/osaka.ma\/es\/wp-json\/wp\/v2\/types\/product"}],"version-history":[{"count":0,"href":"https:\/\/osaka.ma\/es\/wp-json\/wp\/v2\/product\/18465\/revisions"}],"wp:featuredmedia":[{"embeddable":true,"href":"https:\/\/osaka.ma\/es\/wp-json\/wp\/v2\/media\/1018466"}],"wp:attachment":[{"href":"https:\/\/osaka.ma\/es\/wp-json\/wp\/v2\/media?parent=18465"}],"wp:term":[{"taxonomy":"pwb-brand","embeddable":true,"href":"https:\/\/osaka.ma\/es\/wp-json\/wp\/v2\/pwb-brand?post=18465"},{"taxonomy":"product_brand","embeddable":true,"href":"https:\/\/osaka.ma\/es\/wp-json\/wp\/v2\/product_brand?post=18465"},{"taxonomy":"product_cat","embeddable":true,"href":"https:\/\/osaka.ma\/es\/wp-json\/wp\/v2\/product_cat?post=18465"},{"taxonomy":"product_tag","embeddable":true,"href":"https:\/\/osaka.ma\/es\/wp-json\/wp\/v2\/product_tag?post=18465"},{"taxonomy":"pcb_component_type","embeddable":true,"href":"https:\/\/osaka.ma\/es\/wp-json\/wp\/v2\/pcb_component_type?post=18465"}],"curies":[{"name":"wp","href":"https:\/\/api.w.org\/{rel}","templated":true}]}}