{"id":19029,"date":"2025-11-12T11:06:17","date_gmt":"2025-11-12T10:06:17","guid":{"rendered":"https:\/\/osaka.ma\/?post_type=product&#038;p=19029"},"modified":"2025-12-01T13:08:57","modified_gmt":"2025-12-01T12:08:57","slug":"nvidia-geforce-rtx-5090-founders-edition-32-go-gddr7-blackwell-architecture","status":"publish","type":"product","link":"https:\/\/osaka.ma\/es\/product\/nvidia-geforce-rtx-5090-founders-edition-32-go-gddr7-blackwell-architecture\/","title":{"rendered":"NVIDIA GeForce RTX 5090 Founders Edition \u2013 32 Go GDDR7 | Blackwell Architecture"},"content":{"rendered":"<p data-start=\"152\" data-end=\"530\">La\u00a0<strong data-start=\"155\" data-end=\"175\">GeForce RTX 5090<\/strong>\u00a0est la carte graphique ultime pour les joueurs et cr\u00e9ateurs. Con\u00e7ue par NVIDIA avec l\u2019architecture Blackwell, elle int\u00e8gre\u00a0<strong data-start=\"299\" data-end=\"338\">32 Go de m\u00e9moire GDDR7 ultra-rapide<\/strong>, offrant des performances r\u00e9volutionnaires en\u00a0<strong data-start=\"385\" data-end=\"411\">4K 480 Hz et 8K 120 Hz<\/strong>. Gr\u00e2ce \u00e0\u00a0<strong data-start=\"421\" data-end=\"431\">DLSS 4<\/strong>\u00a0et au\u00a0<strong data-start=\"438\" data-end=\"462\">ray tracing int\u00e9gral<\/strong>, profitez d\u2019une fluidit\u00e9 et d\u2019un r\u00e9alisme graphique sans pr\u00e9c\u00e9dent.<\/p>\n<p data-start=\"152\" data-end=\"530\">32 GB GDDR7 \u2013 HDMI\/Tri DisplayPort \u2013 DLSS 4 \u2013 PCI Express (NVIDIA GeForce RTX 5090)<\/p>\n<p><img fetchpriority=\"high\" decoding=\"async\" class=\"size-full wp-image-18073\" src=\"https:\/\/inmedia.ma\/wp-content\/uploads\/2025\/03\/geforce-rtx-5090-32gb-gddr7-side.webp\" sizes=\"(max-width: 1000px) 100vw, 1000px\" srcset=\"https:\/\/inmedia.ma\/wp-content\/uploads\/2025\/03\/geforce-rtx-5090-32gb-gddr7-side.webp 1000w, https:\/\/inmedia.ma\/wp-content\/uploads\/2025\/03\/geforce-rtx-5090-32gb-gddr7-side-300x169.webp 300w, https:\/\/inmedia.ma\/wp-content\/uploads\/2025\/03\/geforce-rtx-5090-32gb-gddr7-side-768x432.webp 768w\" alt=\"geforce-rtx-5090-32gb-gddr7-side\" width=\"1000\" height=\"563\" \/><\/p>\n<h4 dir=\"auto\">GeForce RTX 5090 : la Founder Edition de Nvidia est un bijou d\u2019ing\u00e9nierie (Jouez et Streamer en 4k\u00a0et 8K )<\/h4>\n<div dir=\"auto\">\n<p dir=\"auto\">La Carte graphique GeForce la plus puissante jamais con\u00e7ue, la NVIDIA GeForce RTX 5090 fournit des capacit\u00e9s r\u00e9volutionnaires aux joueurs et aux cr\u00e9ateurs. Prenez en charge les mod\u00e8les les plus avanc\u00e9s et les charges de travail cr\u00e9atives les plus complexes gr\u00e2ce \u00e0 une puissance brute sans pr\u00e9c\u00e9dent en mati\u00e8re d\u2019IA. Jouez avec le ray tracing int\u00e9gral et un rendu \u00e0 faible latence. Bas\u00e9e sur l\u2019architecture NVIDIA\u00a0Blackwell \u00e0 hautes performances et \u00e9quip\u00e9e de 32 Go de m\u00e9moire\u00a0GDDR7 ultra-rapide, la GeForce RTX\u00a05090 vous permet de tout faire, tout simplement.<\/p>\n<div dir=\"auto\">\n<p><img decoding=\"async\" class=\"size-full wp-image-18071\" src=\"https:\/\/inmedia.ma\/wp-content\/uploads\/2025\/03\/geforce-rtx-5090-32gb-gddr7-performance.webp\" sizes=\"(max-width: 1000px) 100vw, 1000px\" srcset=\"https:\/\/inmedia.ma\/wp-content\/uploads\/2025\/03\/geforce-rtx-5090-32gb-gddr7-performance.webp 1000w, https:\/\/inmedia.ma\/wp-content\/uploads\/2025\/03\/geforce-rtx-5090-32gb-gddr7-performance-300x169.webp 300w, https:\/\/inmedia.ma\/wp-content\/uploads\/2025\/03\/geforce-rtx-5090-32gb-gddr7-performance-768x432.webp 768w\" alt=\"geforce-rtx-5090-32gb-gddr7-performance\" width=\"1000\" height=\"563\" \/><\/p>\n<\/div>\n<\/div>\n<div dir=\"auto\">\n<h4>Architecture NVIDIA Blackwell<\/h4>\n<div>\n<p>La plateforme ultime pour les joueurs et les cr\u00e9ateurs<\/p>\n<p><img decoding=\"async\" class=\"size-full wp-image-18069\" src=\"https:\/\/inmedia.ma\/wp-content\/uploads\/2025\/03\/geforce-rtx-5090-32gb-architecture.webp\" sizes=\"(max-width: 1000px) 100vw, 1000px\" srcset=\"https:\/\/inmedia.ma\/wp-content\/uploads\/2025\/03\/geforce-rtx-5090-32gb-architecture.webp 1000w, https:\/\/inmedia.ma\/wp-content\/uploads\/2025\/03\/geforce-rtx-5090-32gb-architecture-300x226.webp 300w, https:\/\/inmedia.ma\/wp-content\/uploads\/2025\/03\/geforce-rtx-5090-32gb-architecture-768x578.webp 768w\" alt=\"geforce-rtx-5090-32gb-architecture\" width=\"1000\" height=\"753\" \/><\/p>\n<h4>RTX. It\u2019s On.<\/h4>\n<p>Le ray tracing et l\u2019IA \u00e0 leur paroxysme<\/p>\n<p>Plateforme la plus avanc\u00e9e de l\u2019industrie, NVIDIA\u00a0RTX r\u00e9volutionne notre fa\u00e7on de jouer et de cr\u00e9er du contenu gr\u00e2ce aux technologies du ray\u00a0tracing int\u00e9gral et du rendu\u00a0neuronal. Plus de 700\u00a0jeux et applications populaires font appel \u00e0 RTX pour proposer un rendu graphique incroyablement r\u00e9aliste, des performances nettement plus rapides et des fonctionnalit\u00e9s novatrices bas\u00e9es sur l\u2019IA comme le\u00a0DLSS et la g\u00e9n\u00e9ration\u00a0multi-images.<\/p>\n<p><img loading=\"lazy\" decoding=\"async\" class=\"size-full wp-image-18068\" src=\"https:\/\/inmedia.ma\/wp-content\/uploads\/2025\/03\/DLSS-geforce-rtx-5090-32gb-gddr7.webp\" sizes=\"(max-width: 1000px) 100vw, 1000px\" srcset=\"https:\/\/inmedia.ma\/wp-content\/uploads\/2025\/03\/DLSS-geforce-rtx-5090-32gb-gddr7.webp 1000w, https:\/\/inmedia.ma\/wp-content\/uploads\/2025\/03\/DLSS-geforce-rtx-5090-32gb-gddr7-300x206.webp 300w, https:\/\/inmedia.ma\/wp-content\/uploads\/2025\/03\/DLSS-geforce-rtx-5090-32gb-gddr7-768x528.webp 768w\" alt=\"DLSS-geforce-rtx-5090-32gb-gddr7\" width=\"1000\" height=\"688\" \/><\/p>\n<h4>NVIDIA DLSS 4<\/h4>\n<p>Vitesse foudroyante. Visuels sublimes. Toute la puissance de l\u2019IA.<\/p>\n<p><img loading=\"lazy\" decoding=\"async\" class=\"size-full wp-image-18072\" src=\"https:\/\/inmedia.ma\/wp-content\/uploads\/2025\/03\/geforce-rtx-5090-32gb-gddr7-performance-IA.webp\" sizes=\"(max-width: 1000px) 100vw, 1000px\" srcset=\"https:\/\/inmedia.ma\/wp-content\/uploads\/2025\/03\/geforce-rtx-5090-32gb-gddr7-performance-IA.webp 1000w, https:\/\/inmedia.ma\/wp-content\/uploads\/2025\/03\/geforce-rtx-5090-32gb-gddr7-performance-IA-300x169.webp 300w, https:\/\/inmedia.ma\/wp-content\/uploads\/2025\/03\/geforce-rtx-5090-32gb-gddr7-performance-IA-768x432.webp 768w\" alt=\"geforce-rtx-5090-32gb-gddr7-performance-IA\" width=\"1000\" height=\"563\" \/><\/p>\n<h4>PC RTX AVEC IA<\/h4>\n<p>NVIDIA acc\u00e9l\u00e8re l\u2019IA du monde entier. Et la v\u00f4tre.<\/p>\n<p>Vivez une exp\u00e9rience d\u2019IA sans commune mesure gr\u00e2ce aux GPU NVIDIA GeForce\u00a0RTX\u2122, qui acc\u00e9l\u00e8rent vos jeux, vos applications de cr\u00e9ation, votre productivit\u00e9 et vos projets de d\u00e9veloppement. Gr\u00e2ce \u00e0 l\u2019int\u00e9gration de processeurs d\u2019IA d\u00e9di\u00e9s, vous b\u00e9n\u00e9ficiez aujourd\u2019hui d\u2019une technologie d\u2019IA de pointe sur votre PC\u00a0Windows.<\/p>\n<\/div>\n<\/div>\n","protected":false},"excerpt":{"rendered":"<p data-start=\"246\" data-end=\"674\">La carte graphique RTX 5090 Founders Edition est le tout-dernier mod\u00e8le flagship de NVIDIA, con\u00e7u pour les joueurs exigeants, cr\u00e9ateurs de contenu et professionnels. Elle embarque une architecture \u00ab Blackwell \u00bb, 32 Go de GDDR7 ultra rapide, un bus m\u00e9moire 512-bit, et une alimentation massive \u2014 id\u00e9ale pour les usages 4K, 8K, ray tracing avanc\u00e9 et IA. <br data-start=\"635\" data-end=\"638\" \/><strong data-start=\"638\" data-end=\"672\">Caract\u00e9ristiques principales :<\/strong><\/p>\n<ul data-start=\"675\" data-end=\"1103\">\n<li data-start=\"675\" data-end=\"742\">\n<p data-start=\"677\" data-end=\"742\">Architecture : Blackwell.<\/p>\n<\/li>\n<li data-start=\"743\" data-end=\"813\">\n<p data-start=\"745\" data-end=\"813\">M\u00e9moire vid\u00e9o : 32 Go GDDR7.<\/p>\n<\/li>\n<li data-start=\"814\" data-end=\"878\">\n<p data-start=\"816\" data-end=\"878\">Bus m\u00e9moire : 512-bit.<\/p>\n<\/li>\n<li data-start=\"879\" data-end=\"983\">\n<p data-start=\"881\" data-end=\"983\">Consommation (TGP) : 575 W (pour la version Founders Edition).<\/p>\n<\/li>\n<li data-start=\"984\" data-end=\"1103\">\n<p data-start=\"986\" data-end=\"1103\">Format : version Founders Edition, refroidissement propri\u00e9taire, double slot.<\/p>\n<\/li>\n<\/ul>\n","protected":false},"featured_media":1019030,"template":"","meta":{"_acf_changed":false},"pwb-brand":[],"product_brand":[],"product_cat":[24,17,26],"product_tag":[],"pcb_component_type":[],"class_list":{"0":"post-19029","1":"product","2":"type-product","3":"status-publish","4":"has-post-thumbnail","6":"product_cat-cartes-graphiques","7":"product_cat-composants-gaming","8":"product_cat-nvidia","10":"first","11":"outofstock","12":"shipping-taxable","13":"product-type-simple"},"translation":{"provider":"WPGlobus","version":"3.0.2","language":"es","enabled_languages":["en","es","de","fr","ru"],"languages":{"en":{"title":true,"content":true,"excerpt":true},"es":{"title":false,"content":false,"excerpt":false},"de":{"title":false,"content":false,"excerpt":false},"fr":{"title":false,"content":false,"excerpt":false},"ru":{"title":false,"content":false,"excerpt":false}}},"acf":[],"yoast_head":"<!-- This site is optimized with the Yoast SEO plugin v27.2 - https:\/\/yoast.com\/product\/yoast-seo-wordpress\/ -->\n<title>NVIDIA GeForce RTX 5090 Founders Edition Performante - Osaka<\/title>\n<meta name=\"robots\" content=\"index, follow, max-snippet:-1, max-image-preview:large, max-video-preview:-1\" \/>\n<link rel=\"canonical\" href=\"https:\/\/osaka.ma\/product\/nvidia-geforce-rtx-5090-founders-edition-32-go-gddr7-blackwell-architecture\/\" \/>\n<meta property=\"og:locale\" content=\"es_ES\" \/>\n<meta property=\"og:type\" content=\"article\" \/>\n<meta property=\"og:title\" content=\"NVIDIA GeForce RTX 5090 Founders Edition \u2013 32 Go GDDR7 | Blackwell Architecture - Osaka\" \/>\n<meta property=\"og:url\" content=\"https:\/\/osaka.ma\/product\/nvidia-geforce-rtx-5090-founders-edition-32-go-gddr7-blackwell-architecture\/\" \/>\n<meta property=\"og:site_name\" content=\"Osaka\" \/>\n<meta property=\"article:modified_time\" content=\"2025-12-01T12:08:57+00:00\" \/>\n<meta property=\"og:image\" content=\"https:\/\/osaka.ma\/wp-content\/uploads\/2025\/11\/NVIDIA.webp\" \/>\n\t<meta property=\"og:image:width\" content=\"800\" \/>\n\t<meta property=\"og:image:height\" content=\"800\" \/>\n\t<meta property=\"og:image:type\" content=\"image\/webp\" \/>\n<meta name=\"twitter:card\" content=\"summary_large_image\" \/>\n<meta name=\"twitter:label1\" content=\"Est. reading time\" \/>\n\t<meta name=\"twitter:data1\" content=\"4 minutes\" \/>\n<script type=\"application\/ld+json\" class=\"yoast-schema-graph\">{\"@context\":\"https:\/\/schema.org\",\"@graph\":[{\"@type\":\"WebPage\",\"@id\":\"https:\/\/osaka.ma\/product\/nvidia-geforce-rtx-5090-founders-edition-32-go-gddr7-blackwell-architecture\/\",\"url\":\"https:\/\/osaka.ma\/product\/nvidia-geforce-rtx-5090-founders-edition-32-go-gddr7-blackwell-architecture\/\",\"name\":\"NVIDIA GeForce RTX 5090 Founders Edition Performante - Osaka\",\"isPartOf\":{\"@id\":\"https:\/\/osaka.ma\/#website\"},\"primaryImageOfPage\":{\"@id\":\"https:\/\/osaka.ma\/product\/nvidia-geforce-rtx-5090-founders-edition-32-go-gddr7-blackwell-architecture\/#primaryimage\"},\"image\":{\"@id\":\"https:\/\/osaka.ma\/product\/nvidia-geforce-rtx-5090-founders-edition-32-go-gddr7-blackwell-architecture\/#primaryimage\"},\"thumbnailUrl\":\"https:\/\/osaka.ma\/wp-content\/uploads\/2025\/11\/NVIDIA.webp\",\"datePublished\":\"2025-11-12T10:06:17+00:00\",\"dateModified\":\"2025-12-01T12:08:57+00:00\",\"description\":\"D\u00e9cha\u00eenez la puissance avec la NVIDIA GeForce RTX 5090 Founders Edition! Parfaite pour le jeu en 4K\/8K, elle vous attend. \ud83c\udfae\",\"breadcrumb\":{\"@id\":\"https:\/\/osaka.ma\/product\/nvidia-geforce-rtx-5090-founders-edition-32-go-gddr7-blackwell-architecture\/#breadcrumb\"},\"inLanguage\":\"es-ES\",\"potentialAction\":[{\"@type\":\"ReadAction\",\"target\":[\"https:\/\/osaka.ma\/product\/nvidia-geforce-rtx-5090-founders-edition-32-go-gddr7-blackwell-architecture\/\"]}]},{\"@type\":\"ImageObject\",\"inLanguage\":\"es-ES\",\"@id\":\"https:\/\/osaka.ma\/product\/nvidia-geforce-rtx-5090-founders-edition-32-go-gddr7-blackwell-architecture\/#primaryimage\",\"url\":\"https:\/\/osaka.ma\/wp-content\/uploads\/2025\/11\/NVIDIA.webp\",\"contentUrl\":\"https:\/\/osaka.ma\/wp-content\/uploads\/2025\/11\/NVIDIA.webp\",\"width\":800,\"height\":800,\"caption\":\"NVIDIA\"},{\"@type\":\"BreadcrumbList\",\"@id\":\"https:\/\/osaka.ma\/product\/nvidia-geforce-rtx-5090-founders-edition-32-go-gddr7-blackwell-architecture\/#breadcrumb\",\"itemListElement\":[{\"@type\":\"ListItem\",\"position\":1,\"name\":\"Home\",\"item\":\"https:\/\/osaka.ma\/\"},{\"@type\":\"ListItem\",\"position\":2,\"name\":\"Shop\",\"item\":\"https:\/\/osaka.ma\/shop-2\/\"},{\"@type\":\"ListItem\",\"position\":3,\"name\":\"NVIDIA GeForce RTX 5090 Founders Edition \u2013 32 Go GDDR7 | Blackwell Architecture\"}]},{\"@type\":\"WebSite\",\"@id\":\"https:\/\/osaka.ma\/#website\",\"url\":\"https:\/\/osaka.ma\/\",\"name\":\"Osaka\",\"description\":\"\",\"publisher\":{\"@id\":\"https:\/\/osaka.ma\/#organization\"},\"potentialAction\":[{\"@type\":\"SearchAction\",\"target\":{\"@type\":\"EntryPoint\",\"urlTemplate\":\"https:\/\/osaka.ma\/?s={search_term_string}\"},\"query-input\":{\"@type\":\"PropertyValueSpecification\",\"valueRequired\":true,\"valueName\":\"search_term_string\"}}],\"inLanguage\":\"es-ES\"},{\"@type\":\"Organization\",\"@id\":\"https:\/\/osaka.ma\/#organization\",\"name\":\"Osaka\",\"url\":\"https:\/\/osaka.ma\/\",\"logo\":{\"@type\":\"ImageObject\",\"inLanguage\":\"es-ES\",\"@id\":\"https:\/\/osaka.ma\/#\/schema\/logo\/image\/\",\"url\":\"https:\/\/osaka.ma\/wp-content\/uploads\/2026\/01\/model-slogan-logo-2Plan-de-travail-1dksl-plus-finnn.png\",\"contentUrl\":\"https:\/\/osaka.ma\/wp-content\/uploads\/2026\/01\/model-slogan-logo-2Plan-de-travail-1dksl-plus-finnn.png\",\"width\":842,\"height\":226,\"caption\":\"Osaka\"},\"image\":{\"@id\":\"https:\/\/osaka.ma\/#\/schema\/logo\/image\/\"}}]}<\/script>\n<!-- \/ Yoast SEO plugin. -->","yoast_head_json":{"title":"NVIDIA GeForce RTX 5090 Founders Edition Performante - Osaka","robots":{"index":"index","follow":"follow","max-snippet":"max-snippet:-1","max-image-preview":"max-image-preview:large","max-video-preview":"max-video-preview:-1"},"canonical":"https:\/\/osaka.ma\/product\/nvidia-geforce-rtx-5090-founders-edition-32-go-gddr7-blackwell-architecture\/","og_locale":"es_ES","og_type":"article","og_title":"NVIDIA GeForce RTX 5090 Founders Edition \u2013 32 Go GDDR7 | Blackwell Architecture - Osaka","og_url":"https:\/\/osaka.ma\/product\/nvidia-geforce-rtx-5090-founders-edition-32-go-gddr7-blackwell-architecture\/","og_site_name":"Osaka","article_modified_time":"2025-12-01T12:08:57+00:00","og_image":[{"width":800,"height":800,"url":"https:\/\/osaka.ma\/wp-content\/uploads\/2025\/11\/NVIDIA.webp","type":"image\/webp"}],"twitter_card":"summary_large_image","twitter_misc":{"Est. reading time":"4 minutes"},"schema":{"@context":"https:\/\/schema.org","@graph":[{"@type":"WebPage","@id":"https:\/\/osaka.ma\/product\/nvidia-geforce-rtx-5090-founders-edition-32-go-gddr7-blackwell-architecture\/","url":"https:\/\/osaka.ma\/product\/nvidia-geforce-rtx-5090-founders-edition-32-go-gddr7-blackwell-architecture\/","name":"NVIDIA GeForce RTX 5090 Founders Edition Performante - Osaka","isPartOf":{"@id":"https:\/\/osaka.ma\/#website"},"primaryImageOfPage":{"@id":"https:\/\/osaka.ma\/product\/nvidia-geforce-rtx-5090-founders-edition-32-go-gddr7-blackwell-architecture\/#primaryimage"},"image":{"@id":"https:\/\/osaka.ma\/product\/nvidia-geforce-rtx-5090-founders-edition-32-go-gddr7-blackwell-architecture\/#primaryimage"},"thumbnailUrl":"https:\/\/osaka.ma\/wp-content\/uploads\/2025\/11\/NVIDIA.webp","datePublished":"2025-11-12T10:06:17+00:00","dateModified":"2025-12-01T12:08:57+00:00","description":"D\u00e9cha\u00eenez la puissance avec la NVIDIA GeForce RTX 5090 Founders Edition! Parfaite pour le jeu en 4K\/8K, elle vous attend. \ud83c\udfae","breadcrumb":{"@id":"https:\/\/osaka.ma\/product\/nvidia-geforce-rtx-5090-founders-edition-32-go-gddr7-blackwell-architecture\/#breadcrumb"},"inLanguage":"es-ES","potentialAction":[{"@type":"ReadAction","target":["https:\/\/osaka.ma\/product\/nvidia-geforce-rtx-5090-founders-edition-32-go-gddr7-blackwell-architecture\/"]}]},{"@type":"ImageObject","inLanguage":"es-ES","@id":"https:\/\/osaka.ma\/product\/nvidia-geforce-rtx-5090-founders-edition-32-go-gddr7-blackwell-architecture\/#primaryimage","url":"https:\/\/osaka.ma\/wp-content\/uploads\/2025\/11\/NVIDIA.webp","contentUrl":"https:\/\/osaka.ma\/wp-content\/uploads\/2025\/11\/NVIDIA.webp","width":800,"height":800,"caption":"NVIDIA"},{"@type":"BreadcrumbList","@id":"https:\/\/osaka.ma\/product\/nvidia-geforce-rtx-5090-founders-edition-32-go-gddr7-blackwell-architecture\/#breadcrumb","itemListElement":[{"@type":"ListItem","position":1,"name":"Home","item":"https:\/\/osaka.ma\/"},{"@type":"ListItem","position":2,"name":"Shop","item":"https:\/\/osaka.ma\/shop-2\/"},{"@type":"ListItem","position":3,"name":"NVIDIA GeForce RTX 5090 Founders Edition \u2013 32 Go GDDR7 | Blackwell Architecture"}]},{"@type":"WebSite","@id":"https:\/\/osaka.ma\/#website","url":"https:\/\/osaka.ma\/","name":"Osaka","description":"","publisher":{"@id":"https:\/\/osaka.ma\/#organization"},"potentialAction":[{"@type":"SearchAction","target":{"@type":"EntryPoint","urlTemplate":"https:\/\/osaka.ma\/?s={search_term_string}"},"query-input":{"@type":"PropertyValueSpecification","valueRequired":true,"valueName":"search_term_string"}}],"inLanguage":"es-ES"},{"@type":"Organization","@id":"https:\/\/osaka.ma\/#organization","name":"Osaka","url":"https:\/\/osaka.ma\/","logo":{"@type":"ImageObject","inLanguage":"es-ES","@id":"https:\/\/osaka.ma\/#\/schema\/logo\/image\/","url":"https:\/\/osaka.ma\/wp-content\/uploads\/2026\/01\/model-slogan-logo-2Plan-de-travail-1dksl-plus-finnn.png","contentUrl":"https:\/\/osaka.ma\/wp-content\/uploads\/2026\/01\/model-slogan-logo-2Plan-de-travail-1dksl-plus-finnn.png","width":842,"height":226,"caption":"Osaka"},"image":{"@id":"https:\/\/osaka.ma\/#\/schema\/logo\/image\/"}}]}},"jetpack_sharing_enabled":true,"brands":[],"_links":{"self":[{"href":"https:\/\/osaka.ma\/es\/wp-json\/wp\/v2\/product\/19029","targetHints":{"allow":["GET"]}}],"collection":[{"href":"https:\/\/osaka.ma\/es\/wp-json\/wp\/v2\/product"}],"about":[{"href":"https:\/\/osaka.ma\/es\/wp-json\/wp\/v2\/types\/product"}],"version-history":[{"count":0,"href":"https:\/\/osaka.ma\/es\/wp-json\/wp\/v2\/product\/19029\/revisions"}],"wp:featuredmedia":[{"embeddable":true,"href":"https:\/\/osaka.ma\/es\/wp-json\/wp\/v2\/media\/1019030"}],"wp:attachment":[{"href":"https:\/\/osaka.ma\/es\/wp-json\/wp\/v2\/media?parent=19029"}],"wp:term":[{"taxonomy":"pwb-brand","embeddable":true,"href":"https:\/\/osaka.ma\/es\/wp-json\/wp\/v2\/pwb-brand?post=19029"},{"taxonomy":"product_brand","embeddable":true,"href":"https:\/\/osaka.ma\/es\/wp-json\/wp\/v2\/product_brand?post=19029"},{"taxonomy":"product_cat","embeddable":true,"href":"https:\/\/osaka.ma\/es\/wp-json\/wp\/v2\/product_cat?post=19029"},{"taxonomy":"product_tag","embeddable":true,"href":"https:\/\/osaka.ma\/es\/wp-json\/wp\/v2\/product_tag?post=19029"},{"taxonomy":"pcb_component_type","embeddable":true,"href":"https:\/\/osaka.ma\/es\/wp-json\/wp\/v2\/pcb_component_type?post=19029"}],"curies":[{"name":"wp","href":"https:\/\/api.w.org\/{rel}","templated":true}]}}