{"id":19114,"date":"2025-11-17T16:19:35","date_gmt":"2025-11-17T15:19:35","guid":{"rendered":"https:\/\/osaka.ma\/?post_type=product&#038;p=19114"},"modified":"2026-03-05T01:10:52","modified_gmt":"2026-03-05T00:10:52","slug":"msi-mpg-a850gs-pcie-5-0-alimentation-850w-80-gold-full-modular-atx-3-0","status":"publish","type":"product","link":"https:\/\/osaka.ma\/es\/product\/msi-mpg-a850gs-pcie-5-0-alimentation-850w-80-gold-full-modular-atx-3-0\/","title":{"rendered":"MSI MPG A850GS PCIe 5.0 \u2013 Alimentation 850W 80+ Gold | Full Modular | ATX 3.0"},"content":{"rendered":"<p data-start=\"1218\" data-end=\"1562\"><img decoding=\"async\" src=\"https:\/\/media.ldlc.com\/bo\/images\/fiches\/Alimentation\/MSI\/msi_mpg_axxxxgs_pcie5.jpg\" \/><\/p>\n<p data-start=\"1218\" data-end=\"1562\">La <strong data-start=\"1221\" data-end=\"1248\">MSI MPG A850GS PCIe 5.0<\/strong> est une alimentation de nouvelle g\u00e9n\u00e9ration con\u00e7ue pour r\u00e9pondre aux exigences des PC modernes. Gr\u00e2ce \u00e0 sa puissance de <strong data-start=\"1369\" data-end=\"1377\">850W<\/strong> et sa certification <strong data-start=\"1398\" data-end=\"1410\">80+ Gold<\/strong>, elle offre un rendement \u00e9nerg\u00e9tique \u00e9lev\u00e9, permettant une meilleure efficacit\u00e9 globale, une consommation r\u00e9duite et une moindre production de chaleur.<\/p>\n<p data-start=\"1564\" data-end=\"1887\">Compatible <strong data-start=\"1575\" data-end=\"1586\">ATX 3.0<\/strong>, cette alimentation supporte parfaitement les charges de puissance dynamiques des cartes graphiques r\u00e9centes, notamment les <strong data-start=\"1711\" data-end=\"1730\">NVIDIA RTX 4000<\/strong>, et futures g\u00e9n\u00e9rations. Elle est fournie avec un c\u00e2ble <strong data-start=\"1787\" data-end=\"1807\">12VHPWR PCIe 5.0<\/strong>, garantissant une alimentation stable m\u00eame lors de pics de consommation \u00e9lev\u00e9s.<\/p>\n<p data-start=\"1889\" data-end=\"2215\">Son design <strong data-start=\"1900\" data-end=\"1916\">full modular<\/strong> permet d\u2019utiliser uniquement les c\u00e2bles n\u00e9cessaires pour un montage propre, organis\u00e9 et optimis\u00e9 pour le airflow. Le ventilateur 120mm de haute qualit\u00e9, \u00e9quip\u00e9 de la technologie <strong data-start=\"2095\" data-end=\"2109\">Zero Frozr<\/strong>, maintient un silence total en faible charge et assure un refroidissement efficace en pleine performance.<\/p>\n<p data-start=\"2217\" data-end=\"2483\">Construite avec des <strong data-start=\"2237\" data-end=\"2269\">condensateurs japonais 105\u00b0C<\/strong>, l\u2019alimentation garantit une long\u00e9vit\u00e9 optimale et une fiabilit\u00e9 \u00e0 toute \u00e9preuve. Les multiples protections \u00e9lectriques (OCP, OVP, OPP, SCP, UVP, OTP) prot\u00e8gent efficacement votre configuration contre tout risque.<\/p>\n<p data-start=\"2485\" data-end=\"2717\">La <strong data-start=\"2488\" data-end=\"2515\">MSI MPG A850GS PCIe 5.0<\/strong> est le choix id\u00e9al pour les configurations gaming avanc\u00e9es, les processeurs haut de gamme, les RTX 4070\/4070Ti\/4080\/4090, ou toute station de travail n\u00e9cessitant puissance, stabilit\u00e9 et futur-proofing.<\/p>\n","protected":false},"excerpt":{"rendered":"<h2 data-start=\"214\" data-end=\"240\"><\/h2>\n<p data-start=\"241\" data-end=\"604\">La <strong data-start=\"244\" data-end=\"271\">MSI MPG A850GS PCIe 5.0<\/strong> est une alimentation <strong data-start=\"293\" data-end=\"310\">850W 80+ Gold<\/strong>, <strong data-start=\"312\" data-end=\"328\">full modular<\/strong>, con\u00e7ue pour les PC gaming et stations de travail hautes performances. Compatible <strong data-start=\"411\" data-end=\"422\">ATX 3.0<\/strong> et fournie avec un c\u00e2ble <strong data-start=\"448\" data-end=\"470\">PCIe 5.0 (12VHPWR)<\/strong>, elle garantit stabilit\u00e9, efficacit\u00e9 \u00e9nerg\u00e9tique et support parfait pour les cartes graphiques RTX s\u00e9rie 4000 et futures g\u00e9n\u00e9rations.<\/p>\n<hr data-start=\"606\" data-end=\"609\" \/>\n<h2 data-start=\"611\" data-end=\"649\"><strong data-start=\"614\" data-end=\"647\">Caract\u00e9ristiques Techniques :<\/strong><\/h2>\n<ul data-start=\"650\" data-end=\"1185\">\n<li data-start=\"650\" data-end=\"674\">\n<p data-start=\"652\" data-end=\"674\"><strong data-start=\"652\" data-end=\"667\">Puissance :<\/strong> 850W<\/p>\n<\/li>\n<li data-start=\"675\" data-end=\"726\">\n<p data-start=\"677\" data-end=\"726\"><strong data-start=\"677\" data-end=\"696\">Certification :<\/strong> 80+ Gold \u2013 Haute efficacit\u00e9<\/p>\n<\/li>\n<li data-start=\"727\" data-end=\"750\">\n<p data-start=\"729\" data-end=\"750\"><strong data-start=\"729\" data-end=\"740\">Norme :<\/strong> ATX 3.0<\/p>\n<\/li>\n<li data-start=\"751\" data-end=\"797\">\n<p data-start=\"753\" data-end=\"797\"><strong data-start=\"753\" data-end=\"776\">Compatibilit\u00e9 GPU :<\/strong> PCIe 5.0 (12VHPWR)<\/p>\n<\/li>\n<li data-start=\"798\" data-end=\"831\">\n<p data-start=\"800\" data-end=\"831\"><strong data-start=\"800\" data-end=\"816\">Modularit\u00e9 :<\/strong> Full Modular<\/p>\n<\/li>\n<li data-start=\"832\" data-end=\"881\">\n<p data-start=\"834\" data-end=\"881\"><strong data-start=\"834\" data-end=\"850\">Protection :<\/strong> OCP, OVP, SCP, OTP, OPP, UVP<\/p>\n<\/li>\n<li data-start=\"882\" data-end=\"940\">\n<p data-start=\"884\" data-end=\"940\"><strong data-start=\"884\" data-end=\"901\">Ventilateur :<\/strong> 120mm \u2013 Silencieux (mode Zero Frozr)<\/p>\n<\/li>\n<li data-start=\"941\" data-end=\"1049\">\n<p data-start=\"943\" data-end=\"963\"><strong data-start=\"943\" data-end=\"961\">Connectiques :<\/strong><\/p>\n<ul data-start=\"966\" data-end=\"1049\">\n<li data-start=\"966\" data-end=\"991\">\n<p data-start=\"968\" data-end=\"991\">1\u00d7 12VHPWR (PCIe 5.0)<\/p>\n<\/li>\n<li data-start=\"994\" data-end=\"1010\">\n<p data-start=\"996\" data-end=\"1010\">2\u00d7 EPS 8-pin<\/p>\n<\/li>\n<li data-start=\"1013\" data-end=\"1030\">\n<p data-start=\"1015\" data-end=\"1030\">4\u00d7 PCIe 8-pin<\/p>\n<\/li>\n<li data-start=\"1033\" data-end=\"1049\">\n<p data-start=\"1035\" data-end=\"1049\">SATA + Molex<\/p>\n<\/li>\n<\/ul>\n<\/li>\n<li data-start=\"1050\" data-end=\"1099\">\n<p data-start=\"1052\" data-end=\"1099\"><strong data-start=\"1052\" data-end=\"1068\">Durabilit\u00e9 :<\/strong> Condensateurs japonais 105\u00b0C<\/p>\n<\/li>\n<li data-start=\"1100\" data-end=\"1185\">\n<p data-start=\"1102\" data-end=\"1185\"><strong data-start=\"1102\" data-end=\"1118\">Id\u00e9al pour :<\/strong> PC gaming haut de gamme, RTX 4070\/4080\/4090, stations de travail<\/p>\n<\/li>\n<\/ul>\n","protected":false},"featured_media":1019119,"template":"","meta":{"_acf_changed":false},"pwb-brand":[],"product_brand":[],"product_cat":[29,17],"product_tag":[],"pcb_component_type":[],"class_list":{"0":"post-19114","1":"product","2":"type-product","3":"status-publish","4":"has-post-thumbnail","6":"product_cat-blocs-dalimentation","7":"product_cat-composants-gaming","9":"first","10":"instock","11":"sale","12":"shipping-taxable","13":"purchasable","14":"product-type-simple"},"translation":{"provider":"WPGlobus","version":"3.0.2","language":"es","enabled_languages":["en","es","de","fr","ru"],"languages":{"en":{"title":true,"content":true,"excerpt":true},"es":{"title":false,"content":false,"excerpt":false},"de":{"title":false,"content":false,"excerpt":false},"fr":{"title":false,"content":false,"excerpt":false},"ru":{"title":false,"content":false,"excerpt":false}}},"acf":[],"yoast_head":"<!-- This site is optimized with the Yoast SEO plugin v27.2 - https:\/\/yoast.com\/product\/yoast-seo-wordpress\/ -->\n<title>MSI MPG A850GS PCIe 5.0 850W 80+ Gold Alimentation - Osaka<\/title>\n<meta name=\"robots\" content=\"index, follow, max-snippet:-1, max-image-preview:large, max-video-preview:-1\" \/>\n<link rel=\"canonical\" href=\"https:\/\/osaka.ma\/product\/msi-mpg-a850gs-pcie-5-0-alimentation-850w-80-gold-full-modular-atx-3-0\/\" \/>\n<meta property=\"og:locale\" content=\"es_ES\" \/>\n<meta property=\"og:type\" content=\"article\" \/>\n<meta property=\"og:title\" content=\"MSI MPG A850GS PCIe 5.0 \u2013 Alimentation 850W 80+ Gold | Full Modular | ATX 3.0 - Osaka\" \/>\n<meta property=\"og:url\" content=\"https:\/\/osaka.ma\/product\/msi-mpg-a850gs-pcie-5-0-alimentation-850w-80-gold-full-modular-atx-3-0\/\" \/>\n<meta property=\"og:site_name\" content=\"Osaka\" \/>\n<meta property=\"article:modified_time\" content=\"2026-03-05T00:10:52+00:00\" \/>\n<meta property=\"og:image\" content=\"https:\/\/osaka.ma\/wp-content\/uploads\/2025\/11\/MSI-MPG-A850GS-PCIe-5.0-850W-80-Gold.jpg\" \/>\n\t<meta property=\"og:image:width\" content=\"1600\" \/>\n\t<meta property=\"og:image:height\" content=\"1600\" \/>\n\t<meta property=\"og:image:type\" content=\"image\/jpeg\" \/>\n<meta name=\"twitter:card\" content=\"summary_large_image\" \/>\n<meta name=\"twitter:label1\" content=\"Est. reading time\" \/>\n\t<meta name=\"twitter:data1\" content=\"3 minutes\" \/>\n<script type=\"application\/ld+json\" class=\"yoast-schema-graph\">{\"@context\":\"https:\/\/schema.org\",\"@graph\":[{\"@type\":\"WebPage\",\"@id\":\"https:\/\/osaka.ma\/product\/msi-mpg-a850gs-pcie-5-0-alimentation-850w-80-gold-full-modular-atx-3-0\/\",\"url\":\"https:\/\/osaka.ma\/product\/msi-mpg-a850gs-pcie-5-0-alimentation-850w-80-gold-full-modular-atx-3-0\/\",\"name\":\"MSI MPG A850GS PCIe 5.0 850W 80+ Gold Alimentation - Osaka\",\"isPartOf\":{\"@id\":\"https:\/\/osaka.ma\/#website\"},\"primaryImageOfPage\":{\"@id\":\"https:\/\/osaka.ma\/product\/msi-mpg-a850gs-pcie-5-0-alimentation-850w-80-gold-full-modular-atx-3-0\/#primaryimage\"},\"image\":{\"@id\":\"https:\/\/osaka.ma\/product\/msi-mpg-a850gs-pcie-5-0-alimentation-850w-80-gold-full-modular-atx-3-0\/#primaryimage\"},\"thumbnailUrl\":\"https:\/\/osaka.ma\/wp-content\/uploads\/2025\/11\/MSI-MPG-A850GS-PCIe-5.0-850W-80-Gold.jpg\",\"datePublished\":\"2025-11-17T15:19:35+00:00\",\"dateModified\":\"2026-03-05T00:10:52+00:00\",\"description\":\"Am\u00e9liorez votre configuration avec l'alimentation MSI MPG A850GS PCIe 5.0 de 850W. B\u00e9n\u00e9ficiez d'un rendement exceptionnel gr\u00e2ce \u00e0 sa certification 80+ Gold.\",\"breadcrumb\":{\"@id\":\"https:\/\/osaka.ma\/product\/msi-mpg-a850gs-pcie-5-0-alimentation-850w-80-gold-full-modular-atx-3-0\/#breadcrumb\"},\"inLanguage\":\"es-ES\",\"potentialAction\":[{\"@type\":\"ReadAction\",\"target\":[\"https:\/\/osaka.ma\/product\/msi-mpg-a850gs-pcie-5-0-alimentation-850w-80-gold-full-modular-atx-3-0\/\"]}]},{\"@type\":\"ImageObject\",\"inLanguage\":\"es-ES\",\"@id\":\"https:\/\/osaka.ma\/product\/msi-mpg-a850gs-pcie-5-0-alimentation-850w-80-gold-full-modular-atx-3-0\/#primaryimage\",\"url\":\"https:\/\/osaka.ma\/wp-content\/uploads\/2025\/11\/MSI-MPG-A850GS-PCIe-5.0-850W-80-Gold.jpg\",\"contentUrl\":\"https:\/\/osaka.ma\/wp-content\/uploads\/2025\/11\/MSI-MPG-A850GS-PCIe-5.0-850W-80-Gold.jpg\",\"width\":1600,\"height\":1600,\"caption\":\"MSI MPG A850GS PCIe 5.0 850W 80+ Gold\"},{\"@type\":\"BreadcrumbList\",\"@id\":\"https:\/\/osaka.ma\/product\/msi-mpg-a850gs-pcie-5-0-alimentation-850w-80-gold-full-modular-atx-3-0\/#breadcrumb\",\"itemListElement\":[{\"@type\":\"ListItem\",\"position\":1,\"name\":\"Home\",\"item\":\"https:\/\/osaka.ma\/\"},{\"@type\":\"ListItem\",\"position\":2,\"name\":\"Shop\",\"item\":\"https:\/\/osaka.ma\/shop-2\/\"},{\"@type\":\"ListItem\",\"position\":3,\"name\":\"MSI MPG A850GS PCIe 5.0 \u2013 Alimentation 850W 80+ Gold | Full Modular | ATX 3.0\"}]},{\"@type\":\"WebSite\",\"@id\":\"https:\/\/osaka.ma\/#website\",\"url\":\"https:\/\/osaka.ma\/\",\"name\":\"Osaka\",\"description\":\"\",\"publisher\":{\"@id\":\"https:\/\/osaka.ma\/#organization\"},\"potentialAction\":[{\"@type\":\"SearchAction\",\"target\":{\"@type\":\"EntryPoint\",\"urlTemplate\":\"https:\/\/osaka.ma\/?s={search_term_string}\"},\"query-input\":{\"@type\":\"PropertyValueSpecification\",\"valueRequired\":true,\"valueName\":\"search_term_string\"}}],\"inLanguage\":\"es-ES\"},{\"@type\":\"Organization\",\"@id\":\"https:\/\/osaka.ma\/#organization\",\"name\":\"Osaka\",\"url\":\"https:\/\/osaka.ma\/\",\"logo\":{\"@type\":\"ImageObject\",\"inLanguage\":\"es-ES\",\"@id\":\"https:\/\/osaka.ma\/#\/schema\/logo\/image\/\",\"url\":\"https:\/\/osaka.ma\/wp-content\/uploads\/2026\/01\/model-slogan-logo-2Plan-de-travail-1dksl-plus-finnn.png\",\"contentUrl\":\"https:\/\/osaka.ma\/wp-content\/uploads\/2026\/01\/model-slogan-logo-2Plan-de-travail-1dksl-plus-finnn.png\",\"width\":842,\"height\":226,\"caption\":\"Osaka\"},\"image\":{\"@id\":\"https:\/\/osaka.ma\/#\/schema\/logo\/image\/\"}}]}<\/script>\n<!-- \/ Yoast SEO plugin. -->","yoast_head_json":{"title":"MSI MPG A850GS PCIe 5.0 850W 80+ Gold Alimentation - Osaka","robots":{"index":"index","follow":"follow","max-snippet":"max-snippet:-1","max-image-preview":"max-image-preview:large","max-video-preview":"max-video-preview:-1"},"canonical":"https:\/\/osaka.ma\/product\/msi-mpg-a850gs-pcie-5-0-alimentation-850w-80-gold-full-modular-atx-3-0\/","og_locale":"es_ES","og_type":"article","og_title":"MSI MPG A850GS PCIe 5.0 \u2013 Alimentation 850W 80+ Gold | Full Modular | ATX 3.0 - Osaka","og_url":"https:\/\/osaka.ma\/product\/msi-mpg-a850gs-pcie-5-0-alimentation-850w-80-gold-full-modular-atx-3-0\/","og_site_name":"Osaka","article_modified_time":"2026-03-05T00:10:52+00:00","og_image":[{"width":1600,"height":1600,"url":"https:\/\/osaka.ma\/wp-content\/uploads\/2025\/11\/MSI-MPG-A850GS-PCIe-5.0-850W-80-Gold.jpg","type":"image\/jpeg"}],"twitter_card":"summary_large_image","twitter_misc":{"Est. reading time":"3 minutes"},"schema":{"@context":"https:\/\/schema.org","@graph":[{"@type":"WebPage","@id":"https:\/\/osaka.ma\/product\/msi-mpg-a850gs-pcie-5-0-alimentation-850w-80-gold-full-modular-atx-3-0\/","url":"https:\/\/osaka.ma\/product\/msi-mpg-a850gs-pcie-5-0-alimentation-850w-80-gold-full-modular-atx-3-0\/","name":"MSI MPG A850GS PCIe 5.0 850W 80+ Gold Alimentation - Osaka","isPartOf":{"@id":"https:\/\/osaka.ma\/#website"},"primaryImageOfPage":{"@id":"https:\/\/osaka.ma\/product\/msi-mpg-a850gs-pcie-5-0-alimentation-850w-80-gold-full-modular-atx-3-0\/#primaryimage"},"image":{"@id":"https:\/\/osaka.ma\/product\/msi-mpg-a850gs-pcie-5-0-alimentation-850w-80-gold-full-modular-atx-3-0\/#primaryimage"},"thumbnailUrl":"https:\/\/osaka.ma\/wp-content\/uploads\/2025\/11\/MSI-MPG-A850GS-PCIe-5.0-850W-80-Gold.jpg","datePublished":"2025-11-17T15:19:35+00:00","dateModified":"2026-03-05T00:10:52+00:00","description":"Am\u00e9liorez votre configuration avec l'alimentation MSI MPG A850GS PCIe 5.0 de 850W. B\u00e9n\u00e9ficiez d'un rendement exceptionnel gr\u00e2ce \u00e0 sa certification 80+ Gold.","breadcrumb":{"@id":"https:\/\/osaka.ma\/product\/msi-mpg-a850gs-pcie-5-0-alimentation-850w-80-gold-full-modular-atx-3-0\/#breadcrumb"},"inLanguage":"es-ES","potentialAction":[{"@type":"ReadAction","target":["https:\/\/osaka.ma\/product\/msi-mpg-a850gs-pcie-5-0-alimentation-850w-80-gold-full-modular-atx-3-0\/"]}]},{"@type":"ImageObject","inLanguage":"es-ES","@id":"https:\/\/osaka.ma\/product\/msi-mpg-a850gs-pcie-5-0-alimentation-850w-80-gold-full-modular-atx-3-0\/#primaryimage","url":"https:\/\/osaka.ma\/wp-content\/uploads\/2025\/11\/MSI-MPG-A850GS-PCIe-5.0-850W-80-Gold.jpg","contentUrl":"https:\/\/osaka.ma\/wp-content\/uploads\/2025\/11\/MSI-MPG-A850GS-PCIe-5.0-850W-80-Gold.jpg","width":1600,"height":1600,"caption":"MSI MPG A850GS PCIe 5.0 850W 80+ Gold"},{"@type":"BreadcrumbList","@id":"https:\/\/osaka.ma\/product\/msi-mpg-a850gs-pcie-5-0-alimentation-850w-80-gold-full-modular-atx-3-0\/#breadcrumb","itemListElement":[{"@type":"ListItem","position":1,"name":"Home","item":"https:\/\/osaka.ma\/"},{"@type":"ListItem","position":2,"name":"Shop","item":"https:\/\/osaka.ma\/shop-2\/"},{"@type":"ListItem","position":3,"name":"MSI MPG A850GS PCIe 5.0 \u2013 Alimentation 850W 80+ Gold | Full Modular | ATX 3.0"}]},{"@type":"WebSite","@id":"https:\/\/osaka.ma\/#website","url":"https:\/\/osaka.ma\/","name":"Osaka","description":"","publisher":{"@id":"https:\/\/osaka.ma\/#organization"},"potentialAction":[{"@type":"SearchAction","target":{"@type":"EntryPoint","urlTemplate":"https:\/\/osaka.ma\/?s={search_term_string}"},"query-input":{"@type":"PropertyValueSpecification","valueRequired":true,"valueName":"search_term_string"}}],"inLanguage":"es-ES"},{"@type":"Organization","@id":"https:\/\/osaka.ma\/#organization","name":"Osaka","url":"https:\/\/osaka.ma\/","logo":{"@type":"ImageObject","inLanguage":"es-ES","@id":"https:\/\/osaka.ma\/#\/schema\/logo\/image\/","url":"https:\/\/osaka.ma\/wp-content\/uploads\/2026\/01\/model-slogan-logo-2Plan-de-travail-1dksl-plus-finnn.png","contentUrl":"https:\/\/osaka.ma\/wp-content\/uploads\/2026\/01\/model-slogan-logo-2Plan-de-travail-1dksl-plus-finnn.png","width":842,"height":226,"caption":"Osaka"},"image":{"@id":"https:\/\/osaka.ma\/#\/schema\/logo\/image\/"}}]}},"jetpack_sharing_enabled":true,"brands":[],"_links":{"self":[{"href":"https:\/\/osaka.ma\/es\/wp-json\/wp\/v2\/product\/19114","targetHints":{"allow":["GET"]}}],"collection":[{"href":"https:\/\/osaka.ma\/es\/wp-json\/wp\/v2\/product"}],"about":[{"href":"https:\/\/osaka.ma\/es\/wp-json\/wp\/v2\/types\/product"}],"version-history":[{"count":0,"href":"https:\/\/osaka.ma\/es\/wp-json\/wp\/v2\/product\/19114\/revisions"}],"wp:featuredmedia":[{"embeddable":true,"href":"https:\/\/osaka.ma\/es\/wp-json\/wp\/v2\/media\/1019119"}],"wp:attachment":[{"href":"https:\/\/osaka.ma\/es\/wp-json\/wp\/v2\/media?parent=19114"}],"wp:term":[{"taxonomy":"pwb-brand","embeddable":true,"href":"https:\/\/osaka.ma\/es\/wp-json\/wp\/v2\/pwb-brand?post=19114"},{"taxonomy":"product_brand","embeddable":true,"href":"https:\/\/osaka.ma\/es\/wp-json\/wp\/v2\/product_brand?post=19114"},{"taxonomy":"product_cat","embeddable":true,"href":"https:\/\/osaka.ma\/es\/wp-json\/wp\/v2\/product_cat?post=19114"},{"taxonomy":"product_tag","embeddable":true,"href":"https:\/\/osaka.ma\/es\/wp-json\/wp\/v2\/product_tag?post=19114"},{"taxonomy":"pcb_component_type","embeddable":true,"href":"https:\/\/osaka.ma\/es\/wp-json\/wp\/v2\/pcb_component_type?post=19114"}],"curies":[{"name":"wp","href":"https:\/\/api.w.org\/{rel}","templated":true}]}}