{"id":19240,"date":"2025-11-20T13:29:34","date_gmt":"2025-11-20T12:29:34","guid":{"rendered":"https:\/\/osaka.ma\/?post_type=product&#038;p=19240"},"modified":"2026-02-02T11:31:07","modified_gmt":"2026-02-02T10:31:07","slug":"msi-b560m-a-pro-carte-mere-used","status":"publish","type":"product","link":"https:\/\/osaka.ma\/es\/product\/msi-b560m-a-pro-carte-mere-used\/","title":{"rendered":"MSI B560M-A PRO \u2013 Carte M\u00e8re (USED)"},"content":{"rendered":"<div class=\"logo\"><a href=\"https:\/\/www.ldlc.com\/msi\/bint000000992\/\" rel=\"nofollow noopener\" target=\"_blank\"><img decoding=\"async\" class=\"aligncenter\" src=\"https:\/\/media.ldlc.com\/v3\/marque\/bo\/00\/05\/99\/39\/V30005993997.gif\" alt=\"MSI\" \/><\/a><\/div>\n<div id=\"description\" class=\"description\">\n<div class=\"details-pdt-desc\">\n<h2 class=\"h2-master\">Carte m\u00e8re Pro pour CPU Intel Rocket lake<\/h2>\n<section>La\u00a0<strong>MSI B560M-A PRO<\/strong>\u00a0est con\u00e7ue pour accueillir les\u00a0<strong>processeurs Intel de\u00a0<\/strong><strong>10\u00e8me g\u00e9n\u00e9ration et 11\u00e8me g\u00e9n\u00e9ration<\/strong>\u00a0sur<strong>\u00a0socket LGA 1200<\/strong>. Elle permettra l&#8217;assemblage d&#8217;une configuration puissante et polyvalente capable de s&#8217;acquitter de toutes les t\u00e2ches. Gaming, Streaming, multit\u00e2che intensif, cr\u00e9ation multim\u00e9dia, c&#8217;est la solution id\u00e9ale pour concevoir un\u00a0<strong>PC gaming \u00e9quilibr\u00e9 et puissant.<\/strong><\/p>\n<p>Elle prend en outre en charge la<strong>\u00a0RAM DDR4<\/strong>, les\u00a0<strong>cartes graphiques PCI-Express 4.0 16x<\/strong>, les\u00a0<strong>disques SATA 6 Gb\/s<\/strong>\u00a0et\u00a0<strong>M.2 PCI-E NVMe<\/strong>\u00a0et les\u00a0<strong>p\u00e9riph\u00e9riques USB 3.0<\/strong>. B\u00e9n\u00e9ficiant de la<strong>\u00a0qualit\u00e9 de fabrication MSI<\/strong>\u00a0et de\u00a0<strong>nombreux utilitaires propres \u00e0 la marque<\/strong>, elle repr\u00e9sente un investissement p\u00e9renne \u00e0 long terme.<\/p>\n<\/section>\n<section>\n<div class=\"desc-image\"><img decoding=\"async\" src=\"https:\/\/media.ldlc.com\/bo\/images\/fiches\/carte-mere\/MSI\/b560\/msi_b560m_a.jpg\" alt=\"\" \/><\/div>\n<div class=\"desc-text\">\n<h2>MSI B560M-A PRO<\/h2>\n<ul>\n<li>Support des processeurs Intel Core de 10\u00e8me g\u00e9n\u00e9ration et 11\u00e8me g\u00e9n\u00e9ration sur socket LGA 1200<\/li>\n<li>Support de la m\u00e9moire DDR4, jusqu&#8217;\u00e0 5200 MHz (OC)<\/li>\n<li>Core Boost pour une alimentation adapt\u00e9e aux processeurs multic\u0153ur<\/li>\n<li>Slot Turbo M.2 fonctionnant en PCI-E Gen4 x4 pour am\u00e9liorer les performances des SSD NVMe<\/li>\n<li>Audio Boost: Haute qualit\u00e9 audio pour un rendu sonore exceptionnel<\/li>\n<li>Slot Steel Armor pour prot\u00e9ger la carte graphique contre la pliure et les ondes \u00e9lectromagn\u00e9tiques<\/li>\n<li>Connecteur LAN 2.5 GbE pour une exp\u00e9rience en ligne rapide et fluide<\/li>\n<\/ul>\n<\/div>\n<\/section>\n<section>\n<div class=\"desc-text\">\n<h2>Processeur Intel Core 11\u00e8me G\u00e9n\u00e9ration<\/h2>\n<p>La\u00a0<strong>11\u00e8me g\u00e9n\u00e9ration de processeur Intel Core Rocket Lake-S\u00a0<\/strong>vous propulse vers toujours plus de puissance gr\u00e2ce \u00e0 sa compatibilit\u00e9 avec la norme\u00a0<strong>PCI-Express 4.0<\/strong>\u00a0et la pr\u00e9sence de l&#8217;<strong>Hyper Threading<\/strong>\u00a0sur toute la gamme depuis le Core i3 jusqu&#8217;au Core i9. Ses fr\u00e9quences Turbo vont toujours plus haut en conservant des TDP identiques aux g\u00e9n\u00e9rations pr\u00e9c\u00e9dentes. Les performances de pointe et la fluidit\u00e9 sont de mise pour tous que ce soit pour une utilisation bureautique, cr\u00e9ative ou gaming.<\/p>\n<\/div>\n<div class=\"desc-image\"><img decoding=\"async\" src=\"https:\/\/media.ldlc.com\/bo\/images\/fiches\/Processeur\/Intel\/rocket_lake_s\/800_1.jpg\" alt=\"\" \/><\/div>\n<\/section>\n<\/div>\n<\/div>\n<div id=\"technical-alert\" class=\"info-warning\"><\/div>\n","protected":false},"excerpt":{"rendered":"<p data-start=\"248\" data-end=\"436\">La MSI B560M-A PRO (USED) est une carte m\u00e8re Micro-ATX solide, id\u00e9ale pour les processeurs Intel 10e et 11e g\u00e9n\u00e9ration et les configurations bureautiques, gaming l\u00e9ger ou professionnelles.<\/p>\n<hr data-start=\"438\" data-end=\"441\" \/>\n<h3 data-start=\"443\" data-end=\"475\">Caract\u00e9ristiques Techniques<\/h3>\n<p data-start=\"476\" data-end=\"861\"><strong data-start=\"476\" data-end=\"534\">Format : Micro-ATX | Chipset : B560 | Socket : LGA1200<\/strong><br data-start=\"534\" data-end=\"537\" \/><strong data-start=\"537\" data-end=\"584\">RAM : 2\u00d7 DDR4 | Jusqu\u2019\u00e0 64GB | 5066MHz (OC)<\/strong><br data-start=\"584\" data-end=\"587\" \/><strong data-start=\"587\" data-end=\"630\">PCIe : 1\u00d7 PCIe 4.0 x16 | 1\u00d7 PCIe 3.0 x1<\/strong><br data-start=\"630\" data-end=\"633\" \/><strong data-start=\"633\" data-end=\"675\">Stockage : 1\u00d7 M.2 NVMe | 4\u00d7 SATA 6Gb\/s<\/strong><br data-start=\"675\" data-end=\"678\" \/><strong data-start=\"678\" data-end=\"712\">Affichage : HDMI | DisplayPort<\/strong><br data-start=\"712\" data-end=\"715\" \/><strong data-start=\"715\" data-end=\"759\">Connectique arri\u00e8re : USB | RJ45 | Audio<\/strong><br data-start=\"759\" data-end=\"762\" \/><strong data-start=\"762\" data-end=\"817\">Fonctions : Core Boost | DDR4 Boost | VRM stabilis\u00e9<\/strong><br data-start=\"817\" data-end=\"820\" \/><strong data-start=\"820\" data-end=\"861\">\u00c9tat : USED \u2013 Test\u00e9e et fonctionnelle<\/strong><\/p>\n","protected":false},"featured_media":1019245,"template":"","meta":{"_acf_changed":false},"pwb-brand":[],"product_brand":[],"product_cat":[84,17],"product_tag":[],"pcb_component_type":[],"class_list":{"0":"post-19240","1":"product","2":"type-product","3":"status-publish","4":"has-post-thumbnail","6":"product_cat-carte-mere","7":"product_cat-composants-gaming","9":"first","10":"outofstock","11":"shipping-taxable","12":"product-type-simple"},"translation":{"provider":"WPGlobus","version":"3.0.2","language":"es","enabled_languages":["en","es","de","fr","ru"],"languages":{"en":{"title":true,"content":true,"excerpt":true},"es":{"title":false,"content":false,"excerpt":false},"de":{"title":false,"content":false,"excerpt":false},"fr":{"title":false,"content":false,"excerpt":false},"ru":{"title":false,"content":false,"excerpt":false}}},"acf":[],"yoast_head":"<!-- This site is optimized with the Yoast SEO plugin v27.2 - https:\/\/yoast.com\/product\/yoast-seo-wordpress\/ -->\n<title>B560M-A PRO | Intel 10\/11 Gen | Micro-ATX Performant - Osaka<\/title>\n<meta name=\"robots\" content=\"index, follow, max-snippet:-1, max-image-preview:large, max-video-preview:-1\" \/>\n<link rel=\"canonical\" href=\"https:\/\/osaka.ma\/product\/msi-b560m-a-pro-carte-mere-used\/\" \/>\n<meta property=\"og:locale\" content=\"es_ES\" \/>\n<meta property=\"og:type\" content=\"article\" \/>\n<meta property=\"og:title\" content=\"MSI B560M-A PRO \u2013 Carte M\u00e8re (USED) - Osaka\" \/>\n<meta property=\"og:url\" content=\"https:\/\/osaka.ma\/product\/msi-b560m-a-pro-carte-mere-used\/\" \/>\n<meta property=\"og:site_name\" content=\"Osaka\" \/>\n<meta property=\"article:modified_time\" content=\"2026-02-02T10:31:07+00:00\" \/>\n<meta property=\"og:image\" content=\"https:\/\/osaka.ma\/wp-content\/uploads\/2025\/11\/MSI-B560M-A-PRO-\u2013-Carte-Mere-Micro-ATX.jpg\" \/>\n\t<meta property=\"og:image:width\" content=\"1600\" \/>\n\t<meta property=\"og:image:height\" content=\"1600\" \/>\n\t<meta property=\"og:image:type\" content=\"image\/jpeg\" \/>\n<meta name=\"twitter:card\" content=\"summary_large_image\" \/>\n<meta name=\"twitter:label1\" content=\"Est. reading time\" \/>\n\t<meta name=\"twitter:data1\" content=\"4 minutes\" \/>\n<script type=\"application\/ld+json\" class=\"yoast-schema-graph\">{\"@context\":\"https:\/\/schema.org\",\"@graph\":[{\"@type\":\"WebPage\",\"@id\":\"https:\/\/osaka.ma\/product\/msi-b560m-a-pro-carte-mere-used\/\",\"url\":\"https:\/\/osaka.ma\/product\/msi-b560m-a-pro-carte-mere-used\/\",\"name\":\"B560M-A PRO | Intel 10\/11 Gen | Micro-ATX Performant - Osaka\",\"isPartOf\":{\"@id\":\"https:\/\/osaka.ma\/#website\"},\"primaryImageOfPage\":{\"@id\":\"https:\/\/osaka.ma\/product\/msi-b560m-a-pro-carte-mere-used\/#primaryimage\"},\"image\":{\"@id\":\"https:\/\/osaka.ma\/product\/msi-b560m-a-pro-carte-mere-used\/#primaryimage\"},\"thumbnailUrl\":\"https:\/\/osaka.ma\/wp-content\/uploads\/2025\/11\/MSI-B560M-A-PRO-\u2013-Carte-Mere-Micro-ATX.jpg\",\"datePublished\":\"2025-11-20T12:29:34+00:00\",\"dateModified\":\"2026-02-02T10:31:07+00:00\",\"description\":\"La MSI B560M-A PRO | Intel 10\/11 Gen | Micro-ATX vous offre la puissance des processeurs rapide avec le PCIe 4.0. Construisez votre performance!\",\"breadcrumb\":{\"@id\":\"https:\/\/osaka.ma\/product\/msi-b560m-a-pro-carte-mere-used\/#breadcrumb\"},\"inLanguage\":\"es-ES\",\"potentialAction\":[{\"@type\":\"ReadAction\",\"target\":[\"https:\/\/osaka.ma\/product\/msi-b560m-a-pro-carte-mere-used\/\"]}]},{\"@type\":\"ImageObject\",\"inLanguage\":\"es-ES\",\"@id\":\"https:\/\/osaka.ma\/product\/msi-b560m-a-pro-carte-mere-used\/#primaryimage\",\"url\":\"https:\/\/osaka.ma\/wp-content\/uploads\/2025\/11\/MSI-B560M-A-PRO-\u2013-Carte-Mere-Micro-ATX.jpg\",\"contentUrl\":\"https:\/\/osaka.ma\/wp-content\/uploads\/2025\/11\/MSI-B560M-A-PRO-\u2013-Carte-Mere-Micro-ATX.jpg\",\"width\":1600,\"height\":1600,\"caption\":\"Micro-ATX Intel | Support 10\/11 Gen | PCIe 4.0 Ready\"},{\"@type\":\"BreadcrumbList\",\"@id\":\"https:\/\/osaka.ma\/product\/msi-b560m-a-pro-carte-mere-used\/#breadcrumb\",\"itemListElement\":[{\"@type\":\"ListItem\",\"position\":1,\"name\":\"Home\",\"item\":\"https:\/\/osaka.ma\/\"},{\"@type\":\"ListItem\",\"position\":2,\"name\":\"Shop\",\"item\":\"https:\/\/osaka.ma\/shop-2\/\"},{\"@type\":\"ListItem\",\"position\":3,\"name\":\"MSI B560M-A PRO \u2013 Carte M\u00e8re (USED)\"}]},{\"@type\":\"WebSite\",\"@id\":\"https:\/\/osaka.ma\/#website\",\"url\":\"https:\/\/osaka.ma\/\",\"name\":\"Osaka\",\"description\":\"\",\"publisher\":{\"@id\":\"https:\/\/osaka.ma\/#organization\"},\"potentialAction\":[{\"@type\":\"SearchAction\",\"target\":{\"@type\":\"EntryPoint\",\"urlTemplate\":\"https:\/\/osaka.ma\/?s={search_term_string}\"},\"query-input\":{\"@type\":\"PropertyValueSpecification\",\"valueRequired\":true,\"valueName\":\"search_term_string\"}}],\"inLanguage\":\"es-ES\"},{\"@type\":\"Organization\",\"@id\":\"https:\/\/osaka.ma\/#organization\",\"name\":\"Osaka\",\"url\":\"https:\/\/osaka.ma\/\",\"logo\":{\"@type\":\"ImageObject\",\"inLanguage\":\"es-ES\",\"@id\":\"https:\/\/osaka.ma\/#\/schema\/logo\/image\/\",\"url\":\"https:\/\/osaka.ma\/wp-content\/uploads\/2026\/01\/model-slogan-logo-2Plan-de-travail-1dksl-plus-finnn.png\",\"contentUrl\":\"https:\/\/osaka.ma\/wp-content\/uploads\/2026\/01\/model-slogan-logo-2Plan-de-travail-1dksl-plus-finnn.png\",\"width\":842,\"height\":226,\"caption\":\"Osaka\"},\"image\":{\"@id\":\"https:\/\/osaka.ma\/#\/schema\/logo\/image\/\"}}]}<\/script>\n<!-- \/ Yoast SEO plugin. -->","yoast_head_json":{"title":"B560M-A PRO | Intel 10\/11 Gen | Micro-ATX Performant - Osaka","robots":{"index":"index","follow":"follow","max-snippet":"max-snippet:-1","max-image-preview":"max-image-preview:large","max-video-preview":"max-video-preview:-1"},"canonical":"https:\/\/osaka.ma\/product\/msi-b560m-a-pro-carte-mere-used\/","og_locale":"es_ES","og_type":"article","og_title":"MSI B560M-A PRO \u2013 Carte M\u00e8re (USED) - Osaka","og_url":"https:\/\/osaka.ma\/product\/msi-b560m-a-pro-carte-mere-used\/","og_site_name":"Osaka","article_modified_time":"2026-02-02T10:31:07+00:00","og_image":[{"width":1600,"height":1600,"url":"https:\/\/osaka.ma\/wp-content\/uploads\/2025\/11\/MSI-B560M-A-PRO-\u2013-Carte-Mere-Micro-ATX.jpg","type":"image\/jpeg"}],"twitter_card":"summary_large_image","twitter_misc":{"Est. reading time":"4 minutes"},"schema":{"@context":"https:\/\/schema.org","@graph":[{"@type":"WebPage","@id":"https:\/\/osaka.ma\/product\/msi-b560m-a-pro-carte-mere-used\/","url":"https:\/\/osaka.ma\/product\/msi-b560m-a-pro-carte-mere-used\/","name":"B560M-A PRO | Intel 10\/11 Gen | Micro-ATX Performant - Osaka","isPartOf":{"@id":"https:\/\/osaka.ma\/#website"},"primaryImageOfPage":{"@id":"https:\/\/osaka.ma\/product\/msi-b560m-a-pro-carte-mere-used\/#primaryimage"},"image":{"@id":"https:\/\/osaka.ma\/product\/msi-b560m-a-pro-carte-mere-used\/#primaryimage"},"thumbnailUrl":"https:\/\/osaka.ma\/wp-content\/uploads\/2025\/11\/MSI-B560M-A-PRO-\u2013-Carte-Mere-Micro-ATX.jpg","datePublished":"2025-11-20T12:29:34+00:00","dateModified":"2026-02-02T10:31:07+00:00","description":"La MSI B560M-A PRO | Intel 10\/11 Gen | Micro-ATX vous offre la puissance des processeurs rapide avec le PCIe 4.0. Construisez votre performance!","breadcrumb":{"@id":"https:\/\/osaka.ma\/product\/msi-b560m-a-pro-carte-mere-used\/#breadcrumb"},"inLanguage":"es-ES","potentialAction":[{"@type":"ReadAction","target":["https:\/\/osaka.ma\/product\/msi-b560m-a-pro-carte-mere-used\/"]}]},{"@type":"ImageObject","inLanguage":"es-ES","@id":"https:\/\/osaka.ma\/product\/msi-b560m-a-pro-carte-mere-used\/#primaryimage","url":"https:\/\/osaka.ma\/wp-content\/uploads\/2025\/11\/MSI-B560M-A-PRO-\u2013-Carte-Mere-Micro-ATX.jpg","contentUrl":"https:\/\/osaka.ma\/wp-content\/uploads\/2025\/11\/MSI-B560M-A-PRO-\u2013-Carte-Mere-Micro-ATX.jpg","width":1600,"height":1600,"caption":"Micro-ATX Intel | Support 10\/11 Gen | PCIe 4.0 Ready"},{"@type":"BreadcrumbList","@id":"https:\/\/osaka.ma\/product\/msi-b560m-a-pro-carte-mere-used\/#breadcrumb","itemListElement":[{"@type":"ListItem","position":1,"name":"Home","item":"https:\/\/osaka.ma\/"},{"@type":"ListItem","position":2,"name":"Shop","item":"https:\/\/osaka.ma\/shop-2\/"},{"@type":"ListItem","position":3,"name":"MSI B560M-A PRO \u2013 Carte M\u00e8re (USED)"}]},{"@type":"WebSite","@id":"https:\/\/osaka.ma\/#website","url":"https:\/\/osaka.ma\/","name":"Osaka","description":"","publisher":{"@id":"https:\/\/osaka.ma\/#organization"},"potentialAction":[{"@type":"SearchAction","target":{"@type":"EntryPoint","urlTemplate":"https:\/\/osaka.ma\/?s={search_term_string}"},"query-input":{"@type":"PropertyValueSpecification","valueRequired":true,"valueName":"search_term_string"}}],"inLanguage":"es-ES"},{"@type":"Organization","@id":"https:\/\/osaka.ma\/#organization","name":"Osaka","url":"https:\/\/osaka.ma\/","logo":{"@type":"ImageObject","inLanguage":"es-ES","@id":"https:\/\/osaka.ma\/#\/schema\/logo\/image\/","url":"https:\/\/osaka.ma\/wp-content\/uploads\/2026\/01\/model-slogan-logo-2Plan-de-travail-1dksl-plus-finnn.png","contentUrl":"https:\/\/osaka.ma\/wp-content\/uploads\/2026\/01\/model-slogan-logo-2Plan-de-travail-1dksl-plus-finnn.png","width":842,"height":226,"caption":"Osaka"},"image":{"@id":"https:\/\/osaka.ma\/#\/schema\/logo\/image\/"}}]}},"jetpack_sharing_enabled":true,"brands":[],"_links":{"self":[{"href":"https:\/\/osaka.ma\/es\/wp-json\/wp\/v2\/product\/19240","targetHints":{"allow":["GET"]}}],"collection":[{"href":"https:\/\/osaka.ma\/es\/wp-json\/wp\/v2\/product"}],"about":[{"href":"https:\/\/osaka.ma\/es\/wp-json\/wp\/v2\/types\/product"}],"version-history":[{"count":0,"href":"https:\/\/osaka.ma\/es\/wp-json\/wp\/v2\/product\/19240\/revisions"}],"wp:featuredmedia":[{"embeddable":true,"href":"https:\/\/osaka.ma\/es\/wp-json\/wp\/v2\/media\/1019245"}],"wp:attachment":[{"href":"https:\/\/osaka.ma\/es\/wp-json\/wp\/v2\/media?parent=19240"}],"wp:term":[{"taxonomy":"pwb-brand","embeddable":true,"href":"https:\/\/osaka.ma\/es\/wp-json\/wp\/v2\/pwb-brand?post=19240"},{"taxonomy":"product_brand","embeddable":true,"href":"https:\/\/osaka.ma\/es\/wp-json\/wp\/v2\/product_brand?post=19240"},{"taxonomy":"product_cat","embeddable":true,"href":"https:\/\/osaka.ma\/es\/wp-json\/wp\/v2\/product_cat?post=19240"},{"taxonomy":"product_tag","embeddable":true,"href":"https:\/\/osaka.ma\/es\/wp-json\/wp\/v2\/product_tag?post=19240"},{"taxonomy":"pcb_component_type","embeddable":true,"href":"https:\/\/osaka.ma\/es\/wp-json\/wp\/v2\/pcb_component_type?post=19240"}],"curies":[{"name":"wp","href":"https:\/\/api.w.org\/{rel}","templated":true}]}}