{"id":19363,"date":"2025-11-25T13:44:31","date_gmt":"2025-11-25T12:44:31","guid":{"rendered":"https:\/\/osaka.ma\/?post_type=product&#038;p=19363"},"modified":"2026-03-31T12:29:23","modified_gmt":"2026-03-31T11:29:23","slug":"pico-4-8gb-ram-128gb-storage-used","status":"publish","type":"product","link":"https:\/\/osaka.ma\/es\/product\/pico-4-8gb-ram-128gb-storage-used\/","title":{"rendered":"PICO 4 \u2013 8GB RAM | 128GB Storage \u2013 USED"},"content":{"rendered":"<p data-start=\"1150\" data-end=\"1437\"><img decoding=\"async\" class=\"aligncenter\" src=\"https:\/\/www.schenker-tech.de\/wp-content\/uploads\/2022\/10\/MicrosoftTeams-image-7.png\" alt=\"Pico XR - Built with the enterprise in mind\" width=\"202\" height=\"59\" \/><\/p>\n<p data-start=\"1150\" data-end=\"1437\">Le PICO 4 est un casque de r\u00e9alit\u00e9 virtuelle autonome pens\u00e9 pour offrir une immersion fluide sans n\u00e9cessiter de PC ni de c\u00e2bles. Son syst\u00e8me optique \u00e0 lentilles pancake procure une image plus nette, plus lumineuse et sans aberrations, ce qui am\u00e9liore significativement le confort visuel.<\/p>\n<p data-start=\"1150\" data-end=\"1437\"><img fetchpriority=\"high\" decoding=\"async\" class=\"\" src=\"https:\/\/uae.microless.com\/cdn\/category_files\/c6ce40c3796436dbd82945b51b4934ee.jpg\" width=\"698\" height=\"362\" \/><\/p>\n<p data-start=\"1439\" data-end=\"1736\">Avec <strong data-start=\"1444\" data-end=\"1458\">8GB de RAM<\/strong>, il ex\u00e9cute facilement les jeux, applications fitness, exp\u00e9riences VR et outils \u00e9ducatifs.<br data-start=\"1549\" data-end=\"1552\" \/>Le <strong data-start=\"1555\" data-end=\"1584\">stockage interne de 128GB<\/strong> permet d\u2019installer de nombreux jeux et contenus VR.<br data-start=\"1636\" data-end=\"1639\" \/>Le suivi <strong data-start=\"1648\" data-end=\"1667\">6DoF inside-out<\/strong> garantit une grande pr\u00e9cision des mouvements sans capteurs externes.<\/p>\n<p data-start=\"1439\" data-end=\"1736\"><img decoding=\"async\" class=\"\" src=\"https:\/\/uae.microless.com\/cdn\/category_files\/cf9269455aaa1cf9250ebc62e49a57dc.jpg\" width=\"698\" height=\"354\" \/><\/p>\n<p data-start=\"1738\" data-end=\"1896\">Le design l\u00e9ger et bien \u00e9quilibr\u00e9 permet des sessions VR longues sans inconfort.<br data-start=\"1818\" data-end=\"1821\" \/>Les contr\u00f4leurs ergonomiques offrent une interaction naturelle et r\u00e9active.<\/p>\n<p data-start=\"1738\" data-end=\"1896\"><img loading=\"lazy\" decoding=\"async\" class=\"\" src=\"https:\/\/uae.microless.com\/cdn\/category_files\/1a9c973b71e38d393c556a54c491dd1a.jpg\" width=\"702\" height=\"421\" \/><\/p>\n<p data-start=\"1898\" data-end=\"2049\">Ce mod\u00e8le est <strong data-start=\"1912\" data-end=\"1920\">USED<\/strong>, enti\u00e8rement test\u00e9 et 100% fonctionnel, repr\u00e9sentant une option \u00e9conomique pour acc\u00e9der \u00e0 une excellente exp\u00e9rience VR autonome.<\/p>\n","protected":false},"excerpt":{"rendered":"<p data-start=\"471\" data-end=\"686\">Le PICO 4 est un casque VR autonome offrant une excellente immersion gr\u00e2ce \u00e0 son \u00e9cran haute r\u00e9solution, son suivi 6DoF pr\u00e9cis et son design l\u00e9ger. Cette version 8GB + 128GB est en <strong data-start=\"652\" data-end=\"660\">USED<\/strong>, test\u00e9e et fonctionnelle.<\/p>\n<hr data-start=\"688\" data-end=\"691\" \/>\n<h3 data-start=\"693\" data-end=\"725\">Caract\u00e9ristiques Techniques<\/h3>\n<p data-start=\"726\" data-end=\"1115\">M\u00e9moire : 8GB RAM | Stockage : 128GB interne<br data-start=\"770\" data-end=\"773\" \/>Affichage : Haute r\u00e9solution | Lentilles Pancake<br data-start=\"821\" data-end=\"824\" \/>Suivi : Inside-Out | 6DoF complet<br data-start=\"857\" data-end=\"860\" \/>Contr\u00f4leurs : Motion Controllers | Suivi pr\u00e9cis<br data-start=\"907\" data-end=\"910\" \/>Connectivit\u00e9 : WiFi | Bluetooth | USB-C<br data-start=\"949\" data-end=\"952\" \/>Autonomie : Optimis\u00e9e | Charge via USB-C<br data-start=\"992\" data-end=\"995\" \/>Confort : Poids r\u00e9duit | R\u00e9partition \u00e9quilibr\u00e9e<br data-start=\"1042\" data-end=\"1045\" \/>Usage : Jeux VR | Fitness | Simulation | Apps \u00e9ducatives<br data-start=\"1101\" data-end=\"1104\" \/>\u00c9tat : USED<\/p>\n","protected":false},"featured_media":1022492,"template":"","meta":{"_acf_changed":false},"pwb-brand":[],"product_brand":[],"product_cat":[31,361],"product_tag":[],"pcb_component_type":[],"class_list":{"0":"post-19363","1":"product","2":"type-product","3":"status-publish","4":"has-post-thumbnail","6":"product_cat-accessoires","7":"product_cat-casque-vr","9":"first","10":"instock","11":"sale","12":"shipping-taxable","13":"purchasable","14":"product-type-simple"},"translation":{"provider":"WPGlobus","version":"3.0.2","language":"es","enabled_languages":["en","es","de","fr","ru"],"languages":{"en":{"title":true,"content":true,"excerpt":true},"es":{"title":false,"content":false,"excerpt":false},"de":{"title":false,"content":false,"excerpt":false},"fr":{"title":false,"content":false,"excerpt":false},"ru":{"title":false,"content":false,"excerpt":false}}},"acf":[],"yoast_head":"<!-- This site is optimized with the Yoast SEO plugin v27.2 - https:\/\/yoast.com\/product\/yoast-seo-wordpress\/ -->\n<title>Standalone VR Headset with High-Resolution Optics - Osaka<\/title>\n<meta name=\"robots\" content=\"index, follow, max-snippet:-1, max-image-preview:large, max-video-preview:-1\" \/>\n<link rel=\"canonical\" href=\"https:\/\/osaka.ma\/ru\/product\/pico-4-8gb-ram-128gb-storage-used\/\" \/>\n<meta property=\"og:locale\" content=\"es_ES\" \/>\n<meta property=\"og:type\" content=\"article\" \/>\n<meta property=\"og:title\" content=\"PICO 4 \u2013 8GB RAM | 128GB Storage \u2013 USED - Osaka\" \/>\n<meta property=\"og:url\" content=\"https:\/\/osaka.ma\/ru\/product\/pico-4-8gb-ram-128gb-storage-used\/\" \/>\n<meta property=\"og:site_name\" content=\"Osaka\" \/>\n<meta property=\"article:modified_time\" content=\"2026-03-31T11:29:23+00:00\" \/>\n<meta property=\"og:image\" content=\"https:\/\/osaka.ma\/wp-content\/uploads\/2025\/11\/Gemini_Generated_Image_c9yarnc9yarnc9ya.png\" \/>\n\t<meta property=\"og:image:width\" content=\"1024\" \/>\n\t<meta property=\"og:image:height\" content=\"1024\" \/>\n\t<meta property=\"og:image:type\" content=\"image\/png\" \/>\n<meta name=\"twitter:card\" content=\"summary_large_image\" \/>\n<meta name=\"twitter:label1\" content=\"Est. reading time\" \/>\n\t<meta name=\"twitter:data1\" content=\"2 minutes\" \/>\n<script type=\"application\/ld+json\" class=\"yoast-schema-graph\">{\"@context\":\"https:\/\/schema.org\",\"@graph\":[{\"@type\":\"WebPage\",\"@id\":\"https:\/\/osaka.ma\/ru\/product\/pico-4-8gb-ram-128gb-storage-used\/\",\"url\":\"https:\/\/osaka.ma\/ru\/product\/pico-4-8gb-ram-128gb-storage-used\/\",\"name\":\"Standalone VR Headset with High-Resolution Optics - Osaka\",\"isPartOf\":{\"@id\":\"https:\/\/osaka.ma\/#website\"},\"primaryImageOfPage\":{\"@id\":\"https:\/\/osaka.ma\/ru\/product\/pico-4-8gb-ram-128gb-storage-used\/#primaryimage\"},\"image\":{\"@id\":\"https:\/\/osaka.ma\/ru\/product\/pico-4-8gb-ram-128gb-storage-used\/#primaryimage\"},\"thumbnailUrl\":\"https:\/\/osaka.ma\/wp-content\/uploads\/2025\/11\/Gemini_Generated_Image_c9yarnc9yarnc9ya.png\",\"datePublished\":\"2025-11-25T12:44:31+00:00\",\"dateModified\":\"2026-03-31T11:29:23+00:00\",\"description\":\"D\u00e9couvrez le PICO 4, un casque autonome offrant une immersion sans limites. Profitez d'une image nette gr\u00e2ce aux optiques haute r\u00e9solution !\",\"breadcrumb\":{\"@id\":\"https:\/\/osaka.ma\/ru\/product\/pico-4-8gb-ram-128gb-storage-used\/#breadcrumb\"},\"inLanguage\":\"es-ES\",\"potentialAction\":[{\"@type\":\"ReadAction\",\"target\":[\"https:\/\/osaka.ma\/ru\/product\/pico-4-8gb-ram-128gb-storage-used\/\"]}]},{\"@type\":\"ImageObject\",\"inLanguage\":\"es-ES\",\"@id\":\"https:\/\/osaka.ma\/ru\/product\/pico-4-8gb-ram-128gb-storage-used\/#primaryimage\",\"url\":\"https:\/\/osaka.ma\/wp-content\/uploads\/2025\/11\/Gemini_Generated_Image_c9yarnc9yarnc9ya.png\",\"contentUrl\":\"https:\/\/osaka.ma\/wp-content\/uploads\/2025\/11\/Gemini_Generated_Image_c9yarnc9yarnc9ya.png\",\"width\":1024,\"height\":1024,\"caption\":\"Standalone VR Headset with High-Resolution Optics\"},{\"@type\":\"BreadcrumbList\",\"@id\":\"https:\/\/osaka.ma\/ru\/product\/pico-4-8gb-ram-128gb-storage-used\/#breadcrumb\",\"itemListElement\":[{\"@type\":\"ListItem\",\"position\":1,\"name\":\"Home\",\"item\":\"https:\/\/osaka.ma\/\"},{\"@type\":\"ListItem\",\"position\":2,\"name\":\"Shop\",\"item\":\"https:\/\/osaka.ma\/shop-2\/\"},{\"@type\":\"ListItem\",\"position\":3,\"name\":\"PICO 4 \u2013 8GB RAM | 128GB Storage \u2013 USED\"}]},{\"@type\":\"WebSite\",\"@id\":\"https:\/\/osaka.ma\/#website\",\"url\":\"https:\/\/osaka.ma\/\",\"name\":\"Osaka\",\"description\":\"\",\"publisher\":{\"@id\":\"https:\/\/osaka.ma\/#organization\"},\"potentialAction\":[{\"@type\":\"SearchAction\",\"target\":{\"@type\":\"EntryPoint\",\"urlTemplate\":\"https:\/\/osaka.ma\/?s={search_term_string}\"},\"query-input\":{\"@type\":\"PropertyValueSpecification\",\"valueRequired\":true,\"valueName\":\"search_term_string\"}}],\"inLanguage\":\"es-ES\"},{\"@type\":\"Organization\",\"@id\":\"https:\/\/osaka.ma\/#organization\",\"name\":\"Osaka\",\"url\":\"https:\/\/osaka.ma\/\",\"logo\":{\"@type\":\"ImageObject\",\"inLanguage\":\"es-ES\",\"@id\":\"https:\/\/osaka.ma\/#\/schema\/logo\/image\/\",\"url\":\"https:\/\/osaka.ma\/wp-content\/uploads\/2026\/01\/model-slogan-logo-2Plan-de-travail-1dksl-plus-finnn.png\",\"contentUrl\":\"https:\/\/osaka.ma\/wp-content\/uploads\/2026\/01\/model-slogan-logo-2Plan-de-travail-1dksl-plus-finnn.png\",\"width\":842,\"height\":226,\"caption\":\"Osaka\"},\"image\":{\"@id\":\"https:\/\/osaka.ma\/#\/schema\/logo\/image\/\"}}]}<\/script>\n<!-- \/ Yoast SEO plugin. -->","yoast_head_json":{"title":"Standalone VR Headset with High-Resolution Optics - Osaka","robots":{"index":"index","follow":"follow","max-snippet":"max-snippet:-1","max-image-preview":"max-image-preview:large","max-video-preview":"max-video-preview:-1"},"canonical":"https:\/\/osaka.ma\/ru\/product\/pico-4-8gb-ram-128gb-storage-used\/","og_locale":"es_ES","og_type":"article","og_title":"PICO 4 \u2013 8GB RAM | 128GB Storage \u2013 USED - Osaka","og_url":"https:\/\/osaka.ma\/ru\/product\/pico-4-8gb-ram-128gb-storage-used\/","og_site_name":"Osaka","article_modified_time":"2026-03-31T11:29:23+00:00","og_image":[{"width":1024,"height":1024,"url":"https:\/\/osaka.ma\/wp-content\/uploads\/2025\/11\/Gemini_Generated_Image_c9yarnc9yarnc9ya.png","type":"image\/png"}],"twitter_card":"summary_large_image","twitter_misc":{"Est. reading time":"2 minutes"},"schema":{"@context":"https:\/\/schema.org","@graph":[{"@type":"WebPage","@id":"https:\/\/osaka.ma\/ru\/product\/pico-4-8gb-ram-128gb-storage-used\/","url":"https:\/\/osaka.ma\/ru\/product\/pico-4-8gb-ram-128gb-storage-used\/","name":"Standalone VR Headset with High-Resolution Optics - Osaka","isPartOf":{"@id":"https:\/\/osaka.ma\/#website"},"primaryImageOfPage":{"@id":"https:\/\/osaka.ma\/ru\/product\/pico-4-8gb-ram-128gb-storage-used\/#primaryimage"},"image":{"@id":"https:\/\/osaka.ma\/ru\/product\/pico-4-8gb-ram-128gb-storage-used\/#primaryimage"},"thumbnailUrl":"https:\/\/osaka.ma\/wp-content\/uploads\/2025\/11\/Gemini_Generated_Image_c9yarnc9yarnc9ya.png","datePublished":"2025-11-25T12:44:31+00:00","dateModified":"2026-03-31T11:29:23+00:00","description":"D\u00e9couvrez le PICO 4, un casque autonome offrant une immersion sans limites. Profitez d'une image nette gr\u00e2ce aux optiques haute r\u00e9solution !","breadcrumb":{"@id":"https:\/\/osaka.ma\/ru\/product\/pico-4-8gb-ram-128gb-storage-used\/#breadcrumb"},"inLanguage":"es-ES","potentialAction":[{"@type":"ReadAction","target":["https:\/\/osaka.ma\/ru\/product\/pico-4-8gb-ram-128gb-storage-used\/"]}]},{"@type":"ImageObject","inLanguage":"es-ES","@id":"https:\/\/osaka.ma\/ru\/product\/pico-4-8gb-ram-128gb-storage-used\/#primaryimage","url":"https:\/\/osaka.ma\/wp-content\/uploads\/2025\/11\/Gemini_Generated_Image_c9yarnc9yarnc9ya.png","contentUrl":"https:\/\/osaka.ma\/wp-content\/uploads\/2025\/11\/Gemini_Generated_Image_c9yarnc9yarnc9ya.png","width":1024,"height":1024,"caption":"Standalone VR Headset with High-Resolution Optics"},{"@type":"BreadcrumbList","@id":"https:\/\/osaka.ma\/ru\/product\/pico-4-8gb-ram-128gb-storage-used\/#breadcrumb","itemListElement":[{"@type":"ListItem","position":1,"name":"Home","item":"https:\/\/osaka.ma\/"},{"@type":"ListItem","position":2,"name":"Shop","item":"https:\/\/osaka.ma\/shop-2\/"},{"@type":"ListItem","position":3,"name":"PICO 4 \u2013 8GB RAM | 128GB Storage \u2013 USED"}]},{"@type":"WebSite","@id":"https:\/\/osaka.ma\/#website","url":"https:\/\/osaka.ma\/","name":"Osaka","description":"","publisher":{"@id":"https:\/\/osaka.ma\/#organization"},"potentialAction":[{"@type":"SearchAction","target":{"@type":"EntryPoint","urlTemplate":"https:\/\/osaka.ma\/?s={search_term_string}"},"query-input":{"@type":"PropertyValueSpecification","valueRequired":true,"valueName":"search_term_string"}}],"inLanguage":"es-ES"},{"@type":"Organization","@id":"https:\/\/osaka.ma\/#organization","name":"Osaka","url":"https:\/\/osaka.ma\/","logo":{"@type":"ImageObject","inLanguage":"es-ES","@id":"https:\/\/osaka.ma\/#\/schema\/logo\/image\/","url":"https:\/\/osaka.ma\/wp-content\/uploads\/2026\/01\/model-slogan-logo-2Plan-de-travail-1dksl-plus-finnn.png","contentUrl":"https:\/\/osaka.ma\/wp-content\/uploads\/2026\/01\/model-slogan-logo-2Plan-de-travail-1dksl-plus-finnn.png","width":842,"height":226,"caption":"Osaka"},"image":{"@id":"https:\/\/osaka.ma\/#\/schema\/logo\/image\/"}}]}},"jetpack_sharing_enabled":true,"brands":[],"_links":{"self":[{"href":"https:\/\/osaka.ma\/es\/wp-json\/wp\/v2\/product\/19363","targetHints":{"allow":["GET"]}}],"collection":[{"href":"https:\/\/osaka.ma\/es\/wp-json\/wp\/v2\/product"}],"about":[{"href":"https:\/\/osaka.ma\/es\/wp-json\/wp\/v2\/types\/product"}],"version-history":[{"count":1,"href":"https:\/\/osaka.ma\/es\/wp-json\/wp\/v2\/product\/19363\/revisions"}],"predecessor-version":[{"id":1022493,"href":"https:\/\/osaka.ma\/es\/wp-json\/wp\/v2\/product\/19363\/revisions\/1022493"}],"wp:featuredmedia":[{"embeddable":true,"href":"https:\/\/osaka.ma\/es\/wp-json\/wp\/v2\/media\/1022492"}],"wp:attachment":[{"href":"https:\/\/osaka.ma\/es\/wp-json\/wp\/v2\/media?parent=19363"}],"wp:term":[{"taxonomy":"pwb-brand","embeddable":true,"href":"https:\/\/osaka.ma\/es\/wp-json\/wp\/v2\/pwb-brand?post=19363"},{"taxonomy":"product_brand","embeddable":true,"href":"https:\/\/osaka.ma\/es\/wp-json\/wp\/v2\/product_brand?post=19363"},{"taxonomy":"product_cat","embeddable":true,"href":"https:\/\/osaka.ma\/es\/wp-json\/wp\/v2\/product_cat?post=19363"},{"taxonomy":"product_tag","embeddable":true,"href":"https:\/\/osaka.ma\/es\/wp-json\/wp\/v2\/product_tag?post=19363"},{"taxonomy":"pcb_component_type","embeddable":true,"href":"https:\/\/osaka.ma\/es\/wp-json\/wp\/v2\/pcb_component_type?post=19363"}],"curies":[{"name":"wp","href":"https:\/\/api.w.org\/{rel}","templated":true}]}}