{"id":19710,"date":"2025-12-10T12:41:46","date_gmt":"2025-12-10T11:41:46","guid":{"rendered":"https:\/\/osaka.ma\/?post_type=product&#038;p=19710"},"modified":"2026-01-13T14:39:44","modified_gmt":"2026-01-13T13:39:44","slug":"1tb-portable-ssd-sandisk-extreme-pro-sdssde81","status":"publish","type":"product","link":"https:\/\/osaka.ma\/es\/product\/1tb-portable-ssd-sandisk-extreme-pro-sdssde81\/","title":{"rendered":"1TB Portable SSD SANDISK Extreme PRO SDSSDE81"},"content":{"rendered":"<p data-start=\"894\" data-end=\"1250\"><img decoding=\"async\" class=\"\" src=\"https:\/\/ngs-maroc.ma\/img\/m\/66.jpg\" alt=\"SanDisk\" width=\"164\" height=\"68\" \/><\/p>\n<p data-start=\"894\" data-end=\"1250\">Le <strong data-start=\"897\" data-end=\"937\">SanDisk Extreme PRO Portable SSD 1TB<\/strong> est pens\u00e9 pour les professionnels qui exigent des performances extr\u00eames en mobilit\u00e9. De plus, gr\u00e2ce \u00e0 son interface <strong data-start=\"1054\" data-end=\"1073\">USB 3.2 Gen 2&#215;2<\/strong>, il atteint des vitesses impressionnantes pouvant aller jusqu\u2019\u00e0 <strong data-start=\"1138\" data-end=\"1152\">2 000 MB\/s<\/strong> en lecture et en \u00e9criture, r\u00e9duisant consid\u00e9rablement les temps de transfert des fichiers lourds.<\/p>\n<p data-start=\"1252\" data-end=\"1591\">Avec sa capacit\u00e9 de <strong data-start=\"1272\" data-end=\"1279\">1TB<\/strong>, ce SSD externe est parfait pour stocker et travailler directement sur des fichiers photo haute r\u00e9solution, des vid\u00e9os 4K\/8K ou des projets complexes. Ensuite, son bo\u00eetier en aluminium joue un r\u00f4le essentiel dans la dissipation thermique, assurant des performances stables m\u00eame lors d\u2019une utilisation intensive.<\/p>\n<p data-start=\"1593\" data-end=\"1887\">Par ailleurs, sa certification <strong data-start=\"1624\" data-end=\"1632\">IP55<\/strong> le prot\u00e8ge contre l\u2019eau et la poussi\u00e8re, tandis que sa conception antichoc renforce la durabilit\u00e9 lors des d\u00e9placements. De plus, le chiffrement mat\u00e9riel <strong data-start=\"1787\" data-end=\"1802\">AES 256-bit<\/strong> garantit la s\u00e9curit\u00e9 des donn\u00e9es sensibles, un atout majeur pour les professionnels.<\/p>\n<p data-start=\"1889\" data-end=\"2164\">Compatible avec un large \u00e9ventail d\u2019appareils, le SanDisk Extreme PRO Portable SSD fonctionne parfaitement avec les PC, Mac et appareils mobiles USB-C. Finalement, il repr\u00e9sente une solution de stockage externe haut de gamme, alliant vitesse extr\u00eame, robustesse et fiabilit\u00e9.<\/p>\n","protected":false},"excerpt":{"rendered":"<p data-start=\"88\" data-end=\"288\">Le SanDisk Extreme PRO Portable SSD 1TB offre des performances professionnelles avec des vitesses ultra-rapides et un design robuste, id\u00e9al pour les cr\u00e9ateurs de contenu et les utilisateurs exigeants.<\/p>\n<hr data-start=\"290\" data-end=\"293\" \/>\n<h3 data-start=\"295\" data-end=\"330\"><strong data-start=\"299\" data-end=\"330\">Caract\u00e9ristiques Techniques<\/strong><\/h3>\n<ul data-start=\"332\" data-end=\"859\">\n<li data-start=\"332\" data-end=\"356\">\n<p data-start=\"334\" data-end=\"356\"><strong data-start=\"334\" data-end=\"346\">Marque :<\/strong> SanDisk<\/p>\n<\/li>\n<li data-start=\"357\" data-end=\"393\">\n<p data-start=\"359\" data-end=\"393\"><strong data-start=\"359\" data-end=\"370\">Gamme :<\/strong> Extreme PRO Portable<\/p>\n<\/li>\n<li data-start=\"394\" data-end=\"420\">\n<p data-start=\"396\" data-end=\"420\"><strong data-start=\"396\" data-end=\"406\">Type :<\/strong> SSD Externe<\/p>\n<\/li>\n<li data-start=\"421\" data-end=\"443\">\n<p data-start=\"423\" data-end=\"443\"><strong data-start=\"423\" data-end=\"437\">Capacit\u00e9 :<\/strong> 1TB<\/p>\n<\/li>\n<li data-start=\"444\" data-end=\"487\">\n<p data-start=\"446\" data-end=\"487\"><strong data-start=\"446\" data-end=\"461\">Interface :<\/strong> USB 3.2 Gen 2&#215;2 (USB-C)<\/p>\n<\/li>\n<li data-start=\"488\" data-end=\"535\">\n<p data-start=\"490\" data-end=\"535\"><strong data-start=\"490\" data-end=\"514\">Vitesse de lecture :<\/strong> Jusqu\u2019\u00e0 2 000 MB\/s<\/p>\n<\/li>\n<li data-start=\"536\" data-end=\"583\">\n<p data-start=\"538\" data-end=\"583\"><strong data-start=\"538\" data-end=\"562\">Vitesse d\u2019\u00e9criture :<\/strong> Jusqu\u2019\u00e0 2 000 MB\/s<\/p>\n<\/li>\n<li data-start=\"584\" data-end=\"641\">\n<p data-start=\"586\" data-end=\"641\"><strong data-start=\"586\" data-end=\"605\">Compatibilit\u00e9 :<\/strong> Windows \/ macOS \/ Linux \/ Android<\/p>\n<\/li>\n<li data-start=\"642\" data-end=\"686\">\n<p data-start=\"644\" data-end=\"686\"><strong data-start=\"644\" data-end=\"660\">R\u00e9sistance :<\/strong> IP55 (eau et poussi\u00e8re)<\/p>\n<\/li>\n<li data-start=\"687\" data-end=\"738\">\n<p data-start=\"689\" data-end=\"738\"><strong data-start=\"689\" data-end=\"703\">S\u00e9curit\u00e9 :<\/strong> Chiffrement mat\u00e9riel AES 256-bit<\/p>\n<\/li>\n<li data-start=\"739\" data-end=\"806\">\n<p data-start=\"741\" data-end=\"806\"><strong data-start=\"741\" data-end=\"753\">Design :<\/strong> Bo\u00eetier aluminium antichoc avec boucle de fixation<\/p>\n<\/li>\n<li data-start=\"807\" data-end=\"840\">\n<p data-start=\"809\" data-end=\"840\"><strong data-start=\"809\" data-end=\"824\">R\u00e9f\u00e9rence :<\/strong> SDSSDE81-1T00<\/p>\n<\/li>\n<li data-start=\"841\" data-end=\"859\">\n<p data-start=\"843\" data-end=\"859\"><strong data-start=\"843\" data-end=\"853\">\u00c9tat :<\/strong> NEW<\/p>\n<\/li>\n<\/ul>\n","protected":false},"featured_media":1019700,"template":"","meta":{"_acf_changed":false},"pwb-brand":[],"product_brand":[],"product_cat":[17,22],"product_tag":[],"pcb_component_type":[],"class_list":{"0":"post-19710","1":"product","2":"type-product","3":"status-publish","4":"has-post-thumbnail","6":"product_cat-composants-gaming","7":"product_cat-disque-dur-ssd","9":"first","10":"outofstock","11":"shipping-taxable","12":"product-type-simple"},"translation":{"provider":"WPGlobus","version":"3.0.2","language":"es","enabled_languages":["en","es","de","fr","ru"],"languages":{"en":{"title":true,"content":true,"excerpt":true},"es":{"title":false,"content":false,"excerpt":false},"de":{"title":false,"content":false,"excerpt":false},"fr":{"title":false,"content":false,"excerpt":false},"ru":{"title":false,"content":false,"excerpt":false}}},"acf":[],"yoast_head":"<!-- This site is optimized with the Yoast SEO plugin v27.2 - https:\/\/yoast.com\/product\/yoast-seo-wordpress\/ -->\n<title>1TB Portable SSD SANDISK Extreme PRO SDSSDE81 - Osaka<\/title>\n<meta name=\"robots\" content=\"index, follow, max-snippet:-1, max-image-preview:large, max-video-preview:-1\" \/>\n<link rel=\"canonical\" href=\"https:\/\/osaka.ma\/product\/1tb-portable-ssd-sandisk-extreme-pro-sdssde81\/\" \/>\n<meta property=\"og:locale\" content=\"es_ES\" \/>\n<meta property=\"og:type\" content=\"article\" \/>\n<meta property=\"og:title\" content=\"1TB Portable SSD SANDISK Extreme PRO SDSSDE81 - Osaka\" \/>\n<meta property=\"og:url\" content=\"https:\/\/osaka.ma\/product\/1tb-portable-ssd-sandisk-extreme-pro-sdssde81\/\" \/>\n<meta property=\"og:site_name\" content=\"Osaka\" \/>\n<meta property=\"article:modified_time\" content=\"2026-01-13T13:39:44+00:00\" \/>\n<meta property=\"og:image\" content=\"https:\/\/osaka.ma\/wp-content\/uploads\/2025\/12\/SanDisk-Extreme-Portable-SSD-1TB3.webp\" \/>\n\t<meta property=\"og:image:width\" content=\"1600\" \/>\n\t<meta property=\"og:image:height\" content=\"1280\" \/>\n\t<meta property=\"og:image:type\" content=\"image\/webp\" \/>\n<meta name=\"twitter:card\" content=\"summary_large_image\" \/>\n<meta name=\"twitter:label1\" content=\"Est. reading time\" \/>\n\t<meta name=\"twitter:data1\" content=\"3 minutes\" \/>\n<script type=\"application\/ld+json\" class=\"yoast-schema-graph\">{\"@context\":\"https:\/\/schema.org\",\"@graph\":[{\"@type\":\"WebPage\",\"@id\":\"https:\/\/osaka.ma\/product\/1tb-portable-ssd-sandisk-extreme-pro-sdssde81\/\",\"url\":\"https:\/\/osaka.ma\/product\/1tb-portable-ssd-sandisk-extreme-pro-sdssde81\/\",\"name\":\"1TB Portable SSD SANDISK Extreme PRO SDSSDE81 - Osaka\",\"isPartOf\":{\"@id\":\"https:\/\/osaka.ma\/#website\"},\"primaryImageOfPage\":{\"@id\":\"https:\/\/osaka.ma\/product\/1tb-portable-ssd-sandisk-extreme-pro-sdssde81\/#primaryimage\"},\"image\":{\"@id\":\"https:\/\/osaka.ma\/product\/1tb-portable-ssd-sandisk-extreme-pro-sdssde81\/#primaryimage\"},\"thumbnailUrl\":\"https:\/\/osaka.ma\/wp-content\/uploads\/2025\/12\/SanDisk-Extreme-Portable-SSD-1TB3.webp\",\"datePublished\":\"2025-12-10T11:41:46+00:00\",\"dateModified\":\"2026-01-13T13:39:44+00:00\",\"description\":\"Achetez le SanDisk Extreme PRO Portable SSD 1TB SDSSDE81-1T00 au meilleur prix au Maroc. SSD externe USB 3.2 Gen 2x2 ultra-rapide jusqu\u2019\u00e0 2 000 MB\/s, robuste et s\u00e9curis\u00e9 pour les professionnels.\",\"breadcrumb\":{\"@id\":\"https:\/\/osaka.ma\/product\/1tb-portable-ssd-sandisk-extreme-pro-sdssde81\/#breadcrumb\"},\"inLanguage\":\"es-ES\",\"potentialAction\":[{\"@type\":\"ReadAction\",\"target\":[\"https:\/\/osaka.ma\/product\/1tb-portable-ssd-sandisk-extreme-pro-sdssde81\/\"]}]},{\"@type\":\"ImageObject\",\"inLanguage\":\"es-ES\",\"@id\":\"https:\/\/osaka.ma\/product\/1tb-portable-ssd-sandisk-extreme-pro-sdssde81\/#primaryimage\",\"url\":\"https:\/\/osaka.ma\/wp-content\/uploads\/2025\/12\/SanDisk-Extreme-Portable-SSD-1TB3.webp\",\"contentUrl\":\"https:\/\/osaka.ma\/wp-content\/uploads\/2025\/12\/SanDisk-Extreme-Portable-SSD-1TB3.webp\",\"width\":1600,\"height\":1280,\"caption\":\"SanDisk Extreme PRO Portable SSD 1TB \u2013 SSD Externe Haute Vitesse Prix Maroc\"},{\"@type\":\"BreadcrumbList\",\"@id\":\"https:\/\/osaka.ma\/product\/1tb-portable-ssd-sandisk-extreme-pro-sdssde81\/#breadcrumb\",\"itemListElement\":[{\"@type\":\"ListItem\",\"position\":1,\"name\":\"Home\",\"item\":\"https:\/\/osaka.ma\/\"},{\"@type\":\"ListItem\",\"position\":2,\"name\":\"Shop\",\"item\":\"https:\/\/osaka.ma\/shop-2\/\"},{\"@type\":\"ListItem\",\"position\":3,\"name\":\"1TB Portable SSD SANDISK Extreme PRO SDSSDE81\"}]},{\"@type\":\"WebSite\",\"@id\":\"https:\/\/osaka.ma\/#website\",\"url\":\"https:\/\/osaka.ma\/\",\"name\":\"Osaka\",\"description\":\"\",\"publisher\":{\"@id\":\"https:\/\/osaka.ma\/#organization\"},\"potentialAction\":[{\"@type\":\"SearchAction\",\"target\":{\"@type\":\"EntryPoint\",\"urlTemplate\":\"https:\/\/osaka.ma\/?s={search_term_string}\"},\"query-input\":{\"@type\":\"PropertyValueSpecification\",\"valueRequired\":true,\"valueName\":\"search_term_string\"}}],\"inLanguage\":\"es-ES\"},{\"@type\":\"Organization\",\"@id\":\"https:\/\/osaka.ma\/#organization\",\"name\":\"Osaka\",\"url\":\"https:\/\/osaka.ma\/\",\"logo\":{\"@type\":\"ImageObject\",\"inLanguage\":\"es-ES\",\"@id\":\"https:\/\/osaka.ma\/#\/schema\/logo\/image\/\",\"url\":\"https:\/\/osaka.ma\/wp-content\/uploads\/2026\/01\/model-slogan-logo-2Plan-de-travail-1dksl-plus-finnn.png\",\"contentUrl\":\"https:\/\/osaka.ma\/wp-content\/uploads\/2026\/01\/model-slogan-logo-2Plan-de-travail-1dksl-plus-finnn.png\",\"width\":842,\"height\":226,\"caption\":\"Osaka\"},\"image\":{\"@id\":\"https:\/\/osaka.ma\/#\/schema\/logo\/image\/\"}}]}<\/script>\n<!-- \/ Yoast SEO plugin. -->","yoast_head_json":{"title":"1TB Portable SSD SANDISK Extreme PRO SDSSDE81 - Osaka","robots":{"index":"index","follow":"follow","max-snippet":"max-snippet:-1","max-image-preview":"max-image-preview:large","max-video-preview":"max-video-preview:-1"},"canonical":"https:\/\/osaka.ma\/product\/1tb-portable-ssd-sandisk-extreme-pro-sdssde81\/","og_locale":"es_ES","og_type":"article","og_title":"1TB Portable SSD SANDISK Extreme PRO SDSSDE81 - Osaka","og_url":"https:\/\/osaka.ma\/product\/1tb-portable-ssd-sandisk-extreme-pro-sdssde81\/","og_site_name":"Osaka","article_modified_time":"2026-01-13T13:39:44+00:00","og_image":[{"width":1600,"height":1280,"url":"https:\/\/osaka.ma\/wp-content\/uploads\/2025\/12\/SanDisk-Extreme-Portable-SSD-1TB3.webp","type":"image\/webp"}],"twitter_card":"summary_large_image","twitter_misc":{"Est. reading time":"3 minutes"},"schema":{"@context":"https:\/\/schema.org","@graph":[{"@type":"WebPage","@id":"https:\/\/osaka.ma\/product\/1tb-portable-ssd-sandisk-extreme-pro-sdssde81\/","url":"https:\/\/osaka.ma\/product\/1tb-portable-ssd-sandisk-extreme-pro-sdssde81\/","name":"1TB Portable SSD SANDISK Extreme PRO SDSSDE81 - Osaka","isPartOf":{"@id":"https:\/\/osaka.ma\/#website"},"primaryImageOfPage":{"@id":"https:\/\/osaka.ma\/product\/1tb-portable-ssd-sandisk-extreme-pro-sdssde81\/#primaryimage"},"image":{"@id":"https:\/\/osaka.ma\/product\/1tb-portable-ssd-sandisk-extreme-pro-sdssde81\/#primaryimage"},"thumbnailUrl":"https:\/\/osaka.ma\/wp-content\/uploads\/2025\/12\/SanDisk-Extreme-Portable-SSD-1TB3.webp","datePublished":"2025-12-10T11:41:46+00:00","dateModified":"2026-01-13T13:39:44+00:00","description":"Achetez le SanDisk Extreme PRO Portable SSD 1TB SDSSDE81-1T00 au meilleur prix au Maroc. SSD externe USB 3.2 Gen 2x2 ultra-rapide jusqu\u2019\u00e0 2 000 MB\/s, robuste et s\u00e9curis\u00e9 pour les professionnels.","breadcrumb":{"@id":"https:\/\/osaka.ma\/product\/1tb-portable-ssd-sandisk-extreme-pro-sdssde81\/#breadcrumb"},"inLanguage":"es-ES","potentialAction":[{"@type":"ReadAction","target":["https:\/\/osaka.ma\/product\/1tb-portable-ssd-sandisk-extreme-pro-sdssde81\/"]}]},{"@type":"ImageObject","inLanguage":"es-ES","@id":"https:\/\/osaka.ma\/product\/1tb-portable-ssd-sandisk-extreme-pro-sdssde81\/#primaryimage","url":"https:\/\/osaka.ma\/wp-content\/uploads\/2025\/12\/SanDisk-Extreme-Portable-SSD-1TB3.webp","contentUrl":"https:\/\/osaka.ma\/wp-content\/uploads\/2025\/12\/SanDisk-Extreme-Portable-SSD-1TB3.webp","width":1600,"height":1280,"caption":"SanDisk Extreme PRO Portable SSD 1TB \u2013 SSD Externe Haute Vitesse Prix Maroc"},{"@type":"BreadcrumbList","@id":"https:\/\/osaka.ma\/product\/1tb-portable-ssd-sandisk-extreme-pro-sdssde81\/#breadcrumb","itemListElement":[{"@type":"ListItem","position":1,"name":"Home","item":"https:\/\/osaka.ma\/"},{"@type":"ListItem","position":2,"name":"Shop","item":"https:\/\/osaka.ma\/shop-2\/"},{"@type":"ListItem","position":3,"name":"1TB Portable SSD SANDISK Extreme PRO SDSSDE81"}]},{"@type":"WebSite","@id":"https:\/\/osaka.ma\/#website","url":"https:\/\/osaka.ma\/","name":"Osaka","description":"","publisher":{"@id":"https:\/\/osaka.ma\/#organization"},"potentialAction":[{"@type":"SearchAction","target":{"@type":"EntryPoint","urlTemplate":"https:\/\/osaka.ma\/?s={search_term_string}"},"query-input":{"@type":"PropertyValueSpecification","valueRequired":true,"valueName":"search_term_string"}}],"inLanguage":"es-ES"},{"@type":"Organization","@id":"https:\/\/osaka.ma\/#organization","name":"Osaka","url":"https:\/\/osaka.ma\/","logo":{"@type":"ImageObject","inLanguage":"es-ES","@id":"https:\/\/osaka.ma\/#\/schema\/logo\/image\/","url":"https:\/\/osaka.ma\/wp-content\/uploads\/2026\/01\/model-slogan-logo-2Plan-de-travail-1dksl-plus-finnn.png","contentUrl":"https:\/\/osaka.ma\/wp-content\/uploads\/2026\/01\/model-slogan-logo-2Plan-de-travail-1dksl-plus-finnn.png","width":842,"height":226,"caption":"Osaka"},"image":{"@id":"https:\/\/osaka.ma\/#\/schema\/logo\/image\/"}}]}},"jetpack_sharing_enabled":true,"brands":[],"_links":{"self":[{"href":"https:\/\/osaka.ma\/es\/wp-json\/wp\/v2\/product\/19710","targetHints":{"allow":["GET"]}}],"collection":[{"href":"https:\/\/osaka.ma\/es\/wp-json\/wp\/v2\/product"}],"about":[{"href":"https:\/\/osaka.ma\/es\/wp-json\/wp\/v2\/types\/product"}],"version-history":[{"count":0,"href":"https:\/\/osaka.ma\/es\/wp-json\/wp\/v2\/product\/19710\/revisions"}],"wp:featuredmedia":[{"embeddable":true,"href":"https:\/\/osaka.ma\/es\/wp-json\/wp\/v2\/media\/1019700"}],"wp:attachment":[{"href":"https:\/\/osaka.ma\/es\/wp-json\/wp\/v2\/media?parent=19710"}],"wp:term":[{"taxonomy":"pwb-brand","embeddable":true,"href":"https:\/\/osaka.ma\/es\/wp-json\/wp\/v2\/pwb-brand?post=19710"},{"taxonomy":"product_brand","embeddable":true,"href":"https:\/\/osaka.ma\/es\/wp-json\/wp\/v2\/product_brand?post=19710"},{"taxonomy":"product_cat","embeddable":true,"href":"https:\/\/osaka.ma\/es\/wp-json\/wp\/v2\/product_cat?post=19710"},{"taxonomy":"product_tag","embeddable":true,"href":"https:\/\/osaka.ma\/es\/wp-json\/wp\/v2\/product_tag?post=19710"},{"taxonomy":"pcb_component_type","embeddable":true,"href":"https:\/\/osaka.ma\/es\/wp-json\/wp\/v2\/pcb_component_type?post=19710"}],"curies":[{"name":"wp","href":"https:\/\/api.w.org\/{rel}","templated":true}]}}