{"id":21093,"date":"2026-01-26T13:56:12","date_gmt":"2026-01-26T12:56:12","guid":{"rendered":"https:\/\/osaka.ma\/?post_type=product&#038;p=21093"},"modified":"2026-02-25T12:53:42","modified_gmt":"2026-02-25T11:53:42","slug":"sandisk-512-gb-microsd","status":"publish","type":"product","link":"https:\/\/osaka.ma\/es\/product\/sandisk-512-gb-microsd\/","title":{"rendered":"SanDisk 512\u202fGB microSD"},"content":{"rendered":"<h3 data-start=\"1231\" data-end=\"1257\"><img decoding=\"async\" class=\"\" src=\"https:\/\/download.logo.wine\/logo\/SanDisk\/SanDisk-Logo.wine.png\" alt=\"Download SanDisk Logo in SVG Vector or PNG File Format - Logo.wine\" width=\"156\" height=\"104\" \/><\/h3>\n<p data-start=\"1258\" data-end=\"1613\">La <strong data-start=\"1261\" data-end=\"1287\">SanDisk 512\u202fGB microSD<\/strong> offre une capacit\u00e9 massive pour stocker des milliers de photos, vid\u00e9os, applications et documents. Sa technologie <strong data-start=\"1402\" data-end=\"1411\">UHS-I<\/strong> permet des vitesses de lecture jusqu\u2019\u00e0 160\u202fMo\/s et des vitesses d\u2019\u00e9criture jusqu\u2019\u00e0 90\u202fMo\/s, garantissant un transfert rapide des fichiers et une utilisation fluide sur tous vos appareils compatibles.<\/p>\n<p data-start=\"1615\" data-end=\"1970\">Id\u00e9ale pour les smartphones et tablettes avec stockage limit\u00e9, cette carte permet \u00e9galement d\u2019enregistrer des vid\u00e9os 4K UHD et de prendre en charge des applications lourdes gr\u00e2ce \u00e0 sa <strong data-start=\"1799\" data-end=\"1812\">classe A1<\/strong> optimis\u00e9e pour le lancement rapide d\u2019applications. Elle assure une lecture fluide, un enregistrement rapide et une exp\u00e9rience multim\u00e9dia sans interruption.<\/p>\n<p data-start=\"1972\" data-end=\"2311\">Con\u00e7ue pour r\u00e9sister aux conditions extr\u00eames, la microSD <strong data-start=\"2029\" data-end=\"2047\">SanDisk 512\u202fGB<\/strong> est \u00e9tanche, r\u00e9sistante aux chocs et aux rayures, et fonctionne parfaitement m\u00eame dans des temp\u00e9ratures tr\u00e8s basses ou \u00e9lev\u00e9es. Elle est donc id\u00e9ale pour les utilisateurs actifs ou les professionnels qui utilisent leurs appareils dans diff\u00e9rents environnements.<\/p>\n<p data-start=\"2313\" data-end=\"2678\">Gr\u00e2ce \u00e0 son <strong data-start=\"2325\" data-end=\"2349\">adaptateur SD inclus<\/strong>, cette carte peut \u00eatre utilis\u00e9e dans une vari\u00e9t\u00e9 d\u2019appareils, allant des cam\u00e9ras num\u00e9riques aux consoles portables et lecteurs SD, offrant ainsi une flexibilit\u00e9 totale pour le stockage et le transfert des donn\u00e9es. Sa grande capacit\u00e9, sa rapidit\u00e9 et sa fiabilit\u00e9 en font un choix de confiance pour tous les besoins de stockage.<\/p>\n<h3 data-start=\"2685\" data-end=\"2720\"><strong data-start=\"2689\" data-end=\"2720\">Pourquoi acheter ce produit<\/strong><\/h3>\n<ul data-start=\"2721\" data-end=\"3166\">\n<li data-start=\"2721\" data-end=\"2809\">\n<p data-start=\"2723\" data-end=\"2809\"><strong data-start=\"2723\" data-end=\"2749\">Grande capacit\u00e9 512\u202fGB<\/strong> : Stockez des milliers de photos, vid\u00e9os et applications.<\/p>\n<\/li>\n<li data-start=\"2810\" data-end=\"2889\">\n<p data-start=\"2812\" data-end=\"2889\"><strong data-start=\"2812\" data-end=\"2838\">Vitesses rapides UHS-I<\/strong> : Transfert et lecture de fichiers sans attente.<\/p>\n<\/li>\n<li data-start=\"2890\" data-end=\"2962\">\n<p data-start=\"2892\" data-end=\"2962\"><strong data-start=\"2892\" data-end=\"2905\">Classe A1<\/strong> : Optimis\u00e9e pour ex\u00e9cuter des applications rapidement.<\/p>\n<\/li>\n<li data-start=\"2963\" data-end=\"3067\">\n<p data-start=\"2965\" data-end=\"3067\"><strong data-start=\"2965\" data-end=\"2989\">R\u00e9sistante et fiable<\/strong> : \u00c9tanche, anti-choc, anti-rayures et r\u00e9sistante aux temp\u00e9ratures extr\u00eames.<\/p>\n<\/li>\n<li data-start=\"3068\" data-end=\"3166\">\n<p data-start=\"3070\" data-end=\"3166\"><strong data-start=\"3070\" data-end=\"3094\">Flexibilit\u00e9 maximale<\/strong> : Adaptateur SD inclus pour une utilisation sur diff\u00e9rents appareils.<\/p>\n<\/li>\n<\/ul>\n","protected":false},"excerpt":{"rendered":"<h3 data-start=\"800\" data-end=\"835\"><strong data-start=\"804\" data-end=\"835\">Caract\u00e9ristiques Techniques<\/strong><\/h3>\n<p data-start=\"836\" data-end=\"1224\">\u2022 Marque \/ Gamme : SanDisk<br data-start=\"862\" data-end=\"865\" \/>\u2022 Capacit\u00e9 : 512\u202fGB<br data-start=\"884\" data-end=\"887\" \/>\u2022 Type : microSDXC<br data-start=\"905\" data-end=\"908\" \/>\u2022 Classe : A1, UHS-I<br data-start=\"928\" data-end=\"931\" \/>\u2022 Jusqu\u2019\u00e0 880 Mo\/s \u2014 Lecture<br data-start=\"93\" data-end=\"96\" \/>\u2022 Jusqu\u2019\u00e0 650 Mo\/s \u2014 \u00c9criture\u00a0<br data-start=\"1011\" data-end=\"1014\" \/>\u2022 Compatibilit\u00e9 : Smartphones, Tablettes, Cam\u00e9ras, Consoles portables<br data-start=\"1083\" data-end=\"1086\" \/>\u2022 R\u00e9sistance : \u00c9tanche, anti-choc, anti-rayures, r\u00e9sistant aux temp\u00e9ratures extr\u00eames<br data-start=\"1170\" data-end=\"1173\" \/>\u2022 Contenu du pack : Carte microSD + Adaptateur SD<\/p>\n","protected":false},"featured_media":1021094,"template":"","meta":{"_acf_changed":false},"pwb-brand":[],"product_brand":[],"product_cat":[31],"product_tag":[],"pcb_component_type":[],"class_list":{"0":"post-21093","1":"product","2":"type-product","3":"status-publish","4":"has-post-thumbnail","6":"product_cat-accessoires","8":"first","9":"instock","10":"sale","11":"shipping-taxable","12":"purchasable","13":"product-type-simple"},"translation":{"provider":"WPGlobus","version":"3.0.2","language":"es","enabled_languages":["en","es","de","fr","ru"],"languages":{"en":{"title":true,"content":true,"excerpt":true},"es":{"title":false,"content":false,"excerpt":false},"de":{"title":false,"content":false,"excerpt":false},"fr":{"title":false,"content":false,"excerpt":false},"ru":{"title":false,"content":false,"excerpt":false}}},"acf":[],"yoast_head":"<!-- This site is optimized with the Yoast SEO plugin v27.2 - https:\/\/yoast.com\/product\/yoast-seo-wordpress\/ -->\n<title>SanDisk 512\u202fGB microSD - Osaka<\/title>\n<meta name=\"robots\" content=\"index, follow, max-snippet:-1, max-image-preview:large, max-video-preview:-1\" \/>\n<link rel=\"canonical\" href=\"https:\/\/osaka.ma\/product\/sandisk-512-gb-microsd\/\" \/>\n<meta property=\"og:locale\" content=\"es_ES\" \/>\n<meta property=\"og:type\" content=\"article\" \/>\n<meta property=\"og:title\" content=\"SanDisk 512\u202fGB microSD - Osaka\" \/>\n<meta property=\"og:url\" content=\"https:\/\/osaka.ma\/product\/sandisk-512-gb-microsd\/\" \/>\n<meta property=\"og:site_name\" content=\"Osaka\" \/>\n<meta property=\"article:modified_time\" content=\"2026-02-25T11:53:42+00:00\" \/>\n<meta property=\"og:image\" content=\"https:\/\/osaka.ma\/wp-content\/uploads\/2026\/01\/SanDisk-512-GB-microSD.webp\" \/>\n\t<meta property=\"og:image:width\" content=\"476\" \/>\n\t<meta property=\"og:image:height\" content=\"622\" \/>\n\t<meta property=\"og:image:type\" content=\"image\/webp\" \/>\n<meta name=\"twitter:card\" content=\"summary_large_image\" \/>\n<meta name=\"twitter:label1\" content=\"Est. reading time\" \/>\n\t<meta name=\"twitter:data1\" content=\"3 minutes\" \/>\n<script type=\"application\/ld+json\" class=\"yoast-schema-graph\">{\"@context\":\"https:\/\/schema.org\",\"@graph\":[{\"@type\":\"WebPage\",\"@id\":\"https:\/\/osaka.ma\/product\/sandisk-512-gb-microsd\/\",\"url\":\"https:\/\/osaka.ma\/product\/sandisk-512-gb-microsd\/\",\"name\":\"SanDisk 512\u202fGB microSD - Osaka\",\"isPartOf\":{\"@id\":\"https:\/\/osaka.ma\/#website\"},\"primaryImageOfPage\":{\"@id\":\"https:\/\/osaka.ma\/product\/sandisk-512-gb-microsd\/#primaryimage\"},\"image\":{\"@id\":\"https:\/\/osaka.ma\/product\/sandisk-512-gb-microsd\/#primaryimage\"},\"thumbnailUrl\":\"https:\/\/osaka.ma\/wp-content\/uploads\/2026\/01\/SanDisk-512-GB-microSD.webp\",\"datePublished\":\"2026-01-26T12:56:12+00:00\",\"dateModified\":\"2026-02-25T11:53:42+00:00\",\"breadcrumb\":{\"@id\":\"https:\/\/osaka.ma\/product\/sandisk-512-gb-microsd\/#breadcrumb\"},\"inLanguage\":\"es-ES\",\"potentialAction\":[{\"@type\":\"ReadAction\",\"target\":[\"https:\/\/osaka.ma\/product\/sandisk-512-gb-microsd\/\"]}]},{\"@type\":\"ImageObject\",\"inLanguage\":\"es-ES\",\"@id\":\"https:\/\/osaka.ma\/product\/sandisk-512-gb-microsd\/#primaryimage\",\"url\":\"https:\/\/osaka.ma\/wp-content\/uploads\/2026\/01\/SanDisk-512-GB-microSD.webp\",\"contentUrl\":\"https:\/\/osaka.ma\/wp-content\/uploads\/2026\/01\/SanDisk-512-GB-microSD.webp\",\"width\":476,\"height\":622,\"caption\":\"SanDisk 512\u202fGB microSD\"},{\"@type\":\"BreadcrumbList\",\"@id\":\"https:\/\/osaka.ma\/product\/sandisk-512-gb-microsd\/#breadcrumb\",\"itemListElement\":[{\"@type\":\"ListItem\",\"position\":1,\"name\":\"Home\",\"item\":\"https:\/\/osaka.ma\/\"},{\"@type\":\"ListItem\",\"position\":2,\"name\":\"Shop\",\"item\":\"https:\/\/osaka.ma\/shop-2\/\"},{\"@type\":\"ListItem\",\"position\":3,\"name\":\"SanDisk 512\u202fGB microSD\"}]},{\"@type\":\"WebSite\",\"@id\":\"https:\/\/osaka.ma\/#website\",\"url\":\"https:\/\/osaka.ma\/\",\"name\":\"Osaka\",\"description\":\"\",\"publisher\":{\"@id\":\"https:\/\/osaka.ma\/#organization\"},\"potentialAction\":[{\"@type\":\"SearchAction\",\"target\":{\"@type\":\"EntryPoint\",\"urlTemplate\":\"https:\/\/osaka.ma\/?s={search_term_string}\"},\"query-input\":{\"@type\":\"PropertyValueSpecification\",\"valueRequired\":true,\"valueName\":\"search_term_string\"}}],\"inLanguage\":\"es-ES\"},{\"@type\":\"Organization\",\"@id\":\"https:\/\/osaka.ma\/#organization\",\"name\":\"Osaka\",\"url\":\"https:\/\/osaka.ma\/\",\"logo\":{\"@type\":\"ImageObject\",\"inLanguage\":\"es-ES\",\"@id\":\"https:\/\/osaka.ma\/#\/schema\/logo\/image\/\",\"url\":\"https:\/\/osaka.ma\/wp-content\/uploads\/2026\/01\/model-slogan-logo-2Plan-de-travail-1dksl-plus-finnn.png\",\"contentUrl\":\"https:\/\/osaka.ma\/wp-content\/uploads\/2026\/01\/model-slogan-logo-2Plan-de-travail-1dksl-plus-finnn.png\",\"width\":842,\"height\":226,\"caption\":\"Osaka\"},\"image\":{\"@id\":\"https:\/\/osaka.ma\/#\/schema\/logo\/image\/\"}}]}<\/script>\n<!-- \/ Yoast SEO plugin. -->","yoast_head_json":{"title":"SanDisk 512\u202fGB microSD - Osaka","robots":{"index":"index","follow":"follow","max-snippet":"max-snippet:-1","max-image-preview":"max-image-preview:large","max-video-preview":"max-video-preview:-1"},"canonical":"https:\/\/osaka.ma\/product\/sandisk-512-gb-microsd\/","og_locale":"es_ES","og_type":"article","og_title":"SanDisk 512\u202fGB microSD - Osaka","og_url":"https:\/\/osaka.ma\/product\/sandisk-512-gb-microsd\/","og_site_name":"Osaka","article_modified_time":"2026-02-25T11:53:42+00:00","og_image":[{"width":476,"height":622,"url":"https:\/\/osaka.ma\/wp-content\/uploads\/2026\/01\/SanDisk-512-GB-microSD.webp","type":"image\/webp"}],"twitter_card":"summary_large_image","twitter_misc":{"Est. reading time":"3 minutes"},"schema":{"@context":"https:\/\/schema.org","@graph":[{"@type":"WebPage","@id":"https:\/\/osaka.ma\/product\/sandisk-512-gb-microsd\/","url":"https:\/\/osaka.ma\/product\/sandisk-512-gb-microsd\/","name":"SanDisk 512\u202fGB microSD - Osaka","isPartOf":{"@id":"https:\/\/osaka.ma\/#website"},"primaryImageOfPage":{"@id":"https:\/\/osaka.ma\/product\/sandisk-512-gb-microsd\/#primaryimage"},"image":{"@id":"https:\/\/osaka.ma\/product\/sandisk-512-gb-microsd\/#primaryimage"},"thumbnailUrl":"https:\/\/osaka.ma\/wp-content\/uploads\/2026\/01\/SanDisk-512-GB-microSD.webp","datePublished":"2026-01-26T12:56:12+00:00","dateModified":"2026-02-25T11:53:42+00:00","breadcrumb":{"@id":"https:\/\/osaka.ma\/product\/sandisk-512-gb-microsd\/#breadcrumb"},"inLanguage":"es-ES","potentialAction":[{"@type":"ReadAction","target":["https:\/\/osaka.ma\/product\/sandisk-512-gb-microsd\/"]}]},{"@type":"ImageObject","inLanguage":"es-ES","@id":"https:\/\/osaka.ma\/product\/sandisk-512-gb-microsd\/#primaryimage","url":"https:\/\/osaka.ma\/wp-content\/uploads\/2026\/01\/SanDisk-512-GB-microSD.webp","contentUrl":"https:\/\/osaka.ma\/wp-content\/uploads\/2026\/01\/SanDisk-512-GB-microSD.webp","width":476,"height":622,"caption":"SanDisk 512\u202fGB microSD"},{"@type":"BreadcrumbList","@id":"https:\/\/osaka.ma\/product\/sandisk-512-gb-microsd\/#breadcrumb","itemListElement":[{"@type":"ListItem","position":1,"name":"Home","item":"https:\/\/osaka.ma\/"},{"@type":"ListItem","position":2,"name":"Shop","item":"https:\/\/osaka.ma\/shop-2\/"},{"@type":"ListItem","position":3,"name":"SanDisk 512\u202fGB microSD"}]},{"@type":"WebSite","@id":"https:\/\/osaka.ma\/#website","url":"https:\/\/osaka.ma\/","name":"Osaka","description":"","publisher":{"@id":"https:\/\/osaka.ma\/#organization"},"potentialAction":[{"@type":"SearchAction","target":{"@type":"EntryPoint","urlTemplate":"https:\/\/osaka.ma\/?s={search_term_string}"},"query-input":{"@type":"PropertyValueSpecification","valueRequired":true,"valueName":"search_term_string"}}],"inLanguage":"es-ES"},{"@type":"Organization","@id":"https:\/\/osaka.ma\/#organization","name":"Osaka","url":"https:\/\/osaka.ma\/","logo":{"@type":"ImageObject","inLanguage":"es-ES","@id":"https:\/\/osaka.ma\/#\/schema\/logo\/image\/","url":"https:\/\/osaka.ma\/wp-content\/uploads\/2026\/01\/model-slogan-logo-2Plan-de-travail-1dksl-plus-finnn.png","contentUrl":"https:\/\/osaka.ma\/wp-content\/uploads\/2026\/01\/model-slogan-logo-2Plan-de-travail-1dksl-plus-finnn.png","width":842,"height":226,"caption":"Osaka"},"image":{"@id":"https:\/\/osaka.ma\/#\/schema\/logo\/image\/"}}]}},"jetpack_sharing_enabled":true,"brands":[],"_links":{"self":[{"href":"https:\/\/osaka.ma\/es\/wp-json\/wp\/v2\/product\/21093","targetHints":{"allow":["GET"]}}],"collection":[{"href":"https:\/\/osaka.ma\/es\/wp-json\/wp\/v2\/product"}],"about":[{"href":"https:\/\/osaka.ma\/es\/wp-json\/wp\/v2\/types\/product"}],"version-history":[{"count":0,"href":"https:\/\/osaka.ma\/es\/wp-json\/wp\/v2\/product\/21093\/revisions"}],"wp:featuredmedia":[{"embeddable":true,"href":"https:\/\/osaka.ma\/es\/wp-json\/wp\/v2\/media\/1021094"}],"wp:attachment":[{"href":"https:\/\/osaka.ma\/es\/wp-json\/wp\/v2\/media?parent=21093"}],"wp:term":[{"taxonomy":"pwb-brand","embeddable":true,"href":"https:\/\/osaka.ma\/es\/wp-json\/wp\/v2\/pwb-brand?post=21093"},{"taxonomy":"product_brand","embeddable":true,"href":"https:\/\/osaka.ma\/es\/wp-json\/wp\/v2\/product_brand?post=21093"},{"taxonomy":"product_cat","embeddable":true,"href":"https:\/\/osaka.ma\/es\/wp-json\/wp\/v2\/product_cat?post=21093"},{"taxonomy":"product_tag","embeddable":true,"href":"https:\/\/osaka.ma\/es\/wp-json\/wp\/v2\/product_tag?post=21093"},{"taxonomy":"pcb_component_type","embeddable":true,"href":"https:\/\/osaka.ma\/es\/wp-json\/wp\/v2\/pcb_component_type?post=21093"}],"curies":[{"name":"wp","href":"https:\/\/api.w.org\/{rel}","templated":true}]}}